{"id":5290,"date":"2017-08-16T09:18:37","date_gmt":"2017-08-16T14:18:37","guid":{"rendered":"http:\/\/frionox.com\/catalogo\/?post_type=product&#038;p=5290"},"modified":"2020-11-11T12:57:40","modified_gmt":"2020-11-11T17:57:40","slug":"cocedor-pastas-gas-cpm30m","status":"publish","type":"product","link":"https:\/\/frionox.com\/catalogo\/producto\/cocedor-pastas-gas-cpm30m\/","title":{"rendered":"COCEDOR DE PASTAS A GAS &#8211; CPM30M"},"content":{"rendered":"<h3>COCEDOR DE PASTAS A GAS &#8211; CPM30M<\/h3>\n<p><strong>Estructura, tapas y cestas de acero inoxidable <\/strong><\/p>\n<p>&#8211; cubas de <strong>acero inoxidable<\/strong> AISI316 de 15\/10 de espesor tratadas con enarenado especial de micro esferas de cer\u00e1mica,<\/p>\n<p><strong>sistema de extracci\u00f3n<\/strong> de la capa superficial para eliminar los dep\u00f3sitos de almid\u00f3n de la pasta<\/p>\n<p>&#8211; mangos cestas y pomos tapas de material aislante<\/p>\n<p>&#8211; pr\u00e1ctico grifo de carga de agua para conectar a la red dispuesto en el tablero<\/p>\n<p>&#8211; chimenea elevada para proteger de las salpicaduras<\/p>\n<p>&#8211; quemadores de acero inoxidable de alto rendimiento, con combusti\u00f3n optimizada, colocados bajo la cuba, dotados con v\u00e1lvula de seguridad y termopar<\/p>\n<p>&#8211; encendido piezoel\u00e9ctrico y llama piloto<\/p>\n<p>&#8211; regulaci\u00f3n de potencia de forma independiente de cada cuba<\/p>\n<p>&#8211; alimentaci\u00f3n a metano, en dotaci\u00f3n kit G.P.L.<\/p>\n<p>&#8211; de serie con falso fondo para apoyo cestos y mueble.<\/p>\n<p>Opcional: cestas de diferentes tama\u00f1os (CE 1\/1 &#8211; 1\/2 &#8211; 1\/3 &#8211; 1\/6)<\/p>\n","protected":false},"excerpt":{"rendered":"<h3>COCEDOR DE PASTAS A GAS &#8211; CPM30M<\/h3>\n<p><strong>Estructura, tapas y cestas de acero inoxidable <\/strong><\/p>\n<p>&#8211; cubas de <strong>acero inoxidable<\/strong> AISI316 de 15\/10 de espesor tratadas con enarenado especial de micro esferas de cer\u00e1mica,<\/p>\n<p><strong>sistema de extracci\u00f3n<\/strong> de la capa superficial para eliminar los dep\u00f3sitos de almid\u00f3n de la pasta<\/p>\n<p>&#8211; mangos cestas y pomos tapas de material aislante<\/p>\n","protected":false},"featured_media":5270,"comment_status":"open","ping_status":"closed","template":"","meta":[],"product_brand":[],"product_cat":[55],"product_tag":[140],"class_list":{"0":"post-5290","1":"product","2":"type-product","3":"status-publish","4":"has-post-thumbnail","6":"product_cat-equipos-a-gas","7":"product_tag-cocedor-de-pastas","8":"pa_marcas-fimar","10":"first","11":"instock","12":"shipping-taxable","13":"purchasable","14":"product-type-simple"},"yoast_head":"<!-- This site is optimized with the Yoast SEO Premium plugin v27.1 (Yoast SEO v27.1.1) - https:\/\/yoast.com\/product\/yoast-seo-premium-wordpress\/ -->\n<title>COCEDOR DE PASTAS A GAS - CPM30M - FRIONOX<\/title>\n<meta name=\"description\" content=\"COCEDOR DE PASTAS A GAS - CPM30M Estructura, tapas y cestas de acero inoxidable   - cubas de acero inoxidable AISI316 de 15\/10 de espesor tratadas con enarenado especial de micro esferas de cer\u00e1mica,  sistema de extracci\u00f3n de la capa superficial para eliminar los dep\u00f3sitos de almid\u00f3n de la pasta  - mangos cestas y pomos tapas de material aislante\" \/>\n<meta name=\"robots\" content=\"index, follow, max-snippet:-1, max-image-preview:large, max-video-preview:-1\" \/>\n<link rel=\"canonical\" href=\"https:\/\/frionox.com\/catalogo\/producto\/cocedor-pastas-gas-cpm30m\/\" \/>\n<meta property=\"og:locale\" content=\"es_ES\" \/>\n<meta property=\"og:type\" content=\"article\" \/>\n<meta property=\"og:title\" content=\"COCEDOR DE PASTAS A GAS - CPM30M\" \/>\n<meta property=\"og:description\" content=\"COCEDOR DE PASTAS A GAS - CPM30M Estructura, tapas y cestas de acero inoxidable   - cubas de acero inoxidable AISI316 de 15\/10 de espesor tratadas con enarenado especial de micro esferas de cer\u00e1mica,  sistema de extracci\u00f3n de la capa superficial para eliminar los dep\u00f3sitos de almid\u00f3n de la pasta  - mangos cestas y pomos tapas de material aislante\" \/>\n<meta property=\"og:url\" content=\"https:\/\/frionox.com\/catalogo\/producto\/cocedor-pastas-gas-cpm30m\/\" \/>\n<meta property=\"og:site_name\" content=\"FRIONOX\" \/>\n<meta property=\"article:publisher\" content=\"https:\/\/facebook.com\/frionox.pe\" \/>\n<meta property=\"article:modified_time\" content=\"2020-11-11T17:57:40+00:00\" \/>\n<meta property=\"og:image\" content=\"https:\/\/frionox.com\/catalogo\/wp-content\/uploads\/2017\/08\/COCEDOR-DE-PASTAS-A-GAS-CPM30M.jpg\" \/>\n\t<meta property=\"og:image:width\" content=\"500\" \/>\n\t<meta property=\"og:image:height\" content=\"500\" \/>\n\t<meta property=\"og:image:type\" content=\"image\/jpeg\" \/>\n<meta name=\"twitter:card\" content=\"summary_large_image\" \/>\n<meta name=\"twitter:site\" content=\"@frionoxsac\" \/>\n<meta name=\"twitter:label1\" content=\"Precio\" \/>\n\t<meta name=\"twitter:data1\" content=\"S\/100.00\" \/>\n\t<meta name=\"twitter:label2\" content=\"Disponibilidad\" \/>\n\t<meta name=\"twitter:data2\" content=\"Disponible\" \/>\n<script type=\"application\/ld+json\" class=\"yoast-schema-graph\">{\"@context\":\"https:\/\/schema.org\",\"@graph\":[{\"@type\":\"WebPage\",\"@id\":\"https:\/\/frionox.com\/catalogo\/producto\/cocedor-pastas-gas-cpm30m\/\",\"url\":\"https:\/\/frionox.com\/catalogo\/producto\/cocedor-pastas-gas-cpm30m\/\",\"name\":\"COCEDOR DE PASTAS A GAS - CPM30M - FRIONOX\",\"isPartOf\":{\"@id\":\"https:\/\/frionox.com\/catalogo\/#website\"},\"primaryImageOfPage\":{\"@id\":\"https:\/\/frionox.com\/catalogo\/producto\/cocedor-pastas-gas-cpm30m\/#primaryimage\"},\"image\":{\"@id\":\"https:\/\/frionox.com\/catalogo\/producto\/cocedor-pastas-gas-cpm30m\/#primaryimage\"},\"thumbnailUrl\":\"https:\/\/frionox.com\/catalogo\/wp-content\/uploads\/2017\/08\/COCEDOR-DE-PASTAS-A-GAS-CPM30M.jpg\",\"datePublished\":\"2017-08-16T14:18:37+00:00\",\"dateModified\":\"2020-11-11T17:57:40+00:00\",\"description\":\"COCEDOR DE PASTAS A GAS - CPM30M Estructura, tapas y cestas de acero inoxidable - cubas de acero inoxidable AISI316 de 15\/10 de espesor tratadas con enarenado especial de micro esferas de cer\u00e1mica, sistema de extracci\u00f3n de la capa superficial para eliminar los dep\u00f3sitos de almid\u00f3n de la pasta - mangos cestas y pomos tapas de material aislante\",\"breadcrumb\":{\"@id\":\"https:\/\/frionox.com\/catalogo\/producto\/cocedor-pastas-gas-cpm30m\/#breadcrumb\"},\"inLanguage\":\"es\",\"potentialAction\":[{\"@type\":\"ReadAction\",\"target\":[\"https:\/\/frionox.com\/catalogo\/producto\/cocedor-pastas-gas-cpm30m\/\"]}]},{\"@type\":\"ImageObject\",\"inLanguage\":\"es\",\"@id\":\"https:\/\/frionox.com\/catalogo\/producto\/cocedor-pastas-gas-cpm30m\/#primaryimage\",\"url\":\"https:\/\/frionox.com\/catalogo\/wp-content\/uploads\/2017\/08\/COCEDOR-DE-PASTAS-A-GAS-CPM30M.jpg\",\"contentUrl\":\"https:\/\/frionox.com\/catalogo\/wp-content\/uploads\/2017\/08\/COCEDOR-DE-PASTAS-A-GAS-CPM30M.jpg\",\"width\":500,\"height\":500,\"caption\":\"COCEDOR DE PASTAS A GAS - CPM30M\"},{\"@type\":\"BreadcrumbList\",\"@id\":\"https:\/\/frionox.com\/catalogo\/producto\/cocedor-pastas-gas-cpm30m\/#breadcrumb\",\"itemListElement\":[{\"@type\":\"ListItem\",\"position\":1,\"name\":\"Portada\",\"item\":\"https:\/\/frionox.com\/catalogo\/\"},{\"@type\":\"ListItem\",\"position\":2,\"name\":\"Hornos Industriales, Licuadoras Industriales, Cocinas y m\u00e1s\",\"item\":\"https:\/\/frionox.com\/catalogo\/tienda\/\"},{\"@type\":\"ListItem\",\"position\":3,\"name\":\"COCEDOR DE PASTAS A GAS &#8211; CPM30M\"}]},{\"@type\":\"WebSite\",\"@id\":\"https:\/\/frionox.com\/catalogo\/#website\",\"url\":\"https:\/\/frionox.com\/catalogo\/\",\"name\":\"FRIONOX\",\"description\":\"Equipamiento de cocinas\",\"publisher\":{\"@id\":\"https:\/\/frionox.com\/catalogo\/#organization\"},\"potentialAction\":[{\"@type\":\"SearchAction\",\"target\":{\"@type\":\"EntryPoint\",\"urlTemplate\":\"https:\/\/frionox.com\/catalogo\/?s={search_term_string}\"},\"query-input\":{\"@type\":\"PropertyValueSpecification\",\"valueRequired\":true,\"valueName\":\"search_term_string\"}}],\"inLanguage\":\"es\"},{\"@type\":[\"Organization\",\"Place\",\"LocalBusiness\"],\"@id\":\"https:\/\/frionox.com\/catalogo\/#organization\",\"name\":\"Frionox Equipamiento de cocinas\",\"url\":\"https:\/\/frionox.com\/catalogo\/\",\"logo\":{\"@id\":\"https:\/\/frionox.com\/catalogo\/producto\/cocedor-pastas-gas-cpm30m\/#local-main-organization-logo\"},\"image\":{\"@id\":\"https:\/\/frionox.com\/catalogo\/producto\/cocedor-pastas-gas-cpm30m\/#local-main-organization-logo\"},\"sameAs\":[\"https:\/\/facebook.com\/frionox.pe\",\"https:\/\/x.com\/frionoxsac\",\"https:\/\/youtube.com\/@FRIONOXEQUIPAMIENTODECOCINA\"],\"address\":{\"@id\":\"https:\/\/frionox.com\/catalogo\/producto\/cocedor-pastas-gas-cpm30m\/#local-main-place-address\"},\"geo\":{\"@type\":\"GeoCoordinates\",\"latitude\":\"-11.980133\",\"longitude\":\"-77.06118200000003\"},\"telephone\":[\"+5115221181\"],\"openingHoursSpecification\":[{\"@type\":\"OpeningHoursSpecification\",\"dayOfWeek\":[\"Monday\",\"Tuesday\",\"Wednesday\",\"Thursday\",\"Friday\",\"Saturday\"],\"opens\":\"08:00\",\"closes\":\"18:00\"},{\"@type\":\"OpeningHoursSpecification\",\"dayOfWeek\":[\"Sunday\"],\"opens\":\"00:00\",\"closes\":\"00:00\"}],\"email\":\"cotizaciones@frionox.com\"},{\"@type\":\"PostalAddress\",\"@id\":\"https:\/\/frionox.com\/catalogo\/producto\/cocedor-pastas-gas-cpm30m\/#local-main-place-address\",\"streetAddress\":\"Av. Oscar R. Benavides 1624\",\"addressLocality\":\"Cercado de Lima\",\"postalCode\":\"15082\",\"addressRegion\":\"Lima\",\"addressCountry\":\"PE\"},{\"@type\":\"ImageObject\",\"inLanguage\":\"es\",\"@id\":\"https:\/\/frionox.com\/catalogo\/producto\/cocedor-pastas-gas-cpm30m\/#local-main-organization-logo\",\"url\":\"https:\/\/frionox.com\/catalogo\/wp-content\/uploads\/2020\/04\/LOGO-MOBILE.png\",\"contentUrl\":\"https:\/\/frionox.com\/catalogo\/wp-content\/uploads\/2020\/04\/LOGO-MOBILE.png\",\"width\":203,\"height\":61,\"caption\":\"Frionox Equipamiento de cocinas\"}]}<\/script>\n<meta property=\"product:price:amount\" content=\"100.00\" \/>\n<meta property=\"product:price:currency\" content=\"PEN\" \/>\n<meta property=\"og:availability\" content=\"instock\" \/>\n<meta property=\"product:availability\" content=\"instock\" \/>\n<meta property=\"product:condition\" content=\"new\" \/>\n<meta name=\"geo.placename\" content=\"Cercado de Lima\" \/>\n<meta name=\"geo.position\" content=\"-11.980133;-77.06118200000003\" \/>\n<meta name=\"geo.region\" content=\"Per\u00fa\" \/>\n<!-- \/ Yoast SEO Premium plugin. -->","yoast_head_json":{"title":"COCEDOR DE PASTAS A GAS - CPM30M - FRIONOX","description":"COCEDOR DE PASTAS A GAS - CPM30M Estructura, tapas y cestas de acero inoxidable   - cubas de acero inoxidable AISI316 de 15\/10 de espesor tratadas con enarenado especial de micro esferas de cer\u00e1mica,  sistema de extracci\u00f3n de la capa superficial para eliminar los dep\u00f3sitos de almid\u00f3n de la pasta  - mangos cestas y pomos tapas de material aislante","robots":{"index":"index","follow":"follow","max-snippet":"max-snippet:-1","max-image-preview":"max-image-preview:large","max-video-preview":"max-video-preview:-1"},"canonical":"https:\/\/frionox.com\/catalogo\/producto\/cocedor-pastas-gas-cpm30m\/","og_locale":"es_ES","og_type":"article","og_title":"COCEDOR DE PASTAS A GAS - CPM30M","og_description":"COCEDOR DE PASTAS A GAS - CPM30M Estructura, tapas y cestas de acero inoxidable   - cubas de acero inoxidable AISI316 de 15\/10 de espesor tratadas con enarenado especial de micro esferas de cer\u00e1mica,  sistema de extracci\u00f3n de la capa superficial para eliminar los dep\u00f3sitos de almid\u00f3n de la pasta  - mangos cestas y pomos tapas de material aislante","og_url":"https:\/\/frionox.com\/catalogo\/producto\/cocedor-pastas-gas-cpm30m\/","og_site_name":"FRIONOX","article_publisher":"https:\/\/facebook.com\/frionox.pe","article_modified_time":"2020-11-11T17:57:40+00:00","og_image":[{"width":500,"height":500,"url":"https:\/\/frionox.com\/catalogo\/wp-content\/uploads\/2017\/08\/COCEDOR-DE-PASTAS-A-GAS-CPM30M.jpg","type":"image\/jpeg"}],"twitter_card":"summary_large_image","twitter_site":"@frionoxsac","twitter_misc":{"Precio":"S\/100.00","Disponibilidad":"Disponible"},"schema":{"@context":"https:\/\/schema.org","@graph":[{"@type":"WebPage","@id":"https:\/\/frionox.com\/catalogo\/producto\/cocedor-pastas-gas-cpm30m\/","url":"https:\/\/frionox.com\/catalogo\/producto\/cocedor-pastas-gas-cpm30m\/","name":"COCEDOR DE PASTAS A GAS - CPM30M - FRIONOX","isPartOf":{"@id":"https:\/\/frionox.com\/catalogo\/#website"},"primaryImageOfPage":{"@id":"https:\/\/frionox.com\/catalogo\/producto\/cocedor-pastas-gas-cpm30m\/#primaryimage"},"image":{"@id":"https:\/\/frionox.com\/catalogo\/producto\/cocedor-pastas-gas-cpm30m\/#primaryimage"},"thumbnailUrl":"https:\/\/frionox.com\/catalogo\/wp-content\/uploads\/2017\/08\/COCEDOR-DE-PASTAS-A-GAS-CPM30M.jpg","datePublished":"2017-08-16T14:18:37+00:00","dateModified":"2020-11-11T17:57:40+00:00","description":"COCEDOR DE PASTAS A GAS - CPM30M Estructura, tapas y cestas de acero inoxidable - cubas de acero inoxidable AISI316 de 15\/10 de espesor tratadas con enarenado especial de micro esferas de cer\u00e1mica, sistema de extracci\u00f3n de la capa superficial para eliminar los dep\u00f3sitos de almid\u00f3n de la pasta - mangos cestas y pomos tapas de material aislante","breadcrumb":{"@id":"https:\/\/frionox.com\/catalogo\/producto\/cocedor-pastas-gas-cpm30m\/#breadcrumb"},"inLanguage":"es","potentialAction":[{"@type":"ReadAction","target":["https:\/\/frionox.com\/catalogo\/producto\/cocedor-pastas-gas-cpm30m\/"]}]},{"@type":"ImageObject","inLanguage":"es","@id":"https:\/\/frionox.com\/catalogo\/producto\/cocedor-pastas-gas-cpm30m\/#primaryimage","url":"https:\/\/frionox.com\/catalogo\/wp-content\/uploads\/2017\/08\/COCEDOR-DE-PASTAS-A-GAS-CPM30M.jpg","contentUrl":"https:\/\/frionox.com\/catalogo\/wp-content\/uploads\/2017\/08\/COCEDOR-DE-PASTAS-A-GAS-CPM30M.jpg","width":500,"height":500,"caption":"COCEDOR DE PASTAS A GAS - CPM30M"},{"@type":"BreadcrumbList","@id":"https:\/\/frionox.com\/catalogo\/producto\/cocedor-pastas-gas-cpm30m\/#breadcrumb","itemListElement":[{"@type":"ListItem","position":1,"name":"Portada","item":"https:\/\/frionox.com\/catalogo\/"},{"@type":"ListItem","position":2,"name":"Hornos Industriales, Licuadoras Industriales, Cocinas y m\u00e1s","item":"https:\/\/frionox.com\/catalogo\/tienda\/"},{"@type":"ListItem","position":3,"name":"COCEDOR DE PASTAS A GAS &#8211; CPM30M"}]},{"@type":"WebSite","@id":"https:\/\/frionox.com\/catalogo\/#website","url":"https:\/\/frionox.com\/catalogo\/","name":"FRIONOX","description":"Equipamiento de cocinas","publisher":{"@id":"https:\/\/frionox.com\/catalogo\/#organization"},"potentialAction":[{"@type":"SearchAction","target":{"@type":"EntryPoint","urlTemplate":"https:\/\/frionox.com\/catalogo\/?s={search_term_string}"},"query-input":{"@type":"PropertyValueSpecification","valueRequired":true,"valueName":"search_term_string"}}],"inLanguage":"es"},{"@type":["Organization","Place","LocalBusiness"],"@id":"https:\/\/frionox.com\/catalogo\/#organization","name":"Frionox Equipamiento de cocinas","url":"https:\/\/frionox.com\/catalogo\/","logo":{"@id":"https:\/\/frionox.com\/catalogo\/producto\/cocedor-pastas-gas-cpm30m\/#local-main-organization-logo"},"image":{"@id":"https:\/\/frionox.com\/catalogo\/producto\/cocedor-pastas-gas-cpm30m\/#local-main-organization-logo"},"sameAs":["https:\/\/facebook.com\/frionox.pe","https:\/\/x.com\/frionoxsac","https:\/\/youtube.com\/@FRIONOXEQUIPAMIENTODECOCINA"],"address":{"@id":"https:\/\/frionox.com\/catalogo\/producto\/cocedor-pastas-gas-cpm30m\/#local-main-place-address"},"geo":{"@type":"GeoCoordinates","latitude":"-11.980133","longitude":"-77.06118200000003"},"telephone":["+5115221181"],"openingHoursSpecification":[{"@type":"OpeningHoursSpecification","dayOfWeek":["Monday","Tuesday","Wednesday","Thursday","Friday","Saturday"],"opens":"08:00","closes":"18:00"},{"@type":"OpeningHoursSpecification","dayOfWeek":["Sunday"],"opens":"00:00","closes":"00:00"}],"email":"cotizaciones@frionox.com"},{"@type":"PostalAddress","@id":"https:\/\/frionox.com\/catalogo\/producto\/cocedor-pastas-gas-cpm30m\/#local-main-place-address","streetAddress":"Av. Oscar R. Benavides 1624","addressLocality":"Cercado de Lima","postalCode":"15082","addressRegion":"Lima","addressCountry":"PE"},{"@type":"ImageObject","inLanguage":"es","@id":"https:\/\/frionox.com\/catalogo\/producto\/cocedor-pastas-gas-cpm30m\/#local-main-organization-logo","url":"https:\/\/frionox.com\/catalogo\/wp-content\/uploads\/2020\/04\/LOGO-MOBILE.png","contentUrl":"https:\/\/frionox.com\/catalogo\/wp-content\/uploads\/2020\/04\/LOGO-MOBILE.png","width":203,"height":61,"caption":"Frionox Equipamiento de cocinas"}]},"product_price_amount":"100.00","product_price_currency":"PEN","og_availability":"instock","product_availability":"instock","product_condition":"new","geo.placename":"Cercado de Lima","geo.position":{"lat":"-11.980133","long":"-77.06118200000003"},"geo.region":"Per\u00fa"},"_links":{"self":[{"href":"https:\/\/frionox.com\/catalogo\/wp-json\/wp\/v2\/product\/5290","targetHints":{"allow":["GET"]}}],"collection":[{"href":"https:\/\/frionox.com\/catalogo\/wp-json\/wp\/v2\/product"}],"about":[{"href":"https:\/\/frionox.com\/catalogo\/wp-json\/wp\/v2\/types\/product"}],"replies":[{"embeddable":true,"href":"https:\/\/frionox.com\/catalogo\/wp-json\/wp\/v2\/comments?post=5290"}],"wp:featuredmedia":[{"embeddable":true,"href":"https:\/\/frionox.com\/catalogo\/wp-json\/wp\/v2\/media\/5270"}],"wp:attachment":[{"href":"https:\/\/frionox.com\/catalogo\/wp-json\/wp\/v2\/media?parent=5290"}],"wp:term":[{"taxonomy":"product_brand","embeddable":true,"href":"https:\/\/frionox.com\/catalogo\/wp-json\/wp\/v2\/product_brand?post=5290"},{"taxonomy":"product_cat","embeddable":true,"href":"https:\/\/frionox.com\/catalogo\/wp-json\/wp\/v2\/product_cat?post=5290"},{"taxonomy":"product_tag","embeddable":true,"href":"https:\/\/frionox.com\/catalogo\/wp-json\/wp\/v2\/product_tag?post=5290"}],"curies":[{"name":"wp","href":"https:\/\/api.w.org\/{rel}","templated":true}]}}