{"id":4930,"date":"2017-02-08T16:10:04","date_gmt":"2017-02-08T21:10:04","guid":{"rendered":"http:\/\/frionox.com\/catalogo\/?post_type=product&#038;p=4930"},"modified":"2020-11-11T12:57:40","modified_gmt":"2020-11-11T17:57:40","slug":"licuadora-hamilton-beach-serie-food-vaso-policarbonato-4lts-hbf1100","status":"publish","type":"product","link":"https:\/\/frionox.com\/catalogo\/producto\/licuadora-hamilton-beach-serie-food-vaso-policarbonato-4lts-hbf1100\/","title":{"rendered":"LICUADORA HAMILTON BEACH SERIE FOOD VASO POLICARBONATO 4Lts &#8211; HBF1100"},"content":{"rendered":"<h2><strong>Licuadoras Industriales y Comerciales\u00a0<\/strong><\/h2>\n<p>Hamilton beach cuenta con una gran variedad de licuadoras industriales y comerciales para facilitar tus tareas diarias en tu restaurante o bar, a continuaci\u00f3n te detallamos las caracter\u00edsticas de este modelo de licuadora que har\u00e1 que tu trabajo sea mucho mas sencillo.<\/p>\n<p>&#8211; Capacidad 4 Litros. 128 Oz.<\/p>\n<p>&#8211; Vaso de policarbonato de especial dise\u00f1o.<\/p>\n<p>&#8211; Especial para preparados pure,aderezos,moler harina y otros.<\/p>\n<p>&#8211; Velocidad ajustable con sensores para mayor perfecion de mezcla.<br \/>\n&#8211; Dosificador en la tapa.<br \/>\n&#8211; Indicador de temperatura para evitar sobrecalentamiento.<br \/>\n&#8211; Base con pies antideslizantes para mayor estabilidad.<br \/>\n&#8211; Potencia motor: 3.5 HP.<br \/>\n&#8211; Voltaje: 220 V 60Hz<\/p>\n<p>Te dejamos el siguiente v\u00eddeo para que puedas ver el desempe\u00f1o, calidad y forma de uso de esta magnifica licuadora.<\/p>\n<p><iframe width=\"1170\" height=\"658\" src=\"https:\/\/www.youtube.com\/embed\/REiCBsKD3iM?feature=oembed\" frameborder=\"0\" allowfullscreen><\/iframe><\/p>\n<p><iframe width=\"1170\" height=\"658\" src=\"https:\/\/www.youtube.com\/embed\/eWHq2fuanzE?feature=oembed\" frameborder=\"0\" allowfullscreen><\/iframe><\/p>\n<p><strong>Te Recomendamos:<\/strong><\/p>\n<p><a href=\"https:\/\/frionox.com\/catalogo\/producto\/hamilton-beach-peru\/\">Licuadora Hamilton Beach HBH650<\/a><\/p>\n<p><strong>S\u00edguenos en Facebook<\/strong>: <a href=\"http:\/\/fb.com\/frionox.pe\">@Frionox.pe<\/a><\/p>\n","protected":false},"excerpt":{"rendered":"<p>&#8216;- Capacidad 4 Litros. 128 Oz.<\/p>\n<p>&#8211; Vaso de policarbonato de especial dise\u00f1o.<\/p>\n<p>&#8211; Especial para preparados pure,aderezos,moler harina y otros.<\/p>\n<p>&#8211; Velocidad ajustable con sensores para mayor perfecion de mezcla.<br \/>\n&#8211; Dosificador en la tapa.<br \/>\n&#8211; Indicador de temperatura para evitar sobrecalentamiento.<br \/>\n&#8211; Base con pies antideslizantes para mayor estabilidad.<br \/>\n&#8211; Potencia motor: 3.5 HP.<br \/>\n&#8211; Voltaje: 220 V 60Hz<\/p>\n","protected":false},"featured_media":4934,"comment_status":"open","ping_status":"closed","template":"","meta":[],"product_brand":[],"product_cat":[92],"product_tag":[],"class_list":{"0":"post-4930","1":"product","2":"type-product","3":"status-publish","4":"has-post-thumbnail","6":"product_cat-licuadoras-industriales","7":"pa_marcas-hamilton-beach","9":"first","10":"instock","11":"shipping-taxable","12":"purchasable","13":"product-type-simple"},"yoast_head":"<!-- This site is optimized with the Yoast SEO Premium plugin v27.1 (Yoast SEO v27.1.1) - https:\/\/yoast.com\/product\/yoast-seo-premium-wordpress\/ -->\n<title>LICUADORA HAMILTON BEACH SERIE FOOD VASO POLICARBONATO 4Lts - HBF1100 - FRIONOX<\/title>\n<meta name=\"description\" content=\"&#039;- Capacidad 4 Litros. 128 Oz.  - Vaso de policarbonato de especial dise\u00f1o.  - Especial para preparados pure,aderezos,moler harina y otros.  - Velocidad ajustable con sensores para mayor perfecion de mezcla. - Dosificador en la tapa. - Indicador de temperatura para evitar sobrecalentamiento. - Base con pies antideslizantes para mayor estabilidad. - Potencia motor: 3.5 HP. - Voltaje: 220 V 60Hz\" \/>\n<meta name=\"robots\" content=\"index, follow, max-snippet:-1, max-image-preview:large, max-video-preview:-1\" \/>\n<link rel=\"canonical\" href=\"https:\/\/frionox.com\/catalogo\/producto\/licuadora-hamilton-beach-serie-food-vaso-policarbonato-4lts-hbf1100\/\" \/>\n<meta property=\"og:locale\" content=\"es_ES\" \/>\n<meta property=\"og:type\" content=\"article\" \/>\n<meta property=\"og:title\" content=\"LICUADORA HAMILTON BEACH SERIE FOOD VASO POLICARBONATO 4Lts - HBF1100\" \/>\n<meta property=\"og:description\" content=\"&#039;- Capacidad 4 Litros. 128 Oz.  - Vaso de policarbonato de especial dise\u00f1o.  - Especial para preparados pure,aderezos,moler harina y otros.  - Velocidad ajustable con sensores para mayor perfecion de mezcla. - Dosificador en la tapa. - Indicador de temperatura para evitar sobrecalentamiento. - Base con pies antideslizantes para mayor estabilidad. - Potencia motor: 3.5 HP. - Voltaje: 220 V 60Hz\" \/>\n<meta property=\"og:url\" content=\"https:\/\/frionox.com\/catalogo\/producto\/licuadora-hamilton-beach-serie-food-vaso-policarbonato-4lts-hbf1100\/\" \/>\n<meta property=\"og:site_name\" content=\"FRIONOX\" \/>\n<meta property=\"article:publisher\" content=\"https:\/\/facebook.com\/frionox.pe\" \/>\n<meta property=\"article:modified_time\" content=\"2020-11-11T17:57:40+00:00\" \/>\n<meta property=\"og:image\" content=\"https:\/\/frionox.com\/catalogo\/wp-content\/uploads\/2017\/02\/HBF1100-3.jpg\" \/>\n\t<meta property=\"og:image:width\" content=\"500\" \/>\n\t<meta property=\"og:image:height\" content=\"500\" \/>\n\t<meta property=\"og:image:type\" content=\"image\/jpeg\" \/>\n<meta name=\"twitter:card\" content=\"summary_large_image\" \/>\n<meta name=\"twitter:site\" content=\"@frionoxsac\" \/>\n<meta name=\"twitter:label1\" content=\"Precio\" \/>\n\t<meta name=\"twitter:data1\" content=\"S\/100.00\" \/>\n\t<meta name=\"twitter:label2\" content=\"Disponibilidad\" \/>\n\t<meta name=\"twitter:data2\" content=\"Disponible\" \/>\n<script type=\"application\/ld+json\" class=\"yoast-schema-graph\">{\"@context\":\"https:\/\/schema.org\",\"@graph\":[{\"@type\":\"WebPage\",\"@id\":\"https:\/\/frionox.com\/catalogo\/producto\/licuadora-hamilton-beach-serie-food-vaso-policarbonato-4lts-hbf1100\/\",\"url\":\"https:\/\/frionox.com\/catalogo\/producto\/licuadora-hamilton-beach-serie-food-vaso-policarbonato-4lts-hbf1100\/\",\"name\":\"LICUADORA HAMILTON BEACH SERIE FOOD VASO POLICARBONATO 4Lts - HBF1100 - FRIONOX\",\"isPartOf\":{\"@id\":\"https:\/\/frionox.com\/catalogo\/#website\"},\"primaryImageOfPage\":{\"@id\":\"https:\/\/frionox.com\/catalogo\/producto\/licuadora-hamilton-beach-serie-food-vaso-policarbonato-4lts-hbf1100\/#primaryimage\"},\"image\":{\"@id\":\"https:\/\/frionox.com\/catalogo\/producto\/licuadora-hamilton-beach-serie-food-vaso-policarbonato-4lts-hbf1100\/#primaryimage\"},\"thumbnailUrl\":\"https:\/\/frionox.com\/catalogo\/wp-content\/uploads\/2017\/02\/HBF1100-3.jpg\",\"datePublished\":\"2017-02-08T21:10:04+00:00\",\"dateModified\":\"2020-11-11T17:57:40+00:00\",\"description\":\"'- Capacidad 4 Litros. 128 Oz. - Vaso de policarbonato de especial dise\u00f1o. - Especial para preparados pure,aderezos,moler harina y otros. - Velocidad ajustable con sensores para mayor perfecion de mezcla. - Dosificador en la tapa. - Indicador de temperatura para evitar sobrecalentamiento. - Base con pies antideslizantes para mayor estabilidad. - Potencia motor: 3.5 HP. - Voltaje: 220 V 60Hz\",\"breadcrumb\":{\"@id\":\"https:\/\/frionox.com\/catalogo\/producto\/licuadora-hamilton-beach-serie-food-vaso-policarbonato-4lts-hbf1100\/#breadcrumb\"},\"inLanguage\":\"es\",\"potentialAction\":[{\"@type\":\"ReadAction\",\"target\":[\"https:\/\/frionox.com\/catalogo\/producto\/licuadora-hamilton-beach-serie-food-vaso-policarbonato-4lts-hbf1100\/\"]}]},{\"@type\":\"ImageObject\",\"inLanguage\":\"es\",\"@id\":\"https:\/\/frionox.com\/catalogo\/producto\/licuadora-hamilton-beach-serie-food-vaso-policarbonato-4lts-hbf1100\/#primaryimage\",\"url\":\"https:\/\/frionox.com\/catalogo\/wp-content\/uploads\/2017\/02\/HBF1100-3.jpg\",\"contentUrl\":\"https:\/\/frionox.com\/catalogo\/wp-content\/uploads\/2017\/02\/HBF1100-3.jpg\",\"width\":500,\"height\":500,\"caption\":\"Licuadora industrial HBF1100\"},{\"@type\":\"BreadcrumbList\",\"@id\":\"https:\/\/frionox.com\/catalogo\/producto\/licuadora-hamilton-beach-serie-food-vaso-policarbonato-4lts-hbf1100\/#breadcrumb\",\"itemListElement\":[{\"@type\":\"ListItem\",\"position\":1,\"name\":\"Portada\",\"item\":\"https:\/\/frionox.com\/catalogo\/\"},{\"@type\":\"ListItem\",\"position\":2,\"name\":\"Hornos Industriales, Licuadoras Industriales, Cocinas y m\u00e1s\",\"item\":\"https:\/\/frionox.com\/catalogo\/tienda\/\"},{\"@type\":\"ListItem\",\"position\":3,\"name\":\"LICUADORA HAMILTON BEACH SERIE FOOD VASO POLICARBONATO 4Lts &#8211; HBF1100\"}]},{\"@type\":\"WebSite\",\"@id\":\"https:\/\/frionox.com\/catalogo\/#website\",\"url\":\"https:\/\/frionox.com\/catalogo\/\",\"name\":\"FRIONOX\",\"description\":\"Equipamiento de cocinas\",\"publisher\":{\"@id\":\"https:\/\/frionox.com\/catalogo\/#organization\"},\"potentialAction\":[{\"@type\":\"SearchAction\",\"target\":{\"@type\":\"EntryPoint\",\"urlTemplate\":\"https:\/\/frionox.com\/catalogo\/?s={search_term_string}\"},\"query-input\":{\"@type\":\"PropertyValueSpecification\",\"valueRequired\":true,\"valueName\":\"search_term_string\"}}],\"inLanguage\":\"es\"},{\"@type\":[\"Organization\",\"Place\",\"LocalBusiness\"],\"@id\":\"https:\/\/frionox.com\/catalogo\/#organization\",\"name\":\"Frionox Equipamiento de cocinas\",\"url\":\"https:\/\/frionox.com\/catalogo\/\",\"logo\":{\"@id\":\"https:\/\/frionox.com\/catalogo\/producto\/licuadora-hamilton-beach-serie-food-vaso-policarbonato-4lts-hbf1100\/#local-main-organization-logo\"},\"image\":{\"@id\":\"https:\/\/frionox.com\/catalogo\/producto\/licuadora-hamilton-beach-serie-food-vaso-policarbonato-4lts-hbf1100\/#local-main-organization-logo\"},\"sameAs\":[\"https:\/\/facebook.com\/frionox.pe\",\"https:\/\/x.com\/frionoxsac\",\"https:\/\/youtube.com\/@FRIONOXEQUIPAMIENTODECOCINA\"],\"address\":{\"@id\":\"https:\/\/frionox.com\/catalogo\/producto\/licuadora-hamilton-beach-serie-food-vaso-policarbonato-4lts-hbf1100\/#local-main-place-address\"},\"geo\":{\"@type\":\"GeoCoordinates\",\"latitude\":\"-11.980133\",\"longitude\":\"-77.06118200000003\"},\"telephone\":[\"+5115221181\"],\"openingHoursSpecification\":[{\"@type\":\"OpeningHoursSpecification\",\"dayOfWeek\":[\"Monday\",\"Tuesday\",\"Wednesday\",\"Thursday\",\"Friday\",\"Saturday\"],\"opens\":\"08:00\",\"closes\":\"18:00\"},{\"@type\":\"OpeningHoursSpecification\",\"dayOfWeek\":[\"Sunday\"],\"opens\":\"00:00\",\"closes\":\"00:00\"}],\"email\":\"cotizaciones@frionox.com\"},{\"@type\":\"PostalAddress\",\"@id\":\"https:\/\/frionox.com\/catalogo\/producto\/licuadora-hamilton-beach-serie-food-vaso-policarbonato-4lts-hbf1100\/#local-main-place-address\",\"streetAddress\":\"Av. Oscar R. Benavides 1624\",\"addressLocality\":\"Cercado de Lima\",\"postalCode\":\"15082\",\"addressRegion\":\"Lima\",\"addressCountry\":\"PE\"},{\"@type\":\"ImageObject\",\"inLanguage\":\"es\",\"@id\":\"https:\/\/frionox.com\/catalogo\/producto\/licuadora-hamilton-beach-serie-food-vaso-policarbonato-4lts-hbf1100\/#local-main-organization-logo\",\"url\":\"https:\/\/frionox.com\/catalogo\/wp-content\/uploads\/2020\/04\/LOGO-MOBILE.png\",\"contentUrl\":\"https:\/\/frionox.com\/catalogo\/wp-content\/uploads\/2020\/04\/LOGO-MOBILE.png\",\"width\":203,\"height\":61,\"caption\":\"Frionox Equipamiento de cocinas\"}]}<\/script>\n<meta property=\"product:price:amount\" content=\"100.00\" \/>\n<meta property=\"product:price:currency\" content=\"PEN\" \/>\n<meta property=\"og:availability\" content=\"instock\" \/>\n<meta property=\"product:availability\" content=\"instock\" \/>\n<meta property=\"product:condition\" content=\"new\" \/>\n<meta name=\"geo.placename\" content=\"Cercado de Lima\" \/>\n<meta name=\"geo.position\" content=\"-11.980133;-77.06118200000003\" \/>\n<meta name=\"geo.region\" content=\"Per\u00fa\" \/>\n<!-- \/ Yoast SEO Premium plugin. -->","yoast_head_json":{"title":"LICUADORA HAMILTON BEACH SERIE FOOD VASO POLICARBONATO 4Lts - HBF1100 - FRIONOX","description":"'- Capacidad 4 Litros. 128 Oz.  - Vaso de policarbonato de especial dise\u00f1o.  - Especial para preparados pure,aderezos,moler harina y otros.  - Velocidad ajustable con sensores para mayor perfecion de mezcla. - Dosificador en la tapa. - Indicador de temperatura para evitar sobrecalentamiento. - Base con pies antideslizantes para mayor estabilidad. - Potencia motor: 3.5 HP. - Voltaje: 220 V 60Hz","robots":{"index":"index","follow":"follow","max-snippet":"max-snippet:-1","max-image-preview":"max-image-preview:large","max-video-preview":"max-video-preview:-1"},"canonical":"https:\/\/frionox.com\/catalogo\/producto\/licuadora-hamilton-beach-serie-food-vaso-policarbonato-4lts-hbf1100\/","og_locale":"es_ES","og_type":"article","og_title":"LICUADORA HAMILTON BEACH SERIE FOOD VASO POLICARBONATO 4Lts - HBF1100","og_description":"'- Capacidad 4 Litros. 128 Oz.  - Vaso de policarbonato de especial dise\u00f1o.  - Especial para preparados pure,aderezos,moler harina y otros.  - Velocidad ajustable con sensores para mayor perfecion de mezcla. - Dosificador en la tapa. - Indicador de temperatura para evitar sobrecalentamiento. - Base con pies antideslizantes para mayor estabilidad. - Potencia motor: 3.5 HP. - Voltaje: 220 V 60Hz","og_url":"https:\/\/frionox.com\/catalogo\/producto\/licuadora-hamilton-beach-serie-food-vaso-policarbonato-4lts-hbf1100\/","og_site_name":"FRIONOX","article_publisher":"https:\/\/facebook.com\/frionox.pe","article_modified_time":"2020-11-11T17:57:40+00:00","og_image":[{"width":500,"height":500,"url":"https:\/\/frionox.com\/catalogo\/wp-content\/uploads\/2017\/02\/HBF1100-3.jpg","type":"image\/jpeg"}],"twitter_card":"summary_large_image","twitter_site":"@frionoxsac","twitter_misc":{"Precio":"S\/100.00","Disponibilidad":"Disponible"},"schema":{"@context":"https:\/\/schema.org","@graph":[{"@type":"WebPage","@id":"https:\/\/frionox.com\/catalogo\/producto\/licuadora-hamilton-beach-serie-food-vaso-policarbonato-4lts-hbf1100\/","url":"https:\/\/frionox.com\/catalogo\/producto\/licuadora-hamilton-beach-serie-food-vaso-policarbonato-4lts-hbf1100\/","name":"LICUADORA HAMILTON BEACH SERIE FOOD VASO POLICARBONATO 4Lts - HBF1100 - FRIONOX","isPartOf":{"@id":"https:\/\/frionox.com\/catalogo\/#website"},"primaryImageOfPage":{"@id":"https:\/\/frionox.com\/catalogo\/producto\/licuadora-hamilton-beach-serie-food-vaso-policarbonato-4lts-hbf1100\/#primaryimage"},"image":{"@id":"https:\/\/frionox.com\/catalogo\/producto\/licuadora-hamilton-beach-serie-food-vaso-policarbonato-4lts-hbf1100\/#primaryimage"},"thumbnailUrl":"https:\/\/frionox.com\/catalogo\/wp-content\/uploads\/2017\/02\/HBF1100-3.jpg","datePublished":"2017-02-08T21:10:04+00:00","dateModified":"2020-11-11T17:57:40+00:00","description":"'- Capacidad 4 Litros. 128 Oz. - Vaso de policarbonato de especial dise\u00f1o. - Especial para preparados pure,aderezos,moler harina y otros. - Velocidad ajustable con sensores para mayor perfecion de mezcla. - Dosificador en la tapa. - Indicador de temperatura para evitar sobrecalentamiento. - Base con pies antideslizantes para mayor estabilidad. - Potencia motor: 3.5 HP. - Voltaje: 220 V 60Hz","breadcrumb":{"@id":"https:\/\/frionox.com\/catalogo\/producto\/licuadora-hamilton-beach-serie-food-vaso-policarbonato-4lts-hbf1100\/#breadcrumb"},"inLanguage":"es","potentialAction":[{"@type":"ReadAction","target":["https:\/\/frionox.com\/catalogo\/producto\/licuadora-hamilton-beach-serie-food-vaso-policarbonato-4lts-hbf1100\/"]}]},{"@type":"ImageObject","inLanguage":"es","@id":"https:\/\/frionox.com\/catalogo\/producto\/licuadora-hamilton-beach-serie-food-vaso-policarbonato-4lts-hbf1100\/#primaryimage","url":"https:\/\/frionox.com\/catalogo\/wp-content\/uploads\/2017\/02\/HBF1100-3.jpg","contentUrl":"https:\/\/frionox.com\/catalogo\/wp-content\/uploads\/2017\/02\/HBF1100-3.jpg","width":500,"height":500,"caption":"Licuadora industrial HBF1100"},{"@type":"BreadcrumbList","@id":"https:\/\/frionox.com\/catalogo\/producto\/licuadora-hamilton-beach-serie-food-vaso-policarbonato-4lts-hbf1100\/#breadcrumb","itemListElement":[{"@type":"ListItem","position":1,"name":"Portada","item":"https:\/\/frionox.com\/catalogo\/"},{"@type":"ListItem","position":2,"name":"Hornos Industriales, Licuadoras Industriales, Cocinas y m\u00e1s","item":"https:\/\/frionox.com\/catalogo\/tienda\/"},{"@type":"ListItem","position":3,"name":"LICUADORA HAMILTON BEACH SERIE FOOD VASO POLICARBONATO 4Lts &#8211; HBF1100"}]},{"@type":"WebSite","@id":"https:\/\/frionox.com\/catalogo\/#website","url":"https:\/\/frionox.com\/catalogo\/","name":"FRIONOX","description":"Equipamiento de cocinas","publisher":{"@id":"https:\/\/frionox.com\/catalogo\/#organization"},"potentialAction":[{"@type":"SearchAction","target":{"@type":"EntryPoint","urlTemplate":"https:\/\/frionox.com\/catalogo\/?s={search_term_string}"},"query-input":{"@type":"PropertyValueSpecification","valueRequired":true,"valueName":"search_term_string"}}],"inLanguage":"es"},{"@type":["Organization","Place","LocalBusiness"],"@id":"https:\/\/frionox.com\/catalogo\/#organization","name":"Frionox Equipamiento de cocinas","url":"https:\/\/frionox.com\/catalogo\/","logo":{"@id":"https:\/\/frionox.com\/catalogo\/producto\/licuadora-hamilton-beach-serie-food-vaso-policarbonato-4lts-hbf1100\/#local-main-organization-logo"},"image":{"@id":"https:\/\/frionox.com\/catalogo\/producto\/licuadora-hamilton-beach-serie-food-vaso-policarbonato-4lts-hbf1100\/#local-main-organization-logo"},"sameAs":["https:\/\/facebook.com\/frionox.pe","https:\/\/x.com\/frionoxsac","https:\/\/youtube.com\/@FRIONOXEQUIPAMIENTODECOCINA"],"address":{"@id":"https:\/\/frionox.com\/catalogo\/producto\/licuadora-hamilton-beach-serie-food-vaso-policarbonato-4lts-hbf1100\/#local-main-place-address"},"geo":{"@type":"GeoCoordinates","latitude":"-11.980133","longitude":"-77.06118200000003"},"telephone":["+5115221181"],"openingHoursSpecification":[{"@type":"OpeningHoursSpecification","dayOfWeek":["Monday","Tuesday","Wednesday","Thursday","Friday","Saturday"],"opens":"08:00","closes":"18:00"},{"@type":"OpeningHoursSpecification","dayOfWeek":["Sunday"],"opens":"00:00","closes":"00:00"}],"email":"cotizaciones@frionox.com"},{"@type":"PostalAddress","@id":"https:\/\/frionox.com\/catalogo\/producto\/licuadora-hamilton-beach-serie-food-vaso-policarbonato-4lts-hbf1100\/#local-main-place-address","streetAddress":"Av. Oscar R. Benavides 1624","addressLocality":"Cercado de Lima","postalCode":"15082","addressRegion":"Lima","addressCountry":"PE"},{"@type":"ImageObject","inLanguage":"es","@id":"https:\/\/frionox.com\/catalogo\/producto\/licuadora-hamilton-beach-serie-food-vaso-policarbonato-4lts-hbf1100\/#local-main-organization-logo","url":"https:\/\/frionox.com\/catalogo\/wp-content\/uploads\/2020\/04\/LOGO-MOBILE.png","contentUrl":"https:\/\/frionox.com\/catalogo\/wp-content\/uploads\/2020\/04\/LOGO-MOBILE.png","width":203,"height":61,"caption":"Frionox Equipamiento de cocinas"}]},"product_price_amount":"100.00","product_price_currency":"PEN","og_availability":"instock","product_availability":"instock","product_condition":"new","geo.placename":"Cercado de Lima","geo.position":{"lat":"-11.980133","long":"-77.06118200000003"},"geo.region":"Per\u00fa"},"_links":{"self":[{"href":"https:\/\/frionox.com\/catalogo\/wp-json\/wp\/v2\/product\/4930","targetHints":{"allow":["GET"]}}],"collection":[{"href":"https:\/\/frionox.com\/catalogo\/wp-json\/wp\/v2\/product"}],"about":[{"href":"https:\/\/frionox.com\/catalogo\/wp-json\/wp\/v2\/types\/product"}],"replies":[{"embeddable":true,"href":"https:\/\/frionox.com\/catalogo\/wp-json\/wp\/v2\/comments?post=4930"}],"wp:featuredmedia":[{"embeddable":true,"href":"https:\/\/frionox.com\/catalogo\/wp-json\/wp\/v2\/media\/4934"}],"wp:attachment":[{"href":"https:\/\/frionox.com\/catalogo\/wp-json\/wp\/v2\/media?parent=4930"}],"wp:term":[{"taxonomy":"product_brand","embeddable":true,"href":"https:\/\/frionox.com\/catalogo\/wp-json\/wp\/v2\/product_brand?post=4930"},{"taxonomy":"product_cat","embeddable":true,"href":"https:\/\/frionox.com\/catalogo\/wp-json\/wp\/v2\/product_cat?post=4930"},{"taxonomy":"product_tag","embeddable":true,"href":"https:\/\/frionox.com\/catalogo\/wp-json\/wp\/v2\/product_tag?post=4930"}],"curies":[{"name":"wp","href":"https:\/\/api.w.org\/{rel}","templated":true}]}}