{"id":4763,"date":"2016-12-21T10:25:49","date_gmt":"2016-12-21T15:25:49","guid":{"rendered":"http:\/\/frionox.com\/catalogo\/?post_type=product&#038;p=4763"},"modified":"2021-05-13T18:45:12","modified_gmt":"2021-05-13T23:45:12","slug":"extraccion-e-inyeccion-de-aire","status":"publish","type":"product","link":"https:\/\/frionox.com\/catalogo\/producto\/extraccion-e-inyeccion-de-aire\/","title":{"rendered":"Extracci\u00f3n e inyecci\u00f3n de aire"},"content":{"rendered":"<h2><span style=\"color: #000080;\">Extracci\u00f3n e inyecci\u00f3n de aire<\/span><\/h2>\n<p><span style=\"color: #000080;\">Cada vez las normativas y exigencias municipales son mayores y obliga a que el proyecto de ventilaci\u00f3n de una cocina sea desarrollada por una empresa especializada.<\/span><\/p>\n<p><span style=\"color: #000080;\">En Frionox encontrara asesor\u00eda completa para realizar una adecuada ventilaci\u00f3n, para una cocina profesional. Desde los sistemas mas b\u00e1sicos\u00a0como campana, ductos, extractores, inyectores de aire, hasta sistemas inteligentes de\u00a0filtraci\u00f3n de grasa al 100%, olores, sistemas de auto lavado y equipos contra incendios.<\/span><\/p>\n<p><span style=\"color: #000080;\">Un buen Sistema de ventilaci\u00f3n mejora la productividad del personal,\u00a0higiene en la preparaci\u00f3n de alimentos, aumenta el tiempo de vida de los frigor\u00edficos, evita\u00a0el ingreso de olores al sal\u00f3n y cuida el medio ambiente\u00a0<\/span><\/p>\n<p><span style=\"color: #000080;\">siguenos en facebook: <a href=\"http:\/\/fb.com\/frionox.pe\">fb.com\/frionox.pe<\/a>\u00a0<\/span><\/p>\n<h2><span style=\"color: #000080;\">CONTACTO<\/span><\/h2>\n<p><span style=\"color: #000080;\">Para mayor informaci\u00f3n puede escribirnos al formulario de contacto &#8211; <a style=\"color: #000080;\" href=\"http:\/\/37.59.226.101\/~frionoxc\/catalogo\/contacto\/\">frionox.com\/catalogo\/contacto<\/a><\/span><\/p>\n<p><span style=\"color: #000080;\">Tel\u00e9fonos: 01 5221181 &#8211; anexo 22\u00a0<\/span><\/p>\n<p><span style=\"color: #000080;\">M\u00f3vil: 994241221 &#8211; 946393936 &#8211; 946393906 &#8211; 994015661 &#8211; \u00a0<\/span><\/p>\n<p>&nbsp;<\/p>\n<p><img fetchpriority=\"high\" decoding=\"async\" class=\"wp-image-4765 size-medium\" src=\"http:\/\/37.59.226.101\/~frionoxc\/catalogo\/wp-content\/uploads\/2016\/12\/20-min-300x235.png\" alt=\"Campanas extractoras\" width=\"300\" height=\"235\" srcset=\"https:\/\/frionox.com\/catalogo\/wp-content\/uploads\/2016\/12\/20-min-300x235.png 300w, https:\/\/frionox.com\/catalogo\/wp-content\/uploads\/2016\/12\/20-min.png 400w\" sizes=\"(max-width: 300px) 100vw, 300px\" \/><\/p>\n<h5>Extractores centr\u00edfugos<\/h5>\n<p><img decoding=\"async\" class=\"wp-image-4767 size-medium\" src=\"http:\/\/37.59.226.101\/~frionoxc\/catalogo\/wp-content\/uploads\/2016\/12\/124-min-300x173.png\" alt=\"Campanas extractoras\" width=\"300\" height=\"173\" srcset=\"https:\/\/frionox.com\/catalogo\/wp-content\/uploads\/2016\/12\/124-min-300x173.png 300w, https:\/\/frionox.com\/catalogo\/wp-content\/uploads\/2016\/12\/124-min.png 400w\" sizes=\"(max-width: 300px) 100vw, 300px\" \/><\/p>\n<h5>Campanas extractoras<\/h5>\n<p><img decoding=\"async\" class=\"wp-image-4769\" src=\"http:\/\/37.59.226.101\/~frionoxc\/catalogo\/wp-content\/uploads\/2016\/12\/127-min.png\" alt=\"Extractor centrifugo EC\" width=\"192\" height=\"200\" \/><\/p>\n<h5>Extractor centrifugo EC<\/h5>\n<p>&nbsp;<\/p>\n<p><img loading=\"lazy\" decoding=\"async\" class=\"wp-image-4770\" src=\"http:\/\/37.59.226.101\/~frionoxc\/catalogo\/wp-content\/uploads\/2016\/12\/129-min.png\" alt=\"Inyector de aire frionox\" width=\"192\" height=\"212\" \/><\/p>\n<p>&nbsp;<\/p>\n<h5>Inyector de aire<\/h5>\n<p><img loading=\"lazy\" decoding=\"async\" class=\"alignnone wp-image-4772 size-medium\" src=\"http:\/\/37.59.226.101\/~frionoxc\/catalogo\/wp-content\/uploads\/2016\/12\/170-min-300x300.png\" width=\"300\" height=\"300\" srcset=\"https:\/\/frionox.com\/catalogo\/wp-content\/uploads\/2016\/12\/170-min-300x300.png 300w, https:\/\/frionox.com\/catalogo\/wp-content\/uploads\/2016\/12\/170-min-100x100.png 100w, https:\/\/frionox.com\/catalogo\/wp-content\/uploads\/2016\/12\/170-min-150x150.png 150w, https:\/\/frionox.com\/catalogo\/wp-content\/uploads\/2016\/12\/170-min.png 488w\" sizes=\"(max-width: 300px) 100vw, 300px\" \/><\/p>\n<h5>Captatre combo &#8211; retencion de grasa 90 &#8211; 95%<\/h5>\n<p>&nbsp;<\/p>\n<p><img loading=\"lazy\" decoding=\"async\" class=\"alignnone wp-image-4768 size-thumbnail\" src=\"http:\/\/37.59.226.101\/~frionoxc\/catalogo\/wp-content\/uploads\/2016\/12\/126-min-150x122.png\" width=\"150\" height=\"122\" \/><\/p>\n<h5>Filtro Bafle &#8211; retencion de grasa 50%<\/h5>\n<figure id=\"attachment_4771\" aria-describedby=\"caption-attachment-4771\" style=\"width: 300px\" class=\"wp-caption alignnone\"><img loading=\"lazy\" decoding=\"async\" class=\"wp-image-4771 size-medium\" src=\"http:\/\/37.59.226.101\/~frionoxc\/catalogo\/wp-content\/uploads\/2016\/12\/148-min-300x162.png\" alt=\"extraccion e inyeccion cocina profesional\" width=\"300\" height=\"162\" srcset=\"https:\/\/frionox.com\/catalogo\/wp-content\/uploads\/2016\/12\/148-min-300x162.png 300w, https:\/\/frionox.com\/catalogo\/wp-content\/uploads\/2016\/12\/148-min.png 531w\" sizes=\"(max-width: 300px) 100vw, 300px\" \/><figcaption id=\"caption-attachment-4771\" class=\"wp-caption-text\">Retencion de olores y filtracion de grasas al 100%<\/figcaption><\/figure>\n<h2><span style=\"color: #0000ff;\">CONTACTO<\/span><\/h2>\n<p>Para mayor informaci\u00f3n puede escribirnos al formulario de contacto &#8211; <a href=\"http:\/\/37.59.226.101\/~frionoxc\/catalogo\/contacto\/\">frionox.com\/catalogo\/contacto<\/a><\/p>\n<p>Tel\u00e9fonos: 01 5221181 &#8211; anexo 22<\/p>\n<p>M\u00f3vil: 994241221 &#8211; 946393936 &#8211; 946393906 &#8211; 994015661 &#8211; <\/p>\n<p>&nbsp;<\/p>\n","protected":false},"excerpt":{"rendered":"<p>Extracci\u00f3n e inyecci\u00f3n de aire Cada vez las normativas y exigencias municipales son mayores y obliga a que el proyecto de ventilaci\u00f3n de una cocina sea desarrollada por una empresa<\/p>\n","protected":false},"featured_media":4765,"comment_status":"open","ping_status":"closed","template":"","meta":[],"product_brand":[],"product_cat":[131],"product_tag":[],"class_list":{"0":"post-4763","1":"product","2":"type-product","3":"status-publish","4":"has-post-thumbnail","6":"product_cat-extraccion-e-inyeccion-de-aire","7":"pa_marcas-captive-aire","9":"first","10":"instock","11":"shipping-taxable","12":"purchasable","13":"product-type-simple"},"yoast_head":"<!-- This site is optimized with the Yoast SEO Premium plugin v27.1 (Yoast SEO v27.1.1) - https:\/\/yoast.com\/product\/yoast-seo-premium-wordpress\/ -->\n<title>Extraccion e inyteccion de aire - Frionox Equipos Gastron\u00f3micos<\/title>\n<meta name=\"description\" content=\"En Frionox encontrara asesor\u00eda completa para realizar una adecuada ventilaci\u00f3n, para una cocina profesional. Campanas, ductos, extractores y m\u00e1s.\" \/>\n<meta name=\"robots\" content=\"index, follow, max-snippet:-1, max-image-preview:large, max-video-preview:-1\" \/>\n<link rel=\"canonical\" href=\"https:\/\/frionox.com\/catalogo\/producto\/extraccion-e-inyeccion-de-aire\/\" \/>\n<meta property=\"og:locale\" content=\"es_ES\" \/>\n<meta property=\"og:type\" content=\"article\" \/>\n<meta property=\"og:title\" content=\"Extracci\u00f3n e inyecci\u00f3n de aire\" \/>\n<meta property=\"og:description\" content=\"En Frionox encontrara asesor\u00eda completa para realizar una adecuada ventilaci\u00f3n, para una cocina profesional. Campanas, ductos, extractores y m\u00e1s.\" \/>\n<meta property=\"og:url\" content=\"https:\/\/frionox.com\/catalogo\/producto\/extraccion-e-inyeccion-de-aire\/\" \/>\n<meta property=\"og:site_name\" content=\"FRIONOX\" \/>\n<meta property=\"article:publisher\" content=\"https:\/\/facebook.com\/frionox.pe\" \/>\n<meta property=\"article:modified_time\" content=\"2021-05-13T23:45:12+00:00\" \/>\n<meta property=\"og:image\" content=\"https:\/\/frionox.com\/catalogo\/wp-content\/uploads\/2016\/12\/20-min.png\" \/>\n\t<meta property=\"og:image:width\" content=\"400\" \/>\n\t<meta property=\"og:image:height\" content=\"313\" \/>\n\t<meta property=\"og:image:type\" content=\"image\/png\" \/>\n<meta name=\"twitter:card\" content=\"summary_large_image\" \/>\n<meta name=\"twitter:site\" content=\"@frionoxsac\" \/>\n<meta name=\"twitter:label1\" content=\"Precio\" \/>\n\t<meta name=\"twitter:data1\" content=\"S\/1.00\" \/>\n\t<meta name=\"twitter:label2\" content=\"Disponibilidad\" \/>\n\t<meta name=\"twitter:data2\" content=\"Disponible\" \/>\n<script type=\"application\/ld+json\" class=\"yoast-schema-graph\">{\"@context\":\"https:\/\/schema.org\",\"@graph\":[{\"@type\":\"WebPage\",\"@id\":\"https:\/\/frionox.com\/catalogo\/producto\/extraccion-e-inyeccion-de-aire\/\",\"url\":\"https:\/\/frionox.com\/catalogo\/producto\/extraccion-e-inyeccion-de-aire\/\",\"name\":\"Extraccion e inyteccion de aire - Frionox Equipos Gastron\u00f3micos\",\"isPartOf\":{\"@id\":\"https:\/\/frionox.com\/catalogo\/#website\"},\"primaryImageOfPage\":{\"@id\":\"https:\/\/frionox.com\/catalogo\/producto\/extraccion-e-inyeccion-de-aire\/#primaryimage\"},\"image\":{\"@id\":\"https:\/\/frionox.com\/catalogo\/producto\/extraccion-e-inyeccion-de-aire\/#primaryimage\"},\"thumbnailUrl\":\"https:\/\/frionox.com\/catalogo\/wp-content\/uploads\/2016\/12\/20-min.png\",\"datePublished\":\"2016-12-21T15:25:49+00:00\",\"dateModified\":\"2021-05-13T23:45:12+00:00\",\"description\":\"En Frionox encontrara asesor\u00eda completa para realizar una adecuada ventilaci\u00f3n, para una cocina profesional. Campanas, ductos, extractores y m\u00e1s.\",\"breadcrumb\":{\"@id\":\"https:\/\/frionox.com\/catalogo\/producto\/extraccion-e-inyeccion-de-aire\/#breadcrumb\"},\"inLanguage\":\"es\",\"potentialAction\":[{\"@type\":\"ReadAction\",\"target\":[\"https:\/\/frionox.com\/catalogo\/producto\/extraccion-e-inyeccion-de-aire\/\"]}]},{\"@type\":\"ImageObject\",\"inLanguage\":\"es\",\"@id\":\"https:\/\/frionox.com\/catalogo\/producto\/extraccion-e-inyeccion-de-aire\/#primaryimage\",\"url\":\"https:\/\/frionox.com\/catalogo\/wp-content\/uploads\/2016\/12\/20-min.png\",\"contentUrl\":\"https:\/\/frionox.com\/catalogo\/wp-content\/uploads\/2016\/12\/20-min.png\",\"width\":400,\"height\":313},{\"@type\":\"BreadcrumbList\",\"@id\":\"https:\/\/frionox.com\/catalogo\/producto\/extraccion-e-inyeccion-de-aire\/#breadcrumb\",\"itemListElement\":[{\"@type\":\"ListItem\",\"position\":1,\"name\":\"Portada\",\"item\":\"https:\/\/frionox.com\/catalogo\/\"},{\"@type\":\"ListItem\",\"position\":2,\"name\":\"Hornos Industriales, Licuadoras Industriales, Cocinas y m\u00e1s\",\"item\":\"https:\/\/frionox.com\/catalogo\/tienda\/\"},{\"@type\":\"ListItem\",\"position\":3,\"name\":\"Extracci\u00f3n e inyecci\u00f3n de aire\"}]},{\"@type\":\"WebSite\",\"@id\":\"https:\/\/frionox.com\/catalogo\/#website\",\"url\":\"https:\/\/frionox.com\/catalogo\/\",\"name\":\"FRIONOX\",\"description\":\"Equipamiento de cocinas\",\"publisher\":{\"@id\":\"https:\/\/frionox.com\/catalogo\/#organization\"},\"potentialAction\":[{\"@type\":\"SearchAction\",\"target\":{\"@type\":\"EntryPoint\",\"urlTemplate\":\"https:\/\/frionox.com\/catalogo\/?s={search_term_string}\"},\"query-input\":{\"@type\":\"PropertyValueSpecification\",\"valueRequired\":true,\"valueName\":\"search_term_string\"}}],\"inLanguage\":\"es\"},{\"@type\":[\"Organization\",\"Place\",\"LocalBusiness\"],\"@id\":\"https:\/\/frionox.com\/catalogo\/#organization\",\"name\":\"Frionox Equipamiento de cocinas\",\"url\":\"https:\/\/frionox.com\/catalogo\/\",\"logo\":{\"@id\":\"https:\/\/frionox.com\/catalogo\/producto\/extraccion-e-inyeccion-de-aire\/#local-main-organization-logo\"},\"image\":{\"@id\":\"https:\/\/frionox.com\/catalogo\/producto\/extraccion-e-inyeccion-de-aire\/#local-main-organization-logo\"},\"sameAs\":[\"https:\/\/facebook.com\/frionox.pe\",\"https:\/\/x.com\/frionoxsac\",\"https:\/\/youtube.com\/@FRIONOXEQUIPAMIENTODECOCINA\"],\"address\":{\"@id\":\"https:\/\/frionox.com\/catalogo\/producto\/extraccion-e-inyeccion-de-aire\/#local-main-place-address\"},\"geo\":{\"@type\":\"GeoCoordinates\",\"latitude\":\"-11.980133\",\"longitude\":\"-77.06118200000003\"},\"telephone\":[\"+5115221181\"],\"openingHoursSpecification\":[{\"@type\":\"OpeningHoursSpecification\",\"dayOfWeek\":[\"Monday\",\"Tuesday\",\"Wednesday\",\"Thursday\",\"Friday\",\"Saturday\"],\"opens\":\"08:00\",\"closes\":\"18:00\"},{\"@type\":\"OpeningHoursSpecification\",\"dayOfWeek\":[\"Sunday\"],\"opens\":\"00:00\",\"closes\":\"00:00\"}],\"email\":\"cotizaciones@frionox.com\"},{\"@type\":\"PostalAddress\",\"@id\":\"https:\/\/frionox.com\/catalogo\/producto\/extraccion-e-inyeccion-de-aire\/#local-main-place-address\",\"streetAddress\":\"Av. Oscar R. Benavides 1624\",\"addressLocality\":\"Cercado de Lima\",\"postalCode\":\"15082\",\"addressRegion\":\"Lima\",\"addressCountry\":\"PE\"},{\"@type\":\"ImageObject\",\"inLanguage\":\"es\",\"@id\":\"https:\/\/frionox.com\/catalogo\/producto\/extraccion-e-inyeccion-de-aire\/#local-main-organization-logo\",\"url\":\"https:\/\/frionox.com\/catalogo\/wp-content\/uploads\/2020\/04\/LOGO-MOBILE.png\",\"contentUrl\":\"https:\/\/frionox.com\/catalogo\/wp-content\/uploads\/2020\/04\/LOGO-MOBILE.png\",\"width\":203,\"height\":61,\"caption\":\"Frionox Equipamiento de cocinas\"}]}<\/script>\n<meta property=\"product:price:amount\" content=\"1.00\" \/>\n<meta property=\"product:price:currency\" content=\"PEN\" \/>\n<meta property=\"og:availability\" content=\"instock\" \/>\n<meta property=\"product:availability\" content=\"instock\" \/>\n<meta property=\"product:condition\" content=\"new\" \/>\n<meta name=\"geo.placename\" content=\"Cercado de Lima\" \/>\n<meta name=\"geo.position\" content=\"-11.980133;-77.06118200000003\" \/>\n<meta name=\"geo.region\" content=\"Per\u00fa\" \/>\n<!-- \/ Yoast SEO Premium plugin. -->","yoast_head_json":{"title":"Extraccion e inyteccion de aire - Frionox Equipos Gastron\u00f3micos","description":"En Frionox encontrara asesor\u00eda completa para realizar una adecuada ventilaci\u00f3n, para una cocina profesional. Campanas, ductos, extractores y m\u00e1s.","robots":{"index":"index","follow":"follow","max-snippet":"max-snippet:-1","max-image-preview":"max-image-preview:large","max-video-preview":"max-video-preview:-1"},"canonical":"https:\/\/frionox.com\/catalogo\/producto\/extraccion-e-inyeccion-de-aire\/","og_locale":"es_ES","og_type":"article","og_title":"Extracci\u00f3n e inyecci\u00f3n de aire","og_description":"En Frionox encontrara asesor\u00eda completa para realizar una adecuada ventilaci\u00f3n, para una cocina profesional. Campanas, ductos, extractores y m\u00e1s.","og_url":"https:\/\/frionox.com\/catalogo\/producto\/extraccion-e-inyeccion-de-aire\/","og_site_name":"FRIONOX","article_publisher":"https:\/\/facebook.com\/frionox.pe","article_modified_time":"2021-05-13T23:45:12+00:00","og_image":[{"width":400,"height":313,"url":"https:\/\/frionox.com\/catalogo\/wp-content\/uploads\/2016\/12\/20-min.png","type":"image\/png"}],"twitter_card":"summary_large_image","twitter_site":"@frionoxsac","twitter_misc":{"Precio":"S\/1.00","Disponibilidad":"Disponible"},"schema":{"@context":"https:\/\/schema.org","@graph":[{"@type":"WebPage","@id":"https:\/\/frionox.com\/catalogo\/producto\/extraccion-e-inyeccion-de-aire\/","url":"https:\/\/frionox.com\/catalogo\/producto\/extraccion-e-inyeccion-de-aire\/","name":"Extraccion e inyteccion de aire - Frionox Equipos Gastron\u00f3micos","isPartOf":{"@id":"https:\/\/frionox.com\/catalogo\/#website"},"primaryImageOfPage":{"@id":"https:\/\/frionox.com\/catalogo\/producto\/extraccion-e-inyeccion-de-aire\/#primaryimage"},"image":{"@id":"https:\/\/frionox.com\/catalogo\/producto\/extraccion-e-inyeccion-de-aire\/#primaryimage"},"thumbnailUrl":"https:\/\/frionox.com\/catalogo\/wp-content\/uploads\/2016\/12\/20-min.png","datePublished":"2016-12-21T15:25:49+00:00","dateModified":"2021-05-13T23:45:12+00:00","description":"En Frionox encontrara asesor\u00eda completa para realizar una adecuada ventilaci\u00f3n, para una cocina profesional. Campanas, ductos, extractores y m\u00e1s.","breadcrumb":{"@id":"https:\/\/frionox.com\/catalogo\/producto\/extraccion-e-inyeccion-de-aire\/#breadcrumb"},"inLanguage":"es","potentialAction":[{"@type":"ReadAction","target":["https:\/\/frionox.com\/catalogo\/producto\/extraccion-e-inyeccion-de-aire\/"]}]},{"@type":"ImageObject","inLanguage":"es","@id":"https:\/\/frionox.com\/catalogo\/producto\/extraccion-e-inyeccion-de-aire\/#primaryimage","url":"https:\/\/frionox.com\/catalogo\/wp-content\/uploads\/2016\/12\/20-min.png","contentUrl":"https:\/\/frionox.com\/catalogo\/wp-content\/uploads\/2016\/12\/20-min.png","width":400,"height":313},{"@type":"BreadcrumbList","@id":"https:\/\/frionox.com\/catalogo\/producto\/extraccion-e-inyeccion-de-aire\/#breadcrumb","itemListElement":[{"@type":"ListItem","position":1,"name":"Portada","item":"https:\/\/frionox.com\/catalogo\/"},{"@type":"ListItem","position":2,"name":"Hornos Industriales, Licuadoras Industriales, Cocinas y m\u00e1s","item":"https:\/\/frionox.com\/catalogo\/tienda\/"},{"@type":"ListItem","position":3,"name":"Extracci\u00f3n e inyecci\u00f3n de aire"}]},{"@type":"WebSite","@id":"https:\/\/frionox.com\/catalogo\/#website","url":"https:\/\/frionox.com\/catalogo\/","name":"FRIONOX","description":"Equipamiento de cocinas","publisher":{"@id":"https:\/\/frionox.com\/catalogo\/#organization"},"potentialAction":[{"@type":"SearchAction","target":{"@type":"EntryPoint","urlTemplate":"https:\/\/frionox.com\/catalogo\/?s={search_term_string}"},"query-input":{"@type":"PropertyValueSpecification","valueRequired":true,"valueName":"search_term_string"}}],"inLanguage":"es"},{"@type":["Organization","Place","LocalBusiness"],"@id":"https:\/\/frionox.com\/catalogo\/#organization","name":"Frionox Equipamiento de cocinas","url":"https:\/\/frionox.com\/catalogo\/","logo":{"@id":"https:\/\/frionox.com\/catalogo\/producto\/extraccion-e-inyeccion-de-aire\/#local-main-organization-logo"},"image":{"@id":"https:\/\/frionox.com\/catalogo\/producto\/extraccion-e-inyeccion-de-aire\/#local-main-organization-logo"},"sameAs":["https:\/\/facebook.com\/frionox.pe","https:\/\/x.com\/frionoxsac","https:\/\/youtube.com\/@FRIONOXEQUIPAMIENTODECOCINA"],"address":{"@id":"https:\/\/frionox.com\/catalogo\/producto\/extraccion-e-inyeccion-de-aire\/#local-main-place-address"},"geo":{"@type":"GeoCoordinates","latitude":"-11.980133","longitude":"-77.06118200000003"},"telephone":["+5115221181"],"openingHoursSpecification":[{"@type":"OpeningHoursSpecification","dayOfWeek":["Monday","Tuesday","Wednesday","Thursday","Friday","Saturday"],"opens":"08:00","closes":"18:00"},{"@type":"OpeningHoursSpecification","dayOfWeek":["Sunday"],"opens":"00:00","closes":"00:00"}],"email":"cotizaciones@frionox.com"},{"@type":"PostalAddress","@id":"https:\/\/frionox.com\/catalogo\/producto\/extraccion-e-inyeccion-de-aire\/#local-main-place-address","streetAddress":"Av. Oscar R. Benavides 1624","addressLocality":"Cercado de Lima","postalCode":"15082","addressRegion":"Lima","addressCountry":"PE"},{"@type":"ImageObject","inLanguage":"es","@id":"https:\/\/frionox.com\/catalogo\/producto\/extraccion-e-inyeccion-de-aire\/#local-main-organization-logo","url":"https:\/\/frionox.com\/catalogo\/wp-content\/uploads\/2020\/04\/LOGO-MOBILE.png","contentUrl":"https:\/\/frionox.com\/catalogo\/wp-content\/uploads\/2020\/04\/LOGO-MOBILE.png","width":203,"height":61,"caption":"Frionox Equipamiento de cocinas"}]},"product_price_amount":"1.00","product_price_currency":"PEN","og_availability":"instock","product_availability":"instock","product_condition":"new","geo.placename":"Cercado de Lima","geo.position":{"lat":"-11.980133","long":"-77.06118200000003"},"geo.region":"Per\u00fa"},"_links":{"self":[{"href":"https:\/\/frionox.com\/catalogo\/wp-json\/wp\/v2\/product\/4763","targetHints":{"allow":["GET"]}}],"collection":[{"href":"https:\/\/frionox.com\/catalogo\/wp-json\/wp\/v2\/product"}],"about":[{"href":"https:\/\/frionox.com\/catalogo\/wp-json\/wp\/v2\/types\/product"}],"replies":[{"embeddable":true,"href":"https:\/\/frionox.com\/catalogo\/wp-json\/wp\/v2\/comments?post=4763"}],"wp:featuredmedia":[{"embeddable":true,"href":"https:\/\/frionox.com\/catalogo\/wp-json\/wp\/v2\/media\/4765"}],"wp:attachment":[{"href":"https:\/\/frionox.com\/catalogo\/wp-json\/wp\/v2\/media?parent=4763"}],"wp:term":[{"taxonomy":"product_brand","embeddable":true,"href":"https:\/\/frionox.com\/catalogo\/wp-json\/wp\/v2\/product_brand?post=4763"},{"taxonomy":"product_cat","embeddable":true,"href":"https:\/\/frionox.com\/catalogo\/wp-json\/wp\/v2\/product_cat?post=4763"},{"taxonomy":"product_tag","embeddable":true,"href":"https:\/\/frionox.com\/catalogo\/wp-json\/wp\/v2\/product_tag?post=4763"}],"curies":[{"name":"wp","href":"https:\/\/api.w.org\/{rel}","templated":true}]}}