{"id":4559,"date":"2016-10-17T11:18:27","date_gmt":"2016-10-17T16:18:27","guid":{"rendered":"http:\/\/frionox.com\/catalogo\/?post_type=product&#038;p=4559"},"modified":"2020-11-11T12:57:39","modified_gmt":"2020-11-11T17:57:39","slug":"cremoladera-granita-2-tolvas-modelo-ice-cream-115052c","status":"publish","type":"product","link":"https:\/\/frionox.com\/catalogo\/producto\/cremoladera-granita-2-tolvas-modelo-ice-cream-115052c\/","title":{"rendered":"Cremoladera Granita 2 tolvas modelo ice cream &#8211; 115052C"},"content":{"rendered":"<p>Gran potencia frigor\u00edfica de alto rendimiento y acorta el tiempo de granizado.<br \/>\n&#8211; Pala exclusiva de doble mezclado que ofrece un producto mas homogenio.<br \/>\n&#8211; Tolva super fuerte, atractivo, visual, fabricada en material policarbonato de 14 litros c\/uno.<br \/>\n&#8211; Evaporador y dep\u00edsitos inclinados que permiten una mejor mezcla y total salida del producto.<br \/>\n&#8211; Grifo de especial dise\u00f1o extraible, patentado, comodo e higienico.<br \/>\n&#8211; Motorreductora para evitar costosas reparaciones.<br \/>\n&#8211; Muy higi\u00e9nica, prevista para limpiar todas la piezas sin uso de herramientas.<br \/>\n&#8211; Tapa de seguridad que desconecta el giro de las palas cuando se levanta.<br \/>\n&#8211; Incluye kit de luz por tolv, y stop de seguridad al quitar la tapa.<br \/>\n&#8211; Voltaje :220V\/60Hz monof\u00e1sico<br \/>\n&#8211; Unidad de Refrigeracion: 1\/2 HP gas R 404<\/p>\n","protected":false},"excerpt":{"rendered":"<p>Gran potencia frigor\u00edfica de alto rendimiento y acorta el tiempo de granizado.<br \/>\n&#8211; Pala exclusiva de doble mezclado que ofrece un producto mas homogenio.<br \/>\n&#8211; Tolva super fuerte, atractivo, visual, fabricada en material policarbonato de 14 litros c\/uno.<br \/>\n&#8211; Evaporador y dep\u00edsitos inclinados que permiten una mejor mezcla y total salida del producto.<br \/>\n&#8211; Grifo de especial dise\u00f1o extraible, patentado, comodo e higienico.<br \/>\n&#8211; Motorreductora para evitar costosas reparaciones.<br \/>\n&#8211; Muy higi\u00e9nica, prevista para limpiar todas la piezas sin uso de herramientas.<br \/>\n&#8211; Tapa de seguridad que desconecta el giro de las palas cuando se levanta.<br \/>\n&#8211; Incluye kit de luz por tolv, y stop de seguridad al quitar la tapa.<br \/>\n&#8211; Voltaje :220V\/60Hz monof\u00e1sico<br \/>\n&#8211; Unidad de Refrigeracion: 1\/2 HP gas R 404<\/p>\n","protected":false},"featured_media":4560,"comment_status":"open","ping_status":"closed","template":"","meta":[],"product_brand":[],"product_cat":[130],"product_tag":[],"class_list":{"0":"post-4559","1":"product","2":"type-product","3":"status-publish","4":"has-post-thumbnail","6":"product_cat-refresqueras-cremoladeras","7":"pa_marcas-granita","9":"first","10":"instock","11":"shipping-taxable","12":"purchasable","13":"product-type-simple"},"yoast_head":"<!-- This site is optimized with the Yoast SEO Premium plugin v27.1 (Yoast SEO v27.1.1) - https:\/\/yoast.com\/product\/yoast-seo-premium-wordpress\/ -->\n<title>Cremoladera Granita 2 tolvas modelo ice cream - 115052C - FRIONOX<\/title>\n<meta name=\"description\" content=\"Gran potencia frigor\u00edfica de alto rendimiento y acorta el tiempo de granizado. - Pala exclusiva de doble mezclado que ofrece un producto mas homogenio. - Tolva super fuerte, atractivo, visual, fabricada en material policarbonato de 14 litros c\/uno. - Evaporador y dep\u00edsitos inclinados que permiten una mejor mezcla y total salida del producto. - Grifo de especial dise\u00f1o extraible, patentado, comodo e higienico. - Motorreductora para evitar costosas reparaciones. - Muy higi\u00e9nica, prevista para limpiar todas la piezas sin uso de herramientas. - Tapa de seguridad que desconecta el giro de las palas cuando se levanta. - Incluye kit de luz por tolv, y stop de seguridad al quitar la tapa. - Voltaje :220V\/60Hz monof\u00e1sico - Unidad de Refrigeracion: 1\/2 HP gas R 404\" \/>\n<meta name=\"robots\" content=\"index, follow, max-snippet:-1, max-image-preview:large, max-video-preview:-1\" \/>\n<link rel=\"canonical\" href=\"https:\/\/frionox.com\/catalogo\/producto\/cremoladera-granita-2-tolvas-modelo-ice-cream-115052c\/\" \/>\n<meta property=\"og:locale\" content=\"es_ES\" \/>\n<meta property=\"og:type\" content=\"article\" \/>\n<meta property=\"og:title\" content=\"Cremoladera Granita 2 tolvas modelo ice cream - 115052C\" \/>\n<meta property=\"og:description\" content=\"Gran potencia frigor\u00edfica de alto rendimiento y acorta el tiempo de granizado. - Pala exclusiva de doble mezclado que ofrece un producto mas homogenio. - Tolva super fuerte, atractivo, visual, fabricada en material policarbonato de 14 litros c\/uno. - Evaporador y dep\u00edsitos inclinados que permiten una mejor mezcla y total salida del producto. - Grifo de especial dise\u00f1o extraible, patentado, comodo e higienico. - Motorreductora para evitar costosas reparaciones. - Muy higi\u00e9nica, prevista para limpiar todas la piezas sin uso de herramientas. - Tapa de seguridad que desconecta el giro de las palas cuando se levanta. - Incluye kit de luz por tolv, y stop de seguridad al quitar la tapa. - Voltaje :220V\/60Hz monof\u00e1sico - Unidad de Refrigeracion: 1\/2 HP gas R 404\" \/>\n<meta property=\"og:url\" content=\"https:\/\/frionox.com\/catalogo\/producto\/cremoladera-granita-2-tolvas-modelo-ice-cream-115052c\/\" \/>\n<meta property=\"og:site_name\" content=\"FRIONOX\" \/>\n<meta property=\"article:publisher\" content=\"https:\/\/facebook.com\/frionox.pe\" \/>\n<meta property=\"article:modified_time\" content=\"2020-11-11T17:57:39+00:00\" \/>\n<meta property=\"og:image\" content=\"https:\/\/frionox.com\/catalogo\/wp-content\/uploads\/2016\/10\/cremoladera-granita-2-tolvas.jpg\" \/>\n\t<meta property=\"og:image:width\" content=\"400\" \/>\n\t<meta property=\"og:image:height\" content=\"400\" \/>\n\t<meta property=\"og:image:type\" content=\"image\/jpeg\" \/>\n<meta name=\"twitter:card\" content=\"summary_large_image\" \/>\n<meta name=\"twitter:site\" content=\"@frionoxsac\" \/>\n<meta name=\"twitter:label1\" content=\"Precio\" \/>\n\t<meta name=\"twitter:data1\" content=\"S\/1.00\" \/>\n\t<meta name=\"twitter:label2\" content=\"Disponibilidad\" \/>\n\t<meta name=\"twitter:data2\" content=\"Disponible\" \/>\n<script type=\"application\/ld+json\" class=\"yoast-schema-graph\">{\"@context\":\"https:\/\/schema.org\",\"@graph\":[{\"@type\":\"WebPage\",\"@id\":\"https:\/\/frionox.com\/catalogo\/producto\/cremoladera-granita-2-tolvas-modelo-ice-cream-115052c\/\",\"url\":\"https:\/\/frionox.com\/catalogo\/producto\/cremoladera-granita-2-tolvas-modelo-ice-cream-115052c\/\",\"name\":\"Cremoladera Granita 2 tolvas modelo ice cream - 115052C - FRIONOX\",\"isPartOf\":{\"@id\":\"https:\/\/frionox.com\/catalogo\/#website\"},\"primaryImageOfPage\":{\"@id\":\"https:\/\/frionox.com\/catalogo\/producto\/cremoladera-granita-2-tolvas-modelo-ice-cream-115052c\/#primaryimage\"},\"image\":{\"@id\":\"https:\/\/frionox.com\/catalogo\/producto\/cremoladera-granita-2-tolvas-modelo-ice-cream-115052c\/#primaryimage\"},\"thumbnailUrl\":\"https:\/\/frionox.com\/catalogo\/wp-content\/uploads\/2016\/10\/cremoladera-granita-2-tolvas.jpg\",\"datePublished\":\"2016-10-17T16:18:27+00:00\",\"dateModified\":\"2020-11-11T17:57:39+00:00\",\"description\":\"Gran potencia frigor\u00edfica de alto rendimiento y acorta el tiempo de granizado. - Pala exclusiva de doble mezclado que ofrece un producto mas homogenio. - Tolva super fuerte, atractivo, visual, fabricada en material policarbonato de 14 litros c\/uno. - Evaporador y dep\u00edsitos inclinados que permiten una mejor mezcla y total salida del producto. - Grifo de especial dise\u00f1o extraible, patentado, comodo e higienico. - Motorreductora para evitar costosas reparaciones. - Muy higi\u00e9nica, prevista para limpiar todas la piezas sin uso de herramientas. - Tapa de seguridad que desconecta el giro de las palas cuando se levanta. - Incluye kit de luz por tolv, y stop de seguridad al quitar la tapa. - Voltaje :220V\/60Hz monof\u00e1sico - Unidad de Refrigeracion: 1\/2 HP gas R 404\",\"breadcrumb\":{\"@id\":\"https:\/\/frionox.com\/catalogo\/producto\/cremoladera-granita-2-tolvas-modelo-ice-cream-115052c\/#breadcrumb\"},\"inLanguage\":\"es\",\"potentialAction\":[{\"@type\":\"ReadAction\",\"target\":[\"https:\/\/frionox.com\/catalogo\/producto\/cremoladera-granita-2-tolvas-modelo-ice-cream-115052c\/\"]}]},{\"@type\":\"ImageObject\",\"inLanguage\":\"es\",\"@id\":\"https:\/\/frionox.com\/catalogo\/producto\/cremoladera-granita-2-tolvas-modelo-ice-cream-115052c\/#primaryimage\",\"url\":\"https:\/\/frionox.com\/catalogo\/wp-content\/uploads\/2016\/10\/cremoladera-granita-2-tolvas.jpg\",\"contentUrl\":\"https:\/\/frionox.com\/catalogo\/wp-content\/uploads\/2016\/10\/cremoladera-granita-2-tolvas.jpg\",\"width\":400,\"height\":400},{\"@type\":\"BreadcrumbList\",\"@id\":\"https:\/\/frionox.com\/catalogo\/producto\/cremoladera-granita-2-tolvas-modelo-ice-cream-115052c\/#breadcrumb\",\"itemListElement\":[{\"@type\":\"ListItem\",\"position\":1,\"name\":\"Portada\",\"item\":\"https:\/\/frionox.com\/catalogo\/\"},{\"@type\":\"ListItem\",\"position\":2,\"name\":\"Hornos Industriales, Licuadoras Industriales, Cocinas y m\u00e1s\",\"item\":\"https:\/\/frionox.com\/catalogo\/tienda\/\"},{\"@type\":\"ListItem\",\"position\":3,\"name\":\"Cremoladera Granita 2 tolvas modelo ice cream &#8211; 115052C\"}]},{\"@type\":\"WebSite\",\"@id\":\"https:\/\/frionox.com\/catalogo\/#website\",\"url\":\"https:\/\/frionox.com\/catalogo\/\",\"name\":\"FRIONOX\",\"description\":\"Equipamiento de cocinas\",\"publisher\":{\"@id\":\"https:\/\/frionox.com\/catalogo\/#organization\"},\"potentialAction\":[{\"@type\":\"SearchAction\",\"target\":{\"@type\":\"EntryPoint\",\"urlTemplate\":\"https:\/\/frionox.com\/catalogo\/?s={search_term_string}\"},\"query-input\":{\"@type\":\"PropertyValueSpecification\",\"valueRequired\":true,\"valueName\":\"search_term_string\"}}],\"inLanguage\":\"es\"},{\"@type\":[\"Organization\",\"Place\",\"LocalBusiness\"],\"@id\":\"https:\/\/frionox.com\/catalogo\/#organization\",\"name\":\"Frionox Equipamiento de cocinas\",\"url\":\"https:\/\/frionox.com\/catalogo\/\",\"logo\":{\"@id\":\"https:\/\/frionox.com\/catalogo\/producto\/cremoladera-granita-2-tolvas-modelo-ice-cream-115052c\/#local-main-organization-logo\"},\"image\":{\"@id\":\"https:\/\/frionox.com\/catalogo\/producto\/cremoladera-granita-2-tolvas-modelo-ice-cream-115052c\/#local-main-organization-logo\"},\"sameAs\":[\"https:\/\/facebook.com\/frionox.pe\",\"https:\/\/x.com\/frionoxsac\",\"https:\/\/youtube.com\/@FRIONOXEQUIPAMIENTODECOCINA\"],\"address\":{\"@id\":\"https:\/\/frionox.com\/catalogo\/producto\/cremoladera-granita-2-tolvas-modelo-ice-cream-115052c\/#local-main-place-address\"},\"geo\":{\"@type\":\"GeoCoordinates\",\"latitude\":\"-11.980133\",\"longitude\":\"-77.06118200000003\"},\"telephone\":[\"+5115221181\"],\"openingHoursSpecification\":[{\"@type\":\"OpeningHoursSpecification\",\"dayOfWeek\":[\"Monday\",\"Tuesday\",\"Wednesday\",\"Thursday\",\"Friday\",\"Saturday\"],\"opens\":\"08:00\",\"closes\":\"18:00\"},{\"@type\":\"OpeningHoursSpecification\",\"dayOfWeek\":[\"Sunday\"],\"opens\":\"00:00\",\"closes\":\"00:00\"}],\"email\":\"cotizaciones@frionox.com\"},{\"@type\":\"PostalAddress\",\"@id\":\"https:\/\/frionox.com\/catalogo\/producto\/cremoladera-granita-2-tolvas-modelo-ice-cream-115052c\/#local-main-place-address\",\"streetAddress\":\"Av. Oscar R. Benavides 1624\",\"addressLocality\":\"Cercado de Lima\",\"postalCode\":\"15082\",\"addressRegion\":\"Lima\",\"addressCountry\":\"PE\"},{\"@type\":\"ImageObject\",\"inLanguage\":\"es\",\"@id\":\"https:\/\/frionox.com\/catalogo\/producto\/cremoladera-granita-2-tolvas-modelo-ice-cream-115052c\/#local-main-organization-logo\",\"url\":\"https:\/\/frionox.com\/catalogo\/wp-content\/uploads\/2020\/04\/LOGO-MOBILE.png\",\"contentUrl\":\"https:\/\/frionox.com\/catalogo\/wp-content\/uploads\/2020\/04\/LOGO-MOBILE.png\",\"width\":203,\"height\":61,\"caption\":\"Frionox Equipamiento de cocinas\"}]}<\/script>\n<meta property=\"product:price:amount\" content=\"1.00\" \/>\n<meta property=\"product:price:currency\" content=\"PEN\" \/>\n<meta property=\"og:availability\" content=\"instock\" \/>\n<meta property=\"product:availability\" content=\"instock\" \/>\n<meta property=\"product:condition\" content=\"new\" \/>\n<meta name=\"geo.placename\" content=\"Cercado de Lima\" \/>\n<meta name=\"geo.position\" content=\"-11.980133;-77.06118200000003\" \/>\n<meta name=\"geo.region\" content=\"Per\u00fa\" \/>\n<!-- \/ Yoast SEO Premium plugin. -->","yoast_head_json":{"title":"Cremoladera Granita 2 tolvas modelo ice cream - 115052C - FRIONOX","description":"Gran potencia frigor\u00edfica de alto rendimiento y acorta el tiempo de granizado. - Pala exclusiva de doble mezclado que ofrece un producto mas homogenio. - Tolva super fuerte, atractivo, visual, fabricada en material policarbonato de 14 litros c\/uno. - Evaporador y dep\u00edsitos inclinados que permiten una mejor mezcla y total salida del producto. - Grifo de especial dise\u00f1o extraible, patentado, comodo e higienico. - Motorreductora para evitar costosas reparaciones. - Muy higi\u00e9nica, prevista para limpiar todas la piezas sin uso de herramientas. - Tapa de seguridad que desconecta el giro de las palas cuando se levanta. - Incluye kit de luz por tolv, y stop de seguridad al quitar la tapa. - Voltaje :220V\/60Hz monof\u00e1sico - Unidad de Refrigeracion: 1\/2 HP gas R 404","robots":{"index":"index","follow":"follow","max-snippet":"max-snippet:-1","max-image-preview":"max-image-preview:large","max-video-preview":"max-video-preview:-1"},"canonical":"https:\/\/frionox.com\/catalogo\/producto\/cremoladera-granita-2-tolvas-modelo-ice-cream-115052c\/","og_locale":"es_ES","og_type":"article","og_title":"Cremoladera Granita 2 tolvas modelo ice cream - 115052C","og_description":"Gran potencia frigor\u00edfica de alto rendimiento y acorta el tiempo de granizado. - Pala exclusiva de doble mezclado que ofrece un producto mas homogenio. - Tolva super fuerte, atractivo, visual, fabricada en material policarbonato de 14 litros c\/uno. - Evaporador y dep\u00edsitos inclinados que permiten una mejor mezcla y total salida del producto. - Grifo de especial dise\u00f1o extraible, patentado, comodo e higienico. - Motorreductora para evitar costosas reparaciones. - Muy higi\u00e9nica, prevista para limpiar todas la piezas sin uso de herramientas. - Tapa de seguridad que desconecta el giro de las palas cuando se levanta. - Incluye kit de luz por tolv, y stop de seguridad al quitar la tapa. - Voltaje :220V\/60Hz monof\u00e1sico - Unidad de Refrigeracion: 1\/2 HP gas R 404","og_url":"https:\/\/frionox.com\/catalogo\/producto\/cremoladera-granita-2-tolvas-modelo-ice-cream-115052c\/","og_site_name":"FRIONOX","article_publisher":"https:\/\/facebook.com\/frionox.pe","article_modified_time":"2020-11-11T17:57:39+00:00","og_image":[{"width":400,"height":400,"url":"https:\/\/frionox.com\/catalogo\/wp-content\/uploads\/2016\/10\/cremoladera-granita-2-tolvas.jpg","type":"image\/jpeg"}],"twitter_card":"summary_large_image","twitter_site":"@frionoxsac","twitter_misc":{"Precio":"S\/1.00","Disponibilidad":"Disponible"},"schema":{"@context":"https:\/\/schema.org","@graph":[{"@type":"WebPage","@id":"https:\/\/frionox.com\/catalogo\/producto\/cremoladera-granita-2-tolvas-modelo-ice-cream-115052c\/","url":"https:\/\/frionox.com\/catalogo\/producto\/cremoladera-granita-2-tolvas-modelo-ice-cream-115052c\/","name":"Cremoladera Granita 2 tolvas modelo ice cream - 115052C - FRIONOX","isPartOf":{"@id":"https:\/\/frionox.com\/catalogo\/#website"},"primaryImageOfPage":{"@id":"https:\/\/frionox.com\/catalogo\/producto\/cremoladera-granita-2-tolvas-modelo-ice-cream-115052c\/#primaryimage"},"image":{"@id":"https:\/\/frionox.com\/catalogo\/producto\/cremoladera-granita-2-tolvas-modelo-ice-cream-115052c\/#primaryimage"},"thumbnailUrl":"https:\/\/frionox.com\/catalogo\/wp-content\/uploads\/2016\/10\/cremoladera-granita-2-tolvas.jpg","datePublished":"2016-10-17T16:18:27+00:00","dateModified":"2020-11-11T17:57:39+00:00","description":"Gran potencia frigor\u00edfica de alto rendimiento y acorta el tiempo de granizado. - Pala exclusiva de doble mezclado que ofrece un producto mas homogenio. - Tolva super fuerte, atractivo, visual, fabricada en material policarbonato de 14 litros c\/uno. - Evaporador y dep\u00edsitos inclinados que permiten una mejor mezcla y total salida del producto. - Grifo de especial dise\u00f1o extraible, patentado, comodo e higienico. - Motorreductora para evitar costosas reparaciones. - Muy higi\u00e9nica, prevista para limpiar todas la piezas sin uso de herramientas. - Tapa de seguridad que desconecta el giro de las palas cuando se levanta. - Incluye kit de luz por tolv, y stop de seguridad al quitar la tapa. - Voltaje :220V\/60Hz monof\u00e1sico - Unidad de Refrigeracion: 1\/2 HP gas R 404","breadcrumb":{"@id":"https:\/\/frionox.com\/catalogo\/producto\/cremoladera-granita-2-tolvas-modelo-ice-cream-115052c\/#breadcrumb"},"inLanguage":"es","potentialAction":[{"@type":"ReadAction","target":["https:\/\/frionox.com\/catalogo\/producto\/cremoladera-granita-2-tolvas-modelo-ice-cream-115052c\/"]}]},{"@type":"ImageObject","inLanguage":"es","@id":"https:\/\/frionox.com\/catalogo\/producto\/cremoladera-granita-2-tolvas-modelo-ice-cream-115052c\/#primaryimage","url":"https:\/\/frionox.com\/catalogo\/wp-content\/uploads\/2016\/10\/cremoladera-granita-2-tolvas.jpg","contentUrl":"https:\/\/frionox.com\/catalogo\/wp-content\/uploads\/2016\/10\/cremoladera-granita-2-tolvas.jpg","width":400,"height":400},{"@type":"BreadcrumbList","@id":"https:\/\/frionox.com\/catalogo\/producto\/cremoladera-granita-2-tolvas-modelo-ice-cream-115052c\/#breadcrumb","itemListElement":[{"@type":"ListItem","position":1,"name":"Portada","item":"https:\/\/frionox.com\/catalogo\/"},{"@type":"ListItem","position":2,"name":"Hornos Industriales, Licuadoras Industriales, Cocinas y m\u00e1s","item":"https:\/\/frionox.com\/catalogo\/tienda\/"},{"@type":"ListItem","position":3,"name":"Cremoladera Granita 2 tolvas modelo ice cream &#8211; 115052C"}]},{"@type":"WebSite","@id":"https:\/\/frionox.com\/catalogo\/#website","url":"https:\/\/frionox.com\/catalogo\/","name":"FRIONOX","description":"Equipamiento de cocinas","publisher":{"@id":"https:\/\/frionox.com\/catalogo\/#organization"},"potentialAction":[{"@type":"SearchAction","target":{"@type":"EntryPoint","urlTemplate":"https:\/\/frionox.com\/catalogo\/?s={search_term_string}"},"query-input":{"@type":"PropertyValueSpecification","valueRequired":true,"valueName":"search_term_string"}}],"inLanguage":"es"},{"@type":["Organization","Place","LocalBusiness"],"@id":"https:\/\/frionox.com\/catalogo\/#organization","name":"Frionox Equipamiento de cocinas","url":"https:\/\/frionox.com\/catalogo\/","logo":{"@id":"https:\/\/frionox.com\/catalogo\/producto\/cremoladera-granita-2-tolvas-modelo-ice-cream-115052c\/#local-main-organization-logo"},"image":{"@id":"https:\/\/frionox.com\/catalogo\/producto\/cremoladera-granita-2-tolvas-modelo-ice-cream-115052c\/#local-main-organization-logo"},"sameAs":["https:\/\/facebook.com\/frionox.pe","https:\/\/x.com\/frionoxsac","https:\/\/youtube.com\/@FRIONOXEQUIPAMIENTODECOCINA"],"address":{"@id":"https:\/\/frionox.com\/catalogo\/producto\/cremoladera-granita-2-tolvas-modelo-ice-cream-115052c\/#local-main-place-address"},"geo":{"@type":"GeoCoordinates","latitude":"-11.980133","longitude":"-77.06118200000003"},"telephone":["+5115221181"],"openingHoursSpecification":[{"@type":"OpeningHoursSpecification","dayOfWeek":["Monday","Tuesday","Wednesday","Thursday","Friday","Saturday"],"opens":"08:00","closes":"18:00"},{"@type":"OpeningHoursSpecification","dayOfWeek":["Sunday"],"opens":"00:00","closes":"00:00"}],"email":"cotizaciones@frionox.com"},{"@type":"PostalAddress","@id":"https:\/\/frionox.com\/catalogo\/producto\/cremoladera-granita-2-tolvas-modelo-ice-cream-115052c\/#local-main-place-address","streetAddress":"Av. Oscar R. Benavides 1624","addressLocality":"Cercado de Lima","postalCode":"15082","addressRegion":"Lima","addressCountry":"PE"},{"@type":"ImageObject","inLanguage":"es","@id":"https:\/\/frionox.com\/catalogo\/producto\/cremoladera-granita-2-tolvas-modelo-ice-cream-115052c\/#local-main-organization-logo","url":"https:\/\/frionox.com\/catalogo\/wp-content\/uploads\/2020\/04\/LOGO-MOBILE.png","contentUrl":"https:\/\/frionox.com\/catalogo\/wp-content\/uploads\/2020\/04\/LOGO-MOBILE.png","width":203,"height":61,"caption":"Frionox Equipamiento de cocinas"}]},"product_price_amount":"1.00","product_price_currency":"PEN","og_availability":"instock","product_availability":"instock","product_condition":"new","geo.placename":"Cercado de Lima","geo.position":{"lat":"-11.980133","long":"-77.06118200000003"},"geo.region":"Per\u00fa"},"_links":{"self":[{"href":"https:\/\/frionox.com\/catalogo\/wp-json\/wp\/v2\/product\/4559","targetHints":{"allow":["GET"]}}],"collection":[{"href":"https:\/\/frionox.com\/catalogo\/wp-json\/wp\/v2\/product"}],"about":[{"href":"https:\/\/frionox.com\/catalogo\/wp-json\/wp\/v2\/types\/product"}],"replies":[{"embeddable":true,"href":"https:\/\/frionox.com\/catalogo\/wp-json\/wp\/v2\/comments?post=4559"}],"wp:featuredmedia":[{"embeddable":true,"href":"https:\/\/frionox.com\/catalogo\/wp-json\/wp\/v2\/media\/4560"}],"wp:attachment":[{"href":"https:\/\/frionox.com\/catalogo\/wp-json\/wp\/v2\/media?parent=4559"}],"wp:term":[{"taxonomy":"product_brand","embeddable":true,"href":"https:\/\/frionox.com\/catalogo\/wp-json\/wp\/v2\/product_brand?post=4559"},{"taxonomy":"product_cat","embeddable":true,"href":"https:\/\/frionox.com\/catalogo\/wp-json\/wp\/v2\/product_cat?post=4559"},{"taxonomy":"product_tag","embeddable":true,"href":"https:\/\/frionox.com\/catalogo\/wp-json\/wp\/v2\/product_tag?post=4559"}],"curies":[{"name":"wp","href":"https:\/\/api.w.org\/{rel}","templated":true}]}}