{"id":4556,"date":"2016-10-17T10:57:00","date_gmt":"2016-10-17T15:57:00","guid":{"rendered":"http:\/\/frionox.com\/catalogo\/?post_type=product&#038;p=4556"},"modified":"2023-02-21T11:36:52","modified_gmt":"2023-02-21T16:36:52","slug":"crathco-peru","status":"publish","type":"product","link":"https:\/\/frionox.com\/catalogo\/producto\/crathco-peru\/","title":{"rendered":"Refresquera Crathco 02 tolvas &#8211; D256-4"},"content":{"rendered":"<p>Crathco Peru : Refresquera de 02 tolvas<br \/>\n\u2022 Medidas: 440x380x690 mm<br \/>\n\u2022 Tolvas: de policarbonato.<br \/>\n\u2022 Capacidad: 18.9 litros. por tolva<br \/>\n\u2022 Voltaje: 220V\/60Hz\/2.7A<br \/>\n\u2022 Unidad de Refrigeracion: 1\/6HP<\/p>\n<p><a href=\"http:\/\/facebook.com\/frionox.pe\">http:\/\/facebook.com\/frionox.pe<\/a><\/p>\n<p>En primer lugar:<\/p>\n<ul>\n<li>Refresquera con base de acero inoxidable y laterales de policarbonato, v\u00e1lvulas dispensadoras sin goteo, f\u00e1cil de usar y mantener.<\/li>\n<li>Con un dise\u00f1o excepcional, permiten una mejor limpieza.<\/li>\n<li>El sistema de ingenier\u00eda \u00a0permite el enfriamiento completo de bebidas hasta el \u00faltimo trago.<\/li>\n<li>Tolvas de policarbonato ultra potentes, pr\u00e1cticamente irrompible y con cubiertas durables.<\/li>\n<li>Evaporador \u00fanico y de alta eficiencia hace que la bomba se enfr\u00ede m\u00e1s r\u00e1pido.<\/li>\n<li>Ideal para servir Chicha morada, maracuy\u00e1 u otra bebida. Dispensador de acero inoxidable.<\/li>\n<\/ul>\n<p>Respuestos y servicio t\u00e9cnico de calidad. La calidad de los equipos garantiza una larga vida \u00fatil, produciendo ganancias adicionales y alto impacto visual en su negocio. Equipos dispensadores de Jugos , de 1, 2, 3 tolvas. \u00datiles para jugos, milo, avena ligera, t\u00e9s y m\u00e1s.<\/p>\n<h4>Refresqueras crathco en Peru &#8211; Frionox distribuidor oficial de Crathco &#8211; refresqueras de 1, 2 y 3 tolvas para su negocio. tel\u00e9fono: 015221181<\/h4>\n<p>Solicite una cotizaci\u00f3n: ventas@frionox.com &#8211; cotizaciones@frionox.com<\/p>\n<p>telefonos: 015221181<\/p>\n<p>estamos ubicados en : Calle los taladros #200 &#8211; Independencia &#8211; Lima &#8211; Per\u00fa<\/p>\n<p>&nbsp;<\/p>\n","protected":false},"excerpt":{"rendered":"<p>Nombre: Refresquera de 02 tolvas<br \/>\n\u2022 Medidas: 440x380x690 mm<br \/>\n\u2022 Tolvas: de policarbonato.<br \/>\n\u2022 Capacidad: 18.9 litros. por tolva<br \/>\n\u2022 Voltaje: 220V\/60Hz\/2.7A<br \/>\n\u2022 Unidad de Refrigeracion: 1\/6HP<\/p>\n","protected":false},"featured_media":4552,"comment_status":"open","ping_status":"closed","template":"","meta":[],"product_brand":[],"product_cat":[130],"product_tag":[],"class_list":{"0":"post-4556","1":"product","2":"type-product","3":"status-publish","4":"has-post-thumbnail","6":"product_cat-refresqueras-cremoladeras","7":"pa_marcas-crathco","9":"first","10":"instock","11":"shipping-taxable","12":"purchasable","13":"product-type-simple"},"yoast_head":"<!-- This site is optimized with the Yoast SEO Premium plugin v27.1 (Yoast SEO v27.1.1) - https:\/\/yoast.com\/product\/yoast-seo-premium-wordpress\/ -->\n<title>Crathco Peru - Refresqueras - Frionox Distribuidor oficial de Crathco<\/title>\n<meta name=\"description\" content=\"Crathco Peru - Refresqueras - Frionox distribuidor oficial de Crathco - refresqueras de 1, 2 y 3 tolvas para su negocio. tel\u00e9fono: 015221181\" \/>\n<meta name=\"robots\" content=\"index, follow, max-snippet:-1, max-image-preview:large, max-video-preview:-1\" \/>\n<link rel=\"canonical\" href=\"https:\/\/frionox.com\/catalogo\/producto\/crathco-peru\/\" \/>\n<meta property=\"og:locale\" content=\"es_ES\" \/>\n<meta property=\"og:type\" content=\"article\" \/>\n<meta property=\"og:title\" content=\"Refresquera Crathco 02 tolvas - D256-4\" \/>\n<meta property=\"og:description\" content=\"Crathco Peru - Refresqueras - Frionox distribuidor oficial de Crathco - refresqueras de 1, 2 y 3 tolvas para su negocio. tel\u00e9fono: 015221181\" \/>\n<meta property=\"og:url\" content=\"https:\/\/frionox.com\/catalogo\/producto\/crathco-peru\/\" \/>\n<meta property=\"og:site_name\" content=\"FRIONOX\" \/>\n<meta property=\"article:publisher\" content=\"https:\/\/facebook.com\/frionox.pe\" \/>\n<meta property=\"article:modified_time\" content=\"2023-02-21T16:36:52+00:00\" \/>\n<meta property=\"og:image\" content=\"https:\/\/frionox.com\/catalogo\/wp-content\/uploads\/2016\/10\/refresquera-crathco-d256-4-.jpg\" \/>\n\t<meta property=\"og:image:width\" content=\"400\" \/>\n\t<meta property=\"og:image:height\" content=\"400\" \/>\n\t<meta property=\"og:image:type\" content=\"image\/jpeg\" \/>\n<meta name=\"twitter:card\" content=\"summary_large_image\" \/>\n<meta name=\"twitter:site\" content=\"@frionoxsac\" \/>\n<meta name=\"twitter:label1\" content=\"Precio\" \/>\n\t<meta name=\"twitter:data1\" content=\"S\/100.00\" \/>\n\t<meta name=\"twitter:label2\" content=\"Disponibilidad\" \/>\n\t<meta name=\"twitter:data2\" content=\"Disponible\" \/>\n<script type=\"application\/ld+json\" class=\"yoast-schema-graph\">{\"@context\":\"https:\/\/schema.org\",\"@graph\":[{\"@type\":\"WebPage\",\"@id\":\"https:\/\/frionox.com\/catalogo\/producto\/crathco-peru\/\",\"url\":\"https:\/\/frionox.com\/catalogo\/producto\/crathco-peru\/\",\"name\":\"Crathco Peru - Refresqueras - Frionox Distribuidor oficial de Crathco\",\"isPartOf\":{\"@id\":\"https:\/\/frionox.com\/catalogo\/#website\"},\"primaryImageOfPage\":{\"@id\":\"https:\/\/frionox.com\/catalogo\/producto\/crathco-peru\/#primaryimage\"},\"image\":{\"@id\":\"https:\/\/frionox.com\/catalogo\/producto\/crathco-peru\/#primaryimage\"},\"thumbnailUrl\":\"https:\/\/frionox.com\/catalogo\/wp-content\/uploads\/2016\/10\/refresquera-crathco-d256-4-.jpg\",\"datePublished\":\"2016-10-17T15:57:00+00:00\",\"dateModified\":\"2023-02-21T16:36:52+00:00\",\"description\":\"Crathco Peru - Refresqueras - Frionox distribuidor oficial de Crathco - refresqueras de 1, 2 y 3 tolvas para su negocio. tel\u00e9fono: 015221181\",\"breadcrumb\":{\"@id\":\"https:\/\/frionox.com\/catalogo\/producto\/crathco-peru\/#breadcrumb\"},\"inLanguage\":\"es\",\"potentialAction\":[{\"@type\":\"ReadAction\",\"target\":[\"https:\/\/frionox.com\/catalogo\/producto\/crathco-peru\/\"]}]},{\"@type\":\"ImageObject\",\"inLanguage\":\"es\",\"@id\":\"https:\/\/frionox.com\/catalogo\/producto\/crathco-peru\/#primaryimage\",\"url\":\"https:\/\/frionox.com\/catalogo\/wp-content\/uploads\/2016\/10\/refresquera-crathco-d256-4-.jpg\",\"contentUrl\":\"https:\/\/frionox.com\/catalogo\/wp-content\/uploads\/2016\/10\/refresquera-crathco-d256-4-.jpg\",\"width\":400,\"height\":400,\"caption\":\"crathco Peru - frionox\"},{\"@type\":\"BreadcrumbList\",\"@id\":\"https:\/\/frionox.com\/catalogo\/producto\/crathco-peru\/#breadcrumb\",\"itemListElement\":[{\"@type\":\"ListItem\",\"position\":1,\"name\":\"Portada\",\"item\":\"https:\/\/frionox.com\/catalogo\/\"},{\"@type\":\"ListItem\",\"position\":2,\"name\":\"Hornos Industriales, Licuadoras Industriales, Cocinas y m\u00e1s\",\"item\":\"https:\/\/frionox.com\/catalogo\/tienda\/\"},{\"@type\":\"ListItem\",\"position\":3,\"name\":\"Refresquera Crathco 02 tolvas &#8211; D256-4\"}]},{\"@type\":\"WebSite\",\"@id\":\"https:\/\/frionox.com\/catalogo\/#website\",\"url\":\"https:\/\/frionox.com\/catalogo\/\",\"name\":\"FRIONOX\",\"description\":\"Equipamiento de cocinas\",\"publisher\":{\"@id\":\"https:\/\/frionox.com\/catalogo\/#organization\"},\"potentialAction\":[{\"@type\":\"SearchAction\",\"target\":{\"@type\":\"EntryPoint\",\"urlTemplate\":\"https:\/\/frionox.com\/catalogo\/?s={search_term_string}\"},\"query-input\":{\"@type\":\"PropertyValueSpecification\",\"valueRequired\":true,\"valueName\":\"search_term_string\"}}],\"inLanguage\":\"es\"},{\"@type\":[\"Organization\",\"Place\",\"LocalBusiness\"],\"@id\":\"https:\/\/frionox.com\/catalogo\/#organization\",\"name\":\"Frionox Equipamiento de cocinas\",\"url\":\"https:\/\/frionox.com\/catalogo\/\",\"logo\":{\"@id\":\"https:\/\/frionox.com\/catalogo\/producto\/crathco-peru\/#local-main-organization-logo\"},\"image\":{\"@id\":\"https:\/\/frionox.com\/catalogo\/producto\/crathco-peru\/#local-main-organization-logo\"},\"sameAs\":[\"https:\/\/facebook.com\/frionox.pe\",\"https:\/\/x.com\/frionoxsac\",\"https:\/\/youtube.com\/@FRIONOXEQUIPAMIENTODECOCINA\"],\"address\":{\"@id\":\"https:\/\/frionox.com\/catalogo\/producto\/crathco-peru\/#local-main-place-address\"},\"geo\":{\"@type\":\"GeoCoordinates\",\"latitude\":\"-11.980133\",\"longitude\":\"-77.06118200000003\"},\"telephone\":[\"+5115221181\"],\"openingHoursSpecification\":[{\"@type\":\"OpeningHoursSpecification\",\"dayOfWeek\":[\"Monday\",\"Tuesday\",\"Wednesday\",\"Thursday\",\"Friday\",\"Saturday\"],\"opens\":\"08:00\",\"closes\":\"18:00\"},{\"@type\":\"OpeningHoursSpecification\",\"dayOfWeek\":[\"Sunday\"],\"opens\":\"00:00\",\"closes\":\"00:00\"}],\"email\":\"cotizaciones@frionox.com\"},{\"@type\":\"PostalAddress\",\"@id\":\"https:\/\/frionox.com\/catalogo\/producto\/crathco-peru\/#local-main-place-address\",\"streetAddress\":\"Av. Oscar R. Benavides 1624\",\"addressLocality\":\"Cercado de Lima\",\"postalCode\":\"15082\",\"addressRegion\":\"Lima\",\"addressCountry\":\"PE\"},{\"@type\":\"ImageObject\",\"inLanguage\":\"es\",\"@id\":\"https:\/\/frionox.com\/catalogo\/producto\/crathco-peru\/#local-main-organization-logo\",\"url\":\"https:\/\/frionox.com\/catalogo\/wp-content\/uploads\/2020\/04\/LOGO-MOBILE.png\",\"contentUrl\":\"https:\/\/frionox.com\/catalogo\/wp-content\/uploads\/2020\/04\/LOGO-MOBILE.png\",\"width\":203,\"height\":61,\"caption\":\"Frionox Equipamiento de cocinas\"}]}<\/script>\n<meta property=\"product:price:amount\" content=\"100.00\" \/>\n<meta property=\"product:price:currency\" content=\"PEN\" \/>\n<meta property=\"og:availability\" content=\"instock\" \/>\n<meta property=\"product:availability\" content=\"instock\" \/>\n<meta property=\"product:condition\" content=\"new\" \/>\n<meta name=\"geo.placename\" content=\"Cercado de Lima\" \/>\n<meta name=\"geo.position\" content=\"-11.980133;-77.06118200000003\" \/>\n<meta name=\"geo.region\" content=\"Per\u00fa\" \/>\n<!-- \/ Yoast SEO Premium plugin. -->","yoast_head_json":{"title":"Crathco Peru - Refresqueras - Frionox Distribuidor oficial de Crathco","description":"Crathco Peru - Refresqueras - Frionox distribuidor oficial de Crathco - refresqueras de 1, 2 y 3 tolvas para su negocio. tel\u00e9fono: 015221181","robots":{"index":"index","follow":"follow","max-snippet":"max-snippet:-1","max-image-preview":"max-image-preview:large","max-video-preview":"max-video-preview:-1"},"canonical":"https:\/\/frionox.com\/catalogo\/producto\/crathco-peru\/","og_locale":"es_ES","og_type":"article","og_title":"Refresquera Crathco 02 tolvas - D256-4","og_description":"Crathco Peru - Refresqueras - Frionox distribuidor oficial de Crathco - refresqueras de 1, 2 y 3 tolvas para su negocio. tel\u00e9fono: 015221181","og_url":"https:\/\/frionox.com\/catalogo\/producto\/crathco-peru\/","og_site_name":"FRIONOX","article_publisher":"https:\/\/facebook.com\/frionox.pe","article_modified_time":"2023-02-21T16:36:52+00:00","og_image":[{"width":400,"height":400,"url":"https:\/\/frionox.com\/catalogo\/wp-content\/uploads\/2016\/10\/refresquera-crathco-d256-4-.jpg","type":"image\/jpeg"}],"twitter_card":"summary_large_image","twitter_site":"@frionoxsac","twitter_misc":{"Precio":"S\/100.00","Disponibilidad":"Disponible"},"schema":{"@context":"https:\/\/schema.org","@graph":[{"@type":"WebPage","@id":"https:\/\/frionox.com\/catalogo\/producto\/crathco-peru\/","url":"https:\/\/frionox.com\/catalogo\/producto\/crathco-peru\/","name":"Crathco Peru - Refresqueras - Frionox Distribuidor oficial de Crathco","isPartOf":{"@id":"https:\/\/frionox.com\/catalogo\/#website"},"primaryImageOfPage":{"@id":"https:\/\/frionox.com\/catalogo\/producto\/crathco-peru\/#primaryimage"},"image":{"@id":"https:\/\/frionox.com\/catalogo\/producto\/crathco-peru\/#primaryimage"},"thumbnailUrl":"https:\/\/frionox.com\/catalogo\/wp-content\/uploads\/2016\/10\/refresquera-crathco-d256-4-.jpg","datePublished":"2016-10-17T15:57:00+00:00","dateModified":"2023-02-21T16:36:52+00:00","description":"Crathco Peru - Refresqueras - Frionox distribuidor oficial de Crathco - refresqueras de 1, 2 y 3 tolvas para su negocio. tel\u00e9fono: 015221181","breadcrumb":{"@id":"https:\/\/frionox.com\/catalogo\/producto\/crathco-peru\/#breadcrumb"},"inLanguage":"es","potentialAction":[{"@type":"ReadAction","target":["https:\/\/frionox.com\/catalogo\/producto\/crathco-peru\/"]}]},{"@type":"ImageObject","inLanguage":"es","@id":"https:\/\/frionox.com\/catalogo\/producto\/crathco-peru\/#primaryimage","url":"https:\/\/frionox.com\/catalogo\/wp-content\/uploads\/2016\/10\/refresquera-crathco-d256-4-.jpg","contentUrl":"https:\/\/frionox.com\/catalogo\/wp-content\/uploads\/2016\/10\/refresquera-crathco-d256-4-.jpg","width":400,"height":400,"caption":"crathco Peru - frionox"},{"@type":"BreadcrumbList","@id":"https:\/\/frionox.com\/catalogo\/producto\/crathco-peru\/#breadcrumb","itemListElement":[{"@type":"ListItem","position":1,"name":"Portada","item":"https:\/\/frionox.com\/catalogo\/"},{"@type":"ListItem","position":2,"name":"Hornos Industriales, Licuadoras Industriales, Cocinas y m\u00e1s","item":"https:\/\/frionox.com\/catalogo\/tienda\/"},{"@type":"ListItem","position":3,"name":"Refresquera Crathco 02 tolvas &#8211; D256-4"}]},{"@type":"WebSite","@id":"https:\/\/frionox.com\/catalogo\/#website","url":"https:\/\/frionox.com\/catalogo\/","name":"FRIONOX","description":"Equipamiento de cocinas","publisher":{"@id":"https:\/\/frionox.com\/catalogo\/#organization"},"potentialAction":[{"@type":"SearchAction","target":{"@type":"EntryPoint","urlTemplate":"https:\/\/frionox.com\/catalogo\/?s={search_term_string}"},"query-input":{"@type":"PropertyValueSpecification","valueRequired":true,"valueName":"search_term_string"}}],"inLanguage":"es"},{"@type":["Organization","Place","LocalBusiness"],"@id":"https:\/\/frionox.com\/catalogo\/#organization","name":"Frionox Equipamiento de cocinas","url":"https:\/\/frionox.com\/catalogo\/","logo":{"@id":"https:\/\/frionox.com\/catalogo\/producto\/crathco-peru\/#local-main-organization-logo"},"image":{"@id":"https:\/\/frionox.com\/catalogo\/producto\/crathco-peru\/#local-main-organization-logo"},"sameAs":["https:\/\/facebook.com\/frionox.pe","https:\/\/x.com\/frionoxsac","https:\/\/youtube.com\/@FRIONOXEQUIPAMIENTODECOCINA"],"address":{"@id":"https:\/\/frionox.com\/catalogo\/producto\/crathco-peru\/#local-main-place-address"},"geo":{"@type":"GeoCoordinates","latitude":"-11.980133","longitude":"-77.06118200000003"},"telephone":["+5115221181"],"openingHoursSpecification":[{"@type":"OpeningHoursSpecification","dayOfWeek":["Monday","Tuesday","Wednesday","Thursday","Friday","Saturday"],"opens":"08:00","closes":"18:00"},{"@type":"OpeningHoursSpecification","dayOfWeek":["Sunday"],"opens":"00:00","closes":"00:00"}],"email":"cotizaciones@frionox.com"},{"@type":"PostalAddress","@id":"https:\/\/frionox.com\/catalogo\/producto\/crathco-peru\/#local-main-place-address","streetAddress":"Av. Oscar R. Benavides 1624","addressLocality":"Cercado de Lima","postalCode":"15082","addressRegion":"Lima","addressCountry":"PE"},{"@type":"ImageObject","inLanguage":"es","@id":"https:\/\/frionox.com\/catalogo\/producto\/crathco-peru\/#local-main-organization-logo","url":"https:\/\/frionox.com\/catalogo\/wp-content\/uploads\/2020\/04\/LOGO-MOBILE.png","contentUrl":"https:\/\/frionox.com\/catalogo\/wp-content\/uploads\/2020\/04\/LOGO-MOBILE.png","width":203,"height":61,"caption":"Frionox Equipamiento de cocinas"}]},"product_price_amount":"100.00","product_price_currency":"PEN","og_availability":"instock","product_availability":"instock","product_condition":"new","geo.placename":"Cercado de Lima","geo.position":{"lat":"-11.980133","long":"-77.06118200000003"},"geo.region":"Per\u00fa"},"_links":{"self":[{"href":"https:\/\/frionox.com\/catalogo\/wp-json\/wp\/v2\/product\/4556","targetHints":{"allow":["GET"]}}],"collection":[{"href":"https:\/\/frionox.com\/catalogo\/wp-json\/wp\/v2\/product"}],"about":[{"href":"https:\/\/frionox.com\/catalogo\/wp-json\/wp\/v2\/types\/product"}],"replies":[{"embeddable":true,"href":"https:\/\/frionox.com\/catalogo\/wp-json\/wp\/v2\/comments?post=4556"}],"wp:featuredmedia":[{"embeddable":true,"href":"https:\/\/frionox.com\/catalogo\/wp-json\/wp\/v2\/media\/4552"}],"wp:attachment":[{"href":"https:\/\/frionox.com\/catalogo\/wp-json\/wp\/v2\/media?parent=4556"}],"wp:term":[{"taxonomy":"product_brand","embeddable":true,"href":"https:\/\/frionox.com\/catalogo\/wp-json\/wp\/v2\/product_brand?post=4556"},{"taxonomy":"product_cat","embeddable":true,"href":"https:\/\/frionox.com\/catalogo\/wp-json\/wp\/v2\/product_cat?post=4556"},{"taxonomy":"product_tag","embeddable":true,"href":"https:\/\/frionox.com\/catalogo\/wp-json\/wp\/v2\/product_tag?post=4556"}],"curies":[{"name":"wp","href":"https:\/\/api.w.org\/{rel}","templated":true}]}}