{"id":4348,"date":"2016-10-05T18:59:11","date_gmt":"2016-10-05T23:59:11","guid":{"rendered":"http:\/\/frionox.com\/catalogo\/?post_type=product&#038;p=4348"},"modified":"2021-05-13T18:45:15","modified_gmt":"2021-05-13T23:45:15","slug":"vitrina-pasteleria-infrico-vgl14r","status":"publish","type":"product","link":"https:\/\/frionox.com\/catalogo\/producto\/vitrina-pasteleria-infrico-vgl14r\/","title":{"rendered":"Vitrina pasteleria Infrico &#8211; VGL14R"},"content":{"rendered":"<div class=\"description\">\n<p><strong>DESCRIPCI\u00d3N<\/strong><\/p>\n<div class=\"description\">\n<div class=\"std\">Vitrina de pasteleria refrigerada Linea Glac\u00e9. Exterior e interior en chapa plastificada. Plano de exposici\u00f3n , encimera de trabajo y plano superior en acero Inox. AISI 304. Costados y decoraci\u00f3n en DM hidr\u00f3fugo lacado. Perfiles en aluminio anodizado . Aislamiento de poliuretano inyextado a alta presi\u00f3n libre de CFC&#8217;s condensidad de 40 kg\/m3. Bancada en acero esmaltado con niveladores. Iluminaci\u00f3n en el perfil superior, estantes y decoraci\u00f3n. Iluminaci\u00f3n de bajo consumo y nulo efecto cal\u00f3rico po r medio de tecnologia LED. Claro de puerta de acceso a la reserva de 430&#215;230 mm. Reserva refrigerada con ventiladores. Cristal frontal securizado abatible. Cristales laterales securizados. Evaporador tratado con epoxi de poli\u00e9ster anticorrosi\u00f3n. Med idas: 1445x985x1 345 mm. Espesor de laterales: 30+30 mm. Potencia: 560 w. Tensi\u00f3n: 220\/50. Volumen c\u00e1mara: 250 l. n\u00ba de puertas: 2. Superf\u00edcie de exposici\u00f3n: 1,5 m2. 2 estantes. Compresor: 1\/4 HP. Potencia frigor\u00edfica (a -10\u00baC) : 580 w. Consumo: 9 kw h\/24h. Condensaci\u00f3n ventil: 580 w. Consumo: 9 kw h\/24h. Condensaci\u00f3n ventilada. Evaporaci\u00f3n semi est\u00e1tica.<\/div>\n<\/div>\n<div class=\"short-description\">\n<dl class=\"dl-horizontal\">\n<dt>Modelo:<\/dt>\n<dd>VGL 14 R<\/dd>\n<dt>Medidas:<\/dt>\n<dd>1505.00&#215;985.00&#215;1345.00 mm<\/dd>\n<dt>Plazo de entrega:<\/dt>\n<dd>15 d\u00edas<\/dd>\n<dt>Tipo de energ\u00eda:<\/dt>\n<dd>El\u00e9ctrico<\/dd>\n<dt>Potencia Kw:<\/dt>\n<dd>0,56 Kw<\/dd>\n<dt>Garant\u00eda:<\/dt>\n<dd>1 A\u00d1O<\/dd>\n<\/dl>\n<\/div>\n<\/div>\n","protected":false},"excerpt":{"rendered":"<p>Vitrina de pasteleria refrigerada Linea Glac\u00e9. Exterior e interior en chapa plastificada. Plano de exposici\u00f3n , encimera de trabajo y plano superior en acero Inox. AISI 304. Costados y decoraci\u00f3n en DM hidr\u00f3fugo lacado. Perfiles en aluminio anodizado . Aislamiento de poliuretano inyextado a alta presi\u00f3n libre de CFC&#8217;s condensidad de 40 kg\/m3.<\/p>\n","protected":false},"featured_media":4349,"comment_status":"open","ping_status":"closed","template":"","meta":[],"product_brand":[],"product_cat":[107],"product_tag":[],"class_list":{"0":"post-4348","1":"product","2":"type-product","3":"status-publish","4":"has-post-thumbnail","6":"product_cat-vitrinas-exhibidoras","7":"pa_marcas-infrico","9":"first","10":"instock","11":"shipping-taxable","12":"purchasable","13":"product-type-simple"},"yoast_head":"<!-- This site is optimized with the Yoast SEO Premium plugin v27.1 (Yoast SEO v27.1.1) - https:\/\/yoast.com\/product\/yoast-seo-premium-wordpress\/ -->\n<title>Vitrina pasteleria Infrico - VGL14R - FRIONOX<\/title>\n<meta name=\"description\" content=\"Vitrina de pasteleria refrigerada Linea Glac\u00e9. Exterior e interior en chapa plastificada. Plano de exposici\u00f3n , encimera de trabajo y plano superior en acero Inox. AISI 304. Costados y decoraci\u00f3n en DM hidr\u00f3fugo lacado. Perfiles en aluminio anodizado . Aislamiento de poliuretano inyextado a alta presi\u00f3n libre de CFC&#039;s condensidad de 40 kg\/m3.\" \/>\n<meta name=\"robots\" content=\"index, follow, max-snippet:-1, max-image-preview:large, max-video-preview:-1\" \/>\n<link rel=\"canonical\" href=\"https:\/\/frionox.com\/catalogo\/producto\/vitrina-pasteleria-infrico-vgl14r\/\" \/>\n<meta property=\"og:locale\" content=\"es_ES\" \/>\n<meta property=\"og:type\" content=\"article\" \/>\n<meta property=\"og:title\" content=\"Vitrina pasteleria Infrico - VGL14R\" \/>\n<meta property=\"og:description\" content=\"Vitrina de pasteleria refrigerada Linea Glac\u00e9. Exterior e interior en chapa plastificada. Plano de exposici\u00f3n , encimera de trabajo y plano superior en acero Inox. AISI 304. Costados y decoraci\u00f3n en DM hidr\u00f3fugo lacado. Perfiles en aluminio anodizado . Aislamiento de poliuretano inyextado a alta presi\u00f3n libre de CFC&#039;s condensidad de 40 kg\/m3.\" \/>\n<meta property=\"og:url\" content=\"https:\/\/frionox.com\/catalogo\/producto\/vitrina-pasteleria-infrico-vgl14r\/\" \/>\n<meta property=\"og:site_name\" content=\"FRIONOX\" \/>\n<meta property=\"article:publisher\" content=\"https:\/\/facebook.com\/frionox.pe\" \/>\n<meta property=\"article:modified_time\" content=\"2021-05-13T23:45:15+00:00\" \/>\n<meta property=\"og:image\" content=\"https:\/\/frionox.com\/catalogo\/wp-content\/uploads\/2016\/10\/1b71d6051f67c3123cc94efca1086420_S.jpg\" \/>\n\t<meta property=\"og:image:width\" content=\"240\" \/>\n\t<meta property=\"og:image:height\" content=\"240\" \/>\n\t<meta property=\"og:image:type\" content=\"image\/jpeg\" \/>\n<meta name=\"twitter:card\" content=\"summary_large_image\" \/>\n<meta name=\"twitter:site\" content=\"@frionoxsac\" \/>\n<meta name=\"twitter:label1\" content=\"Precio\" \/>\n\t<meta name=\"twitter:data1\" content=\"S\/1.00\" \/>\n\t<meta name=\"twitter:label2\" content=\"Disponibilidad\" \/>\n\t<meta name=\"twitter:data2\" content=\"Disponible\" \/>\n<script type=\"application\/ld+json\" class=\"yoast-schema-graph\">{\"@context\":\"https:\/\/schema.org\",\"@graph\":[{\"@type\":\"WebPage\",\"@id\":\"https:\/\/frionox.com\/catalogo\/producto\/vitrina-pasteleria-infrico-vgl14r\/\",\"url\":\"https:\/\/frionox.com\/catalogo\/producto\/vitrina-pasteleria-infrico-vgl14r\/\",\"name\":\"Vitrina pasteleria Infrico - VGL14R - FRIONOX\",\"isPartOf\":{\"@id\":\"https:\/\/frionox.com\/catalogo\/#website\"},\"primaryImageOfPage\":{\"@id\":\"https:\/\/frionox.com\/catalogo\/producto\/vitrina-pasteleria-infrico-vgl14r\/#primaryimage\"},\"image\":{\"@id\":\"https:\/\/frionox.com\/catalogo\/producto\/vitrina-pasteleria-infrico-vgl14r\/#primaryimage\"},\"thumbnailUrl\":\"https:\/\/frionox.com\/catalogo\/wp-content\/uploads\/2016\/10\/1b71d6051f67c3123cc94efca1086420_S.jpg\",\"datePublished\":\"2016-10-05T23:59:11+00:00\",\"dateModified\":\"2021-05-13T23:45:15+00:00\",\"description\":\"Vitrina de pasteleria refrigerada Linea Glac\u00e9. Exterior e interior en chapa plastificada. Plano de exposici\u00f3n , encimera de trabajo y plano superior en acero Inox. AISI 304. Costados y decoraci\u00f3n en DM hidr\u00f3fugo lacado. Perfiles en aluminio anodizado . Aislamiento de poliuretano inyextado a alta presi\u00f3n libre de CFC's condensidad de 40 kg\/m3.\",\"breadcrumb\":{\"@id\":\"https:\/\/frionox.com\/catalogo\/producto\/vitrina-pasteleria-infrico-vgl14r\/#breadcrumb\"},\"inLanguage\":\"es\",\"potentialAction\":[{\"@type\":\"ReadAction\",\"target\":[\"https:\/\/frionox.com\/catalogo\/producto\/vitrina-pasteleria-infrico-vgl14r\/\"]}]},{\"@type\":\"ImageObject\",\"inLanguage\":\"es\",\"@id\":\"https:\/\/frionox.com\/catalogo\/producto\/vitrina-pasteleria-infrico-vgl14r\/#primaryimage\",\"url\":\"https:\/\/frionox.com\/catalogo\/wp-content\/uploads\/2016\/10\/1b71d6051f67c3123cc94efca1086420_S.jpg\",\"contentUrl\":\"https:\/\/frionox.com\/catalogo\/wp-content\/uploads\/2016\/10\/1b71d6051f67c3123cc94efca1086420_S.jpg\",\"width\":240,\"height\":240},{\"@type\":\"BreadcrumbList\",\"@id\":\"https:\/\/frionox.com\/catalogo\/producto\/vitrina-pasteleria-infrico-vgl14r\/#breadcrumb\",\"itemListElement\":[{\"@type\":\"ListItem\",\"position\":1,\"name\":\"Portada\",\"item\":\"https:\/\/frionox.com\/catalogo\/\"},{\"@type\":\"ListItem\",\"position\":2,\"name\":\"Hornos Industriales, Licuadoras Industriales, Cocinas y m\u00e1s\",\"item\":\"https:\/\/frionox.com\/catalogo\/tienda\/\"},{\"@type\":\"ListItem\",\"position\":3,\"name\":\"Vitrina pasteleria Infrico &#8211; VGL14R\"}]},{\"@type\":\"WebSite\",\"@id\":\"https:\/\/frionox.com\/catalogo\/#website\",\"url\":\"https:\/\/frionox.com\/catalogo\/\",\"name\":\"FRIONOX\",\"description\":\"Equipamiento de cocinas\",\"publisher\":{\"@id\":\"https:\/\/frionox.com\/catalogo\/#organization\"},\"potentialAction\":[{\"@type\":\"SearchAction\",\"target\":{\"@type\":\"EntryPoint\",\"urlTemplate\":\"https:\/\/frionox.com\/catalogo\/?s={search_term_string}\"},\"query-input\":{\"@type\":\"PropertyValueSpecification\",\"valueRequired\":true,\"valueName\":\"search_term_string\"}}],\"inLanguage\":\"es\"},{\"@type\":[\"Organization\",\"Place\",\"LocalBusiness\"],\"@id\":\"https:\/\/frionox.com\/catalogo\/#organization\",\"name\":\"Frionox Equipamiento de cocinas\",\"url\":\"https:\/\/frionox.com\/catalogo\/\",\"logo\":{\"@id\":\"https:\/\/frionox.com\/catalogo\/producto\/vitrina-pasteleria-infrico-vgl14r\/#local-main-organization-logo\"},\"image\":{\"@id\":\"https:\/\/frionox.com\/catalogo\/producto\/vitrina-pasteleria-infrico-vgl14r\/#local-main-organization-logo\"},\"sameAs\":[\"https:\/\/facebook.com\/frionox.pe\",\"https:\/\/x.com\/frionoxsac\",\"https:\/\/youtube.com\/@FRIONOXEQUIPAMIENTODECOCINA\"],\"address\":{\"@id\":\"https:\/\/frionox.com\/catalogo\/producto\/vitrina-pasteleria-infrico-vgl14r\/#local-main-place-address\"},\"geo\":{\"@type\":\"GeoCoordinates\",\"latitude\":\"-11.980133\",\"longitude\":\"-77.06118200000003\"},\"telephone\":[\"+5115221181\"],\"openingHoursSpecification\":[{\"@type\":\"OpeningHoursSpecification\",\"dayOfWeek\":[\"Monday\",\"Tuesday\",\"Wednesday\",\"Thursday\",\"Friday\",\"Saturday\"],\"opens\":\"08:00\",\"closes\":\"18:00\"},{\"@type\":\"OpeningHoursSpecification\",\"dayOfWeek\":[\"Sunday\"],\"opens\":\"00:00\",\"closes\":\"00:00\"}],\"email\":\"cotizaciones@frionox.com\"},{\"@type\":\"PostalAddress\",\"@id\":\"https:\/\/frionox.com\/catalogo\/producto\/vitrina-pasteleria-infrico-vgl14r\/#local-main-place-address\",\"streetAddress\":\"Av. Oscar R. Benavides 1624\",\"addressLocality\":\"Cercado de Lima\",\"postalCode\":\"15082\",\"addressRegion\":\"Lima\",\"addressCountry\":\"PE\"},{\"@type\":\"ImageObject\",\"inLanguage\":\"es\",\"@id\":\"https:\/\/frionox.com\/catalogo\/producto\/vitrina-pasteleria-infrico-vgl14r\/#local-main-organization-logo\",\"url\":\"https:\/\/frionox.com\/catalogo\/wp-content\/uploads\/2020\/04\/LOGO-MOBILE.png\",\"contentUrl\":\"https:\/\/frionox.com\/catalogo\/wp-content\/uploads\/2020\/04\/LOGO-MOBILE.png\",\"width\":203,\"height\":61,\"caption\":\"Frionox Equipamiento de cocinas\"}]}<\/script>\n<meta property=\"product:price:amount\" content=\"1.00\" \/>\n<meta property=\"product:price:currency\" content=\"PEN\" \/>\n<meta property=\"og:availability\" content=\"instock\" \/>\n<meta property=\"product:availability\" content=\"instock\" \/>\n<meta property=\"product:condition\" content=\"new\" \/>\n<meta name=\"geo.placename\" content=\"Cercado de Lima\" \/>\n<meta name=\"geo.position\" content=\"-11.980133;-77.06118200000003\" \/>\n<meta name=\"geo.region\" content=\"Per\u00fa\" \/>\n<!-- \/ Yoast SEO Premium plugin. -->","yoast_head_json":{"title":"Vitrina pasteleria Infrico - VGL14R - FRIONOX","description":"Vitrina de pasteleria refrigerada Linea Glac\u00e9. Exterior e interior en chapa plastificada. Plano de exposici\u00f3n , encimera de trabajo y plano superior en acero Inox. AISI 304. Costados y decoraci\u00f3n en DM hidr\u00f3fugo lacado. Perfiles en aluminio anodizado . Aislamiento de poliuretano inyextado a alta presi\u00f3n libre de CFC's condensidad de 40 kg\/m3.","robots":{"index":"index","follow":"follow","max-snippet":"max-snippet:-1","max-image-preview":"max-image-preview:large","max-video-preview":"max-video-preview:-1"},"canonical":"https:\/\/frionox.com\/catalogo\/producto\/vitrina-pasteleria-infrico-vgl14r\/","og_locale":"es_ES","og_type":"article","og_title":"Vitrina pasteleria Infrico - VGL14R","og_description":"Vitrina de pasteleria refrigerada Linea Glac\u00e9. Exterior e interior en chapa plastificada. Plano de exposici\u00f3n , encimera de trabajo y plano superior en acero Inox. AISI 304. Costados y decoraci\u00f3n en DM hidr\u00f3fugo lacado. Perfiles en aluminio anodizado . Aislamiento de poliuretano inyextado a alta presi\u00f3n libre de CFC's condensidad de 40 kg\/m3.","og_url":"https:\/\/frionox.com\/catalogo\/producto\/vitrina-pasteleria-infrico-vgl14r\/","og_site_name":"FRIONOX","article_publisher":"https:\/\/facebook.com\/frionox.pe","article_modified_time":"2021-05-13T23:45:15+00:00","og_image":[{"width":240,"height":240,"url":"https:\/\/frionox.com\/catalogo\/wp-content\/uploads\/2016\/10\/1b71d6051f67c3123cc94efca1086420_S.jpg","type":"image\/jpeg"}],"twitter_card":"summary_large_image","twitter_site":"@frionoxsac","twitter_misc":{"Precio":"S\/1.00","Disponibilidad":"Disponible"},"schema":{"@context":"https:\/\/schema.org","@graph":[{"@type":"WebPage","@id":"https:\/\/frionox.com\/catalogo\/producto\/vitrina-pasteleria-infrico-vgl14r\/","url":"https:\/\/frionox.com\/catalogo\/producto\/vitrina-pasteleria-infrico-vgl14r\/","name":"Vitrina pasteleria Infrico - VGL14R - FRIONOX","isPartOf":{"@id":"https:\/\/frionox.com\/catalogo\/#website"},"primaryImageOfPage":{"@id":"https:\/\/frionox.com\/catalogo\/producto\/vitrina-pasteleria-infrico-vgl14r\/#primaryimage"},"image":{"@id":"https:\/\/frionox.com\/catalogo\/producto\/vitrina-pasteleria-infrico-vgl14r\/#primaryimage"},"thumbnailUrl":"https:\/\/frionox.com\/catalogo\/wp-content\/uploads\/2016\/10\/1b71d6051f67c3123cc94efca1086420_S.jpg","datePublished":"2016-10-05T23:59:11+00:00","dateModified":"2021-05-13T23:45:15+00:00","description":"Vitrina de pasteleria refrigerada Linea Glac\u00e9. Exterior e interior en chapa plastificada. Plano de exposici\u00f3n , encimera de trabajo y plano superior en acero Inox. AISI 304. Costados y decoraci\u00f3n en DM hidr\u00f3fugo lacado. Perfiles en aluminio anodizado . Aislamiento de poliuretano inyextado a alta presi\u00f3n libre de CFC's condensidad de 40 kg\/m3.","breadcrumb":{"@id":"https:\/\/frionox.com\/catalogo\/producto\/vitrina-pasteleria-infrico-vgl14r\/#breadcrumb"},"inLanguage":"es","potentialAction":[{"@type":"ReadAction","target":["https:\/\/frionox.com\/catalogo\/producto\/vitrina-pasteleria-infrico-vgl14r\/"]}]},{"@type":"ImageObject","inLanguage":"es","@id":"https:\/\/frionox.com\/catalogo\/producto\/vitrina-pasteleria-infrico-vgl14r\/#primaryimage","url":"https:\/\/frionox.com\/catalogo\/wp-content\/uploads\/2016\/10\/1b71d6051f67c3123cc94efca1086420_S.jpg","contentUrl":"https:\/\/frionox.com\/catalogo\/wp-content\/uploads\/2016\/10\/1b71d6051f67c3123cc94efca1086420_S.jpg","width":240,"height":240},{"@type":"BreadcrumbList","@id":"https:\/\/frionox.com\/catalogo\/producto\/vitrina-pasteleria-infrico-vgl14r\/#breadcrumb","itemListElement":[{"@type":"ListItem","position":1,"name":"Portada","item":"https:\/\/frionox.com\/catalogo\/"},{"@type":"ListItem","position":2,"name":"Hornos Industriales, Licuadoras Industriales, Cocinas y m\u00e1s","item":"https:\/\/frionox.com\/catalogo\/tienda\/"},{"@type":"ListItem","position":3,"name":"Vitrina pasteleria Infrico &#8211; VGL14R"}]},{"@type":"WebSite","@id":"https:\/\/frionox.com\/catalogo\/#website","url":"https:\/\/frionox.com\/catalogo\/","name":"FRIONOX","description":"Equipamiento de cocinas","publisher":{"@id":"https:\/\/frionox.com\/catalogo\/#organization"},"potentialAction":[{"@type":"SearchAction","target":{"@type":"EntryPoint","urlTemplate":"https:\/\/frionox.com\/catalogo\/?s={search_term_string}"},"query-input":{"@type":"PropertyValueSpecification","valueRequired":true,"valueName":"search_term_string"}}],"inLanguage":"es"},{"@type":["Organization","Place","LocalBusiness"],"@id":"https:\/\/frionox.com\/catalogo\/#organization","name":"Frionox Equipamiento de cocinas","url":"https:\/\/frionox.com\/catalogo\/","logo":{"@id":"https:\/\/frionox.com\/catalogo\/producto\/vitrina-pasteleria-infrico-vgl14r\/#local-main-organization-logo"},"image":{"@id":"https:\/\/frionox.com\/catalogo\/producto\/vitrina-pasteleria-infrico-vgl14r\/#local-main-organization-logo"},"sameAs":["https:\/\/facebook.com\/frionox.pe","https:\/\/x.com\/frionoxsac","https:\/\/youtube.com\/@FRIONOXEQUIPAMIENTODECOCINA"],"address":{"@id":"https:\/\/frionox.com\/catalogo\/producto\/vitrina-pasteleria-infrico-vgl14r\/#local-main-place-address"},"geo":{"@type":"GeoCoordinates","latitude":"-11.980133","longitude":"-77.06118200000003"},"telephone":["+5115221181"],"openingHoursSpecification":[{"@type":"OpeningHoursSpecification","dayOfWeek":["Monday","Tuesday","Wednesday","Thursday","Friday","Saturday"],"opens":"08:00","closes":"18:00"},{"@type":"OpeningHoursSpecification","dayOfWeek":["Sunday"],"opens":"00:00","closes":"00:00"}],"email":"cotizaciones@frionox.com"},{"@type":"PostalAddress","@id":"https:\/\/frionox.com\/catalogo\/producto\/vitrina-pasteleria-infrico-vgl14r\/#local-main-place-address","streetAddress":"Av. Oscar R. Benavides 1624","addressLocality":"Cercado de Lima","postalCode":"15082","addressRegion":"Lima","addressCountry":"PE"},{"@type":"ImageObject","inLanguage":"es","@id":"https:\/\/frionox.com\/catalogo\/producto\/vitrina-pasteleria-infrico-vgl14r\/#local-main-organization-logo","url":"https:\/\/frionox.com\/catalogo\/wp-content\/uploads\/2020\/04\/LOGO-MOBILE.png","contentUrl":"https:\/\/frionox.com\/catalogo\/wp-content\/uploads\/2020\/04\/LOGO-MOBILE.png","width":203,"height":61,"caption":"Frionox Equipamiento de cocinas"}]},"product_price_amount":"1.00","product_price_currency":"PEN","og_availability":"instock","product_availability":"instock","product_condition":"new","geo.placename":"Cercado de Lima","geo.position":{"lat":"-11.980133","long":"-77.06118200000003"},"geo.region":"Per\u00fa"},"_links":{"self":[{"href":"https:\/\/frionox.com\/catalogo\/wp-json\/wp\/v2\/product\/4348","targetHints":{"allow":["GET"]}}],"collection":[{"href":"https:\/\/frionox.com\/catalogo\/wp-json\/wp\/v2\/product"}],"about":[{"href":"https:\/\/frionox.com\/catalogo\/wp-json\/wp\/v2\/types\/product"}],"replies":[{"embeddable":true,"href":"https:\/\/frionox.com\/catalogo\/wp-json\/wp\/v2\/comments?post=4348"}],"wp:featuredmedia":[{"embeddable":true,"href":"https:\/\/frionox.com\/catalogo\/wp-json\/wp\/v2\/media\/4349"}],"wp:attachment":[{"href":"https:\/\/frionox.com\/catalogo\/wp-json\/wp\/v2\/media?parent=4348"}],"wp:term":[{"taxonomy":"product_brand","embeddable":true,"href":"https:\/\/frionox.com\/catalogo\/wp-json\/wp\/v2\/product_brand?post=4348"},{"taxonomy":"product_cat","embeddable":true,"href":"https:\/\/frionox.com\/catalogo\/wp-json\/wp\/v2\/product_cat?post=4348"},{"taxonomy":"product_tag","embeddable":true,"href":"https:\/\/frionox.com\/catalogo\/wp-json\/wp\/v2\/product_tag?post=4348"}],"curies":[{"name":"wp","href":"https:\/\/api.w.org\/{rel}","templated":true}]}}