{"id":4162,"date":"2016-09-07T18:21:54","date_gmt":"2016-09-07T18:21:54","guid":{"rendered":"http:\/\/frionox.com\/catalogo\/?post_type=product&#038;p=4162"},"modified":"2023-11-06T02:51:37","modified_gmt":"2023-11-06T07:51:37","slug":"secadora-electrolux-t5675","status":"publish","type":"product","link":"https:\/\/frionox.com\/catalogo\/producto\/secadora-electrolux-t5675\/","title":{"rendered":"Secadora Electrolux &#8211; T5675"},"content":{"rendered":"<p>Nombre: Secadora<br \/>\n\u2022 Medidas: 1855 x 960 x 1510.<br \/>\n\u2022 Potencia: 100amp 1ph (34.4kw) o 50amp 3phase (34.6kw)<br \/>\n\u2022 Volumen del cesto litros: 675<br \/>\n\u2022 Di\u00e1metro del cesto mm: 913<br \/>\n\u2022 Con circulaci\u00f3n de aire axial y dise\u00f1o herm\u00e9tico proporciona<br \/>\nun bajo consumo de energ\u00eda<br \/>\n\u2022 Alta producci\u00f3n (2 cargas completas por hora)<br \/>\n\u2022 Puerta amplia para facilitar la carga y descarga<br \/>\n\u2022 Acceso f\u00e1cil y ergon\u00f3mico al filtro de pelusas<br \/>\n\u2022 Excelente eficiencia de evaporaci\u00f3n de agua por kWh<br \/>\n\u2022 La versi\u00f3n de monedas con Ecopower para evitar el<br \/>\nsobresecado de prendas y consumir menos energ\u00eda<br \/>\n\u2022 Con control de programa Compass Pro<br \/>\n\u2022 Pantalla grande y n\u00edtida con bot\u00f3n selector para f\u00e1cil<br \/>\nselecci\u00f3n de programa<br \/>\n\u2022 F\u00e1cil acceso con interfaz de uso sencillo<br \/>\n\u2022 Selecci\u00f3n de idioma<br \/>\n\u2022 Paquetes de programa de secado optimizados para E<br \/>\nconom\u00eda, Minuciosidad y Tiempo<br \/>\n\u2022 Programa de servicio para ajuste de par\u00e1metros<br \/>\n\u2022 Conexi\u00f3n USB<br \/>\n\u2022 Control de Humedad Residual \u2013 RMC<br \/>\n\u2022 Conexi\u00f3n a sistema de reserva \/ pago o a un contador de<br \/>\nmonedas<br \/>\n\u2022 Inversor de giro<br \/>\n\u2022 Bot\u00f3n de parada de emergencia<br \/>\n\u2022 Disyuntor el\u00e9ctrico<br \/>\n\u2022 Motor controlado por variador de frecuencia<br \/>\n\u2022 Toma de aire fresco<br \/>\n\u2022 Salida de vahos en la parte superior<br \/>\n\u2022 Inserci\u00f3n para equipamientos especiales de secado<\/p>\n","protected":false},"excerpt":{"rendered":"<p>Nombre: Secadora<br \/>\n\u2022 Medidas: 1855 x 960 x 1510.<br \/>\n\u2022 Potencia: 100amp 1ph (34.4kw) o 50amp 3phase (34.6kw)<br \/>\n\u2022 Volumen del cesto litros: 675<br \/>\n\u2022 Di\u00e1metro del cesto mm: 913<br \/>\n\u2022 Con circulaci\u00f3n de aire axial y dise\u00f1o herm\u00e9tico proporciona<br \/>\nun bajo consumo de energ\u00eda<br \/>\n\u2022 Alta producci\u00f3n (2 cargas completas por hora)<br \/>\n\u2022 Puerta amplia para facilitar la carga y descarga<br \/>\n\u2022 Acceso f\u00e1cil y ergon\u00f3mico al filtro de pelusas<br \/>\n\u2022 Excelente eficiencia de evaporaci\u00f3n de agua por kWh<br \/>\n\u2022 La versi\u00f3n de monedas con Ecopower para evitar el<br \/>\nsobresecado de prendas y consumir menos energ\u00eda<br \/>\n\u2022 Con control de programa Compass Pro<br \/>\n\u2022 Pantalla grande y n\u00edtida con bot\u00f3n selector para f\u00e1cil<br \/>\nselecci\u00f3n de programa<br \/>\n\u2022 F\u00e1cil acceso con interfaz de uso sencillo<br \/>\n\u2022 Selecci\u00f3n de idioma<br \/>\n\u2022 Paquetes de programa de secado optimizados para E<br \/>\nconom\u00eda, Minuciosidad y Tiempo<br \/>\n\u2022 Programa de servicio para ajuste de par\u00e1metros<br \/>\n\u2022 Conexi\u00f3n USB<br \/>\n\u2022 Control de Humedad Residual \u2013 RMC<br \/>\n\u2022 Conexi\u00f3n a sistema de reserva \/ pago o a un contador de<br \/>\nmonedas<br \/>\n\u2022 Inversor de giro<br \/>\n\u2022 Bot\u00f3n de parada de emergencia<br \/>\n\u2022 Disyuntor el\u00e9ctrico<br \/>\n\u2022 Motor controlado por variador de frecuencia<br \/>\n\u2022 Toma de aire fresco<br \/>\n\u2022 Salida de vahos en la parte superior<br \/>\n\u2022 Inserci\u00f3n para equipamientos especiales de secado<\/p>\n","protected":false},"featured_media":4157,"comment_status":"open","ping_status":"closed","template":"","meta":[],"product_brand":[],"product_cat":[95,110],"product_tag":[],"class_list":{"0":"post-4162","1":"product","2":"type-product","3":"status-publish","4":"has-post-thumbnail","6":"product_cat-lavanderia-industrial","7":"product_cat-secadoras","8":"pa_marcas-electrolux","10":"first","11":"instock","12":"shipping-taxable","13":"purchasable","14":"product-type-simple"},"yoast_head":"<!-- This site is optimized with the Yoast SEO Premium plugin v27.1 (Yoast SEO v27.1.1) - https:\/\/yoast.com\/product\/yoast-seo-premium-wordpress\/ -->\n<title>Secadora Electrolux - T5675 - FRIONOX<\/title>\n<meta name=\"description\" content=\"Nombre: Secadora \u2022 Medidas: 1855 x 960 x 1510. \u2022 Potencia: 100amp 1ph (34.4kw) o 50amp 3phase (34.6kw) \u2022 Volumen del cesto litros: 675 \u2022 Di\u00e1metro del cesto mm: 913 \u2022 Con circulaci\u00f3n de aire axial y dise\u00f1o herm\u00e9tico proporciona un bajo consumo de energ\u00eda \u2022 Alta producci\u00f3n (2 cargas completas por hora) \u2022 Puerta amplia para facilitar la carga y descarga \u2022 Acceso f\u00e1cil y ergon\u00f3mico al filtro de pelusas \u2022 Excelente eficiencia de evaporaci\u00f3n de agua por kWh \u2022 La versi\u00f3n de monedas con Ecopower para evitar el sobresecado de prendas y consumir menos energ\u00eda \u2022 Con control de programa Compass Pro \u2022 Pantalla grande y n\u00edtida con bot\u00f3n selector para f\u00e1cil selecci\u00f3n de programa \u2022 F\u00e1cil acceso con interfaz de uso sencillo \u2022 Selecci\u00f3n de idioma \u2022 Paquetes de programa de secado optimizados para E conom\u00eda, Minuciosidad y Tiempo \u2022 Programa de servicio para ajuste de par\u00e1metros \u2022 Conexi\u00f3n USB \u2022 Control de Humedad Residual \u2013 RMC \u2022 Conexi\u00f3n a sistema de reserva \/ pago o a un contador de monedas \u2022 Inversor de giro \u2022 Bot\u00f3n de parada de emergencia \u2022 Disyuntor el\u00e9ctrico \u2022 Motor controlado por variador de frecuencia \u2022 Toma de aire fresco \u2022 Salida de vahos en la parte superior \u2022 Inserci\u00f3n para equipamientos especiales de secado\" \/>\n<meta name=\"robots\" content=\"index, follow, max-snippet:-1, max-image-preview:large, max-video-preview:-1\" \/>\n<link rel=\"canonical\" href=\"https:\/\/frionox.com\/catalogo\/producto\/secadora-electrolux-t5675\/\" \/>\n<meta property=\"og:locale\" content=\"es_ES\" \/>\n<meta property=\"og:type\" content=\"article\" \/>\n<meta property=\"og:title\" content=\"Secadora Electrolux - T5675\" \/>\n<meta property=\"og:description\" content=\"Nombre: Secadora \u2022 Medidas: 1855 x 960 x 1510. \u2022 Potencia: 100amp 1ph (34.4kw) o 50amp 3phase (34.6kw) \u2022 Volumen del cesto litros: 675 \u2022 Di\u00e1metro del cesto mm: 913 \u2022 Con circulaci\u00f3n de aire axial y dise\u00f1o herm\u00e9tico proporciona un bajo consumo de energ\u00eda \u2022 Alta producci\u00f3n (2 cargas completas por hora) \u2022 Puerta amplia para facilitar la carga y descarga \u2022 Acceso f\u00e1cil y ergon\u00f3mico al filtro de pelusas \u2022 Excelente eficiencia de evaporaci\u00f3n de agua por kWh \u2022 La versi\u00f3n de monedas con Ecopower para evitar el sobresecado de prendas y consumir menos energ\u00eda \u2022 Con control de programa Compass Pro \u2022 Pantalla grande y n\u00edtida con bot\u00f3n selector para f\u00e1cil selecci\u00f3n de programa \u2022 F\u00e1cil acceso con interfaz de uso sencillo \u2022 Selecci\u00f3n de idioma \u2022 Paquetes de programa de secado optimizados para E conom\u00eda, Minuciosidad y Tiempo \u2022 Programa de servicio para ajuste de par\u00e1metros \u2022 Conexi\u00f3n USB \u2022 Control de Humedad Residual \u2013 RMC \u2022 Conexi\u00f3n a sistema de reserva \/ pago o a un contador de monedas \u2022 Inversor de giro \u2022 Bot\u00f3n de parada de emergencia \u2022 Disyuntor el\u00e9ctrico \u2022 Motor controlado por variador de frecuencia \u2022 Toma de aire fresco \u2022 Salida de vahos en la parte superior \u2022 Inserci\u00f3n para equipamientos especiales de secado\" \/>\n<meta property=\"og:url\" content=\"https:\/\/frionox.com\/catalogo\/producto\/secadora-electrolux-t5675\/\" \/>\n<meta property=\"og:site_name\" content=\"FRIONOX\" \/>\n<meta property=\"article:publisher\" content=\"https:\/\/facebook.com\/frionox.pe\" \/>\n<meta property=\"article:modified_time\" content=\"2023-11-06T07:51:37+00:00\" \/>\n<meta property=\"og:image\" content=\"https:\/\/frionox.com\/catalogo\/wp-content\/uploads\/2016\/09\/general-catalogue_P\u00e1gina_084_Imagen_0008.jpg\" \/>\n\t<meta property=\"og:image:width\" content=\"600\" \/>\n\t<meta property=\"og:image:height\" content=\"600\" \/>\n\t<meta property=\"og:image:type\" content=\"image\/jpeg\" \/>\n<meta name=\"twitter:card\" content=\"summary_large_image\" \/>\n<meta name=\"twitter:site\" content=\"@frionoxsac\" \/>\n<meta name=\"twitter:label1\" content=\"Precio\" \/>\n\t<meta name=\"twitter:data1\" content=\"S\/2.00\" \/>\n\t<meta name=\"twitter:label2\" content=\"Disponibilidad\" \/>\n\t<meta name=\"twitter:data2\" content=\"Disponible\" \/>\n<script type=\"application\/ld+json\" class=\"yoast-schema-graph\">{\"@context\":\"https:\/\/schema.org\",\"@graph\":[{\"@type\":\"WebPage\",\"@id\":\"https:\/\/frionox.com\/catalogo\/producto\/secadora-electrolux-t5675\/\",\"url\":\"https:\/\/frionox.com\/catalogo\/producto\/secadora-electrolux-t5675\/\",\"name\":\"Secadora Electrolux - T5675 - FRIONOX\",\"isPartOf\":{\"@id\":\"https:\/\/frionox.com\/catalogo\/#website\"},\"primaryImageOfPage\":{\"@id\":\"https:\/\/frionox.com\/catalogo\/producto\/secadora-electrolux-t5675\/#primaryimage\"},\"image\":{\"@id\":\"https:\/\/frionox.com\/catalogo\/producto\/secadora-electrolux-t5675\/#primaryimage\"},\"thumbnailUrl\":\"https:\/\/frionox.com\/catalogo\/wp-content\/uploads\/2016\/09\/general-catalogue_P\u00e1gina_084_Imagen_0008.jpg\",\"datePublished\":\"2016-09-07T18:21:54+00:00\",\"dateModified\":\"2023-11-06T07:51:37+00:00\",\"description\":\"Nombre: Secadora \u2022 Medidas: 1855 x 960 x 1510. \u2022 Potencia: 100amp 1ph (34.4kw) o 50amp 3phase (34.6kw) \u2022 Volumen del cesto litros: 675 \u2022 Di\u00e1metro del cesto mm: 913 \u2022 Con circulaci\u00f3n de aire axial y dise\u00f1o herm\u00e9tico proporciona un bajo consumo de energ\u00eda \u2022 Alta producci\u00f3n (2 cargas completas por hora) \u2022 Puerta amplia para facilitar la carga y descarga \u2022 Acceso f\u00e1cil y ergon\u00f3mico al filtro de pelusas \u2022 Excelente eficiencia de evaporaci\u00f3n de agua por kWh \u2022 La versi\u00f3n de monedas con Ecopower para evitar el sobresecado de prendas y consumir menos energ\u00eda \u2022 Con control de programa Compass Pro \u2022 Pantalla grande y n\u00edtida con bot\u00f3n selector para f\u00e1cil selecci\u00f3n de programa \u2022 F\u00e1cil acceso con interfaz de uso sencillo \u2022 Selecci\u00f3n de idioma \u2022 Paquetes de programa de secado optimizados para E conom\u00eda, Minuciosidad y Tiempo \u2022 Programa de servicio para ajuste de par\u00e1metros \u2022 Conexi\u00f3n USB \u2022 Control de Humedad Residual \u2013 RMC \u2022 Conexi\u00f3n a sistema de reserva \/ pago o a un contador de monedas \u2022 Inversor de giro \u2022 Bot\u00f3n de parada de emergencia \u2022 Disyuntor el\u00e9ctrico \u2022 Motor controlado por variador de frecuencia \u2022 Toma de aire fresco \u2022 Salida de vahos en la parte superior \u2022 Inserci\u00f3n para equipamientos especiales de secado\",\"breadcrumb\":{\"@id\":\"https:\/\/frionox.com\/catalogo\/producto\/secadora-electrolux-t5675\/#breadcrumb\"},\"inLanguage\":\"es\",\"potentialAction\":[{\"@type\":\"ReadAction\",\"target\":[\"https:\/\/frionox.com\/catalogo\/producto\/secadora-electrolux-t5675\/\"]}]},{\"@type\":\"ImageObject\",\"inLanguage\":\"es\",\"@id\":\"https:\/\/frionox.com\/catalogo\/producto\/secadora-electrolux-t5675\/#primaryimage\",\"url\":\"https:\/\/frionox.com\/catalogo\/wp-content\/uploads\/2016\/09\/general-catalogue_P\u00e1gina_084_Imagen_0008.jpg\",\"contentUrl\":\"https:\/\/frionox.com\/catalogo\/wp-content\/uploads\/2016\/09\/general-catalogue_P\u00e1gina_084_Imagen_0008.jpg\",\"width\":600,\"height\":600},{\"@type\":\"BreadcrumbList\",\"@id\":\"https:\/\/frionox.com\/catalogo\/producto\/secadora-electrolux-t5675\/#breadcrumb\",\"itemListElement\":[{\"@type\":\"ListItem\",\"position\":1,\"name\":\"Portada\",\"item\":\"https:\/\/frionox.com\/catalogo\/\"},{\"@type\":\"ListItem\",\"position\":2,\"name\":\"Hornos Industriales, Licuadoras Industriales, Cocinas y m\u00e1s\",\"item\":\"https:\/\/frionox.com\/catalogo\/tienda\/\"},{\"@type\":\"ListItem\",\"position\":3,\"name\":\"Secadora Electrolux &#8211; T5675\"}]},{\"@type\":\"WebSite\",\"@id\":\"https:\/\/frionox.com\/catalogo\/#website\",\"url\":\"https:\/\/frionox.com\/catalogo\/\",\"name\":\"FRIONOX\",\"description\":\"Equipamiento de cocinas\",\"publisher\":{\"@id\":\"https:\/\/frionox.com\/catalogo\/#organization\"},\"potentialAction\":[{\"@type\":\"SearchAction\",\"target\":{\"@type\":\"EntryPoint\",\"urlTemplate\":\"https:\/\/frionox.com\/catalogo\/?s={search_term_string}\"},\"query-input\":{\"@type\":\"PropertyValueSpecification\",\"valueRequired\":true,\"valueName\":\"search_term_string\"}}],\"inLanguage\":\"es\"},{\"@type\":[\"Organization\",\"Place\",\"LocalBusiness\"],\"@id\":\"https:\/\/frionox.com\/catalogo\/#organization\",\"name\":\"Frionox Equipamiento de cocinas\",\"url\":\"https:\/\/frionox.com\/catalogo\/\",\"logo\":{\"@id\":\"https:\/\/frionox.com\/catalogo\/producto\/secadora-electrolux-t5675\/#local-main-organization-logo\"},\"image\":{\"@id\":\"https:\/\/frionox.com\/catalogo\/producto\/secadora-electrolux-t5675\/#local-main-organization-logo\"},\"sameAs\":[\"https:\/\/facebook.com\/frionox.pe\",\"https:\/\/x.com\/frionoxsac\",\"https:\/\/youtube.com\/@FRIONOXEQUIPAMIENTODECOCINA\"],\"address\":{\"@id\":\"https:\/\/frionox.com\/catalogo\/producto\/secadora-electrolux-t5675\/#local-main-place-address\"},\"geo\":{\"@type\":\"GeoCoordinates\",\"latitude\":\"-11.980133\",\"longitude\":\"-77.06118200000003\"},\"telephone\":[\"+5115221181\"],\"openingHoursSpecification\":[{\"@type\":\"OpeningHoursSpecification\",\"dayOfWeek\":[\"Monday\",\"Tuesday\",\"Wednesday\",\"Thursday\",\"Friday\",\"Saturday\"],\"opens\":\"08:00\",\"closes\":\"18:00\"},{\"@type\":\"OpeningHoursSpecification\",\"dayOfWeek\":[\"Sunday\"],\"opens\":\"00:00\",\"closes\":\"00:00\"}],\"email\":\"cotizaciones@frionox.com\"},{\"@type\":\"PostalAddress\",\"@id\":\"https:\/\/frionox.com\/catalogo\/producto\/secadora-electrolux-t5675\/#local-main-place-address\",\"streetAddress\":\"Av. Oscar R. Benavides 1624\",\"addressLocality\":\"Cercado de Lima\",\"postalCode\":\"15082\",\"addressRegion\":\"Lima\",\"addressCountry\":\"PE\"},{\"@type\":\"ImageObject\",\"inLanguage\":\"es\",\"@id\":\"https:\/\/frionox.com\/catalogo\/producto\/secadora-electrolux-t5675\/#local-main-organization-logo\",\"url\":\"https:\/\/frionox.com\/catalogo\/wp-content\/uploads\/2020\/04\/LOGO-MOBILE.png\",\"contentUrl\":\"https:\/\/frionox.com\/catalogo\/wp-content\/uploads\/2020\/04\/LOGO-MOBILE.png\",\"width\":203,\"height\":61,\"caption\":\"Frionox Equipamiento de cocinas\"}]}<\/script>\n<meta property=\"product:price:amount\" content=\"2.00\" \/>\n<meta property=\"product:price:currency\" content=\"PEN\" \/>\n<meta property=\"og:availability\" content=\"instock\" \/>\n<meta property=\"product:availability\" content=\"instock\" \/>\n<meta property=\"product:condition\" content=\"new\" \/>\n<meta name=\"geo.placename\" content=\"Cercado de Lima\" \/>\n<meta name=\"geo.position\" content=\"-11.980133;-77.06118200000003\" \/>\n<meta name=\"geo.region\" content=\"Per\u00fa\" \/>\n<!-- \/ Yoast SEO Premium plugin. -->","yoast_head_json":{"title":"Secadora Electrolux - T5675 - FRIONOX","description":"Nombre: Secadora \u2022 Medidas: 1855 x 960 x 1510. \u2022 Potencia: 100amp 1ph (34.4kw) o 50amp 3phase (34.6kw) \u2022 Volumen del cesto litros: 675 \u2022 Di\u00e1metro del cesto mm: 913 \u2022 Con circulaci\u00f3n de aire axial y dise\u00f1o herm\u00e9tico proporciona un bajo consumo de energ\u00eda \u2022 Alta producci\u00f3n (2 cargas completas por hora) \u2022 Puerta amplia para facilitar la carga y descarga \u2022 Acceso f\u00e1cil y ergon\u00f3mico al filtro de pelusas \u2022 Excelente eficiencia de evaporaci\u00f3n de agua por kWh \u2022 La versi\u00f3n de monedas con Ecopower para evitar el sobresecado de prendas y consumir menos energ\u00eda \u2022 Con control de programa Compass Pro \u2022 Pantalla grande y n\u00edtida con bot\u00f3n selector para f\u00e1cil selecci\u00f3n de programa \u2022 F\u00e1cil acceso con interfaz de uso sencillo \u2022 Selecci\u00f3n de idioma \u2022 Paquetes de programa de secado optimizados para E conom\u00eda, Minuciosidad y Tiempo \u2022 Programa de servicio para ajuste de par\u00e1metros \u2022 Conexi\u00f3n USB \u2022 Control de Humedad Residual \u2013 RMC \u2022 Conexi\u00f3n a sistema de reserva \/ pago o a un contador de monedas \u2022 Inversor de giro \u2022 Bot\u00f3n de parada de emergencia \u2022 Disyuntor el\u00e9ctrico \u2022 Motor controlado por variador de frecuencia \u2022 Toma de aire fresco \u2022 Salida de vahos en la parte superior \u2022 Inserci\u00f3n para equipamientos especiales de secado","robots":{"index":"index","follow":"follow","max-snippet":"max-snippet:-1","max-image-preview":"max-image-preview:large","max-video-preview":"max-video-preview:-1"},"canonical":"https:\/\/frionox.com\/catalogo\/producto\/secadora-electrolux-t5675\/","og_locale":"es_ES","og_type":"article","og_title":"Secadora Electrolux - T5675","og_description":"Nombre: Secadora \u2022 Medidas: 1855 x 960 x 1510. \u2022 Potencia: 100amp 1ph (34.4kw) o 50amp 3phase (34.6kw) \u2022 Volumen del cesto litros: 675 \u2022 Di\u00e1metro del cesto mm: 913 \u2022 Con circulaci\u00f3n de aire axial y dise\u00f1o herm\u00e9tico proporciona un bajo consumo de energ\u00eda \u2022 Alta producci\u00f3n (2 cargas completas por hora) \u2022 Puerta amplia para facilitar la carga y descarga \u2022 Acceso f\u00e1cil y ergon\u00f3mico al filtro de pelusas \u2022 Excelente eficiencia de evaporaci\u00f3n de agua por kWh \u2022 La versi\u00f3n de monedas con Ecopower para evitar el sobresecado de prendas y consumir menos energ\u00eda \u2022 Con control de programa Compass Pro \u2022 Pantalla grande y n\u00edtida con bot\u00f3n selector para f\u00e1cil selecci\u00f3n de programa \u2022 F\u00e1cil acceso con interfaz de uso sencillo \u2022 Selecci\u00f3n de idioma \u2022 Paquetes de programa de secado optimizados para E conom\u00eda, Minuciosidad y Tiempo \u2022 Programa de servicio para ajuste de par\u00e1metros \u2022 Conexi\u00f3n USB \u2022 Control de Humedad Residual \u2013 RMC \u2022 Conexi\u00f3n a sistema de reserva \/ pago o a un contador de monedas \u2022 Inversor de giro \u2022 Bot\u00f3n de parada de emergencia \u2022 Disyuntor el\u00e9ctrico \u2022 Motor controlado por variador de frecuencia \u2022 Toma de aire fresco \u2022 Salida de vahos en la parte superior \u2022 Inserci\u00f3n para equipamientos especiales de secado","og_url":"https:\/\/frionox.com\/catalogo\/producto\/secadora-electrolux-t5675\/","og_site_name":"FRIONOX","article_publisher":"https:\/\/facebook.com\/frionox.pe","article_modified_time":"2023-11-06T07:51:37+00:00","og_image":[{"width":600,"height":600,"url":"https:\/\/frionox.com\/catalogo\/wp-content\/uploads\/2016\/09\/general-catalogue_P\u00e1gina_084_Imagen_0008.jpg","type":"image\/jpeg"}],"twitter_card":"summary_large_image","twitter_site":"@frionoxsac","twitter_misc":{"Precio":"S\/2.00","Disponibilidad":"Disponible"},"schema":{"@context":"https:\/\/schema.org","@graph":[{"@type":"WebPage","@id":"https:\/\/frionox.com\/catalogo\/producto\/secadora-electrolux-t5675\/","url":"https:\/\/frionox.com\/catalogo\/producto\/secadora-electrolux-t5675\/","name":"Secadora Electrolux - T5675 - FRIONOX","isPartOf":{"@id":"https:\/\/frionox.com\/catalogo\/#website"},"primaryImageOfPage":{"@id":"https:\/\/frionox.com\/catalogo\/producto\/secadora-electrolux-t5675\/#primaryimage"},"image":{"@id":"https:\/\/frionox.com\/catalogo\/producto\/secadora-electrolux-t5675\/#primaryimage"},"thumbnailUrl":"https:\/\/frionox.com\/catalogo\/wp-content\/uploads\/2016\/09\/general-catalogue_P\u00e1gina_084_Imagen_0008.jpg","datePublished":"2016-09-07T18:21:54+00:00","dateModified":"2023-11-06T07:51:37+00:00","description":"Nombre: Secadora \u2022 Medidas: 1855 x 960 x 1510. \u2022 Potencia: 100amp 1ph (34.4kw) o 50amp 3phase (34.6kw) \u2022 Volumen del cesto litros: 675 \u2022 Di\u00e1metro del cesto mm: 913 \u2022 Con circulaci\u00f3n de aire axial y dise\u00f1o herm\u00e9tico proporciona un bajo consumo de energ\u00eda \u2022 Alta producci\u00f3n (2 cargas completas por hora) \u2022 Puerta amplia para facilitar la carga y descarga \u2022 Acceso f\u00e1cil y ergon\u00f3mico al filtro de pelusas \u2022 Excelente eficiencia de evaporaci\u00f3n de agua por kWh \u2022 La versi\u00f3n de monedas con Ecopower para evitar el sobresecado de prendas y consumir menos energ\u00eda \u2022 Con control de programa Compass Pro \u2022 Pantalla grande y n\u00edtida con bot\u00f3n selector para f\u00e1cil selecci\u00f3n de programa \u2022 F\u00e1cil acceso con interfaz de uso sencillo \u2022 Selecci\u00f3n de idioma \u2022 Paquetes de programa de secado optimizados para E conom\u00eda, Minuciosidad y Tiempo \u2022 Programa de servicio para ajuste de par\u00e1metros \u2022 Conexi\u00f3n USB \u2022 Control de Humedad Residual \u2013 RMC \u2022 Conexi\u00f3n a sistema de reserva \/ pago o a un contador de monedas \u2022 Inversor de giro \u2022 Bot\u00f3n de parada de emergencia \u2022 Disyuntor el\u00e9ctrico \u2022 Motor controlado por variador de frecuencia \u2022 Toma de aire fresco \u2022 Salida de vahos en la parte superior \u2022 Inserci\u00f3n para equipamientos especiales de secado","breadcrumb":{"@id":"https:\/\/frionox.com\/catalogo\/producto\/secadora-electrolux-t5675\/#breadcrumb"},"inLanguage":"es","potentialAction":[{"@type":"ReadAction","target":["https:\/\/frionox.com\/catalogo\/producto\/secadora-electrolux-t5675\/"]}]},{"@type":"ImageObject","inLanguage":"es","@id":"https:\/\/frionox.com\/catalogo\/producto\/secadora-electrolux-t5675\/#primaryimage","url":"https:\/\/frionox.com\/catalogo\/wp-content\/uploads\/2016\/09\/general-catalogue_P\u00e1gina_084_Imagen_0008.jpg","contentUrl":"https:\/\/frionox.com\/catalogo\/wp-content\/uploads\/2016\/09\/general-catalogue_P\u00e1gina_084_Imagen_0008.jpg","width":600,"height":600},{"@type":"BreadcrumbList","@id":"https:\/\/frionox.com\/catalogo\/producto\/secadora-electrolux-t5675\/#breadcrumb","itemListElement":[{"@type":"ListItem","position":1,"name":"Portada","item":"https:\/\/frionox.com\/catalogo\/"},{"@type":"ListItem","position":2,"name":"Hornos Industriales, Licuadoras Industriales, Cocinas y m\u00e1s","item":"https:\/\/frionox.com\/catalogo\/tienda\/"},{"@type":"ListItem","position":3,"name":"Secadora Electrolux &#8211; T5675"}]},{"@type":"WebSite","@id":"https:\/\/frionox.com\/catalogo\/#website","url":"https:\/\/frionox.com\/catalogo\/","name":"FRIONOX","description":"Equipamiento de cocinas","publisher":{"@id":"https:\/\/frionox.com\/catalogo\/#organization"},"potentialAction":[{"@type":"SearchAction","target":{"@type":"EntryPoint","urlTemplate":"https:\/\/frionox.com\/catalogo\/?s={search_term_string}"},"query-input":{"@type":"PropertyValueSpecification","valueRequired":true,"valueName":"search_term_string"}}],"inLanguage":"es"},{"@type":["Organization","Place","LocalBusiness"],"@id":"https:\/\/frionox.com\/catalogo\/#organization","name":"Frionox Equipamiento de cocinas","url":"https:\/\/frionox.com\/catalogo\/","logo":{"@id":"https:\/\/frionox.com\/catalogo\/producto\/secadora-electrolux-t5675\/#local-main-organization-logo"},"image":{"@id":"https:\/\/frionox.com\/catalogo\/producto\/secadora-electrolux-t5675\/#local-main-organization-logo"},"sameAs":["https:\/\/facebook.com\/frionox.pe","https:\/\/x.com\/frionoxsac","https:\/\/youtube.com\/@FRIONOXEQUIPAMIENTODECOCINA"],"address":{"@id":"https:\/\/frionox.com\/catalogo\/producto\/secadora-electrolux-t5675\/#local-main-place-address"},"geo":{"@type":"GeoCoordinates","latitude":"-11.980133","longitude":"-77.06118200000003"},"telephone":["+5115221181"],"openingHoursSpecification":[{"@type":"OpeningHoursSpecification","dayOfWeek":["Monday","Tuesday","Wednesday","Thursday","Friday","Saturday"],"opens":"08:00","closes":"18:00"},{"@type":"OpeningHoursSpecification","dayOfWeek":["Sunday"],"opens":"00:00","closes":"00:00"}],"email":"cotizaciones@frionox.com"},{"@type":"PostalAddress","@id":"https:\/\/frionox.com\/catalogo\/producto\/secadora-electrolux-t5675\/#local-main-place-address","streetAddress":"Av. Oscar R. Benavides 1624","addressLocality":"Cercado de Lima","postalCode":"15082","addressRegion":"Lima","addressCountry":"PE"},{"@type":"ImageObject","inLanguage":"es","@id":"https:\/\/frionox.com\/catalogo\/producto\/secadora-electrolux-t5675\/#local-main-organization-logo","url":"https:\/\/frionox.com\/catalogo\/wp-content\/uploads\/2020\/04\/LOGO-MOBILE.png","contentUrl":"https:\/\/frionox.com\/catalogo\/wp-content\/uploads\/2020\/04\/LOGO-MOBILE.png","width":203,"height":61,"caption":"Frionox Equipamiento de cocinas"}]},"product_price_amount":"2.00","product_price_currency":"PEN","og_availability":"instock","product_availability":"instock","product_condition":"new","geo.placename":"Cercado de Lima","geo.position":{"lat":"-11.980133","long":"-77.06118200000003"},"geo.region":"Per\u00fa"},"_links":{"self":[{"href":"https:\/\/frionox.com\/catalogo\/wp-json\/wp\/v2\/product\/4162","targetHints":{"allow":["GET"]}}],"collection":[{"href":"https:\/\/frionox.com\/catalogo\/wp-json\/wp\/v2\/product"}],"about":[{"href":"https:\/\/frionox.com\/catalogo\/wp-json\/wp\/v2\/types\/product"}],"replies":[{"embeddable":true,"href":"https:\/\/frionox.com\/catalogo\/wp-json\/wp\/v2\/comments?post=4162"}],"wp:featuredmedia":[{"embeddable":true,"href":"https:\/\/frionox.com\/catalogo\/wp-json\/wp\/v2\/media\/4157"}],"wp:attachment":[{"href":"https:\/\/frionox.com\/catalogo\/wp-json\/wp\/v2\/media?parent=4162"}],"wp:term":[{"taxonomy":"product_brand","embeddable":true,"href":"https:\/\/frionox.com\/catalogo\/wp-json\/wp\/v2\/product_brand?post=4162"},{"taxonomy":"product_cat","embeddable":true,"href":"https:\/\/frionox.com\/catalogo\/wp-json\/wp\/v2\/product_cat?post=4162"},{"taxonomy":"product_tag","embeddable":true,"href":"https:\/\/frionox.com\/catalogo\/wp-json\/wp\/v2\/product_tag?post=4162"}],"curies":[{"name":"wp","href":"https:\/\/api.w.org\/{rel}","templated":true}]}}