{"id":15959,"date":"2020-08-09T14:12:21","date_gmt":"2020-08-09T19:12:21","guid":{"rendered":"https:\/\/frionox.com\/catalogo\/producto\/abatidor-y-congelador-de-10-gn-1-1-abt101l-380-3nac\/"},"modified":"2026-02-12T15:50:12","modified_gmt":"2026-02-12T20:50:12","slug":"abatidor-y-congelador-de-10-gn-1-1-abt101l-380-3nac","status":"publish","type":"product","link":"https:\/\/frionox.com\/catalogo\/producto\/abatidor-y-congelador-de-10-gn-1-1-abt101l-380-3nac\/","title":{"rendered":"ABATIDOR Y CONGELADOR DE 10 GN 1\/1 &#8211; ABT101L-380-3NAC"},"content":{"rendered":"<p>Capacidad: 300 Litros. Dise\u00f1ado para el abatimiento y congelaci\u00f3n de productos. Exterior fabricado de acero inoxidable AISI 304. Respaldo en plancha de acero galvanizado. Interior fabricado de acero inoxidable AISI 304. Estructura portabandejas extraible. Alojamiento de 10 bandejas GN1\/1 \u00f3 10 bandejas panaderas 600 x 400 mm. Dotado con sonda al coraz\u00f3n troncoc\u00f3nica calefactada de f\u00e1cil uso y extracci\u00f3n. Aislamiento t\u00e9rmico con poliuretano inyectado de alta densidad. 01 Puerta con tirador integrado y bisagra pivotante con bloqueo de apertura. Contrapuerta embutida con burlete triple c\u00e1mara f\u00e1cilmente sustituible. Estructura puerta para el calentamiento y evitar la acumulaci\u00f3n de hielo. Cuadro de mando con pantalla gr\u00e1fica de f\u00e1cil lectura,uso y men\u00fa informativo. Abatimiento r\u00e1pido :+90\u00baC a +3\u00baC en menos de 90 minutos. Congelamiento r\u00e1pido :+90\u00baC a -18\u00baC en menos de 270 minutos. Sistema de condensaci\u00f3n ventilada. Potencia de compresor: 2HP. Sistema de evaporaci\u00f3n por tiro forzado. Evaporadores tratados con epoxi de poli\u00e9ster anticorrosi\u00f3n. Desescarche por gas caliente y v\u00e1lvula solenoide. Voltaje:380V \/ 60Hz \/ 3NAC. Con patas regulables. NOTA: Opcional esterilizador. Opcional registrador gr\u00e1fico de temperatura con impresora port\u00e1til. Bandejas inox GN 1\/1.<\/p>\n","protected":false},"excerpt":{"rendered":"<p>Capacidad: 300 Litros. Dise\u00f1ado para el abatimiento y congelaci\u00f3n de productos. Exterior fabricado de acero inoxidable AISI 304. Respaldo en plancha de acero galvanizado. Interior fabricado de acero inoxidable AISI 304. Estructura portabandejas extraible. Alojamiento de 10 bandejas GN1\/1 \u00f3 10 bandejas panaderas 600 x 400 mm. Dotado con sonda al coraz\u00f3n troncoc\u00f3nica calefactada de f\u00e1cil uso y extracci\u00f3n. Aislamiento t\u00e9rmico con poliuretano inyectado de alta densidad. 01 Puerta con tirador integrado y bisagra pivotante con bloqueo de apertura. Contrapuerta embutida con burlete triple c\u00e1mara f\u00e1cilmente sustituible. Estructura puerta para el calentamiento y evitar la acumulaci\u00f3n de hielo. Cuadro de mando con pantalla gr\u00e1fica de f\u00e1cil lectura,uso y men\u00fa informativo. Abatimiento r\u00e1pido :+90\u00baC a +3\u00baC en menos de 90 minutos. Congelamiento r\u00e1pido :+90\u00baC a -18\u00baC en menos de 270 minutos. Sistema de condensaci\u00f3n ventilada. Potencia de compresor: 2HP. Sistema de evaporaci\u00f3n por tiro forzado. Evaporadores tratados con epoxi de poli\u00e9ster anticorrosi\u00f3n. Desescarche por gas caliente y v\u00e1lvula solenoide. Voltaje:380V \/ 60Hz \/ 3NAC. Con patas regulables. NOTA: Opcional esterilizador. Opcional registrador gr\u00e1fico de temperatura con impresora port\u00e1til. Bandejas inox GN 1\/1.<\/p>\n","protected":false},"featured_media":10724,"comment_status":"open","ping_status":"closed","template":"","meta":[],"product_brand":[],"product_cat":[27,99],"product_tag":[1556],"class_list":{"0":"post-15959","1":"product","2":"type-product","3":"status-publish","4":"has-post-thumbnail","6":"product_cat-refrigeracion-comercial","7":"product_cat-abatidores","8":"product_tag-abatidor-y-congelador-de-10-gn-1-1","9":"pa_marcas-infrico","11":"first","12":"onbackorder","13":"shipping-taxable","14":"purchasable","15":"product-type-simple"},"yoast_head":"<!-- This site is optimized with the Yoast SEO Premium plugin v27.1 (Yoast SEO v27.1.1) - https:\/\/yoast.com\/product\/yoast-seo-premium-wordpress\/ -->\n<title>ABATIDOR Y CONGELADOR DE 10 GN 1\/1 - ABT101L-380-3NAC - FRIONOX<\/title>\n<meta name=\"description\" content=\"Capacidad: 300 Litros. Dise\u00f1ado para el abatimiento y congelaci\u00f3n de productos. Exterior fabricado de acero inoxidable AISI 304. Respaldo en plancha de acero galvanizado. Interior fabricado de acero inoxidable AISI 304. Estructura portabandejas extraible. Alojamiento de 10 bandejas GN1\/1 \u00f3 10 bandejas panaderas 600 x 400 mm. Dotado con sonda al coraz\u00f3n troncoc\u00f3nica calefactada de f\u00e1cil uso y extracci\u00f3n. Aislamiento t\u00e9rmico con poliuretano inyectado de alta densidad. 01 Puerta con tirador integrado y bisagra pivotante con bloqueo de apertura. Contrapuerta embutida con burlete triple c\u00e1mara f\u00e1cilmente sustituible. Estructura puerta para el calentamiento y evitar la acumulaci\u00f3n de hielo. Cuadro de mando con pantalla gr\u00e1fica de f\u00e1cil lectura,uso y men\u00fa informativo. Abatimiento r\u00e1pido :+90\u00baC a +3\u00baC en menos de 90 minutos. Congelamiento r\u00e1pido :+90\u00baC a -18\u00baC en menos de 270 minutos. Sistema de condensaci\u00f3n ventilada. Potencia de compresor: 2HP. Sistema de evaporaci\u00f3n por tiro forzado. Evaporadores tratados con epoxi de poli\u00e9ster anticorrosi\u00f3n. Desescarche por gas caliente y v\u00e1lvula solenoide. Voltaje:380V \/ 60Hz \/ 3NAC. Con patas regulables. NOTA: Opcional esterilizador. Opcional registrador gr\u00e1fico de temperatura con impresora port\u00e1til. Bandejas inox GN 1\/1.\" \/>\n<meta name=\"robots\" content=\"index, follow, max-snippet:-1, max-image-preview:large, max-video-preview:-1\" \/>\n<link rel=\"canonical\" href=\"https:\/\/frionox.com\/catalogo\/producto\/abatidor-y-congelador-de-10-gn-1-1-abt101l-380-3nac\/\" \/>\n<meta property=\"og:locale\" content=\"es_ES\" \/>\n<meta property=\"og:type\" content=\"article\" \/>\n<meta property=\"og:title\" content=\"ABATIDOR Y CONGELADOR DE 10 GN 1\/1 - ABT101L-380-3NAC\" \/>\n<meta property=\"og:description\" content=\"Capacidad: 300 Litros. Dise\u00f1ado para el abatimiento y congelaci\u00f3n de productos. Exterior fabricado de acero inoxidable AISI 304. Respaldo en plancha de acero galvanizado. Interior fabricado de acero inoxidable AISI 304. Estructura portabandejas extraible. Alojamiento de 10 bandejas GN1\/1 \u00f3 10 bandejas panaderas 600 x 400 mm. Dotado con sonda al coraz\u00f3n troncoc\u00f3nica calefactada de f\u00e1cil uso y extracci\u00f3n. Aislamiento t\u00e9rmico con poliuretano inyectado de alta densidad. 01 Puerta con tirador integrado y bisagra pivotante con bloqueo de apertura. Contrapuerta embutida con burlete triple c\u00e1mara f\u00e1cilmente sustituible. Estructura puerta para el calentamiento y evitar la acumulaci\u00f3n de hielo. Cuadro de mando con pantalla gr\u00e1fica de f\u00e1cil lectura,uso y men\u00fa informativo. Abatimiento r\u00e1pido :+90\u00baC a +3\u00baC en menos de 90 minutos. Congelamiento r\u00e1pido :+90\u00baC a -18\u00baC en menos de 270 minutos. Sistema de condensaci\u00f3n ventilada. Potencia de compresor: 2HP. Sistema de evaporaci\u00f3n por tiro forzado. Evaporadores tratados con epoxi de poli\u00e9ster anticorrosi\u00f3n. Desescarche por gas caliente y v\u00e1lvula solenoide. Voltaje:380V \/ 60Hz \/ 3NAC. Con patas regulables. NOTA: Opcional esterilizador. Opcional registrador gr\u00e1fico de temperatura con impresora port\u00e1til. Bandejas inox GN 1\/1.\" \/>\n<meta property=\"og:url\" content=\"https:\/\/frionox.com\/catalogo\/producto\/abatidor-y-congelador-de-10-gn-1-1-abt101l-380-3nac\/\" \/>\n<meta property=\"og:site_name\" content=\"FRIONOX\" \/>\n<meta property=\"article:publisher\" content=\"https:\/\/facebook.com\/frionox.pe\" \/>\n<meta property=\"article:modified_time\" content=\"2026-02-12T20:50:12+00:00\" \/>\n<meta property=\"og:image\" content=\"https:\/\/frionox.com\/catalogo\/wp-content\/uploads\/2020\/04\/ABT101L1.jpg\" \/>\n\t<meta property=\"og:image:width\" content=\"800\" \/>\n\t<meta property=\"og:image:height\" content=\"800\" \/>\n\t<meta property=\"og:image:type\" content=\"image\/jpeg\" \/>\n<meta name=\"twitter:card\" content=\"summary_large_image\" \/>\n<meta name=\"twitter:site\" content=\"@frionoxsac\" \/>\n<meta name=\"twitter:label1\" content=\"Precio\" \/>\n\t<meta name=\"twitter:data1\" content=\"S\/10,779.30\" \/>\n\t<meta name=\"twitter:label2\" content=\"Disponibilidad\" \/>\n\t<meta name=\"twitter:data2\" content=\"Disponible para reservar\" \/>\n<script type=\"application\/ld+json\" class=\"yoast-schema-graph\">{\"@context\":\"https:\/\/schema.org\",\"@graph\":[{\"@type\":\"WebPage\",\"@id\":\"https:\/\/frionox.com\/catalogo\/producto\/abatidor-y-congelador-de-10-gn-1-1-abt101l-380-3nac\/\",\"url\":\"https:\/\/frionox.com\/catalogo\/producto\/abatidor-y-congelador-de-10-gn-1-1-abt101l-380-3nac\/\",\"name\":\"ABATIDOR Y CONGELADOR DE 10 GN 1\/1 - ABT101L-380-3NAC - FRIONOX\",\"isPartOf\":{\"@id\":\"https:\/\/frionox.com\/catalogo\/#website\"},\"primaryImageOfPage\":{\"@id\":\"https:\/\/frionox.com\/catalogo\/producto\/abatidor-y-congelador-de-10-gn-1-1-abt101l-380-3nac\/#primaryimage\"},\"image\":{\"@id\":\"https:\/\/frionox.com\/catalogo\/producto\/abatidor-y-congelador-de-10-gn-1-1-abt101l-380-3nac\/#primaryimage\"},\"thumbnailUrl\":\"https:\/\/frionox.com\/catalogo\/wp-content\/uploads\/2020\/04\/ABT101L1.jpg\",\"datePublished\":\"2020-08-09T19:12:21+00:00\",\"dateModified\":\"2026-02-12T20:50:12+00:00\",\"description\":\"Capacidad: 300 Litros. Dise\u00f1ado para el abatimiento y congelaci\u00f3n de productos. Exterior fabricado de acero inoxidable AISI 304. Respaldo en plancha de acero galvanizado. Interior fabricado de acero inoxidable AISI 304. Estructura portabandejas extraible. Alojamiento de 10 bandejas GN1\/1 \u00f3 10 bandejas panaderas 600 x 400 mm. Dotado con sonda al coraz\u00f3n troncoc\u00f3nica calefactada de f\u00e1cil uso y extracci\u00f3n. Aislamiento t\u00e9rmico con poliuretano inyectado de alta densidad. 01 Puerta con tirador integrado y bisagra pivotante con bloqueo de apertura. Contrapuerta embutida con burlete triple c\u00e1mara f\u00e1cilmente sustituible. Estructura puerta para el calentamiento y evitar la acumulaci\u00f3n de hielo. Cuadro de mando con pantalla gr\u00e1fica de f\u00e1cil lectura,uso y men\u00fa informativo. Abatimiento r\u00e1pido :+90\u00baC a +3\u00baC en menos de 90 minutos. Congelamiento r\u00e1pido :+90\u00baC a -18\u00baC en menos de 270 minutos. Sistema de condensaci\u00f3n ventilada. Potencia de compresor: 2HP. Sistema de evaporaci\u00f3n por tiro forzado. Evaporadores tratados con epoxi de poli\u00e9ster anticorrosi\u00f3n. Desescarche por gas caliente y v\u00e1lvula solenoide. Voltaje:380V \/ 60Hz \/ 3NAC. Con patas regulables. NOTA: Opcional esterilizador. Opcional registrador gr\u00e1fico de temperatura con impresora port\u00e1til. Bandejas inox GN 1\/1.\",\"breadcrumb\":{\"@id\":\"https:\/\/frionox.com\/catalogo\/producto\/abatidor-y-congelador-de-10-gn-1-1-abt101l-380-3nac\/#breadcrumb\"},\"inLanguage\":\"es\",\"potentialAction\":[{\"@type\":\"ReadAction\",\"target\":[\"https:\/\/frionox.com\/catalogo\/producto\/abatidor-y-congelador-de-10-gn-1-1-abt101l-380-3nac\/\"]}]},{\"@type\":\"ImageObject\",\"inLanguage\":\"es\",\"@id\":\"https:\/\/frionox.com\/catalogo\/producto\/abatidor-y-congelador-de-10-gn-1-1-abt101l-380-3nac\/#primaryimage\",\"url\":\"https:\/\/frionox.com\/catalogo\/wp-content\/uploads\/2020\/04\/ABT101L1.jpg\",\"contentUrl\":\"https:\/\/frionox.com\/catalogo\/wp-content\/uploads\/2020\/04\/ABT101L1.jpg\",\"width\":800,\"height\":800},{\"@type\":\"BreadcrumbList\",\"@id\":\"https:\/\/frionox.com\/catalogo\/producto\/abatidor-y-congelador-de-10-gn-1-1-abt101l-380-3nac\/#breadcrumb\",\"itemListElement\":[{\"@type\":\"ListItem\",\"position\":1,\"name\":\"Portada\",\"item\":\"https:\/\/frionox.com\/catalogo\/\"},{\"@type\":\"ListItem\",\"position\":2,\"name\":\"Hornos Industriales, Licuadoras Industriales, Cocinas y m\u00e1s\",\"item\":\"https:\/\/frionox.com\/catalogo\/tienda\/\"},{\"@type\":\"ListItem\",\"position\":3,\"name\":\"ABATIDOR Y CONGELADOR DE 10 GN 1\/1 &#8211; ABT101L-380-3NAC\"}]},{\"@type\":\"WebSite\",\"@id\":\"https:\/\/frionox.com\/catalogo\/#website\",\"url\":\"https:\/\/frionox.com\/catalogo\/\",\"name\":\"FRIONOX\",\"description\":\"Equipamiento de cocinas\",\"publisher\":{\"@id\":\"https:\/\/frionox.com\/catalogo\/#organization\"},\"potentialAction\":[{\"@type\":\"SearchAction\",\"target\":{\"@type\":\"EntryPoint\",\"urlTemplate\":\"https:\/\/frionox.com\/catalogo\/?s={search_term_string}\"},\"query-input\":{\"@type\":\"PropertyValueSpecification\",\"valueRequired\":true,\"valueName\":\"search_term_string\"}}],\"inLanguage\":\"es\"},{\"@type\":[\"Organization\",\"Place\",\"LocalBusiness\"],\"@id\":\"https:\/\/frionox.com\/catalogo\/#organization\",\"name\":\"Frionox Equipamiento de cocinas\",\"url\":\"https:\/\/frionox.com\/catalogo\/\",\"logo\":{\"@id\":\"https:\/\/frionox.com\/catalogo\/producto\/abatidor-y-congelador-de-10-gn-1-1-abt101l-380-3nac\/#local-main-organization-logo\"},\"image\":{\"@id\":\"https:\/\/frionox.com\/catalogo\/producto\/abatidor-y-congelador-de-10-gn-1-1-abt101l-380-3nac\/#local-main-organization-logo\"},\"sameAs\":[\"https:\/\/facebook.com\/frionox.pe\",\"https:\/\/x.com\/frionoxsac\",\"https:\/\/youtube.com\/@FRIONOXEQUIPAMIENTODECOCINA\"],\"address\":{\"@id\":\"https:\/\/frionox.com\/catalogo\/producto\/abatidor-y-congelador-de-10-gn-1-1-abt101l-380-3nac\/#local-main-place-address\"},\"geo\":{\"@type\":\"GeoCoordinates\",\"latitude\":\"-11.980133\",\"longitude\":\"-77.06118200000003\"},\"telephone\":[\"+5115221181\"],\"openingHoursSpecification\":[{\"@type\":\"OpeningHoursSpecification\",\"dayOfWeek\":[\"Monday\",\"Tuesday\",\"Wednesday\",\"Thursday\",\"Friday\",\"Saturday\"],\"opens\":\"08:00\",\"closes\":\"18:00\"},{\"@type\":\"OpeningHoursSpecification\",\"dayOfWeek\":[\"Sunday\"],\"opens\":\"00:00\",\"closes\":\"00:00\"}],\"email\":\"cotizaciones@frionox.com\"},{\"@type\":\"PostalAddress\",\"@id\":\"https:\/\/frionox.com\/catalogo\/producto\/abatidor-y-congelador-de-10-gn-1-1-abt101l-380-3nac\/#local-main-place-address\",\"streetAddress\":\"Av. Oscar R. Benavides 1624\",\"addressLocality\":\"Cercado de Lima\",\"postalCode\":\"15082\",\"addressRegion\":\"Lima\",\"addressCountry\":\"PE\"},{\"@type\":\"ImageObject\",\"inLanguage\":\"es\",\"@id\":\"https:\/\/frionox.com\/catalogo\/producto\/abatidor-y-congelador-de-10-gn-1-1-abt101l-380-3nac\/#local-main-organization-logo\",\"url\":\"https:\/\/frionox.com\/catalogo\/wp-content\/uploads\/2020\/04\/LOGO-MOBILE.png\",\"contentUrl\":\"https:\/\/frionox.com\/catalogo\/wp-content\/uploads\/2020\/04\/LOGO-MOBILE.png\",\"width\":203,\"height\":61,\"caption\":\"Frionox Equipamiento de cocinas\"}]}<\/script>\n<meta property=\"product:price:amount\" content=\"10779.30\" \/>\n<meta property=\"product:price:currency\" content=\"PEN\" \/>\n<meta property=\"og:availability\" content=\"backorder\" \/>\n<meta property=\"product:availability\" content=\"available for order\" \/>\n<meta property=\"product:retailer_item_id\" content=\"ABT101L-380-3NAC\" \/>\n<meta property=\"product:condition\" content=\"new\" \/>\n<meta name=\"geo.placename\" content=\"Cercado de Lima\" \/>\n<meta name=\"geo.position\" content=\"-11.980133;-77.06118200000003\" \/>\n<meta name=\"geo.region\" content=\"Per\u00fa\" \/>\n<!-- \/ Yoast SEO Premium plugin. -->","yoast_head_json":{"title":"ABATIDOR Y CONGELADOR DE 10 GN 1\/1 - ABT101L-380-3NAC - FRIONOX","description":"Capacidad: 300 Litros. Dise\u00f1ado para el abatimiento y congelaci\u00f3n de productos. Exterior fabricado de acero inoxidable AISI 304. Respaldo en plancha de acero galvanizado. Interior fabricado de acero inoxidable AISI 304. Estructura portabandejas extraible. Alojamiento de 10 bandejas GN1\/1 \u00f3 10 bandejas panaderas 600 x 400 mm. Dotado con sonda al coraz\u00f3n troncoc\u00f3nica calefactada de f\u00e1cil uso y extracci\u00f3n. Aislamiento t\u00e9rmico con poliuretano inyectado de alta densidad. 01 Puerta con tirador integrado y bisagra pivotante con bloqueo de apertura. Contrapuerta embutida con burlete triple c\u00e1mara f\u00e1cilmente sustituible. Estructura puerta para el calentamiento y evitar la acumulaci\u00f3n de hielo. Cuadro de mando con pantalla gr\u00e1fica de f\u00e1cil lectura,uso y men\u00fa informativo. Abatimiento r\u00e1pido :+90\u00baC a +3\u00baC en menos de 90 minutos. Congelamiento r\u00e1pido :+90\u00baC a -18\u00baC en menos de 270 minutos. Sistema de condensaci\u00f3n ventilada. Potencia de compresor: 2HP. Sistema de evaporaci\u00f3n por tiro forzado. Evaporadores tratados con epoxi de poli\u00e9ster anticorrosi\u00f3n. Desescarche por gas caliente y v\u00e1lvula solenoide. Voltaje:380V \/ 60Hz \/ 3NAC. Con patas regulables. NOTA: Opcional esterilizador. Opcional registrador gr\u00e1fico de temperatura con impresora port\u00e1til. Bandejas inox GN 1\/1.","robots":{"index":"index","follow":"follow","max-snippet":"max-snippet:-1","max-image-preview":"max-image-preview:large","max-video-preview":"max-video-preview:-1"},"canonical":"https:\/\/frionox.com\/catalogo\/producto\/abatidor-y-congelador-de-10-gn-1-1-abt101l-380-3nac\/","og_locale":"es_ES","og_type":"article","og_title":"ABATIDOR Y CONGELADOR DE 10 GN 1\/1 - ABT101L-380-3NAC","og_description":"Capacidad: 300 Litros. Dise\u00f1ado para el abatimiento y congelaci\u00f3n de productos. Exterior fabricado de acero inoxidable AISI 304. Respaldo en plancha de acero galvanizado. Interior fabricado de acero inoxidable AISI 304. Estructura portabandejas extraible. Alojamiento de 10 bandejas GN1\/1 \u00f3 10 bandejas panaderas 600 x 400 mm. Dotado con sonda al coraz\u00f3n troncoc\u00f3nica calefactada de f\u00e1cil uso y extracci\u00f3n. Aislamiento t\u00e9rmico con poliuretano inyectado de alta densidad. 01 Puerta con tirador integrado y bisagra pivotante con bloqueo de apertura. Contrapuerta embutida con burlete triple c\u00e1mara f\u00e1cilmente sustituible. Estructura puerta para el calentamiento y evitar la acumulaci\u00f3n de hielo. Cuadro de mando con pantalla gr\u00e1fica de f\u00e1cil lectura,uso y men\u00fa informativo. Abatimiento r\u00e1pido :+90\u00baC a +3\u00baC en menos de 90 minutos. Congelamiento r\u00e1pido :+90\u00baC a -18\u00baC en menos de 270 minutos. Sistema de condensaci\u00f3n ventilada. Potencia de compresor: 2HP. Sistema de evaporaci\u00f3n por tiro forzado. Evaporadores tratados con epoxi de poli\u00e9ster anticorrosi\u00f3n. Desescarche por gas caliente y v\u00e1lvula solenoide. Voltaje:380V \/ 60Hz \/ 3NAC. Con patas regulables. NOTA: Opcional esterilizador. Opcional registrador gr\u00e1fico de temperatura con impresora port\u00e1til. Bandejas inox GN 1\/1.","og_url":"https:\/\/frionox.com\/catalogo\/producto\/abatidor-y-congelador-de-10-gn-1-1-abt101l-380-3nac\/","og_site_name":"FRIONOX","article_publisher":"https:\/\/facebook.com\/frionox.pe","article_modified_time":"2026-02-12T20:50:12+00:00","og_image":[{"width":800,"height":800,"url":"https:\/\/frionox.com\/catalogo\/wp-content\/uploads\/2020\/04\/ABT101L1.jpg","type":"image\/jpeg"}],"twitter_card":"summary_large_image","twitter_site":"@frionoxsac","twitter_misc":{"Precio":"S\/10,779.30","Disponibilidad":"Disponible para reservar"},"schema":{"@context":"https:\/\/schema.org","@graph":[{"@type":"WebPage","@id":"https:\/\/frionox.com\/catalogo\/producto\/abatidor-y-congelador-de-10-gn-1-1-abt101l-380-3nac\/","url":"https:\/\/frionox.com\/catalogo\/producto\/abatidor-y-congelador-de-10-gn-1-1-abt101l-380-3nac\/","name":"ABATIDOR Y CONGELADOR DE 10 GN 1\/1 - ABT101L-380-3NAC - FRIONOX","isPartOf":{"@id":"https:\/\/frionox.com\/catalogo\/#website"},"primaryImageOfPage":{"@id":"https:\/\/frionox.com\/catalogo\/producto\/abatidor-y-congelador-de-10-gn-1-1-abt101l-380-3nac\/#primaryimage"},"image":{"@id":"https:\/\/frionox.com\/catalogo\/producto\/abatidor-y-congelador-de-10-gn-1-1-abt101l-380-3nac\/#primaryimage"},"thumbnailUrl":"https:\/\/frionox.com\/catalogo\/wp-content\/uploads\/2020\/04\/ABT101L1.jpg","datePublished":"2020-08-09T19:12:21+00:00","dateModified":"2026-02-12T20:50:12+00:00","description":"Capacidad: 300 Litros. Dise\u00f1ado para el abatimiento y congelaci\u00f3n de productos. Exterior fabricado de acero inoxidable AISI 304. Respaldo en plancha de acero galvanizado. Interior fabricado de acero inoxidable AISI 304. Estructura portabandejas extraible. Alojamiento de 10 bandejas GN1\/1 \u00f3 10 bandejas panaderas 600 x 400 mm. Dotado con sonda al coraz\u00f3n troncoc\u00f3nica calefactada de f\u00e1cil uso y extracci\u00f3n. Aislamiento t\u00e9rmico con poliuretano inyectado de alta densidad. 01 Puerta con tirador integrado y bisagra pivotante con bloqueo de apertura. Contrapuerta embutida con burlete triple c\u00e1mara f\u00e1cilmente sustituible. Estructura puerta para el calentamiento y evitar la acumulaci\u00f3n de hielo. Cuadro de mando con pantalla gr\u00e1fica de f\u00e1cil lectura,uso y men\u00fa informativo. Abatimiento r\u00e1pido :+90\u00baC a +3\u00baC en menos de 90 minutos. Congelamiento r\u00e1pido :+90\u00baC a -18\u00baC en menos de 270 minutos. Sistema de condensaci\u00f3n ventilada. Potencia de compresor: 2HP. Sistema de evaporaci\u00f3n por tiro forzado. Evaporadores tratados con epoxi de poli\u00e9ster anticorrosi\u00f3n. Desescarche por gas caliente y v\u00e1lvula solenoide. Voltaje:380V \/ 60Hz \/ 3NAC. Con patas regulables. NOTA: Opcional esterilizador. Opcional registrador gr\u00e1fico de temperatura con impresora port\u00e1til. Bandejas inox GN 1\/1.","breadcrumb":{"@id":"https:\/\/frionox.com\/catalogo\/producto\/abatidor-y-congelador-de-10-gn-1-1-abt101l-380-3nac\/#breadcrumb"},"inLanguage":"es","potentialAction":[{"@type":"ReadAction","target":["https:\/\/frionox.com\/catalogo\/producto\/abatidor-y-congelador-de-10-gn-1-1-abt101l-380-3nac\/"]}]},{"@type":"ImageObject","inLanguage":"es","@id":"https:\/\/frionox.com\/catalogo\/producto\/abatidor-y-congelador-de-10-gn-1-1-abt101l-380-3nac\/#primaryimage","url":"https:\/\/frionox.com\/catalogo\/wp-content\/uploads\/2020\/04\/ABT101L1.jpg","contentUrl":"https:\/\/frionox.com\/catalogo\/wp-content\/uploads\/2020\/04\/ABT101L1.jpg","width":800,"height":800},{"@type":"BreadcrumbList","@id":"https:\/\/frionox.com\/catalogo\/producto\/abatidor-y-congelador-de-10-gn-1-1-abt101l-380-3nac\/#breadcrumb","itemListElement":[{"@type":"ListItem","position":1,"name":"Portada","item":"https:\/\/frionox.com\/catalogo\/"},{"@type":"ListItem","position":2,"name":"Hornos Industriales, Licuadoras Industriales, Cocinas y m\u00e1s","item":"https:\/\/frionox.com\/catalogo\/tienda\/"},{"@type":"ListItem","position":3,"name":"ABATIDOR Y CONGELADOR DE 10 GN 1\/1 &#8211; ABT101L-380-3NAC"}]},{"@type":"WebSite","@id":"https:\/\/frionox.com\/catalogo\/#website","url":"https:\/\/frionox.com\/catalogo\/","name":"FRIONOX","description":"Equipamiento de cocinas","publisher":{"@id":"https:\/\/frionox.com\/catalogo\/#organization"},"potentialAction":[{"@type":"SearchAction","target":{"@type":"EntryPoint","urlTemplate":"https:\/\/frionox.com\/catalogo\/?s={search_term_string}"},"query-input":{"@type":"PropertyValueSpecification","valueRequired":true,"valueName":"search_term_string"}}],"inLanguage":"es"},{"@type":["Organization","Place","LocalBusiness"],"@id":"https:\/\/frionox.com\/catalogo\/#organization","name":"Frionox Equipamiento de cocinas","url":"https:\/\/frionox.com\/catalogo\/","logo":{"@id":"https:\/\/frionox.com\/catalogo\/producto\/abatidor-y-congelador-de-10-gn-1-1-abt101l-380-3nac\/#local-main-organization-logo"},"image":{"@id":"https:\/\/frionox.com\/catalogo\/producto\/abatidor-y-congelador-de-10-gn-1-1-abt101l-380-3nac\/#local-main-organization-logo"},"sameAs":["https:\/\/facebook.com\/frionox.pe","https:\/\/x.com\/frionoxsac","https:\/\/youtube.com\/@FRIONOXEQUIPAMIENTODECOCINA"],"address":{"@id":"https:\/\/frionox.com\/catalogo\/producto\/abatidor-y-congelador-de-10-gn-1-1-abt101l-380-3nac\/#local-main-place-address"},"geo":{"@type":"GeoCoordinates","latitude":"-11.980133","longitude":"-77.06118200000003"},"telephone":["+5115221181"],"openingHoursSpecification":[{"@type":"OpeningHoursSpecification","dayOfWeek":["Monday","Tuesday","Wednesday","Thursday","Friday","Saturday"],"opens":"08:00","closes":"18:00"},{"@type":"OpeningHoursSpecification","dayOfWeek":["Sunday"],"opens":"00:00","closes":"00:00"}],"email":"cotizaciones@frionox.com"},{"@type":"PostalAddress","@id":"https:\/\/frionox.com\/catalogo\/producto\/abatidor-y-congelador-de-10-gn-1-1-abt101l-380-3nac\/#local-main-place-address","streetAddress":"Av. Oscar R. Benavides 1624","addressLocality":"Cercado de Lima","postalCode":"15082","addressRegion":"Lima","addressCountry":"PE"},{"@type":"ImageObject","inLanguage":"es","@id":"https:\/\/frionox.com\/catalogo\/producto\/abatidor-y-congelador-de-10-gn-1-1-abt101l-380-3nac\/#local-main-organization-logo","url":"https:\/\/frionox.com\/catalogo\/wp-content\/uploads\/2020\/04\/LOGO-MOBILE.png","contentUrl":"https:\/\/frionox.com\/catalogo\/wp-content\/uploads\/2020\/04\/LOGO-MOBILE.png","width":203,"height":61,"caption":"Frionox Equipamiento de cocinas"}]},"product_price_amount":"10779.30","product_price_currency":"PEN","og_availability":"backorder","product_availability":"available for order","product_retailer_item_id":"ABT101L-380-3NAC","product_condition":"new","geo.placename":"Cercado de Lima","geo.position":{"lat":"-11.980133","long":"-77.06118200000003"},"geo.region":"Per\u00fa"},"_links":{"self":[{"href":"https:\/\/frionox.com\/catalogo\/wp-json\/wp\/v2\/product\/15959","targetHints":{"allow":["GET"]}}],"collection":[{"href":"https:\/\/frionox.com\/catalogo\/wp-json\/wp\/v2\/product"}],"about":[{"href":"https:\/\/frionox.com\/catalogo\/wp-json\/wp\/v2\/types\/product"}],"replies":[{"embeddable":true,"href":"https:\/\/frionox.com\/catalogo\/wp-json\/wp\/v2\/comments?post=15959"}],"wp:featuredmedia":[{"embeddable":true,"href":"https:\/\/frionox.com\/catalogo\/wp-json\/wp\/v2\/media\/10724"}],"wp:attachment":[{"href":"https:\/\/frionox.com\/catalogo\/wp-json\/wp\/v2\/media?parent=15959"}],"wp:term":[{"taxonomy":"product_brand","embeddable":true,"href":"https:\/\/frionox.com\/catalogo\/wp-json\/wp\/v2\/product_brand?post=15959"},{"taxonomy":"product_cat","embeddable":true,"href":"https:\/\/frionox.com\/catalogo\/wp-json\/wp\/v2\/product_cat?post=15959"},{"taxonomy":"product_tag","embeddable":true,"href":"https:\/\/frionox.com\/catalogo\/wp-json\/wp\/v2\/product_tag?post=15959"}],"curies":[{"name":"wp","href":"https:\/\/api.w.org\/{rel}","templated":true}]}}