{"id":15927,"date":"2020-08-09T14:05:00","date_gmt":"2020-08-09T19:05:00","guid":{"rendered":"https:\/\/frionox.com\/catalogo\/producto\/mesa-pizzera-refrigerada-de-02-puertas-tpp-60\/"},"modified":"2025-07-30T09:14:27","modified_gmt":"2025-07-30T14:14:27","slug":"mesa-pizzera-refrigerada-de-02-puertas-tpp-60","status":"publish","type":"product","link":"https:\/\/frionox.com\/catalogo\/producto\/mesa-pizzera-refrigerada-de-02-puertas-tpp-60\/","title":{"rendered":"MESA PIZZERA REFRIGERADA DE 02 PUERTAS &#8211; TPP-60"},"content":{"rendered":"<p>El TPP-60 mesa de pizza prep Verdadero est\u00e1 equipado con un 19 1 \/ 2 , tabla de cortar de polietileno blanco pulgadas de profundidad, que es de longitud completa y extra\u00edble. Esto proporciona una superficie higi\u00e9nica, f\u00e1cil de limpiar y duradera para preparar pizzas con una variedad de di\u00e1metros. El compartimiento superior refrigerado est\u00e1 equipado con tapas planas y puede alojar ocho 1 \/ 3 -size sartenes de alimentos, que se incluyen. La base del gabinete, que tambi\u00e9n est\u00e1 refrigerada, incluye 4 estantes de alambre recubiertos de PVC que se pueden ajustar para una organizaci\u00f3n personalizable y est\u00e1n equipados con puertas oscilantes s\u00f3lidas. Estas puertas se cierran autom\u00e1ticamente, lo que significa que no se dejar\u00e1n abiertas accidentalmente, y tienen una funci\u00f3n de permanencia abierta a 90 grados para facilitar el almacenamiento de ingredientes adicionales. Esta mesa de preparaci\u00f3n de pizza est\u00e1 construida con un exterior de acero inoxidable y respaldo de aluminio, as\u00ed como un revestimiento de aluminio con recubrimiento transparente y un piso de acero inoxidable con esquinas c\u00f3ncavas. La refrigeraci\u00f3n de aire forzado es proporcionada por un sistema aut\u00f3nomo de tubo capilar que utiliza un refrigerante 134A. Este sistema garantiza un rango de temperatura de 33 a 41 grados Fahrenheit, y toda la unidad est\u00e1 aislada con Ecomate espumado en el lugar. Compresaor de 1\/3 Hp. .<\/p>\n","protected":false},"excerpt":{"rendered":"<p>El TPP-60 mesa de pizza prep Verdadero est\u00e1 equipado con un 19 1 \/ 2 , tabla de cortar de polietileno blanco pulgadas de profundidad, que es de longitud completa y extra\u00edble. Esto proporciona una superficie higi\u00e9nica, f\u00e1cil de limpiar y duradera para preparar pizzas con una variedad de di\u00e1metros. El compartimiento superior refrigerado est\u00e1 equipado con tapas planas y puede alojar ocho 1 \/ 3 -size sartenes de alimentos, que se incluyen. La base del gabinete, que tambi\u00e9n est\u00e1 refrigerada, incluye 4 estantes de alambre recubiertos de PVC que se pueden ajustar para una organizaci\u00f3n personalizable y est\u00e1n equipados con puertas oscilantes s\u00f3lidas. Estas puertas se cierran autom\u00e1ticamente, lo que significa que no se dejar\u00e1n abiertas accidentalmente, y tienen una funci\u00f3n de permanencia abierta a 90 grados para facilitar el almacenamiento de ingredientes adicionales. Esta mesa de preparaci\u00f3n de pizza est\u00e1 construida con un exterior de acero inoxidable y respaldo de aluminio, as\u00ed como un revestimiento de aluminio con recubrimiento transparente y un piso de acero inoxidable con esquinas c\u00f3ncavas. La refrigeraci\u00f3n de aire forzado es proporcionada por un sistema aut\u00f3nomo de tubo capilar que utiliza un refrigerante 134A. Este sistema garantiza un rango de temperatura de 33 a 41 grados Fahrenheit, y toda la unidad est\u00e1 aislada con Ecomate espumado en el lugar. Compresaor de 1\/3 Hp. .<\/p>\n","protected":false},"featured_media":12644,"comment_status":"open","ping_status":"closed","template":"","meta":[],"product_brand":[],"product_cat":[27,101],"product_tag":[2113],"class_list":{"0":"post-15927","1":"product","2":"type-product","3":"status-publish","4":"has-post-thumbnail","6":"product_cat-refrigeracion-comercial","7":"product_cat-mesas-refrigeradas","8":"product_tag-mesa-pizzera-refrigerada-de-02-puertas","9":"pa_marcas-true","11":"first","12":"onbackorder","13":"shipping-taxable","14":"purchasable","15":"product-type-simple"},"yoast_head":"<!-- This site is optimized with the Yoast SEO Premium plugin v27.1 (Yoast SEO v27.1.1) - https:\/\/yoast.com\/product\/yoast-seo-premium-wordpress\/ -->\n<title>MESA PIZZERA REFRIGERADA DE 02 PUERTAS - TPP-60 - FRIONOX<\/title>\n<meta name=\"description\" content=\"El TPP-60 mesa de pizza prep Verdadero est\u00e1 equipado con un 19 1 \/ 2 , tabla de cortar de polietileno blanco pulgadas de profundidad, que es de longitud completa y extra\u00edble. Esto proporciona una superficie higi\u00e9nica, f\u00e1cil de limpiar y duradera para preparar pizzas con una variedad de di\u00e1metros. El compartimiento superior refrigerado est\u00e1 equipado con tapas planas y puede alojar ocho 1 \/ 3 -size sartenes de alimentos, que se incluyen. La base del gabinete, que tambi\u00e9n est\u00e1 refrigerada, incluye 4 estantes de alambre recubiertos de PVC que se pueden ajustar para una organizaci\u00f3n personalizable y est\u00e1n equipados con puertas oscilantes s\u00f3lidas. Estas puertas se cierran autom\u00e1ticamente, lo que significa que no se dejar\u00e1n abiertas accidentalmente, y tienen una funci\u00f3n de permanencia abierta a 90 grados para facilitar el almacenamiento de ingredientes adicionales. Esta mesa de preparaci\u00f3n de pizza est\u00e1 construida con un exterior de acero inoxidable y respaldo de aluminio, as\u00ed como un revestimiento de aluminio con recubrimiento transparente y un piso de acero inoxidable con esquinas c\u00f3ncavas. La refrigeraci\u00f3n de aire forzado es proporcionada por un sistema aut\u00f3nomo de tubo capilar que utiliza un refrigerante 134A. Este sistema garantiza un rango de temperatura de 33 a 41 grados Fahrenheit, y toda la unidad est\u00e1 aislada con Ecomate espumado en el lugar. Compresaor de 1\/3 Hp. .\" \/>\n<meta name=\"robots\" content=\"index, follow, max-snippet:-1, max-image-preview:large, max-video-preview:-1\" \/>\n<link rel=\"canonical\" href=\"https:\/\/frionox.com\/catalogo\/producto\/mesa-pizzera-refrigerada-de-02-puertas-tpp-60\/\" \/>\n<meta property=\"og:locale\" content=\"es_ES\" \/>\n<meta property=\"og:type\" content=\"article\" \/>\n<meta property=\"og:title\" content=\"MESA PIZZERA REFRIGERADA DE 02 PUERTAS - TPP-60\" \/>\n<meta property=\"og:description\" content=\"El TPP-60 mesa de pizza prep Verdadero est\u00e1 equipado con un 19 1 \/ 2 , tabla de cortar de polietileno blanco pulgadas de profundidad, que es de longitud completa y extra\u00edble. Esto proporciona una superficie higi\u00e9nica, f\u00e1cil de limpiar y duradera para preparar pizzas con una variedad de di\u00e1metros. El compartimiento superior refrigerado est\u00e1 equipado con tapas planas y puede alojar ocho 1 \/ 3 -size sartenes de alimentos, que se incluyen. La base del gabinete, que tambi\u00e9n est\u00e1 refrigerada, incluye 4 estantes de alambre recubiertos de PVC que se pueden ajustar para una organizaci\u00f3n personalizable y est\u00e1n equipados con puertas oscilantes s\u00f3lidas. Estas puertas se cierran autom\u00e1ticamente, lo que significa que no se dejar\u00e1n abiertas accidentalmente, y tienen una funci\u00f3n de permanencia abierta a 90 grados para facilitar el almacenamiento de ingredientes adicionales. Esta mesa de preparaci\u00f3n de pizza est\u00e1 construida con un exterior de acero inoxidable y respaldo de aluminio, as\u00ed como un revestimiento de aluminio con recubrimiento transparente y un piso de acero inoxidable con esquinas c\u00f3ncavas. La refrigeraci\u00f3n de aire forzado es proporcionada por un sistema aut\u00f3nomo de tubo capilar que utiliza un refrigerante 134A. Este sistema garantiza un rango de temperatura de 33 a 41 grados Fahrenheit, y toda la unidad est\u00e1 aislada con Ecomate espumado en el lugar. Compresaor de 1\/3 Hp. .\" \/>\n<meta property=\"og:url\" content=\"https:\/\/frionox.com\/catalogo\/producto\/mesa-pizzera-refrigerada-de-02-puertas-tpp-60\/\" \/>\n<meta property=\"og:site_name\" content=\"FRIONOX\" \/>\n<meta property=\"article:publisher\" content=\"https:\/\/facebook.com\/frionox.pe\" \/>\n<meta property=\"article:modified_time\" content=\"2025-07-30T14:14:27+00:00\" \/>\n<meta property=\"og:image\" content=\"https:\/\/frionox.com\/catalogo\/wp-content\/uploads\/2020\/04\/TPP-60.jpg\" \/>\n\t<meta property=\"og:image:width\" content=\"600\" \/>\n\t<meta property=\"og:image:height\" content=\"600\" \/>\n\t<meta property=\"og:image:type\" content=\"image\/jpeg\" \/>\n<meta name=\"twitter:card\" content=\"summary_large_image\" \/>\n<meta name=\"twitter:site\" content=\"@frionoxsac\" \/>\n<meta name=\"twitter:label1\" content=\"Precio\" \/>\n\t<meta name=\"twitter:data1\" content=\"S\/7,375.00\" \/>\n\t<meta name=\"twitter:label2\" content=\"Disponibilidad\" \/>\n\t<meta name=\"twitter:data2\" content=\"Disponible para reservar\" \/>\n<script type=\"application\/ld+json\" class=\"yoast-schema-graph\">{\"@context\":\"https:\/\/schema.org\",\"@graph\":[{\"@type\":\"WebPage\",\"@id\":\"https:\/\/frionox.com\/catalogo\/producto\/mesa-pizzera-refrigerada-de-02-puertas-tpp-60\/\",\"url\":\"https:\/\/frionox.com\/catalogo\/producto\/mesa-pizzera-refrigerada-de-02-puertas-tpp-60\/\",\"name\":\"MESA PIZZERA REFRIGERADA DE 02 PUERTAS - TPP-60 - FRIONOX\",\"isPartOf\":{\"@id\":\"https:\/\/frionox.com\/catalogo\/#website\"},\"primaryImageOfPage\":{\"@id\":\"https:\/\/frionox.com\/catalogo\/producto\/mesa-pizzera-refrigerada-de-02-puertas-tpp-60\/#primaryimage\"},\"image\":{\"@id\":\"https:\/\/frionox.com\/catalogo\/producto\/mesa-pizzera-refrigerada-de-02-puertas-tpp-60\/#primaryimage\"},\"thumbnailUrl\":\"https:\/\/frionox.com\/catalogo\/wp-content\/uploads\/2020\/04\/TPP-60.jpg\",\"datePublished\":\"2020-08-09T19:05:00+00:00\",\"dateModified\":\"2025-07-30T14:14:27+00:00\",\"description\":\"El TPP-60 mesa de pizza prep Verdadero est\u00e1 equipado con un 19 1 \/ 2 , tabla de cortar de polietileno blanco pulgadas de profundidad, que es de longitud completa y extra\u00edble. Esto proporciona una superficie higi\u00e9nica, f\u00e1cil de limpiar y duradera para preparar pizzas con una variedad de di\u00e1metros. El compartimiento superior refrigerado est\u00e1 equipado con tapas planas y puede alojar ocho 1 \/ 3 -size sartenes de alimentos, que se incluyen. La base del gabinete, que tambi\u00e9n est\u00e1 refrigerada, incluye 4 estantes de alambre recubiertos de PVC que se pueden ajustar para una organizaci\u00f3n personalizable y est\u00e1n equipados con puertas oscilantes s\u00f3lidas. Estas puertas se cierran autom\u00e1ticamente, lo que significa que no se dejar\u00e1n abiertas accidentalmente, y tienen una funci\u00f3n de permanencia abierta a 90 grados para facilitar el almacenamiento de ingredientes adicionales. Esta mesa de preparaci\u00f3n de pizza est\u00e1 construida con un exterior de acero inoxidable y respaldo de aluminio, as\u00ed como un revestimiento de aluminio con recubrimiento transparente y un piso de acero inoxidable con esquinas c\u00f3ncavas. La refrigeraci\u00f3n de aire forzado es proporcionada por un sistema aut\u00f3nomo de tubo capilar que utiliza un refrigerante 134A. Este sistema garantiza un rango de temperatura de 33 a 41 grados Fahrenheit, y toda la unidad est\u00e1 aislada con Ecomate espumado en el lugar. Compresaor de 1\/3 Hp. .\",\"breadcrumb\":{\"@id\":\"https:\/\/frionox.com\/catalogo\/producto\/mesa-pizzera-refrigerada-de-02-puertas-tpp-60\/#breadcrumb\"},\"inLanguage\":\"es\",\"potentialAction\":[{\"@type\":\"ReadAction\",\"target\":[\"https:\/\/frionox.com\/catalogo\/producto\/mesa-pizzera-refrigerada-de-02-puertas-tpp-60\/\"]}]},{\"@type\":\"ImageObject\",\"inLanguage\":\"es\",\"@id\":\"https:\/\/frionox.com\/catalogo\/producto\/mesa-pizzera-refrigerada-de-02-puertas-tpp-60\/#primaryimage\",\"url\":\"https:\/\/frionox.com\/catalogo\/wp-content\/uploads\/2020\/04\/TPP-60.jpg\",\"contentUrl\":\"https:\/\/frionox.com\/catalogo\/wp-content\/uploads\/2020\/04\/TPP-60.jpg\",\"width\":600,\"height\":600},{\"@type\":\"BreadcrumbList\",\"@id\":\"https:\/\/frionox.com\/catalogo\/producto\/mesa-pizzera-refrigerada-de-02-puertas-tpp-60\/#breadcrumb\",\"itemListElement\":[{\"@type\":\"ListItem\",\"position\":1,\"name\":\"Portada\",\"item\":\"https:\/\/frionox.com\/catalogo\/\"},{\"@type\":\"ListItem\",\"position\":2,\"name\":\"Hornos Industriales, Licuadoras Industriales, Cocinas y m\u00e1s\",\"item\":\"https:\/\/frionox.com\/catalogo\/tienda\/\"},{\"@type\":\"ListItem\",\"position\":3,\"name\":\"MESA PIZZERA REFRIGERADA DE 02 PUERTAS &#8211; TPP-60\"}]},{\"@type\":\"WebSite\",\"@id\":\"https:\/\/frionox.com\/catalogo\/#website\",\"url\":\"https:\/\/frionox.com\/catalogo\/\",\"name\":\"FRIONOX\",\"description\":\"Equipamiento de cocinas\",\"publisher\":{\"@id\":\"https:\/\/frionox.com\/catalogo\/#organization\"},\"potentialAction\":[{\"@type\":\"SearchAction\",\"target\":{\"@type\":\"EntryPoint\",\"urlTemplate\":\"https:\/\/frionox.com\/catalogo\/?s={search_term_string}\"},\"query-input\":{\"@type\":\"PropertyValueSpecification\",\"valueRequired\":true,\"valueName\":\"search_term_string\"}}],\"inLanguage\":\"es\"},{\"@type\":[\"Organization\",\"Place\",\"LocalBusiness\"],\"@id\":\"https:\/\/frionox.com\/catalogo\/#organization\",\"name\":\"Frionox Equipamiento de cocinas\",\"url\":\"https:\/\/frionox.com\/catalogo\/\",\"logo\":{\"@id\":\"https:\/\/frionox.com\/catalogo\/producto\/mesa-pizzera-refrigerada-de-02-puertas-tpp-60\/#local-main-organization-logo\"},\"image\":{\"@id\":\"https:\/\/frionox.com\/catalogo\/producto\/mesa-pizzera-refrigerada-de-02-puertas-tpp-60\/#local-main-organization-logo\"},\"sameAs\":[\"https:\/\/facebook.com\/frionox.pe\",\"https:\/\/x.com\/frionoxsac\",\"https:\/\/youtube.com\/@FRIONOXEQUIPAMIENTODECOCINA\"],\"address\":{\"@id\":\"https:\/\/frionox.com\/catalogo\/producto\/mesa-pizzera-refrigerada-de-02-puertas-tpp-60\/#local-main-place-address\"},\"geo\":{\"@type\":\"GeoCoordinates\",\"latitude\":\"-11.980133\",\"longitude\":\"-77.06118200000003\"},\"telephone\":[\"+5115221181\"],\"openingHoursSpecification\":[{\"@type\":\"OpeningHoursSpecification\",\"dayOfWeek\":[\"Monday\",\"Tuesday\",\"Wednesday\",\"Thursday\",\"Friday\",\"Saturday\"],\"opens\":\"08:00\",\"closes\":\"18:00\"},{\"@type\":\"OpeningHoursSpecification\",\"dayOfWeek\":[\"Sunday\"],\"opens\":\"00:00\",\"closes\":\"00:00\"}],\"email\":\"cotizaciones@frionox.com\"},{\"@type\":\"PostalAddress\",\"@id\":\"https:\/\/frionox.com\/catalogo\/producto\/mesa-pizzera-refrigerada-de-02-puertas-tpp-60\/#local-main-place-address\",\"streetAddress\":\"Av. Oscar R. Benavides 1624\",\"addressLocality\":\"Cercado de Lima\",\"postalCode\":\"15082\",\"addressRegion\":\"Lima\",\"addressCountry\":\"PE\"},{\"@type\":\"ImageObject\",\"inLanguage\":\"es\",\"@id\":\"https:\/\/frionox.com\/catalogo\/producto\/mesa-pizzera-refrigerada-de-02-puertas-tpp-60\/#local-main-organization-logo\",\"url\":\"https:\/\/frionox.com\/catalogo\/wp-content\/uploads\/2020\/04\/LOGO-MOBILE.png\",\"contentUrl\":\"https:\/\/frionox.com\/catalogo\/wp-content\/uploads\/2020\/04\/LOGO-MOBILE.png\",\"width\":203,\"height\":61,\"caption\":\"Frionox Equipamiento de cocinas\"}]}<\/script>\n<meta property=\"product:price:amount\" content=\"7375.00\" \/>\n<meta property=\"product:price:currency\" content=\"PEN\" \/>\n<meta property=\"og:availability\" content=\"backorder\" \/>\n<meta property=\"product:availability\" content=\"available for order\" \/>\n<meta property=\"product:retailer_item_id\" content=\"TPP-60\" \/>\n<meta property=\"product:condition\" content=\"new\" \/>\n<meta name=\"geo.placename\" content=\"Cercado de Lima\" \/>\n<meta name=\"geo.position\" content=\"-11.980133;-77.06118200000003\" \/>\n<meta name=\"geo.region\" content=\"Per\u00fa\" \/>\n<!-- \/ Yoast SEO Premium plugin. -->","yoast_head_json":{"title":"MESA PIZZERA REFRIGERADA DE 02 PUERTAS - TPP-60 - FRIONOX","description":"El TPP-60 mesa de pizza prep Verdadero est\u00e1 equipado con un 19 1 \/ 2 , tabla de cortar de polietileno blanco pulgadas de profundidad, que es de longitud completa y extra\u00edble. Esto proporciona una superficie higi\u00e9nica, f\u00e1cil de limpiar y duradera para preparar pizzas con una variedad de di\u00e1metros. El compartimiento superior refrigerado est\u00e1 equipado con tapas planas y puede alojar ocho 1 \/ 3 -size sartenes de alimentos, que se incluyen. La base del gabinete, que tambi\u00e9n est\u00e1 refrigerada, incluye 4 estantes de alambre recubiertos de PVC que se pueden ajustar para una organizaci\u00f3n personalizable y est\u00e1n equipados con puertas oscilantes s\u00f3lidas. Estas puertas se cierran autom\u00e1ticamente, lo que significa que no se dejar\u00e1n abiertas accidentalmente, y tienen una funci\u00f3n de permanencia abierta a 90 grados para facilitar el almacenamiento de ingredientes adicionales. Esta mesa de preparaci\u00f3n de pizza est\u00e1 construida con un exterior de acero inoxidable y respaldo de aluminio, as\u00ed como un revestimiento de aluminio con recubrimiento transparente y un piso de acero inoxidable con esquinas c\u00f3ncavas. La refrigeraci\u00f3n de aire forzado es proporcionada por un sistema aut\u00f3nomo de tubo capilar que utiliza un refrigerante 134A. Este sistema garantiza un rango de temperatura de 33 a 41 grados Fahrenheit, y toda la unidad est\u00e1 aislada con Ecomate espumado en el lugar. Compresaor de 1\/3 Hp. .","robots":{"index":"index","follow":"follow","max-snippet":"max-snippet:-1","max-image-preview":"max-image-preview:large","max-video-preview":"max-video-preview:-1"},"canonical":"https:\/\/frionox.com\/catalogo\/producto\/mesa-pizzera-refrigerada-de-02-puertas-tpp-60\/","og_locale":"es_ES","og_type":"article","og_title":"MESA PIZZERA REFRIGERADA DE 02 PUERTAS - TPP-60","og_description":"El TPP-60 mesa de pizza prep Verdadero est\u00e1 equipado con un 19 1 \/ 2 , tabla de cortar de polietileno blanco pulgadas de profundidad, que es de longitud completa y extra\u00edble. Esto proporciona una superficie higi\u00e9nica, f\u00e1cil de limpiar y duradera para preparar pizzas con una variedad de di\u00e1metros. El compartimiento superior refrigerado est\u00e1 equipado con tapas planas y puede alojar ocho 1 \/ 3 -size sartenes de alimentos, que se incluyen. La base del gabinete, que tambi\u00e9n est\u00e1 refrigerada, incluye 4 estantes de alambre recubiertos de PVC que se pueden ajustar para una organizaci\u00f3n personalizable y est\u00e1n equipados con puertas oscilantes s\u00f3lidas. Estas puertas se cierran autom\u00e1ticamente, lo que significa que no se dejar\u00e1n abiertas accidentalmente, y tienen una funci\u00f3n de permanencia abierta a 90 grados para facilitar el almacenamiento de ingredientes adicionales. Esta mesa de preparaci\u00f3n de pizza est\u00e1 construida con un exterior de acero inoxidable y respaldo de aluminio, as\u00ed como un revestimiento de aluminio con recubrimiento transparente y un piso de acero inoxidable con esquinas c\u00f3ncavas. La refrigeraci\u00f3n de aire forzado es proporcionada por un sistema aut\u00f3nomo de tubo capilar que utiliza un refrigerante 134A. Este sistema garantiza un rango de temperatura de 33 a 41 grados Fahrenheit, y toda la unidad est\u00e1 aislada con Ecomate espumado en el lugar. Compresaor de 1\/3 Hp. .","og_url":"https:\/\/frionox.com\/catalogo\/producto\/mesa-pizzera-refrigerada-de-02-puertas-tpp-60\/","og_site_name":"FRIONOX","article_publisher":"https:\/\/facebook.com\/frionox.pe","article_modified_time":"2025-07-30T14:14:27+00:00","og_image":[{"width":600,"height":600,"url":"https:\/\/frionox.com\/catalogo\/wp-content\/uploads\/2020\/04\/TPP-60.jpg","type":"image\/jpeg"}],"twitter_card":"summary_large_image","twitter_site":"@frionoxsac","twitter_misc":{"Precio":"S\/7,375.00","Disponibilidad":"Disponible para reservar"},"schema":{"@context":"https:\/\/schema.org","@graph":[{"@type":"WebPage","@id":"https:\/\/frionox.com\/catalogo\/producto\/mesa-pizzera-refrigerada-de-02-puertas-tpp-60\/","url":"https:\/\/frionox.com\/catalogo\/producto\/mesa-pizzera-refrigerada-de-02-puertas-tpp-60\/","name":"MESA PIZZERA REFRIGERADA DE 02 PUERTAS - TPP-60 - FRIONOX","isPartOf":{"@id":"https:\/\/frionox.com\/catalogo\/#website"},"primaryImageOfPage":{"@id":"https:\/\/frionox.com\/catalogo\/producto\/mesa-pizzera-refrigerada-de-02-puertas-tpp-60\/#primaryimage"},"image":{"@id":"https:\/\/frionox.com\/catalogo\/producto\/mesa-pizzera-refrigerada-de-02-puertas-tpp-60\/#primaryimage"},"thumbnailUrl":"https:\/\/frionox.com\/catalogo\/wp-content\/uploads\/2020\/04\/TPP-60.jpg","datePublished":"2020-08-09T19:05:00+00:00","dateModified":"2025-07-30T14:14:27+00:00","description":"El TPP-60 mesa de pizza prep Verdadero est\u00e1 equipado con un 19 1 \/ 2 , tabla de cortar de polietileno blanco pulgadas de profundidad, que es de longitud completa y extra\u00edble. Esto proporciona una superficie higi\u00e9nica, f\u00e1cil de limpiar y duradera para preparar pizzas con una variedad de di\u00e1metros. El compartimiento superior refrigerado est\u00e1 equipado con tapas planas y puede alojar ocho 1 \/ 3 -size sartenes de alimentos, que se incluyen. La base del gabinete, que tambi\u00e9n est\u00e1 refrigerada, incluye 4 estantes de alambre recubiertos de PVC que se pueden ajustar para una organizaci\u00f3n personalizable y est\u00e1n equipados con puertas oscilantes s\u00f3lidas. Estas puertas se cierran autom\u00e1ticamente, lo que significa que no se dejar\u00e1n abiertas accidentalmente, y tienen una funci\u00f3n de permanencia abierta a 90 grados para facilitar el almacenamiento de ingredientes adicionales. Esta mesa de preparaci\u00f3n de pizza est\u00e1 construida con un exterior de acero inoxidable y respaldo de aluminio, as\u00ed como un revestimiento de aluminio con recubrimiento transparente y un piso de acero inoxidable con esquinas c\u00f3ncavas. La refrigeraci\u00f3n de aire forzado es proporcionada por un sistema aut\u00f3nomo de tubo capilar que utiliza un refrigerante 134A. Este sistema garantiza un rango de temperatura de 33 a 41 grados Fahrenheit, y toda la unidad est\u00e1 aislada con Ecomate espumado en el lugar. Compresaor de 1\/3 Hp. .","breadcrumb":{"@id":"https:\/\/frionox.com\/catalogo\/producto\/mesa-pizzera-refrigerada-de-02-puertas-tpp-60\/#breadcrumb"},"inLanguage":"es","potentialAction":[{"@type":"ReadAction","target":["https:\/\/frionox.com\/catalogo\/producto\/mesa-pizzera-refrigerada-de-02-puertas-tpp-60\/"]}]},{"@type":"ImageObject","inLanguage":"es","@id":"https:\/\/frionox.com\/catalogo\/producto\/mesa-pizzera-refrigerada-de-02-puertas-tpp-60\/#primaryimage","url":"https:\/\/frionox.com\/catalogo\/wp-content\/uploads\/2020\/04\/TPP-60.jpg","contentUrl":"https:\/\/frionox.com\/catalogo\/wp-content\/uploads\/2020\/04\/TPP-60.jpg","width":600,"height":600},{"@type":"BreadcrumbList","@id":"https:\/\/frionox.com\/catalogo\/producto\/mesa-pizzera-refrigerada-de-02-puertas-tpp-60\/#breadcrumb","itemListElement":[{"@type":"ListItem","position":1,"name":"Portada","item":"https:\/\/frionox.com\/catalogo\/"},{"@type":"ListItem","position":2,"name":"Hornos Industriales, Licuadoras Industriales, Cocinas y m\u00e1s","item":"https:\/\/frionox.com\/catalogo\/tienda\/"},{"@type":"ListItem","position":3,"name":"MESA PIZZERA REFRIGERADA DE 02 PUERTAS &#8211; TPP-60"}]},{"@type":"WebSite","@id":"https:\/\/frionox.com\/catalogo\/#website","url":"https:\/\/frionox.com\/catalogo\/","name":"FRIONOX","description":"Equipamiento de cocinas","publisher":{"@id":"https:\/\/frionox.com\/catalogo\/#organization"},"potentialAction":[{"@type":"SearchAction","target":{"@type":"EntryPoint","urlTemplate":"https:\/\/frionox.com\/catalogo\/?s={search_term_string}"},"query-input":{"@type":"PropertyValueSpecification","valueRequired":true,"valueName":"search_term_string"}}],"inLanguage":"es"},{"@type":["Organization","Place","LocalBusiness"],"@id":"https:\/\/frionox.com\/catalogo\/#organization","name":"Frionox Equipamiento de cocinas","url":"https:\/\/frionox.com\/catalogo\/","logo":{"@id":"https:\/\/frionox.com\/catalogo\/producto\/mesa-pizzera-refrigerada-de-02-puertas-tpp-60\/#local-main-organization-logo"},"image":{"@id":"https:\/\/frionox.com\/catalogo\/producto\/mesa-pizzera-refrigerada-de-02-puertas-tpp-60\/#local-main-organization-logo"},"sameAs":["https:\/\/facebook.com\/frionox.pe","https:\/\/x.com\/frionoxsac","https:\/\/youtube.com\/@FRIONOXEQUIPAMIENTODECOCINA"],"address":{"@id":"https:\/\/frionox.com\/catalogo\/producto\/mesa-pizzera-refrigerada-de-02-puertas-tpp-60\/#local-main-place-address"},"geo":{"@type":"GeoCoordinates","latitude":"-11.980133","longitude":"-77.06118200000003"},"telephone":["+5115221181"],"openingHoursSpecification":[{"@type":"OpeningHoursSpecification","dayOfWeek":["Monday","Tuesday","Wednesday","Thursday","Friday","Saturday"],"opens":"08:00","closes":"18:00"},{"@type":"OpeningHoursSpecification","dayOfWeek":["Sunday"],"opens":"00:00","closes":"00:00"}],"email":"cotizaciones@frionox.com"},{"@type":"PostalAddress","@id":"https:\/\/frionox.com\/catalogo\/producto\/mesa-pizzera-refrigerada-de-02-puertas-tpp-60\/#local-main-place-address","streetAddress":"Av. Oscar R. Benavides 1624","addressLocality":"Cercado de Lima","postalCode":"15082","addressRegion":"Lima","addressCountry":"PE"},{"@type":"ImageObject","inLanguage":"es","@id":"https:\/\/frionox.com\/catalogo\/producto\/mesa-pizzera-refrigerada-de-02-puertas-tpp-60\/#local-main-organization-logo","url":"https:\/\/frionox.com\/catalogo\/wp-content\/uploads\/2020\/04\/LOGO-MOBILE.png","contentUrl":"https:\/\/frionox.com\/catalogo\/wp-content\/uploads\/2020\/04\/LOGO-MOBILE.png","width":203,"height":61,"caption":"Frionox Equipamiento de cocinas"}]},"product_price_amount":"7375.00","product_price_currency":"PEN","og_availability":"backorder","product_availability":"available for order","product_retailer_item_id":"TPP-60","product_condition":"new","geo.placename":"Cercado de Lima","geo.position":{"lat":"-11.980133","long":"-77.06118200000003"},"geo.region":"Per\u00fa"},"_links":{"self":[{"href":"https:\/\/frionox.com\/catalogo\/wp-json\/wp\/v2\/product\/15927","targetHints":{"allow":["GET"]}}],"collection":[{"href":"https:\/\/frionox.com\/catalogo\/wp-json\/wp\/v2\/product"}],"about":[{"href":"https:\/\/frionox.com\/catalogo\/wp-json\/wp\/v2\/types\/product"}],"replies":[{"embeddable":true,"href":"https:\/\/frionox.com\/catalogo\/wp-json\/wp\/v2\/comments?post=15927"}],"wp:featuredmedia":[{"embeddable":true,"href":"https:\/\/frionox.com\/catalogo\/wp-json\/wp\/v2\/media\/12644"}],"wp:attachment":[{"href":"https:\/\/frionox.com\/catalogo\/wp-json\/wp\/v2\/media?parent=15927"}],"wp:term":[{"taxonomy":"product_brand","embeddable":true,"href":"https:\/\/frionox.com\/catalogo\/wp-json\/wp\/v2\/product_brand?post=15927"},{"taxonomy":"product_cat","embeddable":true,"href":"https:\/\/frionox.com\/catalogo\/wp-json\/wp\/v2\/product_cat?post=15927"},{"taxonomy":"product_tag","embeddable":true,"href":"https:\/\/frionox.com\/catalogo\/wp-json\/wp\/v2\/product_tag?post=15927"}],"curies":[{"name":"wp","href":"https:\/\/api.w.org\/{rel}","templated":true}]}}