{"id":15920,"date":"2020-08-09T14:04:59","date_gmt":"2020-08-09T19:04:59","guid":{"rendered":"https:\/\/frionox.com\/catalogo\/producto\/mesa-refrigerada-de-bar-02-puertas-corredizas-de-cristal-tbb-24-60\/"},"modified":"2026-01-19T12:30:09","modified_gmt":"2026-01-19T17:30:09","slug":"mesa-refrigerada-de-bar-02-puertas-corredizas-de-cristal-tbb-24-60","status":"publish","type":"product","link":"https:\/\/frionox.com\/catalogo\/producto\/mesa-refrigerada-de-bar-02-puertas-corredizas-de-cristal-tbb-24-60\/","title":{"rendered":"MESA REFRIGERADA DE BAR 02 PUERTAS CORREDIZAS DE CRISTAL &#8211; TBB-24-60"},"content":{"rendered":"<p>La profundidad de ahorro de espacio del refrigerador de almacenamiento de la barra trasera est\u00e1 dise\u00f1ada para adaptarse a espacios reducidos, uno al lado del otro, con los gabinetes existentes. M\u00e1ximo rendimiento en los climas m\u00e1s c\u00e1lidos y h\u00famedos. Interior iluminado. 1 \u2044 6 HP.Dise\u00f1ado para aplicaciones que desean usar la parte superior de la unidad para el espacio de trabajo. Rango de temperatura de + 33 \u00b0 F a + 38 \u00b0 F 2 puertas batientes s\u00f3lidas, dos estantes ajustables por puerta Piso interior de acero inoxidable. Voltaje: 120V Exterior de vinilo negro<\/p>\n","protected":false},"excerpt":{"rendered":"<p>La profundidad de ahorro de espacio del refrigerador de almacenamiento de la barra trasera est\u00e1 dise\u00f1ada para adaptarse a espacios reducidos, uno al lado del otro, con los gabinetes existentes. M\u00e1ximo rendimiento en los climas m\u00e1s c\u00e1lidos y h\u00famedos. Interior iluminado. 1 \u2044 6 HP.Dise\u00f1ado para aplicaciones que desean usar la parte superior de la unidad para el espacio de trabajo. Rango de temperatura de + 33 \u00b0 F a + 38 \u00b0 F 2 puertas batientes s\u00f3lidas, dos estantes ajustables por puerta Piso interior de acero inoxidable. Voltaje: 120V Exterior de vinilo negro<\/p>\n","protected":false},"featured_media":10190,"comment_status":"open","ping_status":"closed","template":"","meta":[],"product_brand":[],"product_cat":[27,101],"product_tag":[2106],"class_list":{"0":"post-15920","1":"product","2":"type-product","3":"status-publish","4":"has-post-thumbnail","6":"product_cat-refrigeracion-comercial","7":"product_cat-mesas-refrigeradas","8":"product_tag-mesa-refrigerada-de-bar-02-puertas-corredizas-de-cristal","9":"pa_marcas-true","11":"first","12":"onbackorder","13":"shipping-taxable","14":"purchasable","15":"product-type-simple"},"yoast_head":"<!-- This site is optimized with the Yoast SEO Premium plugin v27.1 (Yoast SEO v27.1.1) - https:\/\/yoast.com\/product\/yoast-seo-premium-wordpress\/ -->\n<title>MESA REFRIGERADA DE BAR 02 PUERTAS CORREDIZAS DE CRISTAL - TBB-24-60 - FRIONOX<\/title>\n<meta name=\"description\" content=\"La profundidad de ahorro de espacio del refrigerador de almacenamiento de la barra trasera est\u00e1 dise\u00f1ada para adaptarse a espacios reducidos, uno al lado del otro, con los gabinetes existentes. M\u00e1ximo rendimiento en los climas m\u00e1s c\u00e1lidos y h\u00famedos. Interior iluminado. 1 \u2044 6 HP.Dise\u00f1ado para aplicaciones que desean usar la parte superior de la unidad para el espacio de trabajo. Rango de temperatura de + 33 \u00b0 F a + 38 \u00b0 F 2 puertas batientes s\u00f3lidas, dos estantes ajustables por puerta Piso interior de acero inoxidable. Voltaje: 120V Exterior de vinilo negro\" \/>\n<meta name=\"robots\" content=\"index, follow, max-snippet:-1, max-image-preview:large, max-video-preview:-1\" \/>\n<link rel=\"canonical\" href=\"https:\/\/frionox.com\/catalogo\/producto\/mesa-refrigerada-de-bar-02-puertas-corredizas-de-cristal-tbb-24-60\/\" \/>\n<meta property=\"og:locale\" content=\"es_ES\" \/>\n<meta property=\"og:type\" content=\"article\" \/>\n<meta property=\"og:title\" content=\"MESA REFRIGERADA DE BAR 02 PUERTAS CORREDIZAS DE CRISTAL - TBB-24-60\" \/>\n<meta property=\"og:description\" content=\"La profundidad de ahorro de espacio del refrigerador de almacenamiento de la barra trasera est\u00e1 dise\u00f1ada para adaptarse a espacios reducidos, uno al lado del otro, con los gabinetes existentes. M\u00e1ximo rendimiento en los climas m\u00e1s c\u00e1lidos y h\u00famedos. Interior iluminado. 1 \u2044 6 HP.Dise\u00f1ado para aplicaciones que desean usar la parte superior de la unidad para el espacio de trabajo. Rango de temperatura de + 33 \u00b0 F a + 38 \u00b0 F 2 puertas batientes s\u00f3lidas, dos estantes ajustables por puerta Piso interior de acero inoxidable. Voltaje: 120V Exterior de vinilo negro\" \/>\n<meta property=\"og:url\" content=\"https:\/\/frionox.com\/catalogo\/producto\/mesa-refrigerada-de-bar-02-puertas-corredizas-de-cristal-tbb-24-60\/\" \/>\n<meta property=\"og:site_name\" content=\"FRIONOX\" \/>\n<meta property=\"article:publisher\" content=\"https:\/\/facebook.com\/frionox.pe\" \/>\n<meta property=\"article:modified_time\" content=\"2026-01-19T17:30:09+00:00\" \/>\n<meta property=\"og:image\" content=\"https:\/\/frionox.com\/catalogo\/wp-content\/uploads\/2020\/04\/TBB-24-48G-SD.jpg\" \/>\n\t<meta property=\"og:image:width\" content=\"800\" \/>\n\t<meta property=\"og:image:height\" content=\"800\" \/>\n\t<meta property=\"og:image:type\" content=\"image\/jpeg\" \/>\n<meta name=\"twitter:card\" content=\"summary_large_image\" \/>\n<meta name=\"twitter:site\" content=\"@frionoxsac\" \/>\n<meta name=\"twitter:label1\" content=\"Precio\" \/>\n\t<meta name=\"twitter:data1\" content=\"S\/6,199.72\" \/>\n\t<meta name=\"twitter:label2\" content=\"Disponibilidad\" \/>\n\t<meta name=\"twitter:data2\" content=\"Disponible para reservar\" \/>\n<script type=\"application\/ld+json\" class=\"yoast-schema-graph\">{\"@context\":\"https:\/\/schema.org\",\"@graph\":[{\"@type\":\"WebPage\",\"@id\":\"https:\/\/frionox.com\/catalogo\/producto\/mesa-refrigerada-de-bar-02-puertas-corredizas-de-cristal-tbb-24-60\/\",\"url\":\"https:\/\/frionox.com\/catalogo\/producto\/mesa-refrigerada-de-bar-02-puertas-corredizas-de-cristal-tbb-24-60\/\",\"name\":\"MESA REFRIGERADA DE BAR 02 PUERTAS CORREDIZAS DE CRISTAL - TBB-24-60 - FRIONOX\",\"isPartOf\":{\"@id\":\"https:\/\/frionox.com\/catalogo\/#website\"},\"primaryImageOfPage\":{\"@id\":\"https:\/\/frionox.com\/catalogo\/producto\/mesa-refrigerada-de-bar-02-puertas-corredizas-de-cristal-tbb-24-60\/#primaryimage\"},\"image\":{\"@id\":\"https:\/\/frionox.com\/catalogo\/producto\/mesa-refrigerada-de-bar-02-puertas-corredizas-de-cristal-tbb-24-60\/#primaryimage\"},\"thumbnailUrl\":\"https:\/\/frionox.com\/catalogo\/wp-content\/uploads\/2020\/04\/TBB-24-48G-SD.jpg\",\"datePublished\":\"2020-08-09T19:04:59+00:00\",\"dateModified\":\"2026-01-19T17:30:09+00:00\",\"description\":\"La profundidad de ahorro de espacio del refrigerador de almacenamiento de la barra trasera est\u00e1 dise\u00f1ada para adaptarse a espacios reducidos, uno al lado del otro, con los gabinetes existentes. M\u00e1ximo rendimiento en los climas m\u00e1s c\u00e1lidos y h\u00famedos. Interior iluminado. 1 \u2044 6 HP.Dise\u00f1ado para aplicaciones que desean usar la parte superior de la unidad para el espacio de trabajo. Rango de temperatura de + 33 \u00b0 F a + 38 \u00b0 F 2 puertas batientes s\u00f3lidas, dos estantes ajustables por puerta Piso interior de acero inoxidable. Voltaje: 120V Exterior de vinilo negro\",\"breadcrumb\":{\"@id\":\"https:\/\/frionox.com\/catalogo\/producto\/mesa-refrigerada-de-bar-02-puertas-corredizas-de-cristal-tbb-24-60\/#breadcrumb\"},\"inLanguage\":\"es\",\"potentialAction\":[{\"@type\":\"ReadAction\",\"target\":[\"https:\/\/frionox.com\/catalogo\/producto\/mesa-refrigerada-de-bar-02-puertas-corredizas-de-cristal-tbb-24-60\/\"]}]},{\"@type\":\"ImageObject\",\"inLanguage\":\"es\",\"@id\":\"https:\/\/frionox.com\/catalogo\/producto\/mesa-refrigerada-de-bar-02-puertas-corredizas-de-cristal-tbb-24-60\/#primaryimage\",\"url\":\"https:\/\/frionox.com\/catalogo\/wp-content\/uploads\/2020\/04\/TBB-24-48G-SD.jpg\",\"contentUrl\":\"https:\/\/frionox.com\/catalogo\/wp-content\/uploads\/2020\/04\/TBB-24-48G-SD.jpg\",\"width\":800,\"height\":800},{\"@type\":\"BreadcrumbList\",\"@id\":\"https:\/\/frionox.com\/catalogo\/producto\/mesa-refrigerada-de-bar-02-puertas-corredizas-de-cristal-tbb-24-60\/#breadcrumb\",\"itemListElement\":[{\"@type\":\"ListItem\",\"position\":1,\"name\":\"Portada\",\"item\":\"https:\/\/frionox.com\/catalogo\/\"},{\"@type\":\"ListItem\",\"position\":2,\"name\":\"Hornos Industriales, Licuadoras Industriales, Cocinas y m\u00e1s\",\"item\":\"https:\/\/frionox.com\/catalogo\/tienda\/\"},{\"@type\":\"ListItem\",\"position\":3,\"name\":\"MESA REFRIGERADA DE BAR 02 PUERTAS CORREDIZAS DE CRISTAL &#8211; TBB-24-60\"}]},{\"@type\":\"WebSite\",\"@id\":\"https:\/\/frionox.com\/catalogo\/#website\",\"url\":\"https:\/\/frionox.com\/catalogo\/\",\"name\":\"FRIONOX\",\"description\":\"Equipamiento de cocinas\",\"publisher\":{\"@id\":\"https:\/\/frionox.com\/catalogo\/#organization\"},\"potentialAction\":[{\"@type\":\"SearchAction\",\"target\":{\"@type\":\"EntryPoint\",\"urlTemplate\":\"https:\/\/frionox.com\/catalogo\/?s={search_term_string}\"},\"query-input\":{\"@type\":\"PropertyValueSpecification\",\"valueRequired\":true,\"valueName\":\"search_term_string\"}}],\"inLanguage\":\"es\"},{\"@type\":[\"Organization\",\"Place\",\"LocalBusiness\"],\"@id\":\"https:\/\/frionox.com\/catalogo\/#organization\",\"name\":\"Frionox Equipamiento de cocinas\",\"url\":\"https:\/\/frionox.com\/catalogo\/\",\"logo\":{\"@id\":\"https:\/\/frionox.com\/catalogo\/producto\/mesa-refrigerada-de-bar-02-puertas-corredizas-de-cristal-tbb-24-60\/#local-main-organization-logo\"},\"image\":{\"@id\":\"https:\/\/frionox.com\/catalogo\/producto\/mesa-refrigerada-de-bar-02-puertas-corredizas-de-cristal-tbb-24-60\/#local-main-organization-logo\"},\"sameAs\":[\"https:\/\/facebook.com\/frionox.pe\",\"https:\/\/x.com\/frionoxsac\",\"https:\/\/youtube.com\/@FRIONOXEQUIPAMIENTODECOCINA\"],\"address\":{\"@id\":\"https:\/\/frionox.com\/catalogo\/producto\/mesa-refrigerada-de-bar-02-puertas-corredizas-de-cristal-tbb-24-60\/#local-main-place-address\"},\"geo\":{\"@type\":\"GeoCoordinates\",\"latitude\":\"-11.980133\",\"longitude\":\"-77.06118200000003\"},\"telephone\":[\"+5115221181\"],\"openingHoursSpecification\":[{\"@type\":\"OpeningHoursSpecification\",\"dayOfWeek\":[\"Monday\",\"Tuesday\",\"Wednesday\",\"Thursday\",\"Friday\",\"Saturday\"],\"opens\":\"08:00\",\"closes\":\"18:00\"},{\"@type\":\"OpeningHoursSpecification\",\"dayOfWeek\":[\"Sunday\"],\"opens\":\"00:00\",\"closes\":\"00:00\"}],\"email\":\"cotizaciones@frionox.com\"},{\"@type\":\"PostalAddress\",\"@id\":\"https:\/\/frionox.com\/catalogo\/producto\/mesa-refrigerada-de-bar-02-puertas-corredizas-de-cristal-tbb-24-60\/#local-main-place-address\",\"streetAddress\":\"Av. Oscar R. Benavides 1624\",\"addressLocality\":\"Cercado de Lima\",\"postalCode\":\"15082\",\"addressRegion\":\"Lima\",\"addressCountry\":\"PE\"},{\"@type\":\"ImageObject\",\"inLanguage\":\"es\",\"@id\":\"https:\/\/frionox.com\/catalogo\/producto\/mesa-refrigerada-de-bar-02-puertas-corredizas-de-cristal-tbb-24-60\/#local-main-organization-logo\",\"url\":\"https:\/\/frionox.com\/catalogo\/wp-content\/uploads\/2020\/04\/LOGO-MOBILE.png\",\"contentUrl\":\"https:\/\/frionox.com\/catalogo\/wp-content\/uploads\/2020\/04\/LOGO-MOBILE.png\",\"width\":203,\"height\":61,\"caption\":\"Frionox Equipamiento de cocinas\"}]}<\/script>\n<meta property=\"product:price:amount\" content=\"6199.72\" \/>\n<meta property=\"product:price:currency\" content=\"PEN\" \/>\n<meta property=\"og:availability\" content=\"backorder\" \/>\n<meta property=\"product:availability\" content=\"available for order\" \/>\n<meta property=\"product:retailer_item_id\" content=\"TBB-24-60\" \/>\n<meta property=\"product:condition\" content=\"new\" \/>\n<meta name=\"geo.placename\" content=\"Cercado de Lima\" \/>\n<meta name=\"geo.position\" content=\"-11.980133;-77.06118200000003\" \/>\n<meta name=\"geo.region\" content=\"Per\u00fa\" \/>\n<!-- \/ Yoast SEO Premium plugin. -->","yoast_head_json":{"title":"MESA REFRIGERADA DE BAR 02 PUERTAS CORREDIZAS DE CRISTAL - TBB-24-60 - FRIONOX","description":"La profundidad de ahorro de espacio del refrigerador de almacenamiento de la barra trasera est\u00e1 dise\u00f1ada para adaptarse a espacios reducidos, uno al lado del otro, con los gabinetes existentes. M\u00e1ximo rendimiento en los climas m\u00e1s c\u00e1lidos y h\u00famedos. Interior iluminado. 1 \u2044 6 HP.Dise\u00f1ado para aplicaciones que desean usar la parte superior de la unidad para el espacio de trabajo. Rango de temperatura de + 33 \u00b0 F a + 38 \u00b0 F 2 puertas batientes s\u00f3lidas, dos estantes ajustables por puerta Piso interior de acero inoxidable. Voltaje: 120V Exterior de vinilo negro","robots":{"index":"index","follow":"follow","max-snippet":"max-snippet:-1","max-image-preview":"max-image-preview:large","max-video-preview":"max-video-preview:-1"},"canonical":"https:\/\/frionox.com\/catalogo\/producto\/mesa-refrigerada-de-bar-02-puertas-corredizas-de-cristal-tbb-24-60\/","og_locale":"es_ES","og_type":"article","og_title":"MESA REFRIGERADA DE BAR 02 PUERTAS CORREDIZAS DE CRISTAL - TBB-24-60","og_description":"La profundidad de ahorro de espacio del refrigerador de almacenamiento de la barra trasera est\u00e1 dise\u00f1ada para adaptarse a espacios reducidos, uno al lado del otro, con los gabinetes existentes. M\u00e1ximo rendimiento en los climas m\u00e1s c\u00e1lidos y h\u00famedos. Interior iluminado. 1 \u2044 6 HP.Dise\u00f1ado para aplicaciones que desean usar la parte superior de la unidad para el espacio de trabajo. Rango de temperatura de + 33 \u00b0 F a + 38 \u00b0 F 2 puertas batientes s\u00f3lidas, dos estantes ajustables por puerta Piso interior de acero inoxidable. Voltaje: 120V Exterior de vinilo negro","og_url":"https:\/\/frionox.com\/catalogo\/producto\/mesa-refrigerada-de-bar-02-puertas-corredizas-de-cristal-tbb-24-60\/","og_site_name":"FRIONOX","article_publisher":"https:\/\/facebook.com\/frionox.pe","article_modified_time":"2026-01-19T17:30:09+00:00","og_image":[{"width":800,"height":800,"url":"https:\/\/frionox.com\/catalogo\/wp-content\/uploads\/2020\/04\/TBB-24-48G-SD.jpg","type":"image\/jpeg"}],"twitter_card":"summary_large_image","twitter_site":"@frionoxsac","twitter_misc":{"Precio":"S\/6,199.72","Disponibilidad":"Disponible para reservar"},"schema":{"@context":"https:\/\/schema.org","@graph":[{"@type":"WebPage","@id":"https:\/\/frionox.com\/catalogo\/producto\/mesa-refrigerada-de-bar-02-puertas-corredizas-de-cristal-tbb-24-60\/","url":"https:\/\/frionox.com\/catalogo\/producto\/mesa-refrigerada-de-bar-02-puertas-corredizas-de-cristal-tbb-24-60\/","name":"MESA REFRIGERADA DE BAR 02 PUERTAS CORREDIZAS DE CRISTAL - TBB-24-60 - FRIONOX","isPartOf":{"@id":"https:\/\/frionox.com\/catalogo\/#website"},"primaryImageOfPage":{"@id":"https:\/\/frionox.com\/catalogo\/producto\/mesa-refrigerada-de-bar-02-puertas-corredizas-de-cristal-tbb-24-60\/#primaryimage"},"image":{"@id":"https:\/\/frionox.com\/catalogo\/producto\/mesa-refrigerada-de-bar-02-puertas-corredizas-de-cristal-tbb-24-60\/#primaryimage"},"thumbnailUrl":"https:\/\/frionox.com\/catalogo\/wp-content\/uploads\/2020\/04\/TBB-24-48G-SD.jpg","datePublished":"2020-08-09T19:04:59+00:00","dateModified":"2026-01-19T17:30:09+00:00","description":"La profundidad de ahorro de espacio del refrigerador de almacenamiento de la barra trasera est\u00e1 dise\u00f1ada para adaptarse a espacios reducidos, uno al lado del otro, con los gabinetes existentes. M\u00e1ximo rendimiento en los climas m\u00e1s c\u00e1lidos y h\u00famedos. Interior iluminado. 1 \u2044 6 HP.Dise\u00f1ado para aplicaciones que desean usar la parte superior de la unidad para el espacio de trabajo. Rango de temperatura de + 33 \u00b0 F a + 38 \u00b0 F 2 puertas batientes s\u00f3lidas, dos estantes ajustables por puerta Piso interior de acero inoxidable. Voltaje: 120V Exterior de vinilo negro","breadcrumb":{"@id":"https:\/\/frionox.com\/catalogo\/producto\/mesa-refrigerada-de-bar-02-puertas-corredizas-de-cristal-tbb-24-60\/#breadcrumb"},"inLanguage":"es","potentialAction":[{"@type":"ReadAction","target":["https:\/\/frionox.com\/catalogo\/producto\/mesa-refrigerada-de-bar-02-puertas-corredizas-de-cristal-tbb-24-60\/"]}]},{"@type":"ImageObject","inLanguage":"es","@id":"https:\/\/frionox.com\/catalogo\/producto\/mesa-refrigerada-de-bar-02-puertas-corredizas-de-cristal-tbb-24-60\/#primaryimage","url":"https:\/\/frionox.com\/catalogo\/wp-content\/uploads\/2020\/04\/TBB-24-48G-SD.jpg","contentUrl":"https:\/\/frionox.com\/catalogo\/wp-content\/uploads\/2020\/04\/TBB-24-48G-SD.jpg","width":800,"height":800},{"@type":"BreadcrumbList","@id":"https:\/\/frionox.com\/catalogo\/producto\/mesa-refrigerada-de-bar-02-puertas-corredizas-de-cristal-tbb-24-60\/#breadcrumb","itemListElement":[{"@type":"ListItem","position":1,"name":"Portada","item":"https:\/\/frionox.com\/catalogo\/"},{"@type":"ListItem","position":2,"name":"Hornos Industriales, Licuadoras Industriales, Cocinas y m\u00e1s","item":"https:\/\/frionox.com\/catalogo\/tienda\/"},{"@type":"ListItem","position":3,"name":"MESA REFRIGERADA DE BAR 02 PUERTAS CORREDIZAS DE CRISTAL &#8211; TBB-24-60"}]},{"@type":"WebSite","@id":"https:\/\/frionox.com\/catalogo\/#website","url":"https:\/\/frionox.com\/catalogo\/","name":"FRIONOX","description":"Equipamiento de cocinas","publisher":{"@id":"https:\/\/frionox.com\/catalogo\/#organization"},"potentialAction":[{"@type":"SearchAction","target":{"@type":"EntryPoint","urlTemplate":"https:\/\/frionox.com\/catalogo\/?s={search_term_string}"},"query-input":{"@type":"PropertyValueSpecification","valueRequired":true,"valueName":"search_term_string"}}],"inLanguage":"es"},{"@type":["Organization","Place","LocalBusiness"],"@id":"https:\/\/frionox.com\/catalogo\/#organization","name":"Frionox Equipamiento de cocinas","url":"https:\/\/frionox.com\/catalogo\/","logo":{"@id":"https:\/\/frionox.com\/catalogo\/producto\/mesa-refrigerada-de-bar-02-puertas-corredizas-de-cristal-tbb-24-60\/#local-main-organization-logo"},"image":{"@id":"https:\/\/frionox.com\/catalogo\/producto\/mesa-refrigerada-de-bar-02-puertas-corredizas-de-cristal-tbb-24-60\/#local-main-organization-logo"},"sameAs":["https:\/\/facebook.com\/frionox.pe","https:\/\/x.com\/frionoxsac","https:\/\/youtube.com\/@FRIONOXEQUIPAMIENTODECOCINA"],"address":{"@id":"https:\/\/frionox.com\/catalogo\/producto\/mesa-refrigerada-de-bar-02-puertas-corredizas-de-cristal-tbb-24-60\/#local-main-place-address"},"geo":{"@type":"GeoCoordinates","latitude":"-11.980133","longitude":"-77.06118200000003"},"telephone":["+5115221181"],"openingHoursSpecification":[{"@type":"OpeningHoursSpecification","dayOfWeek":["Monday","Tuesday","Wednesday","Thursday","Friday","Saturday"],"opens":"08:00","closes":"18:00"},{"@type":"OpeningHoursSpecification","dayOfWeek":["Sunday"],"opens":"00:00","closes":"00:00"}],"email":"cotizaciones@frionox.com"},{"@type":"PostalAddress","@id":"https:\/\/frionox.com\/catalogo\/producto\/mesa-refrigerada-de-bar-02-puertas-corredizas-de-cristal-tbb-24-60\/#local-main-place-address","streetAddress":"Av. Oscar R. Benavides 1624","addressLocality":"Cercado de Lima","postalCode":"15082","addressRegion":"Lima","addressCountry":"PE"},{"@type":"ImageObject","inLanguage":"es","@id":"https:\/\/frionox.com\/catalogo\/producto\/mesa-refrigerada-de-bar-02-puertas-corredizas-de-cristal-tbb-24-60\/#local-main-organization-logo","url":"https:\/\/frionox.com\/catalogo\/wp-content\/uploads\/2020\/04\/LOGO-MOBILE.png","contentUrl":"https:\/\/frionox.com\/catalogo\/wp-content\/uploads\/2020\/04\/LOGO-MOBILE.png","width":203,"height":61,"caption":"Frionox Equipamiento de cocinas"}]},"product_price_amount":"6199.72","product_price_currency":"PEN","og_availability":"backorder","product_availability":"available for order","product_retailer_item_id":"TBB-24-60","product_condition":"new","geo.placename":"Cercado de Lima","geo.position":{"lat":"-11.980133","long":"-77.06118200000003"},"geo.region":"Per\u00fa"},"_links":{"self":[{"href":"https:\/\/frionox.com\/catalogo\/wp-json\/wp\/v2\/product\/15920","targetHints":{"allow":["GET"]}}],"collection":[{"href":"https:\/\/frionox.com\/catalogo\/wp-json\/wp\/v2\/product"}],"about":[{"href":"https:\/\/frionox.com\/catalogo\/wp-json\/wp\/v2\/types\/product"}],"replies":[{"embeddable":true,"href":"https:\/\/frionox.com\/catalogo\/wp-json\/wp\/v2\/comments?post=15920"}],"wp:featuredmedia":[{"embeddable":true,"href":"https:\/\/frionox.com\/catalogo\/wp-json\/wp\/v2\/media\/10190"}],"wp:attachment":[{"href":"https:\/\/frionox.com\/catalogo\/wp-json\/wp\/v2\/media?parent=15920"}],"wp:term":[{"taxonomy":"product_brand","embeddable":true,"href":"https:\/\/frionox.com\/catalogo\/wp-json\/wp\/v2\/product_brand?post=15920"},{"taxonomy":"product_cat","embeddable":true,"href":"https:\/\/frionox.com\/catalogo\/wp-json\/wp\/v2\/product_cat?post=15920"},{"taxonomy":"product_tag","embeddable":true,"href":"https:\/\/frionox.com\/catalogo\/wp-json\/wp\/v2\/product_tag?post=15920"}],"curies":[{"name":"wp","href":"https:\/\/api.w.org\/{rel}","templated":true}]}}