{"id":15904,"date":"2020-08-09T14:04:54","date_gmt":"2020-08-09T19:04:54","guid":{"rendered":"https:\/\/frionox.com\/catalogo\/producto\/visicooler-de-conservacion-de-01-puerta-de-cristal-gdm-23-hc-ld\/"},"modified":"2026-01-06T00:27:41","modified_gmt":"2026-01-06T05:27:41","slug":"visicooler-de-conservacion-de-01-puerta-de-cristal-gdm-23-hc-ld","status":"publish","type":"product","link":"https:\/\/frionox.com\/catalogo\/producto\/visicooler-de-conservacion-de-01-puerta-de-cristal-gdm-23-hc-ld\/","title":{"rendered":"VISICOOLER DE CONSERVACION DE 01 PUERTA DE CRISTAL &#8211; GDM-23-HC-LD"},"content":{"rendered":"<p>\u2022 Refrigeraci\u00f3n sobredimensionada, compatible con el medio ambiente (134A) mantiene de 0.5\u00b0C a 3.3\u00b0C. (33\u00b0F a 38\u00b0F). \u2022 Modelos -HC, sistema auto contenido dise\u00f1ado en f\u00e1brica que utiliza el refrigerante de hidrocarbono ecol\u00f3gico R290 que tiene un potencial de destrucci\u00f3n de la capa de ozono de cero (ODP) y muy bajo potencial de calentamiento global de tres (3) (GWP). \u2022 Exterior vinilo laminado negro que no se pela o desconcha. Exterior TSL01 &#8211; Acero laminado en fr\u00edo recubierto con pintura en polvo negra, no se pela o desconcha, durable y permanente. \u2022 Interior &#8211; atractivo aluminio blanco aprobado por NSF, piso de acero inoxidable con conveniente drenaje para limpieza. \u2022 Puertas de Cristal de Baja Emisi\u00f3n, \u201cLow-E\u201d. \u2022 El aislamiento en la estructura completa del gabinete utiliza un nuevo e innovador poliuretano, de alta densidad, que tiene un potencial de destrucci\u00f3n de la capa de ozono de cero (ODP) y un potencial de calentamiento global tambi\u00e9n de cero (GWP). \u2022 El sistema LED prove mucha m\u00e1s iluminaci\u00f3n en todo el gabinete. Luces protegidas por seguridad. \u2022 Parrillas de alambre ajustables para uso industrial, recubiertas con PVC revestimiento de vinil de alto grado de 10mm de espesor. \u2022 Puertas de auto-cierre con sello positivo. \u2022 Compresor de montaje inferior. \u2022 Sistema autocontenido, no requiere plomer\u00eda. .<\/p>\n","protected":false},"excerpt":{"rendered":"<p>\u2022 Refrigeraci\u00f3n sobredimensionada, compatible con el medio ambiente (134A) mantiene de 0.5\u00b0C a 3.3\u00b0C. (33\u00b0F a 38\u00b0F). \u2022 Modelos -HC, sistema auto contenido dise\u00f1ado en f\u00e1brica que utiliza el refrigerante de hidrocarbono ecol\u00f3gico R290 que tiene un potencial de destrucci\u00f3n de la capa de ozono de cero (ODP) y muy bajo potencial de calentamiento global de tres (3) (GWP). \u2022 Exterior vinilo laminado negro que no se pela o desconcha. Exterior TSL01 &#8211; Acero laminado en fr\u00edo recubierto con pintura en polvo negra, no se pela o desconcha, durable y permanente. \u2022 Interior &#8211; atractivo aluminio blanco aprobado por NSF, piso de acero inoxidable con conveniente drenaje para limpieza. \u2022 Puertas de Cristal de Baja Emisi\u00f3n, \u201cLow-E\u201d. \u2022 El aislamiento en la estructura completa del gabinete utiliza un nuevo e innovador poliuretano, de alta densidad, que tiene un potencial de destrucci\u00f3n de la capa de ozono de cero (ODP) y un potencial de calentamiento global tambi\u00e9n de cero (GWP). \u2022 El sistema LED prove mucha m\u00e1s iluminaci\u00f3n en todo el gabinete. Luces protegidas por seguridad. \u2022 Parrillas de alambre ajustables para uso industrial, recubiertas con PVC revestimiento de vinil de alto grado de 10mm de espesor. \u2022 Puertas de auto-cierre con sello positivo. \u2022 Compresor de montaje inferior. \u2022 Sistema autocontenido, no requiere plomer\u00eda. .<\/p>\n","protected":false},"featured_media":10013,"comment_status":"open","ping_status":"closed","template":"","meta":[],"product_brand":[],"product_cat":[27,104],"product_tag":[2095],"class_list":{"0":"post-15904","1":"product","2":"type-product","3":"status-publish","4":"has-post-thumbnail","6":"product_cat-refrigeracion-comercial","7":"product_cat-visicooler","8":"product_tag-visicooler-de-conservacion-de-01-puerta-de-cristal","9":"pa_marcas-true","11":"first","12":"onbackorder","13":"shipping-taxable","14":"purchasable","15":"product-type-simple"},"yoast_head":"<!-- This site is optimized with the Yoast SEO Premium plugin v27.1 (Yoast SEO v27.1.1) - https:\/\/yoast.com\/product\/yoast-seo-premium-wordpress\/ -->\n<title>VISICOOLER DE CONSERVACION DE 01 PUERTA DE CRISTAL - GDM-23-HC-LD - FRIONOX<\/title>\n<meta name=\"description\" content=\"\u2022 Refrigeraci\u00f3n sobredimensionada, compatible con el medio ambiente (134A) mantiene de 0.5\u00b0C a 3.3\u00b0C. (33\u00b0F a 38\u00b0F). \u2022 Modelos -HC, sistema auto contenido dise\u00f1ado en f\u00e1brica que utiliza el refrigerante de hidrocarbono ecol\u00f3gico R290 que tiene un potencial de destrucci\u00f3n de la capa de ozono de cero (ODP) y muy bajo potencial de calentamiento global de tres (3) (GWP). \u2022 Exterior vinilo laminado negro que no se pela o desconcha. Exterior TSL01 - Acero laminado en fr\u00edo recubierto con pintura en polvo negra, no se pela o desconcha, durable y permanente. \u2022 Interior - atractivo aluminio blanco aprobado por NSF, piso de acero inoxidable con conveniente drenaje para limpieza. \u2022 Puertas de Cristal de Baja Emisi\u00f3n, \u201cLow-E\u201d. \u2022 El aislamiento en la estructura completa del gabinete utiliza un nuevo e innovador poliuretano, de alta densidad, que tiene un potencial de destrucci\u00f3n de la capa de ozono de cero (ODP) y un potencial de calentamiento global tambi\u00e9n de cero (GWP). \u2022 El sistema LED prove mucha m\u00e1s iluminaci\u00f3n en todo el gabinete. Luces protegidas por seguridad. \u2022 Parrillas de alambre ajustables para uso industrial, recubiertas con PVC revestimiento de vinil de alto grado de 10mm de espesor. \u2022 Puertas de auto-cierre con sello positivo. \u2022 Compresor de montaje inferior. \u2022 Sistema autocontenido, no requiere plomer\u00eda. .\" \/>\n<meta name=\"robots\" content=\"index, follow, max-snippet:-1, max-image-preview:large, max-video-preview:-1\" \/>\n<link rel=\"canonical\" href=\"https:\/\/frionox.com\/catalogo\/producto\/visicooler-de-conservacion-de-01-puerta-de-cristal-gdm-23-hc-ld\/\" \/>\n<meta property=\"og:locale\" content=\"es_ES\" \/>\n<meta property=\"og:type\" content=\"article\" \/>\n<meta property=\"og:title\" content=\"VISICOOLER DE CONSERVACION DE 01 PUERTA DE CRISTAL - GDM-23-HC-LD\" \/>\n<meta property=\"og:description\" content=\"\u2022 Refrigeraci\u00f3n sobredimensionada, compatible con el medio ambiente (134A) mantiene de 0.5\u00b0C a 3.3\u00b0C. (33\u00b0F a 38\u00b0F). \u2022 Modelos -HC, sistema auto contenido dise\u00f1ado en f\u00e1brica que utiliza el refrigerante de hidrocarbono ecol\u00f3gico R290 que tiene un potencial de destrucci\u00f3n de la capa de ozono de cero (ODP) y muy bajo potencial de calentamiento global de tres (3) (GWP). \u2022 Exterior vinilo laminado negro que no se pela o desconcha. Exterior TSL01 - Acero laminado en fr\u00edo recubierto con pintura en polvo negra, no se pela o desconcha, durable y permanente. \u2022 Interior - atractivo aluminio blanco aprobado por NSF, piso de acero inoxidable con conveniente drenaje para limpieza. \u2022 Puertas de Cristal de Baja Emisi\u00f3n, \u201cLow-E\u201d. \u2022 El aislamiento en la estructura completa del gabinete utiliza un nuevo e innovador poliuretano, de alta densidad, que tiene un potencial de destrucci\u00f3n de la capa de ozono de cero (ODP) y un potencial de calentamiento global tambi\u00e9n de cero (GWP). \u2022 El sistema LED prove mucha m\u00e1s iluminaci\u00f3n en todo el gabinete. Luces protegidas por seguridad. \u2022 Parrillas de alambre ajustables para uso industrial, recubiertas con PVC revestimiento de vinil de alto grado de 10mm de espesor. \u2022 Puertas de auto-cierre con sello positivo. \u2022 Compresor de montaje inferior. \u2022 Sistema autocontenido, no requiere plomer\u00eda. .\" \/>\n<meta property=\"og:url\" content=\"https:\/\/frionox.com\/catalogo\/producto\/visicooler-de-conservacion-de-01-puerta-de-cristal-gdm-23-hc-ld\/\" \/>\n<meta property=\"og:site_name\" content=\"FRIONOX\" \/>\n<meta property=\"article:publisher\" content=\"https:\/\/facebook.com\/frionox.pe\" \/>\n<meta property=\"article:modified_time\" content=\"2026-01-06T05:27:41+00:00\" \/>\n<meta property=\"og:image\" content=\"https:\/\/frionox.com\/catalogo\/wp-content\/uploads\/2020\/04\/GDM-23-HC-LD.jpg\" \/>\n\t<meta property=\"og:image:width\" content=\"800\" \/>\n\t<meta property=\"og:image:height\" content=\"800\" \/>\n\t<meta property=\"og:image:type\" content=\"image\/jpeg\" \/>\n<meta name=\"twitter:card\" content=\"summary_large_image\" \/>\n<meta name=\"twitter:site\" content=\"@frionoxsac\" \/>\n<meta name=\"twitter:label1\" content=\"Precio\" \/>\n\t<meta name=\"twitter:data1\" content=\"S\/3,802.81\" \/>\n\t<meta name=\"twitter:label2\" content=\"Disponibilidad\" \/>\n\t<meta name=\"twitter:data2\" content=\"Disponible para reservar\" \/>\n<script type=\"application\/ld+json\" class=\"yoast-schema-graph\">{\"@context\":\"https:\/\/schema.org\",\"@graph\":[{\"@type\":\"WebPage\",\"@id\":\"https:\/\/frionox.com\/catalogo\/producto\/visicooler-de-conservacion-de-01-puerta-de-cristal-gdm-23-hc-ld\/\",\"url\":\"https:\/\/frionox.com\/catalogo\/producto\/visicooler-de-conservacion-de-01-puerta-de-cristal-gdm-23-hc-ld\/\",\"name\":\"VISICOOLER DE CONSERVACION DE 01 PUERTA DE CRISTAL - GDM-23-HC-LD - FRIONOX\",\"isPartOf\":{\"@id\":\"https:\/\/frionox.com\/catalogo\/#website\"},\"primaryImageOfPage\":{\"@id\":\"https:\/\/frionox.com\/catalogo\/producto\/visicooler-de-conservacion-de-01-puerta-de-cristal-gdm-23-hc-ld\/#primaryimage\"},\"image\":{\"@id\":\"https:\/\/frionox.com\/catalogo\/producto\/visicooler-de-conservacion-de-01-puerta-de-cristal-gdm-23-hc-ld\/#primaryimage\"},\"thumbnailUrl\":\"https:\/\/frionox.com\/catalogo\/wp-content\/uploads\/2020\/04\/GDM-23-HC-LD.jpg\",\"datePublished\":\"2020-08-09T19:04:54+00:00\",\"dateModified\":\"2026-01-06T05:27:41+00:00\",\"description\":\"\u2022 Refrigeraci\u00f3n sobredimensionada, compatible con el medio ambiente (134A) mantiene de 0.5\u00b0C a 3.3\u00b0C. (33\u00b0F a 38\u00b0F). \u2022 Modelos -HC, sistema auto contenido dise\u00f1ado en f\u00e1brica que utiliza el refrigerante de hidrocarbono ecol\u00f3gico R290 que tiene un potencial de destrucci\u00f3n de la capa de ozono de cero (ODP) y muy bajo potencial de calentamiento global de tres (3) (GWP). \u2022 Exterior vinilo laminado negro que no se pela o desconcha. Exterior TSL01 - Acero laminado en fr\u00edo recubierto con pintura en polvo negra, no se pela o desconcha, durable y permanente. \u2022 Interior - atractivo aluminio blanco aprobado por NSF, piso de acero inoxidable con conveniente drenaje para limpieza. \u2022 Puertas de Cristal de Baja Emisi\u00f3n, \u201cLow-E\u201d. \u2022 El aislamiento en la estructura completa del gabinete utiliza un nuevo e innovador poliuretano, de alta densidad, que tiene un potencial de destrucci\u00f3n de la capa de ozono de cero (ODP) y un potencial de calentamiento global tambi\u00e9n de cero (GWP). \u2022 El sistema LED prove mucha m\u00e1s iluminaci\u00f3n en todo el gabinete. Luces protegidas por seguridad. \u2022 Parrillas de alambre ajustables para uso industrial, recubiertas con PVC revestimiento de vinil de alto grado de 10mm de espesor. \u2022 Puertas de auto-cierre con sello positivo. \u2022 Compresor de montaje inferior. \u2022 Sistema autocontenido, no requiere plomer\u00eda. .\",\"breadcrumb\":{\"@id\":\"https:\/\/frionox.com\/catalogo\/producto\/visicooler-de-conservacion-de-01-puerta-de-cristal-gdm-23-hc-ld\/#breadcrumb\"},\"inLanguage\":\"es\",\"potentialAction\":[{\"@type\":\"ReadAction\",\"target\":[\"https:\/\/frionox.com\/catalogo\/producto\/visicooler-de-conservacion-de-01-puerta-de-cristal-gdm-23-hc-ld\/\"]}]},{\"@type\":\"ImageObject\",\"inLanguage\":\"es\",\"@id\":\"https:\/\/frionox.com\/catalogo\/producto\/visicooler-de-conservacion-de-01-puerta-de-cristal-gdm-23-hc-ld\/#primaryimage\",\"url\":\"https:\/\/frionox.com\/catalogo\/wp-content\/uploads\/2020\/04\/GDM-23-HC-LD.jpg\",\"contentUrl\":\"https:\/\/frionox.com\/catalogo\/wp-content\/uploads\/2020\/04\/GDM-23-HC-LD.jpg\",\"width\":800,\"height\":800},{\"@type\":\"BreadcrumbList\",\"@id\":\"https:\/\/frionox.com\/catalogo\/producto\/visicooler-de-conservacion-de-01-puerta-de-cristal-gdm-23-hc-ld\/#breadcrumb\",\"itemListElement\":[{\"@type\":\"ListItem\",\"position\":1,\"name\":\"Portada\",\"item\":\"https:\/\/frionox.com\/catalogo\/\"},{\"@type\":\"ListItem\",\"position\":2,\"name\":\"Hornos Industriales, Licuadoras Industriales, Cocinas y m\u00e1s\",\"item\":\"https:\/\/frionox.com\/catalogo\/tienda\/\"},{\"@type\":\"ListItem\",\"position\":3,\"name\":\"VISICOOLER DE CONSERVACION DE 01 PUERTA DE CRISTAL &#8211; GDM-23-HC-LD\"}]},{\"@type\":\"WebSite\",\"@id\":\"https:\/\/frionox.com\/catalogo\/#website\",\"url\":\"https:\/\/frionox.com\/catalogo\/\",\"name\":\"FRIONOX\",\"description\":\"Equipamiento de cocinas\",\"publisher\":{\"@id\":\"https:\/\/frionox.com\/catalogo\/#organization\"},\"potentialAction\":[{\"@type\":\"SearchAction\",\"target\":{\"@type\":\"EntryPoint\",\"urlTemplate\":\"https:\/\/frionox.com\/catalogo\/?s={search_term_string}\"},\"query-input\":{\"@type\":\"PropertyValueSpecification\",\"valueRequired\":true,\"valueName\":\"search_term_string\"}}],\"inLanguage\":\"es\"},{\"@type\":[\"Organization\",\"Place\",\"LocalBusiness\"],\"@id\":\"https:\/\/frionox.com\/catalogo\/#organization\",\"name\":\"Frionox Equipamiento de cocinas\",\"url\":\"https:\/\/frionox.com\/catalogo\/\",\"logo\":{\"@id\":\"https:\/\/frionox.com\/catalogo\/producto\/visicooler-de-conservacion-de-01-puerta-de-cristal-gdm-23-hc-ld\/#local-main-organization-logo\"},\"image\":{\"@id\":\"https:\/\/frionox.com\/catalogo\/producto\/visicooler-de-conservacion-de-01-puerta-de-cristal-gdm-23-hc-ld\/#local-main-organization-logo\"},\"sameAs\":[\"https:\/\/facebook.com\/frionox.pe\",\"https:\/\/x.com\/frionoxsac\",\"https:\/\/youtube.com\/@FRIONOXEQUIPAMIENTODECOCINA\"],\"address\":{\"@id\":\"https:\/\/frionox.com\/catalogo\/producto\/visicooler-de-conservacion-de-01-puerta-de-cristal-gdm-23-hc-ld\/#local-main-place-address\"},\"geo\":{\"@type\":\"GeoCoordinates\",\"latitude\":\"-11.980133\",\"longitude\":\"-77.06118200000003\"},\"telephone\":[\"+5115221181\"],\"openingHoursSpecification\":[{\"@type\":\"OpeningHoursSpecification\",\"dayOfWeek\":[\"Monday\",\"Tuesday\",\"Wednesday\",\"Thursday\",\"Friday\",\"Saturday\"],\"opens\":\"08:00\",\"closes\":\"18:00\"},{\"@type\":\"OpeningHoursSpecification\",\"dayOfWeek\":[\"Sunday\"],\"opens\":\"00:00\",\"closes\":\"00:00\"}],\"email\":\"cotizaciones@frionox.com\"},{\"@type\":\"PostalAddress\",\"@id\":\"https:\/\/frionox.com\/catalogo\/producto\/visicooler-de-conservacion-de-01-puerta-de-cristal-gdm-23-hc-ld\/#local-main-place-address\",\"streetAddress\":\"Av. Oscar R. Benavides 1624\",\"addressLocality\":\"Cercado de Lima\",\"postalCode\":\"15082\",\"addressRegion\":\"Lima\",\"addressCountry\":\"PE\"},{\"@type\":\"ImageObject\",\"inLanguage\":\"es\",\"@id\":\"https:\/\/frionox.com\/catalogo\/producto\/visicooler-de-conservacion-de-01-puerta-de-cristal-gdm-23-hc-ld\/#local-main-organization-logo\",\"url\":\"https:\/\/frionox.com\/catalogo\/wp-content\/uploads\/2020\/04\/LOGO-MOBILE.png\",\"contentUrl\":\"https:\/\/frionox.com\/catalogo\/wp-content\/uploads\/2020\/04\/LOGO-MOBILE.png\",\"width\":203,\"height\":61,\"caption\":\"Frionox Equipamiento de cocinas\"}]}<\/script>\n<meta property=\"product:price:amount\" content=\"3802.81\" \/>\n<meta property=\"product:price:currency\" content=\"PEN\" \/>\n<meta property=\"og:availability\" content=\"backorder\" \/>\n<meta property=\"product:availability\" content=\"available for order\" \/>\n<meta property=\"product:retailer_item_id\" content=\"GDM-23-HC-LD\" \/>\n<meta property=\"product:condition\" content=\"new\" \/>\n<meta name=\"geo.placename\" content=\"Cercado de Lima\" \/>\n<meta name=\"geo.position\" content=\"-11.980133;-77.06118200000003\" \/>\n<meta name=\"geo.region\" content=\"Per\u00fa\" \/>\n<!-- \/ Yoast SEO Premium plugin. -->","yoast_head_json":{"title":"VISICOOLER DE CONSERVACION DE 01 PUERTA DE CRISTAL - GDM-23-HC-LD - FRIONOX","description":"\u2022 Refrigeraci\u00f3n sobredimensionada, compatible con el medio ambiente (134A) mantiene de 0.5\u00b0C a 3.3\u00b0C. (33\u00b0F a 38\u00b0F). \u2022 Modelos -HC, sistema auto contenido dise\u00f1ado en f\u00e1brica que utiliza el refrigerante de hidrocarbono ecol\u00f3gico R290 que tiene un potencial de destrucci\u00f3n de la capa de ozono de cero (ODP) y muy bajo potencial de calentamiento global de tres (3) (GWP). \u2022 Exterior vinilo laminado negro que no se pela o desconcha. Exterior TSL01 - Acero laminado en fr\u00edo recubierto con pintura en polvo negra, no se pela o desconcha, durable y permanente. \u2022 Interior - atractivo aluminio blanco aprobado por NSF, piso de acero inoxidable con conveniente drenaje para limpieza. \u2022 Puertas de Cristal de Baja Emisi\u00f3n, \u201cLow-E\u201d. \u2022 El aislamiento en la estructura completa del gabinete utiliza un nuevo e innovador poliuretano, de alta densidad, que tiene un potencial de destrucci\u00f3n de la capa de ozono de cero (ODP) y un potencial de calentamiento global tambi\u00e9n de cero (GWP). \u2022 El sistema LED prove mucha m\u00e1s iluminaci\u00f3n en todo el gabinete. Luces protegidas por seguridad. \u2022 Parrillas de alambre ajustables para uso industrial, recubiertas con PVC revestimiento de vinil de alto grado de 10mm de espesor. \u2022 Puertas de auto-cierre con sello positivo. \u2022 Compresor de montaje inferior. \u2022 Sistema autocontenido, no requiere plomer\u00eda. .","robots":{"index":"index","follow":"follow","max-snippet":"max-snippet:-1","max-image-preview":"max-image-preview:large","max-video-preview":"max-video-preview:-1"},"canonical":"https:\/\/frionox.com\/catalogo\/producto\/visicooler-de-conservacion-de-01-puerta-de-cristal-gdm-23-hc-ld\/","og_locale":"es_ES","og_type":"article","og_title":"VISICOOLER DE CONSERVACION DE 01 PUERTA DE CRISTAL - GDM-23-HC-LD","og_description":"\u2022 Refrigeraci\u00f3n sobredimensionada, compatible con el medio ambiente (134A) mantiene de 0.5\u00b0C a 3.3\u00b0C. (33\u00b0F a 38\u00b0F). \u2022 Modelos -HC, sistema auto contenido dise\u00f1ado en f\u00e1brica que utiliza el refrigerante de hidrocarbono ecol\u00f3gico R290 que tiene un potencial de destrucci\u00f3n de la capa de ozono de cero (ODP) y muy bajo potencial de calentamiento global de tres (3) (GWP). \u2022 Exterior vinilo laminado negro que no se pela o desconcha. Exterior TSL01 - Acero laminado en fr\u00edo recubierto con pintura en polvo negra, no se pela o desconcha, durable y permanente. \u2022 Interior - atractivo aluminio blanco aprobado por NSF, piso de acero inoxidable con conveniente drenaje para limpieza. \u2022 Puertas de Cristal de Baja Emisi\u00f3n, \u201cLow-E\u201d. \u2022 El aislamiento en la estructura completa del gabinete utiliza un nuevo e innovador poliuretano, de alta densidad, que tiene un potencial de destrucci\u00f3n de la capa de ozono de cero (ODP) y un potencial de calentamiento global tambi\u00e9n de cero (GWP). \u2022 El sistema LED prove mucha m\u00e1s iluminaci\u00f3n en todo el gabinete. Luces protegidas por seguridad. \u2022 Parrillas de alambre ajustables para uso industrial, recubiertas con PVC revestimiento de vinil de alto grado de 10mm de espesor. \u2022 Puertas de auto-cierre con sello positivo. \u2022 Compresor de montaje inferior. \u2022 Sistema autocontenido, no requiere plomer\u00eda. .","og_url":"https:\/\/frionox.com\/catalogo\/producto\/visicooler-de-conservacion-de-01-puerta-de-cristal-gdm-23-hc-ld\/","og_site_name":"FRIONOX","article_publisher":"https:\/\/facebook.com\/frionox.pe","article_modified_time":"2026-01-06T05:27:41+00:00","og_image":[{"width":800,"height":800,"url":"https:\/\/frionox.com\/catalogo\/wp-content\/uploads\/2020\/04\/GDM-23-HC-LD.jpg","type":"image\/jpeg"}],"twitter_card":"summary_large_image","twitter_site":"@frionoxsac","twitter_misc":{"Precio":"S\/3,802.81","Disponibilidad":"Disponible para reservar"},"schema":{"@context":"https:\/\/schema.org","@graph":[{"@type":"WebPage","@id":"https:\/\/frionox.com\/catalogo\/producto\/visicooler-de-conservacion-de-01-puerta-de-cristal-gdm-23-hc-ld\/","url":"https:\/\/frionox.com\/catalogo\/producto\/visicooler-de-conservacion-de-01-puerta-de-cristal-gdm-23-hc-ld\/","name":"VISICOOLER DE CONSERVACION DE 01 PUERTA DE CRISTAL - GDM-23-HC-LD - FRIONOX","isPartOf":{"@id":"https:\/\/frionox.com\/catalogo\/#website"},"primaryImageOfPage":{"@id":"https:\/\/frionox.com\/catalogo\/producto\/visicooler-de-conservacion-de-01-puerta-de-cristal-gdm-23-hc-ld\/#primaryimage"},"image":{"@id":"https:\/\/frionox.com\/catalogo\/producto\/visicooler-de-conservacion-de-01-puerta-de-cristal-gdm-23-hc-ld\/#primaryimage"},"thumbnailUrl":"https:\/\/frionox.com\/catalogo\/wp-content\/uploads\/2020\/04\/GDM-23-HC-LD.jpg","datePublished":"2020-08-09T19:04:54+00:00","dateModified":"2026-01-06T05:27:41+00:00","description":"\u2022 Refrigeraci\u00f3n sobredimensionada, compatible con el medio ambiente (134A) mantiene de 0.5\u00b0C a 3.3\u00b0C. (33\u00b0F a 38\u00b0F). \u2022 Modelos -HC, sistema auto contenido dise\u00f1ado en f\u00e1brica que utiliza el refrigerante de hidrocarbono ecol\u00f3gico R290 que tiene un potencial de destrucci\u00f3n de la capa de ozono de cero (ODP) y muy bajo potencial de calentamiento global de tres (3) (GWP). \u2022 Exterior vinilo laminado negro que no se pela o desconcha. Exterior TSL01 - Acero laminado en fr\u00edo recubierto con pintura en polvo negra, no se pela o desconcha, durable y permanente. \u2022 Interior - atractivo aluminio blanco aprobado por NSF, piso de acero inoxidable con conveniente drenaje para limpieza. \u2022 Puertas de Cristal de Baja Emisi\u00f3n, \u201cLow-E\u201d. \u2022 El aislamiento en la estructura completa del gabinete utiliza un nuevo e innovador poliuretano, de alta densidad, que tiene un potencial de destrucci\u00f3n de la capa de ozono de cero (ODP) y un potencial de calentamiento global tambi\u00e9n de cero (GWP). \u2022 El sistema LED prove mucha m\u00e1s iluminaci\u00f3n en todo el gabinete. Luces protegidas por seguridad. \u2022 Parrillas de alambre ajustables para uso industrial, recubiertas con PVC revestimiento de vinil de alto grado de 10mm de espesor. \u2022 Puertas de auto-cierre con sello positivo. \u2022 Compresor de montaje inferior. \u2022 Sistema autocontenido, no requiere plomer\u00eda. .","breadcrumb":{"@id":"https:\/\/frionox.com\/catalogo\/producto\/visicooler-de-conservacion-de-01-puerta-de-cristal-gdm-23-hc-ld\/#breadcrumb"},"inLanguage":"es","potentialAction":[{"@type":"ReadAction","target":["https:\/\/frionox.com\/catalogo\/producto\/visicooler-de-conservacion-de-01-puerta-de-cristal-gdm-23-hc-ld\/"]}]},{"@type":"ImageObject","inLanguage":"es","@id":"https:\/\/frionox.com\/catalogo\/producto\/visicooler-de-conservacion-de-01-puerta-de-cristal-gdm-23-hc-ld\/#primaryimage","url":"https:\/\/frionox.com\/catalogo\/wp-content\/uploads\/2020\/04\/GDM-23-HC-LD.jpg","contentUrl":"https:\/\/frionox.com\/catalogo\/wp-content\/uploads\/2020\/04\/GDM-23-HC-LD.jpg","width":800,"height":800},{"@type":"BreadcrumbList","@id":"https:\/\/frionox.com\/catalogo\/producto\/visicooler-de-conservacion-de-01-puerta-de-cristal-gdm-23-hc-ld\/#breadcrumb","itemListElement":[{"@type":"ListItem","position":1,"name":"Portada","item":"https:\/\/frionox.com\/catalogo\/"},{"@type":"ListItem","position":2,"name":"Hornos Industriales, Licuadoras Industriales, Cocinas y m\u00e1s","item":"https:\/\/frionox.com\/catalogo\/tienda\/"},{"@type":"ListItem","position":3,"name":"VISICOOLER DE CONSERVACION DE 01 PUERTA DE CRISTAL &#8211; GDM-23-HC-LD"}]},{"@type":"WebSite","@id":"https:\/\/frionox.com\/catalogo\/#website","url":"https:\/\/frionox.com\/catalogo\/","name":"FRIONOX","description":"Equipamiento de cocinas","publisher":{"@id":"https:\/\/frionox.com\/catalogo\/#organization"},"potentialAction":[{"@type":"SearchAction","target":{"@type":"EntryPoint","urlTemplate":"https:\/\/frionox.com\/catalogo\/?s={search_term_string}"},"query-input":{"@type":"PropertyValueSpecification","valueRequired":true,"valueName":"search_term_string"}}],"inLanguage":"es"},{"@type":["Organization","Place","LocalBusiness"],"@id":"https:\/\/frionox.com\/catalogo\/#organization","name":"Frionox Equipamiento de cocinas","url":"https:\/\/frionox.com\/catalogo\/","logo":{"@id":"https:\/\/frionox.com\/catalogo\/producto\/visicooler-de-conservacion-de-01-puerta-de-cristal-gdm-23-hc-ld\/#local-main-organization-logo"},"image":{"@id":"https:\/\/frionox.com\/catalogo\/producto\/visicooler-de-conservacion-de-01-puerta-de-cristal-gdm-23-hc-ld\/#local-main-organization-logo"},"sameAs":["https:\/\/facebook.com\/frionox.pe","https:\/\/x.com\/frionoxsac","https:\/\/youtube.com\/@FRIONOXEQUIPAMIENTODECOCINA"],"address":{"@id":"https:\/\/frionox.com\/catalogo\/producto\/visicooler-de-conservacion-de-01-puerta-de-cristal-gdm-23-hc-ld\/#local-main-place-address"},"geo":{"@type":"GeoCoordinates","latitude":"-11.980133","longitude":"-77.06118200000003"},"telephone":["+5115221181"],"openingHoursSpecification":[{"@type":"OpeningHoursSpecification","dayOfWeek":["Monday","Tuesday","Wednesday","Thursday","Friday","Saturday"],"opens":"08:00","closes":"18:00"},{"@type":"OpeningHoursSpecification","dayOfWeek":["Sunday"],"opens":"00:00","closes":"00:00"}],"email":"cotizaciones@frionox.com"},{"@type":"PostalAddress","@id":"https:\/\/frionox.com\/catalogo\/producto\/visicooler-de-conservacion-de-01-puerta-de-cristal-gdm-23-hc-ld\/#local-main-place-address","streetAddress":"Av. Oscar R. Benavides 1624","addressLocality":"Cercado de Lima","postalCode":"15082","addressRegion":"Lima","addressCountry":"PE"},{"@type":"ImageObject","inLanguage":"es","@id":"https:\/\/frionox.com\/catalogo\/producto\/visicooler-de-conservacion-de-01-puerta-de-cristal-gdm-23-hc-ld\/#local-main-organization-logo","url":"https:\/\/frionox.com\/catalogo\/wp-content\/uploads\/2020\/04\/LOGO-MOBILE.png","contentUrl":"https:\/\/frionox.com\/catalogo\/wp-content\/uploads\/2020\/04\/LOGO-MOBILE.png","width":203,"height":61,"caption":"Frionox Equipamiento de cocinas"}]},"product_price_amount":"3802.81","product_price_currency":"PEN","og_availability":"backorder","product_availability":"available for order","product_retailer_item_id":"GDM-23-HC-LD","product_condition":"new","geo.placename":"Cercado de Lima","geo.position":{"lat":"-11.980133","long":"-77.06118200000003"},"geo.region":"Per\u00fa"},"_links":{"self":[{"href":"https:\/\/frionox.com\/catalogo\/wp-json\/wp\/v2\/product\/15904","targetHints":{"allow":["GET"]}}],"collection":[{"href":"https:\/\/frionox.com\/catalogo\/wp-json\/wp\/v2\/product"}],"about":[{"href":"https:\/\/frionox.com\/catalogo\/wp-json\/wp\/v2\/types\/product"}],"replies":[{"embeddable":true,"href":"https:\/\/frionox.com\/catalogo\/wp-json\/wp\/v2\/comments?post=15904"}],"wp:featuredmedia":[{"embeddable":true,"href":"https:\/\/frionox.com\/catalogo\/wp-json\/wp\/v2\/media\/10013"}],"wp:attachment":[{"href":"https:\/\/frionox.com\/catalogo\/wp-json\/wp\/v2\/media?parent=15904"}],"wp:term":[{"taxonomy":"product_brand","embeddable":true,"href":"https:\/\/frionox.com\/catalogo\/wp-json\/wp\/v2\/product_brand?post=15904"},{"taxonomy":"product_cat","embeddable":true,"href":"https:\/\/frionox.com\/catalogo\/wp-json\/wp\/v2\/product_cat?post=15904"},{"taxonomy":"product_tag","embeddable":true,"href":"https:\/\/frionox.com\/catalogo\/wp-json\/wp\/v2\/product_tag?post=15904"}],"curies":[{"name":"wp","href":"https:\/\/api.w.org\/{rel}","templated":true}]}}