{"id":15892,"date":"2020-08-09T14:04:53","date_gmt":"2020-08-09T19:04:53","guid":{"rendered":"https:\/\/frionox.com\/catalogo\/producto\/ducha-pre-rinse-mezcladora-al-mueble-sin-grifo-b-0113\/"},"modified":"2026-01-20T12:21:57","modified_gmt":"2026-01-20T17:21:57","slug":"ducha-pre-rinse-mezcladora-al-mueble-sin-grifo-b-0113","status":"publish","type":"product","link":"https:\/\/frionox.com\/catalogo\/producto\/ducha-pre-rinse-mezcladora-al-mueble-sin-grifo-b-0113\/","title":{"rendered":"DUCHA PRE-RINSE MEZCLADORA AL MUEBLE SIN GRIFO &#8211; B-0113"},"content":{"rendered":"<p>EasyInstall riser para una instalaci\u00f3n r\u00e1pida. Manguera flexible de acero inoxidable de 44 &#8220;con mango gris resistente al calor y anillo de sujeci\u00f3n. V\u00e1lvula de pulverizaci\u00f3n de 1.42 GPM. Cartuchos de compresi\u00f3n Eterna de cuarto de vuelta con controles de muelle para evitar el flujo cruzado de agua. Manetas de palanca con \u00edndices codificados por color. Mangueras flexibles de suministro de acero inoxidable de 18 &#8220;con conexiones de compresi\u00f3n de 1\/2&#8243; NPSM \/ 5\/8&#8221;. Material: Cuerpo de lat\u00f3n cromado pulido, cuerpo de la v\u00e1lvula de subida y rociado, manguera de acero inoxidable y manijas de metal cromado.<\/p>\n","protected":false},"excerpt":{"rendered":"<p>EasyInstall riser para una instalaci\u00f3n r\u00e1pida. Manguera flexible de acero inoxidable de 44 &#8220;con mango gris resistente al calor y anillo de sujeci\u00f3n. V\u00e1lvula de pulverizaci\u00f3n de 1.42 GPM. Cartuchos de compresi\u00f3n Eterna de cuarto de vuelta con controles de muelle para evitar el flujo cruzado de agua. Manetas de palanca con \u00edndices codificados por color. Mangueras flexibles de suministro de acero inoxidable de 18 &#8220;con conexiones de compresi\u00f3n de 1\/2&#8243; NPSM \/ 5\/8&#8221;. Material: Cuerpo de lat\u00f3n cromado pulido, cuerpo de la v\u00e1lvula de subida y rociado, manguera de acero inoxidable y manijas de metal cromado.<\/p>\n","protected":false},"featured_media":12054,"comment_status":"open","ping_status":"closed","template":"","meta":[],"product_brand":[],"product_cat":[332],"product_tag":[2084],"class_list":{"0":"post-15892","1":"product","2":"type-product","3":"status-publish","4":"has-post-thumbnail","6":"product_cat-uncategorized","7":"product_tag-ducha-pre-rinse-mezcladora-al-mueble-sin-grifo","8":"pa_marcas-ts-brass","10":"first","11":"onbackorder","12":"shipping-taxable","13":"purchasable","14":"product-type-simple"},"yoast_head":"<!-- This site is optimized with the Yoast SEO Premium plugin v27.1 (Yoast SEO v27.1.1) - https:\/\/yoast.com\/product\/yoast-seo-premium-wordpress\/ -->\n<title>DUCHA PRE-RINSE MEZCLADORA AL MUEBLE SIN GRIFO - B-0113 - FRIONOX<\/title>\n<meta name=\"description\" content=\"EasyInstall riser para una instalaci\u00f3n r\u00e1pida. Manguera flexible de acero inoxidable de 44 &quot;con mango gris resistente al calor y anillo de sujeci\u00f3n. V\u00e1lvula de pulverizaci\u00f3n de 1.42 GPM. Cartuchos de compresi\u00f3n Eterna de cuarto de vuelta con controles de muelle para evitar el flujo cruzado de agua. Manetas de palanca con \u00edndices codificados por color. Mangueras flexibles de suministro de acero inoxidable de 18 &quot;con conexiones de compresi\u00f3n de 1\/2&quot; NPSM \/ 5\/8&quot;. Material: Cuerpo de lat\u00f3n cromado pulido, cuerpo de la v\u00e1lvula de subida y rociado, manguera de acero inoxidable y manijas de metal cromado.\" \/>\n<meta name=\"robots\" content=\"index, follow, max-snippet:-1, max-image-preview:large, max-video-preview:-1\" \/>\n<link rel=\"canonical\" href=\"https:\/\/frionox.com\/catalogo\/producto\/ducha-pre-rinse-mezcladora-al-mueble-sin-grifo-b-0113\/\" \/>\n<meta property=\"og:locale\" content=\"es_ES\" \/>\n<meta property=\"og:type\" content=\"article\" \/>\n<meta property=\"og:title\" content=\"DUCHA PRE-RINSE MEZCLADORA AL MUEBLE SIN GRIFO - B-0113\" \/>\n<meta property=\"og:description\" content=\"EasyInstall riser para una instalaci\u00f3n r\u00e1pida. Manguera flexible de acero inoxidable de 44 &quot;con mango gris resistente al calor y anillo de sujeci\u00f3n. V\u00e1lvula de pulverizaci\u00f3n de 1.42 GPM. Cartuchos de compresi\u00f3n Eterna de cuarto de vuelta con controles de muelle para evitar el flujo cruzado de agua. Manetas de palanca con \u00edndices codificados por color. Mangueras flexibles de suministro de acero inoxidable de 18 &quot;con conexiones de compresi\u00f3n de 1\/2&quot; NPSM \/ 5\/8&quot;. Material: Cuerpo de lat\u00f3n cromado pulido, cuerpo de la v\u00e1lvula de subida y rociado, manguera de acero inoxidable y manijas de metal cromado.\" \/>\n<meta property=\"og:url\" content=\"https:\/\/frionox.com\/catalogo\/producto\/ducha-pre-rinse-mezcladora-al-mueble-sin-grifo-b-0113\/\" \/>\n<meta property=\"og:site_name\" content=\"FRIONOX\" \/>\n<meta property=\"article:publisher\" content=\"https:\/\/facebook.com\/frionox.pe\" \/>\n<meta property=\"article:modified_time\" content=\"2026-01-20T17:21:57+00:00\" \/>\n<meta property=\"og:image\" content=\"https:\/\/frionox.com\/catalogo\/wp-content\/uploads\/2020\/04\/B-0113.jpg\" \/>\n\t<meta property=\"og:image:width\" content=\"600\" \/>\n\t<meta property=\"og:image:height\" content=\"600\" \/>\n\t<meta property=\"og:image:type\" content=\"image\/jpeg\" \/>\n<meta name=\"twitter:card\" content=\"summary_large_image\" \/>\n<meta name=\"twitter:site\" content=\"@frionoxsac\" \/>\n<meta name=\"twitter:label1\" content=\"Precio\" \/>\n\t<meta name=\"twitter:data1\" content=\"S\/548.56\" \/>\n\t<meta name=\"twitter:label2\" content=\"Disponibilidad\" \/>\n\t<meta name=\"twitter:data2\" content=\"Disponible para reservar\" \/>\n<script type=\"application\/ld+json\" class=\"yoast-schema-graph\">{\"@context\":\"https:\/\/schema.org\",\"@graph\":[{\"@type\":\"WebPage\",\"@id\":\"https:\/\/frionox.com\/catalogo\/producto\/ducha-pre-rinse-mezcladora-al-mueble-sin-grifo-b-0113\/\",\"url\":\"https:\/\/frionox.com\/catalogo\/producto\/ducha-pre-rinse-mezcladora-al-mueble-sin-grifo-b-0113\/\",\"name\":\"DUCHA PRE-RINSE MEZCLADORA AL MUEBLE SIN GRIFO - B-0113 - FRIONOX\",\"isPartOf\":{\"@id\":\"https:\/\/frionox.com\/catalogo\/#website\"},\"primaryImageOfPage\":{\"@id\":\"https:\/\/frionox.com\/catalogo\/producto\/ducha-pre-rinse-mezcladora-al-mueble-sin-grifo-b-0113\/#primaryimage\"},\"image\":{\"@id\":\"https:\/\/frionox.com\/catalogo\/producto\/ducha-pre-rinse-mezcladora-al-mueble-sin-grifo-b-0113\/#primaryimage\"},\"thumbnailUrl\":\"https:\/\/frionox.com\/catalogo\/wp-content\/uploads\/2020\/04\/B-0113.jpg\",\"datePublished\":\"2020-08-09T19:04:53+00:00\",\"dateModified\":\"2026-01-20T17:21:57+00:00\",\"description\":\"EasyInstall riser para una instalaci\u00f3n r\u00e1pida. Manguera flexible de acero inoxidable de 44 \\\"con mango gris resistente al calor y anillo de sujeci\u00f3n. V\u00e1lvula de pulverizaci\u00f3n de 1.42 GPM. Cartuchos de compresi\u00f3n Eterna de cuarto de vuelta con controles de muelle para evitar el flujo cruzado de agua. Manetas de palanca con \u00edndices codificados por color. Mangueras flexibles de suministro de acero inoxidable de 18 \\\"con conexiones de compresi\u00f3n de 1\/2\\\" NPSM \/ 5\/8\\\". Material: Cuerpo de lat\u00f3n cromado pulido, cuerpo de la v\u00e1lvula de subida y rociado, manguera de acero inoxidable y manijas de metal cromado.\",\"breadcrumb\":{\"@id\":\"https:\/\/frionox.com\/catalogo\/producto\/ducha-pre-rinse-mezcladora-al-mueble-sin-grifo-b-0113\/#breadcrumb\"},\"inLanguage\":\"es\",\"potentialAction\":[{\"@type\":\"ReadAction\",\"target\":[\"https:\/\/frionox.com\/catalogo\/producto\/ducha-pre-rinse-mezcladora-al-mueble-sin-grifo-b-0113\/\"]}]},{\"@type\":\"ImageObject\",\"inLanguage\":\"es\",\"@id\":\"https:\/\/frionox.com\/catalogo\/producto\/ducha-pre-rinse-mezcladora-al-mueble-sin-grifo-b-0113\/#primaryimage\",\"url\":\"https:\/\/frionox.com\/catalogo\/wp-content\/uploads\/2020\/04\/B-0113.jpg\",\"contentUrl\":\"https:\/\/frionox.com\/catalogo\/wp-content\/uploads\/2020\/04\/B-0113.jpg\",\"width\":600,\"height\":600},{\"@type\":\"BreadcrumbList\",\"@id\":\"https:\/\/frionox.com\/catalogo\/producto\/ducha-pre-rinse-mezcladora-al-mueble-sin-grifo-b-0113\/#breadcrumb\",\"itemListElement\":[{\"@type\":\"ListItem\",\"position\":1,\"name\":\"Portada\",\"item\":\"https:\/\/frionox.com\/catalogo\/\"},{\"@type\":\"ListItem\",\"position\":2,\"name\":\"Hornos Industriales, Licuadoras Industriales, Cocinas y m\u00e1s\",\"item\":\"https:\/\/frionox.com\/catalogo\/tienda\/\"},{\"@type\":\"ListItem\",\"position\":3,\"name\":\"DUCHA PRE-RINSE MEZCLADORA AL MUEBLE SIN GRIFO &#8211; B-0113\"}]},{\"@type\":\"WebSite\",\"@id\":\"https:\/\/frionox.com\/catalogo\/#website\",\"url\":\"https:\/\/frionox.com\/catalogo\/\",\"name\":\"FRIONOX\",\"description\":\"Equipamiento de cocinas\",\"publisher\":{\"@id\":\"https:\/\/frionox.com\/catalogo\/#organization\"},\"potentialAction\":[{\"@type\":\"SearchAction\",\"target\":{\"@type\":\"EntryPoint\",\"urlTemplate\":\"https:\/\/frionox.com\/catalogo\/?s={search_term_string}\"},\"query-input\":{\"@type\":\"PropertyValueSpecification\",\"valueRequired\":true,\"valueName\":\"search_term_string\"}}],\"inLanguage\":\"es\"},{\"@type\":[\"Organization\",\"Place\",\"LocalBusiness\"],\"@id\":\"https:\/\/frionox.com\/catalogo\/#organization\",\"name\":\"Frionox Equipamiento de cocinas\",\"url\":\"https:\/\/frionox.com\/catalogo\/\",\"logo\":{\"@id\":\"https:\/\/frionox.com\/catalogo\/producto\/ducha-pre-rinse-mezcladora-al-mueble-sin-grifo-b-0113\/#local-main-organization-logo\"},\"image\":{\"@id\":\"https:\/\/frionox.com\/catalogo\/producto\/ducha-pre-rinse-mezcladora-al-mueble-sin-grifo-b-0113\/#local-main-organization-logo\"},\"sameAs\":[\"https:\/\/facebook.com\/frionox.pe\",\"https:\/\/x.com\/frionoxsac\",\"https:\/\/youtube.com\/@FRIONOXEQUIPAMIENTODECOCINA\"],\"address\":{\"@id\":\"https:\/\/frionox.com\/catalogo\/producto\/ducha-pre-rinse-mezcladora-al-mueble-sin-grifo-b-0113\/#local-main-place-address\"},\"geo\":{\"@type\":\"GeoCoordinates\",\"latitude\":\"-11.980133\",\"longitude\":\"-77.06118200000003\"},\"telephone\":[\"+5115221181\"],\"openingHoursSpecification\":[{\"@type\":\"OpeningHoursSpecification\",\"dayOfWeek\":[\"Monday\",\"Tuesday\",\"Wednesday\",\"Thursday\",\"Friday\",\"Saturday\"],\"opens\":\"08:00\",\"closes\":\"18:00\"},{\"@type\":\"OpeningHoursSpecification\",\"dayOfWeek\":[\"Sunday\"],\"opens\":\"00:00\",\"closes\":\"00:00\"}],\"email\":\"cotizaciones@frionox.com\"},{\"@type\":\"PostalAddress\",\"@id\":\"https:\/\/frionox.com\/catalogo\/producto\/ducha-pre-rinse-mezcladora-al-mueble-sin-grifo-b-0113\/#local-main-place-address\",\"streetAddress\":\"Av. Oscar R. Benavides 1624\",\"addressLocality\":\"Cercado de Lima\",\"postalCode\":\"15082\",\"addressRegion\":\"Lima\",\"addressCountry\":\"PE\"},{\"@type\":\"ImageObject\",\"inLanguage\":\"es\",\"@id\":\"https:\/\/frionox.com\/catalogo\/producto\/ducha-pre-rinse-mezcladora-al-mueble-sin-grifo-b-0113\/#local-main-organization-logo\",\"url\":\"https:\/\/frionox.com\/catalogo\/wp-content\/uploads\/2020\/04\/LOGO-MOBILE.png\",\"contentUrl\":\"https:\/\/frionox.com\/catalogo\/wp-content\/uploads\/2020\/04\/LOGO-MOBILE.png\",\"width\":203,\"height\":61,\"caption\":\"Frionox Equipamiento de cocinas\"}]}<\/script>\n<meta property=\"product:price:amount\" content=\"548.56\" \/>\n<meta property=\"product:price:currency\" content=\"PEN\" \/>\n<meta property=\"og:availability\" content=\"backorder\" \/>\n<meta property=\"product:availability\" content=\"available for order\" \/>\n<meta property=\"product:retailer_item_id\" content=\"B-0113\" \/>\n<meta property=\"product:condition\" content=\"new\" \/>\n<meta name=\"geo.placename\" content=\"Cercado de Lima\" \/>\n<meta name=\"geo.position\" content=\"-11.980133;-77.06118200000003\" \/>\n<meta name=\"geo.region\" content=\"Per\u00fa\" \/>\n<!-- \/ Yoast SEO Premium plugin. -->","yoast_head_json":{"title":"DUCHA PRE-RINSE MEZCLADORA AL MUEBLE SIN GRIFO - B-0113 - FRIONOX","description":"EasyInstall riser para una instalaci\u00f3n r\u00e1pida. Manguera flexible de acero inoxidable de 44 \"con mango gris resistente al calor y anillo de sujeci\u00f3n. V\u00e1lvula de pulverizaci\u00f3n de 1.42 GPM. Cartuchos de compresi\u00f3n Eterna de cuarto de vuelta con controles de muelle para evitar el flujo cruzado de agua. Manetas de palanca con \u00edndices codificados por color. Mangueras flexibles de suministro de acero inoxidable de 18 \"con conexiones de compresi\u00f3n de 1\/2\" NPSM \/ 5\/8\". Material: Cuerpo de lat\u00f3n cromado pulido, cuerpo de la v\u00e1lvula de subida y rociado, manguera de acero inoxidable y manijas de metal cromado.","robots":{"index":"index","follow":"follow","max-snippet":"max-snippet:-1","max-image-preview":"max-image-preview:large","max-video-preview":"max-video-preview:-1"},"canonical":"https:\/\/frionox.com\/catalogo\/producto\/ducha-pre-rinse-mezcladora-al-mueble-sin-grifo-b-0113\/","og_locale":"es_ES","og_type":"article","og_title":"DUCHA PRE-RINSE MEZCLADORA AL MUEBLE SIN GRIFO - B-0113","og_description":"EasyInstall riser para una instalaci\u00f3n r\u00e1pida. Manguera flexible de acero inoxidable de 44 \"con mango gris resistente al calor y anillo de sujeci\u00f3n. V\u00e1lvula de pulverizaci\u00f3n de 1.42 GPM. Cartuchos de compresi\u00f3n Eterna de cuarto de vuelta con controles de muelle para evitar el flujo cruzado de agua. Manetas de palanca con \u00edndices codificados por color. Mangueras flexibles de suministro de acero inoxidable de 18 \"con conexiones de compresi\u00f3n de 1\/2\" NPSM \/ 5\/8\". Material: Cuerpo de lat\u00f3n cromado pulido, cuerpo de la v\u00e1lvula de subida y rociado, manguera de acero inoxidable y manijas de metal cromado.","og_url":"https:\/\/frionox.com\/catalogo\/producto\/ducha-pre-rinse-mezcladora-al-mueble-sin-grifo-b-0113\/","og_site_name":"FRIONOX","article_publisher":"https:\/\/facebook.com\/frionox.pe","article_modified_time":"2026-01-20T17:21:57+00:00","og_image":[{"width":600,"height":600,"url":"https:\/\/frionox.com\/catalogo\/wp-content\/uploads\/2020\/04\/B-0113.jpg","type":"image\/jpeg"}],"twitter_card":"summary_large_image","twitter_site":"@frionoxsac","twitter_misc":{"Precio":"S\/548.56","Disponibilidad":"Disponible para reservar"},"schema":{"@context":"https:\/\/schema.org","@graph":[{"@type":"WebPage","@id":"https:\/\/frionox.com\/catalogo\/producto\/ducha-pre-rinse-mezcladora-al-mueble-sin-grifo-b-0113\/","url":"https:\/\/frionox.com\/catalogo\/producto\/ducha-pre-rinse-mezcladora-al-mueble-sin-grifo-b-0113\/","name":"DUCHA PRE-RINSE MEZCLADORA AL MUEBLE SIN GRIFO - B-0113 - FRIONOX","isPartOf":{"@id":"https:\/\/frionox.com\/catalogo\/#website"},"primaryImageOfPage":{"@id":"https:\/\/frionox.com\/catalogo\/producto\/ducha-pre-rinse-mezcladora-al-mueble-sin-grifo-b-0113\/#primaryimage"},"image":{"@id":"https:\/\/frionox.com\/catalogo\/producto\/ducha-pre-rinse-mezcladora-al-mueble-sin-grifo-b-0113\/#primaryimage"},"thumbnailUrl":"https:\/\/frionox.com\/catalogo\/wp-content\/uploads\/2020\/04\/B-0113.jpg","datePublished":"2020-08-09T19:04:53+00:00","dateModified":"2026-01-20T17:21:57+00:00","description":"EasyInstall riser para una instalaci\u00f3n r\u00e1pida. Manguera flexible de acero inoxidable de 44 \"con mango gris resistente al calor y anillo de sujeci\u00f3n. V\u00e1lvula de pulverizaci\u00f3n de 1.42 GPM. Cartuchos de compresi\u00f3n Eterna de cuarto de vuelta con controles de muelle para evitar el flujo cruzado de agua. Manetas de palanca con \u00edndices codificados por color. Mangueras flexibles de suministro de acero inoxidable de 18 \"con conexiones de compresi\u00f3n de 1\/2\" NPSM \/ 5\/8\". Material: Cuerpo de lat\u00f3n cromado pulido, cuerpo de la v\u00e1lvula de subida y rociado, manguera de acero inoxidable y manijas de metal cromado.","breadcrumb":{"@id":"https:\/\/frionox.com\/catalogo\/producto\/ducha-pre-rinse-mezcladora-al-mueble-sin-grifo-b-0113\/#breadcrumb"},"inLanguage":"es","potentialAction":[{"@type":"ReadAction","target":["https:\/\/frionox.com\/catalogo\/producto\/ducha-pre-rinse-mezcladora-al-mueble-sin-grifo-b-0113\/"]}]},{"@type":"ImageObject","inLanguage":"es","@id":"https:\/\/frionox.com\/catalogo\/producto\/ducha-pre-rinse-mezcladora-al-mueble-sin-grifo-b-0113\/#primaryimage","url":"https:\/\/frionox.com\/catalogo\/wp-content\/uploads\/2020\/04\/B-0113.jpg","contentUrl":"https:\/\/frionox.com\/catalogo\/wp-content\/uploads\/2020\/04\/B-0113.jpg","width":600,"height":600},{"@type":"BreadcrumbList","@id":"https:\/\/frionox.com\/catalogo\/producto\/ducha-pre-rinse-mezcladora-al-mueble-sin-grifo-b-0113\/#breadcrumb","itemListElement":[{"@type":"ListItem","position":1,"name":"Portada","item":"https:\/\/frionox.com\/catalogo\/"},{"@type":"ListItem","position":2,"name":"Hornos Industriales, Licuadoras Industriales, Cocinas y m\u00e1s","item":"https:\/\/frionox.com\/catalogo\/tienda\/"},{"@type":"ListItem","position":3,"name":"DUCHA PRE-RINSE MEZCLADORA AL MUEBLE SIN GRIFO &#8211; B-0113"}]},{"@type":"WebSite","@id":"https:\/\/frionox.com\/catalogo\/#website","url":"https:\/\/frionox.com\/catalogo\/","name":"FRIONOX","description":"Equipamiento de cocinas","publisher":{"@id":"https:\/\/frionox.com\/catalogo\/#organization"},"potentialAction":[{"@type":"SearchAction","target":{"@type":"EntryPoint","urlTemplate":"https:\/\/frionox.com\/catalogo\/?s={search_term_string}"},"query-input":{"@type":"PropertyValueSpecification","valueRequired":true,"valueName":"search_term_string"}}],"inLanguage":"es"},{"@type":["Organization","Place","LocalBusiness"],"@id":"https:\/\/frionox.com\/catalogo\/#organization","name":"Frionox Equipamiento de cocinas","url":"https:\/\/frionox.com\/catalogo\/","logo":{"@id":"https:\/\/frionox.com\/catalogo\/producto\/ducha-pre-rinse-mezcladora-al-mueble-sin-grifo-b-0113\/#local-main-organization-logo"},"image":{"@id":"https:\/\/frionox.com\/catalogo\/producto\/ducha-pre-rinse-mezcladora-al-mueble-sin-grifo-b-0113\/#local-main-organization-logo"},"sameAs":["https:\/\/facebook.com\/frionox.pe","https:\/\/x.com\/frionoxsac","https:\/\/youtube.com\/@FRIONOXEQUIPAMIENTODECOCINA"],"address":{"@id":"https:\/\/frionox.com\/catalogo\/producto\/ducha-pre-rinse-mezcladora-al-mueble-sin-grifo-b-0113\/#local-main-place-address"},"geo":{"@type":"GeoCoordinates","latitude":"-11.980133","longitude":"-77.06118200000003"},"telephone":["+5115221181"],"openingHoursSpecification":[{"@type":"OpeningHoursSpecification","dayOfWeek":["Monday","Tuesday","Wednesday","Thursday","Friday","Saturday"],"opens":"08:00","closes":"18:00"},{"@type":"OpeningHoursSpecification","dayOfWeek":["Sunday"],"opens":"00:00","closes":"00:00"}],"email":"cotizaciones@frionox.com"},{"@type":"PostalAddress","@id":"https:\/\/frionox.com\/catalogo\/producto\/ducha-pre-rinse-mezcladora-al-mueble-sin-grifo-b-0113\/#local-main-place-address","streetAddress":"Av. Oscar R. Benavides 1624","addressLocality":"Cercado de Lima","postalCode":"15082","addressRegion":"Lima","addressCountry":"PE"},{"@type":"ImageObject","inLanguage":"es","@id":"https:\/\/frionox.com\/catalogo\/producto\/ducha-pre-rinse-mezcladora-al-mueble-sin-grifo-b-0113\/#local-main-organization-logo","url":"https:\/\/frionox.com\/catalogo\/wp-content\/uploads\/2020\/04\/LOGO-MOBILE.png","contentUrl":"https:\/\/frionox.com\/catalogo\/wp-content\/uploads\/2020\/04\/LOGO-MOBILE.png","width":203,"height":61,"caption":"Frionox Equipamiento de cocinas"}]},"product_price_amount":"548.56","product_price_currency":"PEN","og_availability":"backorder","product_availability":"available for order","product_retailer_item_id":"B-0113","product_condition":"new","geo.placename":"Cercado de Lima","geo.position":{"lat":"-11.980133","long":"-77.06118200000003"},"geo.region":"Per\u00fa"},"_links":{"self":[{"href":"https:\/\/frionox.com\/catalogo\/wp-json\/wp\/v2\/product\/15892","targetHints":{"allow":["GET"]}}],"collection":[{"href":"https:\/\/frionox.com\/catalogo\/wp-json\/wp\/v2\/product"}],"about":[{"href":"https:\/\/frionox.com\/catalogo\/wp-json\/wp\/v2\/types\/product"}],"replies":[{"embeddable":true,"href":"https:\/\/frionox.com\/catalogo\/wp-json\/wp\/v2\/comments?post=15892"}],"wp:featuredmedia":[{"embeddable":true,"href":"https:\/\/frionox.com\/catalogo\/wp-json\/wp\/v2\/media\/12054"}],"wp:attachment":[{"href":"https:\/\/frionox.com\/catalogo\/wp-json\/wp\/v2\/media?parent=15892"}],"wp:term":[{"taxonomy":"product_brand","embeddable":true,"href":"https:\/\/frionox.com\/catalogo\/wp-json\/wp\/v2\/product_brand?post=15892"},{"taxonomy":"product_cat","embeddable":true,"href":"https:\/\/frionox.com\/catalogo\/wp-json\/wp\/v2\/product_cat?post=15892"},{"taxonomy":"product_tag","embeddable":true,"href":"https:\/\/frionox.com\/catalogo\/wp-json\/wp\/v2\/product_tag?post=15892"}],"curies":[{"name":"wp","href":"https:\/\/api.w.org\/{rel}","templated":true}]}}