{"id":15863,"date":"2020-08-09T14:04:43","date_gmt":"2020-08-09T19:04:43","guid":{"rendered":"https:\/\/frionox.com\/catalogo\/producto\/picadora-de-mesa-cutter-velocidad-variable-funcion-mix-24336-r5-vva-220-1ac-r5-vva\/"},"modified":"2025-07-29T16:52:27","modified_gmt":"2025-07-29T21:52:27","slug":"picadora-de-mesa-cutter-velocidad-variable-funcion-mix-24336-r5-vva-220-1ac-r5-vva","status":"publish","type":"product","link":"https:\/\/frionox.com\/catalogo\/producto\/picadora-de-mesa-cutter-velocidad-variable-funcion-mix-24336-r5-vva-220-1ac-r5-vva\/","title":{"rendered":"PICADORA DE MESA (CUTTER) VELOCIDAD VARIABLE FUNCION MIX (24336) &#8211; R5 VVA-220-1AC &#8211; R5 VVA"},"content":{"rendered":"<p>Capacidad de trabajo: Una tolva grande (superficie de 139 cm\u00b2) para cortar hortalizas voluminosas, como col o apio. Posibilidad de procesar hasta 10 tomates en una sola operaci\u00f3n. Una tolva cil\u00edndrica (\u00d8 58 mm) prevista para las hortalizas largas o fr\u00e1giles (ej.: calabacines, pepinos o champi\u00f1ones) con una precisi\u00f3n de corte extraordinaria. Dise\u00f1o de la tapa con formas simples, sin recovecos, para una limpieza f\u00e1cil. Estos modelos disponen de una reactivaci\u00f3n autom\u00e1tica de la m\u00e1quina mediante la palanca para una mayor comodidad de trabajo y una rapidez de ejecuci\u00f3n. Bloque motor de acero inoxidable estudiado para procesar grandes cantidades. Velocidad Monof\u00e1sico : 375 rpm Potencia : 550 Watts Voltaje: 220V\/60\/1 Discos disponibles 50 Rendimientos pr\u00e1cticos Hasta 250 kg\/h Rendimientos te\u00f3ricos Hasta 300 kg\/h N\u00famero de cubiertos 20 a 300 +<\/p>\n","protected":false},"excerpt":{"rendered":"<p>Capacidad de trabajo: Una tolva grande (superficie de 139 cm\u00b2) para cortar hortalizas voluminosas, como col o apio. Posibilidad de procesar hasta 10 tomates en una sola operaci\u00f3n. Una tolva cil\u00edndrica (\u00d8 58 mm) prevista para las hortalizas largas o fr\u00e1giles (ej.: calabacines, pepinos o champi\u00f1ones) con una precisi\u00f3n de corte extraordinaria. Dise\u00f1o de la tapa con formas simples, sin recovecos, para una limpieza f\u00e1cil. Estos modelos disponen de una reactivaci\u00f3n autom\u00e1tica de la m\u00e1quina mediante la palanca para una mayor comodidad de trabajo y una rapidez de ejecuci\u00f3n. Bloque motor de acero inoxidable estudiado para procesar grandes cantidades. Velocidad Monof\u00e1sico : 375 rpm Potencia : 550 Watts Voltaje: 220V\/60\/1 Discos disponibles 50 Rendimientos pr\u00e1cticos Hasta 250 kg\/h Rendimientos te\u00f3ricos Hasta 300 kg\/h N\u00famero de cubiertos 20 a 300 +<\/p>\n","protected":false},"featured_media":12539,"comment_status":"open","ping_status":"closed","template":"","meta":[],"product_brand":[],"product_cat":[1477,2049,141],"product_tag":[2055],"class_list":{"0":"post-15863","1":"product","2":"type-product","3":"status-publish","4":"has-post-thumbnail","6":"product_cat-picadoras","7":"product_cat-picadoras-procesamiento","8":"product_cat-procesamiento","9":"product_tag-picadora-de-mesa-cutter-velocidad-variable-funcion-mix-24336-r5-vva-220-1ac","10":"pa_marcas-robot-coupe","12":"first","13":"onbackorder","14":"shipping-taxable","15":"purchasable","16":"product-type-simple"},"yoast_head":"<!-- This site is optimized with the Yoast SEO Premium plugin v27.1 (Yoast SEO v27.1.1) - https:\/\/yoast.com\/product\/yoast-seo-premium-wordpress\/ -->\n<title>PICADORA DE MESA (CUTTER) VELOCIDAD VARIABLE FUNCION MIX (24336) - R5 VVA-220-1AC - R5 VVA - FRIONOX<\/title>\n<meta name=\"description\" content=\"Capacidad de trabajo: Una tolva grande (superficie de 139 cm\u00b2) para cortar hortalizas voluminosas, como col o apio. Posibilidad de procesar hasta 10 tomates en una sola operaci\u00f3n. Una tolva cil\u00edndrica (\u00d8 58 mm) prevista para las hortalizas largas o fr\u00e1giles (ej.: calabacines, pepinos o champi\u00f1ones) con una precisi\u00f3n de corte extraordinaria. Dise\u00f1o de la tapa con formas simples, sin recovecos, para una limpieza f\u00e1cil. Estos modelos disponen de una reactivaci\u00f3n autom\u00e1tica de la m\u00e1quina mediante la palanca para una mayor comodidad de trabajo y una rapidez de ejecuci\u00f3n. Bloque motor de acero inoxidable estudiado para procesar grandes cantidades. Velocidad Monof\u00e1sico : 375 rpm Potencia : 550 Watts Voltaje: 220V\/60\/1 Discos disponibles 50 Rendimientos pr\u00e1cticos Hasta 250 kg\/h Rendimientos te\u00f3ricos Hasta 300 kg\/h N\u00famero de cubiertos 20 a 300 +\" \/>\n<meta name=\"robots\" content=\"index, follow, max-snippet:-1, max-image-preview:large, max-video-preview:-1\" \/>\n<link rel=\"canonical\" href=\"https:\/\/frionox.com\/catalogo\/producto\/picadora-de-mesa-cutter-velocidad-variable-funcion-mix-24336-r5-vva-220-1ac-r5-vva\/\" \/>\n<meta property=\"og:locale\" content=\"es_ES\" \/>\n<meta property=\"og:type\" content=\"article\" \/>\n<meta property=\"og:title\" content=\"PICADORA DE MESA (CUTTER) VELOCIDAD VARIABLE FUNCION MIX (24336) - R5 VVA-220-1AC - R5 VVA\" \/>\n<meta property=\"og:description\" content=\"Capacidad de trabajo: Una tolva grande (superficie de 139 cm\u00b2) para cortar hortalizas voluminosas, como col o apio. Posibilidad de procesar hasta 10 tomates en una sola operaci\u00f3n. Una tolva cil\u00edndrica (\u00d8 58 mm) prevista para las hortalizas largas o fr\u00e1giles (ej.: calabacines, pepinos o champi\u00f1ones) con una precisi\u00f3n de corte extraordinaria. Dise\u00f1o de la tapa con formas simples, sin recovecos, para una limpieza f\u00e1cil. Estos modelos disponen de una reactivaci\u00f3n autom\u00e1tica de la m\u00e1quina mediante la palanca para una mayor comodidad de trabajo y una rapidez de ejecuci\u00f3n. Bloque motor de acero inoxidable estudiado para procesar grandes cantidades. Velocidad Monof\u00e1sico : 375 rpm Potencia : 550 Watts Voltaje: 220V\/60\/1 Discos disponibles 50 Rendimientos pr\u00e1cticos Hasta 250 kg\/h Rendimientos te\u00f3ricos Hasta 300 kg\/h N\u00famero de cubiertos 20 a 300 +\" \/>\n<meta property=\"og:url\" content=\"https:\/\/frionox.com\/catalogo\/producto\/picadora-de-mesa-cutter-velocidad-variable-funcion-mix-24336-r5-vva-220-1ac-r5-vva\/\" \/>\n<meta property=\"og:site_name\" content=\"FRIONOX\" \/>\n<meta property=\"article:publisher\" content=\"https:\/\/facebook.com\/frionox.pe\" \/>\n<meta property=\"article:modified_time\" content=\"2025-07-29T21:52:27+00:00\" \/>\n<meta property=\"og:image\" content=\"https:\/\/frionox.com\/catalogo\/wp-content\/uploads\/2020\/04\/R5-VV.jpg\" \/>\n\t<meta property=\"og:image:width\" content=\"600\" \/>\n\t<meta property=\"og:image:height\" content=\"600\" \/>\n\t<meta property=\"og:image:type\" content=\"image\/jpeg\" \/>\n<meta name=\"twitter:card\" content=\"summary_large_image\" \/>\n<meta name=\"twitter:site\" content=\"@frionoxsac\" \/>\n<meta name=\"twitter:label1\" content=\"Precio\" \/>\n\t<meta name=\"twitter:data1\" content=\"S\/4,162.04\" \/>\n\t<meta name=\"twitter:label2\" content=\"Disponibilidad\" \/>\n\t<meta name=\"twitter:data2\" content=\"Disponible para reservar\" \/>\n<script type=\"application\/ld+json\" class=\"yoast-schema-graph\">{\"@context\":\"https:\/\/schema.org\",\"@graph\":[{\"@type\":\"WebPage\",\"@id\":\"https:\/\/frionox.com\/catalogo\/producto\/picadora-de-mesa-cutter-velocidad-variable-funcion-mix-24336-r5-vva-220-1ac-r5-vva\/\",\"url\":\"https:\/\/frionox.com\/catalogo\/producto\/picadora-de-mesa-cutter-velocidad-variable-funcion-mix-24336-r5-vva-220-1ac-r5-vva\/\",\"name\":\"PICADORA DE MESA (CUTTER) VELOCIDAD VARIABLE FUNCION MIX (24336) - R5 VVA-220-1AC - R5 VVA - FRIONOX\",\"isPartOf\":{\"@id\":\"https:\/\/frionox.com\/catalogo\/#website\"},\"primaryImageOfPage\":{\"@id\":\"https:\/\/frionox.com\/catalogo\/producto\/picadora-de-mesa-cutter-velocidad-variable-funcion-mix-24336-r5-vva-220-1ac-r5-vva\/#primaryimage\"},\"image\":{\"@id\":\"https:\/\/frionox.com\/catalogo\/producto\/picadora-de-mesa-cutter-velocidad-variable-funcion-mix-24336-r5-vva-220-1ac-r5-vva\/#primaryimage\"},\"thumbnailUrl\":\"https:\/\/frionox.com\/catalogo\/wp-content\/uploads\/2020\/04\/R5-VV.jpg\",\"datePublished\":\"2020-08-09T19:04:43+00:00\",\"dateModified\":\"2025-07-29T21:52:27+00:00\",\"description\":\"Capacidad de trabajo: Una tolva grande (superficie de 139 cm\u00b2) para cortar hortalizas voluminosas, como col o apio. Posibilidad de procesar hasta 10 tomates en una sola operaci\u00f3n. Una tolva cil\u00edndrica (\u00d8 58 mm) prevista para las hortalizas largas o fr\u00e1giles (ej.: calabacines, pepinos o champi\u00f1ones) con una precisi\u00f3n de corte extraordinaria. Dise\u00f1o de la tapa con formas simples, sin recovecos, para una limpieza f\u00e1cil. Estos modelos disponen de una reactivaci\u00f3n autom\u00e1tica de la m\u00e1quina mediante la palanca para una mayor comodidad de trabajo y una rapidez de ejecuci\u00f3n. Bloque motor de acero inoxidable estudiado para procesar grandes cantidades. Velocidad Monof\u00e1sico : 375 rpm Potencia : 550 Watts Voltaje: 220V\/60\/1 Discos disponibles 50 Rendimientos pr\u00e1cticos Hasta 250 kg\/h Rendimientos te\u00f3ricos Hasta 300 kg\/h N\u00famero de cubiertos 20 a 300 +\",\"breadcrumb\":{\"@id\":\"https:\/\/frionox.com\/catalogo\/producto\/picadora-de-mesa-cutter-velocidad-variable-funcion-mix-24336-r5-vva-220-1ac-r5-vva\/#breadcrumb\"},\"inLanguage\":\"es\",\"potentialAction\":[{\"@type\":\"ReadAction\",\"target\":[\"https:\/\/frionox.com\/catalogo\/producto\/picadora-de-mesa-cutter-velocidad-variable-funcion-mix-24336-r5-vva-220-1ac-r5-vva\/\"]}]},{\"@type\":\"ImageObject\",\"inLanguage\":\"es\",\"@id\":\"https:\/\/frionox.com\/catalogo\/producto\/picadora-de-mesa-cutter-velocidad-variable-funcion-mix-24336-r5-vva-220-1ac-r5-vva\/#primaryimage\",\"url\":\"https:\/\/frionox.com\/catalogo\/wp-content\/uploads\/2020\/04\/R5-VV.jpg\",\"contentUrl\":\"https:\/\/frionox.com\/catalogo\/wp-content\/uploads\/2020\/04\/R5-VV.jpg\",\"width\":600,\"height\":600},{\"@type\":\"BreadcrumbList\",\"@id\":\"https:\/\/frionox.com\/catalogo\/producto\/picadora-de-mesa-cutter-velocidad-variable-funcion-mix-24336-r5-vva-220-1ac-r5-vva\/#breadcrumb\",\"itemListElement\":[{\"@type\":\"ListItem\",\"position\":1,\"name\":\"Portada\",\"item\":\"https:\/\/frionox.com\/catalogo\/\"},{\"@type\":\"ListItem\",\"position\":2,\"name\":\"Hornos Industriales, Licuadoras Industriales, Cocinas y m\u00e1s\",\"item\":\"https:\/\/frionox.com\/catalogo\/tienda\/\"},{\"@type\":\"ListItem\",\"position\":3,\"name\":\"PICADORA DE MESA (CUTTER) VELOCIDAD VARIABLE FUNCION MIX (24336) &#8211; R5 VVA-220-1AC &#8211; R5 VVA\"}]},{\"@type\":\"WebSite\",\"@id\":\"https:\/\/frionox.com\/catalogo\/#website\",\"url\":\"https:\/\/frionox.com\/catalogo\/\",\"name\":\"FRIONOX\",\"description\":\"Equipamiento de cocinas\",\"publisher\":{\"@id\":\"https:\/\/frionox.com\/catalogo\/#organization\"},\"potentialAction\":[{\"@type\":\"SearchAction\",\"target\":{\"@type\":\"EntryPoint\",\"urlTemplate\":\"https:\/\/frionox.com\/catalogo\/?s={search_term_string}\"},\"query-input\":{\"@type\":\"PropertyValueSpecification\",\"valueRequired\":true,\"valueName\":\"search_term_string\"}}],\"inLanguage\":\"es\"},{\"@type\":[\"Organization\",\"Place\",\"LocalBusiness\"],\"@id\":\"https:\/\/frionox.com\/catalogo\/#organization\",\"name\":\"Frionox Equipamiento de cocinas\",\"url\":\"https:\/\/frionox.com\/catalogo\/\",\"logo\":{\"@id\":\"https:\/\/frionox.com\/catalogo\/producto\/picadora-de-mesa-cutter-velocidad-variable-funcion-mix-24336-r5-vva-220-1ac-r5-vva\/#local-main-organization-logo\"},\"image\":{\"@id\":\"https:\/\/frionox.com\/catalogo\/producto\/picadora-de-mesa-cutter-velocidad-variable-funcion-mix-24336-r5-vva-220-1ac-r5-vva\/#local-main-organization-logo\"},\"sameAs\":[\"https:\/\/facebook.com\/frionox.pe\",\"https:\/\/x.com\/frionoxsac\",\"https:\/\/youtube.com\/@FRIONOXEQUIPAMIENTODECOCINA\"],\"address\":{\"@id\":\"https:\/\/frionox.com\/catalogo\/producto\/picadora-de-mesa-cutter-velocidad-variable-funcion-mix-24336-r5-vva-220-1ac-r5-vva\/#local-main-place-address\"},\"geo\":{\"@type\":\"GeoCoordinates\",\"latitude\":\"-11.980133\",\"longitude\":\"-77.06118200000003\"},\"telephone\":[\"+5115221181\"],\"openingHoursSpecification\":[{\"@type\":\"OpeningHoursSpecification\",\"dayOfWeek\":[\"Monday\",\"Tuesday\",\"Wednesday\",\"Thursday\",\"Friday\",\"Saturday\"],\"opens\":\"08:00\",\"closes\":\"18:00\"},{\"@type\":\"OpeningHoursSpecification\",\"dayOfWeek\":[\"Sunday\"],\"opens\":\"00:00\",\"closes\":\"00:00\"}],\"email\":\"cotizaciones@frionox.com\"},{\"@type\":\"PostalAddress\",\"@id\":\"https:\/\/frionox.com\/catalogo\/producto\/picadora-de-mesa-cutter-velocidad-variable-funcion-mix-24336-r5-vva-220-1ac-r5-vva\/#local-main-place-address\",\"streetAddress\":\"Av. Oscar R. Benavides 1624\",\"addressLocality\":\"Cercado de Lima\",\"postalCode\":\"15082\",\"addressRegion\":\"Lima\",\"addressCountry\":\"PE\"},{\"@type\":\"ImageObject\",\"inLanguage\":\"es\",\"@id\":\"https:\/\/frionox.com\/catalogo\/producto\/picadora-de-mesa-cutter-velocidad-variable-funcion-mix-24336-r5-vva-220-1ac-r5-vva\/#local-main-organization-logo\",\"url\":\"https:\/\/frionox.com\/catalogo\/wp-content\/uploads\/2020\/04\/LOGO-MOBILE.png\",\"contentUrl\":\"https:\/\/frionox.com\/catalogo\/wp-content\/uploads\/2020\/04\/LOGO-MOBILE.png\",\"width\":203,\"height\":61,\"caption\":\"Frionox Equipamiento de cocinas\"}]}<\/script>\n<meta property=\"product:price:amount\" content=\"4162.04\" \/>\n<meta property=\"product:price:currency\" content=\"PEN\" \/>\n<meta property=\"og:availability\" content=\"backorder\" \/>\n<meta property=\"product:availability\" content=\"available for order\" \/>\n<meta property=\"product:retailer_item_id\" content=\"R5 VVA\" \/>\n<meta property=\"product:condition\" content=\"new\" \/>\n<meta name=\"geo.placename\" content=\"Cercado de Lima\" \/>\n<meta name=\"geo.position\" content=\"-11.980133;-77.06118200000003\" \/>\n<meta name=\"geo.region\" content=\"Per\u00fa\" \/>\n<!-- \/ Yoast SEO Premium plugin. -->","yoast_head_json":{"title":"PICADORA DE MESA (CUTTER) VELOCIDAD VARIABLE FUNCION MIX (24336) - R5 VVA-220-1AC - R5 VVA - FRIONOX","description":"Capacidad de trabajo: Una tolva grande (superficie de 139 cm\u00b2) para cortar hortalizas voluminosas, como col o apio. Posibilidad de procesar hasta 10 tomates en una sola operaci\u00f3n. Una tolva cil\u00edndrica (\u00d8 58 mm) prevista para las hortalizas largas o fr\u00e1giles (ej.: calabacines, pepinos o champi\u00f1ones) con una precisi\u00f3n de corte extraordinaria. Dise\u00f1o de la tapa con formas simples, sin recovecos, para una limpieza f\u00e1cil. Estos modelos disponen de una reactivaci\u00f3n autom\u00e1tica de la m\u00e1quina mediante la palanca para una mayor comodidad de trabajo y una rapidez de ejecuci\u00f3n. Bloque motor de acero inoxidable estudiado para procesar grandes cantidades. Velocidad Monof\u00e1sico : 375 rpm Potencia : 550 Watts Voltaje: 220V\/60\/1 Discos disponibles 50 Rendimientos pr\u00e1cticos Hasta 250 kg\/h Rendimientos te\u00f3ricos Hasta 300 kg\/h N\u00famero de cubiertos 20 a 300 +","robots":{"index":"index","follow":"follow","max-snippet":"max-snippet:-1","max-image-preview":"max-image-preview:large","max-video-preview":"max-video-preview:-1"},"canonical":"https:\/\/frionox.com\/catalogo\/producto\/picadora-de-mesa-cutter-velocidad-variable-funcion-mix-24336-r5-vva-220-1ac-r5-vva\/","og_locale":"es_ES","og_type":"article","og_title":"PICADORA DE MESA (CUTTER) VELOCIDAD VARIABLE FUNCION MIX (24336) - R5 VVA-220-1AC - R5 VVA","og_description":"Capacidad de trabajo: Una tolva grande (superficie de 139 cm\u00b2) para cortar hortalizas voluminosas, como col o apio. Posibilidad de procesar hasta 10 tomates en una sola operaci\u00f3n. Una tolva cil\u00edndrica (\u00d8 58 mm) prevista para las hortalizas largas o fr\u00e1giles (ej.: calabacines, pepinos o champi\u00f1ones) con una precisi\u00f3n de corte extraordinaria. Dise\u00f1o de la tapa con formas simples, sin recovecos, para una limpieza f\u00e1cil. Estos modelos disponen de una reactivaci\u00f3n autom\u00e1tica de la m\u00e1quina mediante la palanca para una mayor comodidad de trabajo y una rapidez de ejecuci\u00f3n. Bloque motor de acero inoxidable estudiado para procesar grandes cantidades. Velocidad Monof\u00e1sico : 375 rpm Potencia : 550 Watts Voltaje: 220V\/60\/1 Discos disponibles 50 Rendimientos pr\u00e1cticos Hasta 250 kg\/h Rendimientos te\u00f3ricos Hasta 300 kg\/h N\u00famero de cubiertos 20 a 300 +","og_url":"https:\/\/frionox.com\/catalogo\/producto\/picadora-de-mesa-cutter-velocidad-variable-funcion-mix-24336-r5-vva-220-1ac-r5-vva\/","og_site_name":"FRIONOX","article_publisher":"https:\/\/facebook.com\/frionox.pe","article_modified_time":"2025-07-29T21:52:27+00:00","og_image":[{"width":600,"height":600,"url":"https:\/\/frionox.com\/catalogo\/wp-content\/uploads\/2020\/04\/R5-VV.jpg","type":"image\/jpeg"}],"twitter_card":"summary_large_image","twitter_site":"@frionoxsac","twitter_misc":{"Precio":"S\/4,162.04","Disponibilidad":"Disponible para reservar"},"schema":{"@context":"https:\/\/schema.org","@graph":[{"@type":"WebPage","@id":"https:\/\/frionox.com\/catalogo\/producto\/picadora-de-mesa-cutter-velocidad-variable-funcion-mix-24336-r5-vva-220-1ac-r5-vva\/","url":"https:\/\/frionox.com\/catalogo\/producto\/picadora-de-mesa-cutter-velocidad-variable-funcion-mix-24336-r5-vva-220-1ac-r5-vva\/","name":"PICADORA DE MESA (CUTTER) VELOCIDAD VARIABLE FUNCION MIX (24336) - R5 VVA-220-1AC - R5 VVA - FRIONOX","isPartOf":{"@id":"https:\/\/frionox.com\/catalogo\/#website"},"primaryImageOfPage":{"@id":"https:\/\/frionox.com\/catalogo\/producto\/picadora-de-mesa-cutter-velocidad-variable-funcion-mix-24336-r5-vva-220-1ac-r5-vva\/#primaryimage"},"image":{"@id":"https:\/\/frionox.com\/catalogo\/producto\/picadora-de-mesa-cutter-velocidad-variable-funcion-mix-24336-r5-vva-220-1ac-r5-vva\/#primaryimage"},"thumbnailUrl":"https:\/\/frionox.com\/catalogo\/wp-content\/uploads\/2020\/04\/R5-VV.jpg","datePublished":"2020-08-09T19:04:43+00:00","dateModified":"2025-07-29T21:52:27+00:00","description":"Capacidad de trabajo: Una tolva grande (superficie de 139 cm\u00b2) para cortar hortalizas voluminosas, como col o apio. Posibilidad de procesar hasta 10 tomates en una sola operaci\u00f3n. Una tolva cil\u00edndrica (\u00d8 58 mm) prevista para las hortalizas largas o fr\u00e1giles (ej.: calabacines, pepinos o champi\u00f1ones) con una precisi\u00f3n de corte extraordinaria. Dise\u00f1o de la tapa con formas simples, sin recovecos, para una limpieza f\u00e1cil. Estos modelos disponen de una reactivaci\u00f3n autom\u00e1tica de la m\u00e1quina mediante la palanca para una mayor comodidad de trabajo y una rapidez de ejecuci\u00f3n. Bloque motor de acero inoxidable estudiado para procesar grandes cantidades. Velocidad Monof\u00e1sico : 375 rpm Potencia : 550 Watts Voltaje: 220V\/60\/1 Discos disponibles 50 Rendimientos pr\u00e1cticos Hasta 250 kg\/h Rendimientos te\u00f3ricos Hasta 300 kg\/h N\u00famero de cubiertos 20 a 300 +","breadcrumb":{"@id":"https:\/\/frionox.com\/catalogo\/producto\/picadora-de-mesa-cutter-velocidad-variable-funcion-mix-24336-r5-vva-220-1ac-r5-vva\/#breadcrumb"},"inLanguage":"es","potentialAction":[{"@type":"ReadAction","target":["https:\/\/frionox.com\/catalogo\/producto\/picadora-de-mesa-cutter-velocidad-variable-funcion-mix-24336-r5-vva-220-1ac-r5-vva\/"]}]},{"@type":"ImageObject","inLanguage":"es","@id":"https:\/\/frionox.com\/catalogo\/producto\/picadora-de-mesa-cutter-velocidad-variable-funcion-mix-24336-r5-vva-220-1ac-r5-vva\/#primaryimage","url":"https:\/\/frionox.com\/catalogo\/wp-content\/uploads\/2020\/04\/R5-VV.jpg","contentUrl":"https:\/\/frionox.com\/catalogo\/wp-content\/uploads\/2020\/04\/R5-VV.jpg","width":600,"height":600},{"@type":"BreadcrumbList","@id":"https:\/\/frionox.com\/catalogo\/producto\/picadora-de-mesa-cutter-velocidad-variable-funcion-mix-24336-r5-vva-220-1ac-r5-vva\/#breadcrumb","itemListElement":[{"@type":"ListItem","position":1,"name":"Portada","item":"https:\/\/frionox.com\/catalogo\/"},{"@type":"ListItem","position":2,"name":"Hornos Industriales, Licuadoras Industriales, Cocinas y m\u00e1s","item":"https:\/\/frionox.com\/catalogo\/tienda\/"},{"@type":"ListItem","position":3,"name":"PICADORA DE MESA (CUTTER) VELOCIDAD VARIABLE FUNCION MIX (24336) &#8211; R5 VVA-220-1AC &#8211; R5 VVA"}]},{"@type":"WebSite","@id":"https:\/\/frionox.com\/catalogo\/#website","url":"https:\/\/frionox.com\/catalogo\/","name":"FRIONOX","description":"Equipamiento de cocinas","publisher":{"@id":"https:\/\/frionox.com\/catalogo\/#organization"},"potentialAction":[{"@type":"SearchAction","target":{"@type":"EntryPoint","urlTemplate":"https:\/\/frionox.com\/catalogo\/?s={search_term_string}"},"query-input":{"@type":"PropertyValueSpecification","valueRequired":true,"valueName":"search_term_string"}}],"inLanguage":"es"},{"@type":["Organization","Place","LocalBusiness"],"@id":"https:\/\/frionox.com\/catalogo\/#organization","name":"Frionox Equipamiento de cocinas","url":"https:\/\/frionox.com\/catalogo\/","logo":{"@id":"https:\/\/frionox.com\/catalogo\/producto\/picadora-de-mesa-cutter-velocidad-variable-funcion-mix-24336-r5-vva-220-1ac-r5-vva\/#local-main-organization-logo"},"image":{"@id":"https:\/\/frionox.com\/catalogo\/producto\/picadora-de-mesa-cutter-velocidad-variable-funcion-mix-24336-r5-vva-220-1ac-r5-vva\/#local-main-organization-logo"},"sameAs":["https:\/\/facebook.com\/frionox.pe","https:\/\/x.com\/frionoxsac","https:\/\/youtube.com\/@FRIONOXEQUIPAMIENTODECOCINA"],"address":{"@id":"https:\/\/frionox.com\/catalogo\/producto\/picadora-de-mesa-cutter-velocidad-variable-funcion-mix-24336-r5-vva-220-1ac-r5-vva\/#local-main-place-address"},"geo":{"@type":"GeoCoordinates","latitude":"-11.980133","longitude":"-77.06118200000003"},"telephone":["+5115221181"],"openingHoursSpecification":[{"@type":"OpeningHoursSpecification","dayOfWeek":["Monday","Tuesday","Wednesday","Thursday","Friday","Saturday"],"opens":"08:00","closes":"18:00"},{"@type":"OpeningHoursSpecification","dayOfWeek":["Sunday"],"opens":"00:00","closes":"00:00"}],"email":"cotizaciones@frionox.com"},{"@type":"PostalAddress","@id":"https:\/\/frionox.com\/catalogo\/producto\/picadora-de-mesa-cutter-velocidad-variable-funcion-mix-24336-r5-vva-220-1ac-r5-vva\/#local-main-place-address","streetAddress":"Av. Oscar R. Benavides 1624","addressLocality":"Cercado de Lima","postalCode":"15082","addressRegion":"Lima","addressCountry":"PE"},{"@type":"ImageObject","inLanguage":"es","@id":"https:\/\/frionox.com\/catalogo\/producto\/picadora-de-mesa-cutter-velocidad-variable-funcion-mix-24336-r5-vva-220-1ac-r5-vva\/#local-main-organization-logo","url":"https:\/\/frionox.com\/catalogo\/wp-content\/uploads\/2020\/04\/LOGO-MOBILE.png","contentUrl":"https:\/\/frionox.com\/catalogo\/wp-content\/uploads\/2020\/04\/LOGO-MOBILE.png","width":203,"height":61,"caption":"Frionox Equipamiento de cocinas"}]},"product_price_amount":"4162.04","product_price_currency":"PEN","og_availability":"backorder","product_availability":"available for order","product_retailer_item_id":"R5 VVA","product_condition":"new","geo.placename":"Cercado de Lima","geo.position":{"lat":"-11.980133","long":"-77.06118200000003"},"geo.region":"Per\u00fa"},"_links":{"self":[{"href":"https:\/\/frionox.com\/catalogo\/wp-json\/wp\/v2\/product\/15863","targetHints":{"allow":["GET"]}}],"collection":[{"href":"https:\/\/frionox.com\/catalogo\/wp-json\/wp\/v2\/product"}],"about":[{"href":"https:\/\/frionox.com\/catalogo\/wp-json\/wp\/v2\/types\/product"}],"replies":[{"embeddable":true,"href":"https:\/\/frionox.com\/catalogo\/wp-json\/wp\/v2\/comments?post=15863"}],"wp:featuredmedia":[{"embeddable":true,"href":"https:\/\/frionox.com\/catalogo\/wp-json\/wp\/v2\/media\/12539"}],"wp:attachment":[{"href":"https:\/\/frionox.com\/catalogo\/wp-json\/wp\/v2\/media?parent=15863"}],"wp:term":[{"taxonomy":"product_brand","embeddable":true,"href":"https:\/\/frionox.com\/catalogo\/wp-json\/wp\/v2\/product_brand?post=15863"},{"taxonomy":"product_cat","embeddable":true,"href":"https:\/\/frionox.com\/catalogo\/wp-json\/wp\/v2\/product_cat?post=15863"},{"taxonomy":"product_tag","embeddable":true,"href":"https:\/\/frionox.com\/catalogo\/wp-json\/wp\/v2\/product_tag?post=15863"}],"curies":[{"name":"wp","href":"https:\/\/api.w.org\/{rel}","templated":true}]}}