{"id":15851,"date":"2020-08-09T14:04:35","date_gmt":"2020-08-09T19:04:35","guid":{"rendered":"https:\/\/frionox.com\/catalogo\/producto\/trituradora-larga-ultra-con-velocidad-variable-34840-mp350uvv-220-1ac-mp350uvv\/"},"modified":"2026-03-18T15:41:16","modified_gmt":"2026-03-18T20:41:16","slug":"trituradora-larga-ultra-con-velocidad-variable-34840-mp350uvv-220-1ac-mp350uvv","status":"publish","type":"product","link":"https:\/\/frionox.com\/catalogo\/producto\/trituradora-larga-ultra-con-velocidad-variable-34840-mp350uvv-220-1ac-mp350uvv\/","title":{"rendered":"TRITURADORA LARGA ULTRA CON VELOCIDAD VARIABLE (34840) &#8211; MP350UVV-220-1AC &#8211; MP350UVV"},"content":{"rendered":"<p>Modelo con velocidad variable, Capacidad de la marmita hasta 50 lts Asa ergon\u00f3mica par mayor comodidad de uso. Lengueta en el bloque del motor que puede utilizarse como punto de apoyo y pivote en el borde de un recipiente para facilitar su manipulaci\u00f3n. Sistema de recogida del cable de alimentaci\u00f3n para un guardado m\u00e1s f\u00e1cil y optimizaci\u00f3n de duraci\u00f3n de vida \u00fatil. Cable de alimentaci\u00f3n desmontable Sistema patentado \u00abEasy Plug\u00bb que facilita en caso de aver\u00eda, la sustituci\u00f3n del cable de alimentaci\u00f3n. Cuchilla con revestimiento para asegurar una higiene perfecta. Afilado especialmente estudiado para garantizar una calidad \u00f3ptima de corte y un gran rendimiento. Pie y cuchilla totalmente desmontables, dispositivo exclusivo patentado por Robot-Coupe, para una limpieza f\u00e1cil, una higiene perfecta y un mantenimiento sencillo. Tubo, campana y cuchilla en acero inoxidable. Longitud tubo: 350 mm Potencia: 440 Watts Velocidad: 1500 a 9000 rpm Voltaje: 220-240\/50-60\/1<\/p>\n","protected":false},"excerpt":{"rendered":"<p>Modelo con velocidad variable, Capacidad de la marmita hasta 50 lts Asa ergon\u00f3mica par mayor comodidad de uso. Lengueta en el bloque del motor que puede utilizarse como punto de apoyo y pivote en el borde de un recipiente para facilitar su manipulaci\u00f3n. Sistema de recogida del cable de alimentaci\u00f3n para un guardado m\u00e1s f\u00e1cil y optimizaci\u00f3n de duraci\u00f3n de vida \u00fatil. Cable de alimentaci\u00f3n desmontable Sistema patentado \u00abEasy Plug\u00bb que facilita en caso de aver\u00eda, la sustituci\u00f3n del cable de alimentaci\u00f3n. Cuchilla con revestimiento para asegurar una higiene perfecta. Afilado especialmente estudiado para garantizar una calidad \u00f3ptima de corte y un gran rendimiento. Pie y cuchilla totalmente desmontables, dispositivo exclusivo patentado por Robot-Coupe, para una limpieza f\u00e1cil, una higiene perfecta y un mantenimiento sencillo. Tubo, campana y cuchilla en acero inoxidable. Longitud tubo: 350 mm Potencia: 440 Watts Velocidad: 1500 a 9000 rpm Voltaje: 220-240\/50-60\/1<\/p>\n","protected":false},"featured_media":12431,"comment_status":"open","ping_status":"closed","template":"","meta":[],"product_brand":[],"product_cat":[2037,1476,141],"product_tag":[2042],"class_list":{"0":"post-15851","1":"product","2":"type-product","3":"status-publish","4":"has-post-thumbnail","6":"product_cat-trituradoras-procesamiento","7":"product_cat-trituradoras","8":"product_cat-procesamiento","9":"product_tag-trituradora-larga-ultra-con-velocidad-variable-34840-mp350uvv-220-1ac","10":"pa_marcas-robot-coupe","12":"first","13":"onbackorder","14":"shipping-taxable","15":"purchasable","16":"product-type-simple"},"yoast_head":"<!-- This site is optimized with the Yoast SEO Premium plugin v27.1 (Yoast SEO v27.1.1) - https:\/\/yoast.com\/product\/yoast-seo-premium-wordpress\/ -->\n<title>TRITURADORA LARGA ULTRA CON VELOCIDAD VARIABLE (34840) - MP350UVV-220-1AC - MP350UVV - FRIONOX<\/title>\n<meta name=\"description\" content=\"Modelo con velocidad variable, Capacidad de la marmita hasta 50 lts Asa ergon\u00f3mica par mayor comodidad de uso. Lengueta en el bloque del motor que puede utilizarse como punto de apoyo y pivote en el borde de un recipiente para facilitar su manipulaci\u00f3n. Sistema de recogida del cable de alimentaci\u00f3n para un guardado m\u00e1s f\u00e1cil y optimizaci\u00f3n de duraci\u00f3n de vida \u00fatil. Cable de alimentaci\u00f3n desmontable Sistema patentado \u00abEasy Plug\u00bb que facilita en caso de aver\u00eda, la sustituci\u00f3n del cable de alimentaci\u00f3n. Cuchilla con revestimiento para asegurar una higiene perfecta. Afilado especialmente estudiado para garantizar una calidad \u00f3ptima de corte y un gran rendimiento. Pie y cuchilla totalmente desmontables, dispositivo exclusivo patentado por Robot-Coupe, para una limpieza f\u00e1cil, una higiene perfecta y un mantenimiento sencillo. Tubo, campana y cuchilla en acero inoxidable. Longitud tubo: 350 mm Potencia: 440 Watts Velocidad: 1500 a 9000 rpm Voltaje: 220-240\/50-60\/1\" \/>\n<meta name=\"robots\" content=\"index, follow, max-snippet:-1, max-image-preview:large, max-video-preview:-1\" \/>\n<link rel=\"canonical\" href=\"https:\/\/frionox.com\/catalogo\/producto\/trituradora-larga-ultra-con-velocidad-variable-34840-mp350uvv-220-1ac-mp350uvv\/\" \/>\n<meta property=\"og:locale\" content=\"es_ES\" \/>\n<meta property=\"og:type\" content=\"article\" \/>\n<meta property=\"og:title\" content=\"TRITURADORA LARGA ULTRA CON VELOCIDAD VARIABLE (34840) - MP350UVV-220-1AC - MP350UVV\" \/>\n<meta property=\"og:description\" content=\"Modelo con velocidad variable, Capacidad de la marmita hasta 50 lts Asa ergon\u00f3mica par mayor comodidad de uso. Lengueta en el bloque del motor que puede utilizarse como punto de apoyo y pivote en el borde de un recipiente para facilitar su manipulaci\u00f3n. Sistema de recogida del cable de alimentaci\u00f3n para un guardado m\u00e1s f\u00e1cil y optimizaci\u00f3n de duraci\u00f3n de vida \u00fatil. Cable de alimentaci\u00f3n desmontable Sistema patentado \u00abEasy Plug\u00bb que facilita en caso de aver\u00eda, la sustituci\u00f3n del cable de alimentaci\u00f3n. Cuchilla con revestimiento para asegurar una higiene perfecta. Afilado especialmente estudiado para garantizar una calidad \u00f3ptima de corte y un gran rendimiento. Pie y cuchilla totalmente desmontables, dispositivo exclusivo patentado por Robot-Coupe, para una limpieza f\u00e1cil, una higiene perfecta y un mantenimiento sencillo. Tubo, campana y cuchilla en acero inoxidable. Longitud tubo: 350 mm Potencia: 440 Watts Velocidad: 1500 a 9000 rpm Voltaje: 220-240\/50-60\/1\" \/>\n<meta property=\"og:url\" content=\"https:\/\/frionox.com\/catalogo\/producto\/trituradora-larga-ultra-con-velocidad-variable-34840-mp350uvv-220-1ac-mp350uvv\/\" \/>\n<meta property=\"og:site_name\" content=\"FRIONOX\" \/>\n<meta property=\"article:publisher\" content=\"https:\/\/facebook.com\/frionox.pe\" \/>\n<meta property=\"article:modified_time\" content=\"2026-03-18T20:41:16+00:00\" \/>\n<meta property=\"og:image\" content=\"https:\/\/frionox.com\/catalogo\/wp-content\/uploads\/2020\/04\/MP350UVV.jpg\" \/>\n\t<meta property=\"og:image:width\" content=\"600\" \/>\n\t<meta property=\"og:image:height\" content=\"600\" \/>\n\t<meta property=\"og:image:type\" content=\"image\/jpeg\" \/>\n<meta name=\"twitter:card\" content=\"summary_large_image\" \/>\n<meta name=\"twitter:site\" content=\"@frionoxsac\" \/>\n<meta name=\"twitter:label1\" content=\"Precio\" \/>\n\t<meta name=\"twitter:data1\" content=\"S\/1,557.60\" \/>\n\t<meta name=\"twitter:label2\" content=\"Disponibilidad\" \/>\n\t<meta name=\"twitter:data2\" content=\"Disponible para reservar\" \/>\n<script type=\"application\/ld+json\" class=\"yoast-schema-graph\">{\"@context\":\"https:\/\/schema.org\",\"@graph\":[{\"@type\":\"WebPage\",\"@id\":\"https:\/\/frionox.com\/catalogo\/producto\/trituradora-larga-ultra-con-velocidad-variable-34840-mp350uvv-220-1ac-mp350uvv\/\",\"url\":\"https:\/\/frionox.com\/catalogo\/producto\/trituradora-larga-ultra-con-velocidad-variable-34840-mp350uvv-220-1ac-mp350uvv\/\",\"name\":\"TRITURADORA LARGA ULTRA CON VELOCIDAD VARIABLE (34840) - MP350UVV-220-1AC - MP350UVV - FRIONOX\",\"isPartOf\":{\"@id\":\"https:\/\/frionox.com\/catalogo\/#website\"},\"primaryImageOfPage\":{\"@id\":\"https:\/\/frionox.com\/catalogo\/producto\/trituradora-larga-ultra-con-velocidad-variable-34840-mp350uvv-220-1ac-mp350uvv\/#primaryimage\"},\"image\":{\"@id\":\"https:\/\/frionox.com\/catalogo\/producto\/trituradora-larga-ultra-con-velocidad-variable-34840-mp350uvv-220-1ac-mp350uvv\/#primaryimage\"},\"thumbnailUrl\":\"https:\/\/frionox.com\/catalogo\/wp-content\/uploads\/2020\/04\/MP350UVV.jpg\",\"datePublished\":\"2020-08-09T19:04:35+00:00\",\"dateModified\":\"2026-03-18T20:41:16+00:00\",\"description\":\"Modelo con velocidad variable, Capacidad de la marmita hasta 50 lts Asa ergon\u00f3mica par mayor comodidad de uso. Lengueta en el bloque del motor que puede utilizarse como punto de apoyo y pivote en el borde de un recipiente para facilitar su manipulaci\u00f3n. Sistema de recogida del cable de alimentaci\u00f3n para un guardado m\u00e1s f\u00e1cil y optimizaci\u00f3n de duraci\u00f3n de vida \u00fatil. Cable de alimentaci\u00f3n desmontable Sistema patentado \u00abEasy Plug\u00bb que facilita en caso de aver\u00eda, la sustituci\u00f3n del cable de alimentaci\u00f3n. Cuchilla con revestimiento para asegurar una higiene perfecta. Afilado especialmente estudiado para garantizar una calidad \u00f3ptima de corte y un gran rendimiento. Pie y cuchilla totalmente desmontables, dispositivo exclusivo patentado por Robot-Coupe, para una limpieza f\u00e1cil, una higiene perfecta y un mantenimiento sencillo. Tubo, campana y cuchilla en acero inoxidable. Longitud tubo: 350 mm Potencia: 440 Watts Velocidad: 1500 a 9000 rpm Voltaje: 220-240\/50-60\/1\",\"breadcrumb\":{\"@id\":\"https:\/\/frionox.com\/catalogo\/producto\/trituradora-larga-ultra-con-velocidad-variable-34840-mp350uvv-220-1ac-mp350uvv\/#breadcrumb\"},\"inLanguage\":\"es\",\"potentialAction\":[{\"@type\":\"ReadAction\",\"target\":[\"https:\/\/frionox.com\/catalogo\/producto\/trituradora-larga-ultra-con-velocidad-variable-34840-mp350uvv-220-1ac-mp350uvv\/\"]}]},{\"@type\":\"ImageObject\",\"inLanguage\":\"es\",\"@id\":\"https:\/\/frionox.com\/catalogo\/producto\/trituradora-larga-ultra-con-velocidad-variable-34840-mp350uvv-220-1ac-mp350uvv\/#primaryimage\",\"url\":\"https:\/\/frionox.com\/catalogo\/wp-content\/uploads\/2020\/04\/MP350UVV.jpg\",\"contentUrl\":\"https:\/\/frionox.com\/catalogo\/wp-content\/uploads\/2020\/04\/MP350UVV.jpg\",\"width\":600,\"height\":600},{\"@type\":\"BreadcrumbList\",\"@id\":\"https:\/\/frionox.com\/catalogo\/producto\/trituradora-larga-ultra-con-velocidad-variable-34840-mp350uvv-220-1ac-mp350uvv\/#breadcrumb\",\"itemListElement\":[{\"@type\":\"ListItem\",\"position\":1,\"name\":\"Portada\",\"item\":\"https:\/\/frionox.com\/catalogo\/\"},{\"@type\":\"ListItem\",\"position\":2,\"name\":\"Hornos Industriales, Licuadoras Industriales, Cocinas y m\u00e1s\",\"item\":\"https:\/\/frionox.com\/catalogo\/tienda\/\"},{\"@type\":\"ListItem\",\"position\":3,\"name\":\"TRITURADORA LARGA ULTRA CON VELOCIDAD VARIABLE (34840) &#8211; MP350UVV-220-1AC &#8211; MP350UVV\"}]},{\"@type\":\"WebSite\",\"@id\":\"https:\/\/frionox.com\/catalogo\/#website\",\"url\":\"https:\/\/frionox.com\/catalogo\/\",\"name\":\"FRIONOX\",\"description\":\"Equipamiento de cocinas\",\"publisher\":{\"@id\":\"https:\/\/frionox.com\/catalogo\/#organization\"},\"potentialAction\":[{\"@type\":\"SearchAction\",\"target\":{\"@type\":\"EntryPoint\",\"urlTemplate\":\"https:\/\/frionox.com\/catalogo\/?s={search_term_string}\"},\"query-input\":{\"@type\":\"PropertyValueSpecification\",\"valueRequired\":true,\"valueName\":\"search_term_string\"}}],\"inLanguage\":\"es\"},{\"@type\":[\"Organization\",\"Place\",\"LocalBusiness\"],\"@id\":\"https:\/\/frionox.com\/catalogo\/#organization\",\"name\":\"Frionox Equipamiento de cocinas\",\"url\":\"https:\/\/frionox.com\/catalogo\/\",\"logo\":{\"@id\":\"https:\/\/frionox.com\/catalogo\/producto\/trituradora-larga-ultra-con-velocidad-variable-34840-mp350uvv-220-1ac-mp350uvv\/#local-main-organization-logo\"},\"image\":{\"@id\":\"https:\/\/frionox.com\/catalogo\/producto\/trituradora-larga-ultra-con-velocidad-variable-34840-mp350uvv-220-1ac-mp350uvv\/#local-main-organization-logo\"},\"sameAs\":[\"https:\/\/facebook.com\/frionox.pe\",\"https:\/\/x.com\/frionoxsac\",\"https:\/\/youtube.com\/@FRIONOXEQUIPAMIENTODECOCINA\"],\"address\":{\"@id\":\"https:\/\/frionox.com\/catalogo\/producto\/trituradora-larga-ultra-con-velocidad-variable-34840-mp350uvv-220-1ac-mp350uvv\/#local-main-place-address\"},\"geo\":{\"@type\":\"GeoCoordinates\",\"latitude\":\"-11.980133\",\"longitude\":\"-77.06118200000003\"},\"telephone\":[\"+5115221181\"],\"openingHoursSpecification\":[{\"@type\":\"OpeningHoursSpecification\",\"dayOfWeek\":[\"Monday\",\"Tuesday\",\"Wednesday\",\"Thursday\",\"Friday\",\"Saturday\"],\"opens\":\"08:00\",\"closes\":\"18:00\"},{\"@type\":\"OpeningHoursSpecification\",\"dayOfWeek\":[\"Sunday\"],\"opens\":\"00:00\",\"closes\":\"00:00\"}],\"email\":\"cotizaciones@frionox.com\"},{\"@type\":\"PostalAddress\",\"@id\":\"https:\/\/frionox.com\/catalogo\/producto\/trituradora-larga-ultra-con-velocidad-variable-34840-mp350uvv-220-1ac-mp350uvv\/#local-main-place-address\",\"streetAddress\":\"Av. Oscar R. Benavides 1624\",\"addressLocality\":\"Cercado de Lima\",\"postalCode\":\"15082\",\"addressRegion\":\"Lima\",\"addressCountry\":\"PE\"},{\"@type\":\"ImageObject\",\"inLanguage\":\"es\",\"@id\":\"https:\/\/frionox.com\/catalogo\/producto\/trituradora-larga-ultra-con-velocidad-variable-34840-mp350uvv-220-1ac-mp350uvv\/#local-main-organization-logo\",\"url\":\"https:\/\/frionox.com\/catalogo\/wp-content\/uploads\/2020\/04\/LOGO-MOBILE.png\",\"contentUrl\":\"https:\/\/frionox.com\/catalogo\/wp-content\/uploads\/2020\/04\/LOGO-MOBILE.png\",\"width\":203,\"height\":61,\"caption\":\"Frionox Equipamiento de cocinas\"}]}<\/script>\n<meta property=\"product:price:amount\" content=\"1557.60\" \/>\n<meta property=\"product:price:currency\" content=\"PEN\" \/>\n<meta property=\"og:availability\" content=\"backorder\" \/>\n<meta property=\"product:availability\" content=\"available for order\" \/>\n<meta property=\"product:retailer_item_id\" content=\"MP350UVV\" \/>\n<meta property=\"product:condition\" content=\"new\" \/>\n<meta name=\"geo.placename\" content=\"Cercado de Lima\" \/>\n<meta name=\"geo.position\" content=\"-11.980133;-77.06118200000003\" \/>\n<meta name=\"geo.region\" content=\"Per\u00fa\" \/>\n<!-- \/ Yoast SEO Premium plugin. -->","yoast_head_json":{"title":"TRITURADORA LARGA ULTRA CON VELOCIDAD VARIABLE (34840) - MP350UVV-220-1AC - MP350UVV - FRIONOX","description":"Modelo con velocidad variable, Capacidad de la marmita hasta 50 lts Asa ergon\u00f3mica par mayor comodidad de uso. Lengueta en el bloque del motor que puede utilizarse como punto de apoyo y pivote en el borde de un recipiente para facilitar su manipulaci\u00f3n. Sistema de recogida del cable de alimentaci\u00f3n para un guardado m\u00e1s f\u00e1cil y optimizaci\u00f3n de duraci\u00f3n de vida \u00fatil. Cable de alimentaci\u00f3n desmontable Sistema patentado \u00abEasy Plug\u00bb que facilita en caso de aver\u00eda, la sustituci\u00f3n del cable de alimentaci\u00f3n. Cuchilla con revestimiento para asegurar una higiene perfecta. Afilado especialmente estudiado para garantizar una calidad \u00f3ptima de corte y un gran rendimiento. Pie y cuchilla totalmente desmontables, dispositivo exclusivo patentado por Robot-Coupe, para una limpieza f\u00e1cil, una higiene perfecta y un mantenimiento sencillo. Tubo, campana y cuchilla en acero inoxidable. Longitud tubo: 350 mm Potencia: 440 Watts Velocidad: 1500 a 9000 rpm Voltaje: 220-240\/50-60\/1","robots":{"index":"index","follow":"follow","max-snippet":"max-snippet:-1","max-image-preview":"max-image-preview:large","max-video-preview":"max-video-preview:-1"},"canonical":"https:\/\/frionox.com\/catalogo\/producto\/trituradora-larga-ultra-con-velocidad-variable-34840-mp350uvv-220-1ac-mp350uvv\/","og_locale":"es_ES","og_type":"article","og_title":"TRITURADORA LARGA ULTRA CON VELOCIDAD VARIABLE (34840) - MP350UVV-220-1AC - MP350UVV","og_description":"Modelo con velocidad variable, Capacidad de la marmita hasta 50 lts Asa ergon\u00f3mica par mayor comodidad de uso. Lengueta en el bloque del motor que puede utilizarse como punto de apoyo y pivote en el borde de un recipiente para facilitar su manipulaci\u00f3n. Sistema de recogida del cable de alimentaci\u00f3n para un guardado m\u00e1s f\u00e1cil y optimizaci\u00f3n de duraci\u00f3n de vida \u00fatil. Cable de alimentaci\u00f3n desmontable Sistema patentado \u00abEasy Plug\u00bb que facilita en caso de aver\u00eda, la sustituci\u00f3n del cable de alimentaci\u00f3n. Cuchilla con revestimiento para asegurar una higiene perfecta. Afilado especialmente estudiado para garantizar una calidad \u00f3ptima de corte y un gran rendimiento. Pie y cuchilla totalmente desmontables, dispositivo exclusivo patentado por Robot-Coupe, para una limpieza f\u00e1cil, una higiene perfecta y un mantenimiento sencillo. Tubo, campana y cuchilla en acero inoxidable. Longitud tubo: 350 mm Potencia: 440 Watts Velocidad: 1500 a 9000 rpm Voltaje: 220-240\/50-60\/1","og_url":"https:\/\/frionox.com\/catalogo\/producto\/trituradora-larga-ultra-con-velocidad-variable-34840-mp350uvv-220-1ac-mp350uvv\/","og_site_name":"FRIONOX","article_publisher":"https:\/\/facebook.com\/frionox.pe","article_modified_time":"2026-03-18T20:41:16+00:00","og_image":[{"width":600,"height":600,"url":"https:\/\/frionox.com\/catalogo\/wp-content\/uploads\/2020\/04\/MP350UVV.jpg","type":"image\/jpeg"}],"twitter_card":"summary_large_image","twitter_site":"@frionoxsac","twitter_misc":{"Precio":"S\/1,557.60","Disponibilidad":"Disponible para reservar"},"schema":{"@context":"https:\/\/schema.org","@graph":[{"@type":"WebPage","@id":"https:\/\/frionox.com\/catalogo\/producto\/trituradora-larga-ultra-con-velocidad-variable-34840-mp350uvv-220-1ac-mp350uvv\/","url":"https:\/\/frionox.com\/catalogo\/producto\/trituradora-larga-ultra-con-velocidad-variable-34840-mp350uvv-220-1ac-mp350uvv\/","name":"TRITURADORA LARGA ULTRA CON VELOCIDAD VARIABLE (34840) - MP350UVV-220-1AC - MP350UVV - FRIONOX","isPartOf":{"@id":"https:\/\/frionox.com\/catalogo\/#website"},"primaryImageOfPage":{"@id":"https:\/\/frionox.com\/catalogo\/producto\/trituradora-larga-ultra-con-velocidad-variable-34840-mp350uvv-220-1ac-mp350uvv\/#primaryimage"},"image":{"@id":"https:\/\/frionox.com\/catalogo\/producto\/trituradora-larga-ultra-con-velocidad-variable-34840-mp350uvv-220-1ac-mp350uvv\/#primaryimage"},"thumbnailUrl":"https:\/\/frionox.com\/catalogo\/wp-content\/uploads\/2020\/04\/MP350UVV.jpg","datePublished":"2020-08-09T19:04:35+00:00","dateModified":"2026-03-18T20:41:16+00:00","description":"Modelo con velocidad variable, Capacidad de la marmita hasta 50 lts Asa ergon\u00f3mica par mayor comodidad de uso. Lengueta en el bloque del motor que puede utilizarse como punto de apoyo y pivote en el borde de un recipiente para facilitar su manipulaci\u00f3n. Sistema de recogida del cable de alimentaci\u00f3n para un guardado m\u00e1s f\u00e1cil y optimizaci\u00f3n de duraci\u00f3n de vida \u00fatil. Cable de alimentaci\u00f3n desmontable Sistema patentado \u00abEasy Plug\u00bb que facilita en caso de aver\u00eda, la sustituci\u00f3n del cable de alimentaci\u00f3n. Cuchilla con revestimiento para asegurar una higiene perfecta. Afilado especialmente estudiado para garantizar una calidad \u00f3ptima de corte y un gran rendimiento. Pie y cuchilla totalmente desmontables, dispositivo exclusivo patentado por Robot-Coupe, para una limpieza f\u00e1cil, una higiene perfecta y un mantenimiento sencillo. Tubo, campana y cuchilla en acero inoxidable. Longitud tubo: 350 mm Potencia: 440 Watts Velocidad: 1500 a 9000 rpm Voltaje: 220-240\/50-60\/1","breadcrumb":{"@id":"https:\/\/frionox.com\/catalogo\/producto\/trituradora-larga-ultra-con-velocidad-variable-34840-mp350uvv-220-1ac-mp350uvv\/#breadcrumb"},"inLanguage":"es","potentialAction":[{"@type":"ReadAction","target":["https:\/\/frionox.com\/catalogo\/producto\/trituradora-larga-ultra-con-velocidad-variable-34840-mp350uvv-220-1ac-mp350uvv\/"]}]},{"@type":"ImageObject","inLanguage":"es","@id":"https:\/\/frionox.com\/catalogo\/producto\/trituradora-larga-ultra-con-velocidad-variable-34840-mp350uvv-220-1ac-mp350uvv\/#primaryimage","url":"https:\/\/frionox.com\/catalogo\/wp-content\/uploads\/2020\/04\/MP350UVV.jpg","contentUrl":"https:\/\/frionox.com\/catalogo\/wp-content\/uploads\/2020\/04\/MP350UVV.jpg","width":600,"height":600},{"@type":"BreadcrumbList","@id":"https:\/\/frionox.com\/catalogo\/producto\/trituradora-larga-ultra-con-velocidad-variable-34840-mp350uvv-220-1ac-mp350uvv\/#breadcrumb","itemListElement":[{"@type":"ListItem","position":1,"name":"Portada","item":"https:\/\/frionox.com\/catalogo\/"},{"@type":"ListItem","position":2,"name":"Hornos Industriales, Licuadoras Industriales, Cocinas y m\u00e1s","item":"https:\/\/frionox.com\/catalogo\/tienda\/"},{"@type":"ListItem","position":3,"name":"TRITURADORA LARGA ULTRA CON VELOCIDAD VARIABLE (34840) &#8211; MP350UVV-220-1AC &#8211; MP350UVV"}]},{"@type":"WebSite","@id":"https:\/\/frionox.com\/catalogo\/#website","url":"https:\/\/frionox.com\/catalogo\/","name":"FRIONOX","description":"Equipamiento de cocinas","publisher":{"@id":"https:\/\/frionox.com\/catalogo\/#organization"},"potentialAction":[{"@type":"SearchAction","target":{"@type":"EntryPoint","urlTemplate":"https:\/\/frionox.com\/catalogo\/?s={search_term_string}"},"query-input":{"@type":"PropertyValueSpecification","valueRequired":true,"valueName":"search_term_string"}}],"inLanguage":"es"},{"@type":["Organization","Place","LocalBusiness"],"@id":"https:\/\/frionox.com\/catalogo\/#organization","name":"Frionox Equipamiento de cocinas","url":"https:\/\/frionox.com\/catalogo\/","logo":{"@id":"https:\/\/frionox.com\/catalogo\/producto\/trituradora-larga-ultra-con-velocidad-variable-34840-mp350uvv-220-1ac-mp350uvv\/#local-main-organization-logo"},"image":{"@id":"https:\/\/frionox.com\/catalogo\/producto\/trituradora-larga-ultra-con-velocidad-variable-34840-mp350uvv-220-1ac-mp350uvv\/#local-main-organization-logo"},"sameAs":["https:\/\/facebook.com\/frionox.pe","https:\/\/x.com\/frionoxsac","https:\/\/youtube.com\/@FRIONOXEQUIPAMIENTODECOCINA"],"address":{"@id":"https:\/\/frionox.com\/catalogo\/producto\/trituradora-larga-ultra-con-velocidad-variable-34840-mp350uvv-220-1ac-mp350uvv\/#local-main-place-address"},"geo":{"@type":"GeoCoordinates","latitude":"-11.980133","longitude":"-77.06118200000003"},"telephone":["+5115221181"],"openingHoursSpecification":[{"@type":"OpeningHoursSpecification","dayOfWeek":["Monday","Tuesday","Wednesday","Thursday","Friday","Saturday"],"opens":"08:00","closes":"18:00"},{"@type":"OpeningHoursSpecification","dayOfWeek":["Sunday"],"opens":"00:00","closes":"00:00"}],"email":"cotizaciones@frionox.com"},{"@type":"PostalAddress","@id":"https:\/\/frionox.com\/catalogo\/producto\/trituradora-larga-ultra-con-velocidad-variable-34840-mp350uvv-220-1ac-mp350uvv\/#local-main-place-address","streetAddress":"Av. Oscar R. Benavides 1624","addressLocality":"Cercado de Lima","postalCode":"15082","addressRegion":"Lima","addressCountry":"PE"},{"@type":"ImageObject","inLanguage":"es","@id":"https:\/\/frionox.com\/catalogo\/producto\/trituradora-larga-ultra-con-velocidad-variable-34840-mp350uvv-220-1ac-mp350uvv\/#local-main-organization-logo","url":"https:\/\/frionox.com\/catalogo\/wp-content\/uploads\/2020\/04\/LOGO-MOBILE.png","contentUrl":"https:\/\/frionox.com\/catalogo\/wp-content\/uploads\/2020\/04\/LOGO-MOBILE.png","width":203,"height":61,"caption":"Frionox Equipamiento de cocinas"}]},"product_price_amount":"1557.60","product_price_currency":"PEN","og_availability":"backorder","product_availability":"available for order","product_retailer_item_id":"MP350UVV","product_condition":"new","geo.placename":"Cercado de Lima","geo.position":{"lat":"-11.980133","long":"-77.06118200000003"},"geo.region":"Per\u00fa"},"_links":{"self":[{"href":"https:\/\/frionox.com\/catalogo\/wp-json\/wp\/v2\/product\/15851","targetHints":{"allow":["GET"]}}],"collection":[{"href":"https:\/\/frionox.com\/catalogo\/wp-json\/wp\/v2\/product"}],"about":[{"href":"https:\/\/frionox.com\/catalogo\/wp-json\/wp\/v2\/types\/product"}],"replies":[{"embeddable":true,"href":"https:\/\/frionox.com\/catalogo\/wp-json\/wp\/v2\/comments?post=15851"}],"wp:featuredmedia":[{"embeddable":true,"href":"https:\/\/frionox.com\/catalogo\/wp-json\/wp\/v2\/media\/12431"}],"wp:attachment":[{"href":"https:\/\/frionox.com\/catalogo\/wp-json\/wp\/v2\/media?parent=15851"}],"wp:term":[{"taxonomy":"product_brand","embeddable":true,"href":"https:\/\/frionox.com\/catalogo\/wp-json\/wp\/v2\/product_brand?post=15851"},{"taxonomy":"product_cat","embeddable":true,"href":"https:\/\/frionox.com\/catalogo\/wp-json\/wp\/v2\/product_cat?post=15851"},{"taxonomy":"product_tag","embeddable":true,"href":"https:\/\/frionox.com\/catalogo\/wp-json\/wp\/v2\/product_tag?post=15851"}],"curies":[{"name":"wp","href":"https:\/\/api.w.org\/{rel}","templated":true}]}}