{"id":15849,"date":"2020-08-09T14:04:35","date_gmt":"2020-08-09T19:04:35","guid":{"rendered":"https:\/\/frionox.com\/catalogo\/producto\/extractor-de-jugo-automatico-56104a-j100-ultra-220-1ac-j100-ultra\/"},"modified":"2025-06-23T00:05:48","modified_gmt":"2025-06-23T05:05:48","slug":"extractor-de-jugo-automatico-56104a-j100-ultra-220-1ac-j100-ultra","status":"publish","type":"product","link":"https:\/\/frionox.com\/catalogo\/producto\/extractor-de-jugo-automatico-56104a-j100-ultra-220-1ac-j100-ultra\/","title":{"rendered":"EXTRACTOR DE JUGO AUTOMATICO (56104A) &#8211; J100 ULTRA-220-1AC &#8211; J100 ULTRA"},"content":{"rendered":"<p>Potencia: 1000 W. Voltaje: Monof\u00e1sico 230V. Velocidad: 3000 rpm. Completamente autom\u00e1tica. Gracias a la forma \u00fanica de la tolva, ya no es necesario utilizar el empujador. Por lo tanto, se pueden realizar excelentes zumos en grandes cantidades r\u00e1pidamente y sin esfuerzo. Potente y silencioso. El motor industrial, potente y robusto gira a 3000 rpm, lo que reduce la oxidaci\u00f3n de los zumos. Los zumos obtenidos son homog\u00e9neos y sabrosos. Altura \u00fatil de la m\u00e1quina: 256 mm se utiliza para colocar un tanque de Blender debajo de la boquilla. La licuadora J 100 Ultra ofrece dos posibilidades de uso: 1. Evacuaci\u00f3n continua de los residuos. Conducto de evacuaci\u00f3n que permite la expulsi\u00f3n de los residuos en flujo continuo, directamente bajo la mesa de trabajo. 2. Evacuaci\u00f3n de los residuos al recipiente. Recipiente para residuos de gran capacidad: 7,2 litros. Gran capacidad del recipiente para pulpa encaja perfectamente bajo el canal de descarga para evitar salpicaduras en la encimera.<\/p>\n","protected":false},"excerpt":{"rendered":"<p>Potencia: 1000 W. Voltaje: Monof\u00e1sico 230V. Velocidad: 3000 rpm. Completamente autom\u00e1tica. Gracias a la forma \u00fanica de la tolva, ya no es necesario utilizar el empujador. Por lo tanto, se pueden realizar excelentes zumos en grandes cantidades r\u00e1pidamente y sin esfuerzo. Potente y silencioso. El motor industrial, potente y robusto gira a 3000 rpm, lo que reduce la oxidaci\u00f3n de los zumos. Los zumos obtenidos son homog\u00e9neos y sabrosos. Altura \u00fatil de la m\u00e1quina: 256 mm se utiliza para colocar un tanque de Blender debajo de la boquilla. La licuadora J 100 Ultra ofrece dos posibilidades de uso: 1. Evacuaci\u00f3n continua de los residuos. Conducto de evacuaci\u00f3n que permite la expulsi\u00f3n de los residuos en flujo continuo, directamente bajo la mesa de trabajo. 2. Evacuaci\u00f3n de los residuos al recipiente. Recipiente para residuos de gran capacidad: 7,2 litros. Gran capacidad del recipiente para pulpa encaja perfectamente bajo el canal de descarga para evitar salpicaduras en la encimera.<\/p>\n","protected":false},"featured_media":12302,"comment_status":"open","ping_status":"closed","template":"","meta":[],"product_brand":[],"product_cat":[332],"product_tag":[2040],"class_list":{"0":"post-15849","1":"product","2":"type-product","3":"status-publish","4":"has-post-thumbnail","6":"product_cat-uncategorized","7":"product_tag-extractor-de-jugo-automatico-56104a-j100-ultra-220-1ac","8":"pa_marcas-robot-coupe","10":"first","11":"onbackorder","12":"shipping-taxable","13":"purchasable","14":"product-type-simple"},"yoast_head":"<!-- This site is optimized with the Yoast SEO Premium plugin v27.1 (Yoast SEO v27.1.1) - https:\/\/yoast.com\/product\/yoast-seo-premium-wordpress\/ -->\n<title>EXTRACTOR DE JUGO AUTOMATICO (56104A) - J100 ULTRA-220-1AC - J100 ULTRA - FRIONOX<\/title>\n<meta name=\"description\" content=\"Potencia: 1000 W. Voltaje: Monof\u00e1sico 230V. Velocidad: 3000 rpm. Completamente autom\u00e1tica. Gracias a la forma \u00fanica de la tolva, ya no es necesario utilizar el empujador. Por lo tanto, se pueden realizar excelentes zumos en grandes cantidades r\u00e1pidamente y sin esfuerzo. Potente y silencioso. El motor industrial, potente y robusto gira a 3000 rpm, lo que reduce la oxidaci\u00f3n de los zumos. Los zumos obtenidos son homog\u00e9neos y sabrosos. Altura \u00fatil de la m\u00e1quina: 256 mm se utiliza para colocar un tanque de Blender debajo de la boquilla. La licuadora J 100 Ultra ofrece dos posibilidades de uso: 1. Evacuaci\u00f3n continua de los residuos. Conducto de evacuaci\u00f3n que permite la expulsi\u00f3n de los residuos en flujo continuo, directamente bajo la mesa de trabajo. 2. Evacuaci\u00f3n de los residuos al recipiente. Recipiente para residuos de gran capacidad: 7,2 litros. Gran capacidad del recipiente para pulpa encaja perfectamente bajo el canal de descarga para evitar salpicaduras en la encimera.\" \/>\n<meta name=\"robots\" content=\"index, follow, max-snippet:-1, max-image-preview:large, max-video-preview:-1\" \/>\n<link rel=\"canonical\" href=\"https:\/\/frionox.com\/catalogo\/producto\/extractor-de-jugo-automatico-56104a-j100-ultra-220-1ac-j100-ultra\/\" \/>\n<meta property=\"og:locale\" content=\"es_ES\" \/>\n<meta property=\"og:type\" content=\"article\" \/>\n<meta property=\"og:title\" content=\"EXTRACTOR DE JUGO AUTOMATICO (56104A) - J100 ULTRA-220-1AC - J100 ULTRA\" \/>\n<meta property=\"og:description\" content=\"Potencia: 1000 W. Voltaje: Monof\u00e1sico 230V. Velocidad: 3000 rpm. Completamente autom\u00e1tica. Gracias a la forma \u00fanica de la tolva, ya no es necesario utilizar el empujador. Por lo tanto, se pueden realizar excelentes zumos en grandes cantidades r\u00e1pidamente y sin esfuerzo. Potente y silencioso. El motor industrial, potente y robusto gira a 3000 rpm, lo que reduce la oxidaci\u00f3n de los zumos. Los zumos obtenidos son homog\u00e9neos y sabrosos. Altura \u00fatil de la m\u00e1quina: 256 mm se utiliza para colocar un tanque de Blender debajo de la boquilla. La licuadora J 100 Ultra ofrece dos posibilidades de uso: 1. Evacuaci\u00f3n continua de los residuos. Conducto de evacuaci\u00f3n que permite la expulsi\u00f3n de los residuos en flujo continuo, directamente bajo la mesa de trabajo. 2. Evacuaci\u00f3n de los residuos al recipiente. Recipiente para residuos de gran capacidad: 7,2 litros. Gran capacidad del recipiente para pulpa encaja perfectamente bajo el canal de descarga para evitar salpicaduras en la encimera.\" \/>\n<meta property=\"og:url\" content=\"https:\/\/frionox.com\/catalogo\/producto\/extractor-de-jugo-automatico-56104a-j100-ultra-220-1ac-j100-ultra\/\" \/>\n<meta property=\"og:site_name\" content=\"FRIONOX\" \/>\n<meta property=\"article:publisher\" content=\"https:\/\/facebook.com\/frionox.pe\" \/>\n<meta property=\"article:modified_time\" content=\"2025-06-23T05:05:48+00:00\" \/>\n<meta property=\"og:image\" content=\"https:\/\/frionox.com\/catalogo\/wp-content\/uploads\/2020\/04\/J100-ULTRA.jpg\" \/>\n\t<meta property=\"og:image:width\" content=\"600\" \/>\n\t<meta property=\"og:image:height\" content=\"600\" \/>\n\t<meta property=\"og:image:type\" content=\"image\/jpeg\" \/>\n<meta name=\"twitter:card\" content=\"summary_large_image\" \/>\n<meta name=\"twitter:site\" content=\"@frionoxsac\" \/>\n<meta name=\"twitter:label1\" content=\"Precio\" \/>\n\t<meta name=\"twitter:data1\" content=\"S\/2,876.91\" \/>\n\t<meta name=\"twitter:label2\" content=\"Disponibilidad\" \/>\n\t<meta name=\"twitter:data2\" content=\"Disponible para reservar\" \/>\n<script type=\"application\/ld+json\" class=\"yoast-schema-graph\">{\"@context\":\"https:\/\/schema.org\",\"@graph\":[{\"@type\":\"WebPage\",\"@id\":\"https:\/\/frionox.com\/catalogo\/producto\/extractor-de-jugo-automatico-56104a-j100-ultra-220-1ac-j100-ultra\/\",\"url\":\"https:\/\/frionox.com\/catalogo\/producto\/extractor-de-jugo-automatico-56104a-j100-ultra-220-1ac-j100-ultra\/\",\"name\":\"EXTRACTOR DE JUGO AUTOMATICO (56104A) - J100 ULTRA-220-1AC - J100 ULTRA - FRIONOX\",\"isPartOf\":{\"@id\":\"https:\/\/frionox.com\/catalogo\/#website\"},\"primaryImageOfPage\":{\"@id\":\"https:\/\/frionox.com\/catalogo\/producto\/extractor-de-jugo-automatico-56104a-j100-ultra-220-1ac-j100-ultra\/#primaryimage\"},\"image\":{\"@id\":\"https:\/\/frionox.com\/catalogo\/producto\/extractor-de-jugo-automatico-56104a-j100-ultra-220-1ac-j100-ultra\/#primaryimage\"},\"thumbnailUrl\":\"https:\/\/frionox.com\/catalogo\/wp-content\/uploads\/2020\/04\/J100-ULTRA.jpg\",\"datePublished\":\"2020-08-09T19:04:35+00:00\",\"dateModified\":\"2025-06-23T05:05:48+00:00\",\"description\":\"Potencia: 1000 W. Voltaje: Monof\u00e1sico 230V. Velocidad: 3000 rpm. Completamente autom\u00e1tica. Gracias a la forma \u00fanica de la tolva, ya no es necesario utilizar el empujador. Por lo tanto, se pueden realizar excelentes zumos en grandes cantidades r\u00e1pidamente y sin esfuerzo. Potente y silencioso. El motor industrial, potente y robusto gira a 3000 rpm, lo que reduce la oxidaci\u00f3n de los zumos. Los zumos obtenidos son homog\u00e9neos y sabrosos. Altura \u00fatil de la m\u00e1quina: 256 mm se utiliza para colocar un tanque de Blender debajo de la boquilla. La licuadora J 100 Ultra ofrece dos posibilidades de uso: 1. Evacuaci\u00f3n continua de los residuos. Conducto de evacuaci\u00f3n que permite la expulsi\u00f3n de los residuos en flujo continuo, directamente bajo la mesa de trabajo. 2. Evacuaci\u00f3n de los residuos al recipiente. Recipiente para residuos de gran capacidad: 7,2 litros. Gran capacidad del recipiente para pulpa encaja perfectamente bajo el canal de descarga para evitar salpicaduras en la encimera.\",\"breadcrumb\":{\"@id\":\"https:\/\/frionox.com\/catalogo\/producto\/extractor-de-jugo-automatico-56104a-j100-ultra-220-1ac-j100-ultra\/#breadcrumb\"},\"inLanguage\":\"es\",\"potentialAction\":[{\"@type\":\"ReadAction\",\"target\":[\"https:\/\/frionox.com\/catalogo\/producto\/extractor-de-jugo-automatico-56104a-j100-ultra-220-1ac-j100-ultra\/\"]}]},{\"@type\":\"ImageObject\",\"inLanguage\":\"es\",\"@id\":\"https:\/\/frionox.com\/catalogo\/producto\/extractor-de-jugo-automatico-56104a-j100-ultra-220-1ac-j100-ultra\/#primaryimage\",\"url\":\"https:\/\/frionox.com\/catalogo\/wp-content\/uploads\/2020\/04\/J100-ULTRA.jpg\",\"contentUrl\":\"https:\/\/frionox.com\/catalogo\/wp-content\/uploads\/2020\/04\/J100-ULTRA.jpg\",\"width\":600,\"height\":600},{\"@type\":\"BreadcrumbList\",\"@id\":\"https:\/\/frionox.com\/catalogo\/producto\/extractor-de-jugo-automatico-56104a-j100-ultra-220-1ac-j100-ultra\/#breadcrumb\",\"itemListElement\":[{\"@type\":\"ListItem\",\"position\":1,\"name\":\"Portada\",\"item\":\"https:\/\/frionox.com\/catalogo\/\"},{\"@type\":\"ListItem\",\"position\":2,\"name\":\"Hornos Industriales, Licuadoras Industriales, Cocinas y m\u00e1s\",\"item\":\"https:\/\/frionox.com\/catalogo\/tienda\/\"},{\"@type\":\"ListItem\",\"position\":3,\"name\":\"EXTRACTOR DE JUGO AUTOMATICO (56104A) &#8211; J100 ULTRA-220-1AC &#8211; J100 ULTRA\"}]},{\"@type\":\"WebSite\",\"@id\":\"https:\/\/frionox.com\/catalogo\/#website\",\"url\":\"https:\/\/frionox.com\/catalogo\/\",\"name\":\"FRIONOX\",\"description\":\"Equipamiento de cocinas\",\"publisher\":{\"@id\":\"https:\/\/frionox.com\/catalogo\/#organization\"},\"potentialAction\":[{\"@type\":\"SearchAction\",\"target\":{\"@type\":\"EntryPoint\",\"urlTemplate\":\"https:\/\/frionox.com\/catalogo\/?s={search_term_string}\"},\"query-input\":{\"@type\":\"PropertyValueSpecification\",\"valueRequired\":true,\"valueName\":\"search_term_string\"}}],\"inLanguage\":\"es\"},{\"@type\":[\"Organization\",\"Place\",\"LocalBusiness\"],\"@id\":\"https:\/\/frionox.com\/catalogo\/#organization\",\"name\":\"Frionox Equipamiento de cocinas\",\"url\":\"https:\/\/frionox.com\/catalogo\/\",\"logo\":{\"@id\":\"https:\/\/frionox.com\/catalogo\/producto\/extractor-de-jugo-automatico-56104a-j100-ultra-220-1ac-j100-ultra\/#local-main-organization-logo\"},\"image\":{\"@id\":\"https:\/\/frionox.com\/catalogo\/producto\/extractor-de-jugo-automatico-56104a-j100-ultra-220-1ac-j100-ultra\/#local-main-organization-logo\"},\"sameAs\":[\"https:\/\/facebook.com\/frionox.pe\",\"https:\/\/x.com\/frionoxsac\",\"https:\/\/youtube.com\/@FRIONOXEQUIPAMIENTODECOCINA\"],\"address\":{\"@id\":\"https:\/\/frionox.com\/catalogo\/producto\/extractor-de-jugo-automatico-56104a-j100-ultra-220-1ac-j100-ultra\/#local-main-place-address\"},\"geo\":{\"@type\":\"GeoCoordinates\",\"latitude\":\"-11.980133\",\"longitude\":\"-77.06118200000003\"},\"telephone\":[\"+5115221181\"],\"openingHoursSpecification\":[{\"@type\":\"OpeningHoursSpecification\",\"dayOfWeek\":[\"Monday\",\"Tuesday\",\"Wednesday\",\"Thursday\",\"Friday\",\"Saturday\"],\"opens\":\"08:00\",\"closes\":\"18:00\"},{\"@type\":\"OpeningHoursSpecification\",\"dayOfWeek\":[\"Sunday\"],\"opens\":\"00:00\",\"closes\":\"00:00\"}],\"email\":\"cotizaciones@frionox.com\"},{\"@type\":\"PostalAddress\",\"@id\":\"https:\/\/frionox.com\/catalogo\/producto\/extractor-de-jugo-automatico-56104a-j100-ultra-220-1ac-j100-ultra\/#local-main-place-address\",\"streetAddress\":\"Av. Oscar R. Benavides 1624\",\"addressLocality\":\"Cercado de Lima\",\"postalCode\":\"15082\",\"addressRegion\":\"Lima\",\"addressCountry\":\"PE\"},{\"@type\":\"ImageObject\",\"inLanguage\":\"es\",\"@id\":\"https:\/\/frionox.com\/catalogo\/producto\/extractor-de-jugo-automatico-56104a-j100-ultra-220-1ac-j100-ultra\/#local-main-organization-logo\",\"url\":\"https:\/\/frionox.com\/catalogo\/wp-content\/uploads\/2020\/04\/LOGO-MOBILE.png\",\"contentUrl\":\"https:\/\/frionox.com\/catalogo\/wp-content\/uploads\/2020\/04\/LOGO-MOBILE.png\",\"width\":203,\"height\":61,\"caption\":\"Frionox Equipamiento de cocinas\"}]}<\/script>\n<meta property=\"product:price:amount\" content=\"2876.91\" \/>\n<meta property=\"product:price:currency\" content=\"PEN\" \/>\n<meta property=\"og:availability\" content=\"backorder\" \/>\n<meta property=\"product:availability\" content=\"available for order\" \/>\n<meta property=\"product:retailer_item_id\" content=\"J100 ULTRA\" \/>\n<meta property=\"product:condition\" content=\"new\" \/>\n<meta name=\"geo.placename\" content=\"Cercado de Lima\" \/>\n<meta name=\"geo.position\" content=\"-11.980133;-77.06118200000003\" \/>\n<meta name=\"geo.region\" content=\"Per\u00fa\" \/>\n<!-- \/ Yoast SEO Premium plugin. -->","yoast_head_json":{"title":"EXTRACTOR DE JUGO AUTOMATICO (56104A) - J100 ULTRA-220-1AC - J100 ULTRA - FRIONOX","description":"Potencia: 1000 W. Voltaje: Monof\u00e1sico 230V. Velocidad: 3000 rpm. Completamente autom\u00e1tica. Gracias a la forma \u00fanica de la tolva, ya no es necesario utilizar el empujador. Por lo tanto, se pueden realizar excelentes zumos en grandes cantidades r\u00e1pidamente y sin esfuerzo. Potente y silencioso. El motor industrial, potente y robusto gira a 3000 rpm, lo que reduce la oxidaci\u00f3n de los zumos. Los zumos obtenidos son homog\u00e9neos y sabrosos. Altura \u00fatil de la m\u00e1quina: 256 mm se utiliza para colocar un tanque de Blender debajo de la boquilla. La licuadora J 100 Ultra ofrece dos posibilidades de uso: 1. Evacuaci\u00f3n continua de los residuos. Conducto de evacuaci\u00f3n que permite la expulsi\u00f3n de los residuos en flujo continuo, directamente bajo la mesa de trabajo. 2. Evacuaci\u00f3n de los residuos al recipiente. Recipiente para residuos de gran capacidad: 7,2 litros. Gran capacidad del recipiente para pulpa encaja perfectamente bajo el canal de descarga para evitar salpicaduras en la encimera.","robots":{"index":"index","follow":"follow","max-snippet":"max-snippet:-1","max-image-preview":"max-image-preview:large","max-video-preview":"max-video-preview:-1"},"canonical":"https:\/\/frionox.com\/catalogo\/producto\/extractor-de-jugo-automatico-56104a-j100-ultra-220-1ac-j100-ultra\/","og_locale":"es_ES","og_type":"article","og_title":"EXTRACTOR DE JUGO AUTOMATICO (56104A) - J100 ULTRA-220-1AC - J100 ULTRA","og_description":"Potencia: 1000 W. Voltaje: Monof\u00e1sico 230V. Velocidad: 3000 rpm. Completamente autom\u00e1tica. Gracias a la forma \u00fanica de la tolva, ya no es necesario utilizar el empujador. Por lo tanto, se pueden realizar excelentes zumos en grandes cantidades r\u00e1pidamente y sin esfuerzo. Potente y silencioso. El motor industrial, potente y robusto gira a 3000 rpm, lo que reduce la oxidaci\u00f3n de los zumos. Los zumos obtenidos son homog\u00e9neos y sabrosos. Altura \u00fatil de la m\u00e1quina: 256 mm se utiliza para colocar un tanque de Blender debajo de la boquilla. La licuadora J 100 Ultra ofrece dos posibilidades de uso: 1. Evacuaci\u00f3n continua de los residuos. Conducto de evacuaci\u00f3n que permite la expulsi\u00f3n de los residuos en flujo continuo, directamente bajo la mesa de trabajo. 2. Evacuaci\u00f3n de los residuos al recipiente. Recipiente para residuos de gran capacidad: 7,2 litros. Gran capacidad del recipiente para pulpa encaja perfectamente bajo el canal de descarga para evitar salpicaduras en la encimera.","og_url":"https:\/\/frionox.com\/catalogo\/producto\/extractor-de-jugo-automatico-56104a-j100-ultra-220-1ac-j100-ultra\/","og_site_name":"FRIONOX","article_publisher":"https:\/\/facebook.com\/frionox.pe","article_modified_time":"2025-06-23T05:05:48+00:00","og_image":[{"width":600,"height":600,"url":"https:\/\/frionox.com\/catalogo\/wp-content\/uploads\/2020\/04\/J100-ULTRA.jpg","type":"image\/jpeg"}],"twitter_card":"summary_large_image","twitter_site":"@frionoxsac","twitter_misc":{"Precio":"S\/2,876.91","Disponibilidad":"Disponible para reservar"},"schema":{"@context":"https:\/\/schema.org","@graph":[{"@type":"WebPage","@id":"https:\/\/frionox.com\/catalogo\/producto\/extractor-de-jugo-automatico-56104a-j100-ultra-220-1ac-j100-ultra\/","url":"https:\/\/frionox.com\/catalogo\/producto\/extractor-de-jugo-automatico-56104a-j100-ultra-220-1ac-j100-ultra\/","name":"EXTRACTOR DE JUGO AUTOMATICO (56104A) - J100 ULTRA-220-1AC - J100 ULTRA - FRIONOX","isPartOf":{"@id":"https:\/\/frionox.com\/catalogo\/#website"},"primaryImageOfPage":{"@id":"https:\/\/frionox.com\/catalogo\/producto\/extractor-de-jugo-automatico-56104a-j100-ultra-220-1ac-j100-ultra\/#primaryimage"},"image":{"@id":"https:\/\/frionox.com\/catalogo\/producto\/extractor-de-jugo-automatico-56104a-j100-ultra-220-1ac-j100-ultra\/#primaryimage"},"thumbnailUrl":"https:\/\/frionox.com\/catalogo\/wp-content\/uploads\/2020\/04\/J100-ULTRA.jpg","datePublished":"2020-08-09T19:04:35+00:00","dateModified":"2025-06-23T05:05:48+00:00","description":"Potencia: 1000 W. Voltaje: Monof\u00e1sico 230V. Velocidad: 3000 rpm. Completamente autom\u00e1tica. Gracias a la forma \u00fanica de la tolva, ya no es necesario utilizar el empujador. Por lo tanto, se pueden realizar excelentes zumos en grandes cantidades r\u00e1pidamente y sin esfuerzo. Potente y silencioso. El motor industrial, potente y robusto gira a 3000 rpm, lo que reduce la oxidaci\u00f3n de los zumos. Los zumos obtenidos son homog\u00e9neos y sabrosos. Altura \u00fatil de la m\u00e1quina: 256 mm se utiliza para colocar un tanque de Blender debajo de la boquilla. La licuadora J 100 Ultra ofrece dos posibilidades de uso: 1. Evacuaci\u00f3n continua de los residuos. Conducto de evacuaci\u00f3n que permite la expulsi\u00f3n de los residuos en flujo continuo, directamente bajo la mesa de trabajo. 2. Evacuaci\u00f3n de los residuos al recipiente. Recipiente para residuos de gran capacidad: 7,2 litros. Gran capacidad del recipiente para pulpa encaja perfectamente bajo el canal de descarga para evitar salpicaduras en la encimera.","breadcrumb":{"@id":"https:\/\/frionox.com\/catalogo\/producto\/extractor-de-jugo-automatico-56104a-j100-ultra-220-1ac-j100-ultra\/#breadcrumb"},"inLanguage":"es","potentialAction":[{"@type":"ReadAction","target":["https:\/\/frionox.com\/catalogo\/producto\/extractor-de-jugo-automatico-56104a-j100-ultra-220-1ac-j100-ultra\/"]}]},{"@type":"ImageObject","inLanguage":"es","@id":"https:\/\/frionox.com\/catalogo\/producto\/extractor-de-jugo-automatico-56104a-j100-ultra-220-1ac-j100-ultra\/#primaryimage","url":"https:\/\/frionox.com\/catalogo\/wp-content\/uploads\/2020\/04\/J100-ULTRA.jpg","contentUrl":"https:\/\/frionox.com\/catalogo\/wp-content\/uploads\/2020\/04\/J100-ULTRA.jpg","width":600,"height":600},{"@type":"BreadcrumbList","@id":"https:\/\/frionox.com\/catalogo\/producto\/extractor-de-jugo-automatico-56104a-j100-ultra-220-1ac-j100-ultra\/#breadcrumb","itemListElement":[{"@type":"ListItem","position":1,"name":"Portada","item":"https:\/\/frionox.com\/catalogo\/"},{"@type":"ListItem","position":2,"name":"Hornos Industriales, Licuadoras Industriales, Cocinas y m\u00e1s","item":"https:\/\/frionox.com\/catalogo\/tienda\/"},{"@type":"ListItem","position":3,"name":"EXTRACTOR DE JUGO AUTOMATICO (56104A) &#8211; J100 ULTRA-220-1AC &#8211; J100 ULTRA"}]},{"@type":"WebSite","@id":"https:\/\/frionox.com\/catalogo\/#website","url":"https:\/\/frionox.com\/catalogo\/","name":"FRIONOX","description":"Equipamiento de cocinas","publisher":{"@id":"https:\/\/frionox.com\/catalogo\/#organization"},"potentialAction":[{"@type":"SearchAction","target":{"@type":"EntryPoint","urlTemplate":"https:\/\/frionox.com\/catalogo\/?s={search_term_string}"},"query-input":{"@type":"PropertyValueSpecification","valueRequired":true,"valueName":"search_term_string"}}],"inLanguage":"es"},{"@type":["Organization","Place","LocalBusiness"],"@id":"https:\/\/frionox.com\/catalogo\/#organization","name":"Frionox Equipamiento de cocinas","url":"https:\/\/frionox.com\/catalogo\/","logo":{"@id":"https:\/\/frionox.com\/catalogo\/producto\/extractor-de-jugo-automatico-56104a-j100-ultra-220-1ac-j100-ultra\/#local-main-organization-logo"},"image":{"@id":"https:\/\/frionox.com\/catalogo\/producto\/extractor-de-jugo-automatico-56104a-j100-ultra-220-1ac-j100-ultra\/#local-main-organization-logo"},"sameAs":["https:\/\/facebook.com\/frionox.pe","https:\/\/x.com\/frionoxsac","https:\/\/youtube.com\/@FRIONOXEQUIPAMIENTODECOCINA"],"address":{"@id":"https:\/\/frionox.com\/catalogo\/producto\/extractor-de-jugo-automatico-56104a-j100-ultra-220-1ac-j100-ultra\/#local-main-place-address"},"geo":{"@type":"GeoCoordinates","latitude":"-11.980133","longitude":"-77.06118200000003"},"telephone":["+5115221181"],"openingHoursSpecification":[{"@type":"OpeningHoursSpecification","dayOfWeek":["Monday","Tuesday","Wednesday","Thursday","Friday","Saturday"],"opens":"08:00","closes":"18:00"},{"@type":"OpeningHoursSpecification","dayOfWeek":["Sunday"],"opens":"00:00","closes":"00:00"}],"email":"cotizaciones@frionox.com"},{"@type":"PostalAddress","@id":"https:\/\/frionox.com\/catalogo\/producto\/extractor-de-jugo-automatico-56104a-j100-ultra-220-1ac-j100-ultra\/#local-main-place-address","streetAddress":"Av. Oscar R. Benavides 1624","addressLocality":"Cercado de Lima","postalCode":"15082","addressRegion":"Lima","addressCountry":"PE"},{"@type":"ImageObject","inLanguage":"es","@id":"https:\/\/frionox.com\/catalogo\/producto\/extractor-de-jugo-automatico-56104a-j100-ultra-220-1ac-j100-ultra\/#local-main-organization-logo","url":"https:\/\/frionox.com\/catalogo\/wp-content\/uploads\/2020\/04\/LOGO-MOBILE.png","contentUrl":"https:\/\/frionox.com\/catalogo\/wp-content\/uploads\/2020\/04\/LOGO-MOBILE.png","width":203,"height":61,"caption":"Frionox Equipamiento de cocinas"}]},"product_price_amount":"2876.91","product_price_currency":"PEN","og_availability":"backorder","product_availability":"available for order","product_retailer_item_id":"J100 ULTRA","product_condition":"new","geo.placename":"Cercado de Lima","geo.position":{"lat":"-11.980133","long":"-77.06118200000003"},"geo.region":"Per\u00fa"},"_links":{"self":[{"href":"https:\/\/frionox.com\/catalogo\/wp-json\/wp\/v2\/product\/15849","targetHints":{"allow":["GET"]}}],"collection":[{"href":"https:\/\/frionox.com\/catalogo\/wp-json\/wp\/v2\/product"}],"about":[{"href":"https:\/\/frionox.com\/catalogo\/wp-json\/wp\/v2\/types\/product"}],"replies":[{"embeddable":true,"href":"https:\/\/frionox.com\/catalogo\/wp-json\/wp\/v2\/comments?post=15849"}],"wp:featuredmedia":[{"embeddable":true,"href":"https:\/\/frionox.com\/catalogo\/wp-json\/wp\/v2\/media\/12302"}],"wp:attachment":[{"href":"https:\/\/frionox.com\/catalogo\/wp-json\/wp\/v2\/media?parent=15849"}],"wp:term":[{"taxonomy":"product_brand","embeddable":true,"href":"https:\/\/frionox.com\/catalogo\/wp-json\/wp\/v2\/product_brand?post=15849"},{"taxonomy":"product_cat","embeddable":true,"href":"https:\/\/frionox.com\/catalogo\/wp-json\/wp\/v2\/product_cat?post=15849"},{"taxonomy":"product_tag","embeddable":true,"href":"https:\/\/frionox.com\/catalogo\/wp-json\/wp\/v2\/product_tag?post=15849"}],"curies":[{"name":"wp","href":"https:\/\/api.w.org\/{rel}","templated":true}]}}