{"id":15846,"date":"2020-08-09T14:04:34","date_gmt":"2020-08-09T19:04:34","guid":{"rendered":"https:\/\/frionox.com\/catalogo\/producto\/procesador-de-alimentos-automatico-lev-2-tolvas-2326-cl60e-380-3ac-cl60e-380-3ac\/"},"modified":"2024-11-26T15:41:31","modified_gmt":"2024-11-26T20:41:31","slug":"procesador-de-alimentos-automatico-lev-2-tolvas-2326-cl60e-380-3ac-cl60e-380-3ac","status":"publish","type":"product","link":"https:\/\/frionox.com\/catalogo\/producto\/procesador-de-alimentos-automatico-lev-2-tolvas-2326-cl60e-380-3ac-cl60e-380-3ac\/","title":{"rendered":"PROCESADOR DE ALIMENTOS AUTOMATICO + LEV 2 TOLVAS (2326)- CL60E-380-3AC &#8211; CL60E-380-3AC"},"content":{"rendered":"<p>El conducto autom\u00e1tico combina simult\u00e1neamente la calidad de corte y los grandes rendimientos. Este conducto est\u00e1 especialmente dise\u00f1ado para rallar zanahorias, cortar rodajas y hacer dados de patata. Nueva tolva con palanca (superficie: 227 cm\u00b2), especialmente dise\u00f1ada para preparar verduras voluminosas, con tubo integrado (\u00d8 58 mm) que permite preparar verduras largas y fr\u00e1giles. La palanca instalada en el conducto ha sido estudiada para permitir una utilizaci\u00f3n sencilla y un esfuerzo m\u00ednimo por parte del usuario. Bloque motor fabricado \u00edntegramente en acero inoxidable. Estructura s\u00f3lida para una utilizaci\u00f3n intensiva de la m\u00e1quina. Inclinaci\u00f3n de las tolvas alineada con el bloque motor para reducir el espacio ocupado y lograr una mejor utilizaci\u00f3n. Gracias a su tama\u00f1o razo\u00acnable, a sus dos ruedas y al asa, la m\u00e1quina se puede desplazar f\u00e1cilmente. Velocidad: 375 y 750 rpm Rendimientos pr\u00e1cticos: 600 kg\/h Rendimientos te\u00f3ricos: 1800 kg\/h N\u00famero de cubiertos: 300-3000 Potencia el\u00e9ctrica: 1500W Voltaje:380V\/60Hz\/3AC<\/p>\n","protected":false},"excerpt":{"rendered":"<p>El conducto autom\u00e1tico combina simult\u00e1neamente la calidad de corte y los grandes rendimientos. Este conducto est\u00e1 especialmente dise\u00f1ado para rallar zanahorias, cortar rodajas y hacer dados de patata. Nueva tolva con palanca (superficie: 227 cm\u00b2), especialmente dise\u00f1ada para preparar verduras voluminosas, con tubo integrado (\u00d8 58 mm) que permite preparar verduras largas y fr\u00e1giles. La palanca instalada en el conducto ha sido estudiada para permitir una utilizaci\u00f3n sencilla y un esfuerzo m\u00ednimo por parte del usuario. Bloque motor fabricado \u00edntegramente en acero inoxidable. Estructura s\u00f3lida para una utilizaci\u00f3n intensiva de la m\u00e1quina. Inclinaci\u00f3n de las tolvas alineada con el bloque motor para reducir el espacio ocupado y lograr una mejor utilizaci\u00f3n. Gracias a su tama\u00f1o razo\u00acnable, a sus dos ruedas y al asa, la m\u00e1quina se puede desplazar f\u00e1cilmente. Velocidad: 375 y 750 rpm Rendimientos pr\u00e1cticos: 600 kg\/h Rendimientos te\u00f3ricos: 1800 kg\/h N\u00famero de cubiertos: 300-3000 Potencia el\u00e9ctrica: 1500W Voltaje:380V\/60Hz\/3AC<\/p>\n","protected":false},"featured_media":12141,"comment_status":"open","ping_status":"closed","template":"","meta":[],"product_brand":[],"product_cat":[111],"product_tag":[2036],"class_list":{"0":"post-15846","1":"product","2":"type-product","3":"status-publish","4":"has-post-thumbnail","6":"product_cat-procesadores-de-alimentos","7":"product_tag-procesador-de-alimentos-automatico-lev-2-tolvas-2326-cl60e-380-3ac","8":"pa_marcas-robot-coupe","10":"first","11":"onbackorder","12":"shipping-taxable","13":"purchasable","14":"product-type-simple"},"yoast_head":"<!-- This site is optimized with the Yoast SEO Premium plugin v27.1 (Yoast SEO v27.1.1) - https:\/\/yoast.com\/product\/yoast-seo-premium-wordpress\/ -->\n<title>PROCESADOR DE ALIMENTOS AUTOMATICO + LEV 2 TOLVAS (2326)- CL60E-380-3AC - CL60E-380-3AC - FRIONOX<\/title>\n<meta name=\"description\" content=\"El conducto autom\u00e1tico combina simult\u00e1neamente la calidad de corte y los grandes rendimientos. Este conducto est\u00e1 especialmente dise\u00f1ado para rallar zanahorias, cortar rodajas y hacer dados de patata. Nueva tolva con palanca (superficie: 227 cm\u00b2), especialmente dise\u00f1ada para preparar verduras voluminosas, con tubo integrado (\u00d8 58 mm) que permite preparar verduras largas y fr\u00e1giles. La palanca instalada en el conducto ha sido estudiada para permitir una utilizaci\u00f3n sencilla y un esfuerzo m\u00ednimo por parte del usuario. Bloque motor fabricado \u00edntegramente en acero inoxidable. Estructura s\u00f3lida para una utilizaci\u00f3n intensiva de la m\u00e1quina. Inclinaci\u00f3n de las tolvas alineada con el bloque motor para reducir el espacio ocupado y lograr una mejor utilizaci\u00f3n. Gracias a su tama\u00f1o razo\u00acnable, a sus dos ruedas y al asa, la m\u00e1quina se puede desplazar f\u00e1cilmente. Velocidad: 375 y 750 rpm Rendimientos pr\u00e1cticos: 600 kg\/h Rendimientos te\u00f3ricos: 1800 kg\/h N\u00famero de cubiertos: 300-3000 Potencia el\u00e9ctrica: 1500W Voltaje:380V\/60Hz\/3AC\" \/>\n<meta name=\"robots\" content=\"index, follow, max-snippet:-1, max-image-preview:large, max-video-preview:-1\" \/>\n<link rel=\"canonical\" href=\"https:\/\/frionox.com\/catalogo\/producto\/procesador-de-alimentos-automatico-lev-2-tolvas-2326-cl60e-380-3ac-cl60e-380-3ac\/\" \/>\n<meta property=\"og:locale\" content=\"es_ES\" \/>\n<meta property=\"og:type\" content=\"article\" \/>\n<meta property=\"og:title\" content=\"PROCESADOR DE ALIMENTOS AUTOMATICO + LEV 2 TOLVAS (2326)- CL60E-380-3AC - CL60E-380-3AC\" \/>\n<meta property=\"og:description\" content=\"El conducto autom\u00e1tico combina simult\u00e1neamente la calidad de corte y los grandes rendimientos. Este conducto est\u00e1 especialmente dise\u00f1ado para rallar zanahorias, cortar rodajas y hacer dados de patata. Nueva tolva con palanca (superficie: 227 cm\u00b2), especialmente dise\u00f1ada para preparar verduras voluminosas, con tubo integrado (\u00d8 58 mm) que permite preparar verduras largas y fr\u00e1giles. La palanca instalada en el conducto ha sido estudiada para permitir una utilizaci\u00f3n sencilla y un esfuerzo m\u00ednimo por parte del usuario. Bloque motor fabricado \u00edntegramente en acero inoxidable. Estructura s\u00f3lida para una utilizaci\u00f3n intensiva de la m\u00e1quina. Inclinaci\u00f3n de las tolvas alineada con el bloque motor para reducir el espacio ocupado y lograr una mejor utilizaci\u00f3n. Gracias a su tama\u00f1o razo\u00acnable, a sus dos ruedas y al asa, la m\u00e1quina se puede desplazar f\u00e1cilmente. Velocidad: 375 y 750 rpm Rendimientos pr\u00e1cticos: 600 kg\/h Rendimientos te\u00f3ricos: 1800 kg\/h N\u00famero de cubiertos: 300-3000 Potencia el\u00e9ctrica: 1500W Voltaje:380V\/60Hz\/3AC\" \/>\n<meta property=\"og:url\" content=\"https:\/\/frionox.com\/catalogo\/producto\/procesador-de-alimentos-automatico-lev-2-tolvas-2326-cl60e-380-3ac-cl60e-380-3ac\/\" \/>\n<meta property=\"og:site_name\" content=\"FRIONOX\" \/>\n<meta property=\"article:publisher\" content=\"https:\/\/facebook.com\/frionox.pe\" \/>\n<meta property=\"article:modified_time\" content=\"2024-11-26T20:41:31+00:00\" \/>\n<meta property=\"og:image\" content=\"https:\/\/frionox.com\/catalogo\/wp-content\/uploads\/2020\/04\/CL60E-220-3AC.jpg\" \/>\n\t<meta property=\"og:image:width\" content=\"600\" \/>\n\t<meta property=\"og:image:height\" content=\"600\" \/>\n\t<meta property=\"og:image:type\" content=\"image\/jpeg\" \/>\n<meta name=\"twitter:card\" content=\"summary_large_image\" \/>\n<meta name=\"twitter:site\" content=\"@frionoxsac\" \/>\n<meta name=\"twitter:label1\" content=\"Precio\" \/>\n\t<meta name=\"twitter:data1\" content=\"S\/0.00\" \/>\n\t<meta name=\"twitter:label2\" content=\"Disponibilidad\" \/>\n\t<meta name=\"twitter:data2\" content=\"Disponible para reservar\" \/>\n<script type=\"application\/ld+json\" class=\"yoast-schema-graph\">{\"@context\":\"https:\/\/schema.org\",\"@graph\":[{\"@type\":\"WebPage\",\"@id\":\"https:\/\/frionox.com\/catalogo\/producto\/procesador-de-alimentos-automatico-lev-2-tolvas-2326-cl60e-380-3ac-cl60e-380-3ac\/\",\"url\":\"https:\/\/frionox.com\/catalogo\/producto\/procesador-de-alimentos-automatico-lev-2-tolvas-2326-cl60e-380-3ac-cl60e-380-3ac\/\",\"name\":\"PROCESADOR DE ALIMENTOS AUTOMATICO + LEV 2 TOLVAS (2326)- CL60E-380-3AC - CL60E-380-3AC - FRIONOX\",\"isPartOf\":{\"@id\":\"https:\/\/frionox.com\/catalogo\/#website\"},\"primaryImageOfPage\":{\"@id\":\"https:\/\/frionox.com\/catalogo\/producto\/procesador-de-alimentos-automatico-lev-2-tolvas-2326-cl60e-380-3ac-cl60e-380-3ac\/#primaryimage\"},\"image\":{\"@id\":\"https:\/\/frionox.com\/catalogo\/producto\/procesador-de-alimentos-automatico-lev-2-tolvas-2326-cl60e-380-3ac-cl60e-380-3ac\/#primaryimage\"},\"thumbnailUrl\":\"https:\/\/frionox.com\/catalogo\/wp-content\/uploads\/2020\/04\/CL60E-220-3AC.jpg\",\"datePublished\":\"2020-08-09T19:04:34+00:00\",\"dateModified\":\"2024-11-26T20:41:31+00:00\",\"description\":\"El conducto autom\u00e1tico combina simult\u00e1neamente la calidad de corte y los grandes rendimientos. Este conducto est\u00e1 especialmente dise\u00f1ado para rallar zanahorias, cortar rodajas y hacer dados de patata. Nueva tolva con palanca (superficie: 227 cm\u00b2), especialmente dise\u00f1ada para preparar verduras voluminosas, con tubo integrado (\u00d8 58 mm) que permite preparar verduras largas y fr\u00e1giles. La palanca instalada en el conducto ha sido estudiada para permitir una utilizaci\u00f3n sencilla y un esfuerzo m\u00ednimo por parte del usuario. Bloque motor fabricado \u00edntegramente en acero inoxidable. Estructura s\u00f3lida para una utilizaci\u00f3n intensiva de la m\u00e1quina. Inclinaci\u00f3n de las tolvas alineada con el bloque motor para reducir el espacio ocupado y lograr una mejor utilizaci\u00f3n. Gracias a su tama\u00f1o razo\u00acnable, a sus dos ruedas y al asa, la m\u00e1quina se puede desplazar f\u00e1cilmente. Velocidad: 375 y 750 rpm Rendimientos pr\u00e1cticos: 600 kg\/h Rendimientos te\u00f3ricos: 1800 kg\/h N\u00famero de cubiertos: 300-3000 Potencia el\u00e9ctrica: 1500W Voltaje:380V\/60Hz\/3AC\",\"breadcrumb\":{\"@id\":\"https:\/\/frionox.com\/catalogo\/producto\/procesador-de-alimentos-automatico-lev-2-tolvas-2326-cl60e-380-3ac-cl60e-380-3ac\/#breadcrumb\"},\"inLanguage\":\"es\",\"potentialAction\":[{\"@type\":\"ReadAction\",\"target\":[\"https:\/\/frionox.com\/catalogo\/producto\/procesador-de-alimentos-automatico-lev-2-tolvas-2326-cl60e-380-3ac-cl60e-380-3ac\/\"]}]},{\"@type\":\"ImageObject\",\"inLanguage\":\"es\",\"@id\":\"https:\/\/frionox.com\/catalogo\/producto\/procesador-de-alimentos-automatico-lev-2-tolvas-2326-cl60e-380-3ac-cl60e-380-3ac\/#primaryimage\",\"url\":\"https:\/\/frionox.com\/catalogo\/wp-content\/uploads\/2020\/04\/CL60E-220-3AC.jpg\",\"contentUrl\":\"https:\/\/frionox.com\/catalogo\/wp-content\/uploads\/2020\/04\/CL60E-220-3AC.jpg\",\"width\":600,\"height\":600},{\"@type\":\"BreadcrumbList\",\"@id\":\"https:\/\/frionox.com\/catalogo\/producto\/procesador-de-alimentos-automatico-lev-2-tolvas-2326-cl60e-380-3ac-cl60e-380-3ac\/#breadcrumb\",\"itemListElement\":[{\"@type\":\"ListItem\",\"position\":1,\"name\":\"Portada\",\"item\":\"https:\/\/frionox.com\/catalogo\/\"},{\"@type\":\"ListItem\",\"position\":2,\"name\":\"Hornos Industriales, Licuadoras Industriales, Cocinas y m\u00e1s\",\"item\":\"https:\/\/frionox.com\/catalogo\/tienda\/\"},{\"@type\":\"ListItem\",\"position\":3,\"name\":\"PROCESADOR DE ALIMENTOS AUTOMATICO + LEV 2 TOLVAS (2326)- CL60E-380-3AC &#8211; CL60E-380-3AC\"}]},{\"@type\":\"WebSite\",\"@id\":\"https:\/\/frionox.com\/catalogo\/#website\",\"url\":\"https:\/\/frionox.com\/catalogo\/\",\"name\":\"FRIONOX\",\"description\":\"Equipamiento de cocinas\",\"publisher\":{\"@id\":\"https:\/\/frionox.com\/catalogo\/#organization\"},\"potentialAction\":[{\"@type\":\"SearchAction\",\"target\":{\"@type\":\"EntryPoint\",\"urlTemplate\":\"https:\/\/frionox.com\/catalogo\/?s={search_term_string}\"},\"query-input\":{\"@type\":\"PropertyValueSpecification\",\"valueRequired\":true,\"valueName\":\"search_term_string\"}}],\"inLanguage\":\"es\"},{\"@type\":[\"Organization\",\"Place\",\"LocalBusiness\"],\"@id\":\"https:\/\/frionox.com\/catalogo\/#organization\",\"name\":\"Frionox Equipamiento de cocinas\",\"url\":\"https:\/\/frionox.com\/catalogo\/\",\"logo\":{\"@id\":\"https:\/\/frionox.com\/catalogo\/producto\/procesador-de-alimentos-automatico-lev-2-tolvas-2326-cl60e-380-3ac-cl60e-380-3ac\/#local-main-organization-logo\"},\"image\":{\"@id\":\"https:\/\/frionox.com\/catalogo\/producto\/procesador-de-alimentos-automatico-lev-2-tolvas-2326-cl60e-380-3ac-cl60e-380-3ac\/#local-main-organization-logo\"},\"sameAs\":[\"https:\/\/facebook.com\/frionox.pe\",\"https:\/\/x.com\/frionoxsac\",\"https:\/\/youtube.com\/@FRIONOXEQUIPAMIENTODECOCINA\"],\"address\":{\"@id\":\"https:\/\/frionox.com\/catalogo\/producto\/procesador-de-alimentos-automatico-lev-2-tolvas-2326-cl60e-380-3ac-cl60e-380-3ac\/#local-main-place-address\"},\"geo\":{\"@type\":\"GeoCoordinates\",\"latitude\":\"-11.980133\",\"longitude\":\"-77.06118200000003\"},\"telephone\":[\"+5115221181\"],\"openingHoursSpecification\":[{\"@type\":\"OpeningHoursSpecification\",\"dayOfWeek\":[\"Monday\",\"Tuesday\",\"Wednesday\",\"Thursday\",\"Friday\",\"Saturday\"],\"opens\":\"08:00\",\"closes\":\"18:00\"},{\"@type\":\"OpeningHoursSpecification\",\"dayOfWeek\":[\"Sunday\"],\"opens\":\"00:00\",\"closes\":\"00:00\"}],\"email\":\"cotizaciones@frionox.com\"},{\"@type\":\"PostalAddress\",\"@id\":\"https:\/\/frionox.com\/catalogo\/producto\/procesador-de-alimentos-automatico-lev-2-tolvas-2326-cl60e-380-3ac-cl60e-380-3ac\/#local-main-place-address\",\"streetAddress\":\"Av. Oscar R. Benavides 1624\",\"addressLocality\":\"Cercado de Lima\",\"postalCode\":\"15082\",\"addressRegion\":\"Lima\",\"addressCountry\":\"PE\"},{\"@type\":\"ImageObject\",\"inLanguage\":\"es\",\"@id\":\"https:\/\/frionox.com\/catalogo\/producto\/procesador-de-alimentos-automatico-lev-2-tolvas-2326-cl60e-380-3ac-cl60e-380-3ac\/#local-main-organization-logo\",\"url\":\"https:\/\/frionox.com\/catalogo\/wp-content\/uploads\/2020\/04\/LOGO-MOBILE.png\",\"contentUrl\":\"https:\/\/frionox.com\/catalogo\/wp-content\/uploads\/2020\/04\/LOGO-MOBILE.png\",\"width\":203,\"height\":61,\"caption\":\"Frionox Equipamiento de cocinas\"}]}<\/script>\n<meta property=\"product:price:amount\" content=\"0.00\" \/>\n<meta property=\"product:price:currency\" content=\"PEN\" \/>\n<meta property=\"og:availability\" content=\"backorder\" \/>\n<meta property=\"product:availability\" content=\"available for order\" \/>\n<meta property=\"product:retailer_item_id\" content=\"CL60E-380-3AC\" \/>\n<meta property=\"product:condition\" content=\"new\" \/>\n<meta name=\"geo.placename\" content=\"Cercado de Lima\" \/>\n<meta name=\"geo.position\" content=\"-11.980133;-77.06118200000003\" \/>\n<meta name=\"geo.region\" content=\"Per\u00fa\" \/>\n<!-- \/ Yoast SEO Premium plugin. -->","yoast_head_json":{"title":"PROCESADOR DE ALIMENTOS AUTOMATICO + LEV 2 TOLVAS (2326)- CL60E-380-3AC - CL60E-380-3AC - FRIONOX","description":"El conducto autom\u00e1tico combina simult\u00e1neamente la calidad de corte y los grandes rendimientos. Este conducto est\u00e1 especialmente dise\u00f1ado para rallar zanahorias, cortar rodajas y hacer dados de patata. Nueva tolva con palanca (superficie: 227 cm\u00b2), especialmente dise\u00f1ada para preparar verduras voluminosas, con tubo integrado (\u00d8 58 mm) que permite preparar verduras largas y fr\u00e1giles. La palanca instalada en el conducto ha sido estudiada para permitir una utilizaci\u00f3n sencilla y un esfuerzo m\u00ednimo por parte del usuario. Bloque motor fabricado \u00edntegramente en acero inoxidable. Estructura s\u00f3lida para una utilizaci\u00f3n intensiva de la m\u00e1quina. Inclinaci\u00f3n de las tolvas alineada con el bloque motor para reducir el espacio ocupado y lograr una mejor utilizaci\u00f3n. Gracias a su tama\u00f1o razo\u00acnable, a sus dos ruedas y al asa, la m\u00e1quina se puede desplazar f\u00e1cilmente. Velocidad: 375 y 750 rpm Rendimientos pr\u00e1cticos: 600 kg\/h Rendimientos te\u00f3ricos: 1800 kg\/h N\u00famero de cubiertos: 300-3000 Potencia el\u00e9ctrica: 1500W Voltaje:380V\/60Hz\/3AC","robots":{"index":"index","follow":"follow","max-snippet":"max-snippet:-1","max-image-preview":"max-image-preview:large","max-video-preview":"max-video-preview:-1"},"canonical":"https:\/\/frionox.com\/catalogo\/producto\/procesador-de-alimentos-automatico-lev-2-tolvas-2326-cl60e-380-3ac-cl60e-380-3ac\/","og_locale":"es_ES","og_type":"article","og_title":"PROCESADOR DE ALIMENTOS AUTOMATICO + LEV 2 TOLVAS (2326)- CL60E-380-3AC - CL60E-380-3AC","og_description":"El conducto autom\u00e1tico combina simult\u00e1neamente la calidad de corte y los grandes rendimientos. Este conducto est\u00e1 especialmente dise\u00f1ado para rallar zanahorias, cortar rodajas y hacer dados de patata. Nueva tolva con palanca (superficie: 227 cm\u00b2), especialmente dise\u00f1ada para preparar verduras voluminosas, con tubo integrado (\u00d8 58 mm) que permite preparar verduras largas y fr\u00e1giles. La palanca instalada en el conducto ha sido estudiada para permitir una utilizaci\u00f3n sencilla y un esfuerzo m\u00ednimo por parte del usuario. Bloque motor fabricado \u00edntegramente en acero inoxidable. Estructura s\u00f3lida para una utilizaci\u00f3n intensiva de la m\u00e1quina. Inclinaci\u00f3n de las tolvas alineada con el bloque motor para reducir el espacio ocupado y lograr una mejor utilizaci\u00f3n. Gracias a su tama\u00f1o razo\u00acnable, a sus dos ruedas y al asa, la m\u00e1quina se puede desplazar f\u00e1cilmente. Velocidad: 375 y 750 rpm Rendimientos pr\u00e1cticos: 600 kg\/h Rendimientos te\u00f3ricos: 1800 kg\/h N\u00famero de cubiertos: 300-3000 Potencia el\u00e9ctrica: 1500W Voltaje:380V\/60Hz\/3AC","og_url":"https:\/\/frionox.com\/catalogo\/producto\/procesador-de-alimentos-automatico-lev-2-tolvas-2326-cl60e-380-3ac-cl60e-380-3ac\/","og_site_name":"FRIONOX","article_publisher":"https:\/\/facebook.com\/frionox.pe","article_modified_time":"2024-11-26T20:41:31+00:00","og_image":[{"width":600,"height":600,"url":"https:\/\/frionox.com\/catalogo\/wp-content\/uploads\/2020\/04\/CL60E-220-3AC.jpg","type":"image\/jpeg"}],"twitter_card":"summary_large_image","twitter_site":"@frionoxsac","twitter_misc":{"Precio":"S\/0.00","Disponibilidad":"Disponible para reservar"},"schema":{"@context":"https:\/\/schema.org","@graph":[{"@type":"WebPage","@id":"https:\/\/frionox.com\/catalogo\/producto\/procesador-de-alimentos-automatico-lev-2-tolvas-2326-cl60e-380-3ac-cl60e-380-3ac\/","url":"https:\/\/frionox.com\/catalogo\/producto\/procesador-de-alimentos-automatico-lev-2-tolvas-2326-cl60e-380-3ac-cl60e-380-3ac\/","name":"PROCESADOR DE ALIMENTOS AUTOMATICO + LEV 2 TOLVAS (2326)- CL60E-380-3AC - CL60E-380-3AC - FRIONOX","isPartOf":{"@id":"https:\/\/frionox.com\/catalogo\/#website"},"primaryImageOfPage":{"@id":"https:\/\/frionox.com\/catalogo\/producto\/procesador-de-alimentos-automatico-lev-2-tolvas-2326-cl60e-380-3ac-cl60e-380-3ac\/#primaryimage"},"image":{"@id":"https:\/\/frionox.com\/catalogo\/producto\/procesador-de-alimentos-automatico-lev-2-tolvas-2326-cl60e-380-3ac-cl60e-380-3ac\/#primaryimage"},"thumbnailUrl":"https:\/\/frionox.com\/catalogo\/wp-content\/uploads\/2020\/04\/CL60E-220-3AC.jpg","datePublished":"2020-08-09T19:04:34+00:00","dateModified":"2024-11-26T20:41:31+00:00","description":"El conducto autom\u00e1tico combina simult\u00e1neamente la calidad de corte y los grandes rendimientos. Este conducto est\u00e1 especialmente dise\u00f1ado para rallar zanahorias, cortar rodajas y hacer dados de patata. Nueva tolva con palanca (superficie: 227 cm\u00b2), especialmente dise\u00f1ada para preparar verduras voluminosas, con tubo integrado (\u00d8 58 mm) que permite preparar verduras largas y fr\u00e1giles. La palanca instalada en el conducto ha sido estudiada para permitir una utilizaci\u00f3n sencilla y un esfuerzo m\u00ednimo por parte del usuario. Bloque motor fabricado \u00edntegramente en acero inoxidable. Estructura s\u00f3lida para una utilizaci\u00f3n intensiva de la m\u00e1quina. Inclinaci\u00f3n de las tolvas alineada con el bloque motor para reducir el espacio ocupado y lograr una mejor utilizaci\u00f3n. Gracias a su tama\u00f1o razo\u00acnable, a sus dos ruedas y al asa, la m\u00e1quina se puede desplazar f\u00e1cilmente. Velocidad: 375 y 750 rpm Rendimientos pr\u00e1cticos: 600 kg\/h Rendimientos te\u00f3ricos: 1800 kg\/h N\u00famero de cubiertos: 300-3000 Potencia el\u00e9ctrica: 1500W Voltaje:380V\/60Hz\/3AC","breadcrumb":{"@id":"https:\/\/frionox.com\/catalogo\/producto\/procesador-de-alimentos-automatico-lev-2-tolvas-2326-cl60e-380-3ac-cl60e-380-3ac\/#breadcrumb"},"inLanguage":"es","potentialAction":[{"@type":"ReadAction","target":["https:\/\/frionox.com\/catalogo\/producto\/procesador-de-alimentos-automatico-lev-2-tolvas-2326-cl60e-380-3ac-cl60e-380-3ac\/"]}]},{"@type":"ImageObject","inLanguage":"es","@id":"https:\/\/frionox.com\/catalogo\/producto\/procesador-de-alimentos-automatico-lev-2-tolvas-2326-cl60e-380-3ac-cl60e-380-3ac\/#primaryimage","url":"https:\/\/frionox.com\/catalogo\/wp-content\/uploads\/2020\/04\/CL60E-220-3AC.jpg","contentUrl":"https:\/\/frionox.com\/catalogo\/wp-content\/uploads\/2020\/04\/CL60E-220-3AC.jpg","width":600,"height":600},{"@type":"BreadcrumbList","@id":"https:\/\/frionox.com\/catalogo\/producto\/procesador-de-alimentos-automatico-lev-2-tolvas-2326-cl60e-380-3ac-cl60e-380-3ac\/#breadcrumb","itemListElement":[{"@type":"ListItem","position":1,"name":"Portada","item":"https:\/\/frionox.com\/catalogo\/"},{"@type":"ListItem","position":2,"name":"Hornos Industriales, Licuadoras Industriales, Cocinas y m\u00e1s","item":"https:\/\/frionox.com\/catalogo\/tienda\/"},{"@type":"ListItem","position":3,"name":"PROCESADOR DE ALIMENTOS AUTOMATICO + LEV 2 TOLVAS (2326)- CL60E-380-3AC &#8211; CL60E-380-3AC"}]},{"@type":"WebSite","@id":"https:\/\/frionox.com\/catalogo\/#website","url":"https:\/\/frionox.com\/catalogo\/","name":"FRIONOX","description":"Equipamiento de cocinas","publisher":{"@id":"https:\/\/frionox.com\/catalogo\/#organization"},"potentialAction":[{"@type":"SearchAction","target":{"@type":"EntryPoint","urlTemplate":"https:\/\/frionox.com\/catalogo\/?s={search_term_string}"},"query-input":{"@type":"PropertyValueSpecification","valueRequired":true,"valueName":"search_term_string"}}],"inLanguage":"es"},{"@type":["Organization","Place","LocalBusiness"],"@id":"https:\/\/frionox.com\/catalogo\/#organization","name":"Frionox Equipamiento de cocinas","url":"https:\/\/frionox.com\/catalogo\/","logo":{"@id":"https:\/\/frionox.com\/catalogo\/producto\/procesador-de-alimentos-automatico-lev-2-tolvas-2326-cl60e-380-3ac-cl60e-380-3ac\/#local-main-organization-logo"},"image":{"@id":"https:\/\/frionox.com\/catalogo\/producto\/procesador-de-alimentos-automatico-lev-2-tolvas-2326-cl60e-380-3ac-cl60e-380-3ac\/#local-main-organization-logo"},"sameAs":["https:\/\/facebook.com\/frionox.pe","https:\/\/x.com\/frionoxsac","https:\/\/youtube.com\/@FRIONOXEQUIPAMIENTODECOCINA"],"address":{"@id":"https:\/\/frionox.com\/catalogo\/producto\/procesador-de-alimentos-automatico-lev-2-tolvas-2326-cl60e-380-3ac-cl60e-380-3ac\/#local-main-place-address"},"geo":{"@type":"GeoCoordinates","latitude":"-11.980133","longitude":"-77.06118200000003"},"telephone":["+5115221181"],"openingHoursSpecification":[{"@type":"OpeningHoursSpecification","dayOfWeek":["Monday","Tuesday","Wednesday","Thursday","Friday","Saturday"],"opens":"08:00","closes":"18:00"},{"@type":"OpeningHoursSpecification","dayOfWeek":["Sunday"],"opens":"00:00","closes":"00:00"}],"email":"cotizaciones@frionox.com"},{"@type":"PostalAddress","@id":"https:\/\/frionox.com\/catalogo\/producto\/procesador-de-alimentos-automatico-lev-2-tolvas-2326-cl60e-380-3ac-cl60e-380-3ac\/#local-main-place-address","streetAddress":"Av. Oscar R. Benavides 1624","addressLocality":"Cercado de Lima","postalCode":"15082","addressRegion":"Lima","addressCountry":"PE"},{"@type":"ImageObject","inLanguage":"es","@id":"https:\/\/frionox.com\/catalogo\/producto\/procesador-de-alimentos-automatico-lev-2-tolvas-2326-cl60e-380-3ac-cl60e-380-3ac\/#local-main-organization-logo","url":"https:\/\/frionox.com\/catalogo\/wp-content\/uploads\/2020\/04\/LOGO-MOBILE.png","contentUrl":"https:\/\/frionox.com\/catalogo\/wp-content\/uploads\/2020\/04\/LOGO-MOBILE.png","width":203,"height":61,"caption":"Frionox Equipamiento de cocinas"}]},"product_price_amount":"0.00","product_price_currency":"PEN","og_availability":"backorder","product_availability":"available for order","product_retailer_item_id":"CL60E-380-3AC","product_condition":"new","geo.placename":"Cercado de Lima","geo.position":{"lat":"-11.980133","long":"-77.06118200000003"},"geo.region":"Per\u00fa"},"_links":{"self":[{"href":"https:\/\/frionox.com\/catalogo\/wp-json\/wp\/v2\/product\/15846","targetHints":{"allow":["GET"]}}],"collection":[{"href":"https:\/\/frionox.com\/catalogo\/wp-json\/wp\/v2\/product"}],"about":[{"href":"https:\/\/frionox.com\/catalogo\/wp-json\/wp\/v2\/types\/product"}],"replies":[{"embeddable":true,"href":"https:\/\/frionox.com\/catalogo\/wp-json\/wp\/v2\/comments?post=15846"}],"wp:featuredmedia":[{"embeddable":true,"href":"https:\/\/frionox.com\/catalogo\/wp-json\/wp\/v2\/media\/12141"}],"wp:attachment":[{"href":"https:\/\/frionox.com\/catalogo\/wp-json\/wp\/v2\/media?parent=15846"}],"wp:term":[{"taxonomy":"product_brand","embeddable":true,"href":"https:\/\/frionox.com\/catalogo\/wp-json\/wp\/v2\/product_brand?post=15846"},{"taxonomy":"product_cat","embeddable":true,"href":"https:\/\/frionox.com\/catalogo\/wp-json\/wp\/v2\/product_cat?post=15846"},{"taxonomy":"product_tag","embeddable":true,"href":"https:\/\/frionox.com\/catalogo\/wp-json\/wp\/v2\/product_tag?post=15846"}],"curies":[{"name":"wp","href":"https:\/\/api.w.org\/{rel}","templated":true}]}}