{"id":15843,"date":"2020-08-09T14:04:34","date_gmt":"2020-08-09T19:04:34","guid":{"rendered":"https:\/\/frionox.com\/catalogo\/producto\/procesador-de-alimentos-con-palanca-2288-cl55-220-3ac-cl55-220-3ac\/"},"modified":"2025-05-19T10:12:04","modified_gmt":"2025-05-19T15:12:04","slug":"procesador-de-alimentos-con-palanca-2288-cl55-220-3ac-cl55-220-3ac","status":"publish","type":"product","link":"https:\/\/frionox.com\/catalogo\/producto\/procesador-de-alimentos-con-palanca-2288-cl55-220-3ac-cl55-220-3ac\/","title":{"rendered":"PROCESADOR DE ALIMENTOS CON PALANCA (2288)-CL55-220-3AC &#8211; CL55-220-3AC"},"content":{"rendered":"<p>Produccion: Este modelo dispone de un conducto con palanca (superficie 227 cm\u00b2) con un tubo integrado (\u00d8 58 mm). La forma de la palanca ha sido estudiada para una mayor comodidad de utilizaci\u00f3n y un trabajo r\u00e1pido. El tubo se utiliza para el corte continuo de verduras y frutas largas o fr\u00e1giles. Estructura s\u00f3lida para una utilizaci\u00f3n intensiva. Carrito de acero inoxidable que sirve de soporte y lleva ruedas para facilitar el desplazamiento de la m\u00e1quina. En \u00e9l se pueden instalar recipientes est\u00e1ndar que se adaptan perfectamente a los grandes rendimientos. Velocidad 375 y 750 rpm Potencia 1100 Watts Voltaje 220V\/60Hz\/3 Discos disponibles 48 Rendimientos pr\u00e1cticos Hasta 700 kg\/h Rendimientos te\u00f3ricos Hasta 15 kg\/h N\u00famero de cubiertos 100 a 1000 +<\/p>\n","protected":false},"excerpt":{"rendered":"<p>Produccion: Este modelo dispone de un conducto con palanca (superficie 227 cm\u00b2) con un tubo integrado (\u00d8 58 mm). La forma de la palanca ha sido estudiada para una mayor comodidad de utilizaci\u00f3n y un trabajo r\u00e1pido. El tubo se utiliza para el corte continuo de verduras y frutas largas o fr\u00e1giles. Estructura s\u00f3lida para una utilizaci\u00f3n intensiva. Carrito de acero inoxidable que sirve de soporte y lleva ruedas para facilitar el desplazamiento de la m\u00e1quina. En \u00e9l se pueden instalar recipientes est\u00e1ndar que se adaptan perfectamente a los grandes rendimientos. Velocidad 375 y 750 rpm Potencia 1100 Watts Voltaje 220V\/60Hz\/3 Discos disponibles 48 Rendimientos pr\u00e1cticos Hasta 700 kg\/h Rendimientos te\u00f3ricos Hasta 15 kg\/h N\u00famero de cubiertos 100 a 1000 +<\/p>\n","protected":false},"featured_media":10875,"comment_status":"open","ping_status":"closed","template":"","meta":[],"product_brand":[],"product_cat":[111],"product_tag":[2033],"class_list":{"0":"post-15843","1":"product","2":"type-product","3":"status-publish","4":"has-post-thumbnail","6":"product_cat-procesadores-de-alimentos","7":"product_tag-procesador-de-alimentos-con-palanca-2288-cl55-220-3ac","8":"pa_marcas-robot-coupe","10":"first","11":"onbackorder","12":"shipping-taxable","13":"purchasable","14":"product-type-simple"},"yoast_head":"<!-- This site is optimized with the Yoast SEO Premium plugin v27.1 (Yoast SEO v27.1.1) - https:\/\/yoast.com\/product\/yoast-seo-premium-wordpress\/ -->\n<title>PROCESADOR DE ALIMENTOS CON PALANCA (2288)-CL55-220-3AC - CL55-220-3AC - FRIONOX<\/title>\n<meta name=\"description\" content=\"Produccion: Este modelo dispone de un conducto con palanca (superficie 227 cm\u00b2) con un tubo integrado (\u00d8 58 mm). La forma de la palanca ha sido estudiada para una mayor comodidad de utilizaci\u00f3n y un trabajo r\u00e1pido. El tubo se utiliza para el corte continuo de verduras y frutas largas o fr\u00e1giles. Estructura s\u00f3lida para una utilizaci\u00f3n intensiva. Carrito de acero inoxidable que sirve de soporte y lleva ruedas para facilitar el desplazamiento de la m\u00e1quina. En \u00e9l se pueden instalar recipientes est\u00e1ndar que se adaptan perfectamente a los grandes rendimientos. Velocidad 375 y 750 rpm Potencia 1100 Watts Voltaje 220V\/60Hz\/3 Discos disponibles 48 Rendimientos pr\u00e1cticos Hasta 700 kg\/h Rendimientos te\u00f3ricos Hasta 15 kg\/h N\u00famero de cubiertos 100 a 1000 +\" \/>\n<meta name=\"robots\" content=\"index, follow, max-snippet:-1, max-image-preview:large, max-video-preview:-1\" \/>\n<link rel=\"canonical\" href=\"https:\/\/frionox.com\/catalogo\/producto\/procesador-de-alimentos-con-palanca-2288-cl55-220-3ac-cl55-220-3ac\/\" \/>\n<meta property=\"og:locale\" content=\"es_ES\" \/>\n<meta property=\"og:type\" content=\"article\" \/>\n<meta property=\"og:title\" content=\"PROCESADOR DE ALIMENTOS CON PALANCA (2288)-CL55-220-3AC - CL55-220-3AC\" \/>\n<meta property=\"og:description\" content=\"Produccion: Este modelo dispone de un conducto con palanca (superficie 227 cm\u00b2) con un tubo integrado (\u00d8 58 mm). La forma de la palanca ha sido estudiada para una mayor comodidad de utilizaci\u00f3n y un trabajo r\u00e1pido. El tubo se utiliza para el corte continuo de verduras y frutas largas o fr\u00e1giles. Estructura s\u00f3lida para una utilizaci\u00f3n intensiva. Carrito de acero inoxidable que sirve de soporte y lleva ruedas para facilitar el desplazamiento de la m\u00e1quina. En \u00e9l se pueden instalar recipientes est\u00e1ndar que se adaptan perfectamente a los grandes rendimientos. Velocidad 375 y 750 rpm Potencia 1100 Watts Voltaje 220V\/60Hz\/3 Discos disponibles 48 Rendimientos pr\u00e1cticos Hasta 700 kg\/h Rendimientos te\u00f3ricos Hasta 15 kg\/h N\u00famero de cubiertos 100 a 1000 +\" \/>\n<meta property=\"og:url\" content=\"https:\/\/frionox.com\/catalogo\/producto\/procesador-de-alimentos-con-palanca-2288-cl55-220-3ac-cl55-220-3ac\/\" \/>\n<meta property=\"og:site_name\" content=\"FRIONOX\" \/>\n<meta property=\"article:publisher\" content=\"https:\/\/facebook.com\/frionox.pe\" \/>\n<meta property=\"article:modified_time\" content=\"2025-05-19T15:12:04+00:00\" \/>\n<meta property=\"og:image\" content=\"https:\/\/frionox.com\/catalogo\/wp-content\/uploads\/2020\/04\/CL55.jpg\" \/>\n\t<meta property=\"og:image:width\" content=\"800\" \/>\n\t<meta property=\"og:image:height\" content=\"800\" \/>\n\t<meta property=\"og:image:type\" content=\"image\/jpeg\" \/>\n<meta name=\"twitter:card\" content=\"summary_large_image\" \/>\n<meta name=\"twitter:site\" content=\"@frionoxsac\" \/>\n<meta name=\"twitter:label1\" content=\"Precio\" \/>\n\t<meta name=\"twitter:data1\" content=\"S\/15,104.00\" \/>\n\t<meta name=\"twitter:label2\" content=\"Disponibilidad\" \/>\n\t<meta name=\"twitter:data2\" content=\"Disponible para reservar\" \/>\n<script type=\"application\/ld+json\" class=\"yoast-schema-graph\">{\"@context\":\"https:\/\/schema.org\",\"@graph\":[{\"@type\":\"WebPage\",\"@id\":\"https:\/\/frionox.com\/catalogo\/producto\/procesador-de-alimentos-con-palanca-2288-cl55-220-3ac-cl55-220-3ac\/\",\"url\":\"https:\/\/frionox.com\/catalogo\/producto\/procesador-de-alimentos-con-palanca-2288-cl55-220-3ac-cl55-220-3ac\/\",\"name\":\"PROCESADOR DE ALIMENTOS CON PALANCA (2288)-CL55-220-3AC - CL55-220-3AC - FRIONOX\",\"isPartOf\":{\"@id\":\"https:\/\/frionox.com\/catalogo\/#website\"},\"primaryImageOfPage\":{\"@id\":\"https:\/\/frionox.com\/catalogo\/producto\/procesador-de-alimentos-con-palanca-2288-cl55-220-3ac-cl55-220-3ac\/#primaryimage\"},\"image\":{\"@id\":\"https:\/\/frionox.com\/catalogo\/producto\/procesador-de-alimentos-con-palanca-2288-cl55-220-3ac-cl55-220-3ac\/#primaryimage\"},\"thumbnailUrl\":\"https:\/\/frionox.com\/catalogo\/wp-content\/uploads\/2020\/04\/CL55.jpg\",\"datePublished\":\"2020-08-09T19:04:34+00:00\",\"dateModified\":\"2025-05-19T15:12:04+00:00\",\"description\":\"Produccion: Este modelo dispone de un conducto con palanca (superficie 227 cm\u00b2) con un tubo integrado (\u00d8 58 mm). La forma de la palanca ha sido estudiada para una mayor comodidad de utilizaci\u00f3n y un trabajo r\u00e1pido. El tubo se utiliza para el corte continuo de verduras y frutas largas o fr\u00e1giles. Estructura s\u00f3lida para una utilizaci\u00f3n intensiva. Carrito de acero inoxidable que sirve de soporte y lleva ruedas para facilitar el desplazamiento de la m\u00e1quina. En \u00e9l se pueden instalar recipientes est\u00e1ndar que se adaptan perfectamente a los grandes rendimientos. Velocidad 375 y 750 rpm Potencia 1100 Watts Voltaje 220V\/60Hz\/3 Discos disponibles 48 Rendimientos pr\u00e1cticos Hasta 700 kg\/h Rendimientos te\u00f3ricos Hasta 15 kg\/h N\u00famero de cubiertos 100 a 1000 +\",\"breadcrumb\":{\"@id\":\"https:\/\/frionox.com\/catalogo\/producto\/procesador-de-alimentos-con-palanca-2288-cl55-220-3ac-cl55-220-3ac\/#breadcrumb\"},\"inLanguage\":\"es\",\"potentialAction\":[{\"@type\":\"ReadAction\",\"target\":[\"https:\/\/frionox.com\/catalogo\/producto\/procesador-de-alimentos-con-palanca-2288-cl55-220-3ac-cl55-220-3ac\/\"]}]},{\"@type\":\"ImageObject\",\"inLanguage\":\"es\",\"@id\":\"https:\/\/frionox.com\/catalogo\/producto\/procesador-de-alimentos-con-palanca-2288-cl55-220-3ac-cl55-220-3ac\/#primaryimage\",\"url\":\"https:\/\/frionox.com\/catalogo\/wp-content\/uploads\/2020\/04\/CL55.jpg\",\"contentUrl\":\"https:\/\/frionox.com\/catalogo\/wp-content\/uploads\/2020\/04\/CL55.jpg\",\"width\":800,\"height\":800},{\"@type\":\"BreadcrumbList\",\"@id\":\"https:\/\/frionox.com\/catalogo\/producto\/procesador-de-alimentos-con-palanca-2288-cl55-220-3ac-cl55-220-3ac\/#breadcrumb\",\"itemListElement\":[{\"@type\":\"ListItem\",\"position\":1,\"name\":\"Portada\",\"item\":\"https:\/\/frionox.com\/catalogo\/\"},{\"@type\":\"ListItem\",\"position\":2,\"name\":\"Hornos Industriales, Licuadoras Industriales, Cocinas y m\u00e1s\",\"item\":\"https:\/\/frionox.com\/catalogo\/tienda\/\"},{\"@type\":\"ListItem\",\"position\":3,\"name\":\"PROCESADOR DE ALIMENTOS CON PALANCA (2288)-CL55-220-3AC &#8211; CL55-220-3AC\"}]},{\"@type\":\"WebSite\",\"@id\":\"https:\/\/frionox.com\/catalogo\/#website\",\"url\":\"https:\/\/frionox.com\/catalogo\/\",\"name\":\"FRIONOX\",\"description\":\"Equipamiento de cocinas\",\"publisher\":{\"@id\":\"https:\/\/frionox.com\/catalogo\/#organization\"},\"potentialAction\":[{\"@type\":\"SearchAction\",\"target\":{\"@type\":\"EntryPoint\",\"urlTemplate\":\"https:\/\/frionox.com\/catalogo\/?s={search_term_string}\"},\"query-input\":{\"@type\":\"PropertyValueSpecification\",\"valueRequired\":true,\"valueName\":\"search_term_string\"}}],\"inLanguage\":\"es\"},{\"@type\":[\"Organization\",\"Place\",\"LocalBusiness\"],\"@id\":\"https:\/\/frionox.com\/catalogo\/#organization\",\"name\":\"Frionox Equipamiento de cocinas\",\"url\":\"https:\/\/frionox.com\/catalogo\/\",\"logo\":{\"@id\":\"https:\/\/frionox.com\/catalogo\/producto\/procesador-de-alimentos-con-palanca-2288-cl55-220-3ac-cl55-220-3ac\/#local-main-organization-logo\"},\"image\":{\"@id\":\"https:\/\/frionox.com\/catalogo\/producto\/procesador-de-alimentos-con-palanca-2288-cl55-220-3ac-cl55-220-3ac\/#local-main-organization-logo\"},\"sameAs\":[\"https:\/\/facebook.com\/frionox.pe\",\"https:\/\/x.com\/frionoxsac\",\"https:\/\/youtube.com\/@FRIONOXEQUIPAMIENTODECOCINA\"],\"address\":{\"@id\":\"https:\/\/frionox.com\/catalogo\/producto\/procesador-de-alimentos-con-palanca-2288-cl55-220-3ac-cl55-220-3ac\/#local-main-place-address\"},\"geo\":{\"@type\":\"GeoCoordinates\",\"latitude\":\"-11.980133\",\"longitude\":\"-77.06118200000003\"},\"telephone\":[\"+5115221181\"],\"openingHoursSpecification\":[{\"@type\":\"OpeningHoursSpecification\",\"dayOfWeek\":[\"Monday\",\"Tuesday\",\"Wednesday\",\"Thursday\",\"Friday\",\"Saturday\"],\"opens\":\"08:00\",\"closes\":\"18:00\"},{\"@type\":\"OpeningHoursSpecification\",\"dayOfWeek\":[\"Sunday\"],\"opens\":\"00:00\",\"closes\":\"00:00\"}],\"email\":\"cotizaciones@frionox.com\"},{\"@type\":\"PostalAddress\",\"@id\":\"https:\/\/frionox.com\/catalogo\/producto\/procesador-de-alimentos-con-palanca-2288-cl55-220-3ac-cl55-220-3ac\/#local-main-place-address\",\"streetAddress\":\"Av. Oscar R. Benavides 1624\",\"addressLocality\":\"Cercado de Lima\",\"postalCode\":\"15082\",\"addressRegion\":\"Lima\",\"addressCountry\":\"PE\"},{\"@type\":\"ImageObject\",\"inLanguage\":\"es\",\"@id\":\"https:\/\/frionox.com\/catalogo\/producto\/procesador-de-alimentos-con-palanca-2288-cl55-220-3ac-cl55-220-3ac\/#local-main-organization-logo\",\"url\":\"https:\/\/frionox.com\/catalogo\/wp-content\/uploads\/2020\/04\/LOGO-MOBILE.png\",\"contentUrl\":\"https:\/\/frionox.com\/catalogo\/wp-content\/uploads\/2020\/04\/LOGO-MOBILE.png\",\"width\":203,\"height\":61,\"caption\":\"Frionox Equipamiento de cocinas\"}]}<\/script>\n<meta property=\"product:price:amount\" content=\"15104.00\" \/>\n<meta property=\"product:price:currency\" content=\"PEN\" \/>\n<meta property=\"og:availability\" content=\"backorder\" \/>\n<meta property=\"product:availability\" content=\"available for order\" \/>\n<meta property=\"product:retailer_item_id\" content=\"CL55-220-3AC\" \/>\n<meta property=\"product:condition\" content=\"new\" \/>\n<meta name=\"geo.placename\" content=\"Cercado de Lima\" \/>\n<meta name=\"geo.position\" content=\"-11.980133;-77.06118200000003\" \/>\n<meta name=\"geo.region\" content=\"Per\u00fa\" \/>\n<!-- \/ Yoast SEO Premium plugin. -->","yoast_head_json":{"title":"PROCESADOR DE ALIMENTOS CON PALANCA (2288)-CL55-220-3AC - CL55-220-3AC - FRIONOX","description":"Produccion: Este modelo dispone de un conducto con palanca (superficie 227 cm\u00b2) con un tubo integrado (\u00d8 58 mm). La forma de la palanca ha sido estudiada para una mayor comodidad de utilizaci\u00f3n y un trabajo r\u00e1pido. El tubo se utiliza para el corte continuo de verduras y frutas largas o fr\u00e1giles. Estructura s\u00f3lida para una utilizaci\u00f3n intensiva. Carrito de acero inoxidable que sirve de soporte y lleva ruedas para facilitar el desplazamiento de la m\u00e1quina. En \u00e9l se pueden instalar recipientes est\u00e1ndar que se adaptan perfectamente a los grandes rendimientos. Velocidad 375 y 750 rpm Potencia 1100 Watts Voltaje 220V\/60Hz\/3 Discos disponibles 48 Rendimientos pr\u00e1cticos Hasta 700 kg\/h Rendimientos te\u00f3ricos Hasta 15 kg\/h N\u00famero de cubiertos 100 a 1000 +","robots":{"index":"index","follow":"follow","max-snippet":"max-snippet:-1","max-image-preview":"max-image-preview:large","max-video-preview":"max-video-preview:-1"},"canonical":"https:\/\/frionox.com\/catalogo\/producto\/procesador-de-alimentos-con-palanca-2288-cl55-220-3ac-cl55-220-3ac\/","og_locale":"es_ES","og_type":"article","og_title":"PROCESADOR DE ALIMENTOS CON PALANCA (2288)-CL55-220-3AC - CL55-220-3AC","og_description":"Produccion: Este modelo dispone de un conducto con palanca (superficie 227 cm\u00b2) con un tubo integrado (\u00d8 58 mm). La forma de la palanca ha sido estudiada para una mayor comodidad de utilizaci\u00f3n y un trabajo r\u00e1pido. El tubo se utiliza para el corte continuo de verduras y frutas largas o fr\u00e1giles. Estructura s\u00f3lida para una utilizaci\u00f3n intensiva. Carrito de acero inoxidable que sirve de soporte y lleva ruedas para facilitar el desplazamiento de la m\u00e1quina. En \u00e9l se pueden instalar recipientes est\u00e1ndar que se adaptan perfectamente a los grandes rendimientos. Velocidad 375 y 750 rpm Potencia 1100 Watts Voltaje 220V\/60Hz\/3 Discos disponibles 48 Rendimientos pr\u00e1cticos Hasta 700 kg\/h Rendimientos te\u00f3ricos Hasta 15 kg\/h N\u00famero de cubiertos 100 a 1000 +","og_url":"https:\/\/frionox.com\/catalogo\/producto\/procesador-de-alimentos-con-palanca-2288-cl55-220-3ac-cl55-220-3ac\/","og_site_name":"FRIONOX","article_publisher":"https:\/\/facebook.com\/frionox.pe","article_modified_time":"2025-05-19T15:12:04+00:00","og_image":[{"width":800,"height":800,"url":"https:\/\/frionox.com\/catalogo\/wp-content\/uploads\/2020\/04\/CL55.jpg","type":"image\/jpeg"}],"twitter_card":"summary_large_image","twitter_site":"@frionoxsac","twitter_misc":{"Precio":"S\/15,104.00","Disponibilidad":"Disponible para reservar"},"schema":{"@context":"https:\/\/schema.org","@graph":[{"@type":"WebPage","@id":"https:\/\/frionox.com\/catalogo\/producto\/procesador-de-alimentos-con-palanca-2288-cl55-220-3ac-cl55-220-3ac\/","url":"https:\/\/frionox.com\/catalogo\/producto\/procesador-de-alimentos-con-palanca-2288-cl55-220-3ac-cl55-220-3ac\/","name":"PROCESADOR DE ALIMENTOS CON PALANCA (2288)-CL55-220-3AC - CL55-220-3AC - FRIONOX","isPartOf":{"@id":"https:\/\/frionox.com\/catalogo\/#website"},"primaryImageOfPage":{"@id":"https:\/\/frionox.com\/catalogo\/producto\/procesador-de-alimentos-con-palanca-2288-cl55-220-3ac-cl55-220-3ac\/#primaryimage"},"image":{"@id":"https:\/\/frionox.com\/catalogo\/producto\/procesador-de-alimentos-con-palanca-2288-cl55-220-3ac-cl55-220-3ac\/#primaryimage"},"thumbnailUrl":"https:\/\/frionox.com\/catalogo\/wp-content\/uploads\/2020\/04\/CL55.jpg","datePublished":"2020-08-09T19:04:34+00:00","dateModified":"2025-05-19T15:12:04+00:00","description":"Produccion: Este modelo dispone de un conducto con palanca (superficie 227 cm\u00b2) con un tubo integrado (\u00d8 58 mm). La forma de la palanca ha sido estudiada para una mayor comodidad de utilizaci\u00f3n y un trabajo r\u00e1pido. El tubo se utiliza para el corte continuo de verduras y frutas largas o fr\u00e1giles. Estructura s\u00f3lida para una utilizaci\u00f3n intensiva. Carrito de acero inoxidable que sirve de soporte y lleva ruedas para facilitar el desplazamiento de la m\u00e1quina. En \u00e9l se pueden instalar recipientes est\u00e1ndar que se adaptan perfectamente a los grandes rendimientos. Velocidad 375 y 750 rpm Potencia 1100 Watts Voltaje 220V\/60Hz\/3 Discos disponibles 48 Rendimientos pr\u00e1cticos Hasta 700 kg\/h Rendimientos te\u00f3ricos Hasta 15 kg\/h N\u00famero de cubiertos 100 a 1000 +","breadcrumb":{"@id":"https:\/\/frionox.com\/catalogo\/producto\/procesador-de-alimentos-con-palanca-2288-cl55-220-3ac-cl55-220-3ac\/#breadcrumb"},"inLanguage":"es","potentialAction":[{"@type":"ReadAction","target":["https:\/\/frionox.com\/catalogo\/producto\/procesador-de-alimentos-con-palanca-2288-cl55-220-3ac-cl55-220-3ac\/"]}]},{"@type":"ImageObject","inLanguage":"es","@id":"https:\/\/frionox.com\/catalogo\/producto\/procesador-de-alimentos-con-palanca-2288-cl55-220-3ac-cl55-220-3ac\/#primaryimage","url":"https:\/\/frionox.com\/catalogo\/wp-content\/uploads\/2020\/04\/CL55.jpg","contentUrl":"https:\/\/frionox.com\/catalogo\/wp-content\/uploads\/2020\/04\/CL55.jpg","width":800,"height":800},{"@type":"BreadcrumbList","@id":"https:\/\/frionox.com\/catalogo\/producto\/procesador-de-alimentos-con-palanca-2288-cl55-220-3ac-cl55-220-3ac\/#breadcrumb","itemListElement":[{"@type":"ListItem","position":1,"name":"Portada","item":"https:\/\/frionox.com\/catalogo\/"},{"@type":"ListItem","position":2,"name":"Hornos Industriales, Licuadoras Industriales, Cocinas y m\u00e1s","item":"https:\/\/frionox.com\/catalogo\/tienda\/"},{"@type":"ListItem","position":3,"name":"PROCESADOR DE ALIMENTOS CON PALANCA (2288)-CL55-220-3AC &#8211; CL55-220-3AC"}]},{"@type":"WebSite","@id":"https:\/\/frionox.com\/catalogo\/#website","url":"https:\/\/frionox.com\/catalogo\/","name":"FRIONOX","description":"Equipamiento de cocinas","publisher":{"@id":"https:\/\/frionox.com\/catalogo\/#organization"},"potentialAction":[{"@type":"SearchAction","target":{"@type":"EntryPoint","urlTemplate":"https:\/\/frionox.com\/catalogo\/?s={search_term_string}"},"query-input":{"@type":"PropertyValueSpecification","valueRequired":true,"valueName":"search_term_string"}}],"inLanguage":"es"},{"@type":["Organization","Place","LocalBusiness"],"@id":"https:\/\/frionox.com\/catalogo\/#organization","name":"Frionox Equipamiento de cocinas","url":"https:\/\/frionox.com\/catalogo\/","logo":{"@id":"https:\/\/frionox.com\/catalogo\/producto\/procesador-de-alimentos-con-palanca-2288-cl55-220-3ac-cl55-220-3ac\/#local-main-organization-logo"},"image":{"@id":"https:\/\/frionox.com\/catalogo\/producto\/procesador-de-alimentos-con-palanca-2288-cl55-220-3ac-cl55-220-3ac\/#local-main-organization-logo"},"sameAs":["https:\/\/facebook.com\/frionox.pe","https:\/\/x.com\/frionoxsac","https:\/\/youtube.com\/@FRIONOXEQUIPAMIENTODECOCINA"],"address":{"@id":"https:\/\/frionox.com\/catalogo\/producto\/procesador-de-alimentos-con-palanca-2288-cl55-220-3ac-cl55-220-3ac\/#local-main-place-address"},"geo":{"@type":"GeoCoordinates","latitude":"-11.980133","longitude":"-77.06118200000003"},"telephone":["+5115221181"],"openingHoursSpecification":[{"@type":"OpeningHoursSpecification","dayOfWeek":["Monday","Tuesday","Wednesday","Thursday","Friday","Saturday"],"opens":"08:00","closes":"18:00"},{"@type":"OpeningHoursSpecification","dayOfWeek":["Sunday"],"opens":"00:00","closes":"00:00"}],"email":"cotizaciones@frionox.com"},{"@type":"PostalAddress","@id":"https:\/\/frionox.com\/catalogo\/producto\/procesador-de-alimentos-con-palanca-2288-cl55-220-3ac-cl55-220-3ac\/#local-main-place-address","streetAddress":"Av. Oscar R. Benavides 1624","addressLocality":"Cercado de Lima","postalCode":"15082","addressRegion":"Lima","addressCountry":"PE"},{"@type":"ImageObject","inLanguage":"es","@id":"https:\/\/frionox.com\/catalogo\/producto\/procesador-de-alimentos-con-palanca-2288-cl55-220-3ac-cl55-220-3ac\/#local-main-organization-logo","url":"https:\/\/frionox.com\/catalogo\/wp-content\/uploads\/2020\/04\/LOGO-MOBILE.png","contentUrl":"https:\/\/frionox.com\/catalogo\/wp-content\/uploads\/2020\/04\/LOGO-MOBILE.png","width":203,"height":61,"caption":"Frionox Equipamiento de cocinas"}]},"product_price_amount":"15104.00","product_price_currency":"PEN","og_availability":"backorder","product_availability":"available for order","product_retailer_item_id":"CL55-220-3AC","product_condition":"new","geo.placename":"Cercado de Lima","geo.position":{"lat":"-11.980133","long":"-77.06118200000003"},"geo.region":"Per\u00fa"},"_links":{"self":[{"href":"https:\/\/frionox.com\/catalogo\/wp-json\/wp\/v2\/product\/15843","targetHints":{"allow":["GET"]}}],"collection":[{"href":"https:\/\/frionox.com\/catalogo\/wp-json\/wp\/v2\/product"}],"about":[{"href":"https:\/\/frionox.com\/catalogo\/wp-json\/wp\/v2\/types\/product"}],"replies":[{"embeddable":true,"href":"https:\/\/frionox.com\/catalogo\/wp-json\/wp\/v2\/comments?post=15843"}],"wp:featuredmedia":[{"embeddable":true,"href":"https:\/\/frionox.com\/catalogo\/wp-json\/wp\/v2\/media\/10875"}],"wp:attachment":[{"href":"https:\/\/frionox.com\/catalogo\/wp-json\/wp\/v2\/media?parent=15843"}],"wp:term":[{"taxonomy":"product_brand","embeddable":true,"href":"https:\/\/frionox.com\/catalogo\/wp-json\/wp\/v2\/product_brand?post=15843"},{"taxonomy":"product_cat","embeddable":true,"href":"https:\/\/frionox.com\/catalogo\/wp-json\/wp\/v2\/product_cat?post=15843"},{"taxonomy":"product_tag","embeddable":true,"href":"https:\/\/frionox.com\/catalogo\/wp-json\/wp\/v2\/product_tag?post=15843"}],"curies":[{"name":"wp","href":"https:\/\/api.w.org\/{rel}","templated":true}]}}