{"id":15708,"date":"2020-08-09T14:03:51","date_gmt":"2020-08-09T19:03:51","guid":{"rendered":"https:\/\/frionox.com\/catalogo\/producto\/self-cooking-center-scc-61g-6-bandejas-gn-1-1x2-5-scc-61g-220v\/"},"modified":"2025-10-29T09:53:44","modified_gmt":"2025-10-29T14:53:44","slug":"self-cooking-center-scc-61g-6-bandejas-gn-1-1x2-5-scc-61g-220v","status":"publish","type":"product","link":"https:\/\/frionox.com\/catalogo\/producto\/self-cooking-center-scc-61g-6-bandejas-gn-1-1x2-5-scc-61g-220v\/","title":{"rendered":"SELF COOKING CENTER (SCC 61G 6 BANDEJAS GN 1\/1&#215;2.5) &#8211; SCC-61G-220V"},"content":{"rendered":"<p>Genera vapor fresco,puro e higi\u00e9nico,mediante caldera con descalcificaci\u00f3n autom\u00e1tica. Cooking Control &#8211; 7 modos de cocci\u00f3n (carne, ave, pescado, guarniciones, ovoproducto, pasteler\u00eda, Finishing). Modo Vaporizador Combinado: Vapor entre 30\u00b0 C y 130\u00b0 C \/ Aire caliente de 30\u00b0 C a 300\u00b0 C \/ Combinaci\u00f3n de vapor y aire caliente de 30\u00b0 C-300\u00b0 C. 7 niveles de limpieza para la ejecuci\u00f3n sin vigilancia de los procesos de limpieza y mantenimiento tambi\u00e9n en servicio nocturno. Visualizaci\u00f3n del estado de suciedad y mantenimiento. Sonda t\u00e9rmica con 6 puntos de medici\u00f3n en el alimento, correcci\u00f3n autom\u00e1tica en caso de inexactitud al pinchar y posicionador para sonda t\u00e9rmica. Memoria para almacenar hasta 1200 programas de cocci\u00f3n con un m\u00e1ximo de 12 pasos por programa. 5 velocidades programables de circulaci\u00f3n del aire en cabina. Adaptaci\u00f3n autom\u00e1tica a las caracter\u00edsticas del lugar de instalaci\u00f3n (altitud, clima, etc.). 5 niveles programables de fermentaci\u00f3n. Puerta de la c\u00e1mara de cocci\u00f3n con acristalamiento triple con el revestimiento de reflexi\u00f3n de calor para reducir la p\u00e9rdida de calor al m\u00ednimo. C\u00e1mara de cocci\u00f3n puede soportar temperaturas de hasta 300\u00b0C. Capacidad: 30 a 80 comidas por turno ( 6 x 1\/1 x 2.5&#8243; GN ). Energia : Gas Voltaje: 220 V \/ 60Hz \/ 1AC<\/p>\n","protected":false},"excerpt":{"rendered":"<p>Genera vapor fresco,puro e higi\u00e9nico,mediante caldera con descalcificaci\u00f3n autom\u00e1tica. Cooking Control &#8211; 7 modos de cocci\u00f3n (carne, ave, pescado, guarniciones, ovoproducto, pasteler\u00eda, Finishing). Modo Vaporizador Combinado: Vapor entre 30\u00b0 C y 130\u00b0 C \/ Aire caliente de 30\u00b0 C a 300\u00b0 C \/ Combinaci\u00f3n de vapor y aire caliente de 30\u00b0 C-300\u00b0 C. 7 niveles de limpieza para la ejecuci\u00f3n sin vigilancia de los procesos de limpieza y mantenimiento tambi\u00e9n en servicio nocturno. Visualizaci\u00f3n del estado de suciedad y mantenimiento. Sonda t\u00e9rmica con 6 puntos de medici\u00f3n en el alimento, correcci\u00f3n autom\u00e1tica en caso de inexactitud al pinchar y posicionador para sonda t\u00e9rmica. Memoria para almacenar hasta 1200 programas de cocci\u00f3n con un m\u00e1ximo de 12 pasos por programa. 5 velocidades programables de circulaci\u00f3n del aire en cabina. Adaptaci\u00f3n autom\u00e1tica a las caracter\u00edsticas del lugar de instalaci\u00f3n (altitud, clima, etc.). 5 niveles programables de fermentaci\u00f3n. Puerta de la c\u00e1mara de cocci\u00f3n con acristalamiento triple con el revestimiento de reflexi\u00f3n de calor para reducir la p\u00e9rdida de calor al m\u00ednimo. C\u00e1mara de cocci\u00f3n puede soportar temperaturas de hasta 300\u00b0C. Capacidad: 30 a 80 comidas por turno ( 6 x 1\/1 x 2.5&#8243; GN ). Energia : Gas Voltaje: 220 V \/ 60Hz \/ 1AC<\/p>\n","protected":false},"featured_media":11456,"comment_status":"open","ping_status":"closed","template":"","meta":[],"product_brand":[],"product_cat":[29,117],"product_tag":[1883],"class_list":{"0":"post-15708","1":"product","2":"type-product","3":"status-publish","4":"has-post-thumbnail","6":"product_cat-equipos-de-coccion","7":"product_cat-hornos-industriales","8":"product_tag-self-cooking-center-scc-61g-6-bandejas-gn-1-1x2-5","9":"pa_marcas-rational","11":"first","12":"onbackorder","13":"shipping-taxable","14":"purchasable","15":"product-type-simple"},"yoast_head":"<!-- This site is optimized with the Yoast SEO Premium plugin v27.1 (Yoast SEO v27.1.1) - https:\/\/yoast.com\/product\/yoast-seo-premium-wordpress\/ -->\n<title>SELF COOKING CENTER (SCC 61G 6 BANDEJAS GN 1\/1x2.5) - SCC-61G-220V - FRIONOX<\/title>\n<meta name=\"description\" content=\"Genera vapor fresco,puro e higi\u00e9nico,mediante caldera con descalcificaci\u00f3n autom\u00e1tica. Cooking Control - 7 modos de cocci\u00f3n (carne, ave, pescado, guarniciones, ovoproducto, pasteler\u00eda, Finishing). Modo Vaporizador Combinado: Vapor entre 30\u00b0 C y 130\u00b0 C \/ Aire caliente de 30\u00b0 C a 300\u00b0 C \/ Combinaci\u00f3n de vapor y aire caliente de 30\u00b0 C-300\u00b0 C. 7 niveles de limpieza para la ejecuci\u00f3n sin vigilancia de los procesos de limpieza y mantenimiento tambi\u00e9n en servicio nocturno. Visualizaci\u00f3n del estado de suciedad y mantenimiento. Sonda t\u00e9rmica con 6 puntos de medici\u00f3n en el alimento, correcci\u00f3n autom\u00e1tica en caso de inexactitud al pinchar y posicionador para sonda t\u00e9rmica. Memoria para almacenar hasta 1200 programas de cocci\u00f3n con un m\u00e1ximo de 12 pasos por programa. 5 velocidades programables de circulaci\u00f3n del aire en cabina. Adaptaci\u00f3n autom\u00e1tica a las caracter\u00edsticas del lugar de instalaci\u00f3n (altitud, clima, etc.). 5 niveles programables de fermentaci\u00f3n. Puerta de la c\u00e1mara de cocci\u00f3n con acristalamiento triple con el revestimiento de reflexi\u00f3n de calor para reducir la p\u00e9rdida de calor al m\u00ednimo. C\u00e1mara de cocci\u00f3n puede soportar temperaturas de hasta 300\u00b0C. Capacidad: 30 a 80 comidas por turno ( 6 x 1\/1 x 2.5&quot; GN ). Energia : Gas Voltaje: 220 V \/ 60Hz \/ 1AC\" \/>\n<meta name=\"robots\" content=\"index, follow, max-snippet:-1, max-image-preview:large, max-video-preview:-1\" \/>\n<link rel=\"canonical\" href=\"https:\/\/frionox.com\/catalogo\/producto\/self-cooking-center-scc-61g-6-bandejas-gn-1-1x2-5-scc-61g-220v\/\" \/>\n<meta property=\"og:locale\" content=\"es_ES\" \/>\n<meta property=\"og:type\" content=\"article\" \/>\n<meta property=\"og:title\" content=\"SELF COOKING CENTER (SCC 61G 6 BANDEJAS GN 1\/1x2.5) - SCC-61G-220V\" \/>\n<meta property=\"og:description\" content=\"Genera vapor fresco,puro e higi\u00e9nico,mediante caldera con descalcificaci\u00f3n autom\u00e1tica. Cooking Control - 7 modos de cocci\u00f3n (carne, ave, pescado, guarniciones, ovoproducto, pasteler\u00eda, Finishing). Modo Vaporizador Combinado: Vapor entre 30\u00b0 C y 130\u00b0 C \/ Aire caliente de 30\u00b0 C a 300\u00b0 C \/ Combinaci\u00f3n de vapor y aire caliente de 30\u00b0 C-300\u00b0 C. 7 niveles de limpieza para la ejecuci\u00f3n sin vigilancia de los procesos de limpieza y mantenimiento tambi\u00e9n en servicio nocturno. Visualizaci\u00f3n del estado de suciedad y mantenimiento. Sonda t\u00e9rmica con 6 puntos de medici\u00f3n en el alimento, correcci\u00f3n autom\u00e1tica en caso de inexactitud al pinchar y posicionador para sonda t\u00e9rmica. Memoria para almacenar hasta 1200 programas de cocci\u00f3n con un m\u00e1ximo de 12 pasos por programa. 5 velocidades programables de circulaci\u00f3n del aire en cabina. Adaptaci\u00f3n autom\u00e1tica a las caracter\u00edsticas del lugar de instalaci\u00f3n (altitud, clima, etc.). 5 niveles programables de fermentaci\u00f3n. Puerta de la c\u00e1mara de cocci\u00f3n con acristalamiento triple con el revestimiento de reflexi\u00f3n de calor para reducir la p\u00e9rdida de calor al m\u00ednimo. C\u00e1mara de cocci\u00f3n puede soportar temperaturas de hasta 300\u00b0C. Capacidad: 30 a 80 comidas por turno ( 6 x 1\/1 x 2.5&quot; GN ). Energia : Gas Voltaje: 220 V \/ 60Hz \/ 1AC\" \/>\n<meta property=\"og:url\" content=\"https:\/\/frionox.com\/catalogo\/producto\/self-cooking-center-scc-61g-6-bandejas-gn-1-1x2-5-scc-61g-220v\/\" \/>\n<meta property=\"og:site_name\" content=\"FRIONOX\" \/>\n<meta property=\"article:publisher\" content=\"https:\/\/facebook.com\/frionox.pe\" \/>\n<meta property=\"article:modified_time\" content=\"2025-10-29T14:53:44+00:00\" \/>\n<meta property=\"og:image\" content=\"https:\/\/frionox.com\/catalogo\/wp-content\/uploads\/2020\/04\/SCC-61G-5S.jpg\" \/>\n\t<meta property=\"og:image:width\" content=\"800\" \/>\n\t<meta property=\"og:image:height\" content=\"800\" \/>\n\t<meta property=\"og:image:type\" content=\"image\/jpeg\" \/>\n<meta name=\"twitter:card\" content=\"summary_large_image\" \/>\n<meta name=\"twitter:site\" content=\"@frionoxsac\" \/>\n<meta name=\"twitter:label1\" content=\"Precio\" \/>\n\t<meta name=\"twitter:data1\" content=\"S\/15,730.53\" \/>\n\t<meta name=\"twitter:label2\" content=\"Disponibilidad\" \/>\n\t<meta name=\"twitter:data2\" content=\"Disponible para reservar\" \/>\n<script type=\"application\/ld+json\" class=\"yoast-schema-graph\">{\"@context\":\"https:\/\/schema.org\",\"@graph\":[{\"@type\":\"WebPage\",\"@id\":\"https:\/\/frionox.com\/catalogo\/producto\/self-cooking-center-scc-61g-6-bandejas-gn-1-1x2-5-scc-61g-220v\/\",\"url\":\"https:\/\/frionox.com\/catalogo\/producto\/self-cooking-center-scc-61g-6-bandejas-gn-1-1x2-5-scc-61g-220v\/\",\"name\":\"SELF COOKING CENTER (SCC 61G 6 BANDEJAS GN 1\/1x2.5) - SCC-61G-220V - FRIONOX\",\"isPartOf\":{\"@id\":\"https:\/\/frionox.com\/catalogo\/#website\"},\"primaryImageOfPage\":{\"@id\":\"https:\/\/frionox.com\/catalogo\/producto\/self-cooking-center-scc-61g-6-bandejas-gn-1-1x2-5-scc-61g-220v\/#primaryimage\"},\"image\":{\"@id\":\"https:\/\/frionox.com\/catalogo\/producto\/self-cooking-center-scc-61g-6-bandejas-gn-1-1x2-5-scc-61g-220v\/#primaryimage\"},\"thumbnailUrl\":\"https:\/\/frionox.com\/catalogo\/wp-content\/uploads\/2020\/04\/SCC-61G-5S.jpg\",\"datePublished\":\"2020-08-09T19:03:51+00:00\",\"dateModified\":\"2025-10-29T14:53:44+00:00\",\"description\":\"Genera vapor fresco,puro e higi\u00e9nico,mediante caldera con descalcificaci\u00f3n autom\u00e1tica. Cooking Control - 7 modos de cocci\u00f3n (carne, ave, pescado, guarniciones, ovoproducto, pasteler\u00eda, Finishing). Modo Vaporizador Combinado: Vapor entre 30\u00b0 C y 130\u00b0 C \/ Aire caliente de 30\u00b0 C a 300\u00b0 C \/ Combinaci\u00f3n de vapor y aire caliente de 30\u00b0 C-300\u00b0 C. 7 niveles de limpieza para la ejecuci\u00f3n sin vigilancia de los procesos de limpieza y mantenimiento tambi\u00e9n en servicio nocturno. Visualizaci\u00f3n del estado de suciedad y mantenimiento. Sonda t\u00e9rmica con 6 puntos de medici\u00f3n en el alimento, correcci\u00f3n autom\u00e1tica en caso de inexactitud al pinchar y posicionador para sonda t\u00e9rmica. Memoria para almacenar hasta 1200 programas de cocci\u00f3n con un m\u00e1ximo de 12 pasos por programa. 5 velocidades programables de circulaci\u00f3n del aire en cabina. Adaptaci\u00f3n autom\u00e1tica a las caracter\u00edsticas del lugar de instalaci\u00f3n (altitud, clima, etc.). 5 niveles programables de fermentaci\u00f3n. Puerta de la c\u00e1mara de cocci\u00f3n con acristalamiento triple con el revestimiento de reflexi\u00f3n de calor para reducir la p\u00e9rdida de calor al m\u00ednimo. C\u00e1mara de cocci\u00f3n puede soportar temperaturas de hasta 300\u00b0C. Capacidad: 30 a 80 comidas por turno ( 6 x 1\/1 x 2.5\\\" GN ). Energia : Gas Voltaje: 220 V \/ 60Hz \/ 1AC\",\"breadcrumb\":{\"@id\":\"https:\/\/frionox.com\/catalogo\/producto\/self-cooking-center-scc-61g-6-bandejas-gn-1-1x2-5-scc-61g-220v\/#breadcrumb\"},\"inLanguage\":\"es\",\"potentialAction\":[{\"@type\":\"ReadAction\",\"target\":[\"https:\/\/frionox.com\/catalogo\/producto\/self-cooking-center-scc-61g-6-bandejas-gn-1-1x2-5-scc-61g-220v\/\"]}]},{\"@type\":\"ImageObject\",\"inLanguage\":\"es\",\"@id\":\"https:\/\/frionox.com\/catalogo\/producto\/self-cooking-center-scc-61g-6-bandejas-gn-1-1x2-5-scc-61g-220v\/#primaryimage\",\"url\":\"https:\/\/frionox.com\/catalogo\/wp-content\/uploads\/2020\/04\/SCC-61G-5S.jpg\",\"contentUrl\":\"https:\/\/frionox.com\/catalogo\/wp-content\/uploads\/2020\/04\/SCC-61G-5S.jpg\",\"width\":800,\"height\":800},{\"@type\":\"BreadcrumbList\",\"@id\":\"https:\/\/frionox.com\/catalogo\/producto\/self-cooking-center-scc-61g-6-bandejas-gn-1-1x2-5-scc-61g-220v\/#breadcrumb\",\"itemListElement\":[{\"@type\":\"ListItem\",\"position\":1,\"name\":\"Portada\",\"item\":\"https:\/\/frionox.com\/catalogo\/\"},{\"@type\":\"ListItem\",\"position\":2,\"name\":\"Hornos Industriales, Licuadoras Industriales, Cocinas y m\u00e1s\",\"item\":\"https:\/\/frionox.com\/catalogo\/tienda\/\"},{\"@type\":\"ListItem\",\"position\":3,\"name\":\"SELF COOKING CENTER (SCC 61G 6 BANDEJAS GN 1\/1&#215;2.5) &#8211; SCC-61G-220V\"}]},{\"@type\":\"WebSite\",\"@id\":\"https:\/\/frionox.com\/catalogo\/#website\",\"url\":\"https:\/\/frionox.com\/catalogo\/\",\"name\":\"FRIONOX\",\"description\":\"Equipamiento de cocinas\",\"publisher\":{\"@id\":\"https:\/\/frionox.com\/catalogo\/#organization\"},\"potentialAction\":[{\"@type\":\"SearchAction\",\"target\":{\"@type\":\"EntryPoint\",\"urlTemplate\":\"https:\/\/frionox.com\/catalogo\/?s={search_term_string}\"},\"query-input\":{\"@type\":\"PropertyValueSpecification\",\"valueRequired\":true,\"valueName\":\"search_term_string\"}}],\"inLanguage\":\"es\"},{\"@type\":[\"Organization\",\"Place\",\"LocalBusiness\"],\"@id\":\"https:\/\/frionox.com\/catalogo\/#organization\",\"name\":\"Frionox Equipamiento de cocinas\",\"url\":\"https:\/\/frionox.com\/catalogo\/\",\"logo\":{\"@id\":\"https:\/\/frionox.com\/catalogo\/producto\/self-cooking-center-scc-61g-6-bandejas-gn-1-1x2-5-scc-61g-220v\/#local-main-organization-logo\"},\"image\":{\"@id\":\"https:\/\/frionox.com\/catalogo\/producto\/self-cooking-center-scc-61g-6-bandejas-gn-1-1x2-5-scc-61g-220v\/#local-main-organization-logo\"},\"sameAs\":[\"https:\/\/facebook.com\/frionox.pe\",\"https:\/\/x.com\/frionoxsac\",\"https:\/\/youtube.com\/@FRIONOXEQUIPAMIENTODECOCINA\"],\"address\":{\"@id\":\"https:\/\/frionox.com\/catalogo\/producto\/self-cooking-center-scc-61g-6-bandejas-gn-1-1x2-5-scc-61g-220v\/#local-main-place-address\"},\"geo\":{\"@type\":\"GeoCoordinates\",\"latitude\":\"-11.980133\",\"longitude\":\"-77.06118200000003\"},\"telephone\":[\"+5115221181\"],\"openingHoursSpecification\":[{\"@type\":\"OpeningHoursSpecification\",\"dayOfWeek\":[\"Monday\",\"Tuesday\",\"Wednesday\",\"Thursday\",\"Friday\",\"Saturday\"],\"opens\":\"08:00\",\"closes\":\"18:00\"},{\"@type\":\"OpeningHoursSpecification\",\"dayOfWeek\":[\"Sunday\"],\"opens\":\"00:00\",\"closes\":\"00:00\"}],\"email\":\"cotizaciones@frionox.com\"},{\"@type\":\"PostalAddress\",\"@id\":\"https:\/\/frionox.com\/catalogo\/producto\/self-cooking-center-scc-61g-6-bandejas-gn-1-1x2-5-scc-61g-220v\/#local-main-place-address\",\"streetAddress\":\"Av. Oscar R. Benavides 1624\",\"addressLocality\":\"Cercado de Lima\",\"postalCode\":\"15082\",\"addressRegion\":\"Lima\",\"addressCountry\":\"PE\"},{\"@type\":\"ImageObject\",\"inLanguage\":\"es\",\"@id\":\"https:\/\/frionox.com\/catalogo\/producto\/self-cooking-center-scc-61g-6-bandejas-gn-1-1x2-5-scc-61g-220v\/#local-main-organization-logo\",\"url\":\"https:\/\/frionox.com\/catalogo\/wp-content\/uploads\/2020\/04\/LOGO-MOBILE.png\",\"contentUrl\":\"https:\/\/frionox.com\/catalogo\/wp-content\/uploads\/2020\/04\/LOGO-MOBILE.png\",\"width\":203,\"height\":61,\"caption\":\"Frionox Equipamiento de cocinas\"}]}<\/script>\n<meta property=\"product:price:amount\" content=\"15730.53\" \/>\n<meta property=\"product:price:currency\" content=\"PEN\" \/>\n<meta property=\"og:availability\" content=\"backorder\" \/>\n<meta property=\"product:availability\" content=\"available for order\" \/>\n<meta property=\"product:retailer_item_id\" content=\"SCC-61G-220V\" \/>\n<meta property=\"product:condition\" content=\"new\" \/>\n<meta name=\"geo.placename\" content=\"Cercado de Lima\" \/>\n<meta name=\"geo.position\" content=\"-11.980133;-77.06118200000003\" \/>\n<meta name=\"geo.region\" content=\"Per\u00fa\" \/>\n<!-- \/ Yoast SEO Premium plugin. -->","yoast_head_json":{"title":"SELF COOKING CENTER (SCC 61G 6 BANDEJAS GN 1\/1x2.5) - SCC-61G-220V - FRIONOX","description":"Genera vapor fresco,puro e higi\u00e9nico,mediante caldera con descalcificaci\u00f3n autom\u00e1tica. Cooking Control - 7 modos de cocci\u00f3n (carne, ave, pescado, guarniciones, ovoproducto, pasteler\u00eda, Finishing). Modo Vaporizador Combinado: Vapor entre 30\u00b0 C y 130\u00b0 C \/ Aire caliente de 30\u00b0 C a 300\u00b0 C \/ Combinaci\u00f3n de vapor y aire caliente de 30\u00b0 C-300\u00b0 C. 7 niveles de limpieza para la ejecuci\u00f3n sin vigilancia de los procesos de limpieza y mantenimiento tambi\u00e9n en servicio nocturno. Visualizaci\u00f3n del estado de suciedad y mantenimiento. Sonda t\u00e9rmica con 6 puntos de medici\u00f3n en el alimento, correcci\u00f3n autom\u00e1tica en caso de inexactitud al pinchar y posicionador para sonda t\u00e9rmica. Memoria para almacenar hasta 1200 programas de cocci\u00f3n con un m\u00e1ximo de 12 pasos por programa. 5 velocidades programables de circulaci\u00f3n del aire en cabina. Adaptaci\u00f3n autom\u00e1tica a las caracter\u00edsticas del lugar de instalaci\u00f3n (altitud, clima, etc.). 5 niveles programables de fermentaci\u00f3n. Puerta de la c\u00e1mara de cocci\u00f3n con acristalamiento triple con el revestimiento de reflexi\u00f3n de calor para reducir la p\u00e9rdida de calor al m\u00ednimo. C\u00e1mara de cocci\u00f3n puede soportar temperaturas de hasta 300\u00b0C. Capacidad: 30 a 80 comidas por turno ( 6 x 1\/1 x 2.5\" GN ). Energia : Gas Voltaje: 220 V \/ 60Hz \/ 1AC","robots":{"index":"index","follow":"follow","max-snippet":"max-snippet:-1","max-image-preview":"max-image-preview:large","max-video-preview":"max-video-preview:-1"},"canonical":"https:\/\/frionox.com\/catalogo\/producto\/self-cooking-center-scc-61g-6-bandejas-gn-1-1x2-5-scc-61g-220v\/","og_locale":"es_ES","og_type":"article","og_title":"SELF COOKING CENTER (SCC 61G 6 BANDEJAS GN 1\/1x2.5) - SCC-61G-220V","og_description":"Genera vapor fresco,puro e higi\u00e9nico,mediante caldera con descalcificaci\u00f3n autom\u00e1tica. Cooking Control - 7 modos de cocci\u00f3n (carne, ave, pescado, guarniciones, ovoproducto, pasteler\u00eda, Finishing). Modo Vaporizador Combinado: Vapor entre 30\u00b0 C y 130\u00b0 C \/ Aire caliente de 30\u00b0 C a 300\u00b0 C \/ Combinaci\u00f3n de vapor y aire caliente de 30\u00b0 C-300\u00b0 C. 7 niveles de limpieza para la ejecuci\u00f3n sin vigilancia de los procesos de limpieza y mantenimiento tambi\u00e9n en servicio nocturno. Visualizaci\u00f3n del estado de suciedad y mantenimiento. Sonda t\u00e9rmica con 6 puntos de medici\u00f3n en el alimento, correcci\u00f3n autom\u00e1tica en caso de inexactitud al pinchar y posicionador para sonda t\u00e9rmica. Memoria para almacenar hasta 1200 programas de cocci\u00f3n con un m\u00e1ximo de 12 pasos por programa. 5 velocidades programables de circulaci\u00f3n del aire en cabina. Adaptaci\u00f3n autom\u00e1tica a las caracter\u00edsticas del lugar de instalaci\u00f3n (altitud, clima, etc.). 5 niveles programables de fermentaci\u00f3n. Puerta de la c\u00e1mara de cocci\u00f3n con acristalamiento triple con el revestimiento de reflexi\u00f3n de calor para reducir la p\u00e9rdida de calor al m\u00ednimo. C\u00e1mara de cocci\u00f3n puede soportar temperaturas de hasta 300\u00b0C. Capacidad: 30 a 80 comidas por turno ( 6 x 1\/1 x 2.5\" GN ). Energia : Gas Voltaje: 220 V \/ 60Hz \/ 1AC","og_url":"https:\/\/frionox.com\/catalogo\/producto\/self-cooking-center-scc-61g-6-bandejas-gn-1-1x2-5-scc-61g-220v\/","og_site_name":"FRIONOX","article_publisher":"https:\/\/facebook.com\/frionox.pe","article_modified_time":"2025-10-29T14:53:44+00:00","og_image":[{"width":800,"height":800,"url":"https:\/\/frionox.com\/catalogo\/wp-content\/uploads\/2020\/04\/SCC-61G-5S.jpg","type":"image\/jpeg"}],"twitter_card":"summary_large_image","twitter_site":"@frionoxsac","twitter_misc":{"Precio":"S\/15,730.53","Disponibilidad":"Disponible para reservar"},"schema":{"@context":"https:\/\/schema.org","@graph":[{"@type":"WebPage","@id":"https:\/\/frionox.com\/catalogo\/producto\/self-cooking-center-scc-61g-6-bandejas-gn-1-1x2-5-scc-61g-220v\/","url":"https:\/\/frionox.com\/catalogo\/producto\/self-cooking-center-scc-61g-6-bandejas-gn-1-1x2-5-scc-61g-220v\/","name":"SELF COOKING CENTER (SCC 61G 6 BANDEJAS GN 1\/1x2.5) - SCC-61G-220V - FRIONOX","isPartOf":{"@id":"https:\/\/frionox.com\/catalogo\/#website"},"primaryImageOfPage":{"@id":"https:\/\/frionox.com\/catalogo\/producto\/self-cooking-center-scc-61g-6-bandejas-gn-1-1x2-5-scc-61g-220v\/#primaryimage"},"image":{"@id":"https:\/\/frionox.com\/catalogo\/producto\/self-cooking-center-scc-61g-6-bandejas-gn-1-1x2-5-scc-61g-220v\/#primaryimage"},"thumbnailUrl":"https:\/\/frionox.com\/catalogo\/wp-content\/uploads\/2020\/04\/SCC-61G-5S.jpg","datePublished":"2020-08-09T19:03:51+00:00","dateModified":"2025-10-29T14:53:44+00:00","description":"Genera vapor fresco,puro e higi\u00e9nico,mediante caldera con descalcificaci\u00f3n autom\u00e1tica. Cooking Control - 7 modos de cocci\u00f3n (carne, ave, pescado, guarniciones, ovoproducto, pasteler\u00eda, Finishing). Modo Vaporizador Combinado: Vapor entre 30\u00b0 C y 130\u00b0 C \/ Aire caliente de 30\u00b0 C a 300\u00b0 C \/ Combinaci\u00f3n de vapor y aire caliente de 30\u00b0 C-300\u00b0 C. 7 niveles de limpieza para la ejecuci\u00f3n sin vigilancia de los procesos de limpieza y mantenimiento tambi\u00e9n en servicio nocturno. Visualizaci\u00f3n del estado de suciedad y mantenimiento. Sonda t\u00e9rmica con 6 puntos de medici\u00f3n en el alimento, correcci\u00f3n autom\u00e1tica en caso de inexactitud al pinchar y posicionador para sonda t\u00e9rmica. Memoria para almacenar hasta 1200 programas de cocci\u00f3n con un m\u00e1ximo de 12 pasos por programa. 5 velocidades programables de circulaci\u00f3n del aire en cabina. Adaptaci\u00f3n autom\u00e1tica a las caracter\u00edsticas del lugar de instalaci\u00f3n (altitud, clima, etc.). 5 niveles programables de fermentaci\u00f3n. Puerta de la c\u00e1mara de cocci\u00f3n con acristalamiento triple con el revestimiento de reflexi\u00f3n de calor para reducir la p\u00e9rdida de calor al m\u00ednimo. C\u00e1mara de cocci\u00f3n puede soportar temperaturas de hasta 300\u00b0C. Capacidad: 30 a 80 comidas por turno ( 6 x 1\/1 x 2.5\" GN ). Energia : Gas Voltaje: 220 V \/ 60Hz \/ 1AC","breadcrumb":{"@id":"https:\/\/frionox.com\/catalogo\/producto\/self-cooking-center-scc-61g-6-bandejas-gn-1-1x2-5-scc-61g-220v\/#breadcrumb"},"inLanguage":"es","potentialAction":[{"@type":"ReadAction","target":["https:\/\/frionox.com\/catalogo\/producto\/self-cooking-center-scc-61g-6-bandejas-gn-1-1x2-5-scc-61g-220v\/"]}]},{"@type":"ImageObject","inLanguage":"es","@id":"https:\/\/frionox.com\/catalogo\/producto\/self-cooking-center-scc-61g-6-bandejas-gn-1-1x2-5-scc-61g-220v\/#primaryimage","url":"https:\/\/frionox.com\/catalogo\/wp-content\/uploads\/2020\/04\/SCC-61G-5S.jpg","contentUrl":"https:\/\/frionox.com\/catalogo\/wp-content\/uploads\/2020\/04\/SCC-61G-5S.jpg","width":800,"height":800},{"@type":"BreadcrumbList","@id":"https:\/\/frionox.com\/catalogo\/producto\/self-cooking-center-scc-61g-6-bandejas-gn-1-1x2-5-scc-61g-220v\/#breadcrumb","itemListElement":[{"@type":"ListItem","position":1,"name":"Portada","item":"https:\/\/frionox.com\/catalogo\/"},{"@type":"ListItem","position":2,"name":"Hornos Industriales, Licuadoras Industriales, Cocinas y m\u00e1s","item":"https:\/\/frionox.com\/catalogo\/tienda\/"},{"@type":"ListItem","position":3,"name":"SELF COOKING CENTER (SCC 61G 6 BANDEJAS GN 1\/1&#215;2.5) &#8211; SCC-61G-220V"}]},{"@type":"WebSite","@id":"https:\/\/frionox.com\/catalogo\/#website","url":"https:\/\/frionox.com\/catalogo\/","name":"FRIONOX","description":"Equipamiento de cocinas","publisher":{"@id":"https:\/\/frionox.com\/catalogo\/#organization"},"potentialAction":[{"@type":"SearchAction","target":{"@type":"EntryPoint","urlTemplate":"https:\/\/frionox.com\/catalogo\/?s={search_term_string}"},"query-input":{"@type":"PropertyValueSpecification","valueRequired":true,"valueName":"search_term_string"}}],"inLanguage":"es"},{"@type":["Organization","Place","LocalBusiness"],"@id":"https:\/\/frionox.com\/catalogo\/#organization","name":"Frionox Equipamiento de cocinas","url":"https:\/\/frionox.com\/catalogo\/","logo":{"@id":"https:\/\/frionox.com\/catalogo\/producto\/self-cooking-center-scc-61g-6-bandejas-gn-1-1x2-5-scc-61g-220v\/#local-main-organization-logo"},"image":{"@id":"https:\/\/frionox.com\/catalogo\/producto\/self-cooking-center-scc-61g-6-bandejas-gn-1-1x2-5-scc-61g-220v\/#local-main-organization-logo"},"sameAs":["https:\/\/facebook.com\/frionox.pe","https:\/\/x.com\/frionoxsac","https:\/\/youtube.com\/@FRIONOXEQUIPAMIENTODECOCINA"],"address":{"@id":"https:\/\/frionox.com\/catalogo\/producto\/self-cooking-center-scc-61g-6-bandejas-gn-1-1x2-5-scc-61g-220v\/#local-main-place-address"},"geo":{"@type":"GeoCoordinates","latitude":"-11.980133","longitude":"-77.06118200000003"},"telephone":["+5115221181"],"openingHoursSpecification":[{"@type":"OpeningHoursSpecification","dayOfWeek":["Monday","Tuesday","Wednesday","Thursday","Friday","Saturday"],"opens":"08:00","closes":"18:00"},{"@type":"OpeningHoursSpecification","dayOfWeek":["Sunday"],"opens":"00:00","closes":"00:00"}],"email":"cotizaciones@frionox.com"},{"@type":"PostalAddress","@id":"https:\/\/frionox.com\/catalogo\/producto\/self-cooking-center-scc-61g-6-bandejas-gn-1-1x2-5-scc-61g-220v\/#local-main-place-address","streetAddress":"Av. Oscar R. Benavides 1624","addressLocality":"Cercado de Lima","postalCode":"15082","addressRegion":"Lima","addressCountry":"PE"},{"@type":"ImageObject","inLanguage":"es","@id":"https:\/\/frionox.com\/catalogo\/producto\/self-cooking-center-scc-61g-6-bandejas-gn-1-1x2-5-scc-61g-220v\/#local-main-organization-logo","url":"https:\/\/frionox.com\/catalogo\/wp-content\/uploads\/2020\/04\/LOGO-MOBILE.png","contentUrl":"https:\/\/frionox.com\/catalogo\/wp-content\/uploads\/2020\/04\/LOGO-MOBILE.png","width":203,"height":61,"caption":"Frionox Equipamiento de cocinas"}]},"product_price_amount":"15730.53","product_price_currency":"PEN","og_availability":"backorder","product_availability":"available for order","product_retailer_item_id":"SCC-61G-220V","product_condition":"new","geo.placename":"Cercado de Lima","geo.position":{"lat":"-11.980133","long":"-77.06118200000003"},"geo.region":"Per\u00fa"},"_links":{"self":[{"href":"https:\/\/frionox.com\/catalogo\/wp-json\/wp\/v2\/product\/15708","targetHints":{"allow":["GET"]}}],"collection":[{"href":"https:\/\/frionox.com\/catalogo\/wp-json\/wp\/v2\/product"}],"about":[{"href":"https:\/\/frionox.com\/catalogo\/wp-json\/wp\/v2\/types\/product"}],"replies":[{"embeddable":true,"href":"https:\/\/frionox.com\/catalogo\/wp-json\/wp\/v2\/comments?post=15708"}],"wp:featuredmedia":[{"embeddable":true,"href":"https:\/\/frionox.com\/catalogo\/wp-json\/wp\/v2\/media\/11456"}],"wp:attachment":[{"href":"https:\/\/frionox.com\/catalogo\/wp-json\/wp\/v2\/media?parent=15708"}],"wp:term":[{"taxonomy":"product_brand","embeddable":true,"href":"https:\/\/frionox.com\/catalogo\/wp-json\/wp\/v2\/product_brand?post=15708"},{"taxonomy":"product_cat","embeddable":true,"href":"https:\/\/frionox.com\/catalogo\/wp-json\/wp\/v2\/product_cat?post=15708"},{"taxonomy":"product_tag","embeddable":true,"href":"https:\/\/frionox.com\/catalogo\/wp-json\/wp\/v2\/product_tag?post=15708"}],"curies":[{"name":"wp","href":"https:\/\/api.w.org\/{rel}","templated":true}]}}