{"id":15663,"date":"2020-08-09T14:03:24","date_gmt":"2020-08-09T19:03:24","guid":{"rendered":"https:\/\/frionox.com\/catalogo\/producto\/armario-combinado-full-h-puerta-solida-c539-cxfs-u\/"},"modified":"2022-05-13T17:23:08","modified_gmt":"2022-05-13T22:23:08","slug":"armario-combinado-full-h-puerta-solida-c539-cxfs-u","status":"publish","type":"product","link":"https:\/\/frionox.com\/catalogo\/producto\/armario-combinado-full-h-puerta-solida-c539-cxfs-u\/","title":{"rendered":"ARMARIO COMBINADO FULL H PUERTA SOLIDA &#8211; C539-CXFS-U"},"content":{"rendered":"<p>Armario hermetico combinado m\u00f3vil de altura completa,m\u00f3dulo insulado,puerta s\u00f3lida,termostato de 26\u00b0C-93\u00b0C,guias universales a 7.5 cm,04 garruchas de 5&#8243; 2 con freno,Voltaje: 220V\/60Hz\/1AC,potencia conectada-electricidad: 2000 W,capacidad: 34 GN 1\/1 x 2.5&#8243;.<\/p>\n","protected":false},"excerpt":{"rendered":"<p>Armario hermetico combinado m\u00f3vil de altura completa,m\u00f3dulo insulado,puerta s\u00f3lida,termostato de 26\u00b0C-93\u00b0C,guias universales a 7.5 cm,04 garruchas de 5&#8243; 2 con freno,Voltaje: 220V\/60Hz\/1AC,potencia conectada-electricidad: 2000 W,capacidad: 34 GN 1\/1 x 2.5&#8243;.<\/p>\n","protected":false},"featured_media":10806,"comment_status":"open","ping_status":"closed","template":"","meta":[],"product_brand":[],"product_cat":[332],"product_tag":[1763],"class_list":{"0":"post-15663","1":"product","2":"type-product","3":"status-publish","4":"has-post-thumbnail","6":"product_cat-uncategorized","7":"product_tag-armario-combinado-full-h-puerta-solida","8":"pa_marcas-metro","10":"first","11":"onbackorder","12":"shipping-taxable","13":"purchasable","14":"product-type-simple"},"yoast_head":"<!-- This site is optimized with the Yoast SEO Premium plugin v27.1 (Yoast SEO v27.1.1) - https:\/\/yoast.com\/product\/yoast-seo-premium-wordpress\/ -->\n<title>ARMARIO COMBINADO FULL H PUERTA SOLIDA - C539-CXFS-U - FRIONOX<\/title>\n<meta name=\"description\" content=\"Armario hermetico combinado m\u00f3vil de altura completa,m\u00f3dulo insulado,puerta s\u00f3lida,termostato de 26\u00b0C-93\u00b0C,guias universales a 7.5 cm,04 garruchas de 5&quot; 2 con freno,Voltaje: 220V\/60Hz\/1AC,potencia conectada-electricidad: 2000 W,capacidad: 34 GN 1\/1 x 2.5&quot;.\" \/>\n<meta name=\"robots\" content=\"index, follow, max-snippet:-1, max-image-preview:large, max-video-preview:-1\" \/>\n<link rel=\"canonical\" href=\"https:\/\/frionox.com\/catalogo\/producto\/armario-combinado-full-h-puerta-solida-c539-cxfs-u\/\" \/>\n<meta property=\"og:locale\" content=\"es_ES\" \/>\n<meta property=\"og:type\" content=\"article\" \/>\n<meta property=\"og:title\" content=\"ARMARIO COMBINADO FULL H PUERTA SOLIDA - C539-CXFS-U\" \/>\n<meta property=\"og:description\" content=\"Armario hermetico combinado m\u00f3vil de altura completa,m\u00f3dulo insulado,puerta s\u00f3lida,termostato de 26\u00b0C-93\u00b0C,guias universales a 7.5 cm,04 garruchas de 5&quot; 2 con freno,Voltaje: 220V\/60Hz\/1AC,potencia conectada-electricidad: 2000 W,capacidad: 34 GN 1\/1 x 2.5&quot;.\" \/>\n<meta property=\"og:url\" content=\"https:\/\/frionox.com\/catalogo\/producto\/armario-combinado-full-h-puerta-solida-c539-cxfs-u\/\" \/>\n<meta property=\"og:site_name\" content=\"FRIONOX\" \/>\n<meta property=\"article:publisher\" content=\"https:\/\/facebook.com\/frionox.pe\" \/>\n<meta property=\"article:modified_time\" content=\"2022-05-13T22:23:08+00:00\" \/>\n<meta property=\"og:image\" content=\"https:\/\/frionox.com\/catalogo\/wp-content\/uploads\/2020\/04\/C539-HXFS-U.jpg\" \/>\n\t<meta property=\"og:image:width\" content=\"800\" \/>\n\t<meta property=\"og:image:height\" content=\"800\" \/>\n\t<meta property=\"og:image:type\" content=\"image\/jpeg\" \/>\n<meta name=\"twitter:card\" content=\"summary_large_image\" \/>\n<meta name=\"twitter:site\" content=\"@frionoxsac\" \/>\n<meta name=\"twitter:label1\" content=\"Precio\" \/>\n\t<meta name=\"twitter:data1\" content=\"S\/4,932.40\" \/>\n\t<meta name=\"twitter:label2\" content=\"Disponibilidad\" \/>\n\t<meta name=\"twitter:data2\" content=\"Disponible para reservar\" \/>\n<script type=\"application\/ld+json\" class=\"yoast-schema-graph\">{\"@context\":\"https:\/\/schema.org\",\"@graph\":[{\"@type\":\"WebPage\",\"@id\":\"https:\/\/frionox.com\/catalogo\/producto\/armario-combinado-full-h-puerta-solida-c539-cxfs-u\/\",\"url\":\"https:\/\/frionox.com\/catalogo\/producto\/armario-combinado-full-h-puerta-solida-c539-cxfs-u\/\",\"name\":\"ARMARIO COMBINADO FULL H PUERTA SOLIDA - C539-CXFS-U - FRIONOX\",\"isPartOf\":{\"@id\":\"https:\/\/frionox.com\/catalogo\/#website\"},\"primaryImageOfPage\":{\"@id\":\"https:\/\/frionox.com\/catalogo\/producto\/armario-combinado-full-h-puerta-solida-c539-cxfs-u\/#primaryimage\"},\"image\":{\"@id\":\"https:\/\/frionox.com\/catalogo\/producto\/armario-combinado-full-h-puerta-solida-c539-cxfs-u\/#primaryimage\"},\"thumbnailUrl\":\"https:\/\/frionox.com\/catalogo\/wp-content\/uploads\/2020\/04\/C539-HXFS-U.jpg\",\"datePublished\":\"2020-08-09T19:03:24+00:00\",\"dateModified\":\"2022-05-13T22:23:08+00:00\",\"description\":\"Armario hermetico combinado m\u00f3vil de altura completa,m\u00f3dulo insulado,puerta s\u00f3lida,termostato de 26\u00b0C-93\u00b0C,guias universales a 7.5 cm,04 garruchas de 5\\\" 2 con freno,Voltaje: 220V\/60Hz\/1AC,potencia conectada-electricidad: 2000 W,capacidad: 34 GN 1\/1 x 2.5\\\".\",\"breadcrumb\":{\"@id\":\"https:\/\/frionox.com\/catalogo\/producto\/armario-combinado-full-h-puerta-solida-c539-cxfs-u\/#breadcrumb\"},\"inLanguage\":\"es\",\"potentialAction\":[{\"@type\":\"ReadAction\",\"target\":[\"https:\/\/frionox.com\/catalogo\/producto\/armario-combinado-full-h-puerta-solida-c539-cxfs-u\/\"]}]},{\"@type\":\"ImageObject\",\"inLanguage\":\"es\",\"@id\":\"https:\/\/frionox.com\/catalogo\/producto\/armario-combinado-full-h-puerta-solida-c539-cxfs-u\/#primaryimage\",\"url\":\"https:\/\/frionox.com\/catalogo\/wp-content\/uploads\/2020\/04\/C539-HXFS-U.jpg\",\"contentUrl\":\"https:\/\/frionox.com\/catalogo\/wp-content\/uploads\/2020\/04\/C539-HXFS-U.jpg\",\"width\":800,\"height\":800},{\"@type\":\"BreadcrumbList\",\"@id\":\"https:\/\/frionox.com\/catalogo\/producto\/armario-combinado-full-h-puerta-solida-c539-cxfs-u\/#breadcrumb\",\"itemListElement\":[{\"@type\":\"ListItem\",\"position\":1,\"name\":\"Portada\",\"item\":\"https:\/\/frionox.com\/catalogo\/\"},{\"@type\":\"ListItem\",\"position\":2,\"name\":\"Hornos Industriales, Licuadoras Industriales, Cocinas y m\u00e1s\",\"item\":\"https:\/\/frionox.com\/catalogo\/tienda\/\"},{\"@type\":\"ListItem\",\"position\":3,\"name\":\"ARMARIO COMBINADO FULL H PUERTA SOLIDA &#8211; C539-CXFS-U\"}]},{\"@type\":\"WebSite\",\"@id\":\"https:\/\/frionox.com\/catalogo\/#website\",\"url\":\"https:\/\/frionox.com\/catalogo\/\",\"name\":\"FRIONOX\",\"description\":\"Equipamiento de cocinas\",\"publisher\":{\"@id\":\"https:\/\/frionox.com\/catalogo\/#organization\"},\"potentialAction\":[{\"@type\":\"SearchAction\",\"target\":{\"@type\":\"EntryPoint\",\"urlTemplate\":\"https:\/\/frionox.com\/catalogo\/?s={search_term_string}\"},\"query-input\":{\"@type\":\"PropertyValueSpecification\",\"valueRequired\":true,\"valueName\":\"search_term_string\"}}],\"inLanguage\":\"es\"},{\"@type\":[\"Organization\",\"Place\",\"LocalBusiness\"],\"@id\":\"https:\/\/frionox.com\/catalogo\/#organization\",\"name\":\"Frionox Equipamiento de cocinas\",\"url\":\"https:\/\/frionox.com\/catalogo\/\",\"logo\":{\"@id\":\"https:\/\/frionox.com\/catalogo\/producto\/armario-combinado-full-h-puerta-solida-c539-cxfs-u\/#local-main-organization-logo\"},\"image\":{\"@id\":\"https:\/\/frionox.com\/catalogo\/producto\/armario-combinado-full-h-puerta-solida-c539-cxfs-u\/#local-main-organization-logo\"},\"sameAs\":[\"https:\/\/facebook.com\/frionox.pe\",\"https:\/\/x.com\/frionoxsac\",\"https:\/\/youtube.com\/@FRIONOXEQUIPAMIENTODECOCINA\"],\"address\":{\"@id\":\"https:\/\/frionox.com\/catalogo\/producto\/armario-combinado-full-h-puerta-solida-c539-cxfs-u\/#local-main-place-address\"},\"geo\":{\"@type\":\"GeoCoordinates\",\"latitude\":\"-11.980133\",\"longitude\":\"-77.06118200000003\"},\"telephone\":[\"+5115221181\"],\"openingHoursSpecification\":[{\"@type\":\"OpeningHoursSpecification\",\"dayOfWeek\":[\"Monday\",\"Tuesday\",\"Wednesday\",\"Thursday\",\"Friday\",\"Saturday\"],\"opens\":\"08:00\",\"closes\":\"18:00\"},{\"@type\":\"OpeningHoursSpecification\",\"dayOfWeek\":[\"Sunday\"],\"opens\":\"00:00\",\"closes\":\"00:00\"}],\"email\":\"cotizaciones@frionox.com\"},{\"@type\":\"PostalAddress\",\"@id\":\"https:\/\/frionox.com\/catalogo\/producto\/armario-combinado-full-h-puerta-solida-c539-cxfs-u\/#local-main-place-address\",\"streetAddress\":\"Av. Oscar R. Benavides 1624\",\"addressLocality\":\"Cercado de Lima\",\"postalCode\":\"15082\",\"addressRegion\":\"Lima\",\"addressCountry\":\"PE\"},{\"@type\":\"ImageObject\",\"inLanguage\":\"es\",\"@id\":\"https:\/\/frionox.com\/catalogo\/producto\/armario-combinado-full-h-puerta-solida-c539-cxfs-u\/#local-main-organization-logo\",\"url\":\"https:\/\/frionox.com\/catalogo\/wp-content\/uploads\/2020\/04\/LOGO-MOBILE.png\",\"contentUrl\":\"https:\/\/frionox.com\/catalogo\/wp-content\/uploads\/2020\/04\/LOGO-MOBILE.png\",\"width\":203,\"height\":61,\"caption\":\"Frionox Equipamiento de cocinas\"}]}<\/script>\n<meta property=\"product:price:amount\" content=\"4932.40\" \/>\n<meta property=\"product:price:currency\" content=\"PEN\" \/>\n<meta property=\"og:availability\" content=\"backorder\" \/>\n<meta property=\"product:availability\" content=\"available for order\" \/>\n<meta property=\"product:retailer_item_id\" content=\"C539-CXFS-U\" \/>\n<meta property=\"product:condition\" content=\"new\" \/>\n<meta name=\"geo.placename\" content=\"Cercado de Lima\" \/>\n<meta name=\"geo.position\" content=\"-11.980133;-77.06118200000003\" \/>\n<meta name=\"geo.region\" content=\"Per\u00fa\" \/>\n<!-- \/ Yoast SEO Premium plugin. -->","yoast_head_json":{"title":"ARMARIO COMBINADO FULL H PUERTA SOLIDA - C539-CXFS-U - FRIONOX","description":"Armario hermetico combinado m\u00f3vil de altura completa,m\u00f3dulo insulado,puerta s\u00f3lida,termostato de 26\u00b0C-93\u00b0C,guias universales a 7.5 cm,04 garruchas de 5\" 2 con freno,Voltaje: 220V\/60Hz\/1AC,potencia conectada-electricidad: 2000 W,capacidad: 34 GN 1\/1 x 2.5\".","robots":{"index":"index","follow":"follow","max-snippet":"max-snippet:-1","max-image-preview":"max-image-preview:large","max-video-preview":"max-video-preview:-1"},"canonical":"https:\/\/frionox.com\/catalogo\/producto\/armario-combinado-full-h-puerta-solida-c539-cxfs-u\/","og_locale":"es_ES","og_type":"article","og_title":"ARMARIO COMBINADO FULL H PUERTA SOLIDA - C539-CXFS-U","og_description":"Armario hermetico combinado m\u00f3vil de altura completa,m\u00f3dulo insulado,puerta s\u00f3lida,termostato de 26\u00b0C-93\u00b0C,guias universales a 7.5 cm,04 garruchas de 5\" 2 con freno,Voltaje: 220V\/60Hz\/1AC,potencia conectada-electricidad: 2000 W,capacidad: 34 GN 1\/1 x 2.5\".","og_url":"https:\/\/frionox.com\/catalogo\/producto\/armario-combinado-full-h-puerta-solida-c539-cxfs-u\/","og_site_name":"FRIONOX","article_publisher":"https:\/\/facebook.com\/frionox.pe","article_modified_time":"2022-05-13T22:23:08+00:00","og_image":[{"width":800,"height":800,"url":"https:\/\/frionox.com\/catalogo\/wp-content\/uploads\/2020\/04\/C539-HXFS-U.jpg","type":"image\/jpeg"}],"twitter_card":"summary_large_image","twitter_site":"@frionoxsac","twitter_misc":{"Precio":"S\/4,932.40","Disponibilidad":"Disponible para reservar"},"schema":{"@context":"https:\/\/schema.org","@graph":[{"@type":"WebPage","@id":"https:\/\/frionox.com\/catalogo\/producto\/armario-combinado-full-h-puerta-solida-c539-cxfs-u\/","url":"https:\/\/frionox.com\/catalogo\/producto\/armario-combinado-full-h-puerta-solida-c539-cxfs-u\/","name":"ARMARIO COMBINADO FULL H PUERTA SOLIDA - C539-CXFS-U - FRIONOX","isPartOf":{"@id":"https:\/\/frionox.com\/catalogo\/#website"},"primaryImageOfPage":{"@id":"https:\/\/frionox.com\/catalogo\/producto\/armario-combinado-full-h-puerta-solida-c539-cxfs-u\/#primaryimage"},"image":{"@id":"https:\/\/frionox.com\/catalogo\/producto\/armario-combinado-full-h-puerta-solida-c539-cxfs-u\/#primaryimage"},"thumbnailUrl":"https:\/\/frionox.com\/catalogo\/wp-content\/uploads\/2020\/04\/C539-HXFS-U.jpg","datePublished":"2020-08-09T19:03:24+00:00","dateModified":"2022-05-13T22:23:08+00:00","description":"Armario hermetico combinado m\u00f3vil de altura completa,m\u00f3dulo insulado,puerta s\u00f3lida,termostato de 26\u00b0C-93\u00b0C,guias universales a 7.5 cm,04 garruchas de 5\" 2 con freno,Voltaje: 220V\/60Hz\/1AC,potencia conectada-electricidad: 2000 W,capacidad: 34 GN 1\/1 x 2.5\".","breadcrumb":{"@id":"https:\/\/frionox.com\/catalogo\/producto\/armario-combinado-full-h-puerta-solida-c539-cxfs-u\/#breadcrumb"},"inLanguage":"es","potentialAction":[{"@type":"ReadAction","target":["https:\/\/frionox.com\/catalogo\/producto\/armario-combinado-full-h-puerta-solida-c539-cxfs-u\/"]}]},{"@type":"ImageObject","inLanguage":"es","@id":"https:\/\/frionox.com\/catalogo\/producto\/armario-combinado-full-h-puerta-solida-c539-cxfs-u\/#primaryimage","url":"https:\/\/frionox.com\/catalogo\/wp-content\/uploads\/2020\/04\/C539-HXFS-U.jpg","contentUrl":"https:\/\/frionox.com\/catalogo\/wp-content\/uploads\/2020\/04\/C539-HXFS-U.jpg","width":800,"height":800},{"@type":"BreadcrumbList","@id":"https:\/\/frionox.com\/catalogo\/producto\/armario-combinado-full-h-puerta-solida-c539-cxfs-u\/#breadcrumb","itemListElement":[{"@type":"ListItem","position":1,"name":"Portada","item":"https:\/\/frionox.com\/catalogo\/"},{"@type":"ListItem","position":2,"name":"Hornos Industriales, Licuadoras Industriales, Cocinas y m\u00e1s","item":"https:\/\/frionox.com\/catalogo\/tienda\/"},{"@type":"ListItem","position":3,"name":"ARMARIO COMBINADO FULL H PUERTA SOLIDA &#8211; C539-CXFS-U"}]},{"@type":"WebSite","@id":"https:\/\/frionox.com\/catalogo\/#website","url":"https:\/\/frionox.com\/catalogo\/","name":"FRIONOX","description":"Equipamiento de cocinas","publisher":{"@id":"https:\/\/frionox.com\/catalogo\/#organization"},"potentialAction":[{"@type":"SearchAction","target":{"@type":"EntryPoint","urlTemplate":"https:\/\/frionox.com\/catalogo\/?s={search_term_string}"},"query-input":{"@type":"PropertyValueSpecification","valueRequired":true,"valueName":"search_term_string"}}],"inLanguage":"es"},{"@type":["Organization","Place","LocalBusiness"],"@id":"https:\/\/frionox.com\/catalogo\/#organization","name":"Frionox Equipamiento de cocinas","url":"https:\/\/frionox.com\/catalogo\/","logo":{"@id":"https:\/\/frionox.com\/catalogo\/producto\/armario-combinado-full-h-puerta-solida-c539-cxfs-u\/#local-main-organization-logo"},"image":{"@id":"https:\/\/frionox.com\/catalogo\/producto\/armario-combinado-full-h-puerta-solida-c539-cxfs-u\/#local-main-organization-logo"},"sameAs":["https:\/\/facebook.com\/frionox.pe","https:\/\/x.com\/frionoxsac","https:\/\/youtube.com\/@FRIONOXEQUIPAMIENTODECOCINA"],"address":{"@id":"https:\/\/frionox.com\/catalogo\/producto\/armario-combinado-full-h-puerta-solida-c539-cxfs-u\/#local-main-place-address"},"geo":{"@type":"GeoCoordinates","latitude":"-11.980133","longitude":"-77.06118200000003"},"telephone":["+5115221181"],"openingHoursSpecification":[{"@type":"OpeningHoursSpecification","dayOfWeek":["Monday","Tuesday","Wednesday","Thursday","Friday","Saturday"],"opens":"08:00","closes":"18:00"},{"@type":"OpeningHoursSpecification","dayOfWeek":["Sunday"],"opens":"00:00","closes":"00:00"}],"email":"cotizaciones@frionox.com"},{"@type":"PostalAddress","@id":"https:\/\/frionox.com\/catalogo\/producto\/armario-combinado-full-h-puerta-solida-c539-cxfs-u\/#local-main-place-address","streetAddress":"Av. Oscar R. Benavides 1624","addressLocality":"Cercado de Lima","postalCode":"15082","addressRegion":"Lima","addressCountry":"PE"},{"@type":"ImageObject","inLanguage":"es","@id":"https:\/\/frionox.com\/catalogo\/producto\/armario-combinado-full-h-puerta-solida-c539-cxfs-u\/#local-main-organization-logo","url":"https:\/\/frionox.com\/catalogo\/wp-content\/uploads\/2020\/04\/LOGO-MOBILE.png","contentUrl":"https:\/\/frionox.com\/catalogo\/wp-content\/uploads\/2020\/04\/LOGO-MOBILE.png","width":203,"height":61,"caption":"Frionox Equipamiento de cocinas"}]},"product_price_amount":"4932.40","product_price_currency":"PEN","og_availability":"backorder","product_availability":"available for order","product_retailer_item_id":"C539-CXFS-U","product_condition":"new","geo.placename":"Cercado de Lima","geo.position":{"lat":"-11.980133","long":"-77.06118200000003"},"geo.region":"Per\u00fa"},"_links":{"self":[{"href":"https:\/\/frionox.com\/catalogo\/wp-json\/wp\/v2\/product\/15663","targetHints":{"allow":["GET"]}}],"collection":[{"href":"https:\/\/frionox.com\/catalogo\/wp-json\/wp\/v2\/product"}],"about":[{"href":"https:\/\/frionox.com\/catalogo\/wp-json\/wp\/v2\/types\/product"}],"replies":[{"embeddable":true,"href":"https:\/\/frionox.com\/catalogo\/wp-json\/wp\/v2\/comments?post=15663"}],"wp:featuredmedia":[{"embeddable":true,"href":"https:\/\/frionox.com\/catalogo\/wp-json\/wp\/v2\/media\/10806"}],"wp:attachment":[{"href":"https:\/\/frionox.com\/catalogo\/wp-json\/wp\/v2\/media?parent=15663"}],"wp:term":[{"taxonomy":"product_brand","embeddable":true,"href":"https:\/\/frionox.com\/catalogo\/wp-json\/wp\/v2\/product_brand?post=15663"},{"taxonomy":"product_cat","embeddable":true,"href":"https:\/\/frionox.com\/catalogo\/wp-json\/wp\/v2\/product_cat?post=15663"},{"taxonomy":"product_tag","embeddable":true,"href":"https:\/\/frionox.com\/catalogo\/wp-json\/wp\/v2\/product_tag?post=15663"}],"curies":[{"name":"wp","href":"https:\/\/api.w.org\/{rel}","templated":true}]}}