{"id":15651,"date":"2020-08-09T14:03:23","date_gmt":"2020-08-09T19:03:23","guid":{"rendered":"https:\/\/frionox.com\/catalogo\/producto\/olla-gas-calentamiento-directo-50-lt-npd96g5-npd96g5\/"},"modified":"2025-07-25T21:12:41","modified_gmt":"2025-07-26T02:12:41","slug":"olla-gas-calentamiento-directo-50-lt-npd96g5-npd96g5","status":"publish","type":"product","link":"https:\/\/frionox.com\/catalogo\/producto\/olla-gas-calentamiento-directo-50-lt-npd96g5-npd96g5\/","title":{"rendered":"OLLA GAS CALENTAMIENTO DIRECTO 50 LT &#8211; NPD96G5 &#8211; NPD96G5"},"content":{"rendered":"<p>Olla de gas con calentamiento directo realizada en acero inoxidable AISI 304. Encimera en acero inoxidable AISI 304 espesor 20\/10. Fondo del recipiente en acero inox AISI 316L pulido, paredes de acero inox AISI 304. Capacidad de la cuba 50 l. Carga de agua fr\u00eda o caliente mediante electrov\u00e1lvulas activadas por selector, ca\u00f1o fijo en la encimera. Descarga con v\u00e1lvula de seguridad de 1 1\/2&#8243; con empu\u00f1adura de material at\u00e9rmico. Tapa con apertura a 90\u00b0, equilibrada, con asa frontal y lateral. Calentamiento directo con quemadores de acero inox AISI 304 fuera del recipiente. V\u00e1lvula de seguridad del gas en el panel frontal con encendedor el\u00e9ctrico. Aislamiento t\u00e9rmico del recipiente mediante paneles de gran espesor. Temperatura controlada por regulador de energ\u00eda. Testigos de control del funcionamiento. Di\u00e1metro del recipiente 400 mm. Modelo dotado de termostato de seguridad con pulsador de rearme al alcance del usuario. Pies de acero inoxidable regulables en altura. Grado de protecci\u00f3n IPX5.<\/p>\n","protected":false},"excerpt":{"rendered":"<p>Olla de gas con calentamiento directo realizada en acero inoxidable AISI 304. Encimera en acero inoxidable AISI 304 espesor 20\/10. Fondo del recipiente en acero inox AISI 316L pulido, paredes de acero inox AISI 304. Capacidad de la cuba 50 l. Carga de agua fr\u00eda o caliente mediante electrov\u00e1lvulas activadas por selector, ca\u00f1o fijo en la encimera. Descarga con v\u00e1lvula de seguridad de 1 1\/2&#8243; con empu\u00f1adura de material at\u00e9rmico. Tapa con apertura a 90\u00b0, equilibrada, con asa frontal y lateral. Calentamiento directo con quemadores de acero inox AISI 304 fuera del recipiente. V\u00e1lvula de seguridad del gas en el panel frontal con encendedor el\u00e9ctrico. Aislamiento t\u00e9rmico del recipiente mediante paneles de gran espesor. Temperatura controlada por regulador de energ\u00eda. Testigos de control del funcionamiento. Di\u00e1metro del recipiente 400 mm. Modelo dotado de termostato de seguridad con pulsador de rearme al alcance del usuario. Pies de acero inoxidable regulables en altura. Grado de protecci\u00f3n IPX5.<\/p>\n","protected":false},"featured_media":12467,"comment_status":"open","ping_status":"closed","template":"","meta":[],"product_brand":[],"product_cat":[1474],"product_tag":[1751],"class_list":{"0":"post-15651","1":"product","2":"type-product","3":"status-publish","4":"has-post-thumbnail","6":"product_cat-ollas","7":"product_tag-olla-gas-calentamiento-directo-50-lt-npd96g5","8":"pa_marcas-mareno","10":"first","11":"onbackorder","12":"shipping-taxable","13":"purchasable","14":"product-type-simple"},"yoast_head":"<!-- This site is optimized with the Yoast SEO Premium plugin v27.1 (Yoast SEO v27.1.1) - https:\/\/yoast.com\/product\/yoast-seo-premium-wordpress\/ -->\n<title>OLLA GAS CALENTAMIENTO DIRECTO 50 LT - NPD96G5 - NPD96G5 - FRIONOX<\/title>\n<meta name=\"description\" content=\"Olla de gas con calentamiento directo realizada en acero inoxidable AISI 304. Encimera en acero inoxidable AISI 304 espesor 20\/10. Fondo del recipiente en acero inox AISI 316L pulido, paredes de acero inox AISI 304. Capacidad de la cuba 50 l. Carga de agua fr\u00eda o caliente mediante electrov\u00e1lvulas activadas por selector, ca\u00f1o fijo en la encimera. Descarga con v\u00e1lvula de seguridad de 1 1\/2&quot; con empu\u00f1adura de material at\u00e9rmico. Tapa con apertura a 90\u00b0, equilibrada, con asa frontal y lateral. Calentamiento directo con quemadores de acero inox AISI 304 fuera del recipiente. V\u00e1lvula de seguridad del gas en el panel frontal con encendedor el\u00e9ctrico. Aislamiento t\u00e9rmico del recipiente mediante paneles de gran espesor. Temperatura controlada por regulador de energ\u00eda. Testigos de control del funcionamiento. Di\u00e1metro del recipiente 400 mm. Modelo dotado de termostato de seguridad con pulsador de rearme al alcance del usuario. Pies de acero inoxidable regulables en altura. Grado de protecci\u00f3n IPX5.\" \/>\n<meta name=\"robots\" content=\"index, follow, max-snippet:-1, max-image-preview:large, max-video-preview:-1\" \/>\n<link rel=\"canonical\" href=\"https:\/\/frionox.com\/catalogo\/producto\/olla-gas-calentamiento-directo-50-lt-npd96g5-npd96g5\/\" \/>\n<meta property=\"og:locale\" content=\"es_ES\" \/>\n<meta property=\"og:type\" content=\"article\" \/>\n<meta property=\"og:title\" content=\"OLLA GAS CALENTAMIENTO DIRECTO 50 LT - NPD96G5 - NPD96G5\" \/>\n<meta property=\"og:description\" content=\"Olla de gas con calentamiento directo realizada en acero inoxidable AISI 304. Encimera en acero inoxidable AISI 304 espesor 20\/10. Fondo del recipiente en acero inox AISI 316L pulido, paredes de acero inox AISI 304. Capacidad de la cuba 50 l. Carga de agua fr\u00eda o caliente mediante electrov\u00e1lvulas activadas por selector, ca\u00f1o fijo en la encimera. Descarga con v\u00e1lvula de seguridad de 1 1\/2&quot; con empu\u00f1adura de material at\u00e9rmico. Tapa con apertura a 90\u00b0, equilibrada, con asa frontal y lateral. Calentamiento directo con quemadores de acero inox AISI 304 fuera del recipiente. V\u00e1lvula de seguridad del gas en el panel frontal con encendedor el\u00e9ctrico. Aislamiento t\u00e9rmico del recipiente mediante paneles de gran espesor. Temperatura controlada por regulador de energ\u00eda. Testigos de control del funcionamiento. Di\u00e1metro del recipiente 400 mm. Modelo dotado de termostato de seguridad con pulsador de rearme al alcance del usuario. Pies de acero inoxidable regulables en altura. Grado de protecci\u00f3n IPX5.\" \/>\n<meta property=\"og:url\" content=\"https:\/\/frionox.com\/catalogo\/producto\/olla-gas-calentamiento-directo-50-lt-npd96g5-npd96g5\/\" \/>\n<meta property=\"og:site_name\" content=\"FRIONOX\" \/>\n<meta property=\"article:publisher\" content=\"https:\/\/facebook.com\/frionox.pe\" \/>\n<meta property=\"article:modified_time\" content=\"2025-07-26T02:12:41+00:00\" \/>\n<meta property=\"og:image\" content=\"https:\/\/frionox.com\/catalogo\/wp-content\/uploads\/2020\/04\/NPD96G5.jpg\" \/>\n\t<meta property=\"og:image:width\" content=\"600\" \/>\n\t<meta property=\"og:image:height\" content=\"600\" \/>\n\t<meta property=\"og:image:type\" content=\"image\/jpeg\" \/>\n<meta name=\"twitter:card\" content=\"summary_large_image\" \/>\n<meta name=\"twitter:site\" content=\"@frionoxsac\" \/>\n<meta name=\"twitter:label1\" content=\"Precio\" \/>\n\t<meta name=\"twitter:data1\" content=\"S\/0.00\" \/>\n\t<meta name=\"twitter:label2\" content=\"Disponibilidad\" \/>\n\t<meta name=\"twitter:data2\" content=\"Disponible para reservar\" \/>\n<script type=\"application\/ld+json\" class=\"yoast-schema-graph\">{\"@context\":\"https:\/\/schema.org\",\"@graph\":[{\"@type\":\"WebPage\",\"@id\":\"https:\/\/frionox.com\/catalogo\/producto\/olla-gas-calentamiento-directo-50-lt-npd96g5-npd96g5\/\",\"url\":\"https:\/\/frionox.com\/catalogo\/producto\/olla-gas-calentamiento-directo-50-lt-npd96g5-npd96g5\/\",\"name\":\"OLLA GAS CALENTAMIENTO DIRECTO 50 LT - NPD96G5 - NPD96G5 - FRIONOX\",\"isPartOf\":{\"@id\":\"https:\/\/frionox.com\/catalogo\/#website\"},\"primaryImageOfPage\":{\"@id\":\"https:\/\/frionox.com\/catalogo\/producto\/olla-gas-calentamiento-directo-50-lt-npd96g5-npd96g5\/#primaryimage\"},\"image\":{\"@id\":\"https:\/\/frionox.com\/catalogo\/producto\/olla-gas-calentamiento-directo-50-lt-npd96g5-npd96g5\/#primaryimage\"},\"thumbnailUrl\":\"https:\/\/frionox.com\/catalogo\/wp-content\/uploads\/2020\/04\/NPD96G5.jpg\",\"datePublished\":\"2020-08-09T19:03:23+00:00\",\"dateModified\":\"2025-07-26T02:12:41+00:00\",\"description\":\"Olla de gas con calentamiento directo realizada en acero inoxidable AISI 304. Encimera en acero inoxidable AISI 304 espesor 20\/10. Fondo del recipiente en acero inox AISI 316L pulido, paredes de acero inox AISI 304. Capacidad de la cuba 50 l. Carga de agua fr\u00eda o caliente mediante electrov\u00e1lvulas activadas por selector, ca\u00f1o fijo en la encimera. Descarga con v\u00e1lvula de seguridad de 1 1\/2\\\" con empu\u00f1adura de material at\u00e9rmico. Tapa con apertura a 90\u00b0, equilibrada, con asa frontal y lateral. Calentamiento directo con quemadores de acero inox AISI 304 fuera del recipiente. V\u00e1lvula de seguridad del gas en el panel frontal con encendedor el\u00e9ctrico. Aislamiento t\u00e9rmico del recipiente mediante paneles de gran espesor. Temperatura controlada por regulador de energ\u00eda. Testigos de control del funcionamiento. Di\u00e1metro del recipiente 400 mm. Modelo dotado de termostato de seguridad con pulsador de rearme al alcance del usuario. Pies de acero inoxidable regulables en altura. Grado de protecci\u00f3n IPX5.\",\"breadcrumb\":{\"@id\":\"https:\/\/frionox.com\/catalogo\/producto\/olla-gas-calentamiento-directo-50-lt-npd96g5-npd96g5\/#breadcrumb\"},\"inLanguage\":\"es\",\"potentialAction\":[{\"@type\":\"ReadAction\",\"target\":[\"https:\/\/frionox.com\/catalogo\/producto\/olla-gas-calentamiento-directo-50-lt-npd96g5-npd96g5\/\"]}]},{\"@type\":\"ImageObject\",\"inLanguage\":\"es\",\"@id\":\"https:\/\/frionox.com\/catalogo\/producto\/olla-gas-calentamiento-directo-50-lt-npd96g5-npd96g5\/#primaryimage\",\"url\":\"https:\/\/frionox.com\/catalogo\/wp-content\/uploads\/2020\/04\/NPD96G5.jpg\",\"contentUrl\":\"https:\/\/frionox.com\/catalogo\/wp-content\/uploads\/2020\/04\/NPD96G5.jpg\",\"width\":600,\"height\":600},{\"@type\":\"BreadcrumbList\",\"@id\":\"https:\/\/frionox.com\/catalogo\/producto\/olla-gas-calentamiento-directo-50-lt-npd96g5-npd96g5\/#breadcrumb\",\"itemListElement\":[{\"@type\":\"ListItem\",\"position\":1,\"name\":\"Portada\",\"item\":\"https:\/\/frionox.com\/catalogo\/\"},{\"@type\":\"ListItem\",\"position\":2,\"name\":\"Hornos Industriales, Licuadoras Industriales, Cocinas y m\u00e1s\",\"item\":\"https:\/\/frionox.com\/catalogo\/tienda\/\"},{\"@type\":\"ListItem\",\"position\":3,\"name\":\"OLLA GAS CALENTAMIENTO DIRECTO 50 LT &#8211; NPD96G5 &#8211; NPD96G5\"}]},{\"@type\":\"WebSite\",\"@id\":\"https:\/\/frionox.com\/catalogo\/#website\",\"url\":\"https:\/\/frionox.com\/catalogo\/\",\"name\":\"FRIONOX\",\"description\":\"Equipamiento de cocinas\",\"publisher\":{\"@id\":\"https:\/\/frionox.com\/catalogo\/#organization\"},\"potentialAction\":[{\"@type\":\"SearchAction\",\"target\":{\"@type\":\"EntryPoint\",\"urlTemplate\":\"https:\/\/frionox.com\/catalogo\/?s={search_term_string}\"},\"query-input\":{\"@type\":\"PropertyValueSpecification\",\"valueRequired\":true,\"valueName\":\"search_term_string\"}}],\"inLanguage\":\"es\"},{\"@type\":[\"Organization\",\"Place\",\"LocalBusiness\"],\"@id\":\"https:\/\/frionox.com\/catalogo\/#organization\",\"name\":\"Frionox Equipamiento de cocinas\",\"url\":\"https:\/\/frionox.com\/catalogo\/\",\"logo\":{\"@id\":\"https:\/\/frionox.com\/catalogo\/producto\/olla-gas-calentamiento-directo-50-lt-npd96g5-npd96g5\/#local-main-organization-logo\"},\"image\":{\"@id\":\"https:\/\/frionox.com\/catalogo\/producto\/olla-gas-calentamiento-directo-50-lt-npd96g5-npd96g5\/#local-main-organization-logo\"},\"sameAs\":[\"https:\/\/facebook.com\/frionox.pe\",\"https:\/\/x.com\/frionoxsac\",\"https:\/\/youtube.com\/@FRIONOXEQUIPAMIENTODECOCINA\"],\"address\":{\"@id\":\"https:\/\/frionox.com\/catalogo\/producto\/olla-gas-calentamiento-directo-50-lt-npd96g5-npd96g5\/#local-main-place-address\"},\"geo\":{\"@type\":\"GeoCoordinates\",\"latitude\":\"-11.980133\",\"longitude\":\"-77.06118200000003\"},\"telephone\":[\"+5115221181\"],\"openingHoursSpecification\":[{\"@type\":\"OpeningHoursSpecification\",\"dayOfWeek\":[\"Monday\",\"Tuesday\",\"Wednesday\",\"Thursday\",\"Friday\",\"Saturday\"],\"opens\":\"08:00\",\"closes\":\"18:00\"},{\"@type\":\"OpeningHoursSpecification\",\"dayOfWeek\":[\"Sunday\"],\"opens\":\"00:00\",\"closes\":\"00:00\"}],\"email\":\"cotizaciones@frionox.com\"},{\"@type\":\"PostalAddress\",\"@id\":\"https:\/\/frionox.com\/catalogo\/producto\/olla-gas-calentamiento-directo-50-lt-npd96g5-npd96g5\/#local-main-place-address\",\"streetAddress\":\"Av. Oscar R. Benavides 1624\",\"addressLocality\":\"Cercado de Lima\",\"postalCode\":\"15082\",\"addressRegion\":\"Lima\",\"addressCountry\":\"PE\"},{\"@type\":\"ImageObject\",\"inLanguage\":\"es\",\"@id\":\"https:\/\/frionox.com\/catalogo\/producto\/olla-gas-calentamiento-directo-50-lt-npd96g5-npd96g5\/#local-main-organization-logo\",\"url\":\"https:\/\/frionox.com\/catalogo\/wp-content\/uploads\/2020\/04\/LOGO-MOBILE.png\",\"contentUrl\":\"https:\/\/frionox.com\/catalogo\/wp-content\/uploads\/2020\/04\/LOGO-MOBILE.png\",\"width\":203,\"height\":61,\"caption\":\"Frionox Equipamiento de cocinas\"}]}<\/script>\n<meta property=\"product:price:amount\" content=\"0.00\" \/>\n<meta property=\"product:price:currency\" content=\"PEN\" \/>\n<meta property=\"og:availability\" content=\"backorder\" \/>\n<meta property=\"product:availability\" content=\"available for order\" \/>\n<meta property=\"product:retailer_item_id\" content=\"NPD96G5\" \/>\n<meta property=\"product:condition\" content=\"new\" \/>\n<meta name=\"geo.placename\" content=\"Cercado de Lima\" \/>\n<meta name=\"geo.position\" content=\"-11.980133;-77.06118200000003\" \/>\n<meta name=\"geo.region\" content=\"Per\u00fa\" \/>\n<!-- \/ Yoast SEO Premium plugin. -->","yoast_head_json":{"title":"OLLA GAS CALENTAMIENTO DIRECTO 50 LT - NPD96G5 - NPD96G5 - FRIONOX","description":"Olla de gas con calentamiento directo realizada en acero inoxidable AISI 304. Encimera en acero inoxidable AISI 304 espesor 20\/10. Fondo del recipiente en acero inox AISI 316L pulido, paredes de acero inox AISI 304. Capacidad de la cuba 50 l. Carga de agua fr\u00eda o caliente mediante electrov\u00e1lvulas activadas por selector, ca\u00f1o fijo en la encimera. Descarga con v\u00e1lvula de seguridad de 1 1\/2\" con empu\u00f1adura de material at\u00e9rmico. Tapa con apertura a 90\u00b0, equilibrada, con asa frontal y lateral. Calentamiento directo con quemadores de acero inox AISI 304 fuera del recipiente. V\u00e1lvula de seguridad del gas en el panel frontal con encendedor el\u00e9ctrico. Aislamiento t\u00e9rmico del recipiente mediante paneles de gran espesor. Temperatura controlada por regulador de energ\u00eda. Testigos de control del funcionamiento. Di\u00e1metro del recipiente 400 mm. Modelo dotado de termostato de seguridad con pulsador de rearme al alcance del usuario. Pies de acero inoxidable regulables en altura. Grado de protecci\u00f3n IPX5.","robots":{"index":"index","follow":"follow","max-snippet":"max-snippet:-1","max-image-preview":"max-image-preview:large","max-video-preview":"max-video-preview:-1"},"canonical":"https:\/\/frionox.com\/catalogo\/producto\/olla-gas-calentamiento-directo-50-lt-npd96g5-npd96g5\/","og_locale":"es_ES","og_type":"article","og_title":"OLLA GAS CALENTAMIENTO DIRECTO 50 LT - NPD96G5 - NPD96G5","og_description":"Olla de gas con calentamiento directo realizada en acero inoxidable AISI 304. Encimera en acero inoxidable AISI 304 espesor 20\/10. Fondo del recipiente en acero inox AISI 316L pulido, paredes de acero inox AISI 304. Capacidad de la cuba 50 l. Carga de agua fr\u00eda o caliente mediante electrov\u00e1lvulas activadas por selector, ca\u00f1o fijo en la encimera. Descarga con v\u00e1lvula de seguridad de 1 1\/2\" con empu\u00f1adura de material at\u00e9rmico. Tapa con apertura a 90\u00b0, equilibrada, con asa frontal y lateral. Calentamiento directo con quemadores de acero inox AISI 304 fuera del recipiente. V\u00e1lvula de seguridad del gas en el panel frontal con encendedor el\u00e9ctrico. Aislamiento t\u00e9rmico del recipiente mediante paneles de gran espesor. Temperatura controlada por regulador de energ\u00eda. Testigos de control del funcionamiento. Di\u00e1metro del recipiente 400 mm. Modelo dotado de termostato de seguridad con pulsador de rearme al alcance del usuario. Pies de acero inoxidable regulables en altura. Grado de protecci\u00f3n IPX5.","og_url":"https:\/\/frionox.com\/catalogo\/producto\/olla-gas-calentamiento-directo-50-lt-npd96g5-npd96g5\/","og_site_name":"FRIONOX","article_publisher":"https:\/\/facebook.com\/frionox.pe","article_modified_time":"2025-07-26T02:12:41+00:00","og_image":[{"width":600,"height":600,"url":"https:\/\/frionox.com\/catalogo\/wp-content\/uploads\/2020\/04\/NPD96G5.jpg","type":"image\/jpeg"}],"twitter_card":"summary_large_image","twitter_site":"@frionoxsac","twitter_misc":{"Precio":"S\/0.00","Disponibilidad":"Disponible para reservar"},"schema":{"@context":"https:\/\/schema.org","@graph":[{"@type":"WebPage","@id":"https:\/\/frionox.com\/catalogo\/producto\/olla-gas-calentamiento-directo-50-lt-npd96g5-npd96g5\/","url":"https:\/\/frionox.com\/catalogo\/producto\/olla-gas-calentamiento-directo-50-lt-npd96g5-npd96g5\/","name":"OLLA GAS CALENTAMIENTO DIRECTO 50 LT - NPD96G5 - NPD96G5 - FRIONOX","isPartOf":{"@id":"https:\/\/frionox.com\/catalogo\/#website"},"primaryImageOfPage":{"@id":"https:\/\/frionox.com\/catalogo\/producto\/olla-gas-calentamiento-directo-50-lt-npd96g5-npd96g5\/#primaryimage"},"image":{"@id":"https:\/\/frionox.com\/catalogo\/producto\/olla-gas-calentamiento-directo-50-lt-npd96g5-npd96g5\/#primaryimage"},"thumbnailUrl":"https:\/\/frionox.com\/catalogo\/wp-content\/uploads\/2020\/04\/NPD96G5.jpg","datePublished":"2020-08-09T19:03:23+00:00","dateModified":"2025-07-26T02:12:41+00:00","description":"Olla de gas con calentamiento directo realizada en acero inoxidable AISI 304. Encimera en acero inoxidable AISI 304 espesor 20\/10. Fondo del recipiente en acero inox AISI 316L pulido, paredes de acero inox AISI 304. Capacidad de la cuba 50 l. Carga de agua fr\u00eda o caliente mediante electrov\u00e1lvulas activadas por selector, ca\u00f1o fijo en la encimera. Descarga con v\u00e1lvula de seguridad de 1 1\/2\" con empu\u00f1adura de material at\u00e9rmico. Tapa con apertura a 90\u00b0, equilibrada, con asa frontal y lateral. Calentamiento directo con quemadores de acero inox AISI 304 fuera del recipiente. V\u00e1lvula de seguridad del gas en el panel frontal con encendedor el\u00e9ctrico. Aislamiento t\u00e9rmico del recipiente mediante paneles de gran espesor. Temperatura controlada por regulador de energ\u00eda. Testigos de control del funcionamiento. Di\u00e1metro del recipiente 400 mm. Modelo dotado de termostato de seguridad con pulsador de rearme al alcance del usuario. Pies de acero inoxidable regulables en altura. Grado de protecci\u00f3n IPX5.","breadcrumb":{"@id":"https:\/\/frionox.com\/catalogo\/producto\/olla-gas-calentamiento-directo-50-lt-npd96g5-npd96g5\/#breadcrumb"},"inLanguage":"es","potentialAction":[{"@type":"ReadAction","target":["https:\/\/frionox.com\/catalogo\/producto\/olla-gas-calentamiento-directo-50-lt-npd96g5-npd96g5\/"]}]},{"@type":"ImageObject","inLanguage":"es","@id":"https:\/\/frionox.com\/catalogo\/producto\/olla-gas-calentamiento-directo-50-lt-npd96g5-npd96g5\/#primaryimage","url":"https:\/\/frionox.com\/catalogo\/wp-content\/uploads\/2020\/04\/NPD96G5.jpg","contentUrl":"https:\/\/frionox.com\/catalogo\/wp-content\/uploads\/2020\/04\/NPD96G5.jpg","width":600,"height":600},{"@type":"BreadcrumbList","@id":"https:\/\/frionox.com\/catalogo\/producto\/olla-gas-calentamiento-directo-50-lt-npd96g5-npd96g5\/#breadcrumb","itemListElement":[{"@type":"ListItem","position":1,"name":"Portada","item":"https:\/\/frionox.com\/catalogo\/"},{"@type":"ListItem","position":2,"name":"Hornos Industriales, Licuadoras Industriales, Cocinas y m\u00e1s","item":"https:\/\/frionox.com\/catalogo\/tienda\/"},{"@type":"ListItem","position":3,"name":"OLLA GAS CALENTAMIENTO DIRECTO 50 LT &#8211; NPD96G5 &#8211; NPD96G5"}]},{"@type":"WebSite","@id":"https:\/\/frionox.com\/catalogo\/#website","url":"https:\/\/frionox.com\/catalogo\/","name":"FRIONOX","description":"Equipamiento de cocinas","publisher":{"@id":"https:\/\/frionox.com\/catalogo\/#organization"},"potentialAction":[{"@type":"SearchAction","target":{"@type":"EntryPoint","urlTemplate":"https:\/\/frionox.com\/catalogo\/?s={search_term_string}"},"query-input":{"@type":"PropertyValueSpecification","valueRequired":true,"valueName":"search_term_string"}}],"inLanguage":"es"},{"@type":["Organization","Place","LocalBusiness"],"@id":"https:\/\/frionox.com\/catalogo\/#organization","name":"Frionox Equipamiento de cocinas","url":"https:\/\/frionox.com\/catalogo\/","logo":{"@id":"https:\/\/frionox.com\/catalogo\/producto\/olla-gas-calentamiento-directo-50-lt-npd96g5-npd96g5\/#local-main-organization-logo"},"image":{"@id":"https:\/\/frionox.com\/catalogo\/producto\/olla-gas-calentamiento-directo-50-lt-npd96g5-npd96g5\/#local-main-organization-logo"},"sameAs":["https:\/\/facebook.com\/frionox.pe","https:\/\/x.com\/frionoxsac","https:\/\/youtube.com\/@FRIONOXEQUIPAMIENTODECOCINA"],"address":{"@id":"https:\/\/frionox.com\/catalogo\/producto\/olla-gas-calentamiento-directo-50-lt-npd96g5-npd96g5\/#local-main-place-address"},"geo":{"@type":"GeoCoordinates","latitude":"-11.980133","longitude":"-77.06118200000003"},"telephone":["+5115221181"],"openingHoursSpecification":[{"@type":"OpeningHoursSpecification","dayOfWeek":["Monday","Tuesday","Wednesday","Thursday","Friday","Saturday"],"opens":"08:00","closes":"18:00"},{"@type":"OpeningHoursSpecification","dayOfWeek":["Sunday"],"opens":"00:00","closes":"00:00"}],"email":"cotizaciones@frionox.com"},{"@type":"PostalAddress","@id":"https:\/\/frionox.com\/catalogo\/producto\/olla-gas-calentamiento-directo-50-lt-npd96g5-npd96g5\/#local-main-place-address","streetAddress":"Av. Oscar R. Benavides 1624","addressLocality":"Cercado de Lima","postalCode":"15082","addressRegion":"Lima","addressCountry":"PE"},{"@type":"ImageObject","inLanguage":"es","@id":"https:\/\/frionox.com\/catalogo\/producto\/olla-gas-calentamiento-directo-50-lt-npd96g5-npd96g5\/#local-main-organization-logo","url":"https:\/\/frionox.com\/catalogo\/wp-content\/uploads\/2020\/04\/LOGO-MOBILE.png","contentUrl":"https:\/\/frionox.com\/catalogo\/wp-content\/uploads\/2020\/04\/LOGO-MOBILE.png","width":203,"height":61,"caption":"Frionox Equipamiento de cocinas"}]},"product_price_amount":"0.00","product_price_currency":"PEN","og_availability":"backorder","product_availability":"available for order","product_retailer_item_id":"NPD96G5","product_condition":"new","geo.placename":"Cercado de Lima","geo.position":{"lat":"-11.980133","long":"-77.06118200000003"},"geo.region":"Per\u00fa"},"_links":{"self":[{"href":"https:\/\/frionox.com\/catalogo\/wp-json\/wp\/v2\/product\/15651","targetHints":{"allow":["GET"]}}],"collection":[{"href":"https:\/\/frionox.com\/catalogo\/wp-json\/wp\/v2\/product"}],"about":[{"href":"https:\/\/frionox.com\/catalogo\/wp-json\/wp\/v2\/types\/product"}],"replies":[{"embeddable":true,"href":"https:\/\/frionox.com\/catalogo\/wp-json\/wp\/v2\/comments?post=15651"}],"wp:featuredmedia":[{"embeddable":true,"href":"https:\/\/frionox.com\/catalogo\/wp-json\/wp\/v2\/media\/12467"}],"wp:attachment":[{"href":"https:\/\/frionox.com\/catalogo\/wp-json\/wp\/v2\/media?parent=15651"}],"wp:term":[{"taxonomy":"product_brand","embeddable":true,"href":"https:\/\/frionox.com\/catalogo\/wp-json\/wp\/v2\/product_brand?post=15651"},{"taxonomy":"product_cat","embeddable":true,"href":"https:\/\/frionox.com\/catalogo\/wp-json\/wp\/v2\/product_cat?post=15651"},{"taxonomy":"product_tag","embeddable":true,"href":"https:\/\/frionox.com\/catalogo\/wp-json\/wp\/v2\/product_tag?post=15651"}],"curies":[{"name":"wp","href":"https:\/\/api.w.org\/{rel}","templated":true}]}}