{"id":15650,"date":"2020-08-09T14:03:22","date_gmt":"2020-08-09T19:03:22","guid":{"rendered":"https:\/\/frionox.com\/catalogo\/producto\/parrilla-grill-a-gas-800mm-ng78g-ng78g\/"},"modified":"2026-01-14T15:13:56","modified_gmt":"2026-01-14T20:13:56","slug":"parrilla-grill-a-gas-800mm-ng78g-ng78g","status":"publish","type":"product","link":"https:\/\/frionox.com\/catalogo\/producto\/parrilla-grill-a-gas-800mm-ng78g-ng78g\/","title":{"rendered":"PARRILLA GRILL A GAS 800MM &#8211; NG78G &#8211; NG78G"},"content":{"rendered":"<p>Grill de gas realizado en acero inoxidable AISI 304. Plancha de cocci\u00f3n reversible de hierro fundido. Inclinada para carnes grasas con elementos de 4 mm en contacto y grasera de descarga. Horizontal para pescado y verduras con elementos de perfil circular di\u00e1m. 10 mm. Peto antisalpicaduras en tres lados de 135 mm de altura, en acero inoxidable AISI 304. Canaleta recogegrasas frontal, f\u00e1cilmente extra\u00edble para la limpieza. Caj\u00f3n extra\u00edble para grasas de cocci\u00f3n y agua, debajo de los elementos calentadores. El agua sirve para enfriar las grasas de cocci\u00f3n. La evaporaci\u00f3n del agua suaviza los alimentos. Mandos situados en el panel frontal fijo. Calentamiento mediante quemador de acero inox AISI 304 situado bajo la plancha de cocci\u00f3n, protegido por un difusor de acero inox AISI 316 f\u00e1cilmente extra\u00edble para la limpieza. Regulaci\u00f3n del calentamiento mediante v\u00e1lvula de seguridad con termopar y quemador piloto. Encendedor piezoel\u00e9ctrico Rasqueta para plancha incluida de serie. Equipo con pies de acero inoxidable regulables en altura.<\/p>\n","protected":false},"excerpt":{"rendered":"<p>Grill de gas realizado en acero inoxidable AISI 304. Plancha de cocci\u00f3n reversible de hierro fundido. Inclinada para carnes grasas con elementos de 4 mm en contacto y grasera de descarga. Horizontal para pescado y verduras con elementos de perfil circular di\u00e1m. 10 mm. Peto antisalpicaduras en tres lados de 135 mm de altura, en acero inoxidable AISI 304. Canaleta recogegrasas frontal, f\u00e1cilmente extra\u00edble para la limpieza. Caj\u00f3n extra\u00edble para grasas de cocci\u00f3n y agua, debajo de los elementos calentadores. El agua sirve para enfriar las grasas de cocci\u00f3n. La evaporaci\u00f3n del agua suaviza los alimentos. Mandos situados en el panel frontal fijo. Calentamiento mediante quemador de acero inox AISI 304 situado bajo la plancha de cocci\u00f3n, protegido por un difusor de acero inox AISI 316 f\u00e1cilmente extra\u00edble para la limpieza. Regulaci\u00f3n del calentamiento mediante v\u00e1lvula de seguridad con termopar y quemador piloto. Encendedor piezoel\u00e9ctrico Rasqueta para plancha incluida de serie. Equipo con pies de acero inoxidable regulables en altura.<\/p>\n","protected":false},"featured_media":12464,"comment_status":"open","ping_status":"closed","template":"","meta":[],"product_brand":[],"product_cat":[332],"product_tag":[1750],"class_list":{"0":"post-15650","1":"product","2":"type-product","3":"status-publish","4":"has-post-thumbnail","6":"product_cat-uncategorized","7":"product_tag-parrilla-grill-a-gas-800mm-ng78g","8":"pa_marcas-mareno","10":"first","11":"onbackorder","12":"shipping-taxable","13":"purchasable","14":"product-type-simple"},"yoast_head":"<!-- This site is optimized with the Yoast SEO Premium plugin v27.1 (Yoast SEO v27.1.1) - https:\/\/yoast.com\/product\/yoast-seo-premium-wordpress\/ -->\n<title>PARRILLA GRILL A GAS 800MM - NG78G - NG78G - FRIONOX<\/title>\n<meta name=\"description\" content=\"Grill de gas realizado en acero inoxidable AISI 304. Plancha de cocci\u00f3n reversible de hierro fundido. Inclinada para carnes grasas con elementos de 4 mm en contacto y grasera de descarga. Horizontal para pescado y verduras con elementos de perfil circular di\u00e1m. 10 mm. Peto antisalpicaduras en tres lados de 135 mm de altura, en acero inoxidable AISI 304. Canaleta recogegrasas frontal, f\u00e1cilmente extra\u00edble para la limpieza. Caj\u00f3n extra\u00edble para grasas de cocci\u00f3n y agua, debajo de los elementos calentadores. El agua sirve para enfriar las grasas de cocci\u00f3n. La evaporaci\u00f3n del agua suaviza los alimentos. Mandos situados en el panel frontal fijo. Calentamiento mediante quemador de acero inox AISI 304 situado bajo la plancha de cocci\u00f3n, protegido por un difusor de acero inox AISI 316 f\u00e1cilmente extra\u00edble para la limpieza. Regulaci\u00f3n del calentamiento mediante v\u00e1lvula de seguridad con termopar y quemador piloto. Encendedor piezoel\u00e9ctrico Rasqueta para plancha incluida de serie. Equipo con pies de acero inoxidable regulables en altura.\" \/>\n<meta name=\"robots\" content=\"index, follow, max-snippet:-1, max-image-preview:large, max-video-preview:-1\" \/>\n<link rel=\"canonical\" href=\"https:\/\/frionox.com\/catalogo\/producto\/parrilla-grill-a-gas-800mm-ng78g-ng78g\/\" \/>\n<meta property=\"og:locale\" content=\"es_ES\" \/>\n<meta property=\"og:type\" content=\"article\" \/>\n<meta property=\"og:title\" content=\"PARRILLA GRILL A GAS 800MM - NG78G - NG78G\" \/>\n<meta property=\"og:description\" content=\"Grill de gas realizado en acero inoxidable AISI 304. Plancha de cocci\u00f3n reversible de hierro fundido. Inclinada para carnes grasas con elementos de 4 mm en contacto y grasera de descarga. Horizontal para pescado y verduras con elementos de perfil circular di\u00e1m. 10 mm. Peto antisalpicaduras en tres lados de 135 mm de altura, en acero inoxidable AISI 304. Canaleta recogegrasas frontal, f\u00e1cilmente extra\u00edble para la limpieza. Caj\u00f3n extra\u00edble para grasas de cocci\u00f3n y agua, debajo de los elementos calentadores. El agua sirve para enfriar las grasas de cocci\u00f3n. La evaporaci\u00f3n del agua suaviza los alimentos. Mandos situados en el panel frontal fijo. Calentamiento mediante quemador de acero inox AISI 304 situado bajo la plancha de cocci\u00f3n, protegido por un difusor de acero inox AISI 316 f\u00e1cilmente extra\u00edble para la limpieza. Regulaci\u00f3n del calentamiento mediante v\u00e1lvula de seguridad con termopar y quemador piloto. Encendedor piezoel\u00e9ctrico Rasqueta para plancha incluida de serie. Equipo con pies de acero inoxidable regulables en altura.\" \/>\n<meta property=\"og:url\" content=\"https:\/\/frionox.com\/catalogo\/producto\/parrilla-grill-a-gas-800mm-ng78g-ng78g\/\" \/>\n<meta property=\"og:site_name\" content=\"FRIONOX\" \/>\n<meta property=\"article:publisher\" content=\"https:\/\/facebook.com\/frionox.pe\" \/>\n<meta property=\"article:modified_time\" content=\"2026-01-14T20:13:56+00:00\" \/>\n<meta property=\"og:image\" content=\"https:\/\/frionox.com\/catalogo\/wp-content\/uploads\/2020\/04\/NG78G.jpg\" \/>\n\t<meta property=\"og:image:width\" content=\"600\" \/>\n\t<meta property=\"og:image:height\" content=\"600\" \/>\n\t<meta property=\"og:image:type\" content=\"image\/jpeg\" \/>\n<meta name=\"twitter:card\" content=\"summary_large_image\" \/>\n<meta name=\"twitter:site\" content=\"@frionoxsac\" \/>\n<meta name=\"twitter:label1\" content=\"Precio\" \/>\n\t<meta name=\"twitter:data1\" content=\"S\/0.00\" \/>\n\t<meta name=\"twitter:label2\" content=\"Disponibilidad\" \/>\n\t<meta name=\"twitter:data2\" content=\"Disponible para reservar\" \/>\n<script type=\"application\/ld+json\" class=\"yoast-schema-graph\">{\"@context\":\"https:\/\/schema.org\",\"@graph\":[{\"@type\":\"WebPage\",\"@id\":\"https:\/\/frionox.com\/catalogo\/producto\/parrilla-grill-a-gas-800mm-ng78g-ng78g\/\",\"url\":\"https:\/\/frionox.com\/catalogo\/producto\/parrilla-grill-a-gas-800mm-ng78g-ng78g\/\",\"name\":\"PARRILLA GRILL A GAS 800MM - NG78G - NG78G - FRIONOX\",\"isPartOf\":{\"@id\":\"https:\/\/frionox.com\/catalogo\/#website\"},\"primaryImageOfPage\":{\"@id\":\"https:\/\/frionox.com\/catalogo\/producto\/parrilla-grill-a-gas-800mm-ng78g-ng78g\/#primaryimage\"},\"image\":{\"@id\":\"https:\/\/frionox.com\/catalogo\/producto\/parrilla-grill-a-gas-800mm-ng78g-ng78g\/#primaryimage\"},\"thumbnailUrl\":\"https:\/\/frionox.com\/catalogo\/wp-content\/uploads\/2020\/04\/NG78G.jpg\",\"datePublished\":\"2020-08-09T19:03:22+00:00\",\"dateModified\":\"2026-01-14T20:13:56+00:00\",\"description\":\"Grill de gas realizado en acero inoxidable AISI 304. Plancha de cocci\u00f3n reversible de hierro fundido. Inclinada para carnes grasas con elementos de 4 mm en contacto y grasera de descarga. Horizontal para pescado y verduras con elementos de perfil circular di\u00e1m. 10 mm. Peto antisalpicaduras en tres lados de 135 mm de altura, en acero inoxidable AISI 304. Canaleta recogegrasas frontal, f\u00e1cilmente extra\u00edble para la limpieza. Caj\u00f3n extra\u00edble para grasas de cocci\u00f3n y agua, debajo de los elementos calentadores. El agua sirve para enfriar las grasas de cocci\u00f3n. La evaporaci\u00f3n del agua suaviza los alimentos. Mandos situados en el panel frontal fijo. Calentamiento mediante quemador de acero inox AISI 304 situado bajo la plancha de cocci\u00f3n, protegido por un difusor de acero inox AISI 316 f\u00e1cilmente extra\u00edble para la limpieza. Regulaci\u00f3n del calentamiento mediante v\u00e1lvula de seguridad con termopar y quemador piloto. Encendedor piezoel\u00e9ctrico Rasqueta para plancha incluida de serie. Equipo con pies de acero inoxidable regulables en altura.\",\"breadcrumb\":{\"@id\":\"https:\/\/frionox.com\/catalogo\/producto\/parrilla-grill-a-gas-800mm-ng78g-ng78g\/#breadcrumb\"},\"inLanguage\":\"es\",\"potentialAction\":[{\"@type\":\"ReadAction\",\"target\":[\"https:\/\/frionox.com\/catalogo\/producto\/parrilla-grill-a-gas-800mm-ng78g-ng78g\/\"]}]},{\"@type\":\"ImageObject\",\"inLanguage\":\"es\",\"@id\":\"https:\/\/frionox.com\/catalogo\/producto\/parrilla-grill-a-gas-800mm-ng78g-ng78g\/#primaryimage\",\"url\":\"https:\/\/frionox.com\/catalogo\/wp-content\/uploads\/2020\/04\/NG78G.jpg\",\"contentUrl\":\"https:\/\/frionox.com\/catalogo\/wp-content\/uploads\/2020\/04\/NG78G.jpg\",\"width\":600,\"height\":600},{\"@type\":\"BreadcrumbList\",\"@id\":\"https:\/\/frionox.com\/catalogo\/producto\/parrilla-grill-a-gas-800mm-ng78g-ng78g\/#breadcrumb\",\"itemListElement\":[{\"@type\":\"ListItem\",\"position\":1,\"name\":\"Portada\",\"item\":\"https:\/\/frionox.com\/catalogo\/\"},{\"@type\":\"ListItem\",\"position\":2,\"name\":\"Hornos Industriales, Licuadoras Industriales, Cocinas y m\u00e1s\",\"item\":\"https:\/\/frionox.com\/catalogo\/tienda\/\"},{\"@type\":\"ListItem\",\"position\":3,\"name\":\"PARRILLA GRILL A GAS 800MM &#8211; NG78G &#8211; NG78G\"}]},{\"@type\":\"WebSite\",\"@id\":\"https:\/\/frionox.com\/catalogo\/#website\",\"url\":\"https:\/\/frionox.com\/catalogo\/\",\"name\":\"FRIONOX\",\"description\":\"Equipamiento de cocinas\",\"publisher\":{\"@id\":\"https:\/\/frionox.com\/catalogo\/#organization\"},\"potentialAction\":[{\"@type\":\"SearchAction\",\"target\":{\"@type\":\"EntryPoint\",\"urlTemplate\":\"https:\/\/frionox.com\/catalogo\/?s={search_term_string}\"},\"query-input\":{\"@type\":\"PropertyValueSpecification\",\"valueRequired\":true,\"valueName\":\"search_term_string\"}}],\"inLanguage\":\"es\"},{\"@type\":[\"Organization\",\"Place\",\"LocalBusiness\"],\"@id\":\"https:\/\/frionox.com\/catalogo\/#organization\",\"name\":\"Frionox Equipamiento de cocinas\",\"url\":\"https:\/\/frionox.com\/catalogo\/\",\"logo\":{\"@id\":\"https:\/\/frionox.com\/catalogo\/producto\/parrilla-grill-a-gas-800mm-ng78g-ng78g\/#local-main-organization-logo\"},\"image\":{\"@id\":\"https:\/\/frionox.com\/catalogo\/producto\/parrilla-grill-a-gas-800mm-ng78g-ng78g\/#local-main-organization-logo\"},\"sameAs\":[\"https:\/\/facebook.com\/frionox.pe\",\"https:\/\/x.com\/frionoxsac\",\"https:\/\/youtube.com\/@FRIONOXEQUIPAMIENTODECOCINA\"],\"address\":{\"@id\":\"https:\/\/frionox.com\/catalogo\/producto\/parrilla-grill-a-gas-800mm-ng78g-ng78g\/#local-main-place-address\"},\"geo\":{\"@type\":\"GeoCoordinates\",\"latitude\":\"-11.980133\",\"longitude\":\"-77.06118200000003\"},\"telephone\":[\"+5115221181\"],\"openingHoursSpecification\":[{\"@type\":\"OpeningHoursSpecification\",\"dayOfWeek\":[\"Monday\",\"Tuesday\",\"Wednesday\",\"Thursday\",\"Friday\",\"Saturday\"],\"opens\":\"08:00\",\"closes\":\"18:00\"},{\"@type\":\"OpeningHoursSpecification\",\"dayOfWeek\":[\"Sunday\"],\"opens\":\"00:00\",\"closes\":\"00:00\"}],\"email\":\"cotizaciones@frionox.com\"},{\"@type\":\"PostalAddress\",\"@id\":\"https:\/\/frionox.com\/catalogo\/producto\/parrilla-grill-a-gas-800mm-ng78g-ng78g\/#local-main-place-address\",\"streetAddress\":\"Av. Oscar R. Benavides 1624\",\"addressLocality\":\"Cercado de Lima\",\"postalCode\":\"15082\",\"addressRegion\":\"Lima\",\"addressCountry\":\"PE\"},{\"@type\":\"ImageObject\",\"inLanguage\":\"es\",\"@id\":\"https:\/\/frionox.com\/catalogo\/producto\/parrilla-grill-a-gas-800mm-ng78g-ng78g\/#local-main-organization-logo\",\"url\":\"https:\/\/frionox.com\/catalogo\/wp-content\/uploads\/2020\/04\/LOGO-MOBILE.png\",\"contentUrl\":\"https:\/\/frionox.com\/catalogo\/wp-content\/uploads\/2020\/04\/LOGO-MOBILE.png\",\"width\":203,\"height\":61,\"caption\":\"Frionox Equipamiento de cocinas\"}]}<\/script>\n<meta property=\"product:price:amount\" content=\"0.00\" \/>\n<meta property=\"product:price:currency\" content=\"PEN\" \/>\n<meta property=\"og:availability\" content=\"backorder\" \/>\n<meta property=\"product:availability\" content=\"available for order\" \/>\n<meta property=\"product:retailer_item_id\" content=\"NG78G\" \/>\n<meta property=\"product:condition\" content=\"new\" \/>\n<meta name=\"geo.placename\" content=\"Cercado de Lima\" \/>\n<meta name=\"geo.position\" content=\"-11.980133;-77.06118200000003\" \/>\n<meta name=\"geo.region\" content=\"Per\u00fa\" \/>\n<!-- \/ Yoast SEO Premium plugin. -->","yoast_head_json":{"title":"PARRILLA GRILL A GAS 800MM - NG78G - NG78G - FRIONOX","description":"Grill de gas realizado en acero inoxidable AISI 304. Plancha de cocci\u00f3n reversible de hierro fundido. Inclinada para carnes grasas con elementos de 4 mm en contacto y grasera de descarga. Horizontal para pescado y verduras con elementos de perfil circular di\u00e1m. 10 mm. Peto antisalpicaduras en tres lados de 135 mm de altura, en acero inoxidable AISI 304. Canaleta recogegrasas frontal, f\u00e1cilmente extra\u00edble para la limpieza. Caj\u00f3n extra\u00edble para grasas de cocci\u00f3n y agua, debajo de los elementos calentadores. El agua sirve para enfriar las grasas de cocci\u00f3n. La evaporaci\u00f3n del agua suaviza los alimentos. Mandos situados en el panel frontal fijo. Calentamiento mediante quemador de acero inox AISI 304 situado bajo la plancha de cocci\u00f3n, protegido por un difusor de acero inox AISI 316 f\u00e1cilmente extra\u00edble para la limpieza. Regulaci\u00f3n del calentamiento mediante v\u00e1lvula de seguridad con termopar y quemador piloto. Encendedor piezoel\u00e9ctrico Rasqueta para plancha incluida de serie. Equipo con pies de acero inoxidable regulables en altura.","robots":{"index":"index","follow":"follow","max-snippet":"max-snippet:-1","max-image-preview":"max-image-preview:large","max-video-preview":"max-video-preview:-1"},"canonical":"https:\/\/frionox.com\/catalogo\/producto\/parrilla-grill-a-gas-800mm-ng78g-ng78g\/","og_locale":"es_ES","og_type":"article","og_title":"PARRILLA GRILL A GAS 800MM - NG78G - NG78G","og_description":"Grill de gas realizado en acero inoxidable AISI 304. Plancha de cocci\u00f3n reversible de hierro fundido. Inclinada para carnes grasas con elementos de 4 mm en contacto y grasera de descarga. Horizontal para pescado y verduras con elementos de perfil circular di\u00e1m. 10 mm. Peto antisalpicaduras en tres lados de 135 mm de altura, en acero inoxidable AISI 304. Canaleta recogegrasas frontal, f\u00e1cilmente extra\u00edble para la limpieza. Caj\u00f3n extra\u00edble para grasas de cocci\u00f3n y agua, debajo de los elementos calentadores. El agua sirve para enfriar las grasas de cocci\u00f3n. La evaporaci\u00f3n del agua suaviza los alimentos. Mandos situados en el panel frontal fijo. Calentamiento mediante quemador de acero inox AISI 304 situado bajo la plancha de cocci\u00f3n, protegido por un difusor de acero inox AISI 316 f\u00e1cilmente extra\u00edble para la limpieza. Regulaci\u00f3n del calentamiento mediante v\u00e1lvula de seguridad con termopar y quemador piloto. Encendedor piezoel\u00e9ctrico Rasqueta para plancha incluida de serie. Equipo con pies de acero inoxidable regulables en altura.","og_url":"https:\/\/frionox.com\/catalogo\/producto\/parrilla-grill-a-gas-800mm-ng78g-ng78g\/","og_site_name":"FRIONOX","article_publisher":"https:\/\/facebook.com\/frionox.pe","article_modified_time":"2026-01-14T20:13:56+00:00","og_image":[{"width":600,"height":600,"url":"https:\/\/frionox.com\/catalogo\/wp-content\/uploads\/2020\/04\/NG78G.jpg","type":"image\/jpeg"}],"twitter_card":"summary_large_image","twitter_site":"@frionoxsac","twitter_misc":{"Precio":"S\/0.00","Disponibilidad":"Disponible para reservar"},"schema":{"@context":"https:\/\/schema.org","@graph":[{"@type":"WebPage","@id":"https:\/\/frionox.com\/catalogo\/producto\/parrilla-grill-a-gas-800mm-ng78g-ng78g\/","url":"https:\/\/frionox.com\/catalogo\/producto\/parrilla-grill-a-gas-800mm-ng78g-ng78g\/","name":"PARRILLA GRILL A GAS 800MM - NG78G - NG78G - FRIONOX","isPartOf":{"@id":"https:\/\/frionox.com\/catalogo\/#website"},"primaryImageOfPage":{"@id":"https:\/\/frionox.com\/catalogo\/producto\/parrilla-grill-a-gas-800mm-ng78g-ng78g\/#primaryimage"},"image":{"@id":"https:\/\/frionox.com\/catalogo\/producto\/parrilla-grill-a-gas-800mm-ng78g-ng78g\/#primaryimage"},"thumbnailUrl":"https:\/\/frionox.com\/catalogo\/wp-content\/uploads\/2020\/04\/NG78G.jpg","datePublished":"2020-08-09T19:03:22+00:00","dateModified":"2026-01-14T20:13:56+00:00","description":"Grill de gas realizado en acero inoxidable AISI 304. Plancha de cocci\u00f3n reversible de hierro fundido. Inclinada para carnes grasas con elementos de 4 mm en contacto y grasera de descarga. Horizontal para pescado y verduras con elementos de perfil circular di\u00e1m. 10 mm. Peto antisalpicaduras en tres lados de 135 mm de altura, en acero inoxidable AISI 304. Canaleta recogegrasas frontal, f\u00e1cilmente extra\u00edble para la limpieza. Caj\u00f3n extra\u00edble para grasas de cocci\u00f3n y agua, debajo de los elementos calentadores. El agua sirve para enfriar las grasas de cocci\u00f3n. La evaporaci\u00f3n del agua suaviza los alimentos. Mandos situados en el panel frontal fijo. Calentamiento mediante quemador de acero inox AISI 304 situado bajo la plancha de cocci\u00f3n, protegido por un difusor de acero inox AISI 316 f\u00e1cilmente extra\u00edble para la limpieza. Regulaci\u00f3n del calentamiento mediante v\u00e1lvula de seguridad con termopar y quemador piloto. Encendedor piezoel\u00e9ctrico Rasqueta para plancha incluida de serie. Equipo con pies de acero inoxidable regulables en altura.","breadcrumb":{"@id":"https:\/\/frionox.com\/catalogo\/producto\/parrilla-grill-a-gas-800mm-ng78g-ng78g\/#breadcrumb"},"inLanguage":"es","potentialAction":[{"@type":"ReadAction","target":["https:\/\/frionox.com\/catalogo\/producto\/parrilla-grill-a-gas-800mm-ng78g-ng78g\/"]}]},{"@type":"ImageObject","inLanguage":"es","@id":"https:\/\/frionox.com\/catalogo\/producto\/parrilla-grill-a-gas-800mm-ng78g-ng78g\/#primaryimage","url":"https:\/\/frionox.com\/catalogo\/wp-content\/uploads\/2020\/04\/NG78G.jpg","contentUrl":"https:\/\/frionox.com\/catalogo\/wp-content\/uploads\/2020\/04\/NG78G.jpg","width":600,"height":600},{"@type":"BreadcrumbList","@id":"https:\/\/frionox.com\/catalogo\/producto\/parrilla-grill-a-gas-800mm-ng78g-ng78g\/#breadcrumb","itemListElement":[{"@type":"ListItem","position":1,"name":"Portada","item":"https:\/\/frionox.com\/catalogo\/"},{"@type":"ListItem","position":2,"name":"Hornos Industriales, Licuadoras Industriales, Cocinas y m\u00e1s","item":"https:\/\/frionox.com\/catalogo\/tienda\/"},{"@type":"ListItem","position":3,"name":"PARRILLA GRILL A GAS 800MM &#8211; NG78G &#8211; NG78G"}]},{"@type":"WebSite","@id":"https:\/\/frionox.com\/catalogo\/#website","url":"https:\/\/frionox.com\/catalogo\/","name":"FRIONOX","description":"Equipamiento de cocinas","publisher":{"@id":"https:\/\/frionox.com\/catalogo\/#organization"},"potentialAction":[{"@type":"SearchAction","target":{"@type":"EntryPoint","urlTemplate":"https:\/\/frionox.com\/catalogo\/?s={search_term_string}"},"query-input":{"@type":"PropertyValueSpecification","valueRequired":true,"valueName":"search_term_string"}}],"inLanguage":"es"},{"@type":["Organization","Place","LocalBusiness"],"@id":"https:\/\/frionox.com\/catalogo\/#organization","name":"Frionox Equipamiento de cocinas","url":"https:\/\/frionox.com\/catalogo\/","logo":{"@id":"https:\/\/frionox.com\/catalogo\/producto\/parrilla-grill-a-gas-800mm-ng78g-ng78g\/#local-main-organization-logo"},"image":{"@id":"https:\/\/frionox.com\/catalogo\/producto\/parrilla-grill-a-gas-800mm-ng78g-ng78g\/#local-main-organization-logo"},"sameAs":["https:\/\/facebook.com\/frionox.pe","https:\/\/x.com\/frionoxsac","https:\/\/youtube.com\/@FRIONOXEQUIPAMIENTODECOCINA"],"address":{"@id":"https:\/\/frionox.com\/catalogo\/producto\/parrilla-grill-a-gas-800mm-ng78g-ng78g\/#local-main-place-address"},"geo":{"@type":"GeoCoordinates","latitude":"-11.980133","longitude":"-77.06118200000003"},"telephone":["+5115221181"],"openingHoursSpecification":[{"@type":"OpeningHoursSpecification","dayOfWeek":["Monday","Tuesday","Wednesday","Thursday","Friday","Saturday"],"opens":"08:00","closes":"18:00"},{"@type":"OpeningHoursSpecification","dayOfWeek":["Sunday"],"opens":"00:00","closes":"00:00"}],"email":"cotizaciones@frionox.com"},{"@type":"PostalAddress","@id":"https:\/\/frionox.com\/catalogo\/producto\/parrilla-grill-a-gas-800mm-ng78g-ng78g\/#local-main-place-address","streetAddress":"Av. Oscar R. Benavides 1624","addressLocality":"Cercado de Lima","postalCode":"15082","addressRegion":"Lima","addressCountry":"PE"},{"@type":"ImageObject","inLanguage":"es","@id":"https:\/\/frionox.com\/catalogo\/producto\/parrilla-grill-a-gas-800mm-ng78g-ng78g\/#local-main-organization-logo","url":"https:\/\/frionox.com\/catalogo\/wp-content\/uploads\/2020\/04\/LOGO-MOBILE.png","contentUrl":"https:\/\/frionox.com\/catalogo\/wp-content\/uploads\/2020\/04\/LOGO-MOBILE.png","width":203,"height":61,"caption":"Frionox Equipamiento de cocinas"}]},"product_price_amount":"0.00","product_price_currency":"PEN","og_availability":"backorder","product_availability":"available for order","product_retailer_item_id":"NG78G","product_condition":"new","geo.placename":"Cercado de Lima","geo.position":{"lat":"-11.980133","long":"-77.06118200000003"},"geo.region":"Per\u00fa"},"_links":{"self":[{"href":"https:\/\/frionox.com\/catalogo\/wp-json\/wp\/v2\/product\/15650","targetHints":{"allow":["GET"]}}],"collection":[{"href":"https:\/\/frionox.com\/catalogo\/wp-json\/wp\/v2\/product"}],"about":[{"href":"https:\/\/frionox.com\/catalogo\/wp-json\/wp\/v2\/types\/product"}],"replies":[{"embeddable":true,"href":"https:\/\/frionox.com\/catalogo\/wp-json\/wp\/v2\/comments?post=15650"}],"wp:featuredmedia":[{"embeddable":true,"href":"https:\/\/frionox.com\/catalogo\/wp-json\/wp\/v2\/media\/12464"}],"wp:attachment":[{"href":"https:\/\/frionox.com\/catalogo\/wp-json\/wp\/v2\/media?parent=15650"}],"wp:term":[{"taxonomy":"product_brand","embeddable":true,"href":"https:\/\/frionox.com\/catalogo\/wp-json\/wp\/v2\/product_brand?post=15650"},{"taxonomy":"product_cat","embeddable":true,"href":"https:\/\/frionox.com\/catalogo\/wp-json\/wp\/v2\/product_cat?post=15650"},{"taxonomy":"product_tag","embeddable":true,"href":"https:\/\/frionox.com\/catalogo\/wp-json\/wp\/v2\/product_tag?post=15650"}],"curies":[{"name":"wp","href":"https:\/\/api.w.org\/{rel}","templated":true}]}}