{"id":15649,"date":"2020-08-09T14:03:22","date_gmt":"2020-08-09T19:03:22","guid":{"rendered":"https:\/\/frionox.com\/catalogo\/producto\/plancha-lisa-cromada-a-gas-counter-top-1200mm-nft912gtlc-nft912gtlc\/"},"modified":"2026-01-15T20:31:28","modified_gmt":"2026-01-16T01:31:28","slug":"plancha-lisa-cromada-a-gas-counter-top-1200mm-nft912gtlc-nft912gtlc","status":"publish","type":"product","link":"https:\/\/frionox.com\/catalogo\/producto\/plancha-lisa-cromada-a-gas-counter-top-1200mm-nft912gtlc-nft912gtlc\/","title":{"rendered":"PLANCHA LISA CROMADA A GAS COUNTER TOP 1200MM &#8211; NFT912GTLC &#8211; NFT912GTLC"},"content":{"rendered":"<p>Fry-top de gas modelo top tres zonas de cocci\u00f3n con plancha inclinada lisa, realizado en acero inoxidable AISI 304. Encimera de espesor 20\/10. Plancha de cocci\u00f3n rebajada 40 mm respecto al nivel de la encimera y soldada herm\u00e9ticamente para facilitar la limpieza. Superficie de cocci\u00f3n satinada con zona fr\u00eda de 65 mm delante de la plancha. Equipo dotado de 2 orificios para evacuar las grasas de la cocci\u00f3n y de 2 cajones colectores con una capacidad de 3 litros c\/u. Calentamiento mediante quemador de acero con llama estabilizada, de dos ramas y cuatro filas de llama en cada zona, con llama piloto y termopar de seguridad. Salida del gas controlada por v\u00e1lvula termost\u00e1tica de seguridad con termopar. Temperatura de cocci\u00f3n controlada por termostato con regulaci\u00f3n de 110 a 280 \u00b0C. Termostato de seguridad que suple al termostato de trabajo si este se aver\u00eda. Encendido autom\u00e1tico mediante dispositivo piezoel\u00e9ctrico con capuch\u00f3n que lo protege del agua. Superficie de cocci\u00f3n 1135&#215;700 mm. Rasqueta para plancha lisa de serie. Grado de protecci\u00f3n IPX5.<\/p>\n","protected":false},"excerpt":{"rendered":"<p>Fry-top de gas modelo top tres zonas de cocci\u00f3n con plancha inclinada lisa, realizado en acero inoxidable AISI 304. Encimera de espesor 20\/10. Plancha de cocci\u00f3n rebajada 40 mm respecto al nivel de la encimera y soldada herm\u00e9ticamente para facilitar la limpieza. Superficie de cocci\u00f3n satinada con zona fr\u00eda de 65 mm delante de la plancha. Equipo dotado de 2 orificios para evacuar las grasas de la cocci\u00f3n y de 2 cajones colectores con una capacidad de 3 litros c\/u. Calentamiento mediante quemador de acero con llama estabilizada, de dos ramas y cuatro filas de llama en cada zona, con llama piloto y termopar de seguridad. Salida del gas controlada por v\u00e1lvula termost\u00e1tica de seguridad con termopar. Temperatura de cocci\u00f3n controlada por termostato con regulaci\u00f3n de 110 a 280 \u00b0C. Termostato de seguridad que suple al termostato de trabajo si este se aver\u00eda. Encendido autom\u00e1tico mediante dispositivo piezoel\u00e9ctrico con capuch\u00f3n que lo protege del agua. Superficie de cocci\u00f3n 1135&#215;700 mm. Rasqueta para plancha lisa de serie. Grado de protecci\u00f3n IPX5.<\/p>\n","protected":false},"featured_media":12463,"comment_status":"open","ping_status":"closed","template":"","meta":[],"product_brand":[],"product_cat":[29,121],"product_tag":[1749],"class_list":{"0":"post-15649","1":"product","2":"type-product","3":"status-publish","4":"has-post-thumbnail","6":"product_cat-equipos-de-coccion","7":"product_cat-plancha-freidora","8":"product_tag-plancha-lisa-cromada-a-gas-counter-top-1200mm-nft912gtlc","9":"pa_marcas-mareno","11":"first","12":"onbackorder","13":"shipping-taxable","14":"purchasable","15":"product-type-simple"},"yoast_head":"<!-- This site is optimized with the Yoast SEO Premium plugin v27.1 (Yoast SEO v27.1.1) - https:\/\/yoast.com\/product\/yoast-seo-premium-wordpress\/ -->\n<title>PLANCHA LISA CROMADA A GAS COUNTER TOP 1200MM - NFT912GTLC - NFT912GTLC - FRIONOX<\/title>\n<meta name=\"description\" content=\"Fry-top de gas modelo top tres zonas de cocci\u00f3n con plancha inclinada lisa, realizado en acero inoxidable AISI 304. Encimera de espesor 20\/10. Plancha de cocci\u00f3n rebajada 40 mm respecto al nivel de la encimera y soldada herm\u00e9ticamente para facilitar la limpieza. Superficie de cocci\u00f3n satinada con zona fr\u00eda de 65 mm delante de la plancha. Equipo dotado de 2 orificios para evacuar las grasas de la cocci\u00f3n y de 2 cajones colectores con una capacidad de 3 litros c\/u. Calentamiento mediante quemador de acero con llama estabilizada, de dos ramas y cuatro filas de llama en cada zona, con llama piloto y termopar de seguridad. Salida del gas controlada por v\u00e1lvula termost\u00e1tica de seguridad con termopar. Temperatura de cocci\u00f3n controlada por termostato con regulaci\u00f3n de 110 a 280 \u00b0C. Termostato de seguridad que suple al termostato de trabajo si este se aver\u00eda. Encendido autom\u00e1tico mediante dispositivo piezoel\u00e9ctrico con capuch\u00f3n que lo protege del agua. Superficie de cocci\u00f3n 1135x700 mm. Rasqueta para plancha lisa de serie. Grado de protecci\u00f3n IPX5.\" \/>\n<meta name=\"robots\" content=\"index, follow, max-snippet:-1, max-image-preview:large, max-video-preview:-1\" \/>\n<link rel=\"canonical\" href=\"https:\/\/frionox.com\/catalogo\/producto\/plancha-lisa-cromada-a-gas-counter-top-1200mm-nft912gtlc-nft912gtlc\/\" \/>\n<meta property=\"og:locale\" content=\"es_ES\" \/>\n<meta property=\"og:type\" content=\"article\" \/>\n<meta property=\"og:title\" content=\"PLANCHA LISA CROMADA A GAS COUNTER TOP 1200MM - NFT912GTLC - NFT912GTLC\" \/>\n<meta property=\"og:description\" content=\"Fry-top de gas modelo top tres zonas de cocci\u00f3n con plancha inclinada lisa, realizado en acero inoxidable AISI 304. Encimera de espesor 20\/10. Plancha de cocci\u00f3n rebajada 40 mm respecto al nivel de la encimera y soldada herm\u00e9ticamente para facilitar la limpieza. Superficie de cocci\u00f3n satinada con zona fr\u00eda de 65 mm delante de la plancha. Equipo dotado de 2 orificios para evacuar las grasas de la cocci\u00f3n y de 2 cajones colectores con una capacidad de 3 litros c\/u. Calentamiento mediante quemador de acero con llama estabilizada, de dos ramas y cuatro filas de llama en cada zona, con llama piloto y termopar de seguridad. Salida del gas controlada por v\u00e1lvula termost\u00e1tica de seguridad con termopar. Temperatura de cocci\u00f3n controlada por termostato con regulaci\u00f3n de 110 a 280 \u00b0C. Termostato de seguridad que suple al termostato de trabajo si este se aver\u00eda. Encendido autom\u00e1tico mediante dispositivo piezoel\u00e9ctrico con capuch\u00f3n que lo protege del agua. Superficie de cocci\u00f3n 1135x700 mm. Rasqueta para plancha lisa de serie. Grado de protecci\u00f3n IPX5.\" \/>\n<meta property=\"og:url\" content=\"https:\/\/frionox.com\/catalogo\/producto\/plancha-lisa-cromada-a-gas-counter-top-1200mm-nft912gtlc-nft912gtlc\/\" \/>\n<meta property=\"og:site_name\" content=\"FRIONOX\" \/>\n<meta property=\"article:publisher\" content=\"https:\/\/facebook.com\/frionox.pe\" \/>\n<meta property=\"article:modified_time\" content=\"2026-01-16T01:31:28+00:00\" \/>\n<meta property=\"og:image\" content=\"https:\/\/frionox.com\/catalogo\/wp-content\/uploads\/2020\/04\/NFT912GTLC.jpg\" \/>\n\t<meta property=\"og:image:width\" content=\"600\" \/>\n\t<meta property=\"og:image:height\" content=\"600\" \/>\n\t<meta property=\"og:image:type\" content=\"image\/jpeg\" \/>\n<meta name=\"twitter:card\" content=\"summary_large_image\" \/>\n<meta name=\"twitter:site\" content=\"@frionoxsac\" \/>\n<meta name=\"twitter:label1\" content=\"Precio\" \/>\n\t<meta name=\"twitter:data1\" content=\"S\/0.00\" \/>\n\t<meta name=\"twitter:label2\" content=\"Disponibilidad\" \/>\n\t<meta name=\"twitter:data2\" content=\"Disponible para reservar\" \/>\n<script type=\"application\/ld+json\" class=\"yoast-schema-graph\">{\"@context\":\"https:\/\/schema.org\",\"@graph\":[{\"@type\":\"WebPage\",\"@id\":\"https:\/\/frionox.com\/catalogo\/producto\/plancha-lisa-cromada-a-gas-counter-top-1200mm-nft912gtlc-nft912gtlc\/\",\"url\":\"https:\/\/frionox.com\/catalogo\/producto\/plancha-lisa-cromada-a-gas-counter-top-1200mm-nft912gtlc-nft912gtlc\/\",\"name\":\"PLANCHA LISA CROMADA A GAS COUNTER TOP 1200MM - NFT912GTLC - NFT912GTLC - FRIONOX\",\"isPartOf\":{\"@id\":\"https:\/\/frionox.com\/catalogo\/#website\"},\"primaryImageOfPage\":{\"@id\":\"https:\/\/frionox.com\/catalogo\/producto\/plancha-lisa-cromada-a-gas-counter-top-1200mm-nft912gtlc-nft912gtlc\/#primaryimage\"},\"image\":{\"@id\":\"https:\/\/frionox.com\/catalogo\/producto\/plancha-lisa-cromada-a-gas-counter-top-1200mm-nft912gtlc-nft912gtlc\/#primaryimage\"},\"thumbnailUrl\":\"https:\/\/frionox.com\/catalogo\/wp-content\/uploads\/2020\/04\/NFT912GTLC.jpg\",\"datePublished\":\"2020-08-09T19:03:22+00:00\",\"dateModified\":\"2026-01-16T01:31:28+00:00\",\"description\":\"Fry-top de gas modelo top tres zonas de cocci\u00f3n con plancha inclinada lisa, realizado en acero inoxidable AISI 304. Encimera de espesor 20\/10. Plancha de cocci\u00f3n rebajada 40 mm respecto al nivel de la encimera y soldada herm\u00e9ticamente para facilitar la limpieza. Superficie de cocci\u00f3n satinada con zona fr\u00eda de 65 mm delante de la plancha. Equipo dotado de 2 orificios para evacuar las grasas de la cocci\u00f3n y de 2 cajones colectores con una capacidad de 3 litros c\/u. Calentamiento mediante quemador de acero con llama estabilizada, de dos ramas y cuatro filas de llama en cada zona, con llama piloto y termopar de seguridad. Salida del gas controlada por v\u00e1lvula termost\u00e1tica de seguridad con termopar. Temperatura de cocci\u00f3n controlada por termostato con regulaci\u00f3n de 110 a 280 \u00b0C. Termostato de seguridad que suple al termostato de trabajo si este se aver\u00eda. Encendido autom\u00e1tico mediante dispositivo piezoel\u00e9ctrico con capuch\u00f3n que lo protege del agua. Superficie de cocci\u00f3n 1135x700 mm. Rasqueta para plancha lisa de serie. Grado de protecci\u00f3n IPX5.\",\"breadcrumb\":{\"@id\":\"https:\/\/frionox.com\/catalogo\/producto\/plancha-lisa-cromada-a-gas-counter-top-1200mm-nft912gtlc-nft912gtlc\/#breadcrumb\"},\"inLanguage\":\"es\",\"potentialAction\":[{\"@type\":\"ReadAction\",\"target\":[\"https:\/\/frionox.com\/catalogo\/producto\/plancha-lisa-cromada-a-gas-counter-top-1200mm-nft912gtlc-nft912gtlc\/\"]}]},{\"@type\":\"ImageObject\",\"inLanguage\":\"es\",\"@id\":\"https:\/\/frionox.com\/catalogo\/producto\/plancha-lisa-cromada-a-gas-counter-top-1200mm-nft912gtlc-nft912gtlc\/#primaryimage\",\"url\":\"https:\/\/frionox.com\/catalogo\/wp-content\/uploads\/2020\/04\/NFT912GTLC.jpg\",\"contentUrl\":\"https:\/\/frionox.com\/catalogo\/wp-content\/uploads\/2020\/04\/NFT912GTLC.jpg\",\"width\":600,\"height\":600},{\"@type\":\"BreadcrumbList\",\"@id\":\"https:\/\/frionox.com\/catalogo\/producto\/plancha-lisa-cromada-a-gas-counter-top-1200mm-nft912gtlc-nft912gtlc\/#breadcrumb\",\"itemListElement\":[{\"@type\":\"ListItem\",\"position\":1,\"name\":\"Portada\",\"item\":\"https:\/\/frionox.com\/catalogo\/\"},{\"@type\":\"ListItem\",\"position\":2,\"name\":\"Hornos Industriales, Licuadoras Industriales, Cocinas y m\u00e1s\",\"item\":\"https:\/\/frionox.com\/catalogo\/tienda\/\"},{\"@type\":\"ListItem\",\"position\":3,\"name\":\"PLANCHA LISA CROMADA A GAS COUNTER TOP 1200MM &#8211; NFT912GTLC &#8211; NFT912GTLC\"}]},{\"@type\":\"WebSite\",\"@id\":\"https:\/\/frionox.com\/catalogo\/#website\",\"url\":\"https:\/\/frionox.com\/catalogo\/\",\"name\":\"FRIONOX\",\"description\":\"Equipamiento de cocinas\",\"publisher\":{\"@id\":\"https:\/\/frionox.com\/catalogo\/#organization\"},\"potentialAction\":[{\"@type\":\"SearchAction\",\"target\":{\"@type\":\"EntryPoint\",\"urlTemplate\":\"https:\/\/frionox.com\/catalogo\/?s={search_term_string}\"},\"query-input\":{\"@type\":\"PropertyValueSpecification\",\"valueRequired\":true,\"valueName\":\"search_term_string\"}}],\"inLanguage\":\"es\"},{\"@type\":[\"Organization\",\"Place\",\"LocalBusiness\"],\"@id\":\"https:\/\/frionox.com\/catalogo\/#organization\",\"name\":\"Frionox Equipamiento de cocinas\",\"url\":\"https:\/\/frionox.com\/catalogo\/\",\"logo\":{\"@id\":\"https:\/\/frionox.com\/catalogo\/producto\/plancha-lisa-cromada-a-gas-counter-top-1200mm-nft912gtlc-nft912gtlc\/#local-main-organization-logo\"},\"image\":{\"@id\":\"https:\/\/frionox.com\/catalogo\/producto\/plancha-lisa-cromada-a-gas-counter-top-1200mm-nft912gtlc-nft912gtlc\/#local-main-organization-logo\"},\"sameAs\":[\"https:\/\/facebook.com\/frionox.pe\",\"https:\/\/x.com\/frionoxsac\",\"https:\/\/youtube.com\/@FRIONOXEQUIPAMIENTODECOCINA\"],\"address\":{\"@id\":\"https:\/\/frionox.com\/catalogo\/producto\/plancha-lisa-cromada-a-gas-counter-top-1200mm-nft912gtlc-nft912gtlc\/#local-main-place-address\"},\"geo\":{\"@type\":\"GeoCoordinates\",\"latitude\":\"-11.980133\",\"longitude\":\"-77.06118200000003\"},\"telephone\":[\"+5115221181\"],\"openingHoursSpecification\":[{\"@type\":\"OpeningHoursSpecification\",\"dayOfWeek\":[\"Monday\",\"Tuesday\",\"Wednesday\",\"Thursday\",\"Friday\",\"Saturday\"],\"opens\":\"08:00\",\"closes\":\"18:00\"},{\"@type\":\"OpeningHoursSpecification\",\"dayOfWeek\":[\"Sunday\"],\"opens\":\"00:00\",\"closes\":\"00:00\"}],\"email\":\"cotizaciones@frionox.com\"},{\"@type\":\"PostalAddress\",\"@id\":\"https:\/\/frionox.com\/catalogo\/producto\/plancha-lisa-cromada-a-gas-counter-top-1200mm-nft912gtlc-nft912gtlc\/#local-main-place-address\",\"streetAddress\":\"Av. Oscar R. Benavides 1624\",\"addressLocality\":\"Cercado de Lima\",\"postalCode\":\"15082\",\"addressRegion\":\"Lima\",\"addressCountry\":\"PE\"},{\"@type\":\"ImageObject\",\"inLanguage\":\"es\",\"@id\":\"https:\/\/frionox.com\/catalogo\/producto\/plancha-lisa-cromada-a-gas-counter-top-1200mm-nft912gtlc-nft912gtlc\/#local-main-organization-logo\",\"url\":\"https:\/\/frionox.com\/catalogo\/wp-content\/uploads\/2020\/04\/LOGO-MOBILE.png\",\"contentUrl\":\"https:\/\/frionox.com\/catalogo\/wp-content\/uploads\/2020\/04\/LOGO-MOBILE.png\",\"width\":203,\"height\":61,\"caption\":\"Frionox Equipamiento de cocinas\"}]}<\/script>\n<meta property=\"product:price:amount\" content=\"0.00\" \/>\n<meta property=\"product:price:currency\" content=\"PEN\" \/>\n<meta property=\"og:availability\" content=\"backorder\" \/>\n<meta property=\"product:availability\" content=\"available for order\" \/>\n<meta property=\"product:retailer_item_id\" content=\"NFT912GTLC\" \/>\n<meta property=\"product:condition\" content=\"new\" \/>\n<meta name=\"geo.placename\" content=\"Cercado de Lima\" \/>\n<meta name=\"geo.position\" content=\"-11.980133;-77.06118200000003\" \/>\n<meta name=\"geo.region\" content=\"Per\u00fa\" \/>\n<!-- \/ Yoast SEO Premium plugin. -->","yoast_head_json":{"title":"PLANCHA LISA CROMADA A GAS COUNTER TOP 1200MM - NFT912GTLC - NFT912GTLC - FRIONOX","description":"Fry-top de gas modelo top tres zonas de cocci\u00f3n con plancha inclinada lisa, realizado en acero inoxidable AISI 304. Encimera de espesor 20\/10. Plancha de cocci\u00f3n rebajada 40 mm respecto al nivel de la encimera y soldada herm\u00e9ticamente para facilitar la limpieza. Superficie de cocci\u00f3n satinada con zona fr\u00eda de 65 mm delante de la plancha. Equipo dotado de 2 orificios para evacuar las grasas de la cocci\u00f3n y de 2 cajones colectores con una capacidad de 3 litros c\/u. Calentamiento mediante quemador de acero con llama estabilizada, de dos ramas y cuatro filas de llama en cada zona, con llama piloto y termopar de seguridad. Salida del gas controlada por v\u00e1lvula termost\u00e1tica de seguridad con termopar. Temperatura de cocci\u00f3n controlada por termostato con regulaci\u00f3n de 110 a 280 \u00b0C. Termostato de seguridad que suple al termostato de trabajo si este se aver\u00eda. Encendido autom\u00e1tico mediante dispositivo piezoel\u00e9ctrico con capuch\u00f3n que lo protege del agua. Superficie de cocci\u00f3n 1135x700 mm. Rasqueta para plancha lisa de serie. Grado de protecci\u00f3n IPX5.","robots":{"index":"index","follow":"follow","max-snippet":"max-snippet:-1","max-image-preview":"max-image-preview:large","max-video-preview":"max-video-preview:-1"},"canonical":"https:\/\/frionox.com\/catalogo\/producto\/plancha-lisa-cromada-a-gas-counter-top-1200mm-nft912gtlc-nft912gtlc\/","og_locale":"es_ES","og_type":"article","og_title":"PLANCHA LISA CROMADA A GAS COUNTER TOP 1200MM - NFT912GTLC - NFT912GTLC","og_description":"Fry-top de gas modelo top tres zonas de cocci\u00f3n con plancha inclinada lisa, realizado en acero inoxidable AISI 304. Encimera de espesor 20\/10. Plancha de cocci\u00f3n rebajada 40 mm respecto al nivel de la encimera y soldada herm\u00e9ticamente para facilitar la limpieza. Superficie de cocci\u00f3n satinada con zona fr\u00eda de 65 mm delante de la plancha. Equipo dotado de 2 orificios para evacuar las grasas de la cocci\u00f3n y de 2 cajones colectores con una capacidad de 3 litros c\/u. Calentamiento mediante quemador de acero con llama estabilizada, de dos ramas y cuatro filas de llama en cada zona, con llama piloto y termopar de seguridad. Salida del gas controlada por v\u00e1lvula termost\u00e1tica de seguridad con termopar. Temperatura de cocci\u00f3n controlada por termostato con regulaci\u00f3n de 110 a 280 \u00b0C. Termostato de seguridad que suple al termostato de trabajo si este se aver\u00eda. Encendido autom\u00e1tico mediante dispositivo piezoel\u00e9ctrico con capuch\u00f3n que lo protege del agua. Superficie de cocci\u00f3n 1135x700 mm. Rasqueta para plancha lisa de serie. Grado de protecci\u00f3n IPX5.","og_url":"https:\/\/frionox.com\/catalogo\/producto\/plancha-lisa-cromada-a-gas-counter-top-1200mm-nft912gtlc-nft912gtlc\/","og_site_name":"FRIONOX","article_publisher":"https:\/\/facebook.com\/frionox.pe","article_modified_time":"2026-01-16T01:31:28+00:00","og_image":[{"width":600,"height":600,"url":"https:\/\/frionox.com\/catalogo\/wp-content\/uploads\/2020\/04\/NFT912GTLC.jpg","type":"image\/jpeg"}],"twitter_card":"summary_large_image","twitter_site":"@frionoxsac","twitter_misc":{"Precio":"S\/0.00","Disponibilidad":"Disponible para reservar"},"schema":{"@context":"https:\/\/schema.org","@graph":[{"@type":"WebPage","@id":"https:\/\/frionox.com\/catalogo\/producto\/plancha-lisa-cromada-a-gas-counter-top-1200mm-nft912gtlc-nft912gtlc\/","url":"https:\/\/frionox.com\/catalogo\/producto\/plancha-lisa-cromada-a-gas-counter-top-1200mm-nft912gtlc-nft912gtlc\/","name":"PLANCHA LISA CROMADA A GAS COUNTER TOP 1200MM - NFT912GTLC - NFT912GTLC - FRIONOX","isPartOf":{"@id":"https:\/\/frionox.com\/catalogo\/#website"},"primaryImageOfPage":{"@id":"https:\/\/frionox.com\/catalogo\/producto\/plancha-lisa-cromada-a-gas-counter-top-1200mm-nft912gtlc-nft912gtlc\/#primaryimage"},"image":{"@id":"https:\/\/frionox.com\/catalogo\/producto\/plancha-lisa-cromada-a-gas-counter-top-1200mm-nft912gtlc-nft912gtlc\/#primaryimage"},"thumbnailUrl":"https:\/\/frionox.com\/catalogo\/wp-content\/uploads\/2020\/04\/NFT912GTLC.jpg","datePublished":"2020-08-09T19:03:22+00:00","dateModified":"2026-01-16T01:31:28+00:00","description":"Fry-top de gas modelo top tres zonas de cocci\u00f3n con plancha inclinada lisa, realizado en acero inoxidable AISI 304. Encimera de espesor 20\/10. Plancha de cocci\u00f3n rebajada 40 mm respecto al nivel de la encimera y soldada herm\u00e9ticamente para facilitar la limpieza. Superficie de cocci\u00f3n satinada con zona fr\u00eda de 65 mm delante de la plancha. Equipo dotado de 2 orificios para evacuar las grasas de la cocci\u00f3n y de 2 cajones colectores con una capacidad de 3 litros c\/u. Calentamiento mediante quemador de acero con llama estabilizada, de dos ramas y cuatro filas de llama en cada zona, con llama piloto y termopar de seguridad. Salida del gas controlada por v\u00e1lvula termost\u00e1tica de seguridad con termopar. Temperatura de cocci\u00f3n controlada por termostato con regulaci\u00f3n de 110 a 280 \u00b0C. Termostato de seguridad que suple al termostato de trabajo si este se aver\u00eda. Encendido autom\u00e1tico mediante dispositivo piezoel\u00e9ctrico con capuch\u00f3n que lo protege del agua. Superficie de cocci\u00f3n 1135x700 mm. Rasqueta para plancha lisa de serie. Grado de protecci\u00f3n IPX5.","breadcrumb":{"@id":"https:\/\/frionox.com\/catalogo\/producto\/plancha-lisa-cromada-a-gas-counter-top-1200mm-nft912gtlc-nft912gtlc\/#breadcrumb"},"inLanguage":"es","potentialAction":[{"@type":"ReadAction","target":["https:\/\/frionox.com\/catalogo\/producto\/plancha-lisa-cromada-a-gas-counter-top-1200mm-nft912gtlc-nft912gtlc\/"]}]},{"@type":"ImageObject","inLanguage":"es","@id":"https:\/\/frionox.com\/catalogo\/producto\/plancha-lisa-cromada-a-gas-counter-top-1200mm-nft912gtlc-nft912gtlc\/#primaryimage","url":"https:\/\/frionox.com\/catalogo\/wp-content\/uploads\/2020\/04\/NFT912GTLC.jpg","contentUrl":"https:\/\/frionox.com\/catalogo\/wp-content\/uploads\/2020\/04\/NFT912GTLC.jpg","width":600,"height":600},{"@type":"BreadcrumbList","@id":"https:\/\/frionox.com\/catalogo\/producto\/plancha-lisa-cromada-a-gas-counter-top-1200mm-nft912gtlc-nft912gtlc\/#breadcrumb","itemListElement":[{"@type":"ListItem","position":1,"name":"Portada","item":"https:\/\/frionox.com\/catalogo\/"},{"@type":"ListItem","position":2,"name":"Hornos Industriales, Licuadoras Industriales, Cocinas y m\u00e1s","item":"https:\/\/frionox.com\/catalogo\/tienda\/"},{"@type":"ListItem","position":3,"name":"PLANCHA LISA CROMADA A GAS COUNTER TOP 1200MM &#8211; NFT912GTLC &#8211; NFT912GTLC"}]},{"@type":"WebSite","@id":"https:\/\/frionox.com\/catalogo\/#website","url":"https:\/\/frionox.com\/catalogo\/","name":"FRIONOX","description":"Equipamiento de cocinas","publisher":{"@id":"https:\/\/frionox.com\/catalogo\/#organization"},"potentialAction":[{"@type":"SearchAction","target":{"@type":"EntryPoint","urlTemplate":"https:\/\/frionox.com\/catalogo\/?s={search_term_string}"},"query-input":{"@type":"PropertyValueSpecification","valueRequired":true,"valueName":"search_term_string"}}],"inLanguage":"es"},{"@type":["Organization","Place","LocalBusiness"],"@id":"https:\/\/frionox.com\/catalogo\/#organization","name":"Frionox Equipamiento de cocinas","url":"https:\/\/frionox.com\/catalogo\/","logo":{"@id":"https:\/\/frionox.com\/catalogo\/producto\/plancha-lisa-cromada-a-gas-counter-top-1200mm-nft912gtlc-nft912gtlc\/#local-main-organization-logo"},"image":{"@id":"https:\/\/frionox.com\/catalogo\/producto\/plancha-lisa-cromada-a-gas-counter-top-1200mm-nft912gtlc-nft912gtlc\/#local-main-organization-logo"},"sameAs":["https:\/\/facebook.com\/frionox.pe","https:\/\/x.com\/frionoxsac","https:\/\/youtube.com\/@FRIONOXEQUIPAMIENTODECOCINA"],"address":{"@id":"https:\/\/frionox.com\/catalogo\/producto\/plancha-lisa-cromada-a-gas-counter-top-1200mm-nft912gtlc-nft912gtlc\/#local-main-place-address"},"geo":{"@type":"GeoCoordinates","latitude":"-11.980133","longitude":"-77.06118200000003"},"telephone":["+5115221181"],"openingHoursSpecification":[{"@type":"OpeningHoursSpecification","dayOfWeek":["Monday","Tuesday","Wednesday","Thursday","Friday","Saturday"],"opens":"08:00","closes":"18:00"},{"@type":"OpeningHoursSpecification","dayOfWeek":["Sunday"],"opens":"00:00","closes":"00:00"}],"email":"cotizaciones@frionox.com"},{"@type":"PostalAddress","@id":"https:\/\/frionox.com\/catalogo\/producto\/plancha-lisa-cromada-a-gas-counter-top-1200mm-nft912gtlc-nft912gtlc\/#local-main-place-address","streetAddress":"Av. Oscar R. Benavides 1624","addressLocality":"Cercado de Lima","postalCode":"15082","addressRegion":"Lima","addressCountry":"PE"},{"@type":"ImageObject","inLanguage":"es","@id":"https:\/\/frionox.com\/catalogo\/producto\/plancha-lisa-cromada-a-gas-counter-top-1200mm-nft912gtlc-nft912gtlc\/#local-main-organization-logo","url":"https:\/\/frionox.com\/catalogo\/wp-content\/uploads\/2020\/04\/LOGO-MOBILE.png","contentUrl":"https:\/\/frionox.com\/catalogo\/wp-content\/uploads\/2020\/04\/LOGO-MOBILE.png","width":203,"height":61,"caption":"Frionox Equipamiento de cocinas"}]},"product_price_amount":"0.00","product_price_currency":"PEN","og_availability":"backorder","product_availability":"available for order","product_retailer_item_id":"NFT912GTLC","product_condition":"new","geo.placename":"Cercado de Lima","geo.position":{"lat":"-11.980133","long":"-77.06118200000003"},"geo.region":"Per\u00fa"},"_links":{"self":[{"href":"https:\/\/frionox.com\/catalogo\/wp-json\/wp\/v2\/product\/15649","targetHints":{"allow":["GET"]}}],"collection":[{"href":"https:\/\/frionox.com\/catalogo\/wp-json\/wp\/v2\/product"}],"about":[{"href":"https:\/\/frionox.com\/catalogo\/wp-json\/wp\/v2\/types\/product"}],"replies":[{"embeddable":true,"href":"https:\/\/frionox.com\/catalogo\/wp-json\/wp\/v2\/comments?post=15649"}],"wp:featuredmedia":[{"embeddable":true,"href":"https:\/\/frionox.com\/catalogo\/wp-json\/wp\/v2\/media\/12463"}],"wp:attachment":[{"href":"https:\/\/frionox.com\/catalogo\/wp-json\/wp\/v2\/media?parent=15649"}],"wp:term":[{"taxonomy":"product_brand","embeddable":true,"href":"https:\/\/frionox.com\/catalogo\/wp-json\/wp\/v2\/product_brand?post=15649"},{"taxonomy":"product_cat","embeddable":true,"href":"https:\/\/frionox.com\/catalogo\/wp-json\/wp\/v2\/product_cat?post=15649"},{"taxonomy":"product_tag","embeddable":true,"href":"https:\/\/frionox.com\/catalogo\/wp-json\/wp\/v2\/product_tag?post=15649"}],"curies":[{"name":"wp","href":"https:\/\/api.w.org\/{rel}","templated":true}]}}