{"id":15648,"date":"2020-08-09T14:03:16","date_gmt":"2020-08-09T19:03:16","guid":{"rendered":"https:\/\/frionox.com\/catalogo\/producto\/fry-top-de-gas-plancha-inclinada-cromada-2-3-lisa-1-3-rayada-nft78gtmc\/"},"modified":"2026-01-19T12:30:04","modified_gmt":"2026-01-19T17:30:04","slug":"fry-top-de-gas-plancha-inclinada-cromada-2-3-lisa-1-3-rayada-nft78gtmc","status":"publish","type":"product","link":"https:\/\/frionox.com\/catalogo\/producto\/fry-top-de-gas-plancha-inclinada-cromada-2-3-lisa-1-3-rayada-nft78gtmc\/","title":{"rendered":"FRY-TOP DE GAS PLANCHA INCLINADA CROMADA 2\/3 LISA 1\/3 RAYADA &#8211; NFT78GTMC"},"content":{"rendered":"<p>Fry-top de gas modelo top dos zonas de cocci\u00f3n con plancha cromada inclinada 2\/3 lisa y 1\/3 rayada, realizado en acero inoxidable AISI 304. Encimera de espesor 15\/10. Plancha de cocci\u00f3n rebajada 40 mm respecto al nivel de la encimera y soldada herm\u00e9ticamente para facilitar la limpieza. Superficie de cocci\u00f3n revestida en cromo duro pulido espejo, con zona fr\u00eda de 65 mm delante de la plancha. Orificio de descarga de grasas circular di\u00e1m. 40 mm. Caj\u00f3n recogegrasas de 2,5 l de capacidad. Calentamiento mediante quemador de acero con llama estabilizada, de dos ramas y cuatro filas de llama en cada zona, con llama piloto y termopar de seguridad. Salida del gas controlada por v\u00e1lvula termost\u00e1tica de seguridad con termopar. Temperatura de cocci\u00f3n controlada por termostato con regulaci\u00f3n de 110 a 280 \u00b0C. Termostato de seguridad que act\u00faa si se aver\u00eda el termostato de trabajo. Encendido autom\u00e1tico mediante dispositivo piezoel\u00e9ctrico con capuch\u00f3n de protecci\u00f3n del agua. Superficie de cocci\u00f3n 735&#215;530 mm. Rasqueta para plancha lisa\/rayada de serie.<\/p>\n","protected":false},"excerpt":{"rendered":"<p>Fry-top de gas modelo top dos zonas de cocci\u00f3n con plancha cromada inclinada 2\/3 lisa y 1\/3 rayada, realizado en acero inoxidable AISI 304. Encimera de espesor 15\/10. Plancha de cocci\u00f3n rebajada 40 mm respecto al nivel de la encimera y soldada herm\u00e9ticamente para facilitar la limpieza. Superficie de cocci\u00f3n revestida en cromo duro pulido espejo, con zona fr\u00eda de 65 mm delante de la plancha. Orificio de descarga de grasas circular di\u00e1m. 40 mm. Caj\u00f3n recogegrasas de 2,5 l de capacidad. Calentamiento mediante quemador de acero con llama estabilizada, de dos ramas y cuatro filas de llama en cada zona, con llama piloto y termopar de seguridad. Salida del gas controlada por v\u00e1lvula termost\u00e1tica de seguridad con termopar. Temperatura de cocci\u00f3n controlada por termostato con regulaci\u00f3n de 110 a 280 \u00b0C. Termostato de seguridad que act\u00faa si se aver\u00eda el termostato de trabajo. Encendido autom\u00e1tico mediante dispositivo piezoel\u00e9ctrico con capuch\u00f3n de protecci\u00f3n del agua. Superficie de cocci\u00f3n 735&#215;530 mm. Rasqueta para plancha lisa\/rayada de serie.<\/p>\n","protected":false},"featured_media":10117,"comment_status":"open","ping_status":"closed","template":"","meta":[],"product_brand":[],"product_cat":[29,121],"product_tag":[1748],"class_list":{"0":"post-15648","1":"product","2":"type-product","3":"status-publish","4":"has-post-thumbnail","6":"product_cat-equipos-de-coccion","7":"product_cat-plancha-freidora","8":"product_tag-fry-top-de-gas-plancha-inclinada-cromada-2-3-lisa-1-3-rayada","9":"pa_marcas-mareno","11":"first","12":"onbackorder","13":"shipping-taxable","14":"purchasable","15":"product-type-simple"},"yoast_head":"<!-- This site is optimized with the Yoast SEO Premium plugin v27.1 (Yoast SEO v27.1.1) - https:\/\/yoast.com\/product\/yoast-seo-premium-wordpress\/ -->\n<title>FRY-TOP DE GAS PLANCHA INCLINADA CROMADA 2\/3 LISA 1\/3 RAYADA - NFT78GTMC - FRIONOX<\/title>\n<meta name=\"description\" content=\"Fry-top de gas modelo top dos zonas de cocci\u00f3n con plancha cromada inclinada 2\/3 lisa y 1\/3 rayada, realizado en acero inoxidable AISI 304. Encimera de espesor 15\/10. Plancha de cocci\u00f3n rebajada 40 mm respecto al nivel de la encimera y soldada herm\u00e9ticamente para facilitar la limpieza. Superficie de cocci\u00f3n revestida en cromo duro pulido espejo, con zona fr\u00eda de 65 mm delante de la plancha. Orificio de descarga de grasas circular di\u00e1m. 40 mm. Caj\u00f3n recogegrasas de 2,5 l de capacidad. Calentamiento mediante quemador de acero con llama estabilizada, de dos ramas y cuatro filas de llama en cada zona, con llama piloto y termopar de seguridad. Salida del gas controlada por v\u00e1lvula termost\u00e1tica de seguridad con termopar. Temperatura de cocci\u00f3n controlada por termostato con regulaci\u00f3n de 110 a 280 \u00b0C. Termostato de seguridad que act\u00faa si se aver\u00eda el termostato de trabajo. Encendido autom\u00e1tico mediante dispositivo piezoel\u00e9ctrico con capuch\u00f3n de protecci\u00f3n del agua. Superficie de cocci\u00f3n 735x530 mm. Rasqueta para plancha lisa\/rayada de serie.\" \/>\n<meta name=\"robots\" content=\"index, follow, max-snippet:-1, max-image-preview:large, max-video-preview:-1\" \/>\n<link rel=\"canonical\" href=\"https:\/\/frionox.com\/catalogo\/producto\/fry-top-de-gas-plancha-inclinada-cromada-2-3-lisa-1-3-rayada-nft78gtmc\/\" \/>\n<meta property=\"og:locale\" content=\"es_ES\" \/>\n<meta property=\"og:type\" content=\"article\" \/>\n<meta property=\"og:title\" content=\"FRY-TOP DE GAS PLANCHA INCLINADA CROMADA 2\/3 LISA 1\/3 RAYADA - NFT78GTMC\" \/>\n<meta property=\"og:description\" content=\"Fry-top de gas modelo top dos zonas de cocci\u00f3n con plancha cromada inclinada 2\/3 lisa y 1\/3 rayada, realizado en acero inoxidable AISI 304. Encimera de espesor 15\/10. Plancha de cocci\u00f3n rebajada 40 mm respecto al nivel de la encimera y soldada herm\u00e9ticamente para facilitar la limpieza. Superficie de cocci\u00f3n revestida en cromo duro pulido espejo, con zona fr\u00eda de 65 mm delante de la plancha. Orificio de descarga de grasas circular di\u00e1m. 40 mm. Caj\u00f3n recogegrasas de 2,5 l de capacidad. Calentamiento mediante quemador de acero con llama estabilizada, de dos ramas y cuatro filas de llama en cada zona, con llama piloto y termopar de seguridad. Salida del gas controlada por v\u00e1lvula termost\u00e1tica de seguridad con termopar. Temperatura de cocci\u00f3n controlada por termostato con regulaci\u00f3n de 110 a 280 \u00b0C. Termostato de seguridad que act\u00faa si se aver\u00eda el termostato de trabajo. Encendido autom\u00e1tico mediante dispositivo piezoel\u00e9ctrico con capuch\u00f3n de protecci\u00f3n del agua. Superficie de cocci\u00f3n 735x530 mm. Rasqueta para plancha lisa\/rayada de serie.\" \/>\n<meta property=\"og:url\" content=\"https:\/\/frionox.com\/catalogo\/producto\/fry-top-de-gas-plancha-inclinada-cromada-2-3-lisa-1-3-rayada-nft78gtmc\/\" \/>\n<meta property=\"og:site_name\" content=\"FRIONOX\" \/>\n<meta property=\"article:publisher\" content=\"https:\/\/facebook.com\/frionox.pe\" \/>\n<meta property=\"article:modified_time\" content=\"2026-01-19T17:30:04+00:00\" \/>\n<meta property=\"og:image\" content=\"https:\/\/frionox.com\/catalogo\/wp-content\/uploads\/2020\/04\/NFT78GTMC.jpg\" \/>\n\t<meta property=\"og:image:width\" content=\"800\" \/>\n\t<meta property=\"og:image:height\" content=\"800\" \/>\n\t<meta property=\"og:image:type\" content=\"image\/jpeg\" \/>\n<meta name=\"twitter:card\" content=\"summary_large_image\" \/>\n<meta name=\"twitter:site\" content=\"@frionoxsac\" \/>\n<meta name=\"twitter:label1\" content=\"Precio\" \/>\n\t<meta name=\"twitter:data1\" content=\"S\/0.00\" \/>\n\t<meta name=\"twitter:label2\" content=\"Disponibilidad\" \/>\n\t<meta name=\"twitter:data2\" content=\"Disponible para reservar\" \/>\n<script type=\"application\/ld+json\" class=\"yoast-schema-graph\">{\"@context\":\"https:\/\/schema.org\",\"@graph\":[{\"@type\":\"WebPage\",\"@id\":\"https:\/\/frionox.com\/catalogo\/producto\/fry-top-de-gas-plancha-inclinada-cromada-2-3-lisa-1-3-rayada-nft78gtmc\/\",\"url\":\"https:\/\/frionox.com\/catalogo\/producto\/fry-top-de-gas-plancha-inclinada-cromada-2-3-lisa-1-3-rayada-nft78gtmc\/\",\"name\":\"FRY-TOP DE GAS PLANCHA INCLINADA CROMADA 2\/3 LISA 1\/3 RAYADA - NFT78GTMC - FRIONOX\",\"isPartOf\":{\"@id\":\"https:\/\/frionox.com\/catalogo\/#website\"},\"primaryImageOfPage\":{\"@id\":\"https:\/\/frionox.com\/catalogo\/producto\/fry-top-de-gas-plancha-inclinada-cromada-2-3-lisa-1-3-rayada-nft78gtmc\/#primaryimage\"},\"image\":{\"@id\":\"https:\/\/frionox.com\/catalogo\/producto\/fry-top-de-gas-plancha-inclinada-cromada-2-3-lisa-1-3-rayada-nft78gtmc\/#primaryimage\"},\"thumbnailUrl\":\"https:\/\/frionox.com\/catalogo\/wp-content\/uploads\/2020\/04\/NFT78GTMC.jpg\",\"datePublished\":\"2020-08-09T19:03:16+00:00\",\"dateModified\":\"2026-01-19T17:30:04+00:00\",\"description\":\"Fry-top de gas modelo top dos zonas de cocci\u00f3n con plancha cromada inclinada 2\/3 lisa y 1\/3 rayada, realizado en acero inoxidable AISI 304. Encimera de espesor 15\/10. Plancha de cocci\u00f3n rebajada 40 mm respecto al nivel de la encimera y soldada herm\u00e9ticamente para facilitar la limpieza. Superficie de cocci\u00f3n revestida en cromo duro pulido espejo, con zona fr\u00eda de 65 mm delante de la plancha. Orificio de descarga de grasas circular di\u00e1m. 40 mm. Caj\u00f3n recogegrasas de 2,5 l de capacidad. Calentamiento mediante quemador de acero con llama estabilizada, de dos ramas y cuatro filas de llama en cada zona, con llama piloto y termopar de seguridad. Salida del gas controlada por v\u00e1lvula termost\u00e1tica de seguridad con termopar. Temperatura de cocci\u00f3n controlada por termostato con regulaci\u00f3n de 110 a 280 \u00b0C. Termostato de seguridad que act\u00faa si se aver\u00eda el termostato de trabajo. Encendido autom\u00e1tico mediante dispositivo piezoel\u00e9ctrico con capuch\u00f3n de protecci\u00f3n del agua. Superficie de cocci\u00f3n 735x530 mm. Rasqueta para plancha lisa\/rayada de serie.\",\"breadcrumb\":{\"@id\":\"https:\/\/frionox.com\/catalogo\/producto\/fry-top-de-gas-plancha-inclinada-cromada-2-3-lisa-1-3-rayada-nft78gtmc\/#breadcrumb\"},\"inLanguage\":\"es\",\"potentialAction\":[{\"@type\":\"ReadAction\",\"target\":[\"https:\/\/frionox.com\/catalogo\/producto\/fry-top-de-gas-plancha-inclinada-cromada-2-3-lisa-1-3-rayada-nft78gtmc\/\"]}]},{\"@type\":\"ImageObject\",\"inLanguage\":\"es\",\"@id\":\"https:\/\/frionox.com\/catalogo\/producto\/fry-top-de-gas-plancha-inclinada-cromada-2-3-lisa-1-3-rayada-nft78gtmc\/#primaryimage\",\"url\":\"https:\/\/frionox.com\/catalogo\/wp-content\/uploads\/2020\/04\/NFT78GTMC.jpg\",\"contentUrl\":\"https:\/\/frionox.com\/catalogo\/wp-content\/uploads\/2020\/04\/NFT78GTMC.jpg\",\"width\":800,\"height\":800},{\"@type\":\"BreadcrumbList\",\"@id\":\"https:\/\/frionox.com\/catalogo\/producto\/fry-top-de-gas-plancha-inclinada-cromada-2-3-lisa-1-3-rayada-nft78gtmc\/#breadcrumb\",\"itemListElement\":[{\"@type\":\"ListItem\",\"position\":1,\"name\":\"Portada\",\"item\":\"https:\/\/frionox.com\/catalogo\/\"},{\"@type\":\"ListItem\",\"position\":2,\"name\":\"Hornos Industriales, Licuadoras Industriales, Cocinas y m\u00e1s\",\"item\":\"https:\/\/frionox.com\/catalogo\/tienda\/\"},{\"@type\":\"ListItem\",\"position\":3,\"name\":\"FRY-TOP DE GAS PLANCHA INCLINADA CROMADA 2\/3 LISA 1\/3 RAYADA &#8211; NFT78GTMC\"}]},{\"@type\":\"WebSite\",\"@id\":\"https:\/\/frionox.com\/catalogo\/#website\",\"url\":\"https:\/\/frionox.com\/catalogo\/\",\"name\":\"FRIONOX\",\"description\":\"Equipamiento de cocinas\",\"publisher\":{\"@id\":\"https:\/\/frionox.com\/catalogo\/#organization\"},\"potentialAction\":[{\"@type\":\"SearchAction\",\"target\":{\"@type\":\"EntryPoint\",\"urlTemplate\":\"https:\/\/frionox.com\/catalogo\/?s={search_term_string}\"},\"query-input\":{\"@type\":\"PropertyValueSpecification\",\"valueRequired\":true,\"valueName\":\"search_term_string\"}}],\"inLanguage\":\"es\"},{\"@type\":[\"Organization\",\"Place\",\"LocalBusiness\"],\"@id\":\"https:\/\/frionox.com\/catalogo\/#organization\",\"name\":\"Frionox Equipamiento de cocinas\",\"url\":\"https:\/\/frionox.com\/catalogo\/\",\"logo\":{\"@id\":\"https:\/\/frionox.com\/catalogo\/producto\/fry-top-de-gas-plancha-inclinada-cromada-2-3-lisa-1-3-rayada-nft78gtmc\/#local-main-organization-logo\"},\"image\":{\"@id\":\"https:\/\/frionox.com\/catalogo\/producto\/fry-top-de-gas-plancha-inclinada-cromada-2-3-lisa-1-3-rayada-nft78gtmc\/#local-main-organization-logo\"},\"sameAs\":[\"https:\/\/facebook.com\/frionox.pe\",\"https:\/\/x.com\/frionoxsac\",\"https:\/\/youtube.com\/@FRIONOXEQUIPAMIENTODECOCINA\"],\"address\":{\"@id\":\"https:\/\/frionox.com\/catalogo\/producto\/fry-top-de-gas-plancha-inclinada-cromada-2-3-lisa-1-3-rayada-nft78gtmc\/#local-main-place-address\"},\"geo\":{\"@type\":\"GeoCoordinates\",\"latitude\":\"-11.980133\",\"longitude\":\"-77.06118200000003\"},\"telephone\":[\"+5115221181\"],\"openingHoursSpecification\":[{\"@type\":\"OpeningHoursSpecification\",\"dayOfWeek\":[\"Monday\",\"Tuesday\",\"Wednesday\",\"Thursday\",\"Friday\",\"Saturday\"],\"opens\":\"08:00\",\"closes\":\"18:00\"},{\"@type\":\"OpeningHoursSpecification\",\"dayOfWeek\":[\"Sunday\"],\"opens\":\"00:00\",\"closes\":\"00:00\"}],\"email\":\"cotizaciones@frionox.com\"},{\"@type\":\"PostalAddress\",\"@id\":\"https:\/\/frionox.com\/catalogo\/producto\/fry-top-de-gas-plancha-inclinada-cromada-2-3-lisa-1-3-rayada-nft78gtmc\/#local-main-place-address\",\"streetAddress\":\"Av. Oscar R. Benavides 1624\",\"addressLocality\":\"Cercado de Lima\",\"postalCode\":\"15082\",\"addressRegion\":\"Lima\",\"addressCountry\":\"PE\"},{\"@type\":\"ImageObject\",\"inLanguage\":\"es\",\"@id\":\"https:\/\/frionox.com\/catalogo\/producto\/fry-top-de-gas-plancha-inclinada-cromada-2-3-lisa-1-3-rayada-nft78gtmc\/#local-main-organization-logo\",\"url\":\"https:\/\/frionox.com\/catalogo\/wp-content\/uploads\/2020\/04\/LOGO-MOBILE.png\",\"contentUrl\":\"https:\/\/frionox.com\/catalogo\/wp-content\/uploads\/2020\/04\/LOGO-MOBILE.png\",\"width\":203,\"height\":61,\"caption\":\"Frionox Equipamiento de cocinas\"}]}<\/script>\n<meta property=\"product:price:amount\" content=\"0.00\" \/>\n<meta property=\"product:price:currency\" content=\"PEN\" \/>\n<meta property=\"og:availability\" content=\"backorder\" \/>\n<meta property=\"product:availability\" content=\"available for order\" \/>\n<meta property=\"product:retailer_item_id\" content=\"NFT78GTMC\" \/>\n<meta property=\"product:condition\" content=\"new\" \/>\n<meta name=\"geo.placename\" content=\"Cercado de Lima\" \/>\n<meta name=\"geo.position\" content=\"-11.980133;-77.06118200000003\" \/>\n<meta name=\"geo.region\" content=\"Per\u00fa\" \/>\n<!-- \/ Yoast SEO Premium plugin. -->","yoast_head_json":{"title":"FRY-TOP DE GAS PLANCHA INCLINADA CROMADA 2\/3 LISA 1\/3 RAYADA - NFT78GTMC - FRIONOX","description":"Fry-top de gas modelo top dos zonas de cocci\u00f3n con plancha cromada inclinada 2\/3 lisa y 1\/3 rayada, realizado en acero inoxidable AISI 304. Encimera de espesor 15\/10. Plancha de cocci\u00f3n rebajada 40 mm respecto al nivel de la encimera y soldada herm\u00e9ticamente para facilitar la limpieza. Superficie de cocci\u00f3n revestida en cromo duro pulido espejo, con zona fr\u00eda de 65 mm delante de la plancha. Orificio de descarga de grasas circular di\u00e1m. 40 mm. Caj\u00f3n recogegrasas de 2,5 l de capacidad. Calentamiento mediante quemador de acero con llama estabilizada, de dos ramas y cuatro filas de llama en cada zona, con llama piloto y termopar de seguridad. Salida del gas controlada por v\u00e1lvula termost\u00e1tica de seguridad con termopar. Temperatura de cocci\u00f3n controlada por termostato con regulaci\u00f3n de 110 a 280 \u00b0C. Termostato de seguridad que act\u00faa si se aver\u00eda el termostato de trabajo. Encendido autom\u00e1tico mediante dispositivo piezoel\u00e9ctrico con capuch\u00f3n de protecci\u00f3n del agua. Superficie de cocci\u00f3n 735x530 mm. Rasqueta para plancha lisa\/rayada de serie.","robots":{"index":"index","follow":"follow","max-snippet":"max-snippet:-1","max-image-preview":"max-image-preview:large","max-video-preview":"max-video-preview:-1"},"canonical":"https:\/\/frionox.com\/catalogo\/producto\/fry-top-de-gas-plancha-inclinada-cromada-2-3-lisa-1-3-rayada-nft78gtmc\/","og_locale":"es_ES","og_type":"article","og_title":"FRY-TOP DE GAS PLANCHA INCLINADA CROMADA 2\/3 LISA 1\/3 RAYADA - NFT78GTMC","og_description":"Fry-top de gas modelo top dos zonas de cocci\u00f3n con plancha cromada inclinada 2\/3 lisa y 1\/3 rayada, realizado en acero inoxidable AISI 304. Encimera de espesor 15\/10. Plancha de cocci\u00f3n rebajada 40 mm respecto al nivel de la encimera y soldada herm\u00e9ticamente para facilitar la limpieza. Superficie de cocci\u00f3n revestida en cromo duro pulido espejo, con zona fr\u00eda de 65 mm delante de la plancha. Orificio de descarga de grasas circular di\u00e1m. 40 mm. Caj\u00f3n recogegrasas de 2,5 l de capacidad. Calentamiento mediante quemador de acero con llama estabilizada, de dos ramas y cuatro filas de llama en cada zona, con llama piloto y termopar de seguridad. Salida del gas controlada por v\u00e1lvula termost\u00e1tica de seguridad con termopar. Temperatura de cocci\u00f3n controlada por termostato con regulaci\u00f3n de 110 a 280 \u00b0C. Termostato de seguridad que act\u00faa si se aver\u00eda el termostato de trabajo. Encendido autom\u00e1tico mediante dispositivo piezoel\u00e9ctrico con capuch\u00f3n de protecci\u00f3n del agua. Superficie de cocci\u00f3n 735x530 mm. Rasqueta para plancha lisa\/rayada de serie.","og_url":"https:\/\/frionox.com\/catalogo\/producto\/fry-top-de-gas-plancha-inclinada-cromada-2-3-lisa-1-3-rayada-nft78gtmc\/","og_site_name":"FRIONOX","article_publisher":"https:\/\/facebook.com\/frionox.pe","article_modified_time":"2026-01-19T17:30:04+00:00","og_image":[{"width":800,"height":800,"url":"https:\/\/frionox.com\/catalogo\/wp-content\/uploads\/2020\/04\/NFT78GTMC.jpg","type":"image\/jpeg"}],"twitter_card":"summary_large_image","twitter_site":"@frionoxsac","twitter_misc":{"Precio":"S\/0.00","Disponibilidad":"Disponible para reservar"},"schema":{"@context":"https:\/\/schema.org","@graph":[{"@type":"WebPage","@id":"https:\/\/frionox.com\/catalogo\/producto\/fry-top-de-gas-plancha-inclinada-cromada-2-3-lisa-1-3-rayada-nft78gtmc\/","url":"https:\/\/frionox.com\/catalogo\/producto\/fry-top-de-gas-plancha-inclinada-cromada-2-3-lisa-1-3-rayada-nft78gtmc\/","name":"FRY-TOP DE GAS PLANCHA INCLINADA CROMADA 2\/3 LISA 1\/3 RAYADA - NFT78GTMC - FRIONOX","isPartOf":{"@id":"https:\/\/frionox.com\/catalogo\/#website"},"primaryImageOfPage":{"@id":"https:\/\/frionox.com\/catalogo\/producto\/fry-top-de-gas-plancha-inclinada-cromada-2-3-lisa-1-3-rayada-nft78gtmc\/#primaryimage"},"image":{"@id":"https:\/\/frionox.com\/catalogo\/producto\/fry-top-de-gas-plancha-inclinada-cromada-2-3-lisa-1-3-rayada-nft78gtmc\/#primaryimage"},"thumbnailUrl":"https:\/\/frionox.com\/catalogo\/wp-content\/uploads\/2020\/04\/NFT78GTMC.jpg","datePublished":"2020-08-09T19:03:16+00:00","dateModified":"2026-01-19T17:30:04+00:00","description":"Fry-top de gas modelo top dos zonas de cocci\u00f3n con plancha cromada inclinada 2\/3 lisa y 1\/3 rayada, realizado en acero inoxidable AISI 304. Encimera de espesor 15\/10. Plancha de cocci\u00f3n rebajada 40 mm respecto al nivel de la encimera y soldada herm\u00e9ticamente para facilitar la limpieza. Superficie de cocci\u00f3n revestida en cromo duro pulido espejo, con zona fr\u00eda de 65 mm delante de la plancha. Orificio de descarga de grasas circular di\u00e1m. 40 mm. Caj\u00f3n recogegrasas de 2,5 l de capacidad. Calentamiento mediante quemador de acero con llama estabilizada, de dos ramas y cuatro filas de llama en cada zona, con llama piloto y termopar de seguridad. Salida del gas controlada por v\u00e1lvula termost\u00e1tica de seguridad con termopar. Temperatura de cocci\u00f3n controlada por termostato con regulaci\u00f3n de 110 a 280 \u00b0C. Termostato de seguridad que act\u00faa si se aver\u00eda el termostato de trabajo. Encendido autom\u00e1tico mediante dispositivo piezoel\u00e9ctrico con capuch\u00f3n de protecci\u00f3n del agua. Superficie de cocci\u00f3n 735x530 mm. Rasqueta para plancha lisa\/rayada de serie.","breadcrumb":{"@id":"https:\/\/frionox.com\/catalogo\/producto\/fry-top-de-gas-plancha-inclinada-cromada-2-3-lisa-1-3-rayada-nft78gtmc\/#breadcrumb"},"inLanguage":"es","potentialAction":[{"@type":"ReadAction","target":["https:\/\/frionox.com\/catalogo\/producto\/fry-top-de-gas-plancha-inclinada-cromada-2-3-lisa-1-3-rayada-nft78gtmc\/"]}]},{"@type":"ImageObject","inLanguage":"es","@id":"https:\/\/frionox.com\/catalogo\/producto\/fry-top-de-gas-plancha-inclinada-cromada-2-3-lisa-1-3-rayada-nft78gtmc\/#primaryimage","url":"https:\/\/frionox.com\/catalogo\/wp-content\/uploads\/2020\/04\/NFT78GTMC.jpg","contentUrl":"https:\/\/frionox.com\/catalogo\/wp-content\/uploads\/2020\/04\/NFT78GTMC.jpg","width":800,"height":800},{"@type":"BreadcrumbList","@id":"https:\/\/frionox.com\/catalogo\/producto\/fry-top-de-gas-plancha-inclinada-cromada-2-3-lisa-1-3-rayada-nft78gtmc\/#breadcrumb","itemListElement":[{"@type":"ListItem","position":1,"name":"Portada","item":"https:\/\/frionox.com\/catalogo\/"},{"@type":"ListItem","position":2,"name":"Hornos Industriales, Licuadoras Industriales, Cocinas y m\u00e1s","item":"https:\/\/frionox.com\/catalogo\/tienda\/"},{"@type":"ListItem","position":3,"name":"FRY-TOP DE GAS PLANCHA INCLINADA CROMADA 2\/3 LISA 1\/3 RAYADA &#8211; NFT78GTMC"}]},{"@type":"WebSite","@id":"https:\/\/frionox.com\/catalogo\/#website","url":"https:\/\/frionox.com\/catalogo\/","name":"FRIONOX","description":"Equipamiento de cocinas","publisher":{"@id":"https:\/\/frionox.com\/catalogo\/#organization"},"potentialAction":[{"@type":"SearchAction","target":{"@type":"EntryPoint","urlTemplate":"https:\/\/frionox.com\/catalogo\/?s={search_term_string}"},"query-input":{"@type":"PropertyValueSpecification","valueRequired":true,"valueName":"search_term_string"}}],"inLanguage":"es"},{"@type":["Organization","Place","LocalBusiness"],"@id":"https:\/\/frionox.com\/catalogo\/#organization","name":"Frionox Equipamiento de cocinas","url":"https:\/\/frionox.com\/catalogo\/","logo":{"@id":"https:\/\/frionox.com\/catalogo\/producto\/fry-top-de-gas-plancha-inclinada-cromada-2-3-lisa-1-3-rayada-nft78gtmc\/#local-main-organization-logo"},"image":{"@id":"https:\/\/frionox.com\/catalogo\/producto\/fry-top-de-gas-plancha-inclinada-cromada-2-3-lisa-1-3-rayada-nft78gtmc\/#local-main-organization-logo"},"sameAs":["https:\/\/facebook.com\/frionox.pe","https:\/\/x.com\/frionoxsac","https:\/\/youtube.com\/@FRIONOXEQUIPAMIENTODECOCINA"],"address":{"@id":"https:\/\/frionox.com\/catalogo\/producto\/fry-top-de-gas-plancha-inclinada-cromada-2-3-lisa-1-3-rayada-nft78gtmc\/#local-main-place-address"},"geo":{"@type":"GeoCoordinates","latitude":"-11.980133","longitude":"-77.06118200000003"},"telephone":["+5115221181"],"openingHoursSpecification":[{"@type":"OpeningHoursSpecification","dayOfWeek":["Monday","Tuesday","Wednesday","Thursday","Friday","Saturday"],"opens":"08:00","closes":"18:00"},{"@type":"OpeningHoursSpecification","dayOfWeek":["Sunday"],"opens":"00:00","closes":"00:00"}],"email":"cotizaciones@frionox.com"},{"@type":"PostalAddress","@id":"https:\/\/frionox.com\/catalogo\/producto\/fry-top-de-gas-plancha-inclinada-cromada-2-3-lisa-1-3-rayada-nft78gtmc\/#local-main-place-address","streetAddress":"Av. Oscar R. Benavides 1624","addressLocality":"Cercado de Lima","postalCode":"15082","addressRegion":"Lima","addressCountry":"PE"},{"@type":"ImageObject","inLanguage":"es","@id":"https:\/\/frionox.com\/catalogo\/producto\/fry-top-de-gas-plancha-inclinada-cromada-2-3-lisa-1-3-rayada-nft78gtmc\/#local-main-organization-logo","url":"https:\/\/frionox.com\/catalogo\/wp-content\/uploads\/2020\/04\/LOGO-MOBILE.png","contentUrl":"https:\/\/frionox.com\/catalogo\/wp-content\/uploads\/2020\/04\/LOGO-MOBILE.png","width":203,"height":61,"caption":"Frionox Equipamiento de cocinas"}]},"product_price_amount":"0.00","product_price_currency":"PEN","og_availability":"backorder","product_availability":"available for order","product_retailer_item_id":"NFT78GTMC","product_condition":"new","geo.placename":"Cercado de Lima","geo.position":{"lat":"-11.980133","long":"-77.06118200000003"},"geo.region":"Per\u00fa"},"_links":{"self":[{"href":"https:\/\/frionox.com\/catalogo\/wp-json\/wp\/v2\/product\/15648","targetHints":{"allow":["GET"]}}],"collection":[{"href":"https:\/\/frionox.com\/catalogo\/wp-json\/wp\/v2\/product"}],"about":[{"href":"https:\/\/frionox.com\/catalogo\/wp-json\/wp\/v2\/types\/product"}],"replies":[{"embeddable":true,"href":"https:\/\/frionox.com\/catalogo\/wp-json\/wp\/v2\/comments?post=15648"}],"wp:featuredmedia":[{"embeddable":true,"href":"https:\/\/frionox.com\/catalogo\/wp-json\/wp\/v2\/media\/10117"}],"wp:attachment":[{"href":"https:\/\/frionox.com\/catalogo\/wp-json\/wp\/v2\/media?parent=15648"}],"wp:term":[{"taxonomy":"product_brand","embeddable":true,"href":"https:\/\/frionox.com\/catalogo\/wp-json\/wp\/v2\/product_brand?post=15648"},{"taxonomy":"product_cat","embeddable":true,"href":"https:\/\/frionox.com\/catalogo\/wp-json\/wp\/v2\/product_cat?post=15648"},{"taxonomy":"product_tag","embeddable":true,"href":"https:\/\/frionox.com\/catalogo\/wp-json\/wp\/v2\/product_tag?post=15648"}],"curies":[{"name":"wp","href":"https:\/\/api.w.org\/{rel}","templated":true}]}}