{"id":15636,"date":"2020-08-09T14:03:14","date_gmt":"2020-08-09T19:03:14","guid":{"rendered":"https:\/\/frionox.com\/catalogo\/producto\/mesa-ensaladera-de-02-puertas-04gn-1-1-mir14c-fs-mir14c-fs\/"},"modified":"2020-11-11T13:01:06","modified_gmt":"2020-11-11T18:01:06","slug":"mesa-ensaladera-de-02-puertas-04gn-1-1-mir14c-fs-mir14c-fs","status":"publish","type":"product","link":"https:\/\/frionox.com\/catalogo\/producto\/mesa-ensaladera-de-02-puertas-04gn-1-1-mir14c-fs-mir14c-fs\/","title":{"rendered":"MESA ENSALADERA DE 02 PUERTAS 04GN 1\/1 &#8211; MIR14C\/FS &#8211; MIR14C\/FS"},"content":{"rendered":"<p>Mesa refrigerada Saladette 4 GN 1\/1. 2 puertas + 1 caj\u00f3n + 1 tapa. Con 2 pares de gu\u00edas + 2 parrillas de acero plastificado. Estructura de acero inoxidable. Aislamiento de 50 mm de espesor sin CFC ni HCFC. Refrigeraci\u00f3n ventilada. Desescarche autom\u00e1tico. Evaporaci\u00f3n autom\u00e1tica del agua de deshielo. Condensador extra\u00edble sobre gu\u00edas. Refrigerante tipo R134a. Caj\u00f3n refrigerado sobre el condensador. Tope de la junta de la puerta con cable t\u00e9rmico reemplazable. Puerta con autocierre. Junta magn\u00e9tica reemplazable sin\u00e4herramientas. Cajones refrigerados con gu\u00edas telesc\u00f3picas de acero inoxidable. Fondo y c\u00e1mara con \u00e1ngulos redondeados y desag\u00fce para limpieza. Evaporador con tratamiento anticorrosi\u00f3n. Pies de acero inoxidable regulables en altura. Control electr\u00f3nico.<\/p>\n","protected":false},"excerpt":{"rendered":"<p>Mesa refrigerada Saladette 4 GN 1\/1. 2 puertas + 1 caj\u00f3n + 1 tapa. Con 2 pares de gu\u00edas + 2 parrillas de acero plastificado. Estructura de acero inoxidable. Aislamiento de 50 mm de espesor sin CFC ni HCFC. Refrigeraci\u00f3n ventilada. Desescarche autom\u00e1tico. Evaporaci\u00f3n autom\u00e1tica del agua de deshielo. Condensador extra\u00edble sobre gu\u00edas. Refrigerante tipo R134a. Caj\u00f3n refrigerado sobre el condensador. Tope de la junta de la puerta con cable t\u00e9rmico reemplazable. Puerta con autocierre. Junta magn\u00e9tica reemplazable sin\u00e4herramientas. Cajones refrigerados con gu\u00edas telesc\u00f3picas de acero inoxidable. Fondo y c\u00e1mara con \u00e1ngulos redondeados y desag\u00fce para limpieza. Evaporador con tratamiento anticorrosi\u00f3n. Pies de acero inoxidable regulables en altura. Control electr\u00f3nico.<\/p>\n","protected":false},"featured_media":12408,"comment_status":"open","ping_status":"closed","template":"","meta":[],"product_brand":[],"product_cat":[27,101],"product_tag":[1736],"class_list":{"0":"post-15636","1":"product","2":"type-product","3":"status-publish","4":"has-post-thumbnail","6":"product_cat-refrigeracion-comercial","7":"product_cat-mesas-refrigeradas","8":"product_tag-mesa-ensaladera-de-02-puertas-04gn-1-1-mir14c-fs","9":"pa_marcas-mareno","11":"first","12":"onbackorder","13":"shipping-taxable","14":"purchasable","15":"product-type-simple"},"yoast_head":"<!-- This site is optimized with the Yoast SEO Premium plugin v27.1 (Yoast SEO v27.1.1) - https:\/\/yoast.com\/product\/yoast-seo-premium-wordpress\/ -->\n<title>MESA ENSALADERA DE 02 PUERTAS 04GN 1\/1 - MIR14C\/FS - MIR14C\/FS - FRIONOX<\/title>\n<meta name=\"description\" content=\"Mesa refrigerada Saladette 4 GN 1\/1. 2 puertas + 1 caj\u00f3n + 1 tapa. Con 2 pares de gu\u00edas + 2 parrillas de acero plastificado. Estructura de acero inoxidable. Aislamiento de 50 mm de espesor sin CFC ni HCFC. Refrigeraci\u00f3n ventilada. Desescarche autom\u00e1tico. Evaporaci\u00f3n autom\u00e1tica del agua de deshielo. Condensador extra\u00edble sobre gu\u00edas. Refrigerante tipo R134a. Caj\u00f3n refrigerado sobre el condensador. Tope de la junta de la puerta con cable t\u00e9rmico reemplazable. Puerta con autocierre. Junta magn\u00e9tica reemplazable sin\u00e4herramientas. Cajones refrigerados con gu\u00edas telesc\u00f3picas de acero inoxidable. Fondo y c\u00e1mara con \u00e1ngulos redondeados y desag\u00fce para limpieza. Evaporador con tratamiento anticorrosi\u00f3n. Pies de acero inoxidable regulables en altura. Control electr\u00f3nico.\" \/>\n<meta name=\"robots\" content=\"index, follow, max-snippet:-1, max-image-preview:large, max-video-preview:-1\" \/>\n<link rel=\"canonical\" href=\"https:\/\/frionox.com\/catalogo\/producto\/mesa-ensaladera-de-02-puertas-04gn-1-1-mir14c-fs-mir14c-fs\/\" \/>\n<meta property=\"og:locale\" content=\"es_ES\" \/>\n<meta property=\"og:type\" content=\"article\" \/>\n<meta property=\"og:title\" content=\"MESA ENSALADERA DE 02 PUERTAS 04GN 1\/1 - MIR14C\/FS - MIR14C\/FS\" \/>\n<meta property=\"og:description\" content=\"Mesa refrigerada Saladette 4 GN 1\/1. 2 puertas + 1 caj\u00f3n + 1 tapa. Con 2 pares de gu\u00edas + 2 parrillas de acero plastificado. Estructura de acero inoxidable. Aislamiento de 50 mm de espesor sin CFC ni HCFC. Refrigeraci\u00f3n ventilada. Desescarche autom\u00e1tico. Evaporaci\u00f3n autom\u00e1tica del agua de deshielo. Condensador extra\u00edble sobre gu\u00edas. Refrigerante tipo R134a. Caj\u00f3n refrigerado sobre el condensador. Tope de la junta de la puerta con cable t\u00e9rmico reemplazable. Puerta con autocierre. Junta magn\u00e9tica reemplazable sin\u00e4herramientas. Cajones refrigerados con gu\u00edas telesc\u00f3picas de acero inoxidable. Fondo y c\u00e1mara con \u00e1ngulos redondeados y desag\u00fce para limpieza. Evaporador con tratamiento anticorrosi\u00f3n. Pies de acero inoxidable regulables en altura. Control electr\u00f3nico.\" \/>\n<meta property=\"og:url\" content=\"https:\/\/frionox.com\/catalogo\/producto\/mesa-ensaladera-de-02-puertas-04gn-1-1-mir14c-fs-mir14c-fs\/\" \/>\n<meta property=\"og:site_name\" content=\"FRIONOX\" \/>\n<meta property=\"article:publisher\" content=\"https:\/\/facebook.com\/frionox.pe\" \/>\n<meta property=\"article:modified_time\" content=\"2020-11-11T18:01:06+00:00\" \/>\n<meta property=\"og:image\" content=\"https:\/\/frionox.com\/catalogo\/wp-content\/uploads\/2020\/04\/MIR14C-FS.jpg\" \/>\n\t<meta property=\"og:image:width\" content=\"600\" \/>\n\t<meta property=\"og:image:height\" content=\"600\" \/>\n\t<meta property=\"og:image:type\" content=\"image\/jpeg\" \/>\n<meta name=\"twitter:card\" content=\"summary_large_image\" \/>\n<meta name=\"twitter:site\" content=\"@frionoxsac\" \/>\n<meta name=\"twitter:label1\" content=\"Precio\" \/>\n\t<meta name=\"twitter:data1\" content=\"S\/1,298.00\" \/>\n\t<meta name=\"twitter:label2\" content=\"Disponibilidad\" \/>\n\t<meta name=\"twitter:data2\" content=\"Disponible para reservar\" \/>\n<script type=\"application\/ld+json\" class=\"yoast-schema-graph\">{\"@context\":\"https:\/\/schema.org\",\"@graph\":[{\"@type\":\"WebPage\",\"@id\":\"https:\/\/frionox.com\/catalogo\/producto\/mesa-ensaladera-de-02-puertas-04gn-1-1-mir14c-fs-mir14c-fs\/\",\"url\":\"https:\/\/frionox.com\/catalogo\/producto\/mesa-ensaladera-de-02-puertas-04gn-1-1-mir14c-fs-mir14c-fs\/\",\"name\":\"MESA ENSALADERA DE 02 PUERTAS 04GN 1\/1 - MIR14C\/FS - MIR14C\/FS - FRIONOX\",\"isPartOf\":{\"@id\":\"https:\/\/frionox.com\/catalogo\/#website\"},\"primaryImageOfPage\":{\"@id\":\"https:\/\/frionox.com\/catalogo\/producto\/mesa-ensaladera-de-02-puertas-04gn-1-1-mir14c-fs-mir14c-fs\/#primaryimage\"},\"image\":{\"@id\":\"https:\/\/frionox.com\/catalogo\/producto\/mesa-ensaladera-de-02-puertas-04gn-1-1-mir14c-fs-mir14c-fs\/#primaryimage\"},\"thumbnailUrl\":\"https:\/\/frionox.com\/catalogo\/wp-content\/uploads\/2020\/04\/MIR14C-FS.jpg\",\"datePublished\":\"2020-08-09T19:03:14+00:00\",\"dateModified\":\"2020-11-11T18:01:06+00:00\",\"description\":\"Mesa refrigerada Saladette 4 GN 1\/1. 2 puertas + 1 caj\u00f3n + 1 tapa. Con 2 pares de gu\u00edas + 2 parrillas de acero plastificado. Estructura de acero inoxidable. Aislamiento de 50 mm de espesor sin CFC ni HCFC. Refrigeraci\u00f3n ventilada. Desescarche autom\u00e1tico. Evaporaci\u00f3n autom\u00e1tica del agua de deshielo. Condensador extra\u00edble sobre gu\u00edas. Refrigerante tipo R134a. Caj\u00f3n refrigerado sobre el condensador. Tope de la junta de la puerta con cable t\u00e9rmico reemplazable. Puerta con autocierre. Junta magn\u00e9tica reemplazable sin\u00e4herramientas. Cajones refrigerados con gu\u00edas telesc\u00f3picas de acero inoxidable. Fondo y c\u00e1mara con \u00e1ngulos redondeados y desag\u00fce para limpieza. Evaporador con tratamiento anticorrosi\u00f3n. Pies de acero inoxidable regulables en altura. Control electr\u00f3nico.\",\"breadcrumb\":{\"@id\":\"https:\/\/frionox.com\/catalogo\/producto\/mesa-ensaladera-de-02-puertas-04gn-1-1-mir14c-fs-mir14c-fs\/#breadcrumb\"},\"inLanguage\":\"es\",\"potentialAction\":[{\"@type\":\"ReadAction\",\"target\":[\"https:\/\/frionox.com\/catalogo\/producto\/mesa-ensaladera-de-02-puertas-04gn-1-1-mir14c-fs-mir14c-fs\/\"]}]},{\"@type\":\"ImageObject\",\"inLanguage\":\"es\",\"@id\":\"https:\/\/frionox.com\/catalogo\/producto\/mesa-ensaladera-de-02-puertas-04gn-1-1-mir14c-fs-mir14c-fs\/#primaryimage\",\"url\":\"https:\/\/frionox.com\/catalogo\/wp-content\/uploads\/2020\/04\/MIR14C-FS.jpg\",\"contentUrl\":\"https:\/\/frionox.com\/catalogo\/wp-content\/uploads\/2020\/04\/MIR14C-FS.jpg\",\"width\":600,\"height\":600},{\"@type\":\"BreadcrumbList\",\"@id\":\"https:\/\/frionox.com\/catalogo\/producto\/mesa-ensaladera-de-02-puertas-04gn-1-1-mir14c-fs-mir14c-fs\/#breadcrumb\",\"itemListElement\":[{\"@type\":\"ListItem\",\"position\":1,\"name\":\"Portada\",\"item\":\"https:\/\/frionox.com\/catalogo\/\"},{\"@type\":\"ListItem\",\"position\":2,\"name\":\"Hornos Industriales, Licuadoras Industriales, Cocinas y m\u00e1s\",\"item\":\"https:\/\/frionox.com\/catalogo\/tienda\/\"},{\"@type\":\"ListItem\",\"position\":3,\"name\":\"MESA ENSALADERA DE 02 PUERTAS 04GN 1\/1 &#8211; MIR14C\/FS &#8211; MIR14C\/FS\"}]},{\"@type\":\"WebSite\",\"@id\":\"https:\/\/frionox.com\/catalogo\/#website\",\"url\":\"https:\/\/frionox.com\/catalogo\/\",\"name\":\"FRIONOX\",\"description\":\"Equipamiento de cocinas\",\"publisher\":{\"@id\":\"https:\/\/frionox.com\/catalogo\/#organization\"},\"potentialAction\":[{\"@type\":\"SearchAction\",\"target\":{\"@type\":\"EntryPoint\",\"urlTemplate\":\"https:\/\/frionox.com\/catalogo\/?s={search_term_string}\"},\"query-input\":{\"@type\":\"PropertyValueSpecification\",\"valueRequired\":true,\"valueName\":\"search_term_string\"}}],\"inLanguage\":\"es\"},{\"@type\":[\"Organization\",\"Place\",\"LocalBusiness\"],\"@id\":\"https:\/\/frionox.com\/catalogo\/#organization\",\"name\":\"Frionox Equipamiento de cocinas\",\"url\":\"https:\/\/frionox.com\/catalogo\/\",\"logo\":{\"@id\":\"https:\/\/frionox.com\/catalogo\/producto\/mesa-ensaladera-de-02-puertas-04gn-1-1-mir14c-fs-mir14c-fs\/#local-main-organization-logo\"},\"image\":{\"@id\":\"https:\/\/frionox.com\/catalogo\/producto\/mesa-ensaladera-de-02-puertas-04gn-1-1-mir14c-fs-mir14c-fs\/#local-main-organization-logo\"},\"sameAs\":[\"https:\/\/facebook.com\/frionox.pe\",\"https:\/\/x.com\/frionoxsac\",\"https:\/\/youtube.com\/@FRIONOXEQUIPAMIENTODECOCINA\"],\"address\":{\"@id\":\"https:\/\/frionox.com\/catalogo\/producto\/mesa-ensaladera-de-02-puertas-04gn-1-1-mir14c-fs-mir14c-fs\/#local-main-place-address\"},\"geo\":{\"@type\":\"GeoCoordinates\",\"latitude\":\"-11.980133\",\"longitude\":\"-77.06118200000003\"},\"telephone\":[\"+5115221181\"],\"openingHoursSpecification\":[{\"@type\":\"OpeningHoursSpecification\",\"dayOfWeek\":[\"Monday\",\"Tuesday\",\"Wednesday\",\"Thursday\",\"Friday\",\"Saturday\"],\"opens\":\"08:00\",\"closes\":\"18:00\"},{\"@type\":\"OpeningHoursSpecification\",\"dayOfWeek\":[\"Sunday\"],\"opens\":\"00:00\",\"closes\":\"00:00\"}],\"email\":\"cotizaciones@frionox.com\"},{\"@type\":\"PostalAddress\",\"@id\":\"https:\/\/frionox.com\/catalogo\/producto\/mesa-ensaladera-de-02-puertas-04gn-1-1-mir14c-fs-mir14c-fs\/#local-main-place-address\",\"streetAddress\":\"Av. Oscar R. Benavides 1624\",\"addressLocality\":\"Cercado de Lima\",\"postalCode\":\"15082\",\"addressRegion\":\"Lima\",\"addressCountry\":\"PE\"},{\"@type\":\"ImageObject\",\"inLanguage\":\"es\",\"@id\":\"https:\/\/frionox.com\/catalogo\/producto\/mesa-ensaladera-de-02-puertas-04gn-1-1-mir14c-fs-mir14c-fs\/#local-main-organization-logo\",\"url\":\"https:\/\/frionox.com\/catalogo\/wp-content\/uploads\/2020\/04\/LOGO-MOBILE.png\",\"contentUrl\":\"https:\/\/frionox.com\/catalogo\/wp-content\/uploads\/2020\/04\/LOGO-MOBILE.png\",\"width\":203,\"height\":61,\"caption\":\"Frionox Equipamiento de cocinas\"}]}<\/script>\n<meta property=\"product:price:amount\" content=\"1298.00\" \/>\n<meta property=\"product:price:currency\" content=\"PEN\" \/>\n<meta property=\"og:availability\" content=\"backorder\" \/>\n<meta property=\"product:availability\" content=\"available for order\" \/>\n<meta property=\"product:retailer_item_id\" content=\"MIR14C\/FS\" \/>\n<meta property=\"product:condition\" content=\"new\" \/>\n<meta name=\"geo.placename\" content=\"Cercado de Lima\" \/>\n<meta name=\"geo.position\" content=\"-11.980133;-77.06118200000003\" \/>\n<meta name=\"geo.region\" content=\"Per\u00fa\" \/>\n<!-- \/ Yoast SEO Premium plugin. -->","yoast_head_json":{"title":"MESA ENSALADERA DE 02 PUERTAS 04GN 1\/1 - MIR14C\/FS - MIR14C\/FS - FRIONOX","description":"Mesa refrigerada Saladette 4 GN 1\/1. 2 puertas + 1 caj\u00f3n + 1 tapa. Con 2 pares de gu\u00edas + 2 parrillas de acero plastificado. Estructura de acero inoxidable. Aislamiento de 50 mm de espesor sin CFC ni HCFC. Refrigeraci\u00f3n ventilada. Desescarche autom\u00e1tico. Evaporaci\u00f3n autom\u00e1tica del agua de deshielo. Condensador extra\u00edble sobre gu\u00edas. Refrigerante tipo R134a. Caj\u00f3n refrigerado sobre el condensador. Tope de la junta de la puerta con cable t\u00e9rmico reemplazable. Puerta con autocierre. Junta magn\u00e9tica reemplazable sin\u00e4herramientas. Cajones refrigerados con gu\u00edas telesc\u00f3picas de acero inoxidable. Fondo y c\u00e1mara con \u00e1ngulos redondeados y desag\u00fce para limpieza. Evaporador con tratamiento anticorrosi\u00f3n. Pies de acero inoxidable regulables en altura. Control electr\u00f3nico.","robots":{"index":"index","follow":"follow","max-snippet":"max-snippet:-1","max-image-preview":"max-image-preview:large","max-video-preview":"max-video-preview:-1"},"canonical":"https:\/\/frionox.com\/catalogo\/producto\/mesa-ensaladera-de-02-puertas-04gn-1-1-mir14c-fs-mir14c-fs\/","og_locale":"es_ES","og_type":"article","og_title":"MESA ENSALADERA DE 02 PUERTAS 04GN 1\/1 - MIR14C\/FS - MIR14C\/FS","og_description":"Mesa refrigerada Saladette 4 GN 1\/1. 2 puertas + 1 caj\u00f3n + 1 tapa. Con 2 pares de gu\u00edas + 2 parrillas de acero plastificado. Estructura de acero inoxidable. Aislamiento de 50 mm de espesor sin CFC ni HCFC. Refrigeraci\u00f3n ventilada. Desescarche autom\u00e1tico. Evaporaci\u00f3n autom\u00e1tica del agua de deshielo. Condensador extra\u00edble sobre gu\u00edas. Refrigerante tipo R134a. Caj\u00f3n refrigerado sobre el condensador. Tope de la junta de la puerta con cable t\u00e9rmico reemplazable. Puerta con autocierre. Junta magn\u00e9tica reemplazable sin\u00e4herramientas. Cajones refrigerados con gu\u00edas telesc\u00f3picas de acero inoxidable. Fondo y c\u00e1mara con \u00e1ngulos redondeados y desag\u00fce para limpieza. Evaporador con tratamiento anticorrosi\u00f3n. Pies de acero inoxidable regulables en altura. Control electr\u00f3nico.","og_url":"https:\/\/frionox.com\/catalogo\/producto\/mesa-ensaladera-de-02-puertas-04gn-1-1-mir14c-fs-mir14c-fs\/","og_site_name":"FRIONOX","article_publisher":"https:\/\/facebook.com\/frionox.pe","article_modified_time":"2020-11-11T18:01:06+00:00","og_image":[{"width":600,"height":600,"url":"https:\/\/frionox.com\/catalogo\/wp-content\/uploads\/2020\/04\/MIR14C-FS.jpg","type":"image\/jpeg"}],"twitter_card":"summary_large_image","twitter_site":"@frionoxsac","twitter_misc":{"Precio":"S\/1,298.00","Disponibilidad":"Disponible para reservar"},"schema":{"@context":"https:\/\/schema.org","@graph":[{"@type":"WebPage","@id":"https:\/\/frionox.com\/catalogo\/producto\/mesa-ensaladera-de-02-puertas-04gn-1-1-mir14c-fs-mir14c-fs\/","url":"https:\/\/frionox.com\/catalogo\/producto\/mesa-ensaladera-de-02-puertas-04gn-1-1-mir14c-fs-mir14c-fs\/","name":"MESA ENSALADERA DE 02 PUERTAS 04GN 1\/1 - MIR14C\/FS - MIR14C\/FS - FRIONOX","isPartOf":{"@id":"https:\/\/frionox.com\/catalogo\/#website"},"primaryImageOfPage":{"@id":"https:\/\/frionox.com\/catalogo\/producto\/mesa-ensaladera-de-02-puertas-04gn-1-1-mir14c-fs-mir14c-fs\/#primaryimage"},"image":{"@id":"https:\/\/frionox.com\/catalogo\/producto\/mesa-ensaladera-de-02-puertas-04gn-1-1-mir14c-fs-mir14c-fs\/#primaryimage"},"thumbnailUrl":"https:\/\/frionox.com\/catalogo\/wp-content\/uploads\/2020\/04\/MIR14C-FS.jpg","datePublished":"2020-08-09T19:03:14+00:00","dateModified":"2020-11-11T18:01:06+00:00","description":"Mesa refrigerada Saladette 4 GN 1\/1. 2 puertas + 1 caj\u00f3n + 1 tapa. Con 2 pares de gu\u00edas + 2 parrillas de acero plastificado. Estructura de acero inoxidable. Aislamiento de 50 mm de espesor sin CFC ni HCFC. Refrigeraci\u00f3n ventilada. Desescarche autom\u00e1tico. Evaporaci\u00f3n autom\u00e1tica del agua de deshielo. Condensador extra\u00edble sobre gu\u00edas. Refrigerante tipo R134a. Caj\u00f3n refrigerado sobre el condensador. Tope de la junta de la puerta con cable t\u00e9rmico reemplazable. Puerta con autocierre. Junta magn\u00e9tica reemplazable sin\u00e4herramientas. Cajones refrigerados con gu\u00edas telesc\u00f3picas de acero inoxidable. Fondo y c\u00e1mara con \u00e1ngulos redondeados y desag\u00fce para limpieza. Evaporador con tratamiento anticorrosi\u00f3n. Pies de acero inoxidable regulables en altura. Control electr\u00f3nico.","breadcrumb":{"@id":"https:\/\/frionox.com\/catalogo\/producto\/mesa-ensaladera-de-02-puertas-04gn-1-1-mir14c-fs-mir14c-fs\/#breadcrumb"},"inLanguage":"es","potentialAction":[{"@type":"ReadAction","target":["https:\/\/frionox.com\/catalogo\/producto\/mesa-ensaladera-de-02-puertas-04gn-1-1-mir14c-fs-mir14c-fs\/"]}]},{"@type":"ImageObject","inLanguage":"es","@id":"https:\/\/frionox.com\/catalogo\/producto\/mesa-ensaladera-de-02-puertas-04gn-1-1-mir14c-fs-mir14c-fs\/#primaryimage","url":"https:\/\/frionox.com\/catalogo\/wp-content\/uploads\/2020\/04\/MIR14C-FS.jpg","contentUrl":"https:\/\/frionox.com\/catalogo\/wp-content\/uploads\/2020\/04\/MIR14C-FS.jpg","width":600,"height":600},{"@type":"BreadcrumbList","@id":"https:\/\/frionox.com\/catalogo\/producto\/mesa-ensaladera-de-02-puertas-04gn-1-1-mir14c-fs-mir14c-fs\/#breadcrumb","itemListElement":[{"@type":"ListItem","position":1,"name":"Portada","item":"https:\/\/frionox.com\/catalogo\/"},{"@type":"ListItem","position":2,"name":"Hornos Industriales, Licuadoras Industriales, Cocinas y m\u00e1s","item":"https:\/\/frionox.com\/catalogo\/tienda\/"},{"@type":"ListItem","position":3,"name":"MESA ENSALADERA DE 02 PUERTAS 04GN 1\/1 &#8211; MIR14C\/FS &#8211; MIR14C\/FS"}]},{"@type":"WebSite","@id":"https:\/\/frionox.com\/catalogo\/#website","url":"https:\/\/frionox.com\/catalogo\/","name":"FRIONOX","description":"Equipamiento de cocinas","publisher":{"@id":"https:\/\/frionox.com\/catalogo\/#organization"},"potentialAction":[{"@type":"SearchAction","target":{"@type":"EntryPoint","urlTemplate":"https:\/\/frionox.com\/catalogo\/?s={search_term_string}"},"query-input":{"@type":"PropertyValueSpecification","valueRequired":true,"valueName":"search_term_string"}}],"inLanguage":"es"},{"@type":["Organization","Place","LocalBusiness"],"@id":"https:\/\/frionox.com\/catalogo\/#organization","name":"Frionox Equipamiento de cocinas","url":"https:\/\/frionox.com\/catalogo\/","logo":{"@id":"https:\/\/frionox.com\/catalogo\/producto\/mesa-ensaladera-de-02-puertas-04gn-1-1-mir14c-fs-mir14c-fs\/#local-main-organization-logo"},"image":{"@id":"https:\/\/frionox.com\/catalogo\/producto\/mesa-ensaladera-de-02-puertas-04gn-1-1-mir14c-fs-mir14c-fs\/#local-main-organization-logo"},"sameAs":["https:\/\/facebook.com\/frionox.pe","https:\/\/x.com\/frionoxsac","https:\/\/youtube.com\/@FRIONOXEQUIPAMIENTODECOCINA"],"address":{"@id":"https:\/\/frionox.com\/catalogo\/producto\/mesa-ensaladera-de-02-puertas-04gn-1-1-mir14c-fs-mir14c-fs\/#local-main-place-address"},"geo":{"@type":"GeoCoordinates","latitude":"-11.980133","longitude":"-77.06118200000003"},"telephone":["+5115221181"],"openingHoursSpecification":[{"@type":"OpeningHoursSpecification","dayOfWeek":["Monday","Tuesday","Wednesday","Thursday","Friday","Saturday"],"opens":"08:00","closes":"18:00"},{"@type":"OpeningHoursSpecification","dayOfWeek":["Sunday"],"opens":"00:00","closes":"00:00"}],"email":"cotizaciones@frionox.com"},{"@type":"PostalAddress","@id":"https:\/\/frionox.com\/catalogo\/producto\/mesa-ensaladera-de-02-puertas-04gn-1-1-mir14c-fs-mir14c-fs\/#local-main-place-address","streetAddress":"Av. Oscar R. Benavides 1624","addressLocality":"Cercado de Lima","postalCode":"15082","addressRegion":"Lima","addressCountry":"PE"},{"@type":"ImageObject","inLanguage":"es","@id":"https:\/\/frionox.com\/catalogo\/producto\/mesa-ensaladera-de-02-puertas-04gn-1-1-mir14c-fs-mir14c-fs\/#local-main-organization-logo","url":"https:\/\/frionox.com\/catalogo\/wp-content\/uploads\/2020\/04\/LOGO-MOBILE.png","contentUrl":"https:\/\/frionox.com\/catalogo\/wp-content\/uploads\/2020\/04\/LOGO-MOBILE.png","width":203,"height":61,"caption":"Frionox Equipamiento de cocinas"}]},"product_price_amount":"1298.00","product_price_currency":"PEN","og_availability":"backorder","product_availability":"available for order","product_retailer_item_id":"MIR14C\/FS","product_condition":"new","geo.placename":"Cercado de Lima","geo.position":{"lat":"-11.980133","long":"-77.06118200000003"},"geo.region":"Per\u00fa"},"_links":{"self":[{"href":"https:\/\/frionox.com\/catalogo\/wp-json\/wp\/v2\/product\/15636","targetHints":{"allow":["GET"]}}],"collection":[{"href":"https:\/\/frionox.com\/catalogo\/wp-json\/wp\/v2\/product"}],"about":[{"href":"https:\/\/frionox.com\/catalogo\/wp-json\/wp\/v2\/types\/product"}],"replies":[{"embeddable":true,"href":"https:\/\/frionox.com\/catalogo\/wp-json\/wp\/v2\/comments?post=15636"}],"wp:featuredmedia":[{"embeddable":true,"href":"https:\/\/frionox.com\/catalogo\/wp-json\/wp\/v2\/media\/12408"}],"wp:attachment":[{"href":"https:\/\/frionox.com\/catalogo\/wp-json\/wp\/v2\/media?parent=15636"}],"wp:term":[{"taxonomy":"product_brand","embeddable":true,"href":"https:\/\/frionox.com\/catalogo\/wp-json\/wp\/v2\/product_brand?post=15636"},{"taxonomy":"product_cat","embeddable":true,"href":"https:\/\/frionox.com\/catalogo\/wp-json\/wp\/v2\/product_cat?post=15636"},{"taxonomy":"product_tag","embeddable":true,"href":"https:\/\/frionox.com\/catalogo\/wp-json\/wp\/v2\/product_tag?post=15636"}],"curies":[{"name":"wp","href":"https:\/\/api.w.org\/{rel}","templated":true}]}}