{"id":15632,"date":"2020-08-09T14:03:14","date_gmt":"2020-08-09T19:03:14","guid":{"rendered":"https:\/\/frionox.com\/catalogo\/producto\/refrigerador-vertical-02-puertas-1400-lt-fsc140n-fs-fsc140n-fs\/"},"modified":"2025-09-01T11:28:08","modified_gmt":"2025-09-01T16:28:08","slug":"refrigerador-vertical-02-puertas-1400-lt-fsc140n-fs-fsc140n-fs","status":"publish","type":"product","link":"https:\/\/frionox.com\/catalogo\/producto\/refrigerador-vertical-02-puertas-1400-lt-fsc140n-fs-fsc140n-fs\/","title":{"rendered":"REFRIGERADOR VERTICAL 02 PUERTAS 1400 Lt &#8211; FSC140N\/FS &#8211; FSC140N\/FS"},"content":{"rendered":"<p>Frigor\u00edfico-lados estampados. Volumen c\u00e1mara 1400 litros. Temperatura -2 +8\u00b0C. Ventilado 1 c\u00e1mara de acero inoxidable con \u00e1ngulos redondeados y desag\u00fce para facilitar la limpieza. 2 puertas. Puerta con tirador en toda la altura y autocierre. Revestimiento de acero inoxidable, pies de acero inoxidable regulables en altura. Aislamiento de 85 mm de espesor sin CFC ni HCFC. Panel de mandos con termostato electr\u00f3nico de f\u00e1cil lectura. Unidad refrigerante de altas prestaciones incluso en clima tropical (+43 \u00b0C), evaporador tratado con pintura anticorrosi\u00f3n. Gas refrigerante R134a. Procedimiento de desescarche autom\u00e1tico a resistencia. Eliminaci\u00f3n del agua de deshielo por evaporaci\u00f3n autom\u00e1tica mediante resistencia. Cerradura y luz de serie. Dotado de 6 parrillas GN 2\/1, 3 parrillas intermedias. Potencia frigor\u00edfica -10\u00b0C W 418. Nivel de ruido dB 50. Carga de refrigerante, g 300. Clase clim\u00e1tica 5. Indice eficiencia energ\u00e9tica 69.3. Clase eficiencia energ\u00e9tica D.<\/p>\n","protected":false},"excerpt":{"rendered":"<p>Frigor\u00edfico-lados estampados. Volumen c\u00e1mara 1400 litros. Temperatura -2 +8\u00b0C. Ventilado 1 c\u00e1mara de acero inoxidable con \u00e1ngulos redondeados y desag\u00fce para facilitar la limpieza. 2 puertas. Puerta con tirador en toda la altura y autocierre. Revestimiento de acero inoxidable, pies de acero inoxidable regulables en altura. Aislamiento de 85 mm de espesor sin CFC ni HCFC. Panel de mandos con termostato electr\u00f3nico de f\u00e1cil lectura. Unidad refrigerante de altas prestaciones incluso en clima tropical (+43 \u00b0C), evaporador tratado con pintura anticorrosi\u00f3n. Gas refrigerante R134a. Procedimiento de desescarche autom\u00e1tico a resistencia. Eliminaci\u00f3n del agua de deshielo por evaporaci\u00f3n autom\u00e1tica mediante resistencia. Cerradura y luz de serie. Dotado de 6 parrillas GN 2\/1, 3 parrillas intermedias. Potencia frigor\u00edfica -10\u00b0C W 418. Nivel de ruido dB 50. Carga de refrigerante, g 300. Clase clim\u00e1tica 5. Indice eficiencia energ\u00e9tica 69.3. Clase eficiencia energ\u00e9tica D.<\/p>\n","protected":false},"featured_media":12210,"comment_status":"open","ping_status":"closed","template":"","meta":[],"product_brand":[],"product_cat":[1406,27],"product_tag":[1732],"class_list":{"0":"post-15632","1":"product","2":"type-product","3":"status-publish","4":"has-post-thumbnail","6":"product_cat-refrigeradores-refrigeracion-comercial","7":"product_cat-refrigeracion-comercial","8":"product_tag-refrigerador-vertical-02-puertas-1400-lt-fsc140n-fs","9":"pa_marcas-mareno","11":"first","12":"onbackorder","13":"shipping-taxable","14":"purchasable","15":"product-type-simple"},"yoast_head":"<!-- This site is optimized with the Yoast SEO Premium plugin v27.1 (Yoast SEO v27.1.1) - https:\/\/yoast.com\/product\/yoast-seo-premium-wordpress\/ -->\n<title>REFRIGERADOR VERTICAL 02 PUERTAS 1400 Lt - FSC140N\/FS - FSC140N\/FS - FRIONOX<\/title>\n<meta name=\"description\" content=\"Frigor\u00edfico-lados estampados. Volumen c\u00e1mara 1400 litros. Temperatura -2 +8\u00b0C. Ventilado 1 c\u00e1mara de acero inoxidable con \u00e1ngulos redondeados y desag\u00fce para facilitar la limpieza. 2 puertas. Puerta con tirador en toda la altura y autocierre. Revestimiento de acero inoxidable, pies de acero inoxidable regulables en altura. Aislamiento de 85 mm de espesor sin CFC ni HCFC. Panel de mandos con termostato electr\u00f3nico de f\u00e1cil lectura. Unidad refrigerante de altas prestaciones incluso en clima tropical (+43 \u00b0C), evaporador tratado con pintura anticorrosi\u00f3n. Gas refrigerante R134a. Procedimiento de desescarche autom\u00e1tico a resistencia. Eliminaci\u00f3n del agua de deshielo por evaporaci\u00f3n autom\u00e1tica mediante resistencia. Cerradura y luz de serie. Dotado de 6 parrillas GN 2\/1, 3 parrillas intermedias. Potencia frigor\u00edfica -10\u00b0C W 418. Nivel de ruido dB 50. Carga de refrigerante, g 300. Clase clim\u00e1tica 5. Indice eficiencia energ\u00e9tica 69.3. Clase eficiencia energ\u00e9tica D.\" \/>\n<meta name=\"robots\" content=\"index, follow, max-snippet:-1, max-image-preview:large, max-video-preview:-1\" \/>\n<link rel=\"canonical\" href=\"https:\/\/frionox.com\/catalogo\/producto\/refrigerador-vertical-02-puertas-1400-lt-fsc140n-fs-fsc140n-fs\/\" \/>\n<meta property=\"og:locale\" content=\"es_ES\" \/>\n<meta property=\"og:type\" content=\"article\" \/>\n<meta property=\"og:title\" content=\"REFRIGERADOR VERTICAL 02 PUERTAS 1400 Lt - FSC140N\/FS - FSC140N\/FS\" \/>\n<meta property=\"og:description\" content=\"Frigor\u00edfico-lados estampados. Volumen c\u00e1mara 1400 litros. Temperatura -2 +8\u00b0C. Ventilado 1 c\u00e1mara de acero inoxidable con \u00e1ngulos redondeados y desag\u00fce para facilitar la limpieza. 2 puertas. Puerta con tirador en toda la altura y autocierre. Revestimiento de acero inoxidable, pies de acero inoxidable regulables en altura. Aislamiento de 85 mm de espesor sin CFC ni HCFC. Panel de mandos con termostato electr\u00f3nico de f\u00e1cil lectura. Unidad refrigerante de altas prestaciones incluso en clima tropical (+43 \u00b0C), evaporador tratado con pintura anticorrosi\u00f3n. Gas refrigerante R134a. Procedimiento de desescarche autom\u00e1tico a resistencia. Eliminaci\u00f3n del agua de deshielo por evaporaci\u00f3n autom\u00e1tica mediante resistencia. Cerradura y luz de serie. Dotado de 6 parrillas GN 2\/1, 3 parrillas intermedias. Potencia frigor\u00edfica -10\u00b0C W 418. Nivel de ruido dB 50. Carga de refrigerante, g 300. Clase clim\u00e1tica 5. Indice eficiencia energ\u00e9tica 69.3. Clase eficiencia energ\u00e9tica D.\" \/>\n<meta property=\"og:url\" content=\"https:\/\/frionox.com\/catalogo\/producto\/refrigerador-vertical-02-puertas-1400-lt-fsc140n-fs-fsc140n-fs\/\" \/>\n<meta property=\"og:site_name\" content=\"FRIONOX\" \/>\n<meta property=\"article:publisher\" content=\"https:\/\/facebook.com\/frionox.pe\" \/>\n<meta property=\"article:modified_time\" content=\"2025-09-01T16:28:08+00:00\" \/>\n<meta property=\"og:image\" content=\"https:\/\/frionox.com\/catalogo\/wp-content\/uploads\/2020\/04\/FSC140N-FS.jpg\" \/>\n\t<meta property=\"og:image:width\" content=\"600\" \/>\n\t<meta property=\"og:image:height\" content=\"600\" \/>\n\t<meta property=\"og:image:type\" content=\"image\/jpeg\" \/>\n<meta name=\"twitter:card\" content=\"summary_large_image\" \/>\n<meta name=\"twitter:site\" content=\"@frionoxsac\" \/>\n<meta name=\"twitter:label1\" content=\"Precio\" \/>\n\t<meta name=\"twitter:data1\" content=\"S\/6,640.73\" \/>\n\t<meta name=\"twitter:label2\" content=\"Disponibilidad\" \/>\n\t<meta name=\"twitter:data2\" content=\"Disponible para reservar\" \/>\n<script type=\"application\/ld+json\" class=\"yoast-schema-graph\">{\"@context\":\"https:\/\/schema.org\",\"@graph\":[{\"@type\":\"WebPage\",\"@id\":\"https:\/\/frionox.com\/catalogo\/producto\/refrigerador-vertical-02-puertas-1400-lt-fsc140n-fs-fsc140n-fs\/\",\"url\":\"https:\/\/frionox.com\/catalogo\/producto\/refrigerador-vertical-02-puertas-1400-lt-fsc140n-fs-fsc140n-fs\/\",\"name\":\"REFRIGERADOR VERTICAL 02 PUERTAS 1400 Lt - FSC140N\/FS - FSC140N\/FS - FRIONOX\",\"isPartOf\":{\"@id\":\"https:\/\/frionox.com\/catalogo\/#website\"},\"primaryImageOfPage\":{\"@id\":\"https:\/\/frionox.com\/catalogo\/producto\/refrigerador-vertical-02-puertas-1400-lt-fsc140n-fs-fsc140n-fs\/#primaryimage\"},\"image\":{\"@id\":\"https:\/\/frionox.com\/catalogo\/producto\/refrigerador-vertical-02-puertas-1400-lt-fsc140n-fs-fsc140n-fs\/#primaryimage\"},\"thumbnailUrl\":\"https:\/\/frionox.com\/catalogo\/wp-content\/uploads\/2020\/04\/FSC140N-FS.jpg\",\"datePublished\":\"2020-08-09T19:03:14+00:00\",\"dateModified\":\"2025-09-01T16:28:08+00:00\",\"description\":\"Frigor\u00edfico-lados estampados. Volumen c\u00e1mara 1400 litros. Temperatura -2 +8\u00b0C. Ventilado 1 c\u00e1mara de acero inoxidable con \u00e1ngulos redondeados y desag\u00fce para facilitar la limpieza. 2 puertas. Puerta con tirador en toda la altura y autocierre. Revestimiento de acero inoxidable, pies de acero inoxidable regulables en altura. Aislamiento de 85 mm de espesor sin CFC ni HCFC. Panel de mandos con termostato electr\u00f3nico de f\u00e1cil lectura. Unidad refrigerante de altas prestaciones incluso en clima tropical (+43 \u00b0C), evaporador tratado con pintura anticorrosi\u00f3n. Gas refrigerante R134a. Procedimiento de desescarche autom\u00e1tico a resistencia. Eliminaci\u00f3n del agua de deshielo por evaporaci\u00f3n autom\u00e1tica mediante resistencia. Cerradura y luz de serie. Dotado de 6 parrillas GN 2\/1, 3 parrillas intermedias. Potencia frigor\u00edfica -10\u00b0C W 418. Nivel de ruido dB 50. Carga de refrigerante, g 300. Clase clim\u00e1tica 5. Indice eficiencia energ\u00e9tica 69.3. Clase eficiencia energ\u00e9tica D.\",\"breadcrumb\":{\"@id\":\"https:\/\/frionox.com\/catalogo\/producto\/refrigerador-vertical-02-puertas-1400-lt-fsc140n-fs-fsc140n-fs\/#breadcrumb\"},\"inLanguage\":\"es\",\"potentialAction\":[{\"@type\":\"ReadAction\",\"target\":[\"https:\/\/frionox.com\/catalogo\/producto\/refrigerador-vertical-02-puertas-1400-lt-fsc140n-fs-fsc140n-fs\/\"]}]},{\"@type\":\"ImageObject\",\"inLanguage\":\"es\",\"@id\":\"https:\/\/frionox.com\/catalogo\/producto\/refrigerador-vertical-02-puertas-1400-lt-fsc140n-fs-fsc140n-fs\/#primaryimage\",\"url\":\"https:\/\/frionox.com\/catalogo\/wp-content\/uploads\/2020\/04\/FSC140N-FS.jpg\",\"contentUrl\":\"https:\/\/frionox.com\/catalogo\/wp-content\/uploads\/2020\/04\/FSC140N-FS.jpg\",\"width\":600,\"height\":600},{\"@type\":\"BreadcrumbList\",\"@id\":\"https:\/\/frionox.com\/catalogo\/producto\/refrigerador-vertical-02-puertas-1400-lt-fsc140n-fs-fsc140n-fs\/#breadcrumb\",\"itemListElement\":[{\"@type\":\"ListItem\",\"position\":1,\"name\":\"Portada\",\"item\":\"https:\/\/frionox.com\/catalogo\/\"},{\"@type\":\"ListItem\",\"position\":2,\"name\":\"Hornos Industriales, Licuadoras Industriales, Cocinas y m\u00e1s\",\"item\":\"https:\/\/frionox.com\/catalogo\/tienda\/\"},{\"@type\":\"ListItem\",\"position\":3,\"name\":\"REFRIGERADOR VERTICAL 02 PUERTAS 1400 Lt &#8211; FSC140N\/FS &#8211; FSC140N\/FS\"}]},{\"@type\":\"WebSite\",\"@id\":\"https:\/\/frionox.com\/catalogo\/#website\",\"url\":\"https:\/\/frionox.com\/catalogo\/\",\"name\":\"FRIONOX\",\"description\":\"Equipamiento de cocinas\",\"publisher\":{\"@id\":\"https:\/\/frionox.com\/catalogo\/#organization\"},\"potentialAction\":[{\"@type\":\"SearchAction\",\"target\":{\"@type\":\"EntryPoint\",\"urlTemplate\":\"https:\/\/frionox.com\/catalogo\/?s={search_term_string}\"},\"query-input\":{\"@type\":\"PropertyValueSpecification\",\"valueRequired\":true,\"valueName\":\"search_term_string\"}}],\"inLanguage\":\"es\"},{\"@type\":[\"Organization\",\"Place\",\"LocalBusiness\"],\"@id\":\"https:\/\/frionox.com\/catalogo\/#organization\",\"name\":\"Frionox Equipamiento de cocinas\",\"url\":\"https:\/\/frionox.com\/catalogo\/\",\"logo\":{\"@id\":\"https:\/\/frionox.com\/catalogo\/producto\/refrigerador-vertical-02-puertas-1400-lt-fsc140n-fs-fsc140n-fs\/#local-main-organization-logo\"},\"image\":{\"@id\":\"https:\/\/frionox.com\/catalogo\/producto\/refrigerador-vertical-02-puertas-1400-lt-fsc140n-fs-fsc140n-fs\/#local-main-organization-logo\"},\"sameAs\":[\"https:\/\/facebook.com\/frionox.pe\",\"https:\/\/x.com\/frionoxsac\",\"https:\/\/youtube.com\/@FRIONOXEQUIPAMIENTODECOCINA\"],\"address\":{\"@id\":\"https:\/\/frionox.com\/catalogo\/producto\/refrigerador-vertical-02-puertas-1400-lt-fsc140n-fs-fsc140n-fs\/#local-main-place-address\"},\"geo\":{\"@type\":\"GeoCoordinates\",\"latitude\":\"-11.980133\",\"longitude\":\"-77.06118200000003\"},\"telephone\":[\"+5115221181\"],\"openingHoursSpecification\":[{\"@type\":\"OpeningHoursSpecification\",\"dayOfWeek\":[\"Monday\",\"Tuesday\",\"Wednesday\",\"Thursday\",\"Friday\",\"Saturday\"],\"opens\":\"08:00\",\"closes\":\"18:00\"},{\"@type\":\"OpeningHoursSpecification\",\"dayOfWeek\":[\"Sunday\"],\"opens\":\"00:00\",\"closes\":\"00:00\"}],\"email\":\"cotizaciones@frionox.com\"},{\"@type\":\"PostalAddress\",\"@id\":\"https:\/\/frionox.com\/catalogo\/producto\/refrigerador-vertical-02-puertas-1400-lt-fsc140n-fs-fsc140n-fs\/#local-main-place-address\",\"streetAddress\":\"Av. Oscar R. Benavides 1624\",\"addressLocality\":\"Cercado de Lima\",\"postalCode\":\"15082\",\"addressRegion\":\"Lima\",\"addressCountry\":\"PE\"},{\"@type\":\"ImageObject\",\"inLanguage\":\"es\",\"@id\":\"https:\/\/frionox.com\/catalogo\/producto\/refrigerador-vertical-02-puertas-1400-lt-fsc140n-fs-fsc140n-fs\/#local-main-organization-logo\",\"url\":\"https:\/\/frionox.com\/catalogo\/wp-content\/uploads\/2020\/04\/LOGO-MOBILE.png\",\"contentUrl\":\"https:\/\/frionox.com\/catalogo\/wp-content\/uploads\/2020\/04\/LOGO-MOBILE.png\",\"width\":203,\"height\":61,\"caption\":\"Frionox Equipamiento de cocinas\"}]}<\/script>\n<meta property=\"product:price:amount\" content=\"6640.73\" \/>\n<meta property=\"product:price:currency\" content=\"PEN\" \/>\n<meta property=\"og:availability\" content=\"backorder\" \/>\n<meta property=\"product:availability\" content=\"available for order\" \/>\n<meta property=\"product:retailer_item_id\" content=\"FSC140N\/FS\" \/>\n<meta property=\"product:condition\" content=\"new\" \/>\n<meta name=\"geo.placename\" content=\"Cercado de Lima\" \/>\n<meta name=\"geo.position\" content=\"-11.980133;-77.06118200000003\" \/>\n<meta name=\"geo.region\" content=\"Per\u00fa\" \/>\n<!-- \/ Yoast SEO Premium plugin. -->","yoast_head_json":{"title":"REFRIGERADOR VERTICAL 02 PUERTAS 1400 Lt - FSC140N\/FS - FSC140N\/FS - FRIONOX","description":"Frigor\u00edfico-lados estampados. Volumen c\u00e1mara 1400 litros. Temperatura -2 +8\u00b0C. Ventilado 1 c\u00e1mara de acero inoxidable con \u00e1ngulos redondeados y desag\u00fce para facilitar la limpieza. 2 puertas. Puerta con tirador en toda la altura y autocierre. Revestimiento de acero inoxidable, pies de acero inoxidable regulables en altura. Aislamiento de 85 mm de espesor sin CFC ni HCFC. Panel de mandos con termostato electr\u00f3nico de f\u00e1cil lectura. Unidad refrigerante de altas prestaciones incluso en clima tropical (+43 \u00b0C), evaporador tratado con pintura anticorrosi\u00f3n. Gas refrigerante R134a. Procedimiento de desescarche autom\u00e1tico a resistencia. Eliminaci\u00f3n del agua de deshielo por evaporaci\u00f3n autom\u00e1tica mediante resistencia. Cerradura y luz de serie. Dotado de 6 parrillas GN 2\/1, 3 parrillas intermedias. Potencia frigor\u00edfica -10\u00b0C W 418. Nivel de ruido dB 50. Carga de refrigerante, g 300. Clase clim\u00e1tica 5. Indice eficiencia energ\u00e9tica 69.3. Clase eficiencia energ\u00e9tica D.","robots":{"index":"index","follow":"follow","max-snippet":"max-snippet:-1","max-image-preview":"max-image-preview:large","max-video-preview":"max-video-preview:-1"},"canonical":"https:\/\/frionox.com\/catalogo\/producto\/refrigerador-vertical-02-puertas-1400-lt-fsc140n-fs-fsc140n-fs\/","og_locale":"es_ES","og_type":"article","og_title":"REFRIGERADOR VERTICAL 02 PUERTAS 1400 Lt - FSC140N\/FS - FSC140N\/FS","og_description":"Frigor\u00edfico-lados estampados. Volumen c\u00e1mara 1400 litros. Temperatura -2 +8\u00b0C. Ventilado 1 c\u00e1mara de acero inoxidable con \u00e1ngulos redondeados y desag\u00fce para facilitar la limpieza. 2 puertas. Puerta con tirador en toda la altura y autocierre. Revestimiento de acero inoxidable, pies de acero inoxidable regulables en altura. Aislamiento de 85 mm de espesor sin CFC ni HCFC. Panel de mandos con termostato electr\u00f3nico de f\u00e1cil lectura. Unidad refrigerante de altas prestaciones incluso en clima tropical (+43 \u00b0C), evaporador tratado con pintura anticorrosi\u00f3n. Gas refrigerante R134a. Procedimiento de desescarche autom\u00e1tico a resistencia. Eliminaci\u00f3n del agua de deshielo por evaporaci\u00f3n autom\u00e1tica mediante resistencia. Cerradura y luz de serie. Dotado de 6 parrillas GN 2\/1, 3 parrillas intermedias. Potencia frigor\u00edfica -10\u00b0C W 418. Nivel de ruido dB 50. Carga de refrigerante, g 300. Clase clim\u00e1tica 5. Indice eficiencia energ\u00e9tica 69.3. Clase eficiencia energ\u00e9tica D.","og_url":"https:\/\/frionox.com\/catalogo\/producto\/refrigerador-vertical-02-puertas-1400-lt-fsc140n-fs-fsc140n-fs\/","og_site_name":"FRIONOX","article_publisher":"https:\/\/facebook.com\/frionox.pe","article_modified_time":"2025-09-01T16:28:08+00:00","og_image":[{"width":600,"height":600,"url":"https:\/\/frionox.com\/catalogo\/wp-content\/uploads\/2020\/04\/FSC140N-FS.jpg","type":"image\/jpeg"}],"twitter_card":"summary_large_image","twitter_site":"@frionoxsac","twitter_misc":{"Precio":"S\/6,640.73","Disponibilidad":"Disponible para reservar"},"schema":{"@context":"https:\/\/schema.org","@graph":[{"@type":"WebPage","@id":"https:\/\/frionox.com\/catalogo\/producto\/refrigerador-vertical-02-puertas-1400-lt-fsc140n-fs-fsc140n-fs\/","url":"https:\/\/frionox.com\/catalogo\/producto\/refrigerador-vertical-02-puertas-1400-lt-fsc140n-fs-fsc140n-fs\/","name":"REFRIGERADOR VERTICAL 02 PUERTAS 1400 Lt - FSC140N\/FS - FSC140N\/FS - FRIONOX","isPartOf":{"@id":"https:\/\/frionox.com\/catalogo\/#website"},"primaryImageOfPage":{"@id":"https:\/\/frionox.com\/catalogo\/producto\/refrigerador-vertical-02-puertas-1400-lt-fsc140n-fs-fsc140n-fs\/#primaryimage"},"image":{"@id":"https:\/\/frionox.com\/catalogo\/producto\/refrigerador-vertical-02-puertas-1400-lt-fsc140n-fs-fsc140n-fs\/#primaryimage"},"thumbnailUrl":"https:\/\/frionox.com\/catalogo\/wp-content\/uploads\/2020\/04\/FSC140N-FS.jpg","datePublished":"2020-08-09T19:03:14+00:00","dateModified":"2025-09-01T16:28:08+00:00","description":"Frigor\u00edfico-lados estampados. Volumen c\u00e1mara 1400 litros. Temperatura -2 +8\u00b0C. Ventilado 1 c\u00e1mara de acero inoxidable con \u00e1ngulos redondeados y desag\u00fce para facilitar la limpieza. 2 puertas. Puerta con tirador en toda la altura y autocierre. Revestimiento de acero inoxidable, pies de acero inoxidable regulables en altura. Aislamiento de 85 mm de espesor sin CFC ni HCFC. Panel de mandos con termostato electr\u00f3nico de f\u00e1cil lectura. Unidad refrigerante de altas prestaciones incluso en clima tropical (+43 \u00b0C), evaporador tratado con pintura anticorrosi\u00f3n. Gas refrigerante R134a. Procedimiento de desescarche autom\u00e1tico a resistencia. Eliminaci\u00f3n del agua de deshielo por evaporaci\u00f3n autom\u00e1tica mediante resistencia. Cerradura y luz de serie. Dotado de 6 parrillas GN 2\/1, 3 parrillas intermedias. Potencia frigor\u00edfica -10\u00b0C W 418. Nivel de ruido dB 50. Carga de refrigerante, g 300. Clase clim\u00e1tica 5. Indice eficiencia energ\u00e9tica 69.3. Clase eficiencia energ\u00e9tica D.","breadcrumb":{"@id":"https:\/\/frionox.com\/catalogo\/producto\/refrigerador-vertical-02-puertas-1400-lt-fsc140n-fs-fsc140n-fs\/#breadcrumb"},"inLanguage":"es","potentialAction":[{"@type":"ReadAction","target":["https:\/\/frionox.com\/catalogo\/producto\/refrigerador-vertical-02-puertas-1400-lt-fsc140n-fs-fsc140n-fs\/"]}]},{"@type":"ImageObject","inLanguage":"es","@id":"https:\/\/frionox.com\/catalogo\/producto\/refrigerador-vertical-02-puertas-1400-lt-fsc140n-fs-fsc140n-fs\/#primaryimage","url":"https:\/\/frionox.com\/catalogo\/wp-content\/uploads\/2020\/04\/FSC140N-FS.jpg","contentUrl":"https:\/\/frionox.com\/catalogo\/wp-content\/uploads\/2020\/04\/FSC140N-FS.jpg","width":600,"height":600},{"@type":"BreadcrumbList","@id":"https:\/\/frionox.com\/catalogo\/producto\/refrigerador-vertical-02-puertas-1400-lt-fsc140n-fs-fsc140n-fs\/#breadcrumb","itemListElement":[{"@type":"ListItem","position":1,"name":"Portada","item":"https:\/\/frionox.com\/catalogo\/"},{"@type":"ListItem","position":2,"name":"Hornos Industriales, Licuadoras Industriales, Cocinas y m\u00e1s","item":"https:\/\/frionox.com\/catalogo\/tienda\/"},{"@type":"ListItem","position":3,"name":"REFRIGERADOR VERTICAL 02 PUERTAS 1400 Lt &#8211; FSC140N\/FS &#8211; FSC140N\/FS"}]},{"@type":"WebSite","@id":"https:\/\/frionox.com\/catalogo\/#website","url":"https:\/\/frionox.com\/catalogo\/","name":"FRIONOX","description":"Equipamiento de cocinas","publisher":{"@id":"https:\/\/frionox.com\/catalogo\/#organization"},"potentialAction":[{"@type":"SearchAction","target":{"@type":"EntryPoint","urlTemplate":"https:\/\/frionox.com\/catalogo\/?s={search_term_string}"},"query-input":{"@type":"PropertyValueSpecification","valueRequired":true,"valueName":"search_term_string"}}],"inLanguage":"es"},{"@type":["Organization","Place","LocalBusiness"],"@id":"https:\/\/frionox.com\/catalogo\/#organization","name":"Frionox Equipamiento de cocinas","url":"https:\/\/frionox.com\/catalogo\/","logo":{"@id":"https:\/\/frionox.com\/catalogo\/producto\/refrigerador-vertical-02-puertas-1400-lt-fsc140n-fs-fsc140n-fs\/#local-main-organization-logo"},"image":{"@id":"https:\/\/frionox.com\/catalogo\/producto\/refrigerador-vertical-02-puertas-1400-lt-fsc140n-fs-fsc140n-fs\/#local-main-organization-logo"},"sameAs":["https:\/\/facebook.com\/frionox.pe","https:\/\/x.com\/frionoxsac","https:\/\/youtube.com\/@FRIONOXEQUIPAMIENTODECOCINA"],"address":{"@id":"https:\/\/frionox.com\/catalogo\/producto\/refrigerador-vertical-02-puertas-1400-lt-fsc140n-fs-fsc140n-fs\/#local-main-place-address"},"geo":{"@type":"GeoCoordinates","latitude":"-11.980133","longitude":"-77.06118200000003"},"telephone":["+5115221181"],"openingHoursSpecification":[{"@type":"OpeningHoursSpecification","dayOfWeek":["Monday","Tuesday","Wednesday","Thursday","Friday","Saturday"],"opens":"08:00","closes":"18:00"},{"@type":"OpeningHoursSpecification","dayOfWeek":["Sunday"],"opens":"00:00","closes":"00:00"}],"email":"cotizaciones@frionox.com"},{"@type":"PostalAddress","@id":"https:\/\/frionox.com\/catalogo\/producto\/refrigerador-vertical-02-puertas-1400-lt-fsc140n-fs-fsc140n-fs\/#local-main-place-address","streetAddress":"Av. Oscar R. Benavides 1624","addressLocality":"Cercado de Lima","postalCode":"15082","addressRegion":"Lima","addressCountry":"PE"},{"@type":"ImageObject","inLanguage":"es","@id":"https:\/\/frionox.com\/catalogo\/producto\/refrigerador-vertical-02-puertas-1400-lt-fsc140n-fs-fsc140n-fs\/#local-main-organization-logo","url":"https:\/\/frionox.com\/catalogo\/wp-content\/uploads\/2020\/04\/LOGO-MOBILE.png","contentUrl":"https:\/\/frionox.com\/catalogo\/wp-content\/uploads\/2020\/04\/LOGO-MOBILE.png","width":203,"height":61,"caption":"Frionox Equipamiento de cocinas"}]},"product_price_amount":"6640.73","product_price_currency":"PEN","og_availability":"backorder","product_availability":"available for order","product_retailer_item_id":"FSC140N\/FS","product_condition":"new","geo.placename":"Cercado de Lima","geo.position":{"lat":"-11.980133","long":"-77.06118200000003"},"geo.region":"Per\u00fa"},"_links":{"self":[{"href":"https:\/\/frionox.com\/catalogo\/wp-json\/wp\/v2\/product\/15632","targetHints":{"allow":["GET"]}}],"collection":[{"href":"https:\/\/frionox.com\/catalogo\/wp-json\/wp\/v2\/product"}],"about":[{"href":"https:\/\/frionox.com\/catalogo\/wp-json\/wp\/v2\/types\/product"}],"replies":[{"embeddable":true,"href":"https:\/\/frionox.com\/catalogo\/wp-json\/wp\/v2\/comments?post=15632"}],"wp:featuredmedia":[{"embeddable":true,"href":"https:\/\/frionox.com\/catalogo\/wp-json\/wp\/v2\/media\/12210"}],"wp:attachment":[{"href":"https:\/\/frionox.com\/catalogo\/wp-json\/wp\/v2\/media?parent=15632"}],"wp:term":[{"taxonomy":"product_brand","embeddable":true,"href":"https:\/\/frionox.com\/catalogo\/wp-json\/wp\/v2\/product_brand?post=15632"},{"taxonomy":"product_cat","embeddable":true,"href":"https:\/\/frionox.com\/catalogo\/wp-json\/wp\/v2\/product_cat?post=15632"},{"taxonomy":"product_tag","embeddable":true,"href":"https:\/\/frionox.com\/catalogo\/wp-json\/wp\/v2\/product_tag?post=15632"}],"curies":[{"name":"wp","href":"https:\/\/api.w.org\/{rel}","templated":true}]}}