{"id":15543,"date":"2020-08-09T14:02:39","date_gmt":"2020-08-09T19:02:39","guid":{"rendered":"https:\/\/frionox.com\/catalogo\/producto\/horno-combinado-electrico-caldera-07gn-1-1-naboo-naeb071-380-3nac\/"},"modified":"2025-10-06T22:32:37","modified_gmt":"2025-10-07T03:32:37","slug":"horno-combinado-electrico-caldera-07gn-1-1-naboo-naeb071-380-3nac","status":"publish","type":"product","link":"https:\/\/frionox.com\/catalogo\/producto\/horno-combinado-electrico-caldera-07gn-1-1-naboo-naeb071-380-3nac\/","title":{"rendered":"HORNO COMBINADO ELECTRICO CALDERA 07GN 1\/1 NABOO &#8211; NAEB071-380-3NAC"},"content":{"rendered":"<p>Generaci\u00f3n de vapor mediante caldera. Sistema antical calout para los modelos con caldera en dotaci\u00f3n producto antical. Sistema de lavado autom\u00e1tico LCS Liquid Clean System en dotaci\u00f3n 02 envases de cartucho detergente de 4,5 kg. cada uno Sonda al coraz\u00f3n multipunto \u00d83 mm Ducha integrada con enrollador autom\u00e1tico. Conexi\u00f3n a la red wi-fi. 02 parrillas en acero inoxidable. Capacidad: 07 bandejas GN 1\/1 Distancia entre gu\u00edas: 70mm N\u00famero de plazas: 50\/120 Potencia el\u00e9ctrica: 10.5 KW Voltaje: 380V \/60Hz\/ 3NAC.<\/p>\n","protected":false},"excerpt":{"rendered":"<p>Generaci\u00f3n de vapor mediante caldera. Sistema antical calout para los modelos con caldera en dotaci\u00f3n producto antical. Sistema de lavado autom\u00e1tico LCS Liquid Clean System en dotaci\u00f3n 02 envases de cartucho detergente de 4,5 kg. cada uno Sonda al coraz\u00f3n multipunto \u00d83 mm Ducha integrada con enrollador autom\u00e1tico. Conexi\u00f3n a la red wi-fi. 02 parrillas en acero inoxidable. Capacidad: 07 bandejas GN 1\/1 Distancia entre gu\u00edas: 70mm N\u00famero de plazas: 50\/120 Potencia el\u00e9ctrica: 10.5 KW Voltaje: 380V \/60Hz\/ 3NAC.<\/p>\n","protected":false},"featured_media":12449,"comment_status":"open","ping_status":"closed","template":"","meta":[],"product_brand":[],"product_cat":[29,117],"product_tag":[1657],"class_list":{"0":"post-15543","1":"product","2":"type-product","3":"status-publish","4":"has-post-thumbnail","6":"product_cat-equipos-de-coccion","7":"product_cat-hornos-industriales","8":"product_tag-horno-combinado-electrico-caldera-07gn-1-1-naboo","9":"pa_marcas-lainox","11":"first","12":"onbackorder","13":"shipping-taxable","14":"purchasable","15":"product-type-simple"},"yoast_head":"<!-- This site is optimized with the Yoast SEO Premium plugin v27.1 (Yoast SEO v27.1.1) - https:\/\/yoast.com\/product\/yoast-seo-premium-wordpress\/ -->\n<title>HORNO COMBINADO ELECTRICO CALDERA 07GN 1\/1 NABOO - NAEB071-380-3NAC - FRIONOX<\/title>\n<meta name=\"description\" content=\"Generaci\u00f3n de vapor mediante caldera. Sistema antical calout para los modelos con caldera en dotaci\u00f3n producto antical. Sistema de lavado autom\u00e1tico LCS Liquid Clean System en dotaci\u00f3n 02 envases de cartucho detergente de 4,5 kg. cada uno Sonda al coraz\u00f3n multipunto \u00d83 mm Ducha integrada con enrollador autom\u00e1tico. Conexi\u00f3n a la red wi-fi. 02 parrillas en acero inoxidable. Capacidad: 07 bandejas GN 1\/1 Distancia entre gu\u00edas: 70mm N\u00famero de plazas: 50\/120 Potencia el\u00e9ctrica: 10.5 KW Voltaje: 380V \/60Hz\/ 3NAC.\" \/>\n<meta name=\"robots\" content=\"index, follow, max-snippet:-1, max-image-preview:large, max-video-preview:-1\" \/>\n<link rel=\"canonical\" href=\"https:\/\/frionox.com\/catalogo\/producto\/horno-combinado-electrico-caldera-07gn-1-1-naboo-naeb071-380-3nac\/\" \/>\n<meta property=\"og:locale\" content=\"es_ES\" \/>\n<meta property=\"og:type\" content=\"article\" \/>\n<meta property=\"og:title\" content=\"HORNO COMBINADO ELECTRICO CALDERA 07GN 1\/1 NABOO - NAEB071-380-3NAC\" \/>\n<meta property=\"og:description\" content=\"Generaci\u00f3n de vapor mediante caldera. Sistema antical calout para los modelos con caldera en dotaci\u00f3n producto antical. Sistema de lavado autom\u00e1tico LCS Liquid Clean System en dotaci\u00f3n 02 envases de cartucho detergente de 4,5 kg. cada uno Sonda al coraz\u00f3n multipunto \u00d83 mm Ducha integrada con enrollador autom\u00e1tico. Conexi\u00f3n a la red wi-fi. 02 parrillas en acero inoxidable. Capacidad: 07 bandejas GN 1\/1 Distancia entre gu\u00edas: 70mm N\u00famero de plazas: 50\/120 Potencia el\u00e9ctrica: 10.5 KW Voltaje: 380V \/60Hz\/ 3NAC.\" \/>\n<meta property=\"og:url\" content=\"https:\/\/frionox.com\/catalogo\/producto\/horno-combinado-electrico-caldera-07gn-1-1-naboo-naeb071-380-3nac\/\" \/>\n<meta property=\"og:site_name\" content=\"FRIONOX\" \/>\n<meta property=\"article:publisher\" content=\"https:\/\/facebook.com\/frionox.pe\" \/>\n<meta property=\"article:modified_time\" content=\"2025-10-07T03:32:37+00:00\" \/>\n<meta property=\"og:image\" content=\"https:\/\/frionox.com\/catalogo\/wp-content\/uploads\/2020\/04\/NAEB071-220-AC.jpg\" \/>\n\t<meta property=\"og:image:width\" content=\"600\" \/>\n\t<meta property=\"og:image:height\" content=\"600\" \/>\n\t<meta property=\"og:image:type\" content=\"image\/jpeg\" \/>\n<meta name=\"twitter:card\" content=\"summary_large_image\" \/>\n<meta name=\"twitter:site\" content=\"@frionoxsac\" \/>\n<meta name=\"twitter:label1\" content=\"Precio\" \/>\n\t<meta name=\"twitter:data1\" content=\"S\/13,847.79\" \/>\n\t<meta name=\"twitter:label2\" content=\"Disponibilidad\" \/>\n\t<meta name=\"twitter:data2\" content=\"Disponible para reservar\" \/>\n<script type=\"application\/ld+json\" class=\"yoast-schema-graph\">{\"@context\":\"https:\/\/schema.org\",\"@graph\":[{\"@type\":\"WebPage\",\"@id\":\"https:\/\/frionox.com\/catalogo\/producto\/horno-combinado-electrico-caldera-07gn-1-1-naboo-naeb071-380-3nac\/\",\"url\":\"https:\/\/frionox.com\/catalogo\/producto\/horno-combinado-electrico-caldera-07gn-1-1-naboo-naeb071-380-3nac\/\",\"name\":\"HORNO COMBINADO ELECTRICO CALDERA 07GN 1\/1 NABOO - NAEB071-380-3NAC - FRIONOX\",\"isPartOf\":{\"@id\":\"https:\/\/frionox.com\/catalogo\/#website\"},\"primaryImageOfPage\":{\"@id\":\"https:\/\/frionox.com\/catalogo\/producto\/horno-combinado-electrico-caldera-07gn-1-1-naboo-naeb071-380-3nac\/#primaryimage\"},\"image\":{\"@id\":\"https:\/\/frionox.com\/catalogo\/producto\/horno-combinado-electrico-caldera-07gn-1-1-naboo-naeb071-380-3nac\/#primaryimage\"},\"thumbnailUrl\":\"https:\/\/frionox.com\/catalogo\/wp-content\/uploads\/2020\/04\/NAEB071-220-AC.jpg\",\"datePublished\":\"2020-08-09T19:02:39+00:00\",\"dateModified\":\"2025-10-07T03:32:37+00:00\",\"description\":\"Generaci\u00f3n de vapor mediante caldera. Sistema antical calout para los modelos con caldera en dotaci\u00f3n producto antical. Sistema de lavado autom\u00e1tico LCS Liquid Clean System en dotaci\u00f3n 02 envases de cartucho detergente de 4,5 kg. cada uno Sonda al coraz\u00f3n multipunto \u00d83 mm Ducha integrada con enrollador autom\u00e1tico. Conexi\u00f3n a la red wi-fi. 02 parrillas en acero inoxidable. Capacidad: 07 bandejas GN 1\/1 Distancia entre gu\u00edas: 70mm N\u00famero de plazas: 50\/120 Potencia el\u00e9ctrica: 10.5 KW Voltaje: 380V \/60Hz\/ 3NAC.\",\"breadcrumb\":{\"@id\":\"https:\/\/frionox.com\/catalogo\/producto\/horno-combinado-electrico-caldera-07gn-1-1-naboo-naeb071-380-3nac\/#breadcrumb\"},\"inLanguage\":\"es\",\"potentialAction\":[{\"@type\":\"ReadAction\",\"target\":[\"https:\/\/frionox.com\/catalogo\/producto\/horno-combinado-electrico-caldera-07gn-1-1-naboo-naeb071-380-3nac\/\"]}]},{\"@type\":\"ImageObject\",\"inLanguage\":\"es\",\"@id\":\"https:\/\/frionox.com\/catalogo\/producto\/horno-combinado-electrico-caldera-07gn-1-1-naboo-naeb071-380-3nac\/#primaryimage\",\"url\":\"https:\/\/frionox.com\/catalogo\/wp-content\/uploads\/2020\/04\/NAEB071-220-AC.jpg\",\"contentUrl\":\"https:\/\/frionox.com\/catalogo\/wp-content\/uploads\/2020\/04\/NAEB071-220-AC.jpg\",\"width\":600,\"height\":600},{\"@type\":\"BreadcrumbList\",\"@id\":\"https:\/\/frionox.com\/catalogo\/producto\/horno-combinado-electrico-caldera-07gn-1-1-naboo-naeb071-380-3nac\/#breadcrumb\",\"itemListElement\":[{\"@type\":\"ListItem\",\"position\":1,\"name\":\"Portada\",\"item\":\"https:\/\/frionox.com\/catalogo\/\"},{\"@type\":\"ListItem\",\"position\":2,\"name\":\"Hornos Industriales, Licuadoras Industriales, Cocinas y m\u00e1s\",\"item\":\"https:\/\/frionox.com\/catalogo\/tienda\/\"},{\"@type\":\"ListItem\",\"position\":3,\"name\":\"HORNO COMBINADO ELECTRICO CALDERA 07GN 1\/1 NABOO &#8211; NAEB071-380-3NAC\"}]},{\"@type\":\"WebSite\",\"@id\":\"https:\/\/frionox.com\/catalogo\/#website\",\"url\":\"https:\/\/frionox.com\/catalogo\/\",\"name\":\"FRIONOX\",\"description\":\"Equipamiento de cocinas\",\"publisher\":{\"@id\":\"https:\/\/frionox.com\/catalogo\/#organization\"},\"potentialAction\":[{\"@type\":\"SearchAction\",\"target\":{\"@type\":\"EntryPoint\",\"urlTemplate\":\"https:\/\/frionox.com\/catalogo\/?s={search_term_string}\"},\"query-input\":{\"@type\":\"PropertyValueSpecification\",\"valueRequired\":true,\"valueName\":\"search_term_string\"}}],\"inLanguage\":\"es\"},{\"@type\":[\"Organization\",\"Place\",\"LocalBusiness\"],\"@id\":\"https:\/\/frionox.com\/catalogo\/#organization\",\"name\":\"Frionox Equipamiento de cocinas\",\"url\":\"https:\/\/frionox.com\/catalogo\/\",\"logo\":{\"@id\":\"https:\/\/frionox.com\/catalogo\/producto\/horno-combinado-electrico-caldera-07gn-1-1-naboo-naeb071-380-3nac\/#local-main-organization-logo\"},\"image\":{\"@id\":\"https:\/\/frionox.com\/catalogo\/producto\/horno-combinado-electrico-caldera-07gn-1-1-naboo-naeb071-380-3nac\/#local-main-organization-logo\"},\"sameAs\":[\"https:\/\/facebook.com\/frionox.pe\",\"https:\/\/x.com\/frionoxsac\",\"https:\/\/youtube.com\/@FRIONOXEQUIPAMIENTODECOCINA\"],\"address\":{\"@id\":\"https:\/\/frionox.com\/catalogo\/producto\/horno-combinado-electrico-caldera-07gn-1-1-naboo-naeb071-380-3nac\/#local-main-place-address\"},\"geo\":{\"@type\":\"GeoCoordinates\",\"latitude\":\"-11.980133\",\"longitude\":\"-77.06118200000003\"},\"telephone\":[\"+5115221181\"],\"openingHoursSpecification\":[{\"@type\":\"OpeningHoursSpecification\",\"dayOfWeek\":[\"Monday\",\"Tuesday\",\"Wednesday\",\"Thursday\",\"Friday\",\"Saturday\"],\"opens\":\"08:00\",\"closes\":\"18:00\"},{\"@type\":\"OpeningHoursSpecification\",\"dayOfWeek\":[\"Sunday\"],\"opens\":\"00:00\",\"closes\":\"00:00\"}],\"email\":\"cotizaciones@frionox.com\"},{\"@type\":\"PostalAddress\",\"@id\":\"https:\/\/frionox.com\/catalogo\/producto\/horno-combinado-electrico-caldera-07gn-1-1-naboo-naeb071-380-3nac\/#local-main-place-address\",\"streetAddress\":\"Av. Oscar R. Benavides 1624\",\"addressLocality\":\"Cercado de Lima\",\"postalCode\":\"15082\",\"addressRegion\":\"Lima\",\"addressCountry\":\"PE\"},{\"@type\":\"ImageObject\",\"inLanguage\":\"es\",\"@id\":\"https:\/\/frionox.com\/catalogo\/producto\/horno-combinado-electrico-caldera-07gn-1-1-naboo-naeb071-380-3nac\/#local-main-organization-logo\",\"url\":\"https:\/\/frionox.com\/catalogo\/wp-content\/uploads\/2020\/04\/LOGO-MOBILE.png\",\"contentUrl\":\"https:\/\/frionox.com\/catalogo\/wp-content\/uploads\/2020\/04\/LOGO-MOBILE.png\",\"width\":203,\"height\":61,\"caption\":\"Frionox Equipamiento de cocinas\"}]}<\/script>\n<meta property=\"product:price:amount\" content=\"13847.79\" \/>\n<meta property=\"product:price:currency\" content=\"PEN\" \/>\n<meta property=\"og:availability\" content=\"backorder\" \/>\n<meta property=\"product:availability\" content=\"available for order\" \/>\n<meta property=\"product:retailer_item_id\" content=\"NAEB071-380-3NAC\" \/>\n<meta property=\"product:condition\" content=\"new\" \/>\n<meta name=\"geo.placename\" content=\"Cercado de Lima\" \/>\n<meta name=\"geo.position\" content=\"-11.980133;-77.06118200000003\" \/>\n<meta name=\"geo.region\" content=\"Per\u00fa\" \/>\n<!-- \/ Yoast SEO Premium plugin. -->","yoast_head_json":{"title":"HORNO COMBINADO ELECTRICO CALDERA 07GN 1\/1 NABOO - NAEB071-380-3NAC - FRIONOX","description":"Generaci\u00f3n de vapor mediante caldera. Sistema antical calout para los modelos con caldera en dotaci\u00f3n producto antical. Sistema de lavado autom\u00e1tico LCS Liquid Clean System en dotaci\u00f3n 02 envases de cartucho detergente de 4,5 kg. cada uno Sonda al coraz\u00f3n multipunto \u00d83 mm Ducha integrada con enrollador autom\u00e1tico. Conexi\u00f3n a la red wi-fi. 02 parrillas en acero inoxidable. Capacidad: 07 bandejas GN 1\/1 Distancia entre gu\u00edas: 70mm N\u00famero de plazas: 50\/120 Potencia el\u00e9ctrica: 10.5 KW Voltaje: 380V \/60Hz\/ 3NAC.","robots":{"index":"index","follow":"follow","max-snippet":"max-snippet:-1","max-image-preview":"max-image-preview:large","max-video-preview":"max-video-preview:-1"},"canonical":"https:\/\/frionox.com\/catalogo\/producto\/horno-combinado-electrico-caldera-07gn-1-1-naboo-naeb071-380-3nac\/","og_locale":"es_ES","og_type":"article","og_title":"HORNO COMBINADO ELECTRICO CALDERA 07GN 1\/1 NABOO - NAEB071-380-3NAC","og_description":"Generaci\u00f3n de vapor mediante caldera. Sistema antical calout para los modelos con caldera en dotaci\u00f3n producto antical. Sistema de lavado autom\u00e1tico LCS Liquid Clean System en dotaci\u00f3n 02 envases de cartucho detergente de 4,5 kg. cada uno Sonda al coraz\u00f3n multipunto \u00d83 mm Ducha integrada con enrollador autom\u00e1tico. Conexi\u00f3n a la red wi-fi. 02 parrillas en acero inoxidable. Capacidad: 07 bandejas GN 1\/1 Distancia entre gu\u00edas: 70mm N\u00famero de plazas: 50\/120 Potencia el\u00e9ctrica: 10.5 KW Voltaje: 380V \/60Hz\/ 3NAC.","og_url":"https:\/\/frionox.com\/catalogo\/producto\/horno-combinado-electrico-caldera-07gn-1-1-naboo-naeb071-380-3nac\/","og_site_name":"FRIONOX","article_publisher":"https:\/\/facebook.com\/frionox.pe","article_modified_time":"2025-10-07T03:32:37+00:00","og_image":[{"width":600,"height":600,"url":"https:\/\/frionox.com\/catalogo\/wp-content\/uploads\/2020\/04\/NAEB071-220-AC.jpg","type":"image\/jpeg"}],"twitter_card":"summary_large_image","twitter_site":"@frionoxsac","twitter_misc":{"Precio":"S\/13,847.79","Disponibilidad":"Disponible para reservar"},"schema":{"@context":"https:\/\/schema.org","@graph":[{"@type":"WebPage","@id":"https:\/\/frionox.com\/catalogo\/producto\/horno-combinado-electrico-caldera-07gn-1-1-naboo-naeb071-380-3nac\/","url":"https:\/\/frionox.com\/catalogo\/producto\/horno-combinado-electrico-caldera-07gn-1-1-naboo-naeb071-380-3nac\/","name":"HORNO COMBINADO ELECTRICO CALDERA 07GN 1\/1 NABOO - NAEB071-380-3NAC - FRIONOX","isPartOf":{"@id":"https:\/\/frionox.com\/catalogo\/#website"},"primaryImageOfPage":{"@id":"https:\/\/frionox.com\/catalogo\/producto\/horno-combinado-electrico-caldera-07gn-1-1-naboo-naeb071-380-3nac\/#primaryimage"},"image":{"@id":"https:\/\/frionox.com\/catalogo\/producto\/horno-combinado-electrico-caldera-07gn-1-1-naboo-naeb071-380-3nac\/#primaryimage"},"thumbnailUrl":"https:\/\/frionox.com\/catalogo\/wp-content\/uploads\/2020\/04\/NAEB071-220-AC.jpg","datePublished":"2020-08-09T19:02:39+00:00","dateModified":"2025-10-07T03:32:37+00:00","description":"Generaci\u00f3n de vapor mediante caldera. Sistema antical calout para los modelos con caldera en dotaci\u00f3n producto antical. Sistema de lavado autom\u00e1tico LCS Liquid Clean System en dotaci\u00f3n 02 envases de cartucho detergente de 4,5 kg. cada uno Sonda al coraz\u00f3n multipunto \u00d83 mm Ducha integrada con enrollador autom\u00e1tico. Conexi\u00f3n a la red wi-fi. 02 parrillas en acero inoxidable. Capacidad: 07 bandejas GN 1\/1 Distancia entre gu\u00edas: 70mm N\u00famero de plazas: 50\/120 Potencia el\u00e9ctrica: 10.5 KW Voltaje: 380V \/60Hz\/ 3NAC.","breadcrumb":{"@id":"https:\/\/frionox.com\/catalogo\/producto\/horno-combinado-electrico-caldera-07gn-1-1-naboo-naeb071-380-3nac\/#breadcrumb"},"inLanguage":"es","potentialAction":[{"@type":"ReadAction","target":["https:\/\/frionox.com\/catalogo\/producto\/horno-combinado-electrico-caldera-07gn-1-1-naboo-naeb071-380-3nac\/"]}]},{"@type":"ImageObject","inLanguage":"es","@id":"https:\/\/frionox.com\/catalogo\/producto\/horno-combinado-electrico-caldera-07gn-1-1-naboo-naeb071-380-3nac\/#primaryimage","url":"https:\/\/frionox.com\/catalogo\/wp-content\/uploads\/2020\/04\/NAEB071-220-AC.jpg","contentUrl":"https:\/\/frionox.com\/catalogo\/wp-content\/uploads\/2020\/04\/NAEB071-220-AC.jpg","width":600,"height":600},{"@type":"BreadcrumbList","@id":"https:\/\/frionox.com\/catalogo\/producto\/horno-combinado-electrico-caldera-07gn-1-1-naboo-naeb071-380-3nac\/#breadcrumb","itemListElement":[{"@type":"ListItem","position":1,"name":"Portada","item":"https:\/\/frionox.com\/catalogo\/"},{"@type":"ListItem","position":2,"name":"Hornos Industriales, Licuadoras Industriales, Cocinas y m\u00e1s","item":"https:\/\/frionox.com\/catalogo\/tienda\/"},{"@type":"ListItem","position":3,"name":"HORNO COMBINADO ELECTRICO CALDERA 07GN 1\/1 NABOO &#8211; NAEB071-380-3NAC"}]},{"@type":"WebSite","@id":"https:\/\/frionox.com\/catalogo\/#website","url":"https:\/\/frionox.com\/catalogo\/","name":"FRIONOX","description":"Equipamiento de cocinas","publisher":{"@id":"https:\/\/frionox.com\/catalogo\/#organization"},"potentialAction":[{"@type":"SearchAction","target":{"@type":"EntryPoint","urlTemplate":"https:\/\/frionox.com\/catalogo\/?s={search_term_string}"},"query-input":{"@type":"PropertyValueSpecification","valueRequired":true,"valueName":"search_term_string"}}],"inLanguage":"es"},{"@type":["Organization","Place","LocalBusiness"],"@id":"https:\/\/frionox.com\/catalogo\/#organization","name":"Frionox Equipamiento de cocinas","url":"https:\/\/frionox.com\/catalogo\/","logo":{"@id":"https:\/\/frionox.com\/catalogo\/producto\/horno-combinado-electrico-caldera-07gn-1-1-naboo-naeb071-380-3nac\/#local-main-organization-logo"},"image":{"@id":"https:\/\/frionox.com\/catalogo\/producto\/horno-combinado-electrico-caldera-07gn-1-1-naboo-naeb071-380-3nac\/#local-main-organization-logo"},"sameAs":["https:\/\/facebook.com\/frionox.pe","https:\/\/x.com\/frionoxsac","https:\/\/youtube.com\/@FRIONOXEQUIPAMIENTODECOCINA"],"address":{"@id":"https:\/\/frionox.com\/catalogo\/producto\/horno-combinado-electrico-caldera-07gn-1-1-naboo-naeb071-380-3nac\/#local-main-place-address"},"geo":{"@type":"GeoCoordinates","latitude":"-11.980133","longitude":"-77.06118200000003"},"telephone":["+5115221181"],"openingHoursSpecification":[{"@type":"OpeningHoursSpecification","dayOfWeek":["Monday","Tuesday","Wednesday","Thursday","Friday","Saturday"],"opens":"08:00","closes":"18:00"},{"@type":"OpeningHoursSpecification","dayOfWeek":["Sunday"],"opens":"00:00","closes":"00:00"}],"email":"cotizaciones@frionox.com"},{"@type":"PostalAddress","@id":"https:\/\/frionox.com\/catalogo\/producto\/horno-combinado-electrico-caldera-07gn-1-1-naboo-naeb071-380-3nac\/#local-main-place-address","streetAddress":"Av. Oscar R. Benavides 1624","addressLocality":"Cercado de Lima","postalCode":"15082","addressRegion":"Lima","addressCountry":"PE"},{"@type":"ImageObject","inLanguage":"es","@id":"https:\/\/frionox.com\/catalogo\/producto\/horno-combinado-electrico-caldera-07gn-1-1-naboo-naeb071-380-3nac\/#local-main-organization-logo","url":"https:\/\/frionox.com\/catalogo\/wp-content\/uploads\/2020\/04\/LOGO-MOBILE.png","contentUrl":"https:\/\/frionox.com\/catalogo\/wp-content\/uploads\/2020\/04\/LOGO-MOBILE.png","width":203,"height":61,"caption":"Frionox Equipamiento de cocinas"}]},"product_price_amount":"13847.79","product_price_currency":"PEN","og_availability":"backorder","product_availability":"available for order","product_retailer_item_id":"NAEB071-380-3NAC","product_condition":"new","geo.placename":"Cercado de Lima","geo.position":{"lat":"-11.980133","long":"-77.06118200000003"},"geo.region":"Per\u00fa"},"_links":{"self":[{"href":"https:\/\/frionox.com\/catalogo\/wp-json\/wp\/v2\/product\/15543","targetHints":{"allow":["GET"]}}],"collection":[{"href":"https:\/\/frionox.com\/catalogo\/wp-json\/wp\/v2\/product"}],"about":[{"href":"https:\/\/frionox.com\/catalogo\/wp-json\/wp\/v2\/types\/product"}],"replies":[{"embeddable":true,"href":"https:\/\/frionox.com\/catalogo\/wp-json\/wp\/v2\/comments?post=15543"}],"wp:featuredmedia":[{"embeddable":true,"href":"https:\/\/frionox.com\/catalogo\/wp-json\/wp\/v2\/media\/12449"}],"wp:attachment":[{"href":"https:\/\/frionox.com\/catalogo\/wp-json\/wp\/v2\/media?parent=15543"}],"wp:term":[{"taxonomy":"product_brand","embeddable":true,"href":"https:\/\/frionox.com\/catalogo\/wp-json\/wp\/v2\/product_brand?post=15543"},{"taxonomy":"product_cat","embeddable":true,"href":"https:\/\/frionox.com\/catalogo\/wp-json\/wp\/v2\/product_cat?post=15543"},{"taxonomy":"product_tag","embeddable":true,"href":"https:\/\/frionox.com\/catalogo\/wp-json\/wp\/v2\/product_tag?post=15543"}],"curies":[{"name":"wp","href":"https:\/\/api.w.org\/{rel}","templated":true}]}}