{"id":15536,"date":"2020-08-09T14:02:38","date_gmt":"2020-08-09T19:02:38","guid":{"rendered":"https:\/\/frionox.com\/catalogo\/producto\/horno-combinado-a-gas-vapor-directo-05gn-1-1-icon-manual-icgm051-220-ac\/"},"modified":"2026-04-19T15:01:31","modified_gmt":"2026-04-19T20:01:31","slug":"horno-combinado-a-gas-vapor-directo-05gn-1-1-icon-manual-icgm051-220-ac","status":"publish","type":"product","link":"https:\/\/frionox.com\/catalogo\/producto\/horno-combinado-a-gas-vapor-directo-05gn-1-1-icon-manual-icgm051-220-ac\/","title":{"rendered":"HORNO COMBINADO A GAS VAPOR DIRECTO 05GN 1\/1 ICON MANUAL &#8211; ICGM051-220-AC"},"content":{"rendered":"<p>Cocci\u00f3n manual con tres modalidades de cocci\u00f3n: Convecci\u00f3n de 50\u00b0C a 260\u00b0C, Vapor de 50\u00b0C a 130\u00b0C, Combinado de 50\u00b0C a 260\u00b0C. Paneles portaparrillas. Panel de mandos de selectores electromec\u00e1nicos con indicadores de control de funcionamiento. Autoreverse inversi\u00f3n autom\u00e1tica del sentido de rotaci\u00f3n del rotor) para una perfecta uniformidad de cocci\u00f3n. Respiradero c\u00e1mara manual. Iluminaci\u00f3n c\u00e1mara de led. Capacidad: 05 bandejas GN 1\/1 Distancia entre gu\u00edas: 70mm N\u00famero de plazas: 30\/80 Potencia de gas: 29000 BTU\/HR(8.5 KW) Presi\u00f3n de gas: 0.5 PSI Potencia el\u00e9ctrica: 0.25 KW Voltaje: 220V \/60Hz\/ 1AC.<\/p>\n","protected":false},"excerpt":{"rendered":"<p>Cocci\u00f3n manual con tres modalidades de cocci\u00f3n: Convecci\u00f3n de 50\u00b0C a 260\u00b0C, Vapor de 50\u00b0C a 130\u00b0C, Combinado de 50\u00b0C a 260\u00b0C. Paneles portaparrillas. Panel de mandos de selectores electromec\u00e1nicos con indicadores de control de funcionamiento. Autoreverse inversi\u00f3n autom\u00e1tica del sentido de rotaci\u00f3n del rotor) para una perfecta uniformidad de cocci\u00f3n. Respiradero c\u00e1mara manual. Iluminaci\u00f3n c\u00e1mara de led. Capacidad: 05 bandejas GN 1\/1 Distancia entre gu\u00edas: 70mm N\u00famero de plazas: 30\/80 Potencia de gas: 29000 BTU\/HR(8.5 KW) Presi\u00f3n de gas: 0.5 PSI Potencia el\u00e9ctrica: 0.25 KW Voltaje: 220V \/60Hz\/ 1AC.<\/p>\n","protected":false},"featured_media":10025,"comment_status":"open","ping_status":"closed","template":"","meta":[],"product_brand":[],"product_cat":[29,117],"product_tag":[1652],"class_list":{"0":"post-15536","1":"product","2":"type-product","3":"status-publish","4":"has-post-thumbnail","6":"product_cat-equipos-de-coccion","7":"product_cat-hornos-industriales","8":"product_tag-horno-combinado-a-gas-vapor-directo-05gn-1-1-icon-manual","9":"pa_marcas-lainox","11":"first","12":"onbackorder","13":"shipping-taxable","14":"purchasable","15":"product-type-simple"},"yoast_head":"<!-- This site is optimized with the Yoast SEO Premium plugin v27.1 (Yoast SEO v27.1.1) - https:\/\/yoast.com\/product\/yoast-seo-premium-wordpress\/ -->\n<title>HORNO COMBINADO A GAS VAPOR DIRECTO 05GN 1\/1 ICON MANUAL - ICGM051-220-AC - FRIONOX<\/title>\n<meta name=\"description\" content=\"Cocci\u00f3n manual con tres modalidades de cocci\u00f3n: Convecci\u00f3n de 50\u00b0C a 260\u00b0C, Vapor de 50\u00b0C a 130\u00b0C, Combinado de 50\u00b0C a 260\u00b0C. Paneles portaparrillas. Panel de mandos de selectores electromec\u00e1nicos con indicadores de control de funcionamiento. Autoreverse inversi\u00f3n autom\u00e1tica del sentido de rotaci\u00f3n del rotor) para una perfecta uniformidad de cocci\u00f3n. Respiradero c\u00e1mara manual. Iluminaci\u00f3n c\u00e1mara de led. Capacidad: 05 bandejas GN 1\/1 Distancia entre gu\u00edas: 70mm N\u00famero de plazas: 30\/80 Potencia de gas: 29000 BTU\/HR(8.5 KW) Presi\u00f3n de gas: 0.5 PSI Potencia el\u00e9ctrica: 0.25 KW Voltaje: 220V \/60Hz\/ 1AC.\" \/>\n<meta name=\"robots\" content=\"index, follow, max-snippet:-1, max-image-preview:large, max-video-preview:-1\" \/>\n<link rel=\"canonical\" href=\"https:\/\/frionox.com\/catalogo\/producto\/horno-combinado-a-gas-vapor-directo-05gn-1-1-icon-manual-icgm051-220-ac\/\" \/>\n<meta property=\"og:locale\" content=\"es_ES\" \/>\n<meta property=\"og:type\" content=\"article\" \/>\n<meta property=\"og:title\" content=\"HORNO COMBINADO A GAS VAPOR DIRECTO 05GN 1\/1 ICON MANUAL - ICGM051-220-AC\" \/>\n<meta property=\"og:description\" content=\"Cocci\u00f3n manual con tres modalidades de cocci\u00f3n: Convecci\u00f3n de 50\u00b0C a 260\u00b0C, Vapor de 50\u00b0C a 130\u00b0C, Combinado de 50\u00b0C a 260\u00b0C. Paneles portaparrillas. Panel de mandos de selectores electromec\u00e1nicos con indicadores de control de funcionamiento. Autoreverse inversi\u00f3n autom\u00e1tica del sentido de rotaci\u00f3n del rotor) para una perfecta uniformidad de cocci\u00f3n. Respiradero c\u00e1mara manual. Iluminaci\u00f3n c\u00e1mara de led. Capacidad: 05 bandejas GN 1\/1 Distancia entre gu\u00edas: 70mm N\u00famero de plazas: 30\/80 Potencia de gas: 29000 BTU\/HR(8.5 KW) Presi\u00f3n de gas: 0.5 PSI Potencia el\u00e9ctrica: 0.25 KW Voltaje: 220V \/60Hz\/ 1AC.\" \/>\n<meta property=\"og:url\" content=\"https:\/\/frionox.com\/catalogo\/producto\/horno-combinado-a-gas-vapor-directo-05gn-1-1-icon-manual-icgm051-220-ac\/\" \/>\n<meta property=\"og:site_name\" content=\"FRIONOX\" \/>\n<meta property=\"article:publisher\" content=\"https:\/\/facebook.com\/frionox.pe\" \/>\n<meta property=\"article:modified_time\" content=\"2026-04-19T20:01:31+00:00\" \/>\n<meta property=\"og:image\" content=\"https:\/\/frionox.com\/catalogo\/wp-content\/uploads\/2020\/04\/ICGM051-220-AC.jpg\" \/>\n\t<meta property=\"og:image:width\" content=\"800\" \/>\n\t<meta property=\"og:image:height\" content=\"800\" \/>\n\t<meta property=\"og:image:type\" content=\"image\/jpeg\" \/>\n<meta name=\"twitter:card\" content=\"summary_large_image\" \/>\n<meta name=\"twitter:site\" content=\"@frionoxsac\" \/>\n<meta name=\"twitter:label1\" content=\"Precio\" \/>\n\t<meta name=\"twitter:data1\" content=\"S\/6,807.72\" \/>\n\t<meta name=\"twitter:label2\" content=\"Disponibilidad\" \/>\n\t<meta name=\"twitter:data2\" content=\"Disponible para reservar\" \/>\n<script type=\"application\/ld+json\" class=\"yoast-schema-graph\">{\"@context\":\"https:\/\/schema.org\",\"@graph\":[{\"@type\":\"WebPage\",\"@id\":\"https:\/\/frionox.com\/catalogo\/producto\/horno-combinado-a-gas-vapor-directo-05gn-1-1-icon-manual-icgm051-220-ac\/\",\"url\":\"https:\/\/frionox.com\/catalogo\/producto\/horno-combinado-a-gas-vapor-directo-05gn-1-1-icon-manual-icgm051-220-ac\/\",\"name\":\"HORNO COMBINADO A GAS VAPOR DIRECTO 05GN 1\/1 ICON MANUAL - ICGM051-220-AC - FRIONOX\",\"isPartOf\":{\"@id\":\"https:\/\/frionox.com\/catalogo\/#website\"},\"primaryImageOfPage\":{\"@id\":\"https:\/\/frionox.com\/catalogo\/producto\/horno-combinado-a-gas-vapor-directo-05gn-1-1-icon-manual-icgm051-220-ac\/#primaryimage\"},\"image\":{\"@id\":\"https:\/\/frionox.com\/catalogo\/producto\/horno-combinado-a-gas-vapor-directo-05gn-1-1-icon-manual-icgm051-220-ac\/#primaryimage\"},\"thumbnailUrl\":\"https:\/\/frionox.com\/catalogo\/wp-content\/uploads\/2020\/04\/ICGM051-220-AC.jpg\",\"datePublished\":\"2020-08-09T19:02:38+00:00\",\"dateModified\":\"2026-04-19T20:01:31+00:00\",\"description\":\"Cocci\u00f3n manual con tres modalidades de cocci\u00f3n: Convecci\u00f3n de 50\u00b0C a 260\u00b0C, Vapor de 50\u00b0C a 130\u00b0C, Combinado de 50\u00b0C a 260\u00b0C. Paneles portaparrillas. Panel de mandos de selectores electromec\u00e1nicos con indicadores de control de funcionamiento. Autoreverse inversi\u00f3n autom\u00e1tica del sentido de rotaci\u00f3n del rotor) para una perfecta uniformidad de cocci\u00f3n. Respiradero c\u00e1mara manual. Iluminaci\u00f3n c\u00e1mara de led. Capacidad: 05 bandejas GN 1\/1 Distancia entre gu\u00edas: 70mm N\u00famero de plazas: 30\/80 Potencia de gas: 29000 BTU\/HR(8.5 KW) Presi\u00f3n de gas: 0.5 PSI Potencia el\u00e9ctrica: 0.25 KW Voltaje: 220V \/60Hz\/ 1AC.\",\"breadcrumb\":{\"@id\":\"https:\/\/frionox.com\/catalogo\/producto\/horno-combinado-a-gas-vapor-directo-05gn-1-1-icon-manual-icgm051-220-ac\/#breadcrumb\"},\"inLanguage\":\"es\",\"potentialAction\":[{\"@type\":\"ReadAction\",\"target\":[\"https:\/\/frionox.com\/catalogo\/producto\/horno-combinado-a-gas-vapor-directo-05gn-1-1-icon-manual-icgm051-220-ac\/\"]}]},{\"@type\":\"ImageObject\",\"inLanguage\":\"es\",\"@id\":\"https:\/\/frionox.com\/catalogo\/producto\/horno-combinado-a-gas-vapor-directo-05gn-1-1-icon-manual-icgm051-220-ac\/#primaryimage\",\"url\":\"https:\/\/frionox.com\/catalogo\/wp-content\/uploads\/2020\/04\/ICGM051-220-AC.jpg\",\"contentUrl\":\"https:\/\/frionox.com\/catalogo\/wp-content\/uploads\/2020\/04\/ICGM051-220-AC.jpg\",\"width\":800,\"height\":800},{\"@type\":\"BreadcrumbList\",\"@id\":\"https:\/\/frionox.com\/catalogo\/producto\/horno-combinado-a-gas-vapor-directo-05gn-1-1-icon-manual-icgm051-220-ac\/#breadcrumb\",\"itemListElement\":[{\"@type\":\"ListItem\",\"position\":1,\"name\":\"Portada\",\"item\":\"https:\/\/frionox.com\/catalogo\/\"},{\"@type\":\"ListItem\",\"position\":2,\"name\":\"Hornos Industriales, Licuadoras Industriales, Cocinas y m\u00e1s\",\"item\":\"https:\/\/frionox.com\/catalogo\/tienda\/\"},{\"@type\":\"ListItem\",\"position\":3,\"name\":\"HORNO COMBINADO A GAS VAPOR DIRECTO 05GN 1\/1 ICON MANUAL &#8211; ICGM051-220-AC\"}]},{\"@type\":\"WebSite\",\"@id\":\"https:\/\/frionox.com\/catalogo\/#website\",\"url\":\"https:\/\/frionox.com\/catalogo\/\",\"name\":\"FRIONOX\",\"description\":\"Equipamiento de cocinas\",\"publisher\":{\"@id\":\"https:\/\/frionox.com\/catalogo\/#organization\"},\"potentialAction\":[{\"@type\":\"SearchAction\",\"target\":{\"@type\":\"EntryPoint\",\"urlTemplate\":\"https:\/\/frionox.com\/catalogo\/?s={search_term_string}\"},\"query-input\":{\"@type\":\"PropertyValueSpecification\",\"valueRequired\":true,\"valueName\":\"search_term_string\"}}],\"inLanguage\":\"es\"},{\"@type\":[\"Organization\",\"Place\",\"LocalBusiness\"],\"@id\":\"https:\/\/frionox.com\/catalogo\/#organization\",\"name\":\"Frionox Equipamiento de cocinas\",\"url\":\"https:\/\/frionox.com\/catalogo\/\",\"logo\":{\"@id\":\"https:\/\/frionox.com\/catalogo\/producto\/horno-combinado-a-gas-vapor-directo-05gn-1-1-icon-manual-icgm051-220-ac\/#local-main-organization-logo\"},\"image\":{\"@id\":\"https:\/\/frionox.com\/catalogo\/producto\/horno-combinado-a-gas-vapor-directo-05gn-1-1-icon-manual-icgm051-220-ac\/#local-main-organization-logo\"},\"sameAs\":[\"https:\/\/facebook.com\/frionox.pe\",\"https:\/\/x.com\/frionoxsac\",\"https:\/\/youtube.com\/@FRIONOXEQUIPAMIENTODECOCINA\"],\"address\":{\"@id\":\"https:\/\/frionox.com\/catalogo\/producto\/horno-combinado-a-gas-vapor-directo-05gn-1-1-icon-manual-icgm051-220-ac\/#local-main-place-address\"},\"geo\":{\"@type\":\"GeoCoordinates\",\"latitude\":\"-11.980133\",\"longitude\":\"-77.06118200000003\"},\"telephone\":[\"+5115221181\"],\"openingHoursSpecification\":[{\"@type\":\"OpeningHoursSpecification\",\"dayOfWeek\":[\"Monday\",\"Tuesday\",\"Wednesday\",\"Thursday\",\"Friday\",\"Saturday\"],\"opens\":\"08:00\",\"closes\":\"18:00\"},{\"@type\":\"OpeningHoursSpecification\",\"dayOfWeek\":[\"Sunday\"],\"opens\":\"00:00\",\"closes\":\"00:00\"}],\"email\":\"cotizaciones@frionox.com\"},{\"@type\":\"PostalAddress\",\"@id\":\"https:\/\/frionox.com\/catalogo\/producto\/horno-combinado-a-gas-vapor-directo-05gn-1-1-icon-manual-icgm051-220-ac\/#local-main-place-address\",\"streetAddress\":\"Av. Oscar R. Benavides 1624\",\"addressLocality\":\"Cercado de Lima\",\"postalCode\":\"15082\",\"addressRegion\":\"Lima\",\"addressCountry\":\"PE\"},{\"@type\":\"ImageObject\",\"inLanguage\":\"es\",\"@id\":\"https:\/\/frionox.com\/catalogo\/producto\/horno-combinado-a-gas-vapor-directo-05gn-1-1-icon-manual-icgm051-220-ac\/#local-main-organization-logo\",\"url\":\"https:\/\/frionox.com\/catalogo\/wp-content\/uploads\/2020\/04\/LOGO-MOBILE.png\",\"contentUrl\":\"https:\/\/frionox.com\/catalogo\/wp-content\/uploads\/2020\/04\/LOGO-MOBILE.png\",\"width\":203,\"height\":61,\"caption\":\"Frionox Equipamiento de cocinas\"}]}<\/script>\n<meta property=\"product:price:amount\" content=\"6807.72\" \/>\n<meta property=\"product:price:currency\" content=\"PEN\" \/>\n<meta property=\"og:availability\" content=\"backorder\" \/>\n<meta property=\"product:availability\" content=\"available for order\" \/>\n<meta property=\"product:retailer_item_id\" content=\"ICGM051-220-AC\" \/>\n<meta property=\"product:condition\" content=\"new\" \/>\n<meta name=\"geo.placename\" content=\"Cercado de Lima\" \/>\n<meta name=\"geo.position\" content=\"-11.980133;-77.06118200000003\" \/>\n<meta name=\"geo.region\" content=\"Per\u00fa\" \/>\n<!-- \/ Yoast SEO Premium plugin. -->","yoast_head_json":{"title":"HORNO COMBINADO A GAS VAPOR DIRECTO 05GN 1\/1 ICON MANUAL - ICGM051-220-AC - FRIONOX","description":"Cocci\u00f3n manual con tres modalidades de cocci\u00f3n: Convecci\u00f3n de 50\u00b0C a 260\u00b0C, Vapor de 50\u00b0C a 130\u00b0C, Combinado de 50\u00b0C a 260\u00b0C. Paneles portaparrillas. Panel de mandos de selectores electromec\u00e1nicos con indicadores de control de funcionamiento. Autoreverse inversi\u00f3n autom\u00e1tica del sentido de rotaci\u00f3n del rotor) para una perfecta uniformidad de cocci\u00f3n. Respiradero c\u00e1mara manual. Iluminaci\u00f3n c\u00e1mara de led. Capacidad: 05 bandejas GN 1\/1 Distancia entre gu\u00edas: 70mm N\u00famero de plazas: 30\/80 Potencia de gas: 29000 BTU\/HR(8.5 KW) Presi\u00f3n de gas: 0.5 PSI Potencia el\u00e9ctrica: 0.25 KW Voltaje: 220V \/60Hz\/ 1AC.","robots":{"index":"index","follow":"follow","max-snippet":"max-snippet:-1","max-image-preview":"max-image-preview:large","max-video-preview":"max-video-preview:-1"},"canonical":"https:\/\/frionox.com\/catalogo\/producto\/horno-combinado-a-gas-vapor-directo-05gn-1-1-icon-manual-icgm051-220-ac\/","og_locale":"es_ES","og_type":"article","og_title":"HORNO COMBINADO A GAS VAPOR DIRECTO 05GN 1\/1 ICON MANUAL - ICGM051-220-AC","og_description":"Cocci\u00f3n manual con tres modalidades de cocci\u00f3n: Convecci\u00f3n de 50\u00b0C a 260\u00b0C, Vapor de 50\u00b0C a 130\u00b0C, Combinado de 50\u00b0C a 260\u00b0C. Paneles portaparrillas. Panel de mandos de selectores electromec\u00e1nicos con indicadores de control de funcionamiento. Autoreverse inversi\u00f3n autom\u00e1tica del sentido de rotaci\u00f3n del rotor) para una perfecta uniformidad de cocci\u00f3n. Respiradero c\u00e1mara manual. Iluminaci\u00f3n c\u00e1mara de led. Capacidad: 05 bandejas GN 1\/1 Distancia entre gu\u00edas: 70mm N\u00famero de plazas: 30\/80 Potencia de gas: 29000 BTU\/HR(8.5 KW) Presi\u00f3n de gas: 0.5 PSI Potencia el\u00e9ctrica: 0.25 KW Voltaje: 220V \/60Hz\/ 1AC.","og_url":"https:\/\/frionox.com\/catalogo\/producto\/horno-combinado-a-gas-vapor-directo-05gn-1-1-icon-manual-icgm051-220-ac\/","og_site_name":"FRIONOX","article_publisher":"https:\/\/facebook.com\/frionox.pe","article_modified_time":"2026-04-19T20:01:31+00:00","og_image":[{"width":800,"height":800,"url":"https:\/\/frionox.com\/catalogo\/wp-content\/uploads\/2020\/04\/ICGM051-220-AC.jpg","type":"image\/jpeg"}],"twitter_card":"summary_large_image","twitter_site":"@frionoxsac","twitter_misc":{"Precio":"S\/6,807.72","Disponibilidad":"Disponible para reservar"},"schema":{"@context":"https:\/\/schema.org","@graph":[{"@type":"WebPage","@id":"https:\/\/frionox.com\/catalogo\/producto\/horno-combinado-a-gas-vapor-directo-05gn-1-1-icon-manual-icgm051-220-ac\/","url":"https:\/\/frionox.com\/catalogo\/producto\/horno-combinado-a-gas-vapor-directo-05gn-1-1-icon-manual-icgm051-220-ac\/","name":"HORNO COMBINADO A GAS VAPOR DIRECTO 05GN 1\/1 ICON MANUAL - ICGM051-220-AC - FRIONOX","isPartOf":{"@id":"https:\/\/frionox.com\/catalogo\/#website"},"primaryImageOfPage":{"@id":"https:\/\/frionox.com\/catalogo\/producto\/horno-combinado-a-gas-vapor-directo-05gn-1-1-icon-manual-icgm051-220-ac\/#primaryimage"},"image":{"@id":"https:\/\/frionox.com\/catalogo\/producto\/horno-combinado-a-gas-vapor-directo-05gn-1-1-icon-manual-icgm051-220-ac\/#primaryimage"},"thumbnailUrl":"https:\/\/frionox.com\/catalogo\/wp-content\/uploads\/2020\/04\/ICGM051-220-AC.jpg","datePublished":"2020-08-09T19:02:38+00:00","dateModified":"2026-04-19T20:01:31+00:00","description":"Cocci\u00f3n manual con tres modalidades de cocci\u00f3n: Convecci\u00f3n de 50\u00b0C a 260\u00b0C, Vapor de 50\u00b0C a 130\u00b0C, Combinado de 50\u00b0C a 260\u00b0C. Paneles portaparrillas. Panel de mandos de selectores electromec\u00e1nicos con indicadores de control de funcionamiento. Autoreverse inversi\u00f3n autom\u00e1tica del sentido de rotaci\u00f3n del rotor) para una perfecta uniformidad de cocci\u00f3n. Respiradero c\u00e1mara manual. Iluminaci\u00f3n c\u00e1mara de led. Capacidad: 05 bandejas GN 1\/1 Distancia entre gu\u00edas: 70mm N\u00famero de plazas: 30\/80 Potencia de gas: 29000 BTU\/HR(8.5 KW) Presi\u00f3n de gas: 0.5 PSI Potencia el\u00e9ctrica: 0.25 KW Voltaje: 220V \/60Hz\/ 1AC.","breadcrumb":{"@id":"https:\/\/frionox.com\/catalogo\/producto\/horno-combinado-a-gas-vapor-directo-05gn-1-1-icon-manual-icgm051-220-ac\/#breadcrumb"},"inLanguage":"es","potentialAction":[{"@type":"ReadAction","target":["https:\/\/frionox.com\/catalogo\/producto\/horno-combinado-a-gas-vapor-directo-05gn-1-1-icon-manual-icgm051-220-ac\/"]}]},{"@type":"ImageObject","inLanguage":"es","@id":"https:\/\/frionox.com\/catalogo\/producto\/horno-combinado-a-gas-vapor-directo-05gn-1-1-icon-manual-icgm051-220-ac\/#primaryimage","url":"https:\/\/frionox.com\/catalogo\/wp-content\/uploads\/2020\/04\/ICGM051-220-AC.jpg","contentUrl":"https:\/\/frionox.com\/catalogo\/wp-content\/uploads\/2020\/04\/ICGM051-220-AC.jpg","width":800,"height":800},{"@type":"BreadcrumbList","@id":"https:\/\/frionox.com\/catalogo\/producto\/horno-combinado-a-gas-vapor-directo-05gn-1-1-icon-manual-icgm051-220-ac\/#breadcrumb","itemListElement":[{"@type":"ListItem","position":1,"name":"Portada","item":"https:\/\/frionox.com\/catalogo\/"},{"@type":"ListItem","position":2,"name":"Hornos Industriales, Licuadoras Industriales, Cocinas y m\u00e1s","item":"https:\/\/frionox.com\/catalogo\/tienda\/"},{"@type":"ListItem","position":3,"name":"HORNO COMBINADO A GAS VAPOR DIRECTO 05GN 1\/1 ICON MANUAL &#8211; ICGM051-220-AC"}]},{"@type":"WebSite","@id":"https:\/\/frionox.com\/catalogo\/#website","url":"https:\/\/frionox.com\/catalogo\/","name":"FRIONOX","description":"Equipamiento de cocinas","publisher":{"@id":"https:\/\/frionox.com\/catalogo\/#organization"},"potentialAction":[{"@type":"SearchAction","target":{"@type":"EntryPoint","urlTemplate":"https:\/\/frionox.com\/catalogo\/?s={search_term_string}"},"query-input":{"@type":"PropertyValueSpecification","valueRequired":true,"valueName":"search_term_string"}}],"inLanguage":"es"},{"@type":["Organization","Place","LocalBusiness"],"@id":"https:\/\/frionox.com\/catalogo\/#organization","name":"Frionox Equipamiento de cocinas","url":"https:\/\/frionox.com\/catalogo\/","logo":{"@id":"https:\/\/frionox.com\/catalogo\/producto\/horno-combinado-a-gas-vapor-directo-05gn-1-1-icon-manual-icgm051-220-ac\/#local-main-organization-logo"},"image":{"@id":"https:\/\/frionox.com\/catalogo\/producto\/horno-combinado-a-gas-vapor-directo-05gn-1-1-icon-manual-icgm051-220-ac\/#local-main-organization-logo"},"sameAs":["https:\/\/facebook.com\/frionox.pe","https:\/\/x.com\/frionoxsac","https:\/\/youtube.com\/@FRIONOXEQUIPAMIENTODECOCINA"],"address":{"@id":"https:\/\/frionox.com\/catalogo\/producto\/horno-combinado-a-gas-vapor-directo-05gn-1-1-icon-manual-icgm051-220-ac\/#local-main-place-address"},"geo":{"@type":"GeoCoordinates","latitude":"-11.980133","longitude":"-77.06118200000003"},"telephone":["+5115221181"],"openingHoursSpecification":[{"@type":"OpeningHoursSpecification","dayOfWeek":["Monday","Tuesday","Wednesday","Thursday","Friday","Saturday"],"opens":"08:00","closes":"18:00"},{"@type":"OpeningHoursSpecification","dayOfWeek":["Sunday"],"opens":"00:00","closes":"00:00"}],"email":"cotizaciones@frionox.com"},{"@type":"PostalAddress","@id":"https:\/\/frionox.com\/catalogo\/producto\/horno-combinado-a-gas-vapor-directo-05gn-1-1-icon-manual-icgm051-220-ac\/#local-main-place-address","streetAddress":"Av. Oscar R. Benavides 1624","addressLocality":"Cercado de Lima","postalCode":"15082","addressRegion":"Lima","addressCountry":"PE"},{"@type":"ImageObject","inLanguage":"es","@id":"https:\/\/frionox.com\/catalogo\/producto\/horno-combinado-a-gas-vapor-directo-05gn-1-1-icon-manual-icgm051-220-ac\/#local-main-organization-logo","url":"https:\/\/frionox.com\/catalogo\/wp-content\/uploads\/2020\/04\/LOGO-MOBILE.png","contentUrl":"https:\/\/frionox.com\/catalogo\/wp-content\/uploads\/2020\/04\/LOGO-MOBILE.png","width":203,"height":61,"caption":"Frionox Equipamiento de cocinas"}]},"product_price_amount":"6807.72","product_price_currency":"PEN","og_availability":"backorder","product_availability":"available for order","product_retailer_item_id":"ICGM051-220-AC","product_condition":"new","geo.placename":"Cercado de Lima","geo.position":{"lat":"-11.980133","long":"-77.06118200000003"},"geo.region":"Per\u00fa"},"_links":{"self":[{"href":"https:\/\/frionox.com\/catalogo\/wp-json\/wp\/v2\/product\/15536","targetHints":{"allow":["GET"]}}],"collection":[{"href":"https:\/\/frionox.com\/catalogo\/wp-json\/wp\/v2\/product"}],"about":[{"href":"https:\/\/frionox.com\/catalogo\/wp-json\/wp\/v2\/types\/product"}],"replies":[{"embeddable":true,"href":"https:\/\/frionox.com\/catalogo\/wp-json\/wp\/v2\/comments?post=15536"}],"wp:featuredmedia":[{"embeddable":true,"href":"https:\/\/frionox.com\/catalogo\/wp-json\/wp\/v2\/media\/10025"}],"wp:attachment":[{"href":"https:\/\/frionox.com\/catalogo\/wp-json\/wp\/v2\/media?parent=15536"}],"wp:term":[{"taxonomy":"product_brand","embeddable":true,"href":"https:\/\/frionox.com\/catalogo\/wp-json\/wp\/v2\/product_brand?post=15536"},{"taxonomy":"product_cat","embeddable":true,"href":"https:\/\/frionox.com\/catalogo\/wp-json\/wp\/v2\/product_cat?post=15536"},{"taxonomy":"product_tag","embeddable":true,"href":"https:\/\/frionox.com\/catalogo\/wp-json\/wp\/v2\/product_tag?post=15536"}],"curies":[{"name":"wp","href":"https:\/\/api.w.org\/{rel}","templated":true}]}}