{"id":15527,"date":"2020-08-09T14:02:35","date_gmt":"2020-08-09T19:02:35","guid":{"rendered":"https:\/\/frionox.com\/catalogo\/producto\/horno-combinado-compacto-electrico-vapor-directo-06gn-1-1-compact-by-naboo-coen061-220-3ac\/"},"modified":"2025-11-02T16:52:32","modified_gmt":"2025-11-02T21:52:32","slug":"horno-combinado-compacto-electrico-vapor-directo-06gn-1-1-compact-by-naboo-coen061-220-3ac","status":"publish","type":"product","link":"https:\/\/frionox.com\/catalogo\/producto\/horno-combinado-compacto-electrico-vapor-directo-06gn-1-1-compact-by-naboo-coen061-220-3ac\/","title":{"rendered":"HORNO COMBINADO COMPACTO ELECTRICO VAPOR DIRECTO 06GN 1\/1 COMPACT BY NABOO &#8211; COEN061-220-3AC"},"content":{"rendered":"<p>Generaci\u00f3n de vapor directo en c\u00e1mara de cocci\u00f3n. Sistema de lavado autom\u00e1tico LCS Liquid Clean System en dotaci\u00f3n 02 envases de cartucho detergente de 4,5 kg. cada uno Sonda al coraz\u00f3n multipunto \u00d83 mm Conexi\u00f3n a la red wi-fi. Capacidad: 06 bandejas GN 1\/1 Distancia entre gu\u00edas: 60mm N\u00famero de plazas: 30\/80 Potencia el\u00e9ctrica: 7.75 KW Voltaje: 220V \/60Hz\/ 3AC.<\/p>\n","protected":false},"excerpt":{"rendered":"<p>Generaci\u00f3n de vapor directo en c\u00e1mara de cocci\u00f3n. Sistema de lavado autom\u00e1tico LCS Liquid Clean System en dotaci\u00f3n 02 envases de cartucho detergente de 4,5 kg. cada uno Sonda al coraz\u00f3n multipunto \u00d83 mm Conexi\u00f3n a la red wi-fi. Capacidad: 06 bandejas GN 1\/1 Distancia entre gu\u00edas: 60mm N\u00famero de plazas: 30\/80 Potencia el\u00e9ctrica: 7.75 KW Voltaje: 220V \/60Hz\/ 3AC.<\/p>\n","protected":false},"featured_media":9954,"comment_status":"open","ping_status":"closed","template":"","meta":[],"product_brand":[],"product_cat":[29,117],"product_tag":[1645],"class_list":{"0":"post-15527","1":"product","2":"type-product","3":"status-publish","4":"has-post-thumbnail","6":"product_cat-equipos-de-coccion","7":"product_cat-hornos-industriales","8":"product_tag-horno-combinado-compacto-electrico-vapor-directo-06gn-1-1-compact-by-naboo","9":"pa_marcas-lainox","11":"first","12":"onbackorder","13":"sale","14":"shipping-taxable","15":"purchasable","16":"product-type-simple"},"yoast_head":"<!-- This site is optimized with the Yoast SEO Premium plugin v27.1 (Yoast SEO v27.1.1) - https:\/\/yoast.com\/product\/yoast-seo-premium-wordpress\/ -->\n<title>HORNO COMBINADO COMPACTO ELECTRICO VAPOR DIRECTO 06GN 1\/1 COMPACT BY NABOO - COEN061-220-3AC - FRIONOX<\/title>\n<meta name=\"description\" content=\"Generaci\u00f3n de vapor directo en c\u00e1mara de cocci\u00f3n. Sistema de lavado autom\u00e1tico LCS Liquid Clean System en dotaci\u00f3n 02 envases de cartucho detergente de 4,5 kg. cada uno Sonda al coraz\u00f3n multipunto \u00d83 mm Conexi\u00f3n a la red wi-fi. Capacidad: 06 bandejas GN 1\/1 Distancia entre gu\u00edas: 60mm N\u00famero de plazas: 30\/80 Potencia el\u00e9ctrica: 7.75 KW Voltaje: 220V \/60Hz\/ 3AC.\" \/>\n<meta name=\"robots\" content=\"index, follow, max-snippet:-1, max-image-preview:large, max-video-preview:-1\" \/>\n<link rel=\"canonical\" href=\"https:\/\/frionox.com\/catalogo\/producto\/horno-combinado-compacto-electrico-vapor-directo-06gn-1-1-compact-by-naboo-coen061-220-3ac\/\" \/>\n<meta property=\"og:locale\" content=\"es_ES\" \/>\n<meta property=\"og:type\" content=\"article\" \/>\n<meta property=\"og:title\" content=\"HORNO COMBINADO COMPACTO ELECTRICO VAPOR DIRECTO 06GN 1\/1 COMPACT BY NABOO - COEN061-220-3AC\" \/>\n<meta property=\"og:description\" content=\"Generaci\u00f3n de vapor directo en c\u00e1mara de cocci\u00f3n. Sistema de lavado autom\u00e1tico LCS Liquid Clean System en dotaci\u00f3n 02 envases de cartucho detergente de 4,5 kg. cada uno Sonda al coraz\u00f3n multipunto \u00d83 mm Conexi\u00f3n a la red wi-fi. Capacidad: 06 bandejas GN 1\/1 Distancia entre gu\u00edas: 60mm N\u00famero de plazas: 30\/80 Potencia el\u00e9ctrica: 7.75 KW Voltaje: 220V \/60Hz\/ 3AC.\" \/>\n<meta property=\"og:url\" content=\"https:\/\/frionox.com\/catalogo\/producto\/horno-combinado-compacto-electrico-vapor-directo-06gn-1-1-compact-by-naboo-coen061-220-3ac\/\" \/>\n<meta property=\"og:site_name\" content=\"FRIONOX\" \/>\n<meta property=\"article:publisher\" content=\"https:\/\/facebook.com\/frionox.pe\" \/>\n<meta property=\"article:modified_time\" content=\"2025-11-02T21:52:32+00:00\" \/>\n<meta property=\"og:image\" content=\"https:\/\/frionox.com\/catalogo\/wp-content\/uploads\/2020\/04\/COEN061R.jpg\" \/>\n\t<meta property=\"og:image:width\" content=\"800\" \/>\n\t<meta property=\"og:image:height\" content=\"800\" \/>\n\t<meta property=\"og:image:type\" content=\"image\/jpeg\" \/>\n<meta name=\"twitter:card\" content=\"summary_large_image\" \/>\n<meta name=\"twitter:site\" content=\"@frionoxsac\" \/>\n<meta name=\"twitter:label1\" content=\"Precio\" \/>\n\t<meta name=\"twitter:data1\" content=\"S\/8,505.45\" \/>\n\t<meta name=\"twitter:label2\" content=\"Disponibilidad\" \/>\n\t<meta name=\"twitter:data2\" content=\"Disponible para reservar\" \/>\n<script type=\"application\/ld+json\" class=\"yoast-schema-graph\">{\"@context\":\"https:\/\/schema.org\",\"@graph\":[{\"@type\":\"WebPage\",\"@id\":\"https:\/\/frionox.com\/catalogo\/producto\/horno-combinado-compacto-electrico-vapor-directo-06gn-1-1-compact-by-naboo-coen061-220-3ac\/\",\"url\":\"https:\/\/frionox.com\/catalogo\/producto\/horno-combinado-compacto-electrico-vapor-directo-06gn-1-1-compact-by-naboo-coen061-220-3ac\/\",\"name\":\"HORNO COMBINADO COMPACTO ELECTRICO VAPOR DIRECTO 06GN 1\/1 COMPACT BY NABOO - COEN061-220-3AC - FRIONOX\",\"isPartOf\":{\"@id\":\"https:\/\/frionox.com\/catalogo\/#website\"},\"primaryImageOfPage\":{\"@id\":\"https:\/\/frionox.com\/catalogo\/producto\/horno-combinado-compacto-electrico-vapor-directo-06gn-1-1-compact-by-naboo-coen061-220-3ac\/#primaryimage\"},\"image\":{\"@id\":\"https:\/\/frionox.com\/catalogo\/producto\/horno-combinado-compacto-electrico-vapor-directo-06gn-1-1-compact-by-naboo-coen061-220-3ac\/#primaryimage\"},\"thumbnailUrl\":\"https:\/\/frionox.com\/catalogo\/wp-content\/uploads\/2020\/04\/COEN061R.jpg\",\"datePublished\":\"2020-08-09T19:02:35+00:00\",\"dateModified\":\"2025-11-02T21:52:32+00:00\",\"description\":\"Generaci\u00f3n de vapor directo en c\u00e1mara de cocci\u00f3n. Sistema de lavado autom\u00e1tico LCS Liquid Clean System en dotaci\u00f3n 02 envases de cartucho detergente de 4,5 kg. cada uno Sonda al coraz\u00f3n multipunto \u00d83 mm Conexi\u00f3n a la red wi-fi. Capacidad: 06 bandejas GN 1\/1 Distancia entre gu\u00edas: 60mm N\u00famero de plazas: 30\/80 Potencia el\u00e9ctrica: 7.75 KW Voltaje: 220V \/60Hz\/ 3AC.\",\"breadcrumb\":{\"@id\":\"https:\/\/frionox.com\/catalogo\/producto\/horno-combinado-compacto-electrico-vapor-directo-06gn-1-1-compact-by-naboo-coen061-220-3ac\/#breadcrumb\"},\"inLanguage\":\"es\",\"potentialAction\":[{\"@type\":\"ReadAction\",\"target\":[\"https:\/\/frionox.com\/catalogo\/producto\/horno-combinado-compacto-electrico-vapor-directo-06gn-1-1-compact-by-naboo-coen061-220-3ac\/\"]}]},{\"@type\":\"ImageObject\",\"inLanguage\":\"es\",\"@id\":\"https:\/\/frionox.com\/catalogo\/producto\/horno-combinado-compacto-electrico-vapor-directo-06gn-1-1-compact-by-naboo-coen061-220-3ac\/#primaryimage\",\"url\":\"https:\/\/frionox.com\/catalogo\/wp-content\/uploads\/2020\/04\/COEN061R.jpg\",\"contentUrl\":\"https:\/\/frionox.com\/catalogo\/wp-content\/uploads\/2020\/04\/COEN061R.jpg\",\"width\":800,\"height\":800},{\"@type\":\"BreadcrumbList\",\"@id\":\"https:\/\/frionox.com\/catalogo\/producto\/horno-combinado-compacto-electrico-vapor-directo-06gn-1-1-compact-by-naboo-coen061-220-3ac\/#breadcrumb\",\"itemListElement\":[{\"@type\":\"ListItem\",\"position\":1,\"name\":\"Portada\",\"item\":\"https:\/\/frionox.com\/catalogo\/\"},{\"@type\":\"ListItem\",\"position\":2,\"name\":\"Hornos Industriales, Licuadoras Industriales, Cocinas y m\u00e1s\",\"item\":\"https:\/\/frionox.com\/catalogo\/tienda\/\"},{\"@type\":\"ListItem\",\"position\":3,\"name\":\"HORNO COMBINADO COMPACTO ELECTRICO VAPOR DIRECTO 06GN 1\/1 COMPACT BY NABOO &#8211; COEN061-220-3AC\"}]},{\"@type\":\"WebSite\",\"@id\":\"https:\/\/frionox.com\/catalogo\/#website\",\"url\":\"https:\/\/frionox.com\/catalogo\/\",\"name\":\"FRIONOX\",\"description\":\"Equipamiento de cocinas\",\"publisher\":{\"@id\":\"https:\/\/frionox.com\/catalogo\/#organization\"},\"potentialAction\":[{\"@type\":\"SearchAction\",\"target\":{\"@type\":\"EntryPoint\",\"urlTemplate\":\"https:\/\/frionox.com\/catalogo\/?s={search_term_string}\"},\"query-input\":{\"@type\":\"PropertyValueSpecification\",\"valueRequired\":true,\"valueName\":\"search_term_string\"}}],\"inLanguage\":\"es\"},{\"@type\":[\"Organization\",\"Place\",\"LocalBusiness\"],\"@id\":\"https:\/\/frionox.com\/catalogo\/#organization\",\"name\":\"Frionox Equipamiento de cocinas\",\"url\":\"https:\/\/frionox.com\/catalogo\/\",\"logo\":{\"@id\":\"https:\/\/frionox.com\/catalogo\/producto\/horno-combinado-compacto-electrico-vapor-directo-06gn-1-1-compact-by-naboo-coen061-220-3ac\/#local-main-organization-logo\"},\"image\":{\"@id\":\"https:\/\/frionox.com\/catalogo\/producto\/horno-combinado-compacto-electrico-vapor-directo-06gn-1-1-compact-by-naboo-coen061-220-3ac\/#local-main-organization-logo\"},\"sameAs\":[\"https:\/\/facebook.com\/frionox.pe\",\"https:\/\/x.com\/frionoxsac\",\"https:\/\/youtube.com\/@FRIONOXEQUIPAMIENTODECOCINA\"],\"address\":{\"@id\":\"https:\/\/frionox.com\/catalogo\/producto\/horno-combinado-compacto-electrico-vapor-directo-06gn-1-1-compact-by-naboo-coen061-220-3ac\/#local-main-place-address\"},\"geo\":{\"@type\":\"GeoCoordinates\",\"latitude\":\"-11.980133\",\"longitude\":\"-77.06118200000003\"},\"telephone\":[\"+5115221181\"],\"openingHoursSpecification\":[{\"@type\":\"OpeningHoursSpecification\",\"dayOfWeek\":[\"Monday\",\"Tuesday\",\"Wednesday\",\"Thursday\",\"Friday\",\"Saturday\"],\"opens\":\"08:00\",\"closes\":\"18:00\"},{\"@type\":\"OpeningHoursSpecification\",\"dayOfWeek\":[\"Sunday\"],\"opens\":\"00:00\",\"closes\":\"00:00\"}],\"email\":\"cotizaciones@frionox.com\"},{\"@type\":\"PostalAddress\",\"@id\":\"https:\/\/frionox.com\/catalogo\/producto\/horno-combinado-compacto-electrico-vapor-directo-06gn-1-1-compact-by-naboo-coen061-220-3ac\/#local-main-place-address\",\"streetAddress\":\"Av. Oscar R. Benavides 1624\",\"addressLocality\":\"Cercado de Lima\",\"postalCode\":\"15082\",\"addressRegion\":\"Lima\",\"addressCountry\":\"PE\"},{\"@type\":\"ImageObject\",\"inLanguage\":\"es\",\"@id\":\"https:\/\/frionox.com\/catalogo\/producto\/horno-combinado-compacto-electrico-vapor-directo-06gn-1-1-compact-by-naboo-coen061-220-3ac\/#local-main-organization-logo\",\"url\":\"https:\/\/frionox.com\/catalogo\/wp-content\/uploads\/2020\/04\/LOGO-MOBILE.png\",\"contentUrl\":\"https:\/\/frionox.com\/catalogo\/wp-content\/uploads\/2020\/04\/LOGO-MOBILE.png\",\"width\":203,\"height\":61,\"caption\":\"Frionox Equipamiento de cocinas\"}]}<\/script>\n<meta property=\"product:price:amount\" content=\"8505.45\" \/>\n<meta property=\"product:price:currency\" content=\"PEN\" \/>\n<meta property=\"og:availability\" content=\"backorder\" \/>\n<meta property=\"product:availability\" content=\"available for order\" \/>\n<meta property=\"product:retailer_item_id\" content=\"COEN061-220-3AC\" \/>\n<meta property=\"product:condition\" content=\"new\" \/>\n<meta name=\"geo.placename\" content=\"Cercado de Lima\" \/>\n<meta name=\"geo.position\" content=\"-11.980133;-77.06118200000003\" \/>\n<meta name=\"geo.region\" content=\"Per\u00fa\" \/>\n<!-- \/ Yoast SEO Premium plugin. -->","yoast_head_json":{"title":"HORNO COMBINADO COMPACTO ELECTRICO VAPOR DIRECTO 06GN 1\/1 COMPACT BY NABOO - COEN061-220-3AC - FRIONOX","description":"Generaci\u00f3n de vapor directo en c\u00e1mara de cocci\u00f3n. Sistema de lavado autom\u00e1tico LCS Liquid Clean System en dotaci\u00f3n 02 envases de cartucho detergente de 4,5 kg. cada uno Sonda al coraz\u00f3n multipunto \u00d83 mm Conexi\u00f3n a la red wi-fi. Capacidad: 06 bandejas GN 1\/1 Distancia entre gu\u00edas: 60mm N\u00famero de plazas: 30\/80 Potencia el\u00e9ctrica: 7.75 KW Voltaje: 220V \/60Hz\/ 3AC.","robots":{"index":"index","follow":"follow","max-snippet":"max-snippet:-1","max-image-preview":"max-image-preview:large","max-video-preview":"max-video-preview:-1"},"canonical":"https:\/\/frionox.com\/catalogo\/producto\/horno-combinado-compacto-electrico-vapor-directo-06gn-1-1-compact-by-naboo-coen061-220-3ac\/","og_locale":"es_ES","og_type":"article","og_title":"HORNO COMBINADO COMPACTO ELECTRICO VAPOR DIRECTO 06GN 1\/1 COMPACT BY NABOO - COEN061-220-3AC","og_description":"Generaci\u00f3n de vapor directo en c\u00e1mara de cocci\u00f3n. Sistema de lavado autom\u00e1tico LCS Liquid Clean System en dotaci\u00f3n 02 envases de cartucho detergente de 4,5 kg. cada uno Sonda al coraz\u00f3n multipunto \u00d83 mm Conexi\u00f3n a la red wi-fi. Capacidad: 06 bandejas GN 1\/1 Distancia entre gu\u00edas: 60mm N\u00famero de plazas: 30\/80 Potencia el\u00e9ctrica: 7.75 KW Voltaje: 220V \/60Hz\/ 3AC.","og_url":"https:\/\/frionox.com\/catalogo\/producto\/horno-combinado-compacto-electrico-vapor-directo-06gn-1-1-compact-by-naboo-coen061-220-3ac\/","og_site_name":"FRIONOX","article_publisher":"https:\/\/facebook.com\/frionox.pe","article_modified_time":"2025-11-02T21:52:32+00:00","og_image":[{"width":800,"height":800,"url":"https:\/\/frionox.com\/catalogo\/wp-content\/uploads\/2020\/04\/COEN061R.jpg","type":"image\/jpeg"}],"twitter_card":"summary_large_image","twitter_site":"@frionoxsac","twitter_misc":{"Precio":"S\/8,505.45","Disponibilidad":"Disponible para reservar"},"schema":{"@context":"https:\/\/schema.org","@graph":[{"@type":"WebPage","@id":"https:\/\/frionox.com\/catalogo\/producto\/horno-combinado-compacto-electrico-vapor-directo-06gn-1-1-compact-by-naboo-coen061-220-3ac\/","url":"https:\/\/frionox.com\/catalogo\/producto\/horno-combinado-compacto-electrico-vapor-directo-06gn-1-1-compact-by-naboo-coen061-220-3ac\/","name":"HORNO COMBINADO COMPACTO ELECTRICO VAPOR DIRECTO 06GN 1\/1 COMPACT BY NABOO - COEN061-220-3AC - FRIONOX","isPartOf":{"@id":"https:\/\/frionox.com\/catalogo\/#website"},"primaryImageOfPage":{"@id":"https:\/\/frionox.com\/catalogo\/producto\/horno-combinado-compacto-electrico-vapor-directo-06gn-1-1-compact-by-naboo-coen061-220-3ac\/#primaryimage"},"image":{"@id":"https:\/\/frionox.com\/catalogo\/producto\/horno-combinado-compacto-electrico-vapor-directo-06gn-1-1-compact-by-naboo-coen061-220-3ac\/#primaryimage"},"thumbnailUrl":"https:\/\/frionox.com\/catalogo\/wp-content\/uploads\/2020\/04\/COEN061R.jpg","datePublished":"2020-08-09T19:02:35+00:00","dateModified":"2025-11-02T21:52:32+00:00","description":"Generaci\u00f3n de vapor directo en c\u00e1mara de cocci\u00f3n. Sistema de lavado autom\u00e1tico LCS Liquid Clean System en dotaci\u00f3n 02 envases de cartucho detergente de 4,5 kg. cada uno Sonda al coraz\u00f3n multipunto \u00d83 mm Conexi\u00f3n a la red wi-fi. Capacidad: 06 bandejas GN 1\/1 Distancia entre gu\u00edas: 60mm N\u00famero de plazas: 30\/80 Potencia el\u00e9ctrica: 7.75 KW Voltaje: 220V \/60Hz\/ 3AC.","breadcrumb":{"@id":"https:\/\/frionox.com\/catalogo\/producto\/horno-combinado-compacto-electrico-vapor-directo-06gn-1-1-compact-by-naboo-coen061-220-3ac\/#breadcrumb"},"inLanguage":"es","potentialAction":[{"@type":"ReadAction","target":["https:\/\/frionox.com\/catalogo\/producto\/horno-combinado-compacto-electrico-vapor-directo-06gn-1-1-compact-by-naboo-coen061-220-3ac\/"]}]},{"@type":"ImageObject","inLanguage":"es","@id":"https:\/\/frionox.com\/catalogo\/producto\/horno-combinado-compacto-electrico-vapor-directo-06gn-1-1-compact-by-naboo-coen061-220-3ac\/#primaryimage","url":"https:\/\/frionox.com\/catalogo\/wp-content\/uploads\/2020\/04\/COEN061R.jpg","contentUrl":"https:\/\/frionox.com\/catalogo\/wp-content\/uploads\/2020\/04\/COEN061R.jpg","width":800,"height":800},{"@type":"BreadcrumbList","@id":"https:\/\/frionox.com\/catalogo\/producto\/horno-combinado-compacto-electrico-vapor-directo-06gn-1-1-compact-by-naboo-coen061-220-3ac\/#breadcrumb","itemListElement":[{"@type":"ListItem","position":1,"name":"Portada","item":"https:\/\/frionox.com\/catalogo\/"},{"@type":"ListItem","position":2,"name":"Hornos Industriales, Licuadoras Industriales, Cocinas y m\u00e1s","item":"https:\/\/frionox.com\/catalogo\/tienda\/"},{"@type":"ListItem","position":3,"name":"HORNO COMBINADO COMPACTO ELECTRICO VAPOR DIRECTO 06GN 1\/1 COMPACT BY NABOO &#8211; COEN061-220-3AC"}]},{"@type":"WebSite","@id":"https:\/\/frionox.com\/catalogo\/#website","url":"https:\/\/frionox.com\/catalogo\/","name":"FRIONOX","description":"Equipamiento de cocinas","publisher":{"@id":"https:\/\/frionox.com\/catalogo\/#organization"},"potentialAction":[{"@type":"SearchAction","target":{"@type":"EntryPoint","urlTemplate":"https:\/\/frionox.com\/catalogo\/?s={search_term_string}"},"query-input":{"@type":"PropertyValueSpecification","valueRequired":true,"valueName":"search_term_string"}}],"inLanguage":"es"},{"@type":["Organization","Place","LocalBusiness"],"@id":"https:\/\/frionox.com\/catalogo\/#organization","name":"Frionox Equipamiento de cocinas","url":"https:\/\/frionox.com\/catalogo\/","logo":{"@id":"https:\/\/frionox.com\/catalogo\/producto\/horno-combinado-compacto-electrico-vapor-directo-06gn-1-1-compact-by-naboo-coen061-220-3ac\/#local-main-organization-logo"},"image":{"@id":"https:\/\/frionox.com\/catalogo\/producto\/horno-combinado-compacto-electrico-vapor-directo-06gn-1-1-compact-by-naboo-coen061-220-3ac\/#local-main-organization-logo"},"sameAs":["https:\/\/facebook.com\/frionox.pe","https:\/\/x.com\/frionoxsac","https:\/\/youtube.com\/@FRIONOXEQUIPAMIENTODECOCINA"],"address":{"@id":"https:\/\/frionox.com\/catalogo\/producto\/horno-combinado-compacto-electrico-vapor-directo-06gn-1-1-compact-by-naboo-coen061-220-3ac\/#local-main-place-address"},"geo":{"@type":"GeoCoordinates","latitude":"-11.980133","longitude":"-77.06118200000003"},"telephone":["+5115221181"],"openingHoursSpecification":[{"@type":"OpeningHoursSpecification","dayOfWeek":["Monday","Tuesday","Wednesday","Thursday","Friday","Saturday"],"opens":"08:00","closes":"18:00"},{"@type":"OpeningHoursSpecification","dayOfWeek":["Sunday"],"opens":"00:00","closes":"00:00"}],"email":"cotizaciones@frionox.com"},{"@type":"PostalAddress","@id":"https:\/\/frionox.com\/catalogo\/producto\/horno-combinado-compacto-electrico-vapor-directo-06gn-1-1-compact-by-naboo-coen061-220-3ac\/#local-main-place-address","streetAddress":"Av. Oscar R. Benavides 1624","addressLocality":"Cercado de Lima","postalCode":"15082","addressRegion":"Lima","addressCountry":"PE"},{"@type":"ImageObject","inLanguage":"es","@id":"https:\/\/frionox.com\/catalogo\/producto\/horno-combinado-compacto-electrico-vapor-directo-06gn-1-1-compact-by-naboo-coen061-220-3ac\/#local-main-organization-logo","url":"https:\/\/frionox.com\/catalogo\/wp-content\/uploads\/2020\/04\/LOGO-MOBILE.png","contentUrl":"https:\/\/frionox.com\/catalogo\/wp-content\/uploads\/2020\/04\/LOGO-MOBILE.png","width":203,"height":61,"caption":"Frionox Equipamiento de cocinas"}]},"product_price_amount":"8505.45","product_price_currency":"PEN","og_availability":"backorder","product_availability":"available for order","product_retailer_item_id":"COEN061-220-3AC","product_condition":"new","geo.placename":"Cercado de Lima","geo.position":{"lat":"-11.980133","long":"-77.06118200000003"},"geo.region":"Per\u00fa"},"_links":{"self":[{"href":"https:\/\/frionox.com\/catalogo\/wp-json\/wp\/v2\/product\/15527","targetHints":{"allow":["GET"]}}],"collection":[{"href":"https:\/\/frionox.com\/catalogo\/wp-json\/wp\/v2\/product"}],"about":[{"href":"https:\/\/frionox.com\/catalogo\/wp-json\/wp\/v2\/types\/product"}],"replies":[{"embeddable":true,"href":"https:\/\/frionox.com\/catalogo\/wp-json\/wp\/v2\/comments?post=15527"}],"wp:featuredmedia":[{"embeddable":true,"href":"https:\/\/frionox.com\/catalogo\/wp-json\/wp\/v2\/media\/9954"}],"wp:attachment":[{"href":"https:\/\/frionox.com\/catalogo\/wp-json\/wp\/v2\/media?parent=15527"}],"wp:term":[{"taxonomy":"product_brand","embeddable":true,"href":"https:\/\/frionox.com\/catalogo\/wp-json\/wp\/v2\/product_brand?post=15527"},{"taxonomy":"product_cat","embeddable":true,"href":"https:\/\/frionox.com\/catalogo\/wp-json\/wp\/v2\/product_cat?post=15527"},{"taxonomy":"product_tag","embeddable":true,"href":"https:\/\/frionox.com\/catalogo\/wp-json\/wp\/v2\/product_tag?post=15527"}],"curies":[{"name":"wp","href":"https:\/\/api.w.org\/{rel}","templated":true}]}}