{"id":15480,"date":"2020-08-09T14:02:21","date_gmt":"2020-08-09T19:02:21","guid":{"rendered":"https:\/\/frionox.com\/catalogo\/producto\/exprimidor-de-citricos-ej-4\/"},"modified":"2025-02-03T07:13:02","modified_gmt":"2025-02-03T12:13:02","slug":"exprimidor-de-citricos-ej-4","status":"publish","type":"product","link":"https:\/\/frionox.com\/catalogo\/producto\/exprimidor-de-citricos-ej-4\/","title":{"rendered":"EXPRIMIDOR DE CITRICOS &#8211; EJ-4"},"content":{"rendered":"<p>Produce hasta 90 litros por hora. Proceso de producci\u00f3n cont\u00ednuo hasta 120 minutos por 10 minutos de descanso. Dep\u00f3sito de derrame fabricada en acero inox 304 grado alimenticio. Para elaboraci\u00f3n de jugos provenientes de c\u00edtricos. F\u00e1cil de limpiar y operar. Gran aprovechamiento de fruta. Foco piloto indicador que el equipo est\u00e1 en operaci\u00f3n. Capacidad del motor 1\/3 HP y 1725 RPM Voltaje: 220 V. 60Hz<\/p>\n","protected":false},"excerpt":{"rendered":"<p>Produce hasta 90 litros por hora. Proceso de producci\u00f3n cont\u00ednuo hasta 120 minutos por 10 minutos de descanso. Dep\u00f3sito de derrame fabricada en acero inox 304 grado alimenticio. Para elaboraci\u00f3n de jugos provenientes de c\u00edtricos. F\u00e1cil de limpiar y operar. Gran aprovechamiento de fruta. Foco piloto indicador que el equipo est\u00e1 en operaci\u00f3n. Capacidad del motor 1\/3 HP y 1725 RPM Voltaje: 220 V. 60Hz<\/p>\n","protected":false},"featured_media":12180,"comment_status":"open","ping_status":"closed","template":"","meta":[],"product_brand":[],"product_cat":[1405],"product_tag":[1610],"class_list":{"0":"post-15480","1":"product","2":"type-product","3":"status-publish","4":"has-post-thumbnail","6":"product_cat-exprimidor-de-citricos","7":"product_tag-exprimidor-de-citricos","8":"pa_marcas-international","10":"first","11":"onbackorder","12":"shipping-taxable","13":"purchasable","14":"product-type-simple"},"yoast_head":"<!-- This site is optimized with the Yoast SEO Premium plugin v27.1 (Yoast SEO v27.1.1) - https:\/\/yoast.com\/product\/yoast-seo-premium-wordpress\/ -->\n<title>EXPRIMIDOR DE CITRICOS - EJ-4 - FRIONOX<\/title>\n<meta name=\"description\" content=\"Produce hasta 90 litros por hora. Proceso de producci\u00f3n cont\u00ednuo hasta 120 minutos por 10 minutos de descanso. Dep\u00f3sito de derrame fabricada en acero inox 304 grado alimenticio. Para elaboraci\u00f3n de jugos provenientes de c\u00edtricos. F\u00e1cil de limpiar y operar. Gran aprovechamiento de fruta. Foco piloto indicador que el equipo est\u00e1 en operaci\u00f3n. Capacidad del motor 1\/3 HP y 1725 RPM Voltaje: 220 V. 60Hz\" \/>\n<meta name=\"robots\" content=\"index, follow, max-snippet:-1, max-image-preview:large, max-video-preview:-1\" \/>\n<link rel=\"canonical\" href=\"https:\/\/frionox.com\/catalogo\/producto\/exprimidor-de-citricos-ej-4\/\" \/>\n<meta property=\"og:locale\" content=\"es_ES\" \/>\n<meta property=\"og:type\" content=\"article\" \/>\n<meta property=\"og:title\" content=\"EXPRIMIDOR DE CITRICOS - EJ-4\" \/>\n<meta property=\"og:description\" content=\"Produce hasta 90 litros por hora. Proceso de producci\u00f3n cont\u00ednuo hasta 120 minutos por 10 minutos de descanso. Dep\u00f3sito de derrame fabricada en acero inox 304 grado alimenticio. Para elaboraci\u00f3n de jugos provenientes de c\u00edtricos. F\u00e1cil de limpiar y operar. Gran aprovechamiento de fruta. Foco piloto indicador que el equipo est\u00e1 en operaci\u00f3n. Capacidad del motor 1\/3 HP y 1725 RPM Voltaje: 220 V. 60Hz\" \/>\n<meta property=\"og:url\" content=\"https:\/\/frionox.com\/catalogo\/producto\/exprimidor-de-citricos-ej-4\/\" \/>\n<meta property=\"og:site_name\" content=\"FRIONOX\" \/>\n<meta property=\"article:publisher\" content=\"https:\/\/facebook.com\/frionox.pe\" \/>\n<meta property=\"article:modified_time\" content=\"2025-02-03T12:13:02+00:00\" \/>\n<meta property=\"og:image\" content=\"https:\/\/frionox.com\/catalogo\/wp-content\/uploads\/2020\/04\/EJ-4.jpg\" \/>\n\t<meta property=\"og:image:width\" content=\"600\" \/>\n\t<meta property=\"og:image:height\" content=\"600\" \/>\n\t<meta property=\"og:image:type\" content=\"image\/jpeg\" \/>\n<meta name=\"twitter:card\" content=\"summary_large_image\" \/>\n<meta name=\"twitter:site\" content=\"@frionoxsac\" \/>\n<meta name=\"twitter:label1\" content=\"Precio\" \/>\n\t<meta name=\"twitter:data1\" content=\"S\/719.80\" \/>\n\t<meta name=\"twitter:label2\" content=\"Disponibilidad\" \/>\n\t<meta name=\"twitter:data2\" content=\"Disponible para reservar\" \/>\n<script type=\"application\/ld+json\" class=\"yoast-schema-graph\">{\"@context\":\"https:\/\/schema.org\",\"@graph\":[{\"@type\":\"WebPage\",\"@id\":\"https:\/\/frionox.com\/catalogo\/producto\/exprimidor-de-citricos-ej-4\/\",\"url\":\"https:\/\/frionox.com\/catalogo\/producto\/exprimidor-de-citricos-ej-4\/\",\"name\":\"EXPRIMIDOR DE CITRICOS - EJ-4 - FRIONOX\",\"isPartOf\":{\"@id\":\"https:\/\/frionox.com\/catalogo\/#website\"},\"primaryImageOfPage\":{\"@id\":\"https:\/\/frionox.com\/catalogo\/producto\/exprimidor-de-citricos-ej-4\/#primaryimage\"},\"image\":{\"@id\":\"https:\/\/frionox.com\/catalogo\/producto\/exprimidor-de-citricos-ej-4\/#primaryimage\"},\"thumbnailUrl\":\"https:\/\/frionox.com\/catalogo\/wp-content\/uploads\/2020\/04\/EJ-4.jpg\",\"datePublished\":\"2020-08-09T19:02:21+00:00\",\"dateModified\":\"2025-02-03T12:13:02+00:00\",\"description\":\"Produce hasta 90 litros por hora. Proceso de producci\u00f3n cont\u00ednuo hasta 120 minutos por 10 minutos de descanso. Dep\u00f3sito de derrame fabricada en acero inox 304 grado alimenticio. Para elaboraci\u00f3n de jugos provenientes de c\u00edtricos. F\u00e1cil de limpiar y operar. Gran aprovechamiento de fruta. Foco piloto indicador que el equipo est\u00e1 en operaci\u00f3n. Capacidad del motor 1\/3 HP y 1725 RPM Voltaje: 220 V. 60Hz\",\"breadcrumb\":{\"@id\":\"https:\/\/frionox.com\/catalogo\/producto\/exprimidor-de-citricos-ej-4\/#breadcrumb\"},\"inLanguage\":\"es\",\"potentialAction\":[{\"@type\":\"ReadAction\",\"target\":[\"https:\/\/frionox.com\/catalogo\/producto\/exprimidor-de-citricos-ej-4\/\"]}]},{\"@type\":\"ImageObject\",\"inLanguage\":\"es\",\"@id\":\"https:\/\/frionox.com\/catalogo\/producto\/exprimidor-de-citricos-ej-4\/#primaryimage\",\"url\":\"https:\/\/frionox.com\/catalogo\/wp-content\/uploads\/2020\/04\/EJ-4.jpg\",\"contentUrl\":\"https:\/\/frionox.com\/catalogo\/wp-content\/uploads\/2020\/04\/EJ-4.jpg\",\"width\":600,\"height\":600},{\"@type\":\"BreadcrumbList\",\"@id\":\"https:\/\/frionox.com\/catalogo\/producto\/exprimidor-de-citricos-ej-4\/#breadcrumb\",\"itemListElement\":[{\"@type\":\"ListItem\",\"position\":1,\"name\":\"Portada\",\"item\":\"https:\/\/frionox.com\/catalogo\/\"},{\"@type\":\"ListItem\",\"position\":2,\"name\":\"Hornos Industriales, Licuadoras Industriales, Cocinas y m\u00e1s\",\"item\":\"https:\/\/frionox.com\/catalogo\/tienda\/\"},{\"@type\":\"ListItem\",\"position\":3,\"name\":\"EXPRIMIDOR DE CITRICOS &#8211; EJ-4\"}]},{\"@type\":\"WebSite\",\"@id\":\"https:\/\/frionox.com\/catalogo\/#website\",\"url\":\"https:\/\/frionox.com\/catalogo\/\",\"name\":\"FRIONOX\",\"description\":\"Equipamiento de cocinas\",\"publisher\":{\"@id\":\"https:\/\/frionox.com\/catalogo\/#organization\"},\"potentialAction\":[{\"@type\":\"SearchAction\",\"target\":{\"@type\":\"EntryPoint\",\"urlTemplate\":\"https:\/\/frionox.com\/catalogo\/?s={search_term_string}\"},\"query-input\":{\"@type\":\"PropertyValueSpecification\",\"valueRequired\":true,\"valueName\":\"search_term_string\"}}],\"inLanguage\":\"es\"},{\"@type\":[\"Organization\",\"Place\",\"LocalBusiness\"],\"@id\":\"https:\/\/frionox.com\/catalogo\/#organization\",\"name\":\"Frionox Equipamiento de cocinas\",\"url\":\"https:\/\/frionox.com\/catalogo\/\",\"logo\":{\"@id\":\"https:\/\/frionox.com\/catalogo\/producto\/exprimidor-de-citricos-ej-4\/#local-main-organization-logo\"},\"image\":{\"@id\":\"https:\/\/frionox.com\/catalogo\/producto\/exprimidor-de-citricos-ej-4\/#local-main-organization-logo\"},\"sameAs\":[\"https:\/\/facebook.com\/frionox.pe\",\"https:\/\/x.com\/frionoxsac\",\"https:\/\/youtube.com\/@FRIONOXEQUIPAMIENTODECOCINA\"],\"address\":{\"@id\":\"https:\/\/frionox.com\/catalogo\/producto\/exprimidor-de-citricos-ej-4\/#local-main-place-address\"},\"geo\":{\"@type\":\"GeoCoordinates\",\"latitude\":\"-11.980133\",\"longitude\":\"-77.06118200000003\"},\"telephone\":[\"+5115221181\"],\"openingHoursSpecification\":[{\"@type\":\"OpeningHoursSpecification\",\"dayOfWeek\":[\"Monday\",\"Tuesday\",\"Wednesday\",\"Thursday\",\"Friday\",\"Saturday\"],\"opens\":\"08:00\",\"closes\":\"18:00\"},{\"@type\":\"OpeningHoursSpecification\",\"dayOfWeek\":[\"Sunday\"],\"opens\":\"00:00\",\"closes\":\"00:00\"}],\"email\":\"cotizaciones@frionox.com\"},{\"@type\":\"PostalAddress\",\"@id\":\"https:\/\/frionox.com\/catalogo\/producto\/exprimidor-de-citricos-ej-4\/#local-main-place-address\",\"streetAddress\":\"Av. Oscar R. Benavides 1624\",\"addressLocality\":\"Cercado de Lima\",\"postalCode\":\"15082\",\"addressRegion\":\"Lima\",\"addressCountry\":\"PE\"},{\"@type\":\"ImageObject\",\"inLanguage\":\"es\",\"@id\":\"https:\/\/frionox.com\/catalogo\/producto\/exprimidor-de-citricos-ej-4\/#local-main-organization-logo\",\"url\":\"https:\/\/frionox.com\/catalogo\/wp-content\/uploads\/2020\/04\/LOGO-MOBILE.png\",\"contentUrl\":\"https:\/\/frionox.com\/catalogo\/wp-content\/uploads\/2020\/04\/LOGO-MOBILE.png\",\"width\":203,\"height\":61,\"caption\":\"Frionox Equipamiento de cocinas\"}]}<\/script>\n<meta property=\"product:price:amount\" content=\"719.80\" \/>\n<meta property=\"product:price:currency\" content=\"PEN\" \/>\n<meta property=\"og:availability\" content=\"backorder\" \/>\n<meta property=\"product:availability\" content=\"available for order\" \/>\n<meta property=\"product:retailer_item_id\" content=\"EJ-4\" \/>\n<meta property=\"product:condition\" content=\"new\" \/>\n<meta name=\"geo.placename\" content=\"Cercado de Lima\" \/>\n<meta name=\"geo.position\" content=\"-11.980133;-77.06118200000003\" \/>\n<meta name=\"geo.region\" content=\"Per\u00fa\" \/>\n<!-- \/ Yoast SEO Premium plugin. -->","yoast_head_json":{"title":"EXPRIMIDOR DE CITRICOS - EJ-4 - FRIONOX","description":"Produce hasta 90 litros por hora. Proceso de producci\u00f3n cont\u00ednuo hasta 120 minutos por 10 minutos de descanso. Dep\u00f3sito de derrame fabricada en acero inox 304 grado alimenticio. Para elaboraci\u00f3n de jugos provenientes de c\u00edtricos. F\u00e1cil de limpiar y operar. Gran aprovechamiento de fruta. Foco piloto indicador que el equipo est\u00e1 en operaci\u00f3n. Capacidad del motor 1\/3 HP y 1725 RPM Voltaje: 220 V. 60Hz","robots":{"index":"index","follow":"follow","max-snippet":"max-snippet:-1","max-image-preview":"max-image-preview:large","max-video-preview":"max-video-preview:-1"},"canonical":"https:\/\/frionox.com\/catalogo\/producto\/exprimidor-de-citricos-ej-4\/","og_locale":"es_ES","og_type":"article","og_title":"EXPRIMIDOR DE CITRICOS - EJ-4","og_description":"Produce hasta 90 litros por hora. Proceso de producci\u00f3n cont\u00ednuo hasta 120 minutos por 10 minutos de descanso. Dep\u00f3sito de derrame fabricada en acero inox 304 grado alimenticio. Para elaboraci\u00f3n de jugos provenientes de c\u00edtricos. F\u00e1cil de limpiar y operar. Gran aprovechamiento de fruta. Foco piloto indicador que el equipo est\u00e1 en operaci\u00f3n. Capacidad del motor 1\/3 HP y 1725 RPM Voltaje: 220 V. 60Hz","og_url":"https:\/\/frionox.com\/catalogo\/producto\/exprimidor-de-citricos-ej-4\/","og_site_name":"FRIONOX","article_publisher":"https:\/\/facebook.com\/frionox.pe","article_modified_time":"2025-02-03T12:13:02+00:00","og_image":[{"width":600,"height":600,"url":"https:\/\/frionox.com\/catalogo\/wp-content\/uploads\/2020\/04\/EJ-4.jpg","type":"image\/jpeg"}],"twitter_card":"summary_large_image","twitter_site":"@frionoxsac","twitter_misc":{"Precio":"S\/719.80","Disponibilidad":"Disponible para reservar"},"schema":{"@context":"https:\/\/schema.org","@graph":[{"@type":"WebPage","@id":"https:\/\/frionox.com\/catalogo\/producto\/exprimidor-de-citricos-ej-4\/","url":"https:\/\/frionox.com\/catalogo\/producto\/exprimidor-de-citricos-ej-4\/","name":"EXPRIMIDOR DE CITRICOS - EJ-4 - FRIONOX","isPartOf":{"@id":"https:\/\/frionox.com\/catalogo\/#website"},"primaryImageOfPage":{"@id":"https:\/\/frionox.com\/catalogo\/producto\/exprimidor-de-citricos-ej-4\/#primaryimage"},"image":{"@id":"https:\/\/frionox.com\/catalogo\/producto\/exprimidor-de-citricos-ej-4\/#primaryimage"},"thumbnailUrl":"https:\/\/frionox.com\/catalogo\/wp-content\/uploads\/2020\/04\/EJ-4.jpg","datePublished":"2020-08-09T19:02:21+00:00","dateModified":"2025-02-03T12:13:02+00:00","description":"Produce hasta 90 litros por hora. Proceso de producci\u00f3n cont\u00ednuo hasta 120 minutos por 10 minutos de descanso. Dep\u00f3sito de derrame fabricada en acero inox 304 grado alimenticio. Para elaboraci\u00f3n de jugos provenientes de c\u00edtricos. F\u00e1cil de limpiar y operar. Gran aprovechamiento de fruta. Foco piloto indicador que el equipo est\u00e1 en operaci\u00f3n. Capacidad del motor 1\/3 HP y 1725 RPM Voltaje: 220 V. 60Hz","breadcrumb":{"@id":"https:\/\/frionox.com\/catalogo\/producto\/exprimidor-de-citricos-ej-4\/#breadcrumb"},"inLanguage":"es","potentialAction":[{"@type":"ReadAction","target":["https:\/\/frionox.com\/catalogo\/producto\/exprimidor-de-citricos-ej-4\/"]}]},{"@type":"ImageObject","inLanguage":"es","@id":"https:\/\/frionox.com\/catalogo\/producto\/exprimidor-de-citricos-ej-4\/#primaryimage","url":"https:\/\/frionox.com\/catalogo\/wp-content\/uploads\/2020\/04\/EJ-4.jpg","contentUrl":"https:\/\/frionox.com\/catalogo\/wp-content\/uploads\/2020\/04\/EJ-4.jpg","width":600,"height":600},{"@type":"BreadcrumbList","@id":"https:\/\/frionox.com\/catalogo\/producto\/exprimidor-de-citricos-ej-4\/#breadcrumb","itemListElement":[{"@type":"ListItem","position":1,"name":"Portada","item":"https:\/\/frionox.com\/catalogo\/"},{"@type":"ListItem","position":2,"name":"Hornos Industriales, Licuadoras Industriales, Cocinas y m\u00e1s","item":"https:\/\/frionox.com\/catalogo\/tienda\/"},{"@type":"ListItem","position":3,"name":"EXPRIMIDOR DE CITRICOS &#8211; EJ-4"}]},{"@type":"WebSite","@id":"https:\/\/frionox.com\/catalogo\/#website","url":"https:\/\/frionox.com\/catalogo\/","name":"FRIONOX","description":"Equipamiento de cocinas","publisher":{"@id":"https:\/\/frionox.com\/catalogo\/#organization"},"potentialAction":[{"@type":"SearchAction","target":{"@type":"EntryPoint","urlTemplate":"https:\/\/frionox.com\/catalogo\/?s={search_term_string}"},"query-input":{"@type":"PropertyValueSpecification","valueRequired":true,"valueName":"search_term_string"}}],"inLanguage":"es"},{"@type":["Organization","Place","LocalBusiness"],"@id":"https:\/\/frionox.com\/catalogo\/#organization","name":"Frionox Equipamiento de cocinas","url":"https:\/\/frionox.com\/catalogo\/","logo":{"@id":"https:\/\/frionox.com\/catalogo\/producto\/exprimidor-de-citricos-ej-4\/#local-main-organization-logo"},"image":{"@id":"https:\/\/frionox.com\/catalogo\/producto\/exprimidor-de-citricos-ej-4\/#local-main-organization-logo"},"sameAs":["https:\/\/facebook.com\/frionox.pe","https:\/\/x.com\/frionoxsac","https:\/\/youtube.com\/@FRIONOXEQUIPAMIENTODECOCINA"],"address":{"@id":"https:\/\/frionox.com\/catalogo\/producto\/exprimidor-de-citricos-ej-4\/#local-main-place-address"},"geo":{"@type":"GeoCoordinates","latitude":"-11.980133","longitude":"-77.06118200000003"},"telephone":["+5115221181"],"openingHoursSpecification":[{"@type":"OpeningHoursSpecification","dayOfWeek":["Monday","Tuesday","Wednesday","Thursday","Friday","Saturday"],"opens":"08:00","closes":"18:00"},{"@type":"OpeningHoursSpecification","dayOfWeek":["Sunday"],"opens":"00:00","closes":"00:00"}],"email":"cotizaciones@frionox.com"},{"@type":"PostalAddress","@id":"https:\/\/frionox.com\/catalogo\/producto\/exprimidor-de-citricos-ej-4\/#local-main-place-address","streetAddress":"Av. Oscar R. Benavides 1624","addressLocality":"Cercado de Lima","postalCode":"15082","addressRegion":"Lima","addressCountry":"PE"},{"@type":"ImageObject","inLanguage":"es","@id":"https:\/\/frionox.com\/catalogo\/producto\/exprimidor-de-citricos-ej-4\/#local-main-organization-logo","url":"https:\/\/frionox.com\/catalogo\/wp-content\/uploads\/2020\/04\/LOGO-MOBILE.png","contentUrl":"https:\/\/frionox.com\/catalogo\/wp-content\/uploads\/2020\/04\/LOGO-MOBILE.png","width":203,"height":61,"caption":"Frionox Equipamiento de cocinas"}]},"product_price_amount":"719.80","product_price_currency":"PEN","og_availability":"backorder","product_availability":"available for order","product_retailer_item_id":"EJ-4","product_condition":"new","geo.placename":"Cercado de Lima","geo.position":{"lat":"-11.980133","long":"-77.06118200000003"},"geo.region":"Per\u00fa"},"_links":{"self":[{"href":"https:\/\/frionox.com\/catalogo\/wp-json\/wp\/v2\/product\/15480","targetHints":{"allow":["GET"]}}],"collection":[{"href":"https:\/\/frionox.com\/catalogo\/wp-json\/wp\/v2\/product"}],"about":[{"href":"https:\/\/frionox.com\/catalogo\/wp-json\/wp\/v2\/types\/product"}],"replies":[{"embeddable":true,"href":"https:\/\/frionox.com\/catalogo\/wp-json\/wp\/v2\/comments?post=15480"}],"wp:featuredmedia":[{"embeddable":true,"href":"https:\/\/frionox.com\/catalogo\/wp-json\/wp\/v2\/media\/12180"}],"wp:attachment":[{"href":"https:\/\/frionox.com\/catalogo\/wp-json\/wp\/v2\/media?parent=15480"}],"wp:term":[{"taxonomy":"product_brand","embeddable":true,"href":"https:\/\/frionox.com\/catalogo\/wp-json\/wp\/v2\/product_brand?post=15480"},{"taxonomy":"product_cat","embeddable":true,"href":"https:\/\/frionox.com\/catalogo\/wp-json\/wp\/v2\/product_cat?post=15480"},{"taxonomy":"product_tag","embeddable":true,"href":"https:\/\/frionox.com\/catalogo\/wp-json\/wp\/v2\/product_tag?post=15480"}],"curies":[{"name":"wp","href":"https:\/\/api.w.org\/{rel}","templated":true}]}}