{"id":15476,"date":"2020-08-09T14:02:14","date_gmt":"2020-08-09T19:02:14","guid":{"rendered":"https:\/\/frionox.com\/catalogo\/producto\/vitrina-expositora-vidrio-curvo-serie-madrid-vmd25r\/"},"modified":"2023-11-16T16:16:25","modified_gmt":"2023-11-16T21:16:25","slug":"vitrina-expositora-vidrio-curvo-serie-madrid-vmd25r","status":"publish","type":"product","link":"https:\/\/frionox.com\/catalogo\/producto\/vitrina-expositora-vidrio-curvo-serie-madrid-vmd25r\/","title":{"rendered":"VITRINA EXPOSITORA VIDRIO CURVO SERIE MADRID &#8211; VMD25R"},"content":{"rendered":"<p>Dise\u00f1ado para carnes, embutidos y l\u00e1cteos. Exterior en chapa plastificada. Encimera de trabajo en acero inoxidable AISI 304. Plano de exposici\u00f3n en acero inoxidable AISI 304. Cristal frontal curvo templado. Cristales laterales templados. Interior en chapa plastificada. Bancada en acero esmaltado. Plano de exposici\u00f3n iluminado mediante LED. Aislamiento de poliuretano inyectado a alta presi\u00f3n. Termostato digital para el control de la temperatura y el desescarche. Desescarche autom\u00e1tico. Temperatura de trabajo: +0\u00baC a +6\u00baC Sistema de condensaci\u00f3n ventilada. Potencia de compresor: 1 1\/6 HP. Sistema de evaporaci\u00f3n forzada. Bandeja evaporativa en acero inoxidable con doble cuba, una a gas caliente y otra con Resistencia el\u00e9ctrica. Tipo de refrigerante:404A. Potencia: 1520W. Tensi\u00f3n-alimentaci\u00f3n:220V \/ 60Hz \/ 1AC. NOTA: Color a definir por el cliente.&#8221;<\/p>\n","protected":false},"excerpt":{"rendered":"<p>Dise\u00f1ado para carnes, embutidos y l\u00e1cteos. Exterior en chapa plastificada. Encimera de trabajo en acero inoxidable AISI 304. Plano de exposici\u00f3n en acero inoxidable AISI 304. Cristal frontal curvo templado. Cristales laterales templados. Interior en chapa plastificada. Bancada en acero esmaltado. Plano de exposici\u00f3n iluminado mediante LED. Aislamiento de poliuretano inyectado a alta presi\u00f3n. Termostato digital para el control de la temperatura y el desescarche. Desescarche autom\u00e1tico. Temperatura de trabajo: +0\u00baC a +6\u00baC Sistema de condensaci\u00f3n ventilada. Potencia de compresor: 1 1\/6 HP. Sistema de evaporaci\u00f3n forzada. Bandeja evaporativa en acero inoxidable con doble cuba, una a gas caliente y otra con Resistencia el\u00e9ctrica. Tipo de refrigerante:404A. Potencia: 1520W. Tensi\u00f3n-alimentaci\u00f3n:220V \/ 60Hz \/ 1AC. NOTA: Color a definir por el cliente.&#8221;<\/p>\n","protected":false},"featured_media":11681,"comment_status":"open","ping_status":"closed","template":"","meta":[],"product_brand":[],"product_cat":[107],"product_tag":[1607],"class_list":{"0":"post-15476","1":"product","2":"type-product","3":"status-publish","4":"has-post-thumbnail","6":"product_cat-vitrinas-exhibidoras","7":"product_tag-vitrina-expositora-vidrio-curvo-serie-madrid","8":"pa_marcas-infrico","10":"first","11":"onbackorder","12":"shipping-taxable","13":"purchasable","14":"product-type-simple"},"yoast_head":"<!-- This site is optimized with the Yoast SEO Premium plugin v27.1 (Yoast SEO v27.1.1) - https:\/\/yoast.com\/product\/yoast-seo-premium-wordpress\/ -->\n<title>VITRINA EXPOSITORA VIDRIO CURVO SERIE MADRID - VMD25R - FRIONOX<\/title>\n<meta name=\"description\" content=\"Dise\u00f1ado para carnes, embutidos y l\u00e1cteos. Exterior en chapa plastificada. Encimera de trabajo en acero inoxidable AISI 304. Plano de exposici\u00f3n en acero inoxidable AISI 304. Cristal frontal curvo templado. Cristales laterales templados. Interior en chapa plastificada. Bancada en acero esmaltado. Plano de exposici\u00f3n iluminado mediante LED. Aislamiento de poliuretano inyectado a alta presi\u00f3n. Termostato digital para el control de la temperatura y el desescarche. Desescarche autom\u00e1tico. Temperatura de trabajo: +0\u00baC a +6\u00baC Sistema de condensaci\u00f3n ventilada. Potencia de compresor: 1 1\/6 HP. Sistema de evaporaci\u00f3n forzada. Bandeja evaporativa en acero inoxidable con doble cuba, una a gas caliente y otra con Resistencia el\u00e9ctrica. Tipo de refrigerante:404A. Potencia: 1520W. Tensi\u00f3n-alimentaci\u00f3n:220V \/ 60Hz \/ 1AC. NOTA: Color a definir por el cliente.&quot;\" \/>\n<meta name=\"robots\" content=\"index, follow, max-snippet:-1, max-image-preview:large, max-video-preview:-1\" \/>\n<link rel=\"canonical\" href=\"https:\/\/frionox.com\/catalogo\/producto\/vitrina-expositora-vidrio-curvo-serie-madrid-vmd25r\/\" \/>\n<meta property=\"og:locale\" content=\"es_ES\" \/>\n<meta property=\"og:type\" content=\"article\" \/>\n<meta property=\"og:title\" content=\"VITRINA EXPOSITORA VIDRIO CURVO SERIE MADRID - VMD25R\" \/>\n<meta property=\"og:description\" content=\"Dise\u00f1ado para carnes, embutidos y l\u00e1cteos. Exterior en chapa plastificada. Encimera de trabajo en acero inoxidable AISI 304. Plano de exposici\u00f3n en acero inoxidable AISI 304. Cristal frontal curvo templado. Cristales laterales templados. Interior en chapa plastificada. Bancada en acero esmaltado. Plano de exposici\u00f3n iluminado mediante LED. Aislamiento de poliuretano inyectado a alta presi\u00f3n. Termostato digital para el control de la temperatura y el desescarche. Desescarche autom\u00e1tico. Temperatura de trabajo: +0\u00baC a +6\u00baC Sistema de condensaci\u00f3n ventilada. Potencia de compresor: 1 1\/6 HP. Sistema de evaporaci\u00f3n forzada. Bandeja evaporativa en acero inoxidable con doble cuba, una a gas caliente y otra con Resistencia el\u00e9ctrica. Tipo de refrigerante:404A. Potencia: 1520W. Tensi\u00f3n-alimentaci\u00f3n:220V \/ 60Hz \/ 1AC. NOTA: Color a definir por el cliente.&quot;\" \/>\n<meta property=\"og:url\" content=\"https:\/\/frionox.com\/catalogo\/producto\/vitrina-expositora-vidrio-curvo-serie-madrid-vmd25r\/\" \/>\n<meta property=\"og:site_name\" content=\"FRIONOX\" \/>\n<meta property=\"article:publisher\" content=\"https:\/\/facebook.com\/frionox.pe\" \/>\n<meta property=\"article:modified_time\" content=\"2023-11-16T21:16:25+00:00\" \/>\n<meta property=\"og:image\" content=\"https:\/\/frionox.com\/catalogo\/wp-content\/uploads\/2020\/04\/VMD25R.jpg\" \/>\n\t<meta property=\"og:image:width\" content=\"800\" \/>\n\t<meta property=\"og:image:height\" content=\"800\" \/>\n\t<meta property=\"og:image:type\" content=\"image\/jpeg\" \/>\n<meta name=\"twitter:card\" content=\"summary_large_image\" \/>\n<meta name=\"twitter:site\" content=\"@frionoxsac\" \/>\n<meta name=\"twitter:label1\" content=\"Precio\" \/>\n\t<meta name=\"twitter:data1\" content=\"S\/6,169.93\" \/>\n\t<meta name=\"twitter:label2\" content=\"Disponibilidad\" \/>\n\t<meta name=\"twitter:data2\" content=\"Disponible para reservar\" \/>\n<script type=\"application\/ld+json\" class=\"yoast-schema-graph\">{\"@context\":\"https:\/\/schema.org\",\"@graph\":[{\"@type\":\"WebPage\",\"@id\":\"https:\/\/frionox.com\/catalogo\/producto\/vitrina-expositora-vidrio-curvo-serie-madrid-vmd25r\/\",\"url\":\"https:\/\/frionox.com\/catalogo\/producto\/vitrina-expositora-vidrio-curvo-serie-madrid-vmd25r\/\",\"name\":\"VITRINA EXPOSITORA VIDRIO CURVO SERIE MADRID - VMD25R - FRIONOX\",\"isPartOf\":{\"@id\":\"https:\/\/frionox.com\/catalogo\/#website\"},\"primaryImageOfPage\":{\"@id\":\"https:\/\/frionox.com\/catalogo\/producto\/vitrina-expositora-vidrio-curvo-serie-madrid-vmd25r\/#primaryimage\"},\"image\":{\"@id\":\"https:\/\/frionox.com\/catalogo\/producto\/vitrina-expositora-vidrio-curvo-serie-madrid-vmd25r\/#primaryimage\"},\"thumbnailUrl\":\"https:\/\/frionox.com\/catalogo\/wp-content\/uploads\/2020\/04\/VMD25R.jpg\",\"datePublished\":\"2020-08-09T19:02:14+00:00\",\"dateModified\":\"2023-11-16T21:16:25+00:00\",\"description\":\"Dise\u00f1ado para carnes, embutidos y l\u00e1cteos. Exterior en chapa plastificada. Encimera de trabajo en acero inoxidable AISI 304. Plano de exposici\u00f3n en acero inoxidable AISI 304. Cristal frontal curvo templado. Cristales laterales templados. Interior en chapa plastificada. Bancada en acero esmaltado. Plano de exposici\u00f3n iluminado mediante LED. Aislamiento de poliuretano inyectado a alta presi\u00f3n. Termostato digital para el control de la temperatura y el desescarche. Desescarche autom\u00e1tico. Temperatura de trabajo: +0\u00baC a +6\u00baC Sistema de condensaci\u00f3n ventilada. Potencia de compresor: 1 1\/6 HP. Sistema de evaporaci\u00f3n forzada. Bandeja evaporativa en acero inoxidable con doble cuba, una a gas caliente y otra con Resistencia el\u00e9ctrica. Tipo de refrigerante:404A. Potencia: 1520W. Tensi\u00f3n-alimentaci\u00f3n:220V \/ 60Hz \/ 1AC. NOTA: Color a definir por el cliente.\\\"\",\"breadcrumb\":{\"@id\":\"https:\/\/frionox.com\/catalogo\/producto\/vitrina-expositora-vidrio-curvo-serie-madrid-vmd25r\/#breadcrumb\"},\"inLanguage\":\"es\",\"potentialAction\":[{\"@type\":\"ReadAction\",\"target\":[\"https:\/\/frionox.com\/catalogo\/producto\/vitrina-expositora-vidrio-curvo-serie-madrid-vmd25r\/\"]}]},{\"@type\":\"ImageObject\",\"inLanguage\":\"es\",\"@id\":\"https:\/\/frionox.com\/catalogo\/producto\/vitrina-expositora-vidrio-curvo-serie-madrid-vmd25r\/#primaryimage\",\"url\":\"https:\/\/frionox.com\/catalogo\/wp-content\/uploads\/2020\/04\/VMD25R.jpg\",\"contentUrl\":\"https:\/\/frionox.com\/catalogo\/wp-content\/uploads\/2020\/04\/VMD25R.jpg\",\"width\":800,\"height\":800},{\"@type\":\"BreadcrumbList\",\"@id\":\"https:\/\/frionox.com\/catalogo\/producto\/vitrina-expositora-vidrio-curvo-serie-madrid-vmd25r\/#breadcrumb\",\"itemListElement\":[{\"@type\":\"ListItem\",\"position\":1,\"name\":\"Portada\",\"item\":\"https:\/\/frionox.com\/catalogo\/\"},{\"@type\":\"ListItem\",\"position\":2,\"name\":\"Hornos Industriales, Licuadoras Industriales, Cocinas y m\u00e1s\",\"item\":\"https:\/\/frionox.com\/catalogo\/tienda\/\"},{\"@type\":\"ListItem\",\"position\":3,\"name\":\"VITRINA EXPOSITORA VIDRIO CURVO SERIE MADRID &#8211; VMD25R\"}]},{\"@type\":\"WebSite\",\"@id\":\"https:\/\/frionox.com\/catalogo\/#website\",\"url\":\"https:\/\/frionox.com\/catalogo\/\",\"name\":\"FRIONOX\",\"description\":\"Equipamiento de cocinas\",\"publisher\":{\"@id\":\"https:\/\/frionox.com\/catalogo\/#organization\"},\"potentialAction\":[{\"@type\":\"SearchAction\",\"target\":{\"@type\":\"EntryPoint\",\"urlTemplate\":\"https:\/\/frionox.com\/catalogo\/?s={search_term_string}\"},\"query-input\":{\"@type\":\"PropertyValueSpecification\",\"valueRequired\":true,\"valueName\":\"search_term_string\"}}],\"inLanguage\":\"es\"},{\"@type\":[\"Organization\",\"Place\",\"LocalBusiness\"],\"@id\":\"https:\/\/frionox.com\/catalogo\/#organization\",\"name\":\"Frionox Equipamiento de cocinas\",\"url\":\"https:\/\/frionox.com\/catalogo\/\",\"logo\":{\"@id\":\"https:\/\/frionox.com\/catalogo\/producto\/vitrina-expositora-vidrio-curvo-serie-madrid-vmd25r\/#local-main-organization-logo\"},\"image\":{\"@id\":\"https:\/\/frionox.com\/catalogo\/producto\/vitrina-expositora-vidrio-curvo-serie-madrid-vmd25r\/#local-main-organization-logo\"},\"sameAs\":[\"https:\/\/facebook.com\/frionox.pe\",\"https:\/\/x.com\/frionoxsac\",\"https:\/\/youtube.com\/@FRIONOXEQUIPAMIENTODECOCINA\"],\"address\":{\"@id\":\"https:\/\/frionox.com\/catalogo\/producto\/vitrina-expositora-vidrio-curvo-serie-madrid-vmd25r\/#local-main-place-address\"},\"geo\":{\"@type\":\"GeoCoordinates\",\"latitude\":\"-11.980133\",\"longitude\":\"-77.06118200000003\"},\"telephone\":[\"+5115221181\"],\"openingHoursSpecification\":[{\"@type\":\"OpeningHoursSpecification\",\"dayOfWeek\":[\"Monday\",\"Tuesday\",\"Wednesday\",\"Thursday\",\"Friday\",\"Saturday\"],\"opens\":\"08:00\",\"closes\":\"18:00\"},{\"@type\":\"OpeningHoursSpecification\",\"dayOfWeek\":[\"Sunday\"],\"opens\":\"00:00\",\"closes\":\"00:00\"}],\"email\":\"cotizaciones@frionox.com\"},{\"@type\":\"PostalAddress\",\"@id\":\"https:\/\/frionox.com\/catalogo\/producto\/vitrina-expositora-vidrio-curvo-serie-madrid-vmd25r\/#local-main-place-address\",\"streetAddress\":\"Av. Oscar R. Benavides 1624\",\"addressLocality\":\"Cercado de Lima\",\"postalCode\":\"15082\",\"addressRegion\":\"Lima\",\"addressCountry\":\"PE\"},{\"@type\":\"ImageObject\",\"inLanguage\":\"es\",\"@id\":\"https:\/\/frionox.com\/catalogo\/producto\/vitrina-expositora-vidrio-curvo-serie-madrid-vmd25r\/#local-main-organization-logo\",\"url\":\"https:\/\/frionox.com\/catalogo\/wp-content\/uploads\/2020\/04\/LOGO-MOBILE.png\",\"contentUrl\":\"https:\/\/frionox.com\/catalogo\/wp-content\/uploads\/2020\/04\/LOGO-MOBILE.png\",\"width\":203,\"height\":61,\"caption\":\"Frionox Equipamiento de cocinas\"}]}<\/script>\n<meta property=\"product:price:amount\" content=\"6169.93\" \/>\n<meta property=\"product:price:currency\" content=\"PEN\" \/>\n<meta property=\"og:availability\" content=\"backorder\" \/>\n<meta property=\"product:availability\" content=\"available for order\" \/>\n<meta property=\"product:retailer_item_id\" content=\"VMD25R\" \/>\n<meta property=\"product:condition\" content=\"new\" \/>\n<meta name=\"geo.placename\" content=\"Cercado de Lima\" \/>\n<meta name=\"geo.position\" content=\"-11.980133;-77.06118200000003\" \/>\n<meta name=\"geo.region\" content=\"Per\u00fa\" \/>\n<!-- \/ Yoast SEO Premium plugin. -->","yoast_head_json":{"title":"VITRINA EXPOSITORA VIDRIO CURVO SERIE MADRID - VMD25R - FRIONOX","description":"Dise\u00f1ado para carnes, embutidos y l\u00e1cteos. Exterior en chapa plastificada. Encimera de trabajo en acero inoxidable AISI 304. Plano de exposici\u00f3n en acero inoxidable AISI 304. Cristal frontal curvo templado. Cristales laterales templados. Interior en chapa plastificada. Bancada en acero esmaltado. Plano de exposici\u00f3n iluminado mediante LED. Aislamiento de poliuretano inyectado a alta presi\u00f3n. Termostato digital para el control de la temperatura y el desescarche. Desescarche autom\u00e1tico. Temperatura de trabajo: +0\u00baC a +6\u00baC Sistema de condensaci\u00f3n ventilada. Potencia de compresor: 1 1\/6 HP. Sistema de evaporaci\u00f3n forzada. Bandeja evaporativa en acero inoxidable con doble cuba, una a gas caliente y otra con Resistencia el\u00e9ctrica. Tipo de refrigerante:404A. Potencia: 1520W. Tensi\u00f3n-alimentaci\u00f3n:220V \/ 60Hz \/ 1AC. NOTA: Color a definir por el cliente.\"","robots":{"index":"index","follow":"follow","max-snippet":"max-snippet:-1","max-image-preview":"max-image-preview:large","max-video-preview":"max-video-preview:-1"},"canonical":"https:\/\/frionox.com\/catalogo\/producto\/vitrina-expositora-vidrio-curvo-serie-madrid-vmd25r\/","og_locale":"es_ES","og_type":"article","og_title":"VITRINA EXPOSITORA VIDRIO CURVO SERIE MADRID - VMD25R","og_description":"Dise\u00f1ado para carnes, embutidos y l\u00e1cteos. Exterior en chapa plastificada. Encimera de trabajo en acero inoxidable AISI 304. Plano de exposici\u00f3n en acero inoxidable AISI 304. Cristal frontal curvo templado. Cristales laterales templados. Interior en chapa plastificada. Bancada en acero esmaltado. Plano de exposici\u00f3n iluminado mediante LED. Aislamiento de poliuretano inyectado a alta presi\u00f3n. Termostato digital para el control de la temperatura y el desescarche. Desescarche autom\u00e1tico. Temperatura de trabajo: +0\u00baC a +6\u00baC Sistema de condensaci\u00f3n ventilada. Potencia de compresor: 1 1\/6 HP. Sistema de evaporaci\u00f3n forzada. Bandeja evaporativa en acero inoxidable con doble cuba, una a gas caliente y otra con Resistencia el\u00e9ctrica. Tipo de refrigerante:404A. Potencia: 1520W. Tensi\u00f3n-alimentaci\u00f3n:220V \/ 60Hz \/ 1AC. NOTA: Color a definir por el cliente.\"","og_url":"https:\/\/frionox.com\/catalogo\/producto\/vitrina-expositora-vidrio-curvo-serie-madrid-vmd25r\/","og_site_name":"FRIONOX","article_publisher":"https:\/\/facebook.com\/frionox.pe","article_modified_time":"2023-11-16T21:16:25+00:00","og_image":[{"width":800,"height":800,"url":"https:\/\/frionox.com\/catalogo\/wp-content\/uploads\/2020\/04\/VMD25R.jpg","type":"image\/jpeg"}],"twitter_card":"summary_large_image","twitter_site":"@frionoxsac","twitter_misc":{"Precio":"S\/6,169.93","Disponibilidad":"Disponible para reservar"},"schema":{"@context":"https:\/\/schema.org","@graph":[{"@type":"WebPage","@id":"https:\/\/frionox.com\/catalogo\/producto\/vitrina-expositora-vidrio-curvo-serie-madrid-vmd25r\/","url":"https:\/\/frionox.com\/catalogo\/producto\/vitrina-expositora-vidrio-curvo-serie-madrid-vmd25r\/","name":"VITRINA EXPOSITORA VIDRIO CURVO SERIE MADRID - VMD25R - FRIONOX","isPartOf":{"@id":"https:\/\/frionox.com\/catalogo\/#website"},"primaryImageOfPage":{"@id":"https:\/\/frionox.com\/catalogo\/producto\/vitrina-expositora-vidrio-curvo-serie-madrid-vmd25r\/#primaryimage"},"image":{"@id":"https:\/\/frionox.com\/catalogo\/producto\/vitrina-expositora-vidrio-curvo-serie-madrid-vmd25r\/#primaryimage"},"thumbnailUrl":"https:\/\/frionox.com\/catalogo\/wp-content\/uploads\/2020\/04\/VMD25R.jpg","datePublished":"2020-08-09T19:02:14+00:00","dateModified":"2023-11-16T21:16:25+00:00","description":"Dise\u00f1ado para carnes, embutidos y l\u00e1cteos. Exterior en chapa plastificada. Encimera de trabajo en acero inoxidable AISI 304. Plano de exposici\u00f3n en acero inoxidable AISI 304. Cristal frontal curvo templado. Cristales laterales templados. Interior en chapa plastificada. Bancada en acero esmaltado. Plano de exposici\u00f3n iluminado mediante LED. Aislamiento de poliuretano inyectado a alta presi\u00f3n. Termostato digital para el control de la temperatura y el desescarche. Desescarche autom\u00e1tico. Temperatura de trabajo: +0\u00baC a +6\u00baC Sistema de condensaci\u00f3n ventilada. Potencia de compresor: 1 1\/6 HP. Sistema de evaporaci\u00f3n forzada. Bandeja evaporativa en acero inoxidable con doble cuba, una a gas caliente y otra con Resistencia el\u00e9ctrica. Tipo de refrigerante:404A. Potencia: 1520W. Tensi\u00f3n-alimentaci\u00f3n:220V \/ 60Hz \/ 1AC. NOTA: Color a definir por el cliente.\"","breadcrumb":{"@id":"https:\/\/frionox.com\/catalogo\/producto\/vitrina-expositora-vidrio-curvo-serie-madrid-vmd25r\/#breadcrumb"},"inLanguage":"es","potentialAction":[{"@type":"ReadAction","target":["https:\/\/frionox.com\/catalogo\/producto\/vitrina-expositora-vidrio-curvo-serie-madrid-vmd25r\/"]}]},{"@type":"ImageObject","inLanguage":"es","@id":"https:\/\/frionox.com\/catalogo\/producto\/vitrina-expositora-vidrio-curvo-serie-madrid-vmd25r\/#primaryimage","url":"https:\/\/frionox.com\/catalogo\/wp-content\/uploads\/2020\/04\/VMD25R.jpg","contentUrl":"https:\/\/frionox.com\/catalogo\/wp-content\/uploads\/2020\/04\/VMD25R.jpg","width":800,"height":800},{"@type":"BreadcrumbList","@id":"https:\/\/frionox.com\/catalogo\/producto\/vitrina-expositora-vidrio-curvo-serie-madrid-vmd25r\/#breadcrumb","itemListElement":[{"@type":"ListItem","position":1,"name":"Portada","item":"https:\/\/frionox.com\/catalogo\/"},{"@type":"ListItem","position":2,"name":"Hornos Industriales, Licuadoras Industriales, Cocinas y m\u00e1s","item":"https:\/\/frionox.com\/catalogo\/tienda\/"},{"@type":"ListItem","position":3,"name":"VITRINA EXPOSITORA VIDRIO CURVO SERIE MADRID &#8211; VMD25R"}]},{"@type":"WebSite","@id":"https:\/\/frionox.com\/catalogo\/#website","url":"https:\/\/frionox.com\/catalogo\/","name":"FRIONOX","description":"Equipamiento de cocinas","publisher":{"@id":"https:\/\/frionox.com\/catalogo\/#organization"},"potentialAction":[{"@type":"SearchAction","target":{"@type":"EntryPoint","urlTemplate":"https:\/\/frionox.com\/catalogo\/?s={search_term_string}"},"query-input":{"@type":"PropertyValueSpecification","valueRequired":true,"valueName":"search_term_string"}}],"inLanguage":"es"},{"@type":["Organization","Place","LocalBusiness"],"@id":"https:\/\/frionox.com\/catalogo\/#organization","name":"Frionox Equipamiento de cocinas","url":"https:\/\/frionox.com\/catalogo\/","logo":{"@id":"https:\/\/frionox.com\/catalogo\/producto\/vitrina-expositora-vidrio-curvo-serie-madrid-vmd25r\/#local-main-organization-logo"},"image":{"@id":"https:\/\/frionox.com\/catalogo\/producto\/vitrina-expositora-vidrio-curvo-serie-madrid-vmd25r\/#local-main-organization-logo"},"sameAs":["https:\/\/facebook.com\/frionox.pe","https:\/\/x.com\/frionoxsac","https:\/\/youtube.com\/@FRIONOXEQUIPAMIENTODECOCINA"],"address":{"@id":"https:\/\/frionox.com\/catalogo\/producto\/vitrina-expositora-vidrio-curvo-serie-madrid-vmd25r\/#local-main-place-address"},"geo":{"@type":"GeoCoordinates","latitude":"-11.980133","longitude":"-77.06118200000003"},"telephone":["+5115221181"],"openingHoursSpecification":[{"@type":"OpeningHoursSpecification","dayOfWeek":["Monday","Tuesday","Wednesday","Thursday","Friday","Saturday"],"opens":"08:00","closes":"18:00"},{"@type":"OpeningHoursSpecification","dayOfWeek":["Sunday"],"opens":"00:00","closes":"00:00"}],"email":"cotizaciones@frionox.com"},{"@type":"PostalAddress","@id":"https:\/\/frionox.com\/catalogo\/producto\/vitrina-expositora-vidrio-curvo-serie-madrid-vmd25r\/#local-main-place-address","streetAddress":"Av. Oscar R. Benavides 1624","addressLocality":"Cercado de Lima","postalCode":"15082","addressRegion":"Lima","addressCountry":"PE"},{"@type":"ImageObject","inLanguage":"es","@id":"https:\/\/frionox.com\/catalogo\/producto\/vitrina-expositora-vidrio-curvo-serie-madrid-vmd25r\/#local-main-organization-logo","url":"https:\/\/frionox.com\/catalogo\/wp-content\/uploads\/2020\/04\/LOGO-MOBILE.png","contentUrl":"https:\/\/frionox.com\/catalogo\/wp-content\/uploads\/2020\/04\/LOGO-MOBILE.png","width":203,"height":61,"caption":"Frionox Equipamiento de cocinas"}]},"product_price_amount":"6169.93","product_price_currency":"PEN","og_availability":"backorder","product_availability":"available for order","product_retailer_item_id":"VMD25R","product_condition":"new","geo.placename":"Cercado de Lima","geo.position":{"lat":"-11.980133","long":"-77.06118200000003"},"geo.region":"Per\u00fa"},"_links":{"self":[{"href":"https:\/\/frionox.com\/catalogo\/wp-json\/wp\/v2\/product\/15476","targetHints":{"allow":["GET"]}}],"collection":[{"href":"https:\/\/frionox.com\/catalogo\/wp-json\/wp\/v2\/product"}],"about":[{"href":"https:\/\/frionox.com\/catalogo\/wp-json\/wp\/v2\/types\/product"}],"replies":[{"embeddable":true,"href":"https:\/\/frionox.com\/catalogo\/wp-json\/wp\/v2\/comments?post=15476"}],"wp:featuredmedia":[{"embeddable":true,"href":"https:\/\/frionox.com\/catalogo\/wp-json\/wp\/v2\/media\/11681"}],"wp:attachment":[{"href":"https:\/\/frionox.com\/catalogo\/wp-json\/wp\/v2\/media?parent=15476"}],"wp:term":[{"taxonomy":"product_brand","embeddable":true,"href":"https:\/\/frionox.com\/catalogo\/wp-json\/wp\/v2\/product_brand?post=15476"},{"taxonomy":"product_cat","embeddable":true,"href":"https:\/\/frionox.com\/catalogo\/wp-json\/wp\/v2\/product_cat?post=15476"},{"taxonomy":"product_tag","embeddable":true,"href":"https:\/\/frionox.com\/catalogo\/wp-json\/wp\/v2\/product_tag?post=15476"}],"curies":[{"name":"wp","href":"https:\/\/api.w.org\/{rel}","templated":true}]}}