{"id":15468,"date":"2020-08-09T14:02:13","date_gmt":"2020-08-09T19:02:13","guid":{"rendered":"https:\/\/frionox.com\/catalogo\/producto\/vitrina-refrigerada-para-pasteleria-vidrio-frontal-recto-glace-1445r-vgl14r\/"},"modified":"2025-10-26T19:33:40","modified_gmt":"2025-10-27T00:33:40","slug":"vitrina-refrigerada-para-pasteleria-vidrio-frontal-recto-glace-1445r-vgl14r","status":"publish","type":"product","link":"https:\/\/frionox.com\/catalogo\/producto\/vitrina-refrigerada-para-pasteleria-vidrio-frontal-recto-glace-1445r-vgl14r\/","title":{"rendered":"VITRINA REFRIGERADA PARA PASTELERIA (VIDRIO FRONTAL RECTO) GLACE 1445R &#8211; VGL14R"},"content":{"rendered":"<p>Encimera de trabajo en acero inox AISI 304 18\/10. Cristal curvo securizado abatible. Bancada en acero esmaltado. Iluminaci\u00f3n LED plano de exposici\u00f3n. Iluminaci\u00f3n LED estante. Estantes en perfil de aluminio anodizado. Encimera de trabajo en acero inox AISI 304 18\/10. Decoraci\u00f3n y costado en DM hidr\u00f3fugo lacado. Decoraci\u00f3n inferior en acero inoxidable AISI 304 18\/10. Plano superior en acero inox AISI 304 18\/10. Decoraci\u00f3n frontal con iluminaci\u00f3n LED. Dimensiones (ancho\/fondo\/alto): 1445 x 985 x 1345 mm Costados (2): 30 + 30 mm Potencia: 560 W Capacidad: 250 litros Superficie exposici\u00f3n: 1,5 m2 Estantes: 2 Compresor: 1\/4 HP Consumo: 9,0 kWh\/24h Evaporaci\u00f3n: Semi-est\u00e1tica R\u00e9gimen T\u00aa: +4\/+8 \u00baC Desescarche: Semi-autom\u00e1tico Control: Digital<\/p>\n","protected":false},"excerpt":{"rendered":"<p>Encimera de trabajo en acero inox AISI 304 18\/10. Cristal curvo securizado abatible. Bancada en acero esmaltado. Iluminaci\u00f3n LED plano de exposici\u00f3n. Iluminaci\u00f3n LED estante. Estantes en perfil de aluminio anodizado. Encimera de trabajo en acero inox AISI 304 18\/10. Decoraci\u00f3n y costado en DM hidr\u00f3fugo lacado. Decoraci\u00f3n inferior en acero inoxidable AISI 304 18\/10. Plano superior en acero inox AISI 304 18\/10. Decoraci\u00f3n frontal con iluminaci\u00f3n LED. Dimensiones (ancho\/fondo\/alto): 1445 x 985 x 1345 mm Costados (2): 30 + 30 mm Potencia: 560 W Capacidad: 250 litros Superficie exposici\u00f3n: 1,5 m2 Estantes: 2 Compresor: 1\/4 HP Consumo: 9,0 kWh\/24h Evaporaci\u00f3n: Semi-est\u00e1tica R\u00e9gimen T\u00aa: +4\/+8 \u00baC Desescarche: Semi-autom\u00e1tico Control: Digital<\/p>\n","protected":false},"featured_media":11676,"comment_status":"open","ping_status":"closed","template":"","meta":[],"product_brand":[],"product_cat":[107],"product_tag":[1601],"class_list":{"0":"post-15468","1":"product","2":"type-product","3":"status-publish","4":"has-post-thumbnail","6":"product_cat-vitrinas-exhibidoras","7":"product_tag-vitrina-refrigerada-para-pasteleria-vidrio-frontal-recto-glace-1445r","8":"pa_marcas-infrico","10":"first","11":"onbackorder","12":"sale","13":"shipping-taxable","14":"purchasable","15":"product-type-simple"},"yoast_head":"<!-- This site is optimized with the Yoast SEO Premium plugin v27.1 (Yoast SEO v27.1.1) - https:\/\/yoast.com\/product\/yoast-seo-premium-wordpress\/ -->\n<title>VITRINA REFRIGERADA PARA PASTELERIA (VIDRIO FRONTAL RECTO) GLACE 1445R - VGL14R - FRIONOX<\/title>\n<meta name=\"description\" content=\"Encimera de trabajo en acero inox AISI 304 18\/10. Cristal curvo securizado abatible. Bancada en acero esmaltado. Iluminaci\u00f3n LED plano de exposici\u00f3n. Iluminaci\u00f3n LED estante. Estantes en perfil de aluminio anodizado. Encimera de trabajo en acero inox AISI 304 18\/10. Decoraci\u00f3n y costado en DM hidr\u00f3fugo lacado. Decoraci\u00f3n inferior en acero inoxidable AISI 304 18\/10. Plano superior en acero inox AISI 304 18\/10. Decoraci\u00f3n frontal con iluminaci\u00f3n LED. Dimensiones (ancho\/fondo\/alto): 1445 x 985 x 1345 mm Costados (2): 30 + 30 mm Potencia: 560 W Capacidad: 250 litros Superficie exposici\u00f3n: 1,5 m2 Estantes: 2 Compresor: 1\/4 HP Consumo: 9,0 kWh\/24h Evaporaci\u00f3n: Semi-est\u00e1tica R\u00e9gimen T\u00aa: +4\/+8 \u00baC Desescarche: Semi-autom\u00e1tico Control: Digital\" \/>\n<meta name=\"robots\" content=\"index, follow, max-snippet:-1, max-image-preview:large, max-video-preview:-1\" \/>\n<link rel=\"canonical\" href=\"https:\/\/frionox.com\/catalogo\/producto\/vitrina-refrigerada-para-pasteleria-vidrio-frontal-recto-glace-1445r-vgl14r\/\" \/>\n<meta property=\"og:locale\" content=\"es_ES\" \/>\n<meta property=\"og:type\" content=\"article\" \/>\n<meta property=\"og:title\" content=\"VITRINA REFRIGERADA PARA PASTELERIA (VIDRIO FRONTAL RECTO) GLACE 1445R - VGL14R\" \/>\n<meta property=\"og:description\" content=\"Encimera de trabajo en acero inox AISI 304 18\/10. Cristal curvo securizado abatible. Bancada en acero esmaltado. Iluminaci\u00f3n LED plano de exposici\u00f3n. Iluminaci\u00f3n LED estante. Estantes en perfil de aluminio anodizado. Encimera de trabajo en acero inox AISI 304 18\/10. Decoraci\u00f3n y costado en DM hidr\u00f3fugo lacado. Decoraci\u00f3n inferior en acero inoxidable AISI 304 18\/10. Plano superior en acero inox AISI 304 18\/10. Decoraci\u00f3n frontal con iluminaci\u00f3n LED. Dimensiones (ancho\/fondo\/alto): 1445 x 985 x 1345 mm Costados (2): 30 + 30 mm Potencia: 560 W Capacidad: 250 litros Superficie exposici\u00f3n: 1,5 m2 Estantes: 2 Compresor: 1\/4 HP Consumo: 9,0 kWh\/24h Evaporaci\u00f3n: Semi-est\u00e1tica R\u00e9gimen T\u00aa: +4\/+8 \u00baC Desescarche: Semi-autom\u00e1tico Control: Digital\" \/>\n<meta property=\"og:url\" content=\"https:\/\/frionox.com\/catalogo\/producto\/vitrina-refrigerada-para-pasteleria-vidrio-frontal-recto-glace-1445r-vgl14r\/\" \/>\n<meta property=\"og:site_name\" content=\"FRIONOX\" \/>\n<meta property=\"article:publisher\" content=\"https:\/\/facebook.com\/frionox.pe\" \/>\n<meta property=\"article:modified_time\" content=\"2025-10-27T00:33:40+00:00\" \/>\n<meta property=\"og:image\" content=\"https:\/\/frionox.com\/catalogo\/wp-content\/uploads\/2020\/04\/VGL14R.jpg\" \/>\n\t<meta property=\"og:image:width\" content=\"800\" \/>\n\t<meta property=\"og:image:height\" content=\"800\" \/>\n\t<meta property=\"og:image:type\" content=\"image\/jpeg\" \/>\n<meta name=\"twitter:card\" content=\"summary_large_image\" \/>\n<meta name=\"twitter:site\" content=\"@frionoxsac\" \/>\n<meta name=\"twitter:label1\" content=\"Precio\" \/>\n\t<meta name=\"twitter:data1\" content=\"S\/4,524.59\" \/>\n\t<meta name=\"twitter:label2\" content=\"Disponibilidad\" \/>\n\t<meta name=\"twitter:data2\" content=\"Disponible para reservar\" \/>\n<script type=\"application\/ld+json\" class=\"yoast-schema-graph\">{\"@context\":\"https:\/\/schema.org\",\"@graph\":[{\"@type\":\"WebPage\",\"@id\":\"https:\/\/frionox.com\/catalogo\/producto\/vitrina-refrigerada-para-pasteleria-vidrio-frontal-recto-glace-1445r-vgl14r\/\",\"url\":\"https:\/\/frionox.com\/catalogo\/producto\/vitrina-refrigerada-para-pasteleria-vidrio-frontal-recto-glace-1445r-vgl14r\/\",\"name\":\"VITRINA REFRIGERADA PARA PASTELERIA (VIDRIO FRONTAL RECTO) GLACE 1445R - VGL14R - FRIONOX\",\"isPartOf\":{\"@id\":\"https:\/\/frionox.com\/catalogo\/#website\"},\"primaryImageOfPage\":{\"@id\":\"https:\/\/frionox.com\/catalogo\/producto\/vitrina-refrigerada-para-pasteleria-vidrio-frontal-recto-glace-1445r-vgl14r\/#primaryimage\"},\"image\":{\"@id\":\"https:\/\/frionox.com\/catalogo\/producto\/vitrina-refrigerada-para-pasteleria-vidrio-frontal-recto-glace-1445r-vgl14r\/#primaryimage\"},\"thumbnailUrl\":\"https:\/\/frionox.com\/catalogo\/wp-content\/uploads\/2020\/04\/VGL14R.jpg\",\"datePublished\":\"2020-08-09T19:02:13+00:00\",\"dateModified\":\"2025-10-27T00:33:40+00:00\",\"description\":\"Encimera de trabajo en acero inox AISI 304 18\/10. Cristal curvo securizado abatible. Bancada en acero esmaltado. Iluminaci\u00f3n LED plano de exposici\u00f3n. Iluminaci\u00f3n LED estante. Estantes en perfil de aluminio anodizado. Encimera de trabajo en acero inox AISI 304 18\/10. Decoraci\u00f3n y costado en DM hidr\u00f3fugo lacado. Decoraci\u00f3n inferior en acero inoxidable AISI 304 18\/10. Plano superior en acero inox AISI 304 18\/10. Decoraci\u00f3n frontal con iluminaci\u00f3n LED. Dimensiones (ancho\/fondo\/alto): 1445 x 985 x 1345 mm Costados (2): 30 + 30 mm Potencia: 560 W Capacidad: 250 litros Superficie exposici\u00f3n: 1,5 m2 Estantes: 2 Compresor: 1\/4 HP Consumo: 9,0 kWh\/24h Evaporaci\u00f3n: Semi-est\u00e1tica R\u00e9gimen T\u00aa: +4\/+8 \u00baC Desescarche: Semi-autom\u00e1tico Control: Digital\",\"breadcrumb\":{\"@id\":\"https:\/\/frionox.com\/catalogo\/producto\/vitrina-refrigerada-para-pasteleria-vidrio-frontal-recto-glace-1445r-vgl14r\/#breadcrumb\"},\"inLanguage\":\"es\",\"potentialAction\":[{\"@type\":\"ReadAction\",\"target\":[\"https:\/\/frionox.com\/catalogo\/producto\/vitrina-refrigerada-para-pasteleria-vidrio-frontal-recto-glace-1445r-vgl14r\/\"]}]},{\"@type\":\"ImageObject\",\"inLanguage\":\"es\",\"@id\":\"https:\/\/frionox.com\/catalogo\/producto\/vitrina-refrigerada-para-pasteleria-vidrio-frontal-recto-glace-1445r-vgl14r\/#primaryimage\",\"url\":\"https:\/\/frionox.com\/catalogo\/wp-content\/uploads\/2020\/04\/VGL14R.jpg\",\"contentUrl\":\"https:\/\/frionox.com\/catalogo\/wp-content\/uploads\/2020\/04\/VGL14R.jpg\",\"width\":800,\"height\":800},{\"@type\":\"BreadcrumbList\",\"@id\":\"https:\/\/frionox.com\/catalogo\/producto\/vitrina-refrigerada-para-pasteleria-vidrio-frontal-recto-glace-1445r-vgl14r\/#breadcrumb\",\"itemListElement\":[{\"@type\":\"ListItem\",\"position\":1,\"name\":\"Portada\",\"item\":\"https:\/\/frionox.com\/catalogo\/\"},{\"@type\":\"ListItem\",\"position\":2,\"name\":\"Hornos Industriales, Licuadoras Industriales, Cocinas y m\u00e1s\",\"item\":\"https:\/\/frionox.com\/catalogo\/tienda\/\"},{\"@type\":\"ListItem\",\"position\":3,\"name\":\"VITRINA REFRIGERADA PARA PASTELERIA (VIDRIO FRONTAL RECTO) GLACE 1445R &#8211; VGL14R\"}]},{\"@type\":\"WebSite\",\"@id\":\"https:\/\/frionox.com\/catalogo\/#website\",\"url\":\"https:\/\/frionox.com\/catalogo\/\",\"name\":\"FRIONOX\",\"description\":\"Equipamiento de cocinas\",\"publisher\":{\"@id\":\"https:\/\/frionox.com\/catalogo\/#organization\"},\"potentialAction\":[{\"@type\":\"SearchAction\",\"target\":{\"@type\":\"EntryPoint\",\"urlTemplate\":\"https:\/\/frionox.com\/catalogo\/?s={search_term_string}\"},\"query-input\":{\"@type\":\"PropertyValueSpecification\",\"valueRequired\":true,\"valueName\":\"search_term_string\"}}],\"inLanguage\":\"es\"},{\"@type\":[\"Organization\",\"Place\",\"LocalBusiness\"],\"@id\":\"https:\/\/frionox.com\/catalogo\/#organization\",\"name\":\"Frionox Equipamiento de cocinas\",\"url\":\"https:\/\/frionox.com\/catalogo\/\",\"logo\":{\"@id\":\"https:\/\/frionox.com\/catalogo\/producto\/vitrina-refrigerada-para-pasteleria-vidrio-frontal-recto-glace-1445r-vgl14r\/#local-main-organization-logo\"},\"image\":{\"@id\":\"https:\/\/frionox.com\/catalogo\/producto\/vitrina-refrigerada-para-pasteleria-vidrio-frontal-recto-glace-1445r-vgl14r\/#local-main-organization-logo\"},\"sameAs\":[\"https:\/\/facebook.com\/frionox.pe\",\"https:\/\/x.com\/frionoxsac\",\"https:\/\/youtube.com\/@FRIONOXEQUIPAMIENTODECOCINA\"],\"address\":{\"@id\":\"https:\/\/frionox.com\/catalogo\/producto\/vitrina-refrigerada-para-pasteleria-vidrio-frontal-recto-glace-1445r-vgl14r\/#local-main-place-address\"},\"geo\":{\"@type\":\"GeoCoordinates\",\"latitude\":\"-11.980133\",\"longitude\":\"-77.06118200000003\"},\"telephone\":[\"+5115221181\"],\"openingHoursSpecification\":[{\"@type\":\"OpeningHoursSpecification\",\"dayOfWeek\":[\"Monday\",\"Tuesday\",\"Wednesday\",\"Thursday\",\"Friday\",\"Saturday\"],\"opens\":\"08:00\",\"closes\":\"18:00\"},{\"@type\":\"OpeningHoursSpecification\",\"dayOfWeek\":[\"Sunday\"],\"opens\":\"00:00\",\"closes\":\"00:00\"}],\"email\":\"cotizaciones@frionox.com\"},{\"@type\":\"PostalAddress\",\"@id\":\"https:\/\/frionox.com\/catalogo\/producto\/vitrina-refrigerada-para-pasteleria-vidrio-frontal-recto-glace-1445r-vgl14r\/#local-main-place-address\",\"streetAddress\":\"Av. Oscar R. Benavides 1624\",\"addressLocality\":\"Cercado de Lima\",\"postalCode\":\"15082\",\"addressRegion\":\"Lima\",\"addressCountry\":\"PE\"},{\"@type\":\"ImageObject\",\"inLanguage\":\"es\",\"@id\":\"https:\/\/frionox.com\/catalogo\/producto\/vitrina-refrigerada-para-pasteleria-vidrio-frontal-recto-glace-1445r-vgl14r\/#local-main-organization-logo\",\"url\":\"https:\/\/frionox.com\/catalogo\/wp-content\/uploads\/2020\/04\/LOGO-MOBILE.png\",\"contentUrl\":\"https:\/\/frionox.com\/catalogo\/wp-content\/uploads\/2020\/04\/LOGO-MOBILE.png\",\"width\":203,\"height\":61,\"caption\":\"Frionox Equipamiento de cocinas\"}]}<\/script>\n<meta property=\"product:price:amount\" content=\"4524.59\" \/>\n<meta property=\"product:price:currency\" content=\"PEN\" \/>\n<meta property=\"og:availability\" content=\"backorder\" \/>\n<meta property=\"product:availability\" content=\"available for order\" \/>\n<meta property=\"product:retailer_item_id\" content=\"VGL14R\" \/>\n<meta property=\"product:condition\" content=\"new\" \/>\n<meta name=\"geo.placename\" content=\"Cercado de Lima\" \/>\n<meta name=\"geo.position\" content=\"-11.980133;-77.06118200000003\" \/>\n<meta name=\"geo.region\" content=\"Per\u00fa\" \/>\n<!-- \/ Yoast SEO Premium plugin. -->","yoast_head_json":{"title":"VITRINA REFRIGERADA PARA PASTELERIA (VIDRIO FRONTAL RECTO) GLACE 1445R - VGL14R - FRIONOX","description":"Encimera de trabajo en acero inox AISI 304 18\/10. Cristal curvo securizado abatible. Bancada en acero esmaltado. Iluminaci\u00f3n LED plano de exposici\u00f3n. Iluminaci\u00f3n LED estante. Estantes en perfil de aluminio anodizado. Encimera de trabajo en acero inox AISI 304 18\/10. Decoraci\u00f3n y costado en DM hidr\u00f3fugo lacado. Decoraci\u00f3n inferior en acero inoxidable AISI 304 18\/10. Plano superior en acero inox AISI 304 18\/10. Decoraci\u00f3n frontal con iluminaci\u00f3n LED. Dimensiones (ancho\/fondo\/alto): 1445 x 985 x 1345 mm Costados (2): 30 + 30 mm Potencia: 560 W Capacidad: 250 litros Superficie exposici\u00f3n: 1,5 m2 Estantes: 2 Compresor: 1\/4 HP Consumo: 9,0 kWh\/24h Evaporaci\u00f3n: Semi-est\u00e1tica R\u00e9gimen T\u00aa: +4\/+8 \u00baC Desescarche: Semi-autom\u00e1tico Control: Digital","robots":{"index":"index","follow":"follow","max-snippet":"max-snippet:-1","max-image-preview":"max-image-preview:large","max-video-preview":"max-video-preview:-1"},"canonical":"https:\/\/frionox.com\/catalogo\/producto\/vitrina-refrigerada-para-pasteleria-vidrio-frontal-recto-glace-1445r-vgl14r\/","og_locale":"es_ES","og_type":"article","og_title":"VITRINA REFRIGERADA PARA PASTELERIA (VIDRIO FRONTAL RECTO) GLACE 1445R - VGL14R","og_description":"Encimera de trabajo en acero inox AISI 304 18\/10. Cristal curvo securizado abatible. Bancada en acero esmaltado. Iluminaci\u00f3n LED plano de exposici\u00f3n. Iluminaci\u00f3n LED estante. Estantes en perfil de aluminio anodizado. Encimera de trabajo en acero inox AISI 304 18\/10. Decoraci\u00f3n y costado en DM hidr\u00f3fugo lacado. Decoraci\u00f3n inferior en acero inoxidable AISI 304 18\/10. Plano superior en acero inox AISI 304 18\/10. Decoraci\u00f3n frontal con iluminaci\u00f3n LED. Dimensiones (ancho\/fondo\/alto): 1445 x 985 x 1345 mm Costados (2): 30 + 30 mm Potencia: 560 W Capacidad: 250 litros Superficie exposici\u00f3n: 1,5 m2 Estantes: 2 Compresor: 1\/4 HP Consumo: 9,0 kWh\/24h Evaporaci\u00f3n: Semi-est\u00e1tica R\u00e9gimen T\u00aa: +4\/+8 \u00baC Desescarche: Semi-autom\u00e1tico Control: Digital","og_url":"https:\/\/frionox.com\/catalogo\/producto\/vitrina-refrigerada-para-pasteleria-vidrio-frontal-recto-glace-1445r-vgl14r\/","og_site_name":"FRIONOX","article_publisher":"https:\/\/facebook.com\/frionox.pe","article_modified_time":"2025-10-27T00:33:40+00:00","og_image":[{"width":800,"height":800,"url":"https:\/\/frionox.com\/catalogo\/wp-content\/uploads\/2020\/04\/VGL14R.jpg","type":"image\/jpeg"}],"twitter_card":"summary_large_image","twitter_site":"@frionoxsac","twitter_misc":{"Precio":"S\/4,524.59","Disponibilidad":"Disponible para reservar"},"schema":{"@context":"https:\/\/schema.org","@graph":[{"@type":"WebPage","@id":"https:\/\/frionox.com\/catalogo\/producto\/vitrina-refrigerada-para-pasteleria-vidrio-frontal-recto-glace-1445r-vgl14r\/","url":"https:\/\/frionox.com\/catalogo\/producto\/vitrina-refrigerada-para-pasteleria-vidrio-frontal-recto-glace-1445r-vgl14r\/","name":"VITRINA REFRIGERADA PARA PASTELERIA (VIDRIO FRONTAL RECTO) GLACE 1445R - VGL14R - FRIONOX","isPartOf":{"@id":"https:\/\/frionox.com\/catalogo\/#website"},"primaryImageOfPage":{"@id":"https:\/\/frionox.com\/catalogo\/producto\/vitrina-refrigerada-para-pasteleria-vidrio-frontal-recto-glace-1445r-vgl14r\/#primaryimage"},"image":{"@id":"https:\/\/frionox.com\/catalogo\/producto\/vitrina-refrigerada-para-pasteleria-vidrio-frontal-recto-glace-1445r-vgl14r\/#primaryimage"},"thumbnailUrl":"https:\/\/frionox.com\/catalogo\/wp-content\/uploads\/2020\/04\/VGL14R.jpg","datePublished":"2020-08-09T19:02:13+00:00","dateModified":"2025-10-27T00:33:40+00:00","description":"Encimera de trabajo en acero inox AISI 304 18\/10. Cristal curvo securizado abatible. Bancada en acero esmaltado. Iluminaci\u00f3n LED plano de exposici\u00f3n. Iluminaci\u00f3n LED estante. Estantes en perfil de aluminio anodizado. Encimera de trabajo en acero inox AISI 304 18\/10. Decoraci\u00f3n y costado en DM hidr\u00f3fugo lacado. Decoraci\u00f3n inferior en acero inoxidable AISI 304 18\/10. Plano superior en acero inox AISI 304 18\/10. Decoraci\u00f3n frontal con iluminaci\u00f3n LED. Dimensiones (ancho\/fondo\/alto): 1445 x 985 x 1345 mm Costados (2): 30 + 30 mm Potencia: 560 W Capacidad: 250 litros Superficie exposici\u00f3n: 1,5 m2 Estantes: 2 Compresor: 1\/4 HP Consumo: 9,0 kWh\/24h Evaporaci\u00f3n: Semi-est\u00e1tica R\u00e9gimen T\u00aa: +4\/+8 \u00baC Desescarche: Semi-autom\u00e1tico Control: Digital","breadcrumb":{"@id":"https:\/\/frionox.com\/catalogo\/producto\/vitrina-refrigerada-para-pasteleria-vidrio-frontal-recto-glace-1445r-vgl14r\/#breadcrumb"},"inLanguage":"es","potentialAction":[{"@type":"ReadAction","target":["https:\/\/frionox.com\/catalogo\/producto\/vitrina-refrigerada-para-pasteleria-vidrio-frontal-recto-glace-1445r-vgl14r\/"]}]},{"@type":"ImageObject","inLanguage":"es","@id":"https:\/\/frionox.com\/catalogo\/producto\/vitrina-refrigerada-para-pasteleria-vidrio-frontal-recto-glace-1445r-vgl14r\/#primaryimage","url":"https:\/\/frionox.com\/catalogo\/wp-content\/uploads\/2020\/04\/VGL14R.jpg","contentUrl":"https:\/\/frionox.com\/catalogo\/wp-content\/uploads\/2020\/04\/VGL14R.jpg","width":800,"height":800},{"@type":"BreadcrumbList","@id":"https:\/\/frionox.com\/catalogo\/producto\/vitrina-refrigerada-para-pasteleria-vidrio-frontal-recto-glace-1445r-vgl14r\/#breadcrumb","itemListElement":[{"@type":"ListItem","position":1,"name":"Portada","item":"https:\/\/frionox.com\/catalogo\/"},{"@type":"ListItem","position":2,"name":"Hornos Industriales, Licuadoras Industriales, Cocinas y m\u00e1s","item":"https:\/\/frionox.com\/catalogo\/tienda\/"},{"@type":"ListItem","position":3,"name":"VITRINA REFRIGERADA PARA PASTELERIA (VIDRIO FRONTAL RECTO) GLACE 1445R &#8211; VGL14R"}]},{"@type":"WebSite","@id":"https:\/\/frionox.com\/catalogo\/#website","url":"https:\/\/frionox.com\/catalogo\/","name":"FRIONOX","description":"Equipamiento de cocinas","publisher":{"@id":"https:\/\/frionox.com\/catalogo\/#organization"},"potentialAction":[{"@type":"SearchAction","target":{"@type":"EntryPoint","urlTemplate":"https:\/\/frionox.com\/catalogo\/?s={search_term_string}"},"query-input":{"@type":"PropertyValueSpecification","valueRequired":true,"valueName":"search_term_string"}}],"inLanguage":"es"},{"@type":["Organization","Place","LocalBusiness"],"@id":"https:\/\/frionox.com\/catalogo\/#organization","name":"Frionox Equipamiento de cocinas","url":"https:\/\/frionox.com\/catalogo\/","logo":{"@id":"https:\/\/frionox.com\/catalogo\/producto\/vitrina-refrigerada-para-pasteleria-vidrio-frontal-recto-glace-1445r-vgl14r\/#local-main-organization-logo"},"image":{"@id":"https:\/\/frionox.com\/catalogo\/producto\/vitrina-refrigerada-para-pasteleria-vidrio-frontal-recto-glace-1445r-vgl14r\/#local-main-organization-logo"},"sameAs":["https:\/\/facebook.com\/frionox.pe","https:\/\/x.com\/frionoxsac","https:\/\/youtube.com\/@FRIONOXEQUIPAMIENTODECOCINA"],"address":{"@id":"https:\/\/frionox.com\/catalogo\/producto\/vitrina-refrigerada-para-pasteleria-vidrio-frontal-recto-glace-1445r-vgl14r\/#local-main-place-address"},"geo":{"@type":"GeoCoordinates","latitude":"-11.980133","longitude":"-77.06118200000003"},"telephone":["+5115221181"],"openingHoursSpecification":[{"@type":"OpeningHoursSpecification","dayOfWeek":["Monday","Tuesday","Wednesday","Thursday","Friday","Saturday"],"opens":"08:00","closes":"18:00"},{"@type":"OpeningHoursSpecification","dayOfWeek":["Sunday"],"opens":"00:00","closes":"00:00"}],"email":"cotizaciones@frionox.com"},{"@type":"PostalAddress","@id":"https:\/\/frionox.com\/catalogo\/producto\/vitrina-refrigerada-para-pasteleria-vidrio-frontal-recto-glace-1445r-vgl14r\/#local-main-place-address","streetAddress":"Av. Oscar R. Benavides 1624","addressLocality":"Cercado de Lima","postalCode":"15082","addressRegion":"Lima","addressCountry":"PE"},{"@type":"ImageObject","inLanguage":"es","@id":"https:\/\/frionox.com\/catalogo\/producto\/vitrina-refrigerada-para-pasteleria-vidrio-frontal-recto-glace-1445r-vgl14r\/#local-main-organization-logo","url":"https:\/\/frionox.com\/catalogo\/wp-content\/uploads\/2020\/04\/LOGO-MOBILE.png","contentUrl":"https:\/\/frionox.com\/catalogo\/wp-content\/uploads\/2020\/04\/LOGO-MOBILE.png","width":203,"height":61,"caption":"Frionox Equipamiento de cocinas"}]},"product_price_amount":"4524.59","product_price_currency":"PEN","og_availability":"backorder","product_availability":"available for order","product_retailer_item_id":"VGL14R","product_condition":"new","geo.placename":"Cercado de Lima","geo.position":{"lat":"-11.980133","long":"-77.06118200000003"},"geo.region":"Per\u00fa"},"_links":{"self":[{"href":"https:\/\/frionox.com\/catalogo\/wp-json\/wp\/v2\/product\/15468","targetHints":{"allow":["GET"]}}],"collection":[{"href":"https:\/\/frionox.com\/catalogo\/wp-json\/wp\/v2\/product"}],"about":[{"href":"https:\/\/frionox.com\/catalogo\/wp-json\/wp\/v2\/types\/product"}],"replies":[{"embeddable":true,"href":"https:\/\/frionox.com\/catalogo\/wp-json\/wp\/v2\/comments?post=15468"}],"wp:featuredmedia":[{"embeddable":true,"href":"https:\/\/frionox.com\/catalogo\/wp-json\/wp\/v2\/media\/11676"}],"wp:attachment":[{"href":"https:\/\/frionox.com\/catalogo\/wp-json\/wp\/v2\/media?parent=15468"}],"wp:term":[{"taxonomy":"product_brand","embeddable":true,"href":"https:\/\/frionox.com\/catalogo\/wp-json\/wp\/v2\/product_brand?post=15468"},{"taxonomy":"product_cat","embeddable":true,"href":"https:\/\/frionox.com\/catalogo\/wp-json\/wp\/v2\/product_cat?post=15468"},{"taxonomy":"product_tag","embeddable":true,"href":"https:\/\/frionox.com\/catalogo\/wp-json\/wp\/v2\/product_tag?post=15468"}],"curies":[{"name":"wp","href":"https:\/\/api.w.org\/{rel}","templated":true}]}}