{"id":15441,"date":"2020-08-09T14:02:03","date_gmt":"2020-08-09T19:02:03","guid":{"rendered":"https:\/\/frionox.com\/catalogo\/producto\/armario-refrigerado-gnorm2-1-02-p-monoblock-fgb1402\/"},"modified":"2025-04-08T09:43:29","modified_gmt":"2025-04-08T14:43:29","slug":"armario-refrigerado-gnorm2-1-02-p-monoblock-fgb1402","status":"publish","type":"product","link":"https:\/\/frionox.com\/catalogo\/producto\/armario-refrigerado-gnorm2-1-02-p-monoblock-fgb1402\/","title":{"rendered":"ARMARIO REFRIGERADO GNORM2\/1 02 P MONOBLOCK &#8211; FGB1402"},"content":{"rendered":"<p>Fabricado en acero inoxidable AISI304 Lado posterior exterior de plancha de acero galvanizado Capacidad 1340 L 06 Parrillas de varilla plastificada Aislamiento t\u00e9rmico de poliuretano inyectado de alta densidad Puerta con jalador integrado y con bisagras de retorno autom\u00e1tico Patas ajustables de acero inoxidable Sistema de refrigeraci\u00f3n monoblock compacto para maximizar el espacio en cabina Evaporador con serpentin revestido con epoxy de poliester para maximizar la durabilidad Bandeja de condensado no electrica para el ahorro de energia Rango de temperatura: -2\u00b0C\/+8\u00b0C Compresor: 3\/8HP Controlador digital Refrigerante: 134a Potencia el\u00e9ctrica: 0.63KW Voltaje: 220V\/60Hz\/1AC. .<\/p>\n","protected":false},"excerpt":{"rendered":"<p>Fabricado en acero inoxidable AISI304 Lado posterior exterior de plancha de acero galvanizado Capacidad 1340 L 06 Parrillas de varilla plastificada Aislamiento t\u00e9rmico de poliuretano inyectado de alta densidad Puerta con jalador integrado y con bisagras de retorno autom\u00e1tico Patas ajustables de acero inoxidable Sistema de refrigeraci\u00f3n monoblock compacto para maximizar el espacio en cabina Evaporador con serpentin revestido con epoxy de poliester para maximizar la durabilidad Bandeja de condensado no electrica para el ahorro de energia Rango de temperatura: -2\u00b0C\/+8\u00b0C Compresor: 3\/8HP Controlador digital Refrigerante: 134a Potencia el\u00e9ctrica: 0.63KW Voltaje: 220V\/60Hz\/1AC. .<\/p>\n","protected":false},"featured_media":11022,"comment_status":"open","ping_status":"closed","template":"","meta":[],"product_brand":[],"product_cat":[1469],"product_tag":[1579],"class_list":{"0":"post-15441","1":"product","2":"type-product","3":"status-publish","4":"has-post-thumbnail","6":"product_cat-armario-refrigerado","7":"product_tag-armario-refrigerado-gnorm2-1-02-p-monoblock","8":"pa_marcas-infrico","10":"first","11":"onbackorder","12":"shipping-taxable","13":"purchasable","14":"product-type-simple"},"yoast_head":"<!-- This site is optimized with the Yoast SEO Premium plugin v27.1 (Yoast SEO v27.1.1) - https:\/\/yoast.com\/product\/yoast-seo-premium-wordpress\/ -->\n<title>ARMARIO REFRIGERADO GNORM2\/1 02 P MONOBLOCK - FGB1402 - FRIONOX<\/title>\n<meta name=\"description\" content=\"Fabricado en acero inoxidable AISI304 Lado posterior exterior de plancha de acero galvanizado Capacidad 1340 L 06 Parrillas de varilla plastificada Aislamiento t\u00e9rmico de poliuretano inyectado de alta densidad Puerta con jalador integrado y con bisagras de retorno autom\u00e1tico Patas ajustables de acero inoxidable Sistema de refrigeraci\u00f3n monoblock compacto para maximizar el espacio en cabina Evaporador con serpentin revestido con epoxy de poliester para maximizar la durabilidad Bandeja de condensado no electrica para el ahorro de energia Rango de temperatura: -2\u00b0C\/+8\u00b0C Compresor: 3\/8HP Controlador digital Refrigerante: 134a Potencia el\u00e9ctrica: 0.63KW Voltaje: 220V\/60Hz\/1AC. .\" \/>\n<meta name=\"robots\" content=\"index, follow, max-snippet:-1, max-image-preview:large, max-video-preview:-1\" \/>\n<link rel=\"canonical\" href=\"https:\/\/frionox.com\/catalogo\/producto\/armario-refrigerado-gnorm2-1-02-p-monoblock-fgb1402\/\" \/>\n<meta property=\"og:locale\" content=\"es_ES\" \/>\n<meta property=\"og:type\" content=\"article\" \/>\n<meta property=\"og:title\" content=\"ARMARIO REFRIGERADO GNORM2\/1 02 P MONOBLOCK - FGB1402\" \/>\n<meta property=\"og:description\" content=\"Fabricado en acero inoxidable AISI304 Lado posterior exterior de plancha de acero galvanizado Capacidad 1340 L 06 Parrillas de varilla plastificada Aislamiento t\u00e9rmico de poliuretano inyectado de alta densidad Puerta con jalador integrado y con bisagras de retorno autom\u00e1tico Patas ajustables de acero inoxidable Sistema de refrigeraci\u00f3n monoblock compacto para maximizar el espacio en cabina Evaporador con serpentin revestido con epoxy de poliester para maximizar la durabilidad Bandeja de condensado no electrica para el ahorro de energia Rango de temperatura: -2\u00b0C\/+8\u00b0C Compresor: 3\/8HP Controlador digital Refrigerante: 134a Potencia el\u00e9ctrica: 0.63KW Voltaje: 220V\/60Hz\/1AC. .\" \/>\n<meta property=\"og:url\" content=\"https:\/\/frionox.com\/catalogo\/producto\/armario-refrigerado-gnorm2-1-02-p-monoblock-fgb1402\/\" \/>\n<meta property=\"og:site_name\" content=\"FRIONOX\" \/>\n<meta property=\"article:publisher\" content=\"https:\/\/facebook.com\/frionox.pe\" \/>\n<meta property=\"article:modified_time\" content=\"2025-04-08T14:43:29+00:00\" \/>\n<meta property=\"og:image\" content=\"https:\/\/frionox.com\/catalogo\/wp-content\/uploads\/2020\/04\/FGB1402.jpg\" \/>\n\t<meta property=\"og:image:width\" content=\"800\" \/>\n\t<meta property=\"og:image:height\" content=\"800\" \/>\n\t<meta property=\"og:image:type\" content=\"image\/jpeg\" \/>\n<meta name=\"twitter:card\" content=\"summary_large_image\" \/>\n<meta name=\"twitter:site\" content=\"@frionoxsac\" \/>\n<meta name=\"twitter:label1\" content=\"Precio\" \/>\n\t<meta name=\"twitter:data1\" content=\"S\/3,265.65\" \/>\n\t<meta name=\"twitter:label2\" content=\"Disponibilidad\" \/>\n\t<meta name=\"twitter:data2\" content=\"Disponible para reservar\" \/>\n<script type=\"application\/ld+json\" class=\"yoast-schema-graph\">{\"@context\":\"https:\/\/schema.org\",\"@graph\":[{\"@type\":\"WebPage\",\"@id\":\"https:\/\/frionox.com\/catalogo\/producto\/armario-refrigerado-gnorm2-1-02-p-monoblock-fgb1402\/\",\"url\":\"https:\/\/frionox.com\/catalogo\/producto\/armario-refrigerado-gnorm2-1-02-p-monoblock-fgb1402\/\",\"name\":\"ARMARIO REFRIGERADO GNORM2\/1 02 P MONOBLOCK - FGB1402 - FRIONOX\",\"isPartOf\":{\"@id\":\"https:\/\/frionox.com\/catalogo\/#website\"},\"primaryImageOfPage\":{\"@id\":\"https:\/\/frionox.com\/catalogo\/producto\/armario-refrigerado-gnorm2-1-02-p-monoblock-fgb1402\/#primaryimage\"},\"image\":{\"@id\":\"https:\/\/frionox.com\/catalogo\/producto\/armario-refrigerado-gnorm2-1-02-p-monoblock-fgb1402\/#primaryimage\"},\"thumbnailUrl\":\"https:\/\/frionox.com\/catalogo\/wp-content\/uploads\/2020\/04\/FGB1402.jpg\",\"datePublished\":\"2020-08-09T19:02:03+00:00\",\"dateModified\":\"2025-04-08T14:43:29+00:00\",\"description\":\"Fabricado en acero inoxidable AISI304 Lado posterior exterior de plancha de acero galvanizado Capacidad 1340 L 06 Parrillas de varilla plastificada Aislamiento t\u00e9rmico de poliuretano inyectado de alta densidad Puerta con jalador integrado y con bisagras de retorno autom\u00e1tico Patas ajustables de acero inoxidable Sistema de refrigeraci\u00f3n monoblock compacto para maximizar el espacio en cabina Evaporador con serpentin revestido con epoxy de poliester para maximizar la durabilidad Bandeja de condensado no electrica para el ahorro de energia Rango de temperatura: -2\u00b0C\/+8\u00b0C Compresor: 3\/8HP Controlador digital Refrigerante: 134a Potencia el\u00e9ctrica: 0.63KW Voltaje: 220V\/60Hz\/1AC. .\",\"breadcrumb\":{\"@id\":\"https:\/\/frionox.com\/catalogo\/producto\/armario-refrigerado-gnorm2-1-02-p-monoblock-fgb1402\/#breadcrumb\"},\"inLanguage\":\"es\",\"potentialAction\":[{\"@type\":\"ReadAction\",\"target\":[\"https:\/\/frionox.com\/catalogo\/producto\/armario-refrigerado-gnorm2-1-02-p-monoblock-fgb1402\/\"]}]},{\"@type\":\"ImageObject\",\"inLanguage\":\"es\",\"@id\":\"https:\/\/frionox.com\/catalogo\/producto\/armario-refrigerado-gnorm2-1-02-p-monoblock-fgb1402\/#primaryimage\",\"url\":\"https:\/\/frionox.com\/catalogo\/wp-content\/uploads\/2020\/04\/FGB1402.jpg\",\"contentUrl\":\"https:\/\/frionox.com\/catalogo\/wp-content\/uploads\/2020\/04\/FGB1402.jpg\",\"width\":800,\"height\":800},{\"@type\":\"BreadcrumbList\",\"@id\":\"https:\/\/frionox.com\/catalogo\/producto\/armario-refrigerado-gnorm2-1-02-p-monoblock-fgb1402\/#breadcrumb\",\"itemListElement\":[{\"@type\":\"ListItem\",\"position\":1,\"name\":\"Portada\",\"item\":\"https:\/\/frionox.com\/catalogo\/\"},{\"@type\":\"ListItem\",\"position\":2,\"name\":\"Hornos Industriales, Licuadoras Industriales, Cocinas y m\u00e1s\",\"item\":\"https:\/\/frionox.com\/catalogo\/tienda\/\"},{\"@type\":\"ListItem\",\"position\":3,\"name\":\"ARMARIO REFRIGERADO GNORM2\/1 02 P MONOBLOCK &#8211; FGB1402\"}]},{\"@type\":\"WebSite\",\"@id\":\"https:\/\/frionox.com\/catalogo\/#website\",\"url\":\"https:\/\/frionox.com\/catalogo\/\",\"name\":\"FRIONOX\",\"description\":\"Equipamiento de cocinas\",\"publisher\":{\"@id\":\"https:\/\/frionox.com\/catalogo\/#organization\"},\"potentialAction\":[{\"@type\":\"SearchAction\",\"target\":{\"@type\":\"EntryPoint\",\"urlTemplate\":\"https:\/\/frionox.com\/catalogo\/?s={search_term_string}\"},\"query-input\":{\"@type\":\"PropertyValueSpecification\",\"valueRequired\":true,\"valueName\":\"search_term_string\"}}],\"inLanguage\":\"es\"},{\"@type\":[\"Organization\",\"Place\",\"LocalBusiness\"],\"@id\":\"https:\/\/frionox.com\/catalogo\/#organization\",\"name\":\"Frionox Equipamiento de cocinas\",\"url\":\"https:\/\/frionox.com\/catalogo\/\",\"logo\":{\"@id\":\"https:\/\/frionox.com\/catalogo\/producto\/armario-refrigerado-gnorm2-1-02-p-monoblock-fgb1402\/#local-main-organization-logo\"},\"image\":{\"@id\":\"https:\/\/frionox.com\/catalogo\/producto\/armario-refrigerado-gnorm2-1-02-p-monoblock-fgb1402\/#local-main-organization-logo\"},\"sameAs\":[\"https:\/\/facebook.com\/frionox.pe\",\"https:\/\/x.com\/frionoxsac\",\"https:\/\/youtube.com\/@FRIONOXEQUIPAMIENTODECOCINA\"],\"address\":{\"@id\":\"https:\/\/frionox.com\/catalogo\/producto\/armario-refrigerado-gnorm2-1-02-p-monoblock-fgb1402\/#local-main-place-address\"},\"geo\":{\"@type\":\"GeoCoordinates\",\"latitude\":\"-11.980133\",\"longitude\":\"-77.06118200000003\"},\"telephone\":[\"+5115221181\"],\"openingHoursSpecification\":[{\"@type\":\"OpeningHoursSpecification\",\"dayOfWeek\":[\"Monday\",\"Tuesday\",\"Wednesday\",\"Thursday\",\"Friday\",\"Saturday\"],\"opens\":\"08:00\",\"closes\":\"18:00\"},{\"@type\":\"OpeningHoursSpecification\",\"dayOfWeek\":[\"Sunday\"],\"opens\":\"00:00\",\"closes\":\"00:00\"}],\"email\":\"cotizaciones@frionox.com\"},{\"@type\":\"PostalAddress\",\"@id\":\"https:\/\/frionox.com\/catalogo\/producto\/armario-refrigerado-gnorm2-1-02-p-monoblock-fgb1402\/#local-main-place-address\",\"streetAddress\":\"Av. Oscar R. Benavides 1624\",\"addressLocality\":\"Cercado de Lima\",\"postalCode\":\"15082\",\"addressRegion\":\"Lima\",\"addressCountry\":\"PE\"},{\"@type\":\"ImageObject\",\"inLanguage\":\"es\",\"@id\":\"https:\/\/frionox.com\/catalogo\/producto\/armario-refrigerado-gnorm2-1-02-p-monoblock-fgb1402\/#local-main-organization-logo\",\"url\":\"https:\/\/frionox.com\/catalogo\/wp-content\/uploads\/2020\/04\/LOGO-MOBILE.png\",\"contentUrl\":\"https:\/\/frionox.com\/catalogo\/wp-content\/uploads\/2020\/04\/LOGO-MOBILE.png\",\"width\":203,\"height\":61,\"caption\":\"Frionox Equipamiento de cocinas\"}]}<\/script>\n<meta property=\"product:price:amount\" content=\"3265.65\" \/>\n<meta property=\"product:price:currency\" content=\"PEN\" \/>\n<meta property=\"og:availability\" content=\"backorder\" \/>\n<meta property=\"product:availability\" content=\"available for order\" \/>\n<meta property=\"product:retailer_item_id\" content=\"FGB1402\" \/>\n<meta property=\"product:condition\" content=\"new\" \/>\n<meta name=\"geo.placename\" content=\"Cercado de Lima\" \/>\n<meta name=\"geo.position\" content=\"-11.980133;-77.06118200000003\" \/>\n<meta name=\"geo.region\" content=\"Per\u00fa\" \/>\n<!-- \/ Yoast SEO Premium plugin. -->","yoast_head_json":{"title":"ARMARIO REFRIGERADO GNORM2\/1 02 P MONOBLOCK - FGB1402 - FRIONOX","description":"Fabricado en acero inoxidable AISI304 Lado posterior exterior de plancha de acero galvanizado Capacidad 1340 L 06 Parrillas de varilla plastificada Aislamiento t\u00e9rmico de poliuretano inyectado de alta densidad Puerta con jalador integrado y con bisagras de retorno autom\u00e1tico Patas ajustables de acero inoxidable Sistema de refrigeraci\u00f3n monoblock compacto para maximizar el espacio en cabina Evaporador con serpentin revestido con epoxy de poliester para maximizar la durabilidad Bandeja de condensado no electrica para el ahorro de energia Rango de temperatura: -2\u00b0C\/+8\u00b0C Compresor: 3\/8HP Controlador digital Refrigerante: 134a Potencia el\u00e9ctrica: 0.63KW Voltaje: 220V\/60Hz\/1AC. .","robots":{"index":"index","follow":"follow","max-snippet":"max-snippet:-1","max-image-preview":"max-image-preview:large","max-video-preview":"max-video-preview:-1"},"canonical":"https:\/\/frionox.com\/catalogo\/producto\/armario-refrigerado-gnorm2-1-02-p-monoblock-fgb1402\/","og_locale":"es_ES","og_type":"article","og_title":"ARMARIO REFRIGERADO GNORM2\/1 02 P MONOBLOCK - FGB1402","og_description":"Fabricado en acero inoxidable AISI304 Lado posterior exterior de plancha de acero galvanizado Capacidad 1340 L 06 Parrillas de varilla plastificada Aislamiento t\u00e9rmico de poliuretano inyectado de alta densidad Puerta con jalador integrado y con bisagras de retorno autom\u00e1tico Patas ajustables de acero inoxidable Sistema de refrigeraci\u00f3n monoblock compacto para maximizar el espacio en cabina Evaporador con serpentin revestido con epoxy de poliester para maximizar la durabilidad Bandeja de condensado no electrica para el ahorro de energia Rango de temperatura: -2\u00b0C\/+8\u00b0C Compresor: 3\/8HP Controlador digital Refrigerante: 134a Potencia el\u00e9ctrica: 0.63KW Voltaje: 220V\/60Hz\/1AC. .","og_url":"https:\/\/frionox.com\/catalogo\/producto\/armario-refrigerado-gnorm2-1-02-p-monoblock-fgb1402\/","og_site_name":"FRIONOX","article_publisher":"https:\/\/facebook.com\/frionox.pe","article_modified_time":"2025-04-08T14:43:29+00:00","og_image":[{"width":800,"height":800,"url":"https:\/\/frionox.com\/catalogo\/wp-content\/uploads\/2020\/04\/FGB1402.jpg","type":"image\/jpeg"}],"twitter_card":"summary_large_image","twitter_site":"@frionoxsac","twitter_misc":{"Precio":"S\/3,265.65","Disponibilidad":"Disponible para reservar"},"schema":{"@context":"https:\/\/schema.org","@graph":[{"@type":"WebPage","@id":"https:\/\/frionox.com\/catalogo\/producto\/armario-refrigerado-gnorm2-1-02-p-monoblock-fgb1402\/","url":"https:\/\/frionox.com\/catalogo\/producto\/armario-refrigerado-gnorm2-1-02-p-monoblock-fgb1402\/","name":"ARMARIO REFRIGERADO GNORM2\/1 02 P MONOBLOCK - FGB1402 - FRIONOX","isPartOf":{"@id":"https:\/\/frionox.com\/catalogo\/#website"},"primaryImageOfPage":{"@id":"https:\/\/frionox.com\/catalogo\/producto\/armario-refrigerado-gnorm2-1-02-p-monoblock-fgb1402\/#primaryimage"},"image":{"@id":"https:\/\/frionox.com\/catalogo\/producto\/armario-refrigerado-gnorm2-1-02-p-monoblock-fgb1402\/#primaryimage"},"thumbnailUrl":"https:\/\/frionox.com\/catalogo\/wp-content\/uploads\/2020\/04\/FGB1402.jpg","datePublished":"2020-08-09T19:02:03+00:00","dateModified":"2025-04-08T14:43:29+00:00","description":"Fabricado en acero inoxidable AISI304 Lado posterior exterior de plancha de acero galvanizado Capacidad 1340 L 06 Parrillas de varilla plastificada Aislamiento t\u00e9rmico de poliuretano inyectado de alta densidad Puerta con jalador integrado y con bisagras de retorno autom\u00e1tico Patas ajustables de acero inoxidable Sistema de refrigeraci\u00f3n monoblock compacto para maximizar el espacio en cabina Evaporador con serpentin revestido con epoxy de poliester para maximizar la durabilidad Bandeja de condensado no electrica para el ahorro de energia Rango de temperatura: -2\u00b0C\/+8\u00b0C Compresor: 3\/8HP Controlador digital Refrigerante: 134a Potencia el\u00e9ctrica: 0.63KW Voltaje: 220V\/60Hz\/1AC. .","breadcrumb":{"@id":"https:\/\/frionox.com\/catalogo\/producto\/armario-refrigerado-gnorm2-1-02-p-monoblock-fgb1402\/#breadcrumb"},"inLanguage":"es","potentialAction":[{"@type":"ReadAction","target":["https:\/\/frionox.com\/catalogo\/producto\/armario-refrigerado-gnorm2-1-02-p-monoblock-fgb1402\/"]}]},{"@type":"ImageObject","inLanguage":"es","@id":"https:\/\/frionox.com\/catalogo\/producto\/armario-refrigerado-gnorm2-1-02-p-monoblock-fgb1402\/#primaryimage","url":"https:\/\/frionox.com\/catalogo\/wp-content\/uploads\/2020\/04\/FGB1402.jpg","contentUrl":"https:\/\/frionox.com\/catalogo\/wp-content\/uploads\/2020\/04\/FGB1402.jpg","width":800,"height":800},{"@type":"BreadcrumbList","@id":"https:\/\/frionox.com\/catalogo\/producto\/armario-refrigerado-gnorm2-1-02-p-monoblock-fgb1402\/#breadcrumb","itemListElement":[{"@type":"ListItem","position":1,"name":"Portada","item":"https:\/\/frionox.com\/catalogo\/"},{"@type":"ListItem","position":2,"name":"Hornos Industriales, Licuadoras Industriales, Cocinas y m\u00e1s","item":"https:\/\/frionox.com\/catalogo\/tienda\/"},{"@type":"ListItem","position":3,"name":"ARMARIO REFRIGERADO GNORM2\/1 02 P MONOBLOCK &#8211; FGB1402"}]},{"@type":"WebSite","@id":"https:\/\/frionox.com\/catalogo\/#website","url":"https:\/\/frionox.com\/catalogo\/","name":"FRIONOX","description":"Equipamiento de cocinas","publisher":{"@id":"https:\/\/frionox.com\/catalogo\/#organization"},"potentialAction":[{"@type":"SearchAction","target":{"@type":"EntryPoint","urlTemplate":"https:\/\/frionox.com\/catalogo\/?s={search_term_string}"},"query-input":{"@type":"PropertyValueSpecification","valueRequired":true,"valueName":"search_term_string"}}],"inLanguage":"es"},{"@type":["Organization","Place","LocalBusiness"],"@id":"https:\/\/frionox.com\/catalogo\/#organization","name":"Frionox Equipamiento de cocinas","url":"https:\/\/frionox.com\/catalogo\/","logo":{"@id":"https:\/\/frionox.com\/catalogo\/producto\/armario-refrigerado-gnorm2-1-02-p-monoblock-fgb1402\/#local-main-organization-logo"},"image":{"@id":"https:\/\/frionox.com\/catalogo\/producto\/armario-refrigerado-gnorm2-1-02-p-monoblock-fgb1402\/#local-main-organization-logo"},"sameAs":["https:\/\/facebook.com\/frionox.pe","https:\/\/x.com\/frionoxsac","https:\/\/youtube.com\/@FRIONOXEQUIPAMIENTODECOCINA"],"address":{"@id":"https:\/\/frionox.com\/catalogo\/producto\/armario-refrigerado-gnorm2-1-02-p-monoblock-fgb1402\/#local-main-place-address"},"geo":{"@type":"GeoCoordinates","latitude":"-11.980133","longitude":"-77.06118200000003"},"telephone":["+5115221181"],"openingHoursSpecification":[{"@type":"OpeningHoursSpecification","dayOfWeek":["Monday","Tuesday","Wednesday","Thursday","Friday","Saturday"],"opens":"08:00","closes":"18:00"},{"@type":"OpeningHoursSpecification","dayOfWeek":["Sunday"],"opens":"00:00","closes":"00:00"}],"email":"cotizaciones@frionox.com"},{"@type":"PostalAddress","@id":"https:\/\/frionox.com\/catalogo\/producto\/armario-refrigerado-gnorm2-1-02-p-monoblock-fgb1402\/#local-main-place-address","streetAddress":"Av. Oscar R. Benavides 1624","addressLocality":"Cercado de Lima","postalCode":"15082","addressRegion":"Lima","addressCountry":"PE"},{"@type":"ImageObject","inLanguage":"es","@id":"https:\/\/frionox.com\/catalogo\/producto\/armario-refrigerado-gnorm2-1-02-p-monoblock-fgb1402\/#local-main-organization-logo","url":"https:\/\/frionox.com\/catalogo\/wp-content\/uploads\/2020\/04\/LOGO-MOBILE.png","contentUrl":"https:\/\/frionox.com\/catalogo\/wp-content\/uploads\/2020\/04\/LOGO-MOBILE.png","width":203,"height":61,"caption":"Frionox Equipamiento de cocinas"}]},"product_price_amount":"3265.65","product_price_currency":"PEN","og_availability":"backorder","product_availability":"available for order","product_retailer_item_id":"FGB1402","product_condition":"new","geo.placename":"Cercado de Lima","geo.position":{"lat":"-11.980133","long":"-77.06118200000003"},"geo.region":"Per\u00fa"},"_links":{"self":[{"href":"https:\/\/frionox.com\/catalogo\/wp-json\/wp\/v2\/product\/15441","targetHints":{"allow":["GET"]}}],"collection":[{"href":"https:\/\/frionox.com\/catalogo\/wp-json\/wp\/v2\/product"}],"about":[{"href":"https:\/\/frionox.com\/catalogo\/wp-json\/wp\/v2\/types\/product"}],"replies":[{"embeddable":true,"href":"https:\/\/frionox.com\/catalogo\/wp-json\/wp\/v2\/comments?post=15441"}],"wp:featuredmedia":[{"embeddable":true,"href":"https:\/\/frionox.com\/catalogo\/wp-json\/wp\/v2\/media\/11022"}],"wp:attachment":[{"href":"https:\/\/frionox.com\/catalogo\/wp-json\/wp\/v2\/media?parent=15441"}],"wp:term":[{"taxonomy":"product_brand","embeddable":true,"href":"https:\/\/frionox.com\/catalogo\/wp-json\/wp\/v2\/product_brand?post=15441"},{"taxonomy":"product_cat","embeddable":true,"href":"https:\/\/frionox.com\/catalogo\/wp-json\/wp\/v2\/product_cat?post=15441"},{"taxonomy":"product_tag","embeddable":true,"href":"https:\/\/frionox.com\/catalogo\/wp-json\/wp\/v2\/product_tag?post=15441"}],"curies":[{"name":"wp","href":"https:\/\/api.w.org\/{rel}","templated":true}]}}