{"id":15421,"date":"2020-08-09T14:01:59","date_gmt":"2020-08-09T19:01:59","guid":{"rendered":"https:\/\/frionox.com\/catalogo\/producto\/camara-conservadora-de-pescado-agb701pesc\/"},"modified":"2026-03-03T09:45:52","modified_gmt":"2026-03-03T14:45:52","slug":"camara-conservadora-de-pescado-agb701pesc","status":"publish","type":"product","link":"https:\/\/frionox.com\/catalogo\/producto\/camara-conservadora-de-pescado-agb701pesc\/","title":{"rendered":"CAMARA CONSERVADORA DE PESCADO &#8211; AGB701PESC"},"content":{"rendered":"<p>Capacidad: 610 Litros. Dise\u00f1ado para la conservaci\u00f3n de pescados. Exterior fabricado de acero inoxidable AISI 304. Respaldo en plancha de acero galvanizado. Interior fabricado de acero inoxidable AISI 304. Iluminaci\u00f3n interior LED. 07 contenedores de polipropileno por puerta de 400&#215;600 mm. Gu\u00edas f\u00e1cilmente desmontables para la limpieza. Aislamiento t\u00e9rmico con poliuretano inyectado de alta densidad. 01 Puerta con tirador integrado y bisagra pivotante con bloqueo de apertura. Contrapuerta embutida con burlete triple c\u00e1mara f\u00e1cilmente sustituible. Posibilidad de cambiar el sentido de apertura de la puerta. Claro de puerta de 580 x 1495 mm. Termostato digital para el control de la temperatura y el desescarche. Sistema de refrigeraci\u00f3n compacto monoblock INFRIBLOCK. Temperatura de trabajo: -2\u00baC a +2\u00baC. Sistema de condensaci\u00f3n ventilada. Potencia de compresor: 1\/3HP. Sistema de evaporaci\u00f3n por tiro forzado. Evaporadores tratados con epoxi de poli\u00e9ster anticorrosi\u00f3n. Bandeja evaporativa. Tipo de refrigerante:134a. Potencia el\u00e9ctrica: 0.59KW. Voltaje:220V \/ 60Hz \/ 1AC. Con patas regulables. NOTA: Opcional contenedores de acero inoxidable Opcional juego de gu\u00edas adicionales. Opcional garruchas.&#8221;<\/p>\n","protected":false},"excerpt":{"rendered":"<p>Capacidad: 610 Litros. Dise\u00f1ado para la conservaci\u00f3n de pescados. Exterior fabricado de acero inoxidable AISI 304. Respaldo en plancha de acero galvanizado. Interior fabricado de acero inoxidable AISI 304. Iluminaci\u00f3n interior LED. 07 contenedores de polipropileno por puerta de 400&#215;600 mm. Gu\u00edas f\u00e1cilmente desmontables para la limpieza. Aislamiento t\u00e9rmico con poliuretano inyectado de alta densidad. 01 Puerta con tirador integrado y bisagra pivotante con bloqueo de apertura. Contrapuerta embutida con burlete triple c\u00e1mara f\u00e1cilmente sustituible. Posibilidad de cambiar el sentido de apertura de la puerta. Claro de puerta de 580 x 1495 mm. Termostato digital para el control de la temperatura y el desescarche. Sistema de refrigeraci\u00f3n compacto monoblock INFRIBLOCK. Temperatura de trabajo: -2\u00baC a +2\u00baC. Sistema de condensaci\u00f3n ventilada. Potencia de compresor: 1\/3HP. Sistema de evaporaci\u00f3n por tiro forzado. Evaporadores tratados con epoxi de poli\u00e9ster anticorrosi\u00f3n. Bandeja evaporativa. Tipo de refrigerante:134a. Potencia el\u00e9ctrica: 0.59KW. Voltaje:220V \/ 60Hz \/ 1AC. Con patas regulables. NOTA: Opcional contenedores de acero inoxidable Opcional juego de gu\u00edas adicionales. Opcional garruchas.&#8221;<\/p>\n","protected":false},"featured_media":10739,"comment_status":"open","ping_status":"closed","template":"","meta":[],"product_brand":[],"product_cat":[27,100,98],"product_tag":[1561],"class_list":{"0":"post-15421","1":"product","2":"type-product","3":"status-publish","4":"has-post-thumbnail","6":"product_cat-refrigeracion-comercial","7":"product_cat-camaras-de-refrigeracion","8":"product_cat-congeladores","9":"product_tag-camara-conservadora-de-pescado","10":"pa_marcas-infrico","12":"first","13":"onbackorder","14":"shipping-taxable","15":"purchasable","16":"product-type-simple"},"yoast_head":"<!-- This site is optimized with the Yoast SEO Premium plugin v27.1 (Yoast SEO v27.1.1) - https:\/\/yoast.com\/product\/yoast-seo-premium-wordpress\/ -->\n<title>CAMARA CONSERVADORA DE PESCADO - AGB701PESC - FRIONOX<\/title>\n<meta name=\"description\" content=\"Capacidad: 610 Litros. Dise\u00f1ado para la conservaci\u00f3n de pescados. Exterior fabricado de acero inoxidable AISI 304. Respaldo en plancha de acero galvanizado. Interior fabricado de acero inoxidable AISI 304. Iluminaci\u00f3n interior LED. 07 contenedores de polipropileno por puerta de 400x600 mm. Gu\u00edas f\u00e1cilmente desmontables para la limpieza. Aislamiento t\u00e9rmico con poliuretano inyectado de alta densidad. 01 Puerta con tirador integrado y bisagra pivotante con bloqueo de apertura. Contrapuerta embutida con burlete triple c\u00e1mara f\u00e1cilmente sustituible. Posibilidad de cambiar el sentido de apertura de la puerta. Claro de puerta de 580 x 1495 mm. Termostato digital para el control de la temperatura y el desescarche. Sistema de refrigeraci\u00f3n compacto monoblock INFRIBLOCK. Temperatura de trabajo: -2\u00baC a +2\u00baC. Sistema de condensaci\u00f3n ventilada. Potencia de compresor: 1\/3HP. Sistema de evaporaci\u00f3n por tiro forzado. Evaporadores tratados con epoxi de poli\u00e9ster anticorrosi\u00f3n. Bandeja evaporativa. Tipo de refrigerante:134a. Potencia el\u00e9ctrica: 0.59KW. Voltaje:220V \/ 60Hz \/ 1AC. Con patas regulables. NOTA: Opcional contenedores de acero inoxidable Opcional juego de gu\u00edas adicionales. Opcional garruchas.&quot;\" \/>\n<meta name=\"robots\" content=\"index, follow, max-snippet:-1, max-image-preview:large, max-video-preview:-1\" \/>\n<link rel=\"canonical\" href=\"https:\/\/frionox.com\/catalogo\/producto\/camara-conservadora-de-pescado-agb701pesc\/\" \/>\n<meta property=\"og:locale\" content=\"es_ES\" \/>\n<meta property=\"og:type\" content=\"article\" \/>\n<meta property=\"og:title\" content=\"CAMARA CONSERVADORA DE PESCADO - AGB701PESC\" \/>\n<meta property=\"og:description\" content=\"Capacidad: 610 Litros. Dise\u00f1ado para la conservaci\u00f3n de pescados. Exterior fabricado de acero inoxidable AISI 304. Respaldo en plancha de acero galvanizado. Interior fabricado de acero inoxidable AISI 304. Iluminaci\u00f3n interior LED. 07 contenedores de polipropileno por puerta de 400x600 mm. Gu\u00edas f\u00e1cilmente desmontables para la limpieza. Aislamiento t\u00e9rmico con poliuretano inyectado de alta densidad. 01 Puerta con tirador integrado y bisagra pivotante con bloqueo de apertura. Contrapuerta embutida con burlete triple c\u00e1mara f\u00e1cilmente sustituible. Posibilidad de cambiar el sentido de apertura de la puerta. Claro de puerta de 580 x 1495 mm. Termostato digital para el control de la temperatura y el desescarche. Sistema de refrigeraci\u00f3n compacto monoblock INFRIBLOCK. Temperatura de trabajo: -2\u00baC a +2\u00baC. Sistema de condensaci\u00f3n ventilada. Potencia de compresor: 1\/3HP. Sistema de evaporaci\u00f3n por tiro forzado. Evaporadores tratados con epoxi de poli\u00e9ster anticorrosi\u00f3n. Bandeja evaporativa. Tipo de refrigerante:134a. Potencia el\u00e9ctrica: 0.59KW. Voltaje:220V \/ 60Hz \/ 1AC. Con patas regulables. NOTA: Opcional contenedores de acero inoxidable Opcional juego de gu\u00edas adicionales. Opcional garruchas.&quot;\" \/>\n<meta property=\"og:url\" content=\"https:\/\/frionox.com\/catalogo\/producto\/camara-conservadora-de-pescado-agb701pesc\/\" \/>\n<meta property=\"og:site_name\" content=\"FRIONOX\" \/>\n<meta property=\"article:publisher\" content=\"https:\/\/facebook.com\/frionox.pe\" \/>\n<meta property=\"article:modified_time\" content=\"2026-03-03T14:45:52+00:00\" \/>\n<meta property=\"og:image\" content=\"https:\/\/frionox.com\/catalogo\/wp-content\/uploads\/2020\/04\/AGB701PESC.jpg\" \/>\n\t<meta property=\"og:image:width\" content=\"800\" \/>\n\t<meta property=\"og:image:height\" content=\"800\" \/>\n\t<meta property=\"og:image:type\" content=\"image\/jpeg\" \/>\n<meta name=\"twitter:card\" content=\"summary_large_image\" \/>\n<meta name=\"twitter:site\" content=\"@frionoxsac\" \/>\n<meta name=\"twitter:label1\" content=\"Precio\" \/>\n\t<meta name=\"twitter:data1\" content=\"S\/4,336.50\" \/>\n\t<meta name=\"twitter:label2\" content=\"Disponibilidad\" \/>\n\t<meta name=\"twitter:data2\" content=\"Disponible para reservar\" \/>\n<script type=\"application\/ld+json\" class=\"yoast-schema-graph\">{\"@context\":\"https:\/\/schema.org\",\"@graph\":[{\"@type\":\"WebPage\",\"@id\":\"https:\/\/frionox.com\/catalogo\/producto\/camara-conservadora-de-pescado-agb701pesc\/\",\"url\":\"https:\/\/frionox.com\/catalogo\/producto\/camara-conservadora-de-pescado-agb701pesc\/\",\"name\":\"CAMARA CONSERVADORA DE PESCADO - AGB701PESC - FRIONOX\",\"isPartOf\":{\"@id\":\"https:\/\/frionox.com\/catalogo\/#website\"},\"primaryImageOfPage\":{\"@id\":\"https:\/\/frionox.com\/catalogo\/producto\/camara-conservadora-de-pescado-agb701pesc\/#primaryimage\"},\"image\":{\"@id\":\"https:\/\/frionox.com\/catalogo\/producto\/camara-conservadora-de-pescado-agb701pesc\/#primaryimage\"},\"thumbnailUrl\":\"https:\/\/frionox.com\/catalogo\/wp-content\/uploads\/2020\/04\/AGB701PESC.jpg\",\"datePublished\":\"2020-08-09T19:01:59+00:00\",\"dateModified\":\"2026-03-03T14:45:52+00:00\",\"description\":\"Capacidad: 610 Litros. Dise\u00f1ado para la conservaci\u00f3n de pescados. Exterior fabricado de acero inoxidable AISI 304. Respaldo en plancha de acero galvanizado. Interior fabricado de acero inoxidable AISI 304. Iluminaci\u00f3n interior LED. 07 contenedores de polipropileno por puerta de 400x600 mm. Gu\u00edas f\u00e1cilmente desmontables para la limpieza. Aislamiento t\u00e9rmico con poliuretano inyectado de alta densidad. 01 Puerta con tirador integrado y bisagra pivotante con bloqueo de apertura. Contrapuerta embutida con burlete triple c\u00e1mara f\u00e1cilmente sustituible. Posibilidad de cambiar el sentido de apertura de la puerta. Claro de puerta de 580 x 1495 mm. Termostato digital para el control de la temperatura y el desescarche. Sistema de refrigeraci\u00f3n compacto monoblock INFRIBLOCK. Temperatura de trabajo: -2\u00baC a +2\u00baC. Sistema de condensaci\u00f3n ventilada. Potencia de compresor: 1\/3HP. Sistema de evaporaci\u00f3n por tiro forzado. Evaporadores tratados con epoxi de poli\u00e9ster anticorrosi\u00f3n. Bandeja evaporativa. Tipo de refrigerante:134a. Potencia el\u00e9ctrica: 0.59KW. Voltaje:220V \/ 60Hz \/ 1AC. Con patas regulables. NOTA: Opcional contenedores de acero inoxidable Opcional juego de gu\u00edas adicionales. Opcional garruchas.\\\"\",\"breadcrumb\":{\"@id\":\"https:\/\/frionox.com\/catalogo\/producto\/camara-conservadora-de-pescado-agb701pesc\/#breadcrumb\"},\"inLanguage\":\"es\",\"potentialAction\":[{\"@type\":\"ReadAction\",\"target\":[\"https:\/\/frionox.com\/catalogo\/producto\/camara-conservadora-de-pescado-agb701pesc\/\"]}]},{\"@type\":\"ImageObject\",\"inLanguage\":\"es\",\"@id\":\"https:\/\/frionox.com\/catalogo\/producto\/camara-conservadora-de-pescado-agb701pesc\/#primaryimage\",\"url\":\"https:\/\/frionox.com\/catalogo\/wp-content\/uploads\/2020\/04\/AGB701PESC.jpg\",\"contentUrl\":\"https:\/\/frionox.com\/catalogo\/wp-content\/uploads\/2020\/04\/AGB701PESC.jpg\",\"width\":800,\"height\":800},{\"@type\":\"BreadcrumbList\",\"@id\":\"https:\/\/frionox.com\/catalogo\/producto\/camara-conservadora-de-pescado-agb701pesc\/#breadcrumb\",\"itemListElement\":[{\"@type\":\"ListItem\",\"position\":1,\"name\":\"Portada\",\"item\":\"https:\/\/frionox.com\/catalogo\/\"},{\"@type\":\"ListItem\",\"position\":2,\"name\":\"Hornos Industriales, Licuadoras Industriales, Cocinas y m\u00e1s\",\"item\":\"https:\/\/frionox.com\/catalogo\/tienda\/\"},{\"@type\":\"ListItem\",\"position\":3,\"name\":\"CAMARA CONSERVADORA DE PESCADO &#8211; AGB701PESC\"}]},{\"@type\":\"WebSite\",\"@id\":\"https:\/\/frionox.com\/catalogo\/#website\",\"url\":\"https:\/\/frionox.com\/catalogo\/\",\"name\":\"FRIONOX\",\"description\":\"Equipamiento de cocinas\",\"publisher\":{\"@id\":\"https:\/\/frionox.com\/catalogo\/#organization\"},\"potentialAction\":[{\"@type\":\"SearchAction\",\"target\":{\"@type\":\"EntryPoint\",\"urlTemplate\":\"https:\/\/frionox.com\/catalogo\/?s={search_term_string}\"},\"query-input\":{\"@type\":\"PropertyValueSpecification\",\"valueRequired\":true,\"valueName\":\"search_term_string\"}}],\"inLanguage\":\"es\"},{\"@type\":[\"Organization\",\"Place\",\"LocalBusiness\"],\"@id\":\"https:\/\/frionox.com\/catalogo\/#organization\",\"name\":\"Frionox Equipamiento de cocinas\",\"url\":\"https:\/\/frionox.com\/catalogo\/\",\"logo\":{\"@id\":\"https:\/\/frionox.com\/catalogo\/producto\/camara-conservadora-de-pescado-agb701pesc\/#local-main-organization-logo\"},\"image\":{\"@id\":\"https:\/\/frionox.com\/catalogo\/producto\/camara-conservadora-de-pescado-agb701pesc\/#local-main-organization-logo\"},\"sameAs\":[\"https:\/\/facebook.com\/frionox.pe\",\"https:\/\/x.com\/frionoxsac\",\"https:\/\/youtube.com\/@FRIONOXEQUIPAMIENTODECOCINA\"],\"address\":{\"@id\":\"https:\/\/frionox.com\/catalogo\/producto\/camara-conservadora-de-pescado-agb701pesc\/#local-main-place-address\"},\"geo\":{\"@type\":\"GeoCoordinates\",\"latitude\":\"-11.980133\",\"longitude\":\"-77.06118200000003\"},\"telephone\":[\"+5115221181\"],\"openingHoursSpecification\":[{\"@type\":\"OpeningHoursSpecification\",\"dayOfWeek\":[\"Monday\",\"Tuesday\",\"Wednesday\",\"Thursday\",\"Friday\",\"Saturday\"],\"opens\":\"08:00\",\"closes\":\"18:00\"},{\"@type\":\"OpeningHoursSpecification\",\"dayOfWeek\":[\"Sunday\"],\"opens\":\"00:00\",\"closes\":\"00:00\"}],\"email\":\"cotizaciones@frionox.com\"},{\"@type\":\"PostalAddress\",\"@id\":\"https:\/\/frionox.com\/catalogo\/producto\/camara-conservadora-de-pescado-agb701pesc\/#local-main-place-address\",\"streetAddress\":\"Av. Oscar R. Benavides 1624\",\"addressLocality\":\"Cercado de Lima\",\"postalCode\":\"15082\",\"addressRegion\":\"Lima\",\"addressCountry\":\"PE\"},{\"@type\":\"ImageObject\",\"inLanguage\":\"es\",\"@id\":\"https:\/\/frionox.com\/catalogo\/producto\/camara-conservadora-de-pescado-agb701pesc\/#local-main-organization-logo\",\"url\":\"https:\/\/frionox.com\/catalogo\/wp-content\/uploads\/2020\/04\/LOGO-MOBILE.png\",\"contentUrl\":\"https:\/\/frionox.com\/catalogo\/wp-content\/uploads\/2020\/04\/LOGO-MOBILE.png\",\"width\":203,\"height\":61,\"caption\":\"Frionox Equipamiento de cocinas\"}]}<\/script>\n<meta property=\"product:price:amount\" content=\"4336.50\" \/>\n<meta property=\"product:price:currency\" content=\"PEN\" \/>\n<meta property=\"og:availability\" content=\"backorder\" \/>\n<meta property=\"product:availability\" content=\"available for order\" \/>\n<meta property=\"product:retailer_item_id\" content=\"AGB701PESC\" \/>\n<meta property=\"product:condition\" content=\"new\" \/>\n<meta name=\"geo.placename\" content=\"Cercado de Lima\" \/>\n<meta name=\"geo.position\" content=\"-11.980133;-77.06118200000003\" \/>\n<meta name=\"geo.region\" content=\"Per\u00fa\" \/>\n<!-- \/ Yoast SEO Premium plugin. -->","yoast_head_json":{"title":"CAMARA CONSERVADORA DE PESCADO - AGB701PESC - FRIONOX","description":"Capacidad: 610 Litros. Dise\u00f1ado para la conservaci\u00f3n de pescados. Exterior fabricado de acero inoxidable AISI 304. Respaldo en plancha de acero galvanizado. Interior fabricado de acero inoxidable AISI 304. Iluminaci\u00f3n interior LED. 07 contenedores de polipropileno por puerta de 400x600 mm. Gu\u00edas f\u00e1cilmente desmontables para la limpieza. Aislamiento t\u00e9rmico con poliuretano inyectado de alta densidad. 01 Puerta con tirador integrado y bisagra pivotante con bloqueo de apertura. Contrapuerta embutida con burlete triple c\u00e1mara f\u00e1cilmente sustituible. Posibilidad de cambiar el sentido de apertura de la puerta. Claro de puerta de 580 x 1495 mm. Termostato digital para el control de la temperatura y el desescarche. Sistema de refrigeraci\u00f3n compacto monoblock INFRIBLOCK. Temperatura de trabajo: -2\u00baC a +2\u00baC. Sistema de condensaci\u00f3n ventilada. Potencia de compresor: 1\/3HP. Sistema de evaporaci\u00f3n por tiro forzado. Evaporadores tratados con epoxi de poli\u00e9ster anticorrosi\u00f3n. Bandeja evaporativa. Tipo de refrigerante:134a. Potencia el\u00e9ctrica: 0.59KW. Voltaje:220V \/ 60Hz \/ 1AC. Con patas regulables. NOTA: Opcional contenedores de acero inoxidable Opcional juego de gu\u00edas adicionales. Opcional garruchas.\"","robots":{"index":"index","follow":"follow","max-snippet":"max-snippet:-1","max-image-preview":"max-image-preview:large","max-video-preview":"max-video-preview:-1"},"canonical":"https:\/\/frionox.com\/catalogo\/producto\/camara-conservadora-de-pescado-agb701pesc\/","og_locale":"es_ES","og_type":"article","og_title":"CAMARA CONSERVADORA DE PESCADO - AGB701PESC","og_description":"Capacidad: 610 Litros. Dise\u00f1ado para la conservaci\u00f3n de pescados. Exterior fabricado de acero inoxidable AISI 304. Respaldo en plancha de acero galvanizado. Interior fabricado de acero inoxidable AISI 304. Iluminaci\u00f3n interior LED. 07 contenedores de polipropileno por puerta de 400x600 mm. Gu\u00edas f\u00e1cilmente desmontables para la limpieza. Aislamiento t\u00e9rmico con poliuretano inyectado de alta densidad. 01 Puerta con tirador integrado y bisagra pivotante con bloqueo de apertura. Contrapuerta embutida con burlete triple c\u00e1mara f\u00e1cilmente sustituible. Posibilidad de cambiar el sentido de apertura de la puerta. Claro de puerta de 580 x 1495 mm. Termostato digital para el control de la temperatura y el desescarche. Sistema de refrigeraci\u00f3n compacto monoblock INFRIBLOCK. Temperatura de trabajo: -2\u00baC a +2\u00baC. Sistema de condensaci\u00f3n ventilada. Potencia de compresor: 1\/3HP. Sistema de evaporaci\u00f3n por tiro forzado. Evaporadores tratados con epoxi de poli\u00e9ster anticorrosi\u00f3n. Bandeja evaporativa. Tipo de refrigerante:134a. Potencia el\u00e9ctrica: 0.59KW. Voltaje:220V \/ 60Hz \/ 1AC. Con patas regulables. NOTA: Opcional contenedores de acero inoxidable Opcional juego de gu\u00edas adicionales. Opcional garruchas.\"","og_url":"https:\/\/frionox.com\/catalogo\/producto\/camara-conservadora-de-pescado-agb701pesc\/","og_site_name":"FRIONOX","article_publisher":"https:\/\/facebook.com\/frionox.pe","article_modified_time":"2026-03-03T14:45:52+00:00","og_image":[{"width":800,"height":800,"url":"https:\/\/frionox.com\/catalogo\/wp-content\/uploads\/2020\/04\/AGB701PESC.jpg","type":"image\/jpeg"}],"twitter_card":"summary_large_image","twitter_site":"@frionoxsac","twitter_misc":{"Precio":"S\/4,336.50","Disponibilidad":"Disponible para reservar"},"schema":{"@context":"https:\/\/schema.org","@graph":[{"@type":"WebPage","@id":"https:\/\/frionox.com\/catalogo\/producto\/camara-conservadora-de-pescado-agb701pesc\/","url":"https:\/\/frionox.com\/catalogo\/producto\/camara-conservadora-de-pescado-agb701pesc\/","name":"CAMARA CONSERVADORA DE PESCADO - AGB701PESC - FRIONOX","isPartOf":{"@id":"https:\/\/frionox.com\/catalogo\/#website"},"primaryImageOfPage":{"@id":"https:\/\/frionox.com\/catalogo\/producto\/camara-conservadora-de-pescado-agb701pesc\/#primaryimage"},"image":{"@id":"https:\/\/frionox.com\/catalogo\/producto\/camara-conservadora-de-pescado-agb701pesc\/#primaryimage"},"thumbnailUrl":"https:\/\/frionox.com\/catalogo\/wp-content\/uploads\/2020\/04\/AGB701PESC.jpg","datePublished":"2020-08-09T19:01:59+00:00","dateModified":"2026-03-03T14:45:52+00:00","description":"Capacidad: 610 Litros. Dise\u00f1ado para la conservaci\u00f3n de pescados. Exterior fabricado de acero inoxidable AISI 304. Respaldo en plancha de acero galvanizado. Interior fabricado de acero inoxidable AISI 304. Iluminaci\u00f3n interior LED. 07 contenedores de polipropileno por puerta de 400x600 mm. Gu\u00edas f\u00e1cilmente desmontables para la limpieza. Aislamiento t\u00e9rmico con poliuretano inyectado de alta densidad. 01 Puerta con tirador integrado y bisagra pivotante con bloqueo de apertura. Contrapuerta embutida con burlete triple c\u00e1mara f\u00e1cilmente sustituible. Posibilidad de cambiar el sentido de apertura de la puerta. Claro de puerta de 580 x 1495 mm. Termostato digital para el control de la temperatura y el desescarche. Sistema de refrigeraci\u00f3n compacto monoblock INFRIBLOCK. Temperatura de trabajo: -2\u00baC a +2\u00baC. Sistema de condensaci\u00f3n ventilada. Potencia de compresor: 1\/3HP. Sistema de evaporaci\u00f3n por tiro forzado. Evaporadores tratados con epoxi de poli\u00e9ster anticorrosi\u00f3n. Bandeja evaporativa. Tipo de refrigerante:134a. Potencia el\u00e9ctrica: 0.59KW. Voltaje:220V \/ 60Hz \/ 1AC. Con patas regulables. NOTA: Opcional contenedores de acero inoxidable Opcional juego de gu\u00edas adicionales. Opcional garruchas.\"","breadcrumb":{"@id":"https:\/\/frionox.com\/catalogo\/producto\/camara-conservadora-de-pescado-agb701pesc\/#breadcrumb"},"inLanguage":"es","potentialAction":[{"@type":"ReadAction","target":["https:\/\/frionox.com\/catalogo\/producto\/camara-conservadora-de-pescado-agb701pesc\/"]}]},{"@type":"ImageObject","inLanguage":"es","@id":"https:\/\/frionox.com\/catalogo\/producto\/camara-conservadora-de-pescado-agb701pesc\/#primaryimage","url":"https:\/\/frionox.com\/catalogo\/wp-content\/uploads\/2020\/04\/AGB701PESC.jpg","contentUrl":"https:\/\/frionox.com\/catalogo\/wp-content\/uploads\/2020\/04\/AGB701PESC.jpg","width":800,"height":800},{"@type":"BreadcrumbList","@id":"https:\/\/frionox.com\/catalogo\/producto\/camara-conservadora-de-pescado-agb701pesc\/#breadcrumb","itemListElement":[{"@type":"ListItem","position":1,"name":"Portada","item":"https:\/\/frionox.com\/catalogo\/"},{"@type":"ListItem","position":2,"name":"Hornos Industriales, Licuadoras Industriales, Cocinas y m\u00e1s","item":"https:\/\/frionox.com\/catalogo\/tienda\/"},{"@type":"ListItem","position":3,"name":"CAMARA CONSERVADORA DE PESCADO &#8211; AGB701PESC"}]},{"@type":"WebSite","@id":"https:\/\/frionox.com\/catalogo\/#website","url":"https:\/\/frionox.com\/catalogo\/","name":"FRIONOX","description":"Equipamiento de cocinas","publisher":{"@id":"https:\/\/frionox.com\/catalogo\/#organization"},"potentialAction":[{"@type":"SearchAction","target":{"@type":"EntryPoint","urlTemplate":"https:\/\/frionox.com\/catalogo\/?s={search_term_string}"},"query-input":{"@type":"PropertyValueSpecification","valueRequired":true,"valueName":"search_term_string"}}],"inLanguage":"es"},{"@type":["Organization","Place","LocalBusiness"],"@id":"https:\/\/frionox.com\/catalogo\/#organization","name":"Frionox Equipamiento de cocinas","url":"https:\/\/frionox.com\/catalogo\/","logo":{"@id":"https:\/\/frionox.com\/catalogo\/producto\/camara-conservadora-de-pescado-agb701pesc\/#local-main-organization-logo"},"image":{"@id":"https:\/\/frionox.com\/catalogo\/producto\/camara-conservadora-de-pescado-agb701pesc\/#local-main-organization-logo"},"sameAs":["https:\/\/facebook.com\/frionox.pe","https:\/\/x.com\/frionoxsac","https:\/\/youtube.com\/@FRIONOXEQUIPAMIENTODECOCINA"],"address":{"@id":"https:\/\/frionox.com\/catalogo\/producto\/camara-conservadora-de-pescado-agb701pesc\/#local-main-place-address"},"geo":{"@type":"GeoCoordinates","latitude":"-11.980133","longitude":"-77.06118200000003"},"telephone":["+5115221181"],"openingHoursSpecification":[{"@type":"OpeningHoursSpecification","dayOfWeek":["Monday","Tuesday","Wednesday","Thursday","Friday","Saturday"],"opens":"08:00","closes":"18:00"},{"@type":"OpeningHoursSpecification","dayOfWeek":["Sunday"],"opens":"00:00","closes":"00:00"}],"email":"cotizaciones@frionox.com"},{"@type":"PostalAddress","@id":"https:\/\/frionox.com\/catalogo\/producto\/camara-conservadora-de-pescado-agb701pesc\/#local-main-place-address","streetAddress":"Av. Oscar R. Benavides 1624","addressLocality":"Cercado de Lima","postalCode":"15082","addressRegion":"Lima","addressCountry":"PE"},{"@type":"ImageObject","inLanguage":"es","@id":"https:\/\/frionox.com\/catalogo\/producto\/camara-conservadora-de-pescado-agb701pesc\/#local-main-organization-logo","url":"https:\/\/frionox.com\/catalogo\/wp-content\/uploads\/2020\/04\/LOGO-MOBILE.png","contentUrl":"https:\/\/frionox.com\/catalogo\/wp-content\/uploads\/2020\/04\/LOGO-MOBILE.png","width":203,"height":61,"caption":"Frionox Equipamiento de cocinas"}]},"product_price_amount":"4336.50","product_price_currency":"PEN","og_availability":"backorder","product_availability":"available for order","product_retailer_item_id":"AGB701PESC","product_condition":"new","geo.placename":"Cercado de Lima","geo.position":{"lat":"-11.980133","long":"-77.06118200000003"},"geo.region":"Per\u00fa"},"_links":{"self":[{"href":"https:\/\/frionox.com\/catalogo\/wp-json\/wp\/v2\/product\/15421","targetHints":{"allow":["GET"]}}],"collection":[{"href":"https:\/\/frionox.com\/catalogo\/wp-json\/wp\/v2\/product"}],"about":[{"href":"https:\/\/frionox.com\/catalogo\/wp-json\/wp\/v2\/types\/product"}],"replies":[{"embeddable":true,"href":"https:\/\/frionox.com\/catalogo\/wp-json\/wp\/v2\/comments?post=15421"}],"wp:featuredmedia":[{"embeddable":true,"href":"https:\/\/frionox.com\/catalogo\/wp-json\/wp\/v2\/media\/10739"}],"wp:attachment":[{"href":"https:\/\/frionox.com\/catalogo\/wp-json\/wp\/v2\/media?parent=15421"}],"wp:term":[{"taxonomy":"product_brand","embeddable":true,"href":"https:\/\/frionox.com\/catalogo\/wp-json\/wp\/v2\/product_brand?post=15421"},{"taxonomy":"product_cat","embeddable":true,"href":"https:\/\/frionox.com\/catalogo\/wp-json\/wp\/v2\/product_cat?post=15421"},{"taxonomy":"product_tag","embeddable":true,"href":"https:\/\/frionox.com\/catalogo\/wp-json\/wp\/v2\/product_tag?post=15421"}],"curies":[{"name":"wp","href":"https:\/\/api.w.org\/{rel}","templated":true}]}}