{"id":15381,"date":"2020-08-09T14:01:41","date_gmt":"2020-08-09T19:01:41","guid":{"rendered":"https:\/\/frionox.com\/catalogo\/producto\/calentador-de-alimentos-infrarrojo-grah48-grah48\/"},"modified":"2024-10-30T14:31:48","modified_gmt":"2024-10-30T19:31:48","slug":"calentador-de-alimentos-infrarrojo-grah48-grah48","status":"publish","type":"product","link":"https:\/\/frionox.com\/catalogo\/producto\/calentador-de-alimentos-infrarrojo-grah48-grah48\/","title":{"rendered":"CALENTADOR DE ALIMENTOS INFRARROJO GRAH48 &#8211; GRAH48"},"content":{"rendered":"<p>Dise\u00f1ado para mantener alimentos calientes Mantiene los alimentos calientes sin continuar su cocci\u00f3n El insulado minimiza la perdida de calor Control tipo palanca de encendido y apagado Potencia el\u00e9ctrica:1100W Voltaje:220V \/ 60Hz \/ 1AC.<\/p>\n","protected":false},"excerpt":{"rendered":"<p>Dise\u00f1ado para mantener alimentos calientes Mantiene los alimentos calientes sin continuar su cocci\u00f3n El insulado minimiza la perdida de calor Control tipo palanca de encendido y apagado Potencia el\u00e9ctrica:1100W Voltaje:220V \/ 60Hz \/ 1AC.<\/p>\n","protected":false},"featured_media":12230,"comment_status":"open","ping_status":"closed","template":"","meta":[],"product_brand":[],"product_cat":[1356],"product_tag":[1520],"class_list":{"0":"post-15381","1":"product","2":"type-product","3":"status-publish","4":"has-post-thumbnail","6":"product_cat-calentadores","7":"product_tag-calentador-de-alimentos-infrarrojo-grah48","8":"pa_marcas-hatco","10":"first","11":"instock","12":"sale","13":"shipping-taxable","14":"purchasable","15":"product-type-simple"},"yoast_head":"<!-- This site is optimized with the Yoast SEO Premium plugin v27.1 (Yoast SEO v27.1.1) - https:\/\/yoast.com\/product\/yoast-seo-premium-wordpress\/ -->\n<title>CALENTADOR DE ALIMENTOS INFRARROJO GRAH48 - GRAH48 - FRIONOX<\/title>\n<meta name=\"description\" content=\"Dise\u00f1ado para mantener alimentos calientes Mantiene los alimentos calientes sin continuar su cocci\u00f3n El insulado minimiza la perdida de calor Control tipo palanca de encendido y apagado Potencia el\u00e9ctrica:1100W Voltaje:220V \/ 60Hz \/ 1AC.\" \/>\n<meta name=\"robots\" content=\"index, follow, max-snippet:-1, max-image-preview:large, max-video-preview:-1\" \/>\n<link rel=\"canonical\" href=\"https:\/\/frionox.com\/catalogo\/producto\/calentador-de-alimentos-infrarrojo-grah48-grah48\/\" \/>\n<meta property=\"og:locale\" content=\"es_ES\" \/>\n<meta property=\"og:type\" content=\"article\" \/>\n<meta property=\"og:title\" content=\"CALENTADOR DE ALIMENTOS INFRARROJO GRAH48 - GRAH48\" \/>\n<meta property=\"og:description\" content=\"Dise\u00f1ado para mantener alimentos calientes Mantiene los alimentos calientes sin continuar su cocci\u00f3n El insulado minimiza la perdida de calor Control tipo palanca de encendido y apagado Potencia el\u00e9ctrica:1100W Voltaje:220V \/ 60Hz \/ 1AC.\" \/>\n<meta property=\"og:url\" content=\"https:\/\/frionox.com\/catalogo\/producto\/calentador-de-alimentos-infrarrojo-grah48-grah48\/\" \/>\n<meta property=\"og:site_name\" content=\"FRIONOX\" \/>\n<meta property=\"article:publisher\" content=\"https:\/\/facebook.com\/frionox.pe\" \/>\n<meta property=\"article:modified_time\" content=\"2024-10-30T19:31:48+00:00\" \/>\n<meta property=\"og:image\" content=\"https:\/\/frionox.com\/catalogo\/wp-content\/uploads\/2020\/04\/GRAH60.jpg\" \/>\n\t<meta property=\"og:image:width\" content=\"600\" \/>\n\t<meta property=\"og:image:height\" content=\"600\" \/>\n\t<meta property=\"og:image:type\" content=\"image\/jpeg\" \/>\n<meta name=\"twitter:card\" content=\"summary_large_image\" \/>\n<meta name=\"twitter:site\" content=\"@frionoxsac\" \/>\n<meta name=\"twitter:label1\" content=\"Precio\" \/>\n\t<meta name=\"twitter:data1\" content=\"S\/357.07\" \/>\n\t<meta name=\"twitter:label2\" content=\"Disponibilidad\" \/>\n\t<meta name=\"twitter:data2\" content=\"Disponible\" \/>\n<script type=\"application\/ld+json\" class=\"yoast-schema-graph\">{\"@context\":\"https:\/\/schema.org\",\"@graph\":[{\"@type\":\"WebPage\",\"@id\":\"https:\/\/frionox.com\/catalogo\/producto\/calentador-de-alimentos-infrarrojo-grah48-grah48\/\",\"url\":\"https:\/\/frionox.com\/catalogo\/producto\/calentador-de-alimentos-infrarrojo-grah48-grah48\/\",\"name\":\"CALENTADOR DE ALIMENTOS INFRARROJO GRAH48 - GRAH48 - FRIONOX\",\"isPartOf\":{\"@id\":\"https:\/\/frionox.com\/catalogo\/#website\"},\"primaryImageOfPage\":{\"@id\":\"https:\/\/frionox.com\/catalogo\/producto\/calentador-de-alimentos-infrarrojo-grah48-grah48\/#primaryimage\"},\"image\":{\"@id\":\"https:\/\/frionox.com\/catalogo\/producto\/calentador-de-alimentos-infrarrojo-grah48-grah48\/#primaryimage\"},\"thumbnailUrl\":\"https:\/\/frionox.com\/catalogo\/wp-content\/uploads\/2020\/04\/GRAH60.jpg\",\"datePublished\":\"2020-08-09T19:01:41+00:00\",\"dateModified\":\"2024-10-30T19:31:48+00:00\",\"description\":\"Dise\u00f1ado para mantener alimentos calientes Mantiene los alimentos calientes sin continuar su cocci\u00f3n El insulado minimiza la perdida de calor Control tipo palanca de encendido y apagado Potencia el\u00e9ctrica:1100W Voltaje:220V \/ 60Hz \/ 1AC.\",\"breadcrumb\":{\"@id\":\"https:\/\/frionox.com\/catalogo\/producto\/calentador-de-alimentos-infrarrojo-grah48-grah48\/#breadcrumb\"},\"inLanguage\":\"es\",\"potentialAction\":[{\"@type\":\"ReadAction\",\"target\":[\"https:\/\/frionox.com\/catalogo\/producto\/calentador-de-alimentos-infrarrojo-grah48-grah48\/\"]}]},{\"@type\":\"ImageObject\",\"inLanguage\":\"es\",\"@id\":\"https:\/\/frionox.com\/catalogo\/producto\/calentador-de-alimentos-infrarrojo-grah48-grah48\/#primaryimage\",\"url\":\"https:\/\/frionox.com\/catalogo\/wp-content\/uploads\/2020\/04\/GRAH60.jpg\",\"contentUrl\":\"https:\/\/frionox.com\/catalogo\/wp-content\/uploads\/2020\/04\/GRAH60.jpg\",\"width\":600,\"height\":600},{\"@type\":\"BreadcrumbList\",\"@id\":\"https:\/\/frionox.com\/catalogo\/producto\/calentador-de-alimentos-infrarrojo-grah48-grah48\/#breadcrumb\",\"itemListElement\":[{\"@type\":\"ListItem\",\"position\":1,\"name\":\"Portada\",\"item\":\"https:\/\/frionox.com\/catalogo\/\"},{\"@type\":\"ListItem\",\"position\":2,\"name\":\"Hornos Industriales, Licuadoras Industriales, Cocinas y m\u00e1s\",\"item\":\"https:\/\/frionox.com\/catalogo\/tienda\/\"},{\"@type\":\"ListItem\",\"position\":3,\"name\":\"CALENTADOR DE ALIMENTOS INFRARROJO GRAH48 &#8211; GRAH48\"}]},{\"@type\":\"WebSite\",\"@id\":\"https:\/\/frionox.com\/catalogo\/#website\",\"url\":\"https:\/\/frionox.com\/catalogo\/\",\"name\":\"FRIONOX\",\"description\":\"Equipamiento de cocinas\",\"publisher\":{\"@id\":\"https:\/\/frionox.com\/catalogo\/#organization\"},\"potentialAction\":[{\"@type\":\"SearchAction\",\"target\":{\"@type\":\"EntryPoint\",\"urlTemplate\":\"https:\/\/frionox.com\/catalogo\/?s={search_term_string}\"},\"query-input\":{\"@type\":\"PropertyValueSpecification\",\"valueRequired\":true,\"valueName\":\"search_term_string\"}}],\"inLanguage\":\"es\"},{\"@type\":[\"Organization\",\"Place\",\"LocalBusiness\"],\"@id\":\"https:\/\/frionox.com\/catalogo\/#organization\",\"name\":\"Frionox Equipamiento de cocinas\",\"url\":\"https:\/\/frionox.com\/catalogo\/\",\"logo\":{\"@id\":\"https:\/\/frionox.com\/catalogo\/producto\/calentador-de-alimentos-infrarrojo-grah48-grah48\/#local-main-organization-logo\"},\"image\":{\"@id\":\"https:\/\/frionox.com\/catalogo\/producto\/calentador-de-alimentos-infrarrojo-grah48-grah48\/#local-main-organization-logo\"},\"sameAs\":[\"https:\/\/facebook.com\/frionox.pe\",\"https:\/\/x.com\/frionoxsac\",\"https:\/\/youtube.com\/@FRIONOXEQUIPAMIENTODECOCINA\"],\"address\":{\"@id\":\"https:\/\/frionox.com\/catalogo\/producto\/calentador-de-alimentos-infrarrojo-grah48-grah48\/#local-main-place-address\"},\"geo\":{\"@type\":\"GeoCoordinates\",\"latitude\":\"-11.980133\",\"longitude\":\"-77.06118200000003\"},\"telephone\":[\"+5115221181\"],\"openingHoursSpecification\":[{\"@type\":\"OpeningHoursSpecification\",\"dayOfWeek\":[\"Monday\",\"Tuesday\",\"Wednesday\",\"Thursday\",\"Friday\",\"Saturday\"],\"opens\":\"08:00\",\"closes\":\"18:00\"},{\"@type\":\"OpeningHoursSpecification\",\"dayOfWeek\":[\"Sunday\"],\"opens\":\"00:00\",\"closes\":\"00:00\"}],\"email\":\"cotizaciones@frionox.com\"},{\"@type\":\"PostalAddress\",\"@id\":\"https:\/\/frionox.com\/catalogo\/producto\/calentador-de-alimentos-infrarrojo-grah48-grah48\/#local-main-place-address\",\"streetAddress\":\"Av. Oscar R. Benavides 1624\",\"addressLocality\":\"Cercado de Lima\",\"postalCode\":\"15082\",\"addressRegion\":\"Lima\",\"addressCountry\":\"PE\"},{\"@type\":\"ImageObject\",\"inLanguage\":\"es\",\"@id\":\"https:\/\/frionox.com\/catalogo\/producto\/calentador-de-alimentos-infrarrojo-grah48-grah48\/#local-main-organization-logo\",\"url\":\"https:\/\/frionox.com\/catalogo\/wp-content\/uploads\/2020\/04\/LOGO-MOBILE.png\",\"contentUrl\":\"https:\/\/frionox.com\/catalogo\/wp-content\/uploads\/2020\/04\/LOGO-MOBILE.png\",\"width\":203,\"height\":61,\"caption\":\"Frionox Equipamiento de cocinas\"}]}<\/script>\n<meta property=\"product:price:amount\" content=\"357.07\" \/>\n<meta property=\"product:price:currency\" content=\"PEN\" \/>\n<meta property=\"og:availability\" content=\"instock\" \/>\n<meta property=\"product:availability\" content=\"instock\" \/>\n<meta property=\"product:retailer_item_id\" content=\"GRAH48\" \/>\n<meta property=\"product:condition\" content=\"new\" \/>\n<meta name=\"geo.placename\" content=\"Cercado de Lima\" \/>\n<meta name=\"geo.position\" content=\"-11.980133;-77.06118200000003\" \/>\n<meta name=\"geo.region\" content=\"Per\u00fa\" \/>\n<!-- \/ Yoast SEO Premium plugin. -->","yoast_head_json":{"title":"CALENTADOR DE ALIMENTOS INFRARROJO GRAH48 - GRAH48 - FRIONOX","description":"Dise\u00f1ado para mantener alimentos calientes Mantiene los alimentos calientes sin continuar su cocci\u00f3n El insulado minimiza la perdida de calor Control tipo palanca de encendido y apagado Potencia el\u00e9ctrica:1100W Voltaje:220V \/ 60Hz \/ 1AC.","robots":{"index":"index","follow":"follow","max-snippet":"max-snippet:-1","max-image-preview":"max-image-preview:large","max-video-preview":"max-video-preview:-1"},"canonical":"https:\/\/frionox.com\/catalogo\/producto\/calentador-de-alimentos-infrarrojo-grah48-grah48\/","og_locale":"es_ES","og_type":"article","og_title":"CALENTADOR DE ALIMENTOS INFRARROJO GRAH48 - GRAH48","og_description":"Dise\u00f1ado para mantener alimentos calientes Mantiene los alimentos calientes sin continuar su cocci\u00f3n El insulado minimiza la perdida de calor Control tipo palanca de encendido y apagado Potencia el\u00e9ctrica:1100W Voltaje:220V \/ 60Hz \/ 1AC.","og_url":"https:\/\/frionox.com\/catalogo\/producto\/calentador-de-alimentos-infrarrojo-grah48-grah48\/","og_site_name":"FRIONOX","article_publisher":"https:\/\/facebook.com\/frionox.pe","article_modified_time":"2024-10-30T19:31:48+00:00","og_image":[{"width":600,"height":600,"url":"https:\/\/frionox.com\/catalogo\/wp-content\/uploads\/2020\/04\/GRAH60.jpg","type":"image\/jpeg"}],"twitter_card":"summary_large_image","twitter_site":"@frionoxsac","twitter_misc":{"Precio":"S\/357.07","Disponibilidad":"Disponible"},"schema":{"@context":"https:\/\/schema.org","@graph":[{"@type":"WebPage","@id":"https:\/\/frionox.com\/catalogo\/producto\/calentador-de-alimentos-infrarrojo-grah48-grah48\/","url":"https:\/\/frionox.com\/catalogo\/producto\/calentador-de-alimentos-infrarrojo-grah48-grah48\/","name":"CALENTADOR DE ALIMENTOS INFRARROJO GRAH48 - GRAH48 - FRIONOX","isPartOf":{"@id":"https:\/\/frionox.com\/catalogo\/#website"},"primaryImageOfPage":{"@id":"https:\/\/frionox.com\/catalogo\/producto\/calentador-de-alimentos-infrarrojo-grah48-grah48\/#primaryimage"},"image":{"@id":"https:\/\/frionox.com\/catalogo\/producto\/calentador-de-alimentos-infrarrojo-grah48-grah48\/#primaryimage"},"thumbnailUrl":"https:\/\/frionox.com\/catalogo\/wp-content\/uploads\/2020\/04\/GRAH60.jpg","datePublished":"2020-08-09T19:01:41+00:00","dateModified":"2024-10-30T19:31:48+00:00","description":"Dise\u00f1ado para mantener alimentos calientes Mantiene los alimentos calientes sin continuar su cocci\u00f3n El insulado minimiza la perdida de calor Control tipo palanca de encendido y apagado Potencia el\u00e9ctrica:1100W Voltaje:220V \/ 60Hz \/ 1AC.","breadcrumb":{"@id":"https:\/\/frionox.com\/catalogo\/producto\/calentador-de-alimentos-infrarrojo-grah48-grah48\/#breadcrumb"},"inLanguage":"es","potentialAction":[{"@type":"ReadAction","target":["https:\/\/frionox.com\/catalogo\/producto\/calentador-de-alimentos-infrarrojo-grah48-grah48\/"]}]},{"@type":"ImageObject","inLanguage":"es","@id":"https:\/\/frionox.com\/catalogo\/producto\/calentador-de-alimentos-infrarrojo-grah48-grah48\/#primaryimage","url":"https:\/\/frionox.com\/catalogo\/wp-content\/uploads\/2020\/04\/GRAH60.jpg","contentUrl":"https:\/\/frionox.com\/catalogo\/wp-content\/uploads\/2020\/04\/GRAH60.jpg","width":600,"height":600},{"@type":"BreadcrumbList","@id":"https:\/\/frionox.com\/catalogo\/producto\/calentador-de-alimentos-infrarrojo-grah48-grah48\/#breadcrumb","itemListElement":[{"@type":"ListItem","position":1,"name":"Portada","item":"https:\/\/frionox.com\/catalogo\/"},{"@type":"ListItem","position":2,"name":"Hornos Industriales, Licuadoras Industriales, Cocinas y m\u00e1s","item":"https:\/\/frionox.com\/catalogo\/tienda\/"},{"@type":"ListItem","position":3,"name":"CALENTADOR DE ALIMENTOS INFRARROJO GRAH48 &#8211; GRAH48"}]},{"@type":"WebSite","@id":"https:\/\/frionox.com\/catalogo\/#website","url":"https:\/\/frionox.com\/catalogo\/","name":"FRIONOX","description":"Equipamiento de cocinas","publisher":{"@id":"https:\/\/frionox.com\/catalogo\/#organization"},"potentialAction":[{"@type":"SearchAction","target":{"@type":"EntryPoint","urlTemplate":"https:\/\/frionox.com\/catalogo\/?s={search_term_string}"},"query-input":{"@type":"PropertyValueSpecification","valueRequired":true,"valueName":"search_term_string"}}],"inLanguage":"es"},{"@type":["Organization","Place","LocalBusiness"],"@id":"https:\/\/frionox.com\/catalogo\/#organization","name":"Frionox Equipamiento de cocinas","url":"https:\/\/frionox.com\/catalogo\/","logo":{"@id":"https:\/\/frionox.com\/catalogo\/producto\/calentador-de-alimentos-infrarrojo-grah48-grah48\/#local-main-organization-logo"},"image":{"@id":"https:\/\/frionox.com\/catalogo\/producto\/calentador-de-alimentos-infrarrojo-grah48-grah48\/#local-main-organization-logo"},"sameAs":["https:\/\/facebook.com\/frionox.pe","https:\/\/x.com\/frionoxsac","https:\/\/youtube.com\/@FRIONOXEQUIPAMIENTODECOCINA"],"address":{"@id":"https:\/\/frionox.com\/catalogo\/producto\/calentador-de-alimentos-infrarrojo-grah48-grah48\/#local-main-place-address"},"geo":{"@type":"GeoCoordinates","latitude":"-11.980133","longitude":"-77.06118200000003"},"telephone":["+5115221181"],"openingHoursSpecification":[{"@type":"OpeningHoursSpecification","dayOfWeek":["Monday","Tuesday","Wednesday","Thursday","Friday","Saturday"],"opens":"08:00","closes":"18:00"},{"@type":"OpeningHoursSpecification","dayOfWeek":["Sunday"],"opens":"00:00","closes":"00:00"}],"email":"cotizaciones@frionox.com"},{"@type":"PostalAddress","@id":"https:\/\/frionox.com\/catalogo\/producto\/calentador-de-alimentos-infrarrojo-grah48-grah48\/#local-main-place-address","streetAddress":"Av. Oscar R. Benavides 1624","addressLocality":"Cercado de Lima","postalCode":"15082","addressRegion":"Lima","addressCountry":"PE"},{"@type":"ImageObject","inLanguage":"es","@id":"https:\/\/frionox.com\/catalogo\/producto\/calentador-de-alimentos-infrarrojo-grah48-grah48\/#local-main-organization-logo","url":"https:\/\/frionox.com\/catalogo\/wp-content\/uploads\/2020\/04\/LOGO-MOBILE.png","contentUrl":"https:\/\/frionox.com\/catalogo\/wp-content\/uploads\/2020\/04\/LOGO-MOBILE.png","width":203,"height":61,"caption":"Frionox Equipamiento de cocinas"}]},"product_price_amount":"357.07","product_price_currency":"PEN","og_availability":"instock","product_availability":"instock","product_retailer_item_id":"GRAH48","product_condition":"new","geo.placename":"Cercado de Lima","geo.position":{"lat":"-11.980133","long":"-77.06118200000003"},"geo.region":"Per\u00fa"},"_links":{"self":[{"href":"https:\/\/frionox.com\/catalogo\/wp-json\/wp\/v2\/product\/15381","targetHints":{"allow":["GET"]}}],"collection":[{"href":"https:\/\/frionox.com\/catalogo\/wp-json\/wp\/v2\/product"}],"about":[{"href":"https:\/\/frionox.com\/catalogo\/wp-json\/wp\/v2\/types\/product"}],"replies":[{"embeddable":true,"href":"https:\/\/frionox.com\/catalogo\/wp-json\/wp\/v2\/comments?post=15381"}],"wp:featuredmedia":[{"embeddable":true,"href":"https:\/\/frionox.com\/catalogo\/wp-json\/wp\/v2\/media\/12230"}],"wp:attachment":[{"href":"https:\/\/frionox.com\/catalogo\/wp-json\/wp\/v2\/media?parent=15381"}],"wp:term":[{"taxonomy":"product_brand","embeddable":true,"href":"https:\/\/frionox.com\/catalogo\/wp-json\/wp\/v2\/product_brand?post=15381"},{"taxonomy":"product_cat","embeddable":true,"href":"https:\/\/frionox.com\/catalogo\/wp-json\/wp\/v2\/product_cat?post=15381"},{"taxonomy":"product_tag","embeddable":true,"href":"https:\/\/frionox.com\/catalogo\/wp-json\/wp\/v2\/product_tag?post=15381"}],"curies":[{"name":"wp","href":"https:\/\/api.w.org\/{rel}","templated":true}]}}