{"id":15367,"date":"2020-08-09T14:01:36","date_gmt":"2020-08-09T19:01:36","guid":{"rendered":"https:\/\/frionox.com\/catalogo\/producto\/licuadora-encapsulada-bar-summit-vaso-de-policarbonato-1-8-l-hbh850-ce\/"},"modified":"2025-09-11T10:19:33","modified_gmt":"2025-09-11T15:19:33","slug":"licuadora-encapsulada-bar-summit-vaso-de-policarbonato-1-8-l-hbh850-ce","status":"publish","type":"product","link":"https:\/\/frionox.com\/catalogo\/producto\/licuadora-encapsulada-bar-summit-vaso-de-policarbonato-1-8-l-hbh850-ce\/","title":{"rendered":"LICUADORA ENCAPSULADA BAR SUMMIT VASO DE POLICARBONATO 1.8 L &#8211; HBH850-CE"},"content":{"rendered":"<p>Capacidad 1.8 L Vaso contenedor de policarbonato Especial para la preparaci\u00f3n de bebidas heladas C\u00e1psula aislante de ruido de dise\u00f1o compacto y de f\u00e1cil remoci\u00f3n Tapa de f\u00e1cil apertura Botones Touch de ciclos de licuado,sirve para escoger sobre 100 ciclos de licuado predeterminado Guarda magn\u00e9tica detiene motor si el vaso no est\u00e1 correctamente colocado o la c\u00e1psula se eleva Display de alerta al operador si el motor est\u00e1 sobrecalentado Deflector de flujo de aire,permite la circulaci\u00f3n de aire fresco alrededor del motor Control de cavitaci\u00f3n,detecta cuando ocurre cavitaci\u00f3n y sugiere al operador a\u00f1adir m\u00e1s l\u00edquido Motor de 3 HP Potencia el\u00e9ctrica: 0.88 KW Voltaje: 220V \/ 60Hz \/ 1AC.<\/p>\n","protected":false},"excerpt":{"rendered":"<p>Capacidad 1.8 L Vaso contenedor de policarbonato Especial para la preparaci\u00f3n de bebidas heladas C\u00e1psula aislante de ruido de dise\u00f1o compacto y de f\u00e1cil remoci\u00f3n Tapa de f\u00e1cil apertura Botones Touch de ciclos de licuado,sirve para escoger sobre 100 ciclos de licuado predeterminado Guarda magn\u00e9tica detiene motor si el vaso no est\u00e1 correctamente colocado o la c\u00e1psula se eleva Display de alerta al operador si el motor est\u00e1 sobrecalentado Deflector de flujo de aire,permite la circulaci\u00f3n de aire fresco alrededor del motor Control de cavitaci\u00f3n,detecta cuando ocurre cavitaci\u00f3n y sugiere al operador a\u00f1adir m\u00e1s l\u00edquido Motor de 3 HP Potencia el\u00e9ctrica: 0.88 KW Voltaje: 220V \/ 60Hz \/ 1AC.<\/p>\n","protected":false},"featured_media":11090,"comment_status":"open","ping_status":"closed","template":"","meta":[],"product_brand":[],"product_cat":[92],"product_tag":[1502],"class_list":{"0":"post-15367","1":"product","2":"type-product","3":"status-publish","4":"has-post-thumbnail","6":"product_cat-licuadoras-industriales","7":"product_tag-licuadora-encapsulada-bar-summit-vaso-de-policarbonato-1-8-l","8":"pa_marcas-hamilton-beach","10":"first","11":"onbackorder","12":"sale","13":"shipping-taxable","14":"purchasable","15":"product-type-simple"},"yoast_head":"<!-- This site is optimized with the Yoast SEO Premium plugin v27.1 (Yoast SEO v27.1.1) - https:\/\/yoast.com\/product\/yoast-seo-premium-wordpress\/ -->\n<title>LICUADORA ENCAPSULADA BAR SUMMIT VASO DE POLICARBONATO 1.8 L - HBH850-CE - FRIONOX<\/title>\n<meta name=\"description\" content=\"Capacidad 1.8 L Vaso contenedor de policarbonato Especial para la preparaci\u00f3n de bebidas heladas C\u00e1psula aislante de ruido de dise\u00f1o compacto y de f\u00e1cil remoci\u00f3n Tapa de f\u00e1cil apertura Botones Touch de ciclos de licuado,sirve para escoger sobre 100 ciclos de licuado predeterminado Guarda magn\u00e9tica detiene motor si el vaso no est\u00e1 correctamente colocado o la c\u00e1psula se eleva Display de alerta al operador si el motor est\u00e1 sobrecalentado Deflector de flujo de aire,permite la circulaci\u00f3n de aire fresco alrededor del motor Control de cavitaci\u00f3n,detecta cuando ocurre cavitaci\u00f3n y sugiere al operador a\u00f1adir m\u00e1s l\u00edquido Motor de 3 HP Potencia el\u00e9ctrica: 0.88 KW Voltaje: 220V \/ 60Hz \/ 1AC.\" \/>\n<meta name=\"robots\" content=\"index, follow, max-snippet:-1, max-image-preview:large, max-video-preview:-1\" \/>\n<link rel=\"canonical\" href=\"https:\/\/frionox.com\/catalogo\/producto\/licuadora-encapsulada-bar-summit-vaso-de-policarbonato-1-8-l-hbh850-ce\/\" \/>\n<meta property=\"og:locale\" content=\"es_ES\" \/>\n<meta property=\"og:type\" content=\"article\" \/>\n<meta property=\"og:title\" content=\"LICUADORA ENCAPSULADA BAR SUMMIT VASO DE POLICARBONATO 1.8 L - HBH850-CE\" \/>\n<meta property=\"og:description\" content=\"Capacidad 1.8 L Vaso contenedor de policarbonato Especial para la preparaci\u00f3n de bebidas heladas C\u00e1psula aislante de ruido de dise\u00f1o compacto y de f\u00e1cil remoci\u00f3n Tapa de f\u00e1cil apertura Botones Touch de ciclos de licuado,sirve para escoger sobre 100 ciclos de licuado predeterminado Guarda magn\u00e9tica detiene motor si el vaso no est\u00e1 correctamente colocado o la c\u00e1psula se eleva Display de alerta al operador si el motor est\u00e1 sobrecalentado Deflector de flujo de aire,permite la circulaci\u00f3n de aire fresco alrededor del motor Control de cavitaci\u00f3n,detecta cuando ocurre cavitaci\u00f3n y sugiere al operador a\u00f1adir m\u00e1s l\u00edquido Motor de 3 HP Potencia el\u00e9ctrica: 0.88 KW Voltaje: 220V \/ 60Hz \/ 1AC.\" \/>\n<meta property=\"og:url\" content=\"https:\/\/frionox.com\/catalogo\/producto\/licuadora-encapsulada-bar-summit-vaso-de-policarbonato-1-8-l-hbh850-ce\/\" \/>\n<meta property=\"og:site_name\" content=\"FRIONOX\" \/>\n<meta property=\"article:publisher\" content=\"https:\/\/facebook.com\/frionox.pe\" \/>\n<meta property=\"article:modified_time\" content=\"2025-09-11T15:19:33+00:00\" \/>\n<meta property=\"og:image\" content=\"https:\/\/frionox.com\/catalogo\/wp-content\/uploads\/2020\/04\/HBH850.jpg\" \/>\n\t<meta property=\"og:image:width\" content=\"800\" \/>\n\t<meta property=\"og:image:height\" content=\"800\" \/>\n\t<meta property=\"og:image:type\" content=\"image\/jpeg\" \/>\n<meta name=\"twitter:card\" content=\"summary_large_image\" \/>\n<meta name=\"twitter:site\" content=\"@frionoxsac\" \/>\n<meta name=\"twitter:label1\" content=\"Precio\" \/>\n\t<meta name=\"twitter:data1\" content=\"S\/1,588.75\" \/>\n\t<meta name=\"twitter:label2\" content=\"Disponibilidad\" \/>\n\t<meta name=\"twitter:data2\" content=\"Disponible para reservar\" \/>\n<script type=\"application\/ld+json\" class=\"yoast-schema-graph\">{\"@context\":\"https:\/\/schema.org\",\"@graph\":[{\"@type\":\"WebPage\",\"@id\":\"https:\/\/frionox.com\/catalogo\/producto\/licuadora-encapsulada-bar-summit-vaso-de-policarbonato-1-8-l-hbh850-ce\/\",\"url\":\"https:\/\/frionox.com\/catalogo\/producto\/licuadora-encapsulada-bar-summit-vaso-de-policarbonato-1-8-l-hbh850-ce\/\",\"name\":\"LICUADORA ENCAPSULADA BAR SUMMIT VASO DE POLICARBONATO 1.8 L - HBH850-CE - FRIONOX\",\"isPartOf\":{\"@id\":\"https:\/\/frionox.com\/catalogo\/#website\"},\"primaryImageOfPage\":{\"@id\":\"https:\/\/frionox.com\/catalogo\/producto\/licuadora-encapsulada-bar-summit-vaso-de-policarbonato-1-8-l-hbh850-ce\/#primaryimage\"},\"image\":{\"@id\":\"https:\/\/frionox.com\/catalogo\/producto\/licuadora-encapsulada-bar-summit-vaso-de-policarbonato-1-8-l-hbh850-ce\/#primaryimage\"},\"thumbnailUrl\":\"https:\/\/frionox.com\/catalogo\/wp-content\/uploads\/2020\/04\/HBH850.jpg\",\"datePublished\":\"2020-08-09T19:01:36+00:00\",\"dateModified\":\"2025-09-11T15:19:33+00:00\",\"description\":\"Capacidad 1.8 L Vaso contenedor de policarbonato Especial para la preparaci\u00f3n de bebidas heladas C\u00e1psula aislante de ruido de dise\u00f1o compacto y de f\u00e1cil remoci\u00f3n Tapa de f\u00e1cil apertura Botones Touch de ciclos de licuado,sirve para escoger sobre 100 ciclos de licuado predeterminado Guarda magn\u00e9tica detiene motor si el vaso no est\u00e1 correctamente colocado o la c\u00e1psula se eleva Display de alerta al operador si el motor est\u00e1 sobrecalentado Deflector de flujo de aire,permite la circulaci\u00f3n de aire fresco alrededor del motor Control de cavitaci\u00f3n,detecta cuando ocurre cavitaci\u00f3n y sugiere al operador a\u00f1adir m\u00e1s l\u00edquido Motor de 3 HP Potencia el\u00e9ctrica: 0.88 KW Voltaje: 220V \/ 60Hz \/ 1AC.\",\"breadcrumb\":{\"@id\":\"https:\/\/frionox.com\/catalogo\/producto\/licuadora-encapsulada-bar-summit-vaso-de-policarbonato-1-8-l-hbh850-ce\/#breadcrumb\"},\"inLanguage\":\"es\",\"potentialAction\":[{\"@type\":\"ReadAction\",\"target\":[\"https:\/\/frionox.com\/catalogo\/producto\/licuadora-encapsulada-bar-summit-vaso-de-policarbonato-1-8-l-hbh850-ce\/\"]}]},{\"@type\":\"ImageObject\",\"inLanguage\":\"es\",\"@id\":\"https:\/\/frionox.com\/catalogo\/producto\/licuadora-encapsulada-bar-summit-vaso-de-policarbonato-1-8-l-hbh850-ce\/#primaryimage\",\"url\":\"https:\/\/frionox.com\/catalogo\/wp-content\/uploads\/2020\/04\/HBH850.jpg\",\"contentUrl\":\"https:\/\/frionox.com\/catalogo\/wp-content\/uploads\/2020\/04\/HBH850.jpg\",\"width\":800,\"height\":800},{\"@type\":\"BreadcrumbList\",\"@id\":\"https:\/\/frionox.com\/catalogo\/producto\/licuadora-encapsulada-bar-summit-vaso-de-policarbonato-1-8-l-hbh850-ce\/#breadcrumb\",\"itemListElement\":[{\"@type\":\"ListItem\",\"position\":1,\"name\":\"Portada\",\"item\":\"https:\/\/frionox.com\/catalogo\/\"},{\"@type\":\"ListItem\",\"position\":2,\"name\":\"Hornos Industriales, Licuadoras Industriales, Cocinas y m\u00e1s\",\"item\":\"https:\/\/frionox.com\/catalogo\/tienda\/\"},{\"@type\":\"ListItem\",\"position\":3,\"name\":\"LICUADORA ENCAPSULADA BAR SUMMIT VASO DE POLICARBONATO 1.8 L &#8211; HBH850-CE\"}]},{\"@type\":\"WebSite\",\"@id\":\"https:\/\/frionox.com\/catalogo\/#website\",\"url\":\"https:\/\/frionox.com\/catalogo\/\",\"name\":\"FRIONOX\",\"description\":\"Equipamiento de cocinas\",\"publisher\":{\"@id\":\"https:\/\/frionox.com\/catalogo\/#organization\"},\"potentialAction\":[{\"@type\":\"SearchAction\",\"target\":{\"@type\":\"EntryPoint\",\"urlTemplate\":\"https:\/\/frionox.com\/catalogo\/?s={search_term_string}\"},\"query-input\":{\"@type\":\"PropertyValueSpecification\",\"valueRequired\":true,\"valueName\":\"search_term_string\"}}],\"inLanguage\":\"es\"},{\"@type\":[\"Organization\",\"Place\",\"LocalBusiness\"],\"@id\":\"https:\/\/frionox.com\/catalogo\/#organization\",\"name\":\"Frionox Equipamiento de cocinas\",\"url\":\"https:\/\/frionox.com\/catalogo\/\",\"logo\":{\"@id\":\"https:\/\/frionox.com\/catalogo\/producto\/licuadora-encapsulada-bar-summit-vaso-de-policarbonato-1-8-l-hbh850-ce\/#local-main-organization-logo\"},\"image\":{\"@id\":\"https:\/\/frionox.com\/catalogo\/producto\/licuadora-encapsulada-bar-summit-vaso-de-policarbonato-1-8-l-hbh850-ce\/#local-main-organization-logo\"},\"sameAs\":[\"https:\/\/facebook.com\/frionox.pe\",\"https:\/\/x.com\/frionoxsac\",\"https:\/\/youtube.com\/@FRIONOXEQUIPAMIENTODECOCINA\"],\"address\":{\"@id\":\"https:\/\/frionox.com\/catalogo\/producto\/licuadora-encapsulada-bar-summit-vaso-de-policarbonato-1-8-l-hbh850-ce\/#local-main-place-address\"},\"geo\":{\"@type\":\"GeoCoordinates\",\"latitude\":\"-11.980133\",\"longitude\":\"-77.06118200000003\"},\"telephone\":[\"+5115221181\"],\"openingHoursSpecification\":[{\"@type\":\"OpeningHoursSpecification\",\"dayOfWeek\":[\"Monday\",\"Tuesday\",\"Wednesday\",\"Thursday\",\"Friday\",\"Saturday\"],\"opens\":\"08:00\",\"closes\":\"18:00\"},{\"@type\":\"OpeningHoursSpecification\",\"dayOfWeek\":[\"Sunday\"],\"opens\":\"00:00\",\"closes\":\"00:00\"}],\"email\":\"cotizaciones@frionox.com\"},{\"@type\":\"PostalAddress\",\"@id\":\"https:\/\/frionox.com\/catalogo\/producto\/licuadora-encapsulada-bar-summit-vaso-de-policarbonato-1-8-l-hbh850-ce\/#local-main-place-address\",\"streetAddress\":\"Av. Oscar R. Benavides 1624\",\"addressLocality\":\"Cercado de Lima\",\"postalCode\":\"15082\",\"addressRegion\":\"Lima\",\"addressCountry\":\"PE\"},{\"@type\":\"ImageObject\",\"inLanguage\":\"es\",\"@id\":\"https:\/\/frionox.com\/catalogo\/producto\/licuadora-encapsulada-bar-summit-vaso-de-policarbonato-1-8-l-hbh850-ce\/#local-main-organization-logo\",\"url\":\"https:\/\/frionox.com\/catalogo\/wp-content\/uploads\/2020\/04\/LOGO-MOBILE.png\",\"contentUrl\":\"https:\/\/frionox.com\/catalogo\/wp-content\/uploads\/2020\/04\/LOGO-MOBILE.png\",\"width\":203,\"height\":61,\"caption\":\"Frionox Equipamiento de cocinas\"}]}<\/script>\n<meta property=\"product:price:amount\" content=\"1588.75\" \/>\n<meta property=\"product:price:currency\" content=\"PEN\" \/>\n<meta property=\"og:availability\" content=\"backorder\" \/>\n<meta property=\"product:availability\" content=\"available for order\" \/>\n<meta property=\"product:retailer_item_id\" content=\"HBH850-CE\" \/>\n<meta property=\"product:condition\" content=\"new\" \/>\n<meta name=\"geo.placename\" content=\"Cercado de Lima\" \/>\n<meta name=\"geo.position\" content=\"-11.980133;-77.06118200000003\" \/>\n<meta name=\"geo.region\" content=\"Per\u00fa\" \/>\n<!-- \/ Yoast SEO Premium plugin. -->","yoast_head_json":{"title":"LICUADORA ENCAPSULADA BAR SUMMIT VASO DE POLICARBONATO 1.8 L - HBH850-CE - FRIONOX","description":"Capacidad 1.8 L Vaso contenedor de policarbonato Especial para la preparaci\u00f3n de bebidas heladas C\u00e1psula aislante de ruido de dise\u00f1o compacto y de f\u00e1cil remoci\u00f3n Tapa de f\u00e1cil apertura Botones Touch de ciclos de licuado,sirve para escoger sobre 100 ciclos de licuado predeterminado Guarda magn\u00e9tica detiene motor si el vaso no est\u00e1 correctamente colocado o la c\u00e1psula se eleva Display de alerta al operador si el motor est\u00e1 sobrecalentado Deflector de flujo de aire,permite la circulaci\u00f3n de aire fresco alrededor del motor Control de cavitaci\u00f3n,detecta cuando ocurre cavitaci\u00f3n y sugiere al operador a\u00f1adir m\u00e1s l\u00edquido Motor de 3 HP Potencia el\u00e9ctrica: 0.88 KW Voltaje: 220V \/ 60Hz \/ 1AC.","robots":{"index":"index","follow":"follow","max-snippet":"max-snippet:-1","max-image-preview":"max-image-preview:large","max-video-preview":"max-video-preview:-1"},"canonical":"https:\/\/frionox.com\/catalogo\/producto\/licuadora-encapsulada-bar-summit-vaso-de-policarbonato-1-8-l-hbh850-ce\/","og_locale":"es_ES","og_type":"article","og_title":"LICUADORA ENCAPSULADA BAR SUMMIT VASO DE POLICARBONATO 1.8 L - HBH850-CE","og_description":"Capacidad 1.8 L Vaso contenedor de policarbonato Especial para la preparaci\u00f3n de bebidas heladas C\u00e1psula aislante de ruido de dise\u00f1o compacto y de f\u00e1cil remoci\u00f3n Tapa de f\u00e1cil apertura Botones Touch de ciclos de licuado,sirve para escoger sobre 100 ciclos de licuado predeterminado Guarda magn\u00e9tica detiene motor si el vaso no est\u00e1 correctamente colocado o la c\u00e1psula se eleva Display de alerta al operador si el motor est\u00e1 sobrecalentado Deflector de flujo de aire,permite la circulaci\u00f3n de aire fresco alrededor del motor Control de cavitaci\u00f3n,detecta cuando ocurre cavitaci\u00f3n y sugiere al operador a\u00f1adir m\u00e1s l\u00edquido Motor de 3 HP Potencia el\u00e9ctrica: 0.88 KW Voltaje: 220V \/ 60Hz \/ 1AC.","og_url":"https:\/\/frionox.com\/catalogo\/producto\/licuadora-encapsulada-bar-summit-vaso-de-policarbonato-1-8-l-hbh850-ce\/","og_site_name":"FRIONOX","article_publisher":"https:\/\/facebook.com\/frionox.pe","article_modified_time":"2025-09-11T15:19:33+00:00","og_image":[{"width":800,"height":800,"url":"https:\/\/frionox.com\/catalogo\/wp-content\/uploads\/2020\/04\/HBH850.jpg","type":"image\/jpeg"}],"twitter_card":"summary_large_image","twitter_site":"@frionoxsac","twitter_misc":{"Precio":"S\/1,588.75","Disponibilidad":"Disponible para reservar"},"schema":{"@context":"https:\/\/schema.org","@graph":[{"@type":"WebPage","@id":"https:\/\/frionox.com\/catalogo\/producto\/licuadora-encapsulada-bar-summit-vaso-de-policarbonato-1-8-l-hbh850-ce\/","url":"https:\/\/frionox.com\/catalogo\/producto\/licuadora-encapsulada-bar-summit-vaso-de-policarbonato-1-8-l-hbh850-ce\/","name":"LICUADORA ENCAPSULADA BAR SUMMIT VASO DE POLICARBONATO 1.8 L - HBH850-CE - FRIONOX","isPartOf":{"@id":"https:\/\/frionox.com\/catalogo\/#website"},"primaryImageOfPage":{"@id":"https:\/\/frionox.com\/catalogo\/producto\/licuadora-encapsulada-bar-summit-vaso-de-policarbonato-1-8-l-hbh850-ce\/#primaryimage"},"image":{"@id":"https:\/\/frionox.com\/catalogo\/producto\/licuadora-encapsulada-bar-summit-vaso-de-policarbonato-1-8-l-hbh850-ce\/#primaryimage"},"thumbnailUrl":"https:\/\/frionox.com\/catalogo\/wp-content\/uploads\/2020\/04\/HBH850.jpg","datePublished":"2020-08-09T19:01:36+00:00","dateModified":"2025-09-11T15:19:33+00:00","description":"Capacidad 1.8 L Vaso contenedor de policarbonato Especial para la preparaci\u00f3n de bebidas heladas C\u00e1psula aislante de ruido de dise\u00f1o compacto y de f\u00e1cil remoci\u00f3n Tapa de f\u00e1cil apertura Botones Touch de ciclos de licuado,sirve para escoger sobre 100 ciclos de licuado predeterminado Guarda magn\u00e9tica detiene motor si el vaso no est\u00e1 correctamente colocado o la c\u00e1psula se eleva Display de alerta al operador si el motor est\u00e1 sobrecalentado Deflector de flujo de aire,permite la circulaci\u00f3n de aire fresco alrededor del motor Control de cavitaci\u00f3n,detecta cuando ocurre cavitaci\u00f3n y sugiere al operador a\u00f1adir m\u00e1s l\u00edquido Motor de 3 HP Potencia el\u00e9ctrica: 0.88 KW Voltaje: 220V \/ 60Hz \/ 1AC.","breadcrumb":{"@id":"https:\/\/frionox.com\/catalogo\/producto\/licuadora-encapsulada-bar-summit-vaso-de-policarbonato-1-8-l-hbh850-ce\/#breadcrumb"},"inLanguage":"es","potentialAction":[{"@type":"ReadAction","target":["https:\/\/frionox.com\/catalogo\/producto\/licuadora-encapsulada-bar-summit-vaso-de-policarbonato-1-8-l-hbh850-ce\/"]}]},{"@type":"ImageObject","inLanguage":"es","@id":"https:\/\/frionox.com\/catalogo\/producto\/licuadora-encapsulada-bar-summit-vaso-de-policarbonato-1-8-l-hbh850-ce\/#primaryimage","url":"https:\/\/frionox.com\/catalogo\/wp-content\/uploads\/2020\/04\/HBH850.jpg","contentUrl":"https:\/\/frionox.com\/catalogo\/wp-content\/uploads\/2020\/04\/HBH850.jpg","width":800,"height":800},{"@type":"BreadcrumbList","@id":"https:\/\/frionox.com\/catalogo\/producto\/licuadora-encapsulada-bar-summit-vaso-de-policarbonato-1-8-l-hbh850-ce\/#breadcrumb","itemListElement":[{"@type":"ListItem","position":1,"name":"Portada","item":"https:\/\/frionox.com\/catalogo\/"},{"@type":"ListItem","position":2,"name":"Hornos Industriales, Licuadoras Industriales, Cocinas y m\u00e1s","item":"https:\/\/frionox.com\/catalogo\/tienda\/"},{"@type":"ListItem","position":3,"name":"LICUADORA ENCAPSULADA BAR SUMMIT VASO DE POLICARBONATO 1.8 L &#8211; HBH850-CE"}]},{"@type":"WebSite","@id":"https:\/\/frionox.com\/catalogo\/#website","url":"https:\/\/frionox.com\/catalogo\/","name":"FRIONOX","description":"Equipamiento de cocinas","publisher":{"@id":"https:\/\/frionox.com\/catalogo\/#organization"},"potentialAction":[{"@type":"SearchAction","target":{"@type":"EntryPoint","urlTemplate":"https:\/\/frionox.com\/catalogo\/?s={search_term_string}"},"query-input":{"@type":"PropertyValueSpecification","valueRequired":true,"valueName":"search_term_string"}}],"inLanguage":"es"},{"@type":["Organization","Place","LocalBusiness"],"@id":"https:\/\/frionox.com\/catalogo\/#organization","name":"Frionox Equipamiento de cocinas","url":"https:\/\/frionox.com\/catalogo\/","logo":{"@id":"https:\/\/frionox.com\/catalogo\/producto\/licuadora-encapsulada-bar-summit-vaso-de-policarbonato-1-8-l-hbh850-ce\/#local-main-organization-logo"},"image":{"@id":"https:\/\/frionox.com\/catalogo\/producto\/licuadora-encapsulada-bar-summit-vaso-de-policarbonato-1-8-l-hbh850-ce\/#local-main-organization-logo"},"sameAs":["https:\/\/facebook.com\/frionox.pe","https:\/\/x.com\/frionoxsac","https:\/\/youtube.com\/@FRIONOXEQUIPAMIENTODECOCINA"],"address":{"@id":"https:\/\/frionox.com\/catalogo\/producto\/licuadora-encapsulada-bar-summit-vaso-de-policarbonato-1-8-l-hbh850-ce\/#local-main-place-address"},"geo":{"@type":"GeoCoordinates","latitude":"-11.980133","longitude":"-77.06118200000003"},"telephone":["+5115221181"],"openingHoursSpecification":[{"@type":"OpeningHoursSpecification","dayOfWeek":["Monday","Tuesday","Wednesday","Thursday","Friday","Saturday"],"opens":"08:00","closes":"18:00"},{"@type":"OpeningHoursSpecification","dayOfWeek":["Sunday"],"opens":"00:00","closes":"00:00"}],"email":"cotizaciones@frionox.com"},{"@type":"PostalAddress","@id":"https:\/\/frionox.com\/catalogo\/producto\/licuadora-encapsulada-bar-summit-vaso-de-policarbonato-1-8-l-hbh850-ce\/#local-main-place-address","streetAddress":"Av. Oscar R. Benavides 1624","addressLocality":"Cercado de Lima","postalCode":"15082","addressRegion":"Lima","addressCountry":"PE"},{"@type":"ImageObject","inLanguage":"es","@id":"https:\/\/frionox.com\/catalogo\/producto\/licuadora-encapsulada-bar-summit-vaso-de-policarbonato-1-8-l-hbh850-ce\/#local-main-organization-logo","url":"https:\/\/frionox.com\/catalogo\/wp-content\/uploads\/2020\/04\/LOGO-MOBILE.png","contentUrl":"https:\/\/frionox.com\/catalogo\/wp-content\/uploads\/2020\/04\/LOGO-MOBILE.png","width":203,"height":61,"caption":"Frionox Equipamiento de cocinas"}]},"product_price_amount":"1588.75","product_price_currency":"PEN","og_availability":"backorder","product_availability":"available for order","product_retailer_item_id":"HBH850-CE","product_condition":"new","geo.placename":"Cercado de Lima","geo.position":{"lat":"-11.980133","long":"-77.06118200000003"},"geo.region":"Per\u00fa"},"_links":{"self":[{"href":"https:\/\/frionox.com\/catalogo\/wp-json\/wp\/v2\/product\/15367","targetHints":{"allow":["GET"]}}],"collection":[{"href":"https:\/\/frionox.com\/catalogo\/wp-json\/wp\/v2\/product"}],"about":[{"href":"https:\/\/frionox.com\/catalogo\/wp-json\/wp\/v2\/types\/product"}],"replies":[{"embeddable":true,"href":"https:\/\/frionox.com\/catalogo\/wp-json\/wp\/v2\/comments?post=15367"}],"wp:featuredmedia":[{"embeddable":true,"href":"https:\/\/frionox.com\/catalogo\/wp-json\/wp\/v2\/media\/11090"}],"wp:attachment":[{"href":"https:\/\/frionox.com\/catalogo\/wp-json\/wp\/v2\/media?parent=15367"}],"wp:term":[{"taxonomy":"product_brand","embeddable":true,"href":"https:\/\/frionox.com\/catalogo\/wp-json\/wp\/v2\/product_brand?post=15367"},{"taxonomy":"product_cat","embeddable":true,"href":"https:\/\/frionox.com\/catalogo\/wp-json\/wp\/v2\/product_cat?post=15367"},{"taxonomy":"product_tag","embeddable":true,"href":"https:\/\/frionox.com\/catalogo\/wp-json\/wp\/v2\/product_tag?post=15367"}],"curies":[{"name":"wp","href":"https:\/\/api.w.org\/{rel}","templated":true}]}}