{"id":14707,"date":"2020-05-30T00:25:20","date_gmt":"2020-05-30T05:25:20","guid":{"rendered":"https:\/\/frionox.com\/catalogo\/producto\/bano-maria-elect-02-gn-1-1-repisa-sup-deslizador-y-band-gn-1-1-x-6\/"},"modified":"2025-12-19T11:34:45","modified_gmt":"2025-12-19T16:34:45","slug":"bano-maria-elect-02-gn-1-1-repisa-sup-deslizador-y-band-gn-1-1-x-6","status":"publish","type":"product","link":"https:\/\/frionox.com\/catalogo\/producto\/bano-maria-elect-02-gn-1-1-repisa-sup-deslizador-y-band-gn-1-1-x-6\/","title":{"rendered":"BA?O MARIA ELECT 02 GN 1\/1 REPISA SUP, DESLIZADOR Y BAND. GN 1\/1 x 6&#8243;"},"content":{"rendered":"<p>Estructurado integramente en acero inoxidable AISI 304,poza de 1\/16&#8243; de espesor,aislada t\u00e9rmicamente con lana de vidrio,01 resistencia el\u00e9ctrica de 2100W,incluye enchufe industrial,ajuste de temperatura por control termost\u00e1tico,04 Garruchas giratorias de \u00d85&#8243;, 02 con freno,con repisa superior vidrio recto templado,con deslizador de bandejas tubular,con 02 bandejas gastron\u00f3micas GN 1\/1 x 6&#8243;,potencia conectada-electricidad:2100W,tensi\u00f3n-alimentaci\u00f3n:220V \/ 60Hz \/ 1AC. EL CLIENTE DEBE HABILITAR EL TOMACORRIENTE INDUSTRIAL O LA LLAVE T\u00c9RMICA CORRESPONDIENTE.&#8221;<\/p>\n","protected":false},"excerpt":{"rendered":"<p>Estructurado integramente en acero inoxidable AISI 304,poza de 1\/16&#8243; de espesor,aislada t\u00e9rmicamente con lana de vidrio,01 resistencia el\u00e9ctrica de 2100W,incluye enchufe industrial,ajuste de temperatura por control termost\u00e1tico,04 Garruchas giratorias de \u00d85&#8243;, 02 con freno,con repisa superior vidrio recto templado,con deslizador de bandejas tubular,con 02 bandejas gastron\u00f3micas GN 1\/1 x 6&#8243;,potencia conectada-electricidad:2100W,tensi\u00f3n-alimentaci\u00f3n:220V \/ 60Hz \/ 1AC. EL CLIENTE DEBE HABILITAR EL TOMACORRIENTE INDUSTRIAL O LA LLAVE T\u00c9RMICA CORRESPONDIENTE.&#8221;<\/p>\n","protected":false},"featured_media":9998,"comment_status":"open","ping_status":"closed","template":"","meta":[],"product_brand":[],"product_cat":[91,29,112],"product_tag":[],"class_list":{"0":"post-14707","1":"product","2":"type-product","3":"status-publish","4":"has-post-thumbnail","6":"product_cat-linea-de-autoservicios","7":"product_cat-equipos-de-coccion","8":"product_cat-bano-maria","9":"pa_marcas-frionox","11":"first","12":"onbackorder","13":"shipping-taxable","14":"purchasable","15":"product-type-simple"},"yoast_head":"<!-- This site is optimized with the Yoast SEO Premium plugin v27.1 (Yoast SEO v27.1.1) - https:\/\/yoast.com\/product\/yoast-seo-premium-wordpress\/ -->\n<title>BA?O MARIA ELECT 02 GN 1\/1 REPISA SUP, DESLIZADOR Y BAND. GN 1\/1 x 6&quot; - FRIONOX<\/title>\n<meta name=\"description\" content=\"Estructurado integramente en acero inoxidable AISI 304,poza de 1\/16&quot; de espesor,aislada t\u00e9rmicamente con lana de vidrio,01 resistencia el\u00e9ctrica de 2100W,incluye enchufe industrial,ajuste de temperatura por control termost\u00e1tico,04 Garruchas giratorias de \u00d85&quot;, 02 con freno,con repisa superior vidrio recto templado,con deslizador de bandejas tubular,con 02 bandejas gastron\u00f3micas GN 1\/1 x 6&quot;,potencia conectada-electricidad:2100W,tensi\u00f3n-alimentaci\u00f3n:220V \/ 60Hz \/ 1AC. EL CLIENTE DEBE HABILITAR EL TOMACORRIENTE INDUSTRIAL O LA LLAVE T\u00c9RMICA CORRESPONDIENTE.&quot;\" \/>\n<meta name=\"robots\" content=\"index, follow, max-snippet:-1, max-image-preview:large, max-video-preview:-1\" \/>\n<link rel=\"canonical\" href=\"https:\/\/frionox.com\/catalogo\/producto\/bano-maria-elect-02-gn-1-1-repisa-sup-deslizador-y-band-gn-1-1-x-6\/\" \/>\n<meta property=\"og:locale\" content=\"es_ES\" \/>\n<meta property=\"og:type\" content=\"article\" \/>\n<meta property=\"og:title\" content=\"BA?O MARIA ELECT 02 GN 1\/1 REPISA SUP, DESLIZADOR Y BAND. GN 1\/1 x 6&quot;\" \/>\n<meta property=\"og:description\" content=\"Estructurado integramente en acero inoxidable AISI 304,poza de 1\/16&quot; de espesor,aislada t\u00e9rmicamente con lana de vidrio,01 resistencia el\u00e9ctrica de 2100W,incluye enchufe industrial,ajuste de temperatura por control termost\u00e1tico,04 Garruchas giratorias de \u00d85&quot;, 02 con freno,con repisa superior vidrio recto templado,con deslizador de bandejas tubular,con 02 bandejas gastron\u00f3micas GN 1\/1 x 6&quot;,potencia conectada-electricidad:2100W,tensi\u00f3n-alimentaci\u00f3n:220V \/ 60Hz \/ 1AC. EL CLIENTE DEBE HABILITAR EL TOMACORRIENTE INDUSTRIAL O LA LLAVE T\u00c9RMICA CORRESPONDIENTE.&quot;\" \/>\n<meta property=\"og:url\" content=\"https:\/\/frionox.com\/catalogo\/producto\/bano-maria-elect-02-gn-1-1-repisa-sup-deslizador-y-band-gn-1-1-x-6\/\" \/>\n<meta property=\"og:site_name\" content=\"FRIONOX\" \/>\n<meta property=\"article:publisher\" content=\"https:\/\/facebook.com\/frionox.pe\" \/>\n<meta property=\"article:modified_time\" content=\"2025-12-19T16:34:45+00:00\" \/>\n<meta property=\"og:image\" content=\"https:\/\/frionox.com\/catalogo\/wp-content\/uploads\/2020\/04\/FRIONOX3D-FBME-2.jpg\" \/>\n\t<meta property=\"og:image:width\" content=\"800\" \/>\n\t<meta property=\"og:image:height\" content=\"800\" \/>\n\t<meta property=\"og:image:type\" content=\"image\/jpeg\" \/>\n<meta name=\"twitter:card\" content=\"summary_large_image\" \/>\n<meta name=\"twitter:site\" content=\"@frionoxsac\" \/>\n<meta name=\"twitter:label1\" content=\"Precio\" \/>\n\t<meta name=\"twitter:data1\" content=\"S\/1,402.19\" \/>\n\t<meta name=\"twitter:label2\" content=\"Disponibilidad\" \/>\n\t<meta name=\"twitter:data2\" content=\"Disponible para reservar\" \/>\n<script type=\"application\/ld+json\" class=\"yoast-schema-graph\">{\"@context\":\"https:\/\/schema.org\",\"@graph\":[{\"@type\":\"WebPage\",\"@id\":\"https:\/\/frionox.com\/catalogo\/producto\/bano-maria-elect-02-gn-1-1-repisa-sup-deslizador-y-band-gn-1-1-x-6\/\",\"url\":\"https:\/\/frionox.com\/catalogo\/producto\/bano-maria-elect-02-gn-1-1-repisa-sup-deslizador-y-band-gn-1-1-x-6\/\",\"name\":\"BA?O MARIA ELECT 02 GN 1\/1 REPISA SUP, DESLIZADOR Y BAND. GN 1\/1 x 6\\\" - FRIONOX\",\"isPartOf\":{\"@id\":\"https:\/\/frionox.com\/catalogo\/#website\"},\"primaryImageOfPage\":{\"@id\":\"https:\/\/frionox.com\/catalogo\/producto\/bano-maria-elect-02-gn-1-1-repisa-sup-deslizador-y-band-gn-1-1-x-6\/#primaryimage\"},\"image\":{\"@id\":\"https:\/\/frionox.com\/catalogo\/producto\/bano-maria-elect-02-gn-1-1-repisa-sup-deslizador-y-band-gn-1-1-x-6\/#primaryimage\"},\"thumbnailUrl\":\"https:\/\/frionox.com\/catalogo\/wp-content\/uploads\/2020\/04\/FRIONOX3D-FBME-2.jpg\",\"datePublished\":\"2020-05-30T05:25:20+00:00\",\"dateModified\":\"2025-12-19T16:34:45+00:00\",\"description\":\"Estructurado integramente en acero inoxidable AISI 304,poza de 1\/16\\\" de espesor,aislada t\u00e9rmicamente con lana de vidrio,01 resistencia el\u00e9ctrica de 2100W,incluye enchufe industrial,ajuste de temperatura por control termost\u00e1tico,04 Garruchas giratorias de \u00d85\\\", 02 con freno,con repisa superior vidrio recto templado,con deslizador de bandejas tubular,con 02 bandejas gastron\u00f3micas GN 1\/1 x 6\\\",potencia conectada-electricidad:2100W,tensi\u00f3n-alimentaci\u00f3n:220V \/ 60Hz \/ 1AC. EL CLIENTE DEBE HABILITAR EL TOMACORRIENTE INDUSTRIAL O LA LLAVE T\u00c9RMICA CORRESPONDIENTE.\\\"\",\"breadcrumb\":{\"@id\":\"https:\/\/frionox.com\/catalogo\/producto\/bano-maria-elect-02-gn-1-1-repisa-sup-deslizador-y-band-gn-1-1-x-6\/#breadcrumb\"},\"inLanguage\":\"es\",\"potentialAction\":[{\"@type\":\"ReadAction\",\"target\":[\"https:\/\/frionox.com\/catalogo\/producto\/bano-maria-elect-02-gn-1-1-repisa-sup-deslizador-y-band-gn-1-1-x-6\/\"]}]},{\"@type\":\"ImageObject\",\"inLanguage\":\"es\",\"@id\":\"https:\/\/frionox.com\/catalogo\/producto\/bano-maria-elect-02-gn-1-1-repisa-sup-deslizador-y-band-gn-1-1-x-6\/#primaryimage\",\"url\":\"https:\/\/frionox.com\/catalogo\/wp-content\/uploads\/2020\/04\/FRIONOX3D-FBME-2.jpg\",\"contentUrl\":\"https:\/\/frionox.com\/catalogo\/wp-content\/uploads\/2020\/04\/FRIONOX3D-FBME-2.jpg\",\"width\":800,\"height\":800},{\"@type\":\"BreadcrumbList\",\"@id\":\"https:\/\/frionox.com\/catalogo\/producto\/bano-maria-elect-02-gn-1-1-repisa-sup-deslizador-y-band-gn-1-1-x-6\/#breadcrumb\",\"itemListElement\":[{\"@type\":\"ListItem\",\"position\":1,\"name\":\"Portada\",\"item\":\"https:\/\/frionox.com\/catalogo\/\"},{\"@type\":\"ListItem\",\"position\":2,\"name\":\"Hornos Industriales, Licuadoras Industriales, Cocinas y m\u00e1s\",\"item\":\"https:\/\/frionox.com\/catalogo\/tienda\/\"},{\"@type\":\"ListItem\",\"position\":3,\"name\":\"BA?O MARIA ELECT 02 GN 1\/1 REPISA SUP, DESLIZADOR Y BAND. GN 1\/1 x 6&#8243;\"}]},{\"@type\":\"WebSite\",\"@id\":\"https:\/\/frionox.com\/catalogo\/#website\",\"url\":\"https:\/\/frionox.com\/catalogo\/\",\"name\":\"FRIONOX\",\"description\":\"Equipamiento de cocinas\",\"publisher\":{\"@id\":\"https:\/\/frionox.com\/catalogo\/#organization\"},\"potentialAction\":[{\"@type\":\"SearchAction\",\"target\":{\"@type\":\"EntryPoint\",\"urlTemplate\":\"https:\/\/frionox.com\/catalogo\/?s={search_term_string}\"},\"query-input\":{\"@type\":\"PropertyValueSpecification\",\"valueRequired\":true,\"valueName\":\"search_term_string\"}}],\"inLanguage\":\"es\"},{\"@type\":[\"Organization\",\"Place\",\"LocalBusiness\"],\"@id\":\"https:\/\/frionox.com\/catalogo\/#organization\",\"name\":\"Frionox Equipamiento de cocinas\",\"url\":\"https:\/\/frionox.com\/catalogo\/\",\"logo\":{\"@id\":\"https:\/\/frionox.com\/catalogo\/producto\/bano-maria-elect-02-gn-1-1-repisa-sup-deslizador-y-band-gn-1-1-x-6\/#local-main-organization-logo\"},\"image\":{\"@id\":\"https:\/\/frionox.com\/catalogo\/producto\/bano-maria-elect-02-gn-1-1-repisa-sup-deslizador-y-band-gn-1-1-x-6\/#local-main-organization-logo\"},\"sameAs\":[\"https:\/\/facebook.com\/frionox.pe\",\"https:\/\/x.com\/frionoxsac\",\"https:\/\/youtube.com\/@FRIONOXEQUIPAMIENTODECOCINA\"],\"address\":{\"@id\":\"https:\/\/frionox.com\/catalogo\/producto\/bano-maria-elect-02-gn-1-1-repisa-sup-deslizador-y-band-gn-1-1-x-6\/#local-main-place-address\"},\"geo\":{\"@type\":\"GeoCoordinates\",\"latitude\":\"-11.980133\",\"longitude\":\"-77.06118200000003\"},\"telephone\":[\"+5115221181\"],\"openingHoursSpecification\":[{\"@type\":\"OpeningHoursSpecification\",\"dayOfWeek\":[\"Monday\",\"Tuesday\",\"Wednesday\",\"Thursday\",\"Friday\",\"Saturday\"],\"opens\":\"08:00\",\"closes\":\"18:00\"},{\"@type\":\"OpeningHoursSpecification\",\"dayOfWeek\":[\"Sunday\"],\"opens\":\"00:00\",\"closes\":\"00:00\"}],\"email\":\"cotizaciones@frionox.com\"},{\"@type\":\"PostalAddress\",\"@id\":\"https:\/\/frionox.com\/catalogo\/producto\/bano-maria-elect-02-gn-1-1-repisa-sup-deslizador-y-band-gn-1-1-x-6\/#local-main-place-address\",\"streetAddress\":\"Av. Oscar R. Benavides 1624\",\"addressLocality\":\"Cercado de Lima\",\"postalCode\":\"15082\",\"addressRegion\":\"Lima\",\"addressCountry\":\"PE\"},{\"@type\":\"ImageObject\",\"inLanguage\":\"es\",\"@id\":\"https:\/\/frionox.com\/catalogo\/producto\/bano-maria-elect-02-gn-1-1-repisa-sup-deslizador-y-band-gn-1-1-x-6\/#local-main-organization-logo\",\"url\":\"https:\/\/frionox.com\/catalogo\/wp-content\/uploads\/2020\/04\/LOGO-MOBILE.png\",\"contentUrl\":\"https:\/\/frionox.com\/catalogo\/wp-content\/uploads\/2020\/04\/LOGO-MOBILE.png\",\"width\":203,\"height\":61,\"caption\":\"Frionox Equipamiento de cocinas\"}]}<\/script>\n<meta property=\"product:price:amount\" content=\"1402.19\" \/>\n<meta property=\"product:price:currency\" content=\"PEN\" \/>\n<meta property=\"og:availability\" content=\"backorder\" \/>\n<meta property=\"product:availability\" content=\"available for order\" \/>\n<meta property=\"product:retailer_item_id\" content=\"FBME-2\" \/>\n<meta property=\"product:condition\" content=\"new\" \/>\n<meta name=\"geo.placename\" content=\"Cercado de Lima\" \/>\n<meta name=\"geo.position\" content=\"-11.980133;-77.06118200000003\" \/>\n<meta name=\"geo.region\" content=\"Per\u00fa\" \/>\n<!-- \/ Yoast SEO Premium plugin. -->","yoast_head_json":{"title":"BA?O MARIA ELECT 02 GN 1\/1 REPISA SUP, DESLIZADOR Y BAND. GN 1\/1 x 6\" - FRIONOX","description":"Estructurado integramente en acero inoxidable AISI 304,poza de 1\/16\" de espesor,aislada t\u00e9rmicamente con lana de vidrio,01 resistencia el\u00e9ctrica de 2100W,incluye enchufe industrial,ajuste de temperatura por control termost\u00e1tico,04 Garruchas giratorias de \u00d85\", 02 con freno,con repisa superior vidrio recto templado,con deslizador de bandejas tubular,con 02 bandejas gastron\u00f3micas GN 1\/1 x 6\",potencia conectada-electricidad:2100W,tensi\u00f3n-alimentaci\u00f3n:220V \/ 60Hz \/ 1AC. EL CLIENTE DEBE HABILITAR EL TOMACORRIENTE INDUSTRIAL O LA LLAVE T\u00c9RMICA CORRESPONDIENTE.\"","robots":{"index":"index","follow":"follow","max-snippet":"max-snippet:-1","max-image-preview":"max-image-preview:large","max-video-preview":"max-video-preview:-1"},"canonical":"https:\/\/frionox.com\/catalogo\/producto\/bano-maria-elect-02-gn-1-1-repisa-sup-deslizador-y-band-gn-1-1-x-6\/","og_locale":"es_ES","og_type":"article","og_title":"BA?O MARIA ELECT 02 GN 1\/1 REPISA SUP, DESLIZADOR Y BAND. GN 1\/1 x 6\"","og_description":"Estructurado integramente en acero inoxidable AISI 304,poza de 1\/16\" de espesor,aislada t\u00e9rmicamente con lana de vidrio,01 resistencia el\u00e9ctrica de 2100W,incluye enchufe industrial,ajuste de temperatura por control termost\u00e1tico,04 Garruchas giratorias de \u00d85\", 02 con freno,con repisa superior vidrio recto templado,con deslizador de bandejas tubular,con 02 bandejas gastron\u00f3micas GN 1\/1 x 6\",potencia conectada-electricidad:2100W,tensi\u00f3n-alimentaci\u00f3n:220V \/ 60Hz \/ 1AC. EL CLIENTE DEBE HABILITAR EL TOMACORRIENTE INDUSTRIAL O LA LLAVE T\u00c9RMICA CORRESPONDIENTE.\"","og_url":"https:\/\/frionox.com\/catalogo\/producto\/bano-maria-elect-02-gn-1-1-repisa-sup-deslizador-y-band-gn-1-1-x-6\/","og_site_name":"FRIONOX","article_publisher":"https:\/\/facebook.com\/frionox.pe","article_modified_time":"2025-12-19T16:34:45+00:00","og_image":[{"width":800,"height":800,"url":"https:\/\/frionox.com\/catalogo\/wp-content\/uploads\/2020\/04\/FRIONOX3D-FBME-2.jpg","type":"image\/jpeg"}],"twitter_card":"summary_large_image","twitter_site":"@frionoxsac","twitter_misc":{"Precio":"S\/1,402.19","Disponibilidad":"Disponible para reservar"},"schema":{"@context":"https:\/\/schema.org","@graph":[{"@type":"WebPage","@id":"https:\/\/frionox.com\/catalogo\/producto\/bano-maria-elect-02-gn-1-1-repisa-sup-deslizador-y-band-gn-1-1-x-6\/","url":"https:\/\/frionox.com\/catalogo\/producto\/bano-maria-elect-02-gn-1-1-repisa-sup-deslizador-y-band-gn-1-1-x-6\/","name":"BA?O MARIA ELECT 02 GN 1\/1 REPISA SUP, DESLIZADOR Y BAND. GN 1\/1 x 6\" - FRIONOX","isPartOf":{"@id":"https:\/\/frionox.com\/catalogo\/#website"},"primaryImageOfPage":{"@id":"https:\/\/frionox.com\/catalogo\/producto\/bano-maria-elect-02-gn-1-1-repisa-sup-deslizador-y-band-gn-1-1-x-6\/#primaryimage"},"image":{"@id":"https:\/\/frionox.com\/catalogo\/producto\/bano-maria-elect-02-gn-1-1-repisa-sup-deslizador-y-band-gn-1-1-x-6\/#primaryimage"},"thumbnailUrl":"https:\/\/frionox.com\/catalogo\/wp-content\/uploads\/2020\/04\/FRIONOX3D-FBME-2.jpg","datePublished":"2020-05-30T05:25:20+00:00","dateModified":"2025-12-19T16:34:45+00:00","description":"Estructurado integramente en acero inoxidable AISI 304,poza de 1\/16\" de espesor,aislada t\u00e9rmicamente con lana de vidrio,01 resistencia el\u00e9ctrica de 2100W,incluye enchufe industrial,ajuste de temperatura por control termost\u00e1tico,04 Garruchas giratorias de \u00d85\", 02 con freno,con repisa superior vidrio recto templado,con deslizador de bandejas tubular,con 02 bandejas gastron\u00f3micas GN 1\/1 x 6\",potencia conectada-electricidad:2100W,tensi\u00f3n-alimentaci\u00f3n:220V \/ 60Hz \/ 1AC. EL CLIENTE DEBE HABILITAR EL TOMACORRIENTE INDUSTRIAL O LA LLAVE T\u00c9RMICA CORRESPONDIENTE.\"","breadcrumb":{"@id":"https:\/\/frionox.com\/catalogo\/producto\/bano-maria-elect-02-gn-1-1-repisa-sup-deslizador-y-band-gn-1-1-x-6\/#breadcrumb"},"inLanguage":"es","potentialAction":[{"@type":"ReadAction","target":["https:\/\/frionox.com\/catalogo\/producto\/bano-maria-elect-02-gn-1-1-repisa-sup-deslizador-y-band-gn-1-1-x-6\/"]}]},{"@type":"ImageObject","inLanguage":"es","@id":"https:\/\/frionox.com\/catalogo\/producto\/bano-maria-elect-02-gn-1-1-repisa-sup-deslizador-y-band-gn-1-1-x-6\/#primaryimage","url":"https:\/\/frionox.com\/catalogo\/wp-content\/uploads\/2020\/04\/FRIONOX3D-FBME-2.jpg","contentUrl":"https:\/\/frionox.com\/catalogo\/wp-content\/uploads\/2020\/04\/FRIONOX3D-FBME-2.jpg","width":800,"height":800},{"@type":"BreadcrumbList","@id":"https:\/\/frionox.com\/catalogo\/producto\/bano-maria-elect-02-gn-1-1-repisa-sup-deslizador-y-band-gn-1-1-x-6\/#breadcrumb","itemListElement":[{"@type":"ListItem","position":1,"name":"Portada","item":"https:\/\/frionox.com\/catalogo\/"},{"@type":"ListItem","position":2,"name":"Hornos Industriales, Licuadoras Industriales, Cocinas y m\u00e1s","item":"https:\/\/frionox.com\/catalogo\/tienda\/"},{"@type":"ListItem","position":3,"name":"BA?O MARIA ELECT 02 GN 1\/1 REPISA SUP, DESLIZADOR Y BAND. GN 1\/1 x 6&#8243;"}]},{"@type":"WebSite","@id":"https:\/\/frionox.com\/catalogo\/#website","url":"https:\/\/frionox.com\/catalogo\/","name":"FRIONOX","description":"Equipamiento de cocinas","publisher":{"@id":"https:\/\/frionox.com\/catalogo\/#organization"},"potentialAction":[{"@type":"SearchAction","target":{"@type":"EntryPoint","urlTemplate":"https:\/\/frionox.com\/catalogo\/?s={search_term_string}"},"query-input":{"@type":"PropertyValueSpecification","valueRequired":true,"valueName":"search_term_string"}}],"inLanguage":"es"},{"@type":["Organization","Place","LocalBusiness"],"@id":"https:\/\/frionox.com\/catalogo\/#organization","name":"Frionox Equipamiento de cocinas","url":"https:\/\/frionox.com\/catalogo\/","logo":{"@id":"https:\/\/frionox.com\/catalogo\/producto\/bano-maria-elect-02-gn-1-1-repisa-sup-deslizador-y-band-gn-1-1-x-6\/#local-main-organization-logo"},"image":{"@id":"https:\/\/frionox.com\/catalogo\/producto\/bano-maria-elect-02-gn-1-1-repisa-sup-deslizador-y-band-gn-1-1-x-6\/#local-main-organization-logo"},"sameAs":["https:\/\/facebook.com\/frionox.pe","https:\/\/x.com\/frionoxsac","https:\/\/youtube.com\/@FRIONOXEQUIPAMIENTODECOCINA"],"address":{"@id":"https:\/\/frionox.com\/catalogo\/producto\/bano-maria-elect-02-gn-1-1-repisa-sup-deslizador-y-band-gn-1-1-x-6\/#local-main-place-address"},"geo":{"@type":"GeoCoordinates","latitude":"-11.980133","longitude":"-77.06118200000003"},"telephone":["+5115221181"],"openingHoursSpecification":[{"@type":"OpeningHoursSpecification","dayOfWeek":["Monday","Tuesday","Wednesday","Thursday","Friday","Saturday"],"opens":"08:00","closes":"18:00"},{"@type":"OpeningHoursSpecification","dayOfWeek":["Sunday"],"opens":"00:00","closes":"00:00"}],"email":"cotizaciones@frionox.com"},{"@type":"PostalAddress","@id":"https:\/\/frionox.com\/catalogo\/producto\/bano-maria-elect-02-gn-1-1-repisa-sup-deslizador-y-band-gn-1-1-x-6\/#local-main-place-address","streetAddress":"Av. Oscar R. Benavides 1624","addressLocality":"Cercado de Lima","postalCode":"15082","addressRegion":"Lima","addressCountry":"PE"},{"@type":"ImageObject","inLanguage":"es","@id":"https:\/\/frionox.com\/catalogo\/producto\/bano-maria-elect-02-gn-1-1-repisa-sup-deslizador-y-band-gn-1-1-x-6\/#local-main-organization-logo","url":"https:\/\/frionox.com\/catalogo\/wp-content\/uploads\/2020\/04\/LOGO-MOBILE.png","contentUrl":"https:\/\/frionox.com\/catalogo\/wp-content\/uploads\/2020\/04\/LOGO-MOBILE.png","width":203,"height":61,"caption":"Frionox Equipamiento de cocinas"}]},"product_price_amount":"1402.19","product_price_currency":"PEN","og_availability":"backorder","product_availability":"available for order","product_retailer_item_id":"FBME-2","product_condition":"new","geo.placename":"Cercado de Lima","geo.position":{"lat":"-11.980133","long":"-77.06118200000003"},"geo.region":"Per\u00fa"},"_links":{"self":[{"href":"https:\/\/frionox.com\/catalogo\/wp-json\/wp\/v2\/product\/14707","targetHints":{"allow":["GET"]}}],"collection":[{"href":"https:\/\/frionox.com\/catalogo\/wp-json\/wp\/v2\/product"}],"about":[{"href":"https:\/\/frionox.com\/catalogo\/wp-json\/wp\/v2\/types\/product"}],"replies":[{"embeddable":true,"href":"https:\/\/frionox.com\/catalogo\/wp-json\/wp\/v2\/comments?post=14707"}],"wp:featuredmedia":[{"embeddable":true,"href":"https:\/\/frionox.com\/catalogo\/wp-json\/wp\/v2\/media\/9998"}],"wp:attachment":[{"href":"https:\/\/frionox.com\/catalogo\/wp-json\/wp\/v2\/media?parent=14707"}],"wp:term":[{"taxonomy":"product_brand","embeddable":true,"href":"https:\/\/frionox.com\/catalogo\/wp-json\/wp\/v2\/product_brand?post=14707"},{"taxonomy":"product_cat","embeddable":true,"href":"https:\/\/frionox.com\/catalogo\/wp-json\/wp\/v2\/product_cat?post=14707"},{"taxonomy":"product_tag","embeddable":true,"href":"https:\/\/frionox.com\/catalogo\/wp-json\/wp\/v2\/product_tag?post=14707"}],"curies":[{"name":"wp","href":"https:\/\/api.w.org\/{rel}","templated":true}]}}