{"id":14609,"date":"2020-05-30T00:10:12","date_gmt":"2020-05-30T05:10:12","guid":{"rendered":"https:\/\/frionox.com\/catalogo\/producto\/batidora-mezcladora-planetaria-de-mesa-19-lts-20qtz-sp20\/"},"modified":"2023-09-20T18:58:08","modified_gmt":"2023-09-20T23:58:08","slug":"batidora-mezcladora-planetaria-de-mesa-19-lts-20qtz-sp20","status":"publish","type":"product","link":"https:\/\/frionox.com\/catalogo\/producto\/batidora-mezcladora-planetaria-de-mesa-19-lts-20qtz-sp20\/","title":{"rendered":"BATIDORA MEZCLADORA PLANETARIA DE MESA 19 Lts. (20Qtz) &#8211; SP20"},"content":{"rendered":"<p>Potente motor personalizado de 1\/2 HP. Transmisi\u00f3n de alta velocidad de transmisi\u00f3n. Engranajes y ejes de aleaci\u00f3n de acero endurecido termotratado. 03 velocidades fijas. Transmisi\u00f3n lubricada de forma permanente. Protecci\u00f3n contra sobrecarga t\u00e9rmica. Controles de panel t\u00e1ctil montados en la parte delantera con temporizador digital y memoria de \u00faltimo lote. Elevaci\u00f3n del taz\u00f3n entrelazada. Taz\u00f3n de acero inoxidable de 20 qt (# 304 series). Batidor plano de aluminio. Alambre de acero inoxidable. Gancho de masa espiral de aluminio. Pies antideslizantes de goma pintura gris esmaltada NSF. Voltaje: 220\/60\/1 .<\/p>\n","protected":false},"excerpt":{"rendered":"<p>Potente motor personalizado de 1\/2 HP. Transmisi\u00f3n de alta velocidad de transmisi\u00f3n. Engranajes y ejes de aleaci\u00f3n de acero endurecido termotratado. 03 velocidades fijas. Transmisi\u00f3n lubricada de forma permanente. Protecci\u00f3n contra sobrecarga t\u00e9rmica. Controles de panel t\u00e1ctil montados en la parte delantera con temporizador digital y memoria de \u00faltimo lote. Elevaci\u00f3n del taz\u00f3n entrelazada. Taz\u00f3n de acero inoxidable de 20 qt (# 304 series). Batidor plano de aluminio. Alambre de acero inoxidable. Gancho de masa espiral de aluminio. Pies antideslizantes de goma pintura gris esmaltada NSF. Voltaje: 220\/60\/1 .<\/p>\n","protected":false},"featured_media":11508,"comment_status":"open","ping_status":"closed","template":"","meta":[],"product_brand":[],"product_cat":[141,94],"product_tag":[],"class_list":{"0":"post-14609","1":"product","2":"type-product","3":"status-publish","4":"has-post-thumbnail","6":"product_cat-procesamiento","7":"product_cat-batidoras","8":"pa_marcas-globe","10":"first","11":"onbackorder","12":"sale","13":"shipping-taxable","14":"purchasable","15":"product-type-simple"},"yoast_head":"<!-- This site is optimized with the Yoast SEO Premium plugin v27.1 (Yoast SEO v27.1.1) - https:\/\/yoast.com\/product\/yoast-seo-premium-wordpress\/ -->\n<title>BATIDORA MEZCLADORA PLANETARIA DE MESA 19 Lts. (20Qtz) - SP20 - FRIONOX<\/title>\n<meta name=\"description\" content=\"Potente motor personalizado de 1\/2 HP. Transmisi\u00f3n de alta velocidad de transmisi\u00f3n. Engranajes y ejes de aleaci\u00f3n de acero endurecido termotratado. 03 velocidades fijas. Transmisi\u00f3n lubricada de forma permanente. Protecci\u00f3n contra sobrecarga t\u00e9rmica. Controles de panel t\u00e1ctil montados en la parte delantera con temporizador digital y memoria de \u00faltimo lote. Elevaci\u00f3n del taz\u00f3n entrelazada. Taz\u00f3n de acero inoxidable de 20 qt (# 304 series). Batidor plano de aluminio. Alambre de acero inoxidable. Gancho de masa espiral de aluminio. Pies antideslizantes de goma pintura gris esmaltada NSF. Voltaje: 220\/60\/1 .\" \/>\n<meta name=\"robots\" content=\"index, follow, max-snippet:-1, max-image-preview:large, max-video-preview:-1\" \/>\n<link rel=\"canonical\" href=\"https:\/\/frionox.com\/catalogo\/producto\/batidora-mezcladora-planetaria-de-mesa-19-lts-20qtz-sp20\/\" \/>\n<meta property=\"og:locale\" content=\"es_ES\" \/>\n<meta property=\"og:type\" content=\"article\" \/>\n<meta property=\"og:title\" content=\"BATIDORA MEZCLADORA PLANETARIA DE MESA 19 Lts. (20Qtz) - SP20\" \/>\n<meta property=\"og:description\" content=\"Potente motor personalizado de 1\/2 HP. Transmisi\u00f3n de alta velocidad de transmisi\u00f3n. Engranajes y ejes de aleaci\u00f3n de acero endurecido termotratado. 03 velocidades fijas. Transmisi\u00f3n lubricada de forma permanente. Protecci\u00f3n contra sobrecarga t\u00e9rmica. Controles de panel t\u00e1ctil montados en la parte delantera con temporizador digital y memoria de \u00faltimo lote. Elevaci\u00f3n del taz\u00f3n entrelazada. Taz\u00f3n de acero inoxidable de 20 qt (# 304 series). Batidor plano de aluminio. Alambre de acero inoxidable. Gancho de masa espiral de aluminio. Pies antideslizantes de goma pintura gris esmaltada NSF. Voltaje: 220\/60\/1 .\" \/>\n<meta property=\"og:url\" content=\"https:\/\/frionox.com\/catalogo\/producto\/batidora-mezcladora-planetaria-de-mesa-19-lts-20qtz-sp20\/\" \/>\n<meta property=\"og:site_name\" content=\"FRIONOX\" \/>\n<meta property=\"article:publisher\" content=\"https:\/\/facebook.com\/frionox.pe\" \/>\n<meta property=\"article:modified_time\" content=\"2023-09-20T23:58:08+00:00\" \/>\n<meta property=\"og:image\" content=\"https:\/\/frionox.com\/catalogo\/wp-content\/uploads\/2020\/04\/SP20.jpg\" \/>\n\t<meta property=\"og:image:width\" content=\"800\" \/>\n\t<meta property=\"og:image:height\" content=\"800\" \/>\n\t<meta property=\"og:image:type\" content=\"image\/jpeg\" \/>\n<meta name=\"twitter:card\" content=\"summary_large_image\" \/>\n<meta name=\"twitter:site\" content=\"@frionoxsac\" \/>\n<meta name=\"twitter:label1\" content=\"Precio\" \/>\n\t<meta name=\"twitter:data1\" content=\"S\/3,881.61\" \/>\n\t<meta name=\"twitter:label2\" content=\"Disponibilidad\" \/>\n\t<meta name=\"twitter:data2\" content=\"Disponible para reservar\" \/>\n<script type=\"application\/ld+json\" class=\"yoast-schema-graph\">{\"@context\":\"https:\/\/schema.org\",\"@graph\":[{\"@type\":\"WebPage\",\"@id\":\"https:\/\/frionox.com\/catalogo\/producto\/batidora-mezcladora-planetaria-de-mesa-19-lts-20qtz-sp20\/\",\"url\":\"https:\/\/frionox.com\/catalogo\/producto\/batidora-mezcladora-planetaria-de-mesa-19-lts-20qtz-sp20\/\",\"name\":\"BATIDORA MEZCLADORA PLANETARIA DE MESA 19 Lts. (20Qtz) - SP20 - FRIONOX\",\"isPartOf\":{\"@id\":\"https:\/\/frionox.com\/catalogo\/#website\"},\"primaryImageOfPage\":{\"@id\":\"https:\/\/frionox.com\/catalogo\/producto\/batidora-mezcladora-planetaria-de-mesa-19-lts-20qtz-sp20\/#primaryimage\"},\"image\":{\"@id\":\"https:\/\/frionox.com\/catalogo\/producto\/batidora-mezcladora-planetaria-de-mesa-19-lts-20qtz-sp20\/#primaryimage\"},\"thumbnailUrl\":\"https:\/\/frionox.com\/catalogo\/wp-content\/uploads\/2020\/04\/SP20.jpg\",\"datePublished\":\"2020-05-30T05:10:12+00:00\",\"dateModified\":\"2023-09-20T23:58:08+00:00\",\"description\":\"Potente motor personalizado de 1\/2 HP. Transmisi\u00f3n de alta velocidad de transmisi\u00f3n. Engranajes y ejes de aleaci\u00f3n de acero endurecido termotratado. 03 velocidades fijas. Transmisi\u00f3n lubricada de forma permanente. Protecci\u00f3n contra sobrecarga t\u00e9rmica. Controles de panel t\u00e1ctil montados en la parte delantera con temporizador digital y memoria de \u00faltimo lote. Elevaci\u00f3n del taz\u00f3n entrelazada. Taz\u00f3n de acero inoxidable de 20 qt (# 304 series). Batidor plano de aluminio. Alambre de acero inoxidable. Gancho de masa espiral de aluminio. Pies antideslizantes de goma pintura gris esmaltada NSF. Voltaje: 220\/60\/1 .\",\"breadcrumb\":{\"@id\":\"https:\/\/frionox.com\/catalogo\/producto\/batidora-mezcladora-planetaria-de-mesa-19-lts-20qtz-sp20\/#breadcrumb\"},\"inLanguage\":\"es\",\"potentialAction\":[{\"@type\":\"ReadAction\",\"target\":[\"https:\/\/frionox.com\/catalogo\/producto\/batidora-mezcladora-planetaria-de-mesa-19-lts-20qtz-sp20\/\"]}]},{\"@type\":\"ImageObject\",\"inLanguage\":\"es\",\"@id\":\"https:\/\/frionox.com\/catalogo\/producto\/batidora-mezcladora-planetaria-de-mesa-19-lts-20qtz-sp20\/#primaryimage\",\"url\":\"https:\/\/frionox.com\/catalogo\/wp-content\/uploads\/2020\/04\/SP20.jpg\",\"contentUrl\":\"https:\/\/frionox.com\/catalogo\/wp-content\/uploads\/2020\/04\/SP20.jpg\",\"width\":800,\"height\":800},{\"@type\":\"BreadcrumbList\",\"@id\":\"https:\/\/frionox.com\/catalogo\/producto\/batidora-mezcladora-planetaria-de-mesa-19-lts-20qtz-sp20\/#breadcrumb\",\"itemListElement\":[{\"@type\":\"ListItem\",\"position\":1,\"name\":\"Portada\",\"item\":\"https:\/\/frionox.com\/catalogo\/\"},{\"@type\":\"ListItem\",\"position\":2,\"name\":\"Hornos Industriales, Licuadoras Industriales, Cocinas y m\u00e1s\",\"item\":\"https:\/\/frionox.com\/catalogo\/tienda\/\"},{\"@type\":\"ListItem\",\"position\":3,\"name\":\"BATIDORA MEZCLADORA PLANETARIA DE MESA 19 Lts. (20Qtz) &#8211; SP20\"}]},{\"@type\":\"WebSite\",\"@id\":\"https:\/\/frionox.com\/catalogo\/#website\",\"url\":\"https:\/\/frionox.com\/catalogo\/\",\"name\":\"FRIONOX\",\"description\":\"Equipamiento de cocinas\",\"publisher\":{\"@id\":\"https:\/\/frionox.com\/catalogo\/#organization\"},\"potentialAction\":[{\"@type\":\"SearchAction\",\"target\":{\"@type\":\"EntryPoint\",\"urlTemplate\":\"https:\/\/frionox.com\/catalogo\/?s={search_term_string}\"},\"query-input\":{\"@type\":\"PropertyValueSpecification\",\"valueRequired\":true,\"valueName\":\"search_term_string\"}}],\"inLanguage\":\"es\"},{\"@type\":[\"Organization\",\"Place\",\"LocalBusiness\"],\"@id\":\"https:\/\/frionox.com\/catalogo\/#organization\",\"name\":\"Frionox Equipamiento de cocinas\",\"url\":\"https:\/\/frionox.com\/catalogo\/\",\"logo\":{\"@id\":\"https:\/\/frionox.com\/catalogo\/producto\/batidora-mezcladora-planetaria-de-mesa-19-lts-20qtz-sp20\/#local-main-organization-logo\"},\"image\":{\"@id\":\"https:\/\/frionox.com\/catalogo\/producto\/batidora-mezcladora-planetaria-de-mesa-19-lts-20qtz-sp20\/#local-main-organization-logo\"},\"sameAs\":[\"https:\/\/facebook.com\/frionox.pe\",\"https:\/\/x.com\/frionoxsac\",\"https:\/\/youtube.com\/@FRIONOXEQUIPAMIENTODECOCINA\"],\"address\":{\"@id\":\"https:\/\/frionox.com\/catalogo\/producto\/batidora-mezcladora-planetaria-de-mesa-19-lts-20qtz-sp20\/#local-main-place-address\"},\"geo\":{\"@type\":\"GeoCoordinates\",\"latitude\":\"-11.980133\",\"longitude\":\"-77.06118200000003\"},\"telephone\":[\"+5115221181\"],\"openingHoursSpecification\":[{\"@type\":\"OpeningHoursSpecification\",\"dayOfWeek\":[\"Monday\",\"Tuesday\",\"Wednesday\",\"Thursday\",\"Friday\",\"Saturday\"],\"opens\":\"08:00\",\"closes\":\"18:00\"},{\"@type\":\"OpeningHoursSpecification\",\"dayOfWeek\":[\"Sunday\"],\"opens\":\"00:00\",\"closes\":\"00:00\"}],\"email\":\"cotizaciones@frionox.com\"},{\"@type\":\"PostalAddress\",\"@id\":\"https:\/\/frionox.com\/catalogo\/producto\/batidora-mezcladora-planetaria-de-mesa-19-lts-20qtz-sp20\/#local-main-place-address\",\"streetAddress\":\"Av. Oscar R. Benavides 1624\",\"addressLocality\":\"Cercado de Lima\",\"postalCode\":\"15082\",\"addressRegion\":\"Lima\",\"addressCountry\":\"PE\"},{\"@type\":\"ImageObject\",\"inLanguage\":\"es\",\"@id\":\"https:\/\/frionox.com\/catalogo\/producto\/batidora-mezcladora-planetaria-de-mesa-19-lts-20qtz-sp20\/#local-main-organization-logo\",\"url\":\"https:\/\/frionox.com\/catalogo\/wp-content\/uploads\/2020\/04\/LOGO-MOBILE.png\",\"contentUrl\":\"https:\/\/frionox.com\/catalogo\/wp-content\/uploads\/2020\/04\/LOGO-MOBILE.png\",\"width\":203,\"height\":61,\"caption\":\"Frionox Equipamiento de cocinas\"}]}<\/script>\n<meta property=\"product:price:amount\" content=\"3881.61\" \/>\n<meta property=\"product:price:currency\" content=\"PEN\" \/>\n<meta property=\"og:availability\" content=\"backorder\" \/>\n<meta property=\"product:availability\" content=\"available for order\" \/>\n<meta property=\"product:retailer_item_id\" content=\"SP20\" \/>\n<meta property=\"product:condition\" content=\"new\" \/>\n<meta name=\"geo.placename\" content=\"Cercado de Lima\" \/>\n<meta name=\"geo.position\" content=\"-11.980133;-77.06118200000003\" \/>\n<meta name=\"geo.region\" content=\"Per\u00fa\" \/>\n<!-- \/ Yoast SEO Premium plugin. -->","yoast_head_json":{"title":"BATIDORA MEZCLADORA PLANETARIA DE MESA 19 Lts. (20Qtz) - SP20 - FRIONOX","description":"Potente motor personalizado de 1\/2 HP. Transmisi\u00f3n de alta velocidad de transmisi\u00f3n. Engranajes y ejes de aleaci\u00f3n de acero endurecido termotratado. 03 velocidades fijas. Transmisi\u00f3n lubricada de forma permanente. Protecci\u00f3n contra sobrecarga t\u00e9rmica. Controles de panel t\u00e1ctil montados en la parte delantera con temporizador digital y memoria de \u00faltimo lote. Elevaci\u00f3n del taz\u00f3n entrelazada. Taz\u00f3n de acero inoxidable de 20 qt (# 304 series). Batidor plano de aluminio. Alambre de acero inoxidable. Gancho de masa espiral de aluminio. Pies antideslizantes de goma pintura gris esmaltada NSF. Voltaje: 220\/60\/1 .","robots":{"index":"index","follow":"follow","max-snippet":"max-snippet:-1","max-image-preview":"max-image-preview:large","max-video-preview":"max-video-preview:-1"},"canonical":"https:\/\/frionox.com\/catalogo\/producto\/batidora-mezcladora-planetaria-de-mesa-19-lts-20qtz-sp20\/","og_locale":"es_ES","og_type":"article","og_title":"BATIDORA MEZCLADORA PLANETARIA DE MESA 19 Lts. (20Qtz) - SP20","og_description":"Potente motor personalizado de 1\/2 HP. Transmisi\u00f3n de alta velocidad de transmisi\u00f3n. Engranajes y ejes de aleaci\u00f3n de acero endurecido termotratado. 03 velocidades fijas. Transmisi\u00f3n lubricada de forma permanente. Protecci\u00f3n contra sobrecarga t\u00e9rmica. Controles de panel t\u00e1ctil montados en la parte delantera con temporizador digital y memoria de \u00faltimo lote. Elevaci\u00f3n del taz\u00f3n entrelazada. Taz\u00f3n de acero inoxidable de 20 qt (# 304 series). Batidor plano de aluminio. Alambre de acero inoxidable. Gancho de masa espiral de aluminio. Pies antideslizantes de goma pintura gris esmaltada NSF. Voltaje: 220\/60\/1 .","og_url":"https:\/\/frionox.com\/catalogo\/producto\/batidora-mezcladora-planetaria-de-mesa-19-lts-20qtz-sp20\/","og_site_name":"FRIONOX","article_publisher":"https:\/\/facebook.com\/frionox.pe","article_modified_time":"2023-09-20T23:58:08+00:00","og_image":[{"width":800,"height":800,"url":"https:\/\/frionox.com\/catalogo\/wp-content\/uploads\/2020\/04\/SP20.jpg","type":"image\/jpeg"}],"twitter_card":"summary_large_image","twitter_site":"@frionoxsac","twitter_misc":{"Precio":"S\/3,881.61","Disponibilidad":"Disponible para reservar"},"schema":{"@context":"https:\/\/schema.org","@graph":[{"@type":"WebPage","@id":"https:\/\/frionox.com\/catalogo\/producto\/batidora-mezcladora-planetaria-de-mesa-19-lts-20qtz-sp20\/","url":"https:\/\/frionox.com\/catalogo\/producto\/batidora-mezcladora-planetaria-de-mesa-19-lts-20qtz-sp20\/","name":"BATIDORA MEZCLADORA PLANETARIA DE MESA 19 Lts. (20Qtz) - SP20 - FRIONOX","isPartOf":{"@id":"https:\/\/frionox.com\/catalogo\/#website"},"primaryImageOfPage":{"@id":"https:\/\/frionox.com\/catalogo\/producto\/batidora-mezcladora-planetaria-de-mesa-19-lts-20qtz-sp20\/#primaryimage"},"image":{"@id":"https:\/\/frionox.com\/catalogo\/producto\/batidora-mezcladora-planetaria-de-mesa-19-lts-20qtz-sp20\/#primaryimage"},"thumbnailUrl":"https:\/\/frionox.com\/catalogo\/wp-content\/uploads\/2020\/04\/SP20.jpg","datePublished":"2020-05-30T05:10:12+00:00","dateModified":"2023-09-20T23:58:08+00:00","description":"Potente motor personalizado de 1\/2 HP. Transmisi\u00f3n de alta velocidad de transmisi\u00f3n. Engranajes y ejes de aleaci\u00f3n de acero endurecido termotratado. 03 velocidades fijas. Transmisi\u00f3n lubricada de forma permanente. Protecci\u00f3n contra sobrecarga t\u00e9rmica. Controles de panel t\u00e1ctil montados en la parte delantera con temporizador digital y memoria de \u00faltimo lote. Elevaci\u00f3n del taz\u00f3n entrelazada. Taz\u00f3n de acero inoxidable de 20 qt (# 304 series). Batidor plano de aluminio. Alambre de acero inoxidable. Gancho de masa espiral de aluminio. Pies antideslizantes de goma pintura gris esmaltada NSF. Voltaje: 220\/60\/1 .","breadcrumb":{"@id":"https:\/\/frionox.com\/catalogo\/producto\/batidora-mezcladora-planetaria-de-mesa-19-lts-20qtz-sp20\/#breadcrumb"},"inLanguage":"es","potentialAction":[{"@type":"ReadAction","target":["https:\/\/frionox.com\/catalogo\/producto\/batidora-mezcladora-planetaria-de-mesa-19-lts-20qtz-sp20\/"]}]},{"@type":"ImageObject","inLanguage":"es","@id":"https:\/\/frionox.com\/catalogo\/producto\/batidora-mezcladora-planetaria-de-mesa-19-lts-20qtz-sp20\/#primaryimage","url":"https:\/\/frionox.com\/catalogo\/wp-content\/uploads\/2020\/04\/SP20.jpg","contentUrl":"https:\/\/frionox.com\/catalogo\/wp-content\/uploads\/2020\/04\/SP20.jpg","width":800,"height":800},{"@type":"BreadcrumbList","@id":"https:\/\/frionox.com\/catalogo\/producto\/batidora-mezcladora-planetaria-de-mesa-19-lts-20qtz-sp20\/#breadcrumb","itemListElement":[{"@type":"ListItem","position":1,"name":"Portada","item":"https:\/\/frionox.com\/catalogo\/"},{"@type":"ListItem","position":2,"name":"Hornos Industriales, Licuadoras Industriales, Cocinas y m\u00e1s","item":"https:\/\/frionox.com\/catalogo\/tienda\/"},{"@type":"ListItem","position":3,"name":"BATIDORA MEZCLADORA PLANETARIA DE MESA 19 Lts. (20Qtz) &#8211; SP20"}]},{"@type":"WebSite","@id":"https:\/\/frionox.com\/catalogo\/#website","url":"https:\/\/frionox.com\/catalogo\/","name":"FRIONOX","description":"Equipamiento de cocinas","publisher":{"@id":"https:\/\/frionox.com\/catalogo\/#organization"},"potentialAction":[{"@type":"SearchAction","target":{"@type":"EntryPoint","urlTemplate":"https:\/\/frionox.com\/catalogo\/?s={search_term_string}"},"query-input":{"@type":"PropertyValueSpecification","valueRequired":true,"valueName":"search_term_string"}}],"inLanguage":"es"},{"@type":["Organization","Place","LocalBusiness"],"@id":"https:\/\/frionox.com\/catalogo\/#organization","name":"Frionox Equipamiento de cocinas","url":"https:\/\/frionox.com\/catalogo\/","logo":{"@id":"https:\/\/frionox.com\/catalogo\/producto\/batidora-mezcladora-planetaria-de-mesa-19-lts-20qtz-sp20\/#local-main-organization-logo"},"image":{"@id":"https:\/\/frionox.com\/catalogo\/producto\/batidora-mezcladora-planetaria-de-mesa-19-lts-20qtz-sp20\/#local-main-organization-logo"},"sameAs":["https:\/\/facebook.com\/frionox.pe","https:\/\/x.com\/frionoxsac","https:\/\/youtube.com\/@FRIONOXEQUIPAMIENTODECOCINA"],"address":{"@id":"https:\/\/frionox.com\/catalogo\/producto\/batidora-mezcladora-planetaria-de-mesa-19-lts-20qtz-sp20\/#local-main-place-address"},"geo":{"@type":"GeoCoordinates","latitude":"-11.980133","longitude":"-77.06118200000003"},"telephone":["+5115221181"],"openingHoursSpecification":[{"@type":"OpeningHoursSpecification","dayOfWeek":["Monday","Tuesday","Wednesday","Thursday","Friday","Saturday"],"opens":"08:00","closes":"18:00"},{"@type":"OpeningHoursSpecification","dayOfWeek":["Sunday"],"opens":"00:00","closes":"00:00"}],"email":"cotizaciones@frionox.com"},{"@type":"PostalAddress","@id":"https:\/\/frionox.com\/catalogo\/producto\/batidora-mezcladora-planetaria-de-mesa-19-lts-20qtz-sp20\/#local-main-place-address","streetAddress":"Av. Oscar R. Benavides 1624","addressLocality":"Cercado de Lima","postalCode":"15082","addressRegion":"Lima","addressCountry":"PE"},{"@type":"ImageObject","inLanguage":"es","@id":"https:\/\/frionox.com\/catalogo\/producto\/batidora-mezcladora-planetaria-de-mesa-19-lts-20qtz-sp20\/#local-main-organization-logo","url":"https:\/\/frionox.com\/catalogo\/wp-content\/uploads\/2020\/04\/LOGO-MOBILE.png","contentUrl":"https:\/\/frionox.com\/catalogo\/wp-content\/uploads\/2020\/04\/LOGO-MOBILE.png","width":203,"height":61,"caption":"Frionox Equipamiento de cocinas"}]},"product_price_amount":"3881.61","product_price_currency":"PEN","og_availability":"backorder","product_availability":"available for order","product_retailer_item_id":"SP20","product_condition":"new","geo.placename":"Cercado de Lima","geo.position":{"lat":"-11.980133","long":"-77.06118200000003"},"geo.region":"Per\u00fa"},"_links":{"self":[{"href":"https:\/\/frionox.com\/catalogo\/wp-json\/wp\/v2\/product\/14609","targetHints":{"allow":["GET"]}}],"collection":[{"href":"https:\/\/frionox.com\/catalogo\/wp-json\/wp\/v2\/product"}],"about":[{"href":"https:\/\/frionox.com\/catalogo\/wp-json\/wp\/v2\/types\/product"}],"replies":[{"embeddable":true,"href":"https:\/\/frionox.com\/catalogo\/wp-json\/wp\/v2\/comments?post=14609"}],"wp:featuredmedia":[{"embeddable":true,"href":"https:\/\/frionox.com\/catalogo\/wp-json\/wp\/v2\/media\/11508"}],"wp:attachment":[{"href":"https:\/\/frionox.com\/catalogo\/wp-json\/wp\/v2\/media?parent=14609"}],"wp:term":[{"taxonomy":"product_brand","embeddable":true,"href":"https:\/\/frionox.com\/catalogo\/wp-json\/wp\/v2\/product_brand?post=14609"},{"taxonomy":"product_cat","embeddable":true,"href":"https:\/\/frionox.com\/catalogo\/wp-json\/wp\/v2\/product_cat?post=14609"},{"taxonomy":"product_tag","embeddable":true,"href":"https:\/\/frionox.com\/catalogo\/wp-json\/wp\/v2\/product_tag?post=14609"}],"curies":[{"name":"wp","href":"https:\/\/api.w.org\/{rel}","templated":true}]}}