{"id":14601,"date":"2020-05-30T00:10:11","date_gmt":"2020-05-30T05:10:11","guid":{"rendered":"https:\/\/frionox.com\/catalogo\/producto\/plancha-freidora-lisa-counter-top-gd24g\/"},"modified":"2026-02-09T13:58:20","modified_gmt":"2026-02-09T18:58:20","slug":"plancha-freidora-lisa-counter-top-gd24g","status":"publish","type":"product","link":"https:\/\/frionox.com\/catalogo\/producto\/plancha-freidora-lisa-counter-top-gd24g\/","title":{"rendered":"PLANCHA FREIDORA LISA COUNTER TOP GD24G"},"content":{"rendered":"<p>&#8216;- Estructura en acero inoxidable. &#8211; Plancha de acero pulido de 1\/2 &#8220;(13 mm) de espesor con protector contra salpicaduras soldado de 2-5 \/ 8&#8221; (67 mm) en los costados y la parte posterior de la placa. &#8211; Bordes de acero inoxidable AISI 304. &#8211; Encendido de chispa piezoel\u00e9ctrica. &#8211; Conexi\u00f3n de gas trasera con regulador de presi\u00f3n. &#8211; Gas natural o propano. &#8211; 40 000 BTU\/HR. &#8211; Patas sanitarias de 4 &#8220;(102 mm).<\/p>\n","protected":false},"excerpt":{"rendered":"<p>&#8216;- Estructura en acero inoxidable. &#8211; Plancha de acero pulido de 1\/2 &#8220;(13 mm) de espesor con protector contra salpicaduras soldado de 2-5 \/ 8&#8221; (67 mm) en los costados y la parte posterior de la placa. &#8211; Bordes de acero inoxidable AISI 304. &#8211; Encendido de chispa piezoel\u00e9ctrica. &#8211; Conexi\u00f3n de gas trasera con regulador de presi\u00f3n. &#8211; Gas natural o propano. &#8211; 40 000 BTU\/HR. &#8211; Patas sanitarias de 4 &#8220;(102 mm).<\/p>\n","protected":false},"featured_media":11043,"comment_status":"open","ping_status":"closed","template":"","meta":[],"product_brand":[],"product_cat":[29,121],"product_tag":[],"class_list":{"0":"post-14601","1":"product","2":"type-product","3":"status-publish","4":"has-post-thumbnail","6":"product_cat-equipos-de-coccion","7":"product_cat-plancha-freidora","8":"pa_marcas-garland","10":"first","11":"onbackorder","12":"shipping-taxable","13":"purchasable","14":"product-type-simple"},"yoast_head":"<!-- This site is optimized with the Yoast SEO Premium plugin v27.1 (Yoast SEO v27.1.1) - https:\/\/yoast.com\/product\/yoast-seo-premium-wordpress\/ -->\n<title>PLANCHA FREIDORA LISA COUNTER TOP GD24G - FRIONOX<\/title>\n<meta name=\"description\" content=\"&#039;- Estructura en acero inoxidable. - Plancha de acero pulido de 1\/2 &quot;(13 mm) de espesor con protector contra salpicaduras soldado de 2-5 \/ 8&quot; (67 mm) en los costados y la parte posterior de la placa. - Bordes de acero inoxidable AISI 304. - Encendido de chispa piezoel\u00e9ctrica. - Conexi\u00f3n de gas trasera con regulador de presi\u00f3n. - Gas natural o propano. - 40 000 BTU\/HR. - Patas sanitarias de 4 &quot;(102 mm).\" \/>\n<meta name=\"robots\" content=\"index, follow, max-snippet:-1, max-image-preview:large, max-video-preview:-1\" \/>\n<link rel=\"canonical\" href=\"https:\/\/frionox.com\/catalogo\/producto\/plancha-freidora-lisa-counter-top-gd24g\/\" \/>\n<meta property=\"og:locale\" content=\"es_ES\" \/>\n<meta property=\"og:type\" content=\"article\" \/>\n<meta property=\"og:title\" content=\"PLANCHA FREIDORA LISA COUNTER TOP GD24G\" \/>\n<meta property=\"og:description\" content=\"&#039;- Estructura en acero inoxidable. - Plancha de acero pulido de 1\/2 &quot;(13 mm) de espesor con protector contra salpicaduras soldado de 2-5 \/ 8&quot; (67 mm) en los costados y la parte posterior de la placa. - Bordes de acero inoxidable AISI 304. - Encendido de chispa piezoel\u00e9ctrica. - Conexi\u00f3n de gas trasera con regulador de presi\u00f3n. - Gas natural o propano. - 40 000 BTU\/HR. - Patas sanitarias de 4 &quot;(102 mm).\" \/>\n<meta property=\"og:url\" content=\"https:\/\/frionox.com\/catalogo\/producto\/plancha-freidora-lisa-counter-top-gd24g\/\" \/>\n<meta property=\"og:site_name\" content=\"FRIONOX\" \/>\n<meta property=\"article:publisher\" content=\"https:\/\/facebook.com\/frionox.pe\" \/>\n<meta property=\"article:modified_time\" content=\"2026-02-09T18:58:20+00:00\" \/>\n<meta property=\"og:image\" content=\"https:\/\/frionox.com\/catalogo\/wp-content\/uploads\/2020\/04\/GD24G.jpg\" \/>\n\t<meta property=\"og:image:width\" content=\"800\" \/>\n\t<meta property=\"og:image:height\" content=\"800\" \/>\n\t<meta property=\"og:image:type\" content=\"image\/jpeg\" \/>\n<meta name=\"twitter:card\" content=\"summary_large_image\" \/>\n<meta name=\"twitter:site\" content=\"@frionoxsac\" \/>\n<meta name=\"twitter:label1\" content=\"Precio\" \/>\n\t<meta name=\"twitter:data1\" content=\"S\/4,012.00\" \/>\n\t<meta name=\"twitter:label2\" content=\"Disponibilidad\" \/>\n\t<meta name=\"twitter:data2\" content=\"Disponible para reservar\" \/>\n<script type=\"application\/ld+json\" class=\"yoast-schema-graph\">{\"@context\":\"https:\/\/schema.org\",\"@graph\":[{\"@type\":\"WebPage\",\"@id\":\"https:\/\/frionox.com\/catalogo\/producto\/plancha-freidora-lisa-counter-top-gd24g\/\",\"url\":\"https:\/\/frionox.com\/catalogo\/producto\/plancha-freidora-lisa-counter-top-gd24g\/\",\"name\":\"PLANCHA FREIDORA LISA COUNTER TOP GD24G - FRIONOX\",\"isPartOf\":{\"@id\":\"https:\/\/frionox.com\/catalogo\/#website\"},\"primaryImageOfPage\":{\"@id\":\"https:\/\/frionox.com\/catalogo\/producto\/plancha-freidora-lisa-counter-top-gd24g\/#primaryimage\"},\"image\":{\"@id\":\"https:\/\/frionox.com\/catalogo\/producto\/plancha-freidora-lisa-counter-top-gd24g\/#primaryimage\"},\"thumbnailUrl\":\"https:\/\/frionox.com\/catalogo\/wp-content\/uploads\/2020\/04\/GD24G.jpg\",\"datePublished\":\"2020-05-30T05:10:11+00:00\",\"dateModified\":\"2026-02-09T18:58:20+00:00\",\"description\":\"'- Estructura en acero inoxidable. - Plancha de acero pulido de 1\/2 \\\"(13 mm) de espesor con protector contra salpicaduras soldado de 2-5 \/ 8\\\" (67 mm) en los costados y la parte posterior de la placa. - Bordes de acero inoxidable AISI 304. - Encendido de chispa piezoel\u00e9ctrica. - Conexi\u00f3n de gas trasera con regulador de presi\u00f3n. - Gas natural o propano. - 40 000 BTU\/HR. - Patas sanitarias de 4 \\\"(102 mm).\",\"breadcrumb\":{\"@id\":\"https:\/\/frionox.com\/catalogo\/producto\/plancha-freidora-lisa-counter-top-gd24g\/#breadcrumb\"},\"inLanguage\":\"es\",\"potentialAction\":[{\"@type\":\"ReadAction\",\"target\":[\"https:\/\/frionox.com\/catalogo\/producto\/plancha-freidora-lisa-counter-top-gd24g\/\"]}]},{\"@type\":\"ImageObject\",\"inLanguage\":\"es\",\"@id\":\"https:\/\/frionox.com\/catalogo\/producto\/plancha-freidora-lisa-counter-top-gd24g\/#primaryimage\",\"url\":\"https:\/\/frionox.com\/catalogo\/wp-content\/uploads\/2020\/04\/GD24G.jpg\",\"contentUrl\":\"https:\/\/frionox.com\/catalogo\/wp-content\/uploads\/2020\/04\/GD24G.jpg\",\"width\":800,\"height\":800},{\"@type\":\"BreadcrumbList\",\"@id\":\"https:\/\/frionox.com\/catalogo\/producto\/plancha-freidora-lisa-counter-top-gd24g\/#breadcrumb\",\"itemListElement\":[{\"@type\":\"ListItem\",\"position\":1,\"name\":\"Portada\",\"item\":\"https:\/\/frionox.com\/catalogo\/\"},{\"@type\":\"ListItem\",\"position\":2,\"name\":\"Hornos Industriales, Licuadoras Industriales, Cocinas y m\u00e1s\",\"item\":\"https:\/\/frionox.com\/catalogo\/tienda\/\"},{\"@type\":\"ListItem\",\"position\":3,\"name\":\"PLANCHA FREIDORA LISA COUNTER TOP GD24G\"}]},{\"@type\":\"WebSite\",\"@id\":\"https:\/\/frionox.com\/catalogo\/#website\",\"url\":\"https:\/\/frionox.com\/catalogo\/\",\"name\":\"FRIONOX\",\"description\":\"Equipamiento de cocinas\",\"publisher\":{\"@id\":\"https:\/\/frionox.com\/catalogo\/#organization\"},\"potentialAction\":[{\"@type\":\"SearchAction\",\"target\":{\"@type\":\"EntryPoint\",\"urlTemplate\":\"https:\/\/frionox.com\/catalogo\/?s={search_term_string}\"},\"query-input\":{\"@type\":\"PropertyValueSpecification\",\"valueRequired\":true,\"valueName\":\"search_term_string\"}}],\"inLanguage\":\"es\"},{\"@type\":[\"Organization\",\"Place\",\"LocalBusiness\"],\"@id\":\"https:\/\/frionox.com\/catalogo\/#organization\",\"name\":\"Frionox Equipamiento de cocinas\",\"url\":\"https:\/\/frionox.com\/catalogo\/\",\"logo\":{\"@id\":\"https:\/\/frionox.com\/catalogo\/producto\/plancha-freidora-lisa-counter-top-gd24g\/#local-main-organization-logo\"},\"image\":{\"@id\":\"https:\/\/frionox.com\/catalogo\/producto\/plancha-freidora-lisa-counter-top-gd24g\/#local-main-organization-logo\"},\"sameAs\":[\"https:\/\/facebook.com\/frionox.pe\",\"https:\/\/x.com\/frionoxsac\",\"https:\/\/youtube.com\/@FRIONOXEQUIPAMIENTODECOCINA\"],\"address\":{\"@id\":\"https:\/\/frionox.com\/catalogo\/producto\/plancha-freidora-lisa-counter-top-gd24g\/#local-main-place-address\"},\"geo\":{\"@type\":\"GeoCoordinates\",\"latitude\":\"-11.980133\",\"longitude\":\"-77.06118200000003\"},\"telephone\":[\"+5115221181\"],\"openingHoursSpecification\":[{\"@type\":\"OpeningHoursSpecification\",\"dayOfWeek\":[\"Monday\",\"Tuesday\",\"Wednesday\",\"Thursday\",\"Friday\",\"Saturday\"],\"opens\":\"08:00\",\"closes\":\"18:00\"},{\"@type\":\"OpeningHoursSpecification\",\"dayOfWeek\":[\"Sunday\"],\"opens\":\"00:00\",\"closes\":\"00:00\"}],\"email\":\"cotizaciones@frionox.com\"},{\"@type\":\"PostalAddress\",\"@id\":\"https:\/\/frionox.com\/catalogo\/producto\/plancha-freidora-lisa-counter-top-gd24g\/#local-main-place-address\",\"streetAddress\":\"Av. Oscar R. Benavides 1624\",\"addressLocality\":\"Cercado de Lima\",\"postalCode\":\"15082\",\"addressRegion\":\"Lima\",\"addressCountry\":\"PE\"},{\"@type\":\"ImageObject\",\"inLanguage\":\"es\",\"@id\":\"https:\/\/frionox.com\/catalogo\/producto\/plancha-freidora-lisa-counter-top-gd24g\/#local-main-organization-logo\",\"url\":\"https:\/\/frionox.com\/catalogo\/wp-content\/uploads\/2020\/04\/LOGO-MOBILE.png\",\"contentUrl\":\"https:\/\/frionox.com\/catalogo\/wp-content\/uploads\/2020\/04\/LOGO-MOBILE.png\",\"width\":203,\"height\":61,\"caption\":\"Frionox Equipamiento de cocinas\"}]}<\/script>\n<meta property=\"product:price:amount\" content=\"4012.00\" \/>\n<meta property=\"product:price:currency\" content=\"PEN\" \/>\n<meta property=\"og:availability\" content=\"backorder\" \/>\n<meta property=\"product:availability\" content=\"available for order\" \/>\n<meta property=\"product:retailer_item_id\" content=\"GD24G\" \/>\n<meta property=\"product:condition\" content=\"new\" \/>\n<meta name=\"geo.placename\" content=\"Cercado de Lima\" \/>\n<meta name=\"geo.position\" content=\"-11.980133;-77.06118200000003\" \/>\n<meta name=\"geo.region\" content=\"Per\u00fa\" \/>\n<!-- \/ Yoast SEO Premium plugin. -->","yoast_head_json":{"title":"PLANCHA FREIDORA LISA COUNTER TOP GD24G - FRIONOX","description":"'- Estructura en acero inoxidable. - Plancha de acero pulido de 1\/2 \"(13 mm) de espesor con protector contra salpicaduras soldado de 2-5 \/ 8\" (67 mm) en los costados y la parte posterior de la placa. - Bordes de acero inoxidable AISI 304. - Encendido de chispa piezoel\u00e9ctrica. - Conexi\u00f3n de gas trasera con regulador de presi\u00f3n. - Gas natural o propano. - 40 000 BTU\/HR. - Patas sanitarias de 4 \"(102 mm).","robots":{"index":"index","follow":"follow","max-snippet":"max-snippet:-1","max-image-preview":"max-image-preview:large","max-video-preview":"max-video-preview:-1"},"canonical":"https:\/\/frionox.com\/catalogo\/producto\/plancha-freidora-lisa-counter-top-gd24g\/","og_locale":"es_ES","og_type":"article","og_title":"PLANCHA FREIDORA LISA COUNTER TOP GD24G","og_description":"'- Estructura en acero inoxidable. - Plancha de acero pulido de 1\/2 \"(13 mm) de espesor con protector contra salpicaduras soldado de 2-5 \/ 8\" (67 mm) en los costados y la parte posterior de la placa. - Bordes de acero inoxidable AISI 304. - Encendido de chispa piezoel\u00e9ctrica. - Conexi\u00f3n de gas trasera con regulador de presi\u00f3n. - Gas natural o propano. - 40 000 BTU\/HR. - Patas sanitarias de 4 \"(102 mm).","og_url":"https:\/\/frionox.com\/catalogo\/producto\/plancha-freidora-lisa-counter-top-gd24g\/","og_site_name":"FRIONOX","article_publisher":"https:\/\/facebook.com\/frionox.pe","article_modified_time":"2026-02-09T18:58:20+00:00","og_image":[{"width":800,"height":800,"url":"https:\/\/frionox.com\/catalogo\/wp-content\/uploads\/2020\/04\/GD24G.jpg","type":"image\/jpeg"}],"twitter_card":"summary_large_image","twitter_site":"@frionoxsac","twitter_misc":{"Precio":"S\/4,012.00","Disponibilidad":"Disponible para reservar"},"schema":{"@context":"https:\/\/schema.org","@graph":[{"@type":"WebPage","@id":"https:\/\/frionox.com\/catalogo\/producto\/plancha-freidora-lisa-counter-top-gd24g\/","url":"https:\/\/frionox.com\/catalogo\/producto\/plancha-freidora-lisa-counter-top-gd24g\/","name":"PLANCHA FREIDORA LISA COUNTER TOP GD24G - FRIONOX","isPartOf":{"@id":"https:\/\/frionox.com\/catalogo\/#website"},"primaryImageOfPage":{"@id":"https:\/\/frionox.com\/catalogo\/producto\/plancha-freidora-lisa-counter-top-gd24g\/#primaryimage"},"image":{"@id":"https:\/\/frionox.com\/catalogo\/producto\/plancha-freidora-lisa-counter-top-gd24g\/#primaryimage"},"thumbnailUrl":"https:\/\/frionox.com\/catalogo\/wp-content\/uploads\/2020\/04\/GD24G.jpg","datePublished":"2020-05-30T05:10:11+00:00","dateModified":"2026-02-09T18:58:20+00:00","description":"'- Estructura en acero inoxidable. - Plancha de acero pulido de 1\/2 \"(13 mm) de espesor con protector contra salpicaduras soldado de 2-5 \/ 8\" (67 mm) en los costados y la parte posterior de la placa. - Bordes de acero inoxidable AISI 304. - Encendido de chispa piezoel\u00e9ctrica. - Conexi\u00f3n de gas trasera con regulador de presi\u00f3n. - Gas natural o propano. - 40 000 BTU\/HR. - Patas sanitarias de 4 \"(102 mm).","breadcrumb":{"@id":"https:\/\/frionox.com\/catalogo\/producto\/plancha-freidora-lisa-counter-top-gd24g\/#breadcrumb"},"inLanguage":"es","potentialAction":[{"@type":"ReadAction","target":["https:\/\/frionox.com\/catalogo\/producto\/plancha-freidora-lisa-counter-top-gd24g\/"]}]},{"@type":"ImageObject","inLanguage":"es","@id":"https:\/\/frionox.com\/catalogo\/producto\/plancha-freidora-lisa-counter-top-gd24g\/#primaryimage","url":"https:\/\/frionox.com\/catalogo\/wp-content\/uploads\/2020\/04\/GD24G.jpg","contentUrl":"https:\/\/frionox.com\/catalogo\/wp-content\/uploads\/2020\/04\/GD24G.jpg","width":800,"height":800},{"@type":"BreadcrumbList","@id":"https:\/\/frionox.com\/catalogo\/producto\/plancha-freidora-lisa-counter-top-gd24g\/#breadcrumb","itemListElement":[{"@type":"ListItem","position":1,"name":"Portada","item":"https:\/\/frionox.com\/catalogo\/"},{"@type":"ListItem","position":2,"name":"Hornos Industriales, Licuadoras Industriales, Cocinas y m\u00e1s","item":"https:\/\/frionox.com\/catalogo\/tienda\/"},{"@type":"ListItem","position":3,"name":"PLANCHA FREIDORA LISA COUNTER TOP GD24G"}]},{"@type":"WebSite","@id":"https:\/\/frionox.com\/catalogo\/#website","url":"https:\/\/frionox.com\/catalogo\/","name":"FRIONOX","description":"Equipamiento de cocinas","publisher":{"@id":"https:\/\/frionox.com\/catalogo\/#organization"},"potentialAction":[{"@type":"SearchAction","target":{"@type":"EntryPoint","urlTemplate":"https:\/\/frionox.com\/catalogo\/?s={search_term_string}"},"query-input":{"@type":"PropertyValueSpecification","valueRequired":true,"valueName":"search_term_string"}}],"inLanguage":"es"},{"@type":["Organization","Place","LocalBusiness"],"@id":"https:\/\/frionox.com\/catalogo\/#organization","name":"Frionox Equipamiento de cocinas","url":"https:\/\/frionox.com\/catalogo\/","logo":{"@id":"https:\/\/frionox.com\/catalogo\/producto\/plancha-freidora-lisa-counter-top-gd24g\/#local-main-organization-logo"},"image":{"@id":"https:\/\/frionox.com\/catalogo\/producto\/plancha-freidora-lisa-counter-top-gd24g\/#local-main-organization-logo"},"sameAs":["https:\/\/facebook.com\/frionox.pe","https:\/\/x.com\/frionoxsac","https:\/\/youtube.com\/@FRIONOXEQUIPAMIENTODECOCINA"],"address":{"@id":"https:\/\/frionox.com\/catalogo\/producto\/plancha-freidora-lisa-counter-top-gd24g\/#local-main-place-address"},"geo":{"@type":"GeoCoordinates","latitude":"-11.980133","longitude":"-77.06118200000003"},"telephone":["+5115221181"],"openingHoursSpecification":[{"@type":"OpeningHoursSpecification","dayOfWeek":["Monday","Tuesday","Wednesday","Thursday","Friday","Saturday"],"opens":"08:00","closes":"18:00"},{"@type":"OpeningHoursSpecification","dayOfWeek":["Sunday"],"opens":"00:00","closes":"00:00"}],"email":"cotizaciones@frionox.com"},{"@type":"PostalAddress","@id":"https:\/\/frionox.com\/catalogo\/producto\/plancha-freidora-lisa-counter-top-gd24g\/#local-main-place-address","streetAddress":"Av. Oscar R. Benavides 1624","addressLocality":"Cercado de Lima","postalCode":"15082","addressRegion":"Lima","addressCountry":"PE"},{"@type":"ImageObject","inLanguage":"es","@id":"https:\/\/frionox.com\/catalogo\/producto\/plancha-freidora-lisa-counter-top-gd24g\/#local-main-organization-logo","url":"https:\/\/frionox.com\/catalogo\/wp-content\/uploads\/2020\/04\/LOGO-MOBILE.png","contentUrl":"https:\/\/frionox.com\/catalogo\/wp-content\/uploads\/2020\/04\/LOGO-MOBILE.png","width":203,"height":61,"caption":"Frionox Equipamiento de cocinas"}]},"product_price_amount":"4012.00","product_price_currency":"PEN","og_availability":"backorder","product_availability":"available for order","product_retailer_item_id":"GD24G","product_condition":"new","geo.placename":"Cercado de Lima","geo.position":{"lat":"-11.980133","long":"-77.06118200000003"},"geo.region":"Per\u00fa"},"_links":{"self":[{"href":"https:\/\/frionox.com\/catalogo\/wp-json\/wp\/v2\/product\/14601","targetHints":{"allow":["GET"]}}],"collection":[{"href":"https:\/\/frionox.com\/catalogo\/wp-json\/wp\/v2\/product"}],"about":[{"href":"https:\/\/frionox.com\/catalogo\/wp-json\/wp\/v2\/types\/product"}],"replies":[{"embeddable":true,"href":"https:\/\/frionox.com\/catalogo\/wp-json\/wp\/v2\/comments?post=14601"}],"wp:featuredmedia":[{"embeddable":true,"href":"https:\/\/frionox.com\/catalogo\/wp-json\/wp\/v2\/media\/11043"}],"wp:attachment":[{"href":"https:\/\/frionox.com\/catalogo\/wp-json\/wp\/v2\/media?parent=14601"}],"wp:term":[{"taxonomy":"product_brand","embeddable":true,"href":"https:\/\/frionox.com\/catalogo\/wp-json\/wp\/v2\/product_brand?post=14601"},{"taxonomy":"product_cat","embeddable":true,"href":"https:\/\/frionox.com\/catalogo\/wp-json\/wp\/v2\/product_cat?post=14601"},{"taxonomy":"product_tag","embeddable":true,"href":"https:\/\/frionox.com\/catalogo\/wp-json\/wp\/v2\/product_tag?post=14601"}],"curies":[{"name":"wp","href":"https:\/\/api.w.org\/{rel}","templated":true}]}}