{"id":14311,"date":"2020-05-30T00:06:47","date_gmt":"2020-05-30T05:06:47","guid":{"rendered":"https:\/\/frionox.com\/catalogo\/producto\/sarten-electrica-basculante-directa-fondo-inox-304-80l-easybratt\/"},"modified":"2024-09-09T14:41:57","modified_gmt":"2024-09-09T19:41:57","slug":"sarten-electrica-basculante-directa-fondo-inox-304-80l-easybratt","status":"publish","type":"product","link":"https:\/\/frionox.com\/catalogo\/producto\/sarten-electrica-basculante-directa-fondo-inox-304-80l-easybratt\/","title":{"rendered":"SARTEN ELECTRICA BASCULANTE DIRECTA FONDO INOX 304 80L EASYBRATT"},"content":{"rendered":"<p>Cuba construida enteramente en acero inoxidable AISI 30. Fondo de la cuba de acero inoxidable AISI 304 espesor 10 mm. Inclinaci\u00f3n manual con el eje anterior con tornillo sin fin y volante de maniobra. Los modelos a gas llevan calentamiento por quemadores tubulares de acero inoxidable. Alimentaci\u00f3n de gas por medio de v\u00e1lvula termost\u00e1tica con sistema de seguridad con termopar. Regulaci\u00f3n de las temperaturas de 100\u00baC a 300\u00baC. Capacidad total: 86 lts. Capacidad utilizable: 70 lts. Potencia el\u00e9ctrica: 9.9KW Voltaje: 220V\/60Hz\/3AC<\/p>\n","protected":false},"excerpt":{"rendered":"<p>Cuba construida enteramente en acero inoxidable AISI 30. Fondo de la cuba de acero inoxidable AISI 304 espesor 10 mm. Inclinaci\u00f3n manual con el eje anterior con tornillo sin fin y volante de maniobra. Los modelos a gas llevan calentamiento por quemadores tubulares de acero inoxidable. Alimentaci\u00f3n de gas por medio de v\u00e1lvula termost\u00e1tica con sistema de seguridad con termopar. Regulaci\u00f3n de las temperaturas de 100\u00baC a 300\u00baC. Capacidad total: 86 lts. Capacidad utilizable: 70 lts. Potencia el\u00e9ctrica: 9.9KW Voltaje: 220V\/60Hz\/3AC<\/p>\n","protected":false},"featured_media":12072,"comment_status":"open","ping_status":"closed","template":"","meta":[],"product_brand":[],"product_cat":[29,123],"product_tag":[],"class_list":{"0":"post-14311","1":"product","2":"type-product","3":"status-publish","4":"has-post-thumbnail","6":"product_cat-equipos-de-coccion","7":"product_cat-sartenes-volcable-basculante","8":"pa_marcas-firex","10":"first","11":"onbackorder","12":"sale","13":"shipping-taxable","14":"purchasable","15":"product-type-simple"},"yoast_head":"<!-- This site is optimized with the Yoast SEO Premium plugin v27.1 (Yoast SEO v27.1.1) - https:\/\/yoast.com\/product\/yoast-seo-premium-wordpress\/ -->\n<title>SARTEN ELECTRICA BASCULANTE DIRECTA FONDO INOX 304 80L EASYBRATT - FRIONOX<\/title>\n<meta name=\"description\" content=\"Cuba construida enteramente en acero inoxidable AISI 30. Fondo de la cuba de acero inoxidable AISI 304 espesor 10 mm. Inclinaci\u00f3n manual con el eje anterior con tornillo sin fin y volante de maniobra. Los modelos a gas llevan calentamiento por quemadores tubulares de acero inoxidable. Alimentaci\u00f3n de gas por medio de v\u00e1lvula termost\u00e1tica con sistema de seguridad con termopar. Regulaci\u00f3n de las temperaturas de 100\u00baC a 300\u00baC. Capacidad total: 86 lts. Capacidad utilizable: 70 lts. Potencia el\u00e9ctrica: 9.9KW Voltaje: 220V\/60Hz\/3AC\" \/>\n<meta name=\"robots\" content=\"index, follow, max-snippet:-1, max-image-preview:large, max-video-preview:-1\" \/>\n<link rel=\"canonical\" href=\"https:\/\/frionox.com\/catalogo\/producto\/sarten-electrica-basculante-directa-fondo-inox-304-80l-easybratt\/\" \/>\n<meta property=\"og:locale\" content=\"es_ES\" \/>\n<meta property=\"og:type\" content=\"article\" \/>\n<meta property=\"og:title\" content=\"SARTEN ELECTRICA BASCULANTE DIRECTA FONDO INOX 304 80L EASYBRATT\" \/>\n<meta property=\"og:description\" content=\"Cuba construida enteramente en acero inoxidable AISI 30. Fondo de la cuba de acero inoxidable AISI 304 espesor 10 mm. Inclinaci\u00f3n manual con el eje anterior con tornillo sin fin y volante de maniobra. Los modelos a gas llevan calentamiento por quemadores tubulares de acero inoxidable. Alimentaci\u00f3n de gas por medio de v\u00e1lvula termost\u00e1tica con sistema de seguridad con termopar. Regulaci\u00f3n de las temperaturas de 100\u00baC a 300\u00baC. Capacidad total: 86 lts. Capacidad utilizable: 70 lts. Potencia el\u00e9ctrica: 9.9KW Voltaje: 220V\/60Hz\/3AC\" \/>\n<meta property=\"og:url\" content=\"https:\/\/frionox.com\/catalogo\/producto\/sarten-electrica-basculante-directa-fondo-inox-304-80l-easybratt\/\" \/>\n<meta property=\"og:site_name\" content=\"FRIONOX\" \/>\n<meta property=\"article:publisher\" content=\"https:\/\/facebook.com\/frionox.pe\" \/>\n<meta property=\"article:modified_time\" content=\"2024-09-09T19:41:57+00:00\" \/>\n<meta property=\"og:image\" content=\"https:\/\/frionox.com\/catalogo\/wp-content\/uploads\/2020\/04\/BM8E080I.jpg\" \/>\n\t<meta property=\"og:image:width\" content=\"600\" \/>\n\t<meta property=\"og:image:height\" content=\"600\" \/>\n\t<meta property=\"og:image:type\" content=\"image\/jpeg\" \/>\n<meta name=\"twitter:card\" content=\"summary_large_image\" \/>\n<meta name=\"twitter:site\" content=\"@frionoxsac\" \/>\n<meta name=\"twitter:label1\" content=\"Precio\" \/>\n\t<meta name=\"twitter:data1\" content=\"S\/8,124.30\" \/>\n\t<meta name=\"twitter:label2\" content=\"Disponibilidad\" \/>\n\t<meta name=\"twitter:data2\" content=\"Disponible para reservar\" \/>\n<script type=\"application\/ld+json\" class=\"yoast-schema-graph\">{\"@context\":\"https:\/\/schema.org\",\"@graph\":[{\"@type\":\"WebPage\",\"@id\":\"https:\/\/frionox.com\/catalogo\/producto\/sarten-electrica-basculante-directa-fondo-inox-304-80l-easybratt\/\",\"url\":\"https:\/\/frionox.com\/catalogo\/producto\/sarten-electrica-basculante-directa-fondo-inox-304-80l-easybratt\/\",\"name\":\"SARTEN ELECTRICA BASCULANTE DIRECTA FONDO INOX 304 80L EASYBRATT - FRIONOX\",\"isPartOf\":{\"@id\":\"https:\/\/frionox.com\/catalogo\/#website\"},\"primaryImageOfPage\":{\"@id\":\"https:\/\/frionox.com\/catalogo\/producto\/sarten-electrica-basculante-directa-fondo-inox-304-80l-easybratt\/#primaryimage\"},\"image\":{\"@id\":\"https:\/\/frionox.com\/catalogo\/producto\/sarten-electrica-basculante-directa-fondo-inox-304-80l-easybratt\/#primaryimage\"},\"thumbnailUrl\":\"https:\/\/frionox.com\/catalogo\/wp-content\/uploads\/2020\/04\/BM8E080I.jpg\",\"datePublished\":\"2020-05-30T05:06:47+00:00\",\"dateModified\":\"2024-09-09T19:41:57+00:00\",\"description\":\"Cuba construida enteramente en acero inoxidable AISI 30. Fondo de la cuba de acero inoxidable AISI 304 espesor 10 mm. Inclinaci\u00f3n manual con el eje anterior con tornillo sin fin y volante de maniobra. Los modelos a gas llevan calentamiento por quemadores tubulares de acero inoxidable. Alimentaci\u00f3n de gas por medio de v\u00e1lvula termost\u00e1tica con sistema de seguridad con termopar. Regulaci\u00f3n de las temperaturas de 100\u00baC a 300\u00baC. Capacidad total: 86 lts. Capacidad utilizable: 70 lts. Potencia el\u00e9ctrica: 9.9KW Voltaje: 220V\/60Hz\/3AC\",\"breadcrumb\":{\"@id\":\"https:\/\/frionox.com\/catalogo\/producto\/sarten-electrica-basculante-directa-fondo-inox-304-80l-easybratt\/#breadcrumb\"},\"inLanguage\":\"es\",\"potentialAction\":[{\"@type\":\"ReadAction\",\"target\":[\"https:\/\/frionox.com\/catalogo\/producto\/sarten-electrica-basculante-directa-fondo-inox-304-80l-easybratt\/\"]}]},{\"@type\":\"ImageObject\",\"inLanguage\":\"es\",\"@id\":\"https:\/\/frionox.com\/catalogo\/producto\/sarten-electrica-basculante-directa-fondo-inox-304-80l-easybratt\/#primaryimage\",\"url\":\"https:\/\/frionox.com\/catalogo\/wp-content\/uploads\/2020\/04\/BM8E080I.jpg\",\"contentUrl\":\"https:\/\/frionox.com\/catalogo\/wp-content\/uploads\/2020\/04\/BM8E080I.jpg\",\"width\":600,\"height\":600},{\"@type\":\"BreadcrumbList\",\"@id\":\"https:\/\/frionox.com\/catalogo\/producto\/sarten-electrica-basculante-directa-fondo-inox-304-80l-easybratt\/#breadcrumb\",\"itemListElement\":[{\"@type\":\"ListItem\",\"position\":1,\"name\":\"Portada\",\"item\":\"https:\/\/frionox.com\/catalogo\/\"},{\"@type\":\"ListItem\",\"position\":2,\"name\":\"Hornos Industriales, Licuadoras Industriales, Cocinas y m\u00e1s\",\"item\":\"https:\/\/frionox.com\/catalogo\/tienda\/\"},{\"@type\":\"ListItem\",\"position\":3,\"name\":\"SARTEN ELECTRICA BASCULANTE DIRECTA FONDO INOX 304 80L EASYBRATT\"}]},{\"@type\":\"WebSite\",\"@id\":\"https:\/\/frionox.com\/catalogo\/#website\",\"url\":\"https:\/\/frionox.com\/catalogo\/\",\"name\":\"FRIONOX\",\"description\":\"Equipamiento de cocinas\",\"publisher\":{\"@id\":\"https:\/\/frionox.com\/catalogo\/#organization\"},\"potentialAction\":[{\"@type\":\"SearchAction\",\"target\":{\"@type\":\"EntryPoint\",\"urlTemplate\":\"https:\/\/frionox.com\/catalogo\/?s={search_term_string}\"},\"query-input\":{\"@type\":\"PropertyValueSpecification\",\"valueRequired\":true,\"valueName\":\"search_term_string\"}}],\"inLanguage\":\"es\"},{\"@type\":[\"Organization\",\"Place\",\"LocalBusiness\"],\"@id\":\"https:\/\/frionox.com\/catalogo\/#organization\",\"name\":\"Frionox Equipamiento de cocinas\",\"url\":\"https:\/\/frionox.com\/catalogo\/\",\"logo\":{\"@id\":\"https:\/\/frionox.com\/catalogo\/producto\/sarten-electrica-basculante-directa-fondo-inox-304-80l-easybratt\/#local-main-organization-logo\"},\"image\":{\"@id\":\"https:\/\/frionox.com\/catalogo\/producto\/sarten-electrica-basculante-directa-fondo-inox-304-80l-easybratt\/#local-main-organization-logo\"},\"sameAs\":[\"https:\/\/facebook.com\/frionox.pe\",\"https:\/\/x.com\/frionoxsac\",\"https:\/\/youtube.com\/@FRIONOXEQUIPAMIENTODECOCINA\"],\"address\":{\"@id\":\"https:\/\/frionox.com\/catalogo\/producto\/sarten-electrica-basculante-directa-fondo-inox-304-80l-easybratt\/#local-main-place-address\"},\"geo\":{\"@type\":\"GeoCoordinates\",\"latitude\":\"-11.980133\",\"longitude\":\"-77.06118200000003\"},\"telephone\":[\"+5115221181\"],\"openingHoursSpecification\":[{\"@type\":\"OpeningHoursSpecification\",\"dayOfWeek\":[\"Monday\",\"Tuesday\",\"Wednesday\",\"Thursday\",\"Friday\",\"Saturday\"],\"opens\":\"08:00\",\"closes\":\"18:00\"},{\"@type\":\"OpeningHoursSpecification\",\"dayOfWeek\":[\"Sunday\"],\"opens\":\"00:00\",\"closes\":\"00:00\"}],\"email\":\"cotizaciones@frionox.com\"},{\"@type\":\"PostalAddress\",\"@id\":\"https:\/\/frionox.com\/catalogo\/producto\/sarten-electrica-basculante-directa-fondo-inox-304-80l-easybratt\/#local-main-place-address\",\"streetAddress\":\"Av. Oscar R. Benavides 1624\",\"addressLocality\":\"Cercado de Lima\",\"postalCode\":\"15082\",\"addressRegion\":\"Lima\",\"addressCountry\":\"PE\"},{\"@type\":\"ImageObject\",\"inLanguage\":\"es\",\"@id\":\"https:\/\/frionox.com\/catalogo\/producto\/sarten-electrica-basculante-directa-fondo-inox-304-80l-easybratt\/#local-main-organization-logo\",\"url\":\"https:\/\/frionox.com\/catalogo\/wp-content\/uploads\/2020\/04\/LOGO-MOBILE.png\",\"contentUrl\":\"https:\/\/frionox.com\/catalogo\/wp-content\/uploads\/2020\/04\/LOGO-MOBILE.png\",\"width\":203,\"height\":61,\"caption\":\"Frionox Equipamiento de cocinas\"}]}<\/script>\n<meta property=\"product:price:amount\" content=\"8124.30\" \/>\n<meta property=\"product:price:currency\" content=\"PEN\" \/>\n<meta property=\"og:availability\" content=\"backorder\" \/>\n<meta property=\"product:availability\" content=\"available for order\" \/>\n<meta property=\"product:retailer_item_id\" content=\"BM8E080I\" \/>\n<meta property=\"product:condition\" content=\"new\" \/>\n<meta name=\"geo.placename\" content=\"Cercado de Lima\" \/>\n<meta name=\"geo.position\" content=\"-11.980133;-77.06118200000003\" \/>\n<meta name=\"geo.region\" content=\"Per\u00fa\" \/>\n<!-- \/ Yoast SEO Premium plugin. -->","yoast_head_json":{"title":"SARTEN ELECTRICA BASCULANTE DIRECTA FONDO INOX 304 80L EASYBRATT - FRIONOX","description":"Cuba construida enteramente en acero inoxidable AISI 30. Fondo de la cuba de acero inoxidable AISI 304 espesor 10 mm. Inclinaci\u00f3n manual con el eje anterior con tornillo sin fin y volante de maniobra. Los modelos a gas llevan calentamiento por quemadores tubulares de acero inoxidable. Alimentaci\u00f3n de gas por medio de v\u00e1lvula termost\u00e1tica con sistema de seguridad con termopar. Regulaci\u00f3n de las temperaturas de 100\u00baC a 300\u00baC. Capacidad total: 86 lts. Capacidad utilizable: 70 lts. Potencia el\u00e9ctrica: 9.9KW Voltaje: 220V\/60Hz\/3AC","robots":{"index":"index","follow":"follow","max-snippet":"max-snippet:-1","max-image-preview":"max-image-preview:large","max-video-preview":"max-video-preview:-1"},"canonical":"https:\/\/frionox.com\/catalogo\/producto\/sarten-electrica-basculante-directa-fondo-inox-304-80l-easybratt\/","og_locale":"es_ES","og_type":"article","og_title":"SARTEN ELECTRICA BASCULANTE DIRECTA FONDO INOX 304 80L EASYBRATT","og_description":"Cuba construida enteramente en acero inoxidable AISI 30. Fondo de la cuba de acero inoxidable AISI 304 espesor 10 mm. Inclinaci\u00f3n manual con el eje anterior con tornillo sin fin y volante de maniobra. Los modelos a gas llevan calentamiento por quemadores tubulares de acero inoxidable. Alimentaci\u00f3n de gas por medio de v\u00e1lvula termost\u00e1tica con sistema de seguridad con termopar. Regulaci\u00f3n de las temperaturas de 100\u00baC a 300\u00baC. Capacidad total: 86 lts. Capacidad utilizable: 70 lts. Potencia el\u00e9ctrica: 9.9KW Voltaje: 220V\/60Hz\/3AC","og_url":"https:\/\/frionox.com\/catalogo\/producto\/sarten-electrica-basculante-directa-fondo-inox-304-80l-easybratt\/","og_site_name":"FRIONOX","article_publisher":"https:\/\/facebook.com\/frionox.pe","article_modified_time":"2024-09-09T19:41:57+00:00","og_image":[{"width":600,"height":600,"url":"https:\/\/frionox.com\/catalogo\/wp-content\/uploads\/2020\/04\/BM8E080I.jpg","type":"image\/jpeg"}],"twitter_card":"summary_large_image","twitter_site":"@frionoxsac","twitter_misc":{"Precio":"S\/8,124.30","Disponibilidad":"Disponible para reservar"},"schema":{"@context":"https:\/\/schema.org","@graph":[{"@type":"WebPage","@id":"https:\/\/frionox.com\/catalogo\/producto\/sarten-electrica-basculante-directa-fondo-inox-304-80l-easybratt\/","url":"https:\/\/frionox.com\/catalogo\/producto\/sarten-electrica-basculante-directa-fondo-inox-304-80l-easybratt\/","name":"SARTEN ELECTRICA BASCULANTE DIRECTA FONDO INOX 304 80L EASYBRATT - FRIONOX","isPartOf":{"@id":"https:\/\/frionox.com\/catalogo\/#website"},"primaryImageOfPage":{"@id":"https:\/\/frionox.com\/catalogo\/producto\/sarten-electrica-basculante-directa-fondo-inox-304-80l-easybratt\/#primaryimage"},"image":{"@id":"https:\/\/frionox.com\/catalogo\/producto\/sarten-electrica-basculante-directa-fondo-inox-304-80l-easybratt\/#primaryimage"},"thumbnailUrl":"https:\/\/frionox.com\/catalogo\/wp-content\/uploads\/2020\/04\/BM8E080I.jpg","datePublished":"2020-05-30T05:06:47+00:00","dateModified":"2024-09-09T19:41:57+00:00","description":"Cuba construida enteramente en acero inoxidable AISI 30. Fondo de la cuba de acero inoxidable AISI 304 espesor 10 mm. Inclinaci\u00f3n manual con el eje anterior con tornillo sin fin y volante de maniobra. Los modelos a gas llevan calentamiento por quemadores tubulares de acero inoxidable. Alimentaci\u00f3n de gas por medio de v\u00e1lvula termost\u00e1tica con sistema de seguridad con termopar. Regulaci\u00f3n de las temperaturas de 100\u00baC a 300\u00baC. Capacidad total: 86 lts. Capacidad utilizable: 70 lts. Potencia el\u00e9ctrica: 9.9KW Voltaje: 220V\/60Hz\/3AC","breadcrumb":{"@id":"https:\/\/frionox.com\/catalogo\/producto\/sarten-electrica-basculante-directa-fondo-inox-304-80l-easybratt\/#breadcrumb"},"inLanguage":"es","potentialAction":[{"@type":"ReadAction","target":["https:\/\/frionox.com\/catalogo\/producto\/sarten-electrica-basculante-directa-fondo-inox-304-80l-easybratt\/"]}]},{"@type":"ImageObject","inLanguage":"es","@id":"https:\/\/frionox.com\/catalogo\/producto\/sarten-electrica-basculante-directa-fondo-inox-304-80l-easybratt\/#primaryimage","url":"https:\/\/frionox.com\/catalogo\/wp-content\/uploads\/2020\/04\/BM8E080I.jpg","contentUrl":"https:\/\/frionox.com\/catalogo\/wp-content\/uploads\/2020\/04\/BM8E080I.jpg","width":600,"height":600},{"@type":"BreadcrumbList","@id":"https:\/\/frionox.com\/catalogo\/producto\/sarten-electrica-basculante-directa-fondo-inox-304-80l-easybratt\/#breadcrumb","itemListElement":[{"@type":"ListItem","position":1,"name":"Portada","item":"https:\/\/frionox.com\/catalogo\/"},{"@type":"ListItem","position":2,"name":"Hornos Industriales, Licuadoras Industriales, Cocinas y m\u00e1s","item":"https:\/\/frionox.com\/catalogo\/tienda\/"},{"@type":"ListItem","position":3,"name":"SARTEN ELECTRICA BASCULANTE DIRECTA FONDO INOX 304 80L EASYBRATT"}]},{"@type":"WebSite","@id":"https:\/\/frionox.com\/catalogo\/#website","url":"https:\/\/frionox.com\/catalogo\/","name":"FRIONOX","description":"Equipamiento de cocinas","publisher":{"@id":"https:\/\/frionox.com\/catalogo\/#organization"},"potentialAction":[{"@type":"SearchAction","target":{"@type":"EntryPoint","urlTemplate":"https:\/\/frionox.com\/catalogo\/?s={search_term_string}"},"query-input":{"@type":"PropertyValueSpecification","valueRequired":true,"valueName":"search_term_string"}}],"inLanguage":"es"},{"@type":["Organization","Place","LocalBusiness"],"@id":"https:\/\/frionox.com\/catalogo\/#organization","name":"Frionox Equipamiento de cocinas","url":"https:\/\/frionox.com\/catalogo\/","logo":{"@id":"https:\/\/frionox.com\/catalogo\/producto\/sarten-electrica-basculante-directa-fondo-inox-304-80l-easybratt\/#local-main-organization-logo"},"image":{"@id":"https:\/\/frionox.com\/catalogo\/producto\/sarten-electrica-basculante-directa-fondo-inox-304-80l-easybratt\/#local-main-organization-logo"},"sameAs":["https:\/\/facebook.com\/frionox.pe","https:\/\/x.com\/frionoxsac","https:\/\/youtube.com\/@FRIONOXEQUIPAMIENTODECOCINA"],"address":{"@id":"https:\/\/frionox.com\/catalogo\/producto\/sarten-electrica-basculante-directa-fondo-inox-304-80l-easybratt\/#local-main-place-address"},"geo":{"@type":"GeoCoordinates","latitude":"-11.980133","longitude":"-77.06118200000003"},"telephone":["+5115221181"],"openingHoursSpecification":[{"@type":"OpeningHoursSpecification","dayOfWeek":["Monday","Tuesday","Wednesday","Thursday","Friday","Saturday"],"opens":"08:00","closes":"18:00"},{"@type":"OpeningHoursSpecification","dayOfWeek":["Sunday"],"opens":"00:00","closes":"00:00"}],"email":"cotizaciones@frionox.com"},{"@type":"PostalAddress","@id":"https:\/\/frionox.com\/catalogo\/producto\/sarten-electrica-basculante-directa-fondo-inox-304-80l-easybratt\/#local-main-place-address","streetAddress":"Av. Oscar R. Benavides 1624","addressLocality":"Cercado de Lima","postalCode":"15082","addressRegion":"Lima","addressCountry":"PE"},{"@type":"ImageObject","inLanguage":"es","@id":"https:\/\/frionox.com\/catalogo\/producto\/sarten-electrica-basculante-directa-fondo-inox-304-80l-easybratt\/#local-main-organization-logo","url":"https:\/\/frionox.com\/catalogo\/wp-content\/uploads\/2020\/04\/LOGO-MOBILE.png","contentUrl":"https:\/\/frionox.com\/catalogo\/wp-content\/uploads\/2020\/04\/LOGO-MOBILE.png","width":203,"height":61,"caption":"Frionox Equipamiento de cocinas"}]},"product_price_amount":"8124.30","product_price_currency":"PEN","og_availability":"backorder","product_availability":"available for order","product_retailer_item_id":"BM8E080I","product_condition":"new","geo.placename":"Cercado de Lima","geo.position":{"lat":"-11.980133","long":"-77.06118200000003"},"geo.region":"Per\u00fa"},"_links":{"self":[{"href":"https:\/\/frionox.com\/catalogo\/wp-json\/wp\/v2\/product\/14311","targetHints":{"allow":["GET"]}}],"collection":[{"href":"https:\/\/frionox.com\/catalogo\/wp-json\/wp\/v2\/product"}],"about":[{"href":"https:\/\/frionox.com\/catalogo\/wp-json\/wp\/v2\/types\/product"}],"replies":[{"embeddable":true,"href":"https:\/\/frionox.com\/catalogo\/wp-json\/wp\/v2\/comments?post=14311"}],"wp:featuredmedia":[{"embeddable":true,"href":"https:\/\/frionox.com\/catalogo\/wp-json\/wp\/v2\/media\/12072"}],"wp:attachment":[{"href":"https:\/\/frionox.com\/catalogo\/wp-json\/wp\/v2\/media?parent=14311"}],"wp:term":[{"taxonomy":"product_brand","embeddable":true,"href":"https:\/\/frionox.com\/catalogo\/wp-json\/wp\/v2\/product_brand?post=14311"},{"taxonomy":"product_cat","embeddable":true,"href":"https:\/\/frionox.com\/catalogo\/wp-json\/wp\/v2\/product_cat?post=14311"},{"taxonomy":"product_tag","embeddable":true,"href":"https:\/\/frionox.com\/catalogo\/wp-json\/wp\/v2\/product_tag?post=14311"}],"curies":[{"name":"wp","href":"https:\/\/api.w.org\/{rel}","templated":true}]}}