{"id":14308,"date":"2020-05-30T00:06:46","date_gmt":"2020-05-30T05:06:46","guid":{"rendered":"https:\/\/frionox.com\/catalogo\/producto\/marmita-vapor-estacionaria-rectangular-indirecta-autoclave-500-l-easypan\/"},"modified":"2025-09-26T11:58:32","modified_gmt":"2025-09-26T16:58:32","slug":"marmita-vapor-estacionaria-rectangular-indirecta-autoclave-500-l-easypan","status":"publish","type":"product","link":"https:\/\/frionox.com\/catalogo\/producto\/marmita-vapor-estacionaria-rectangular-indirecta-autoclave-500-l-easypan\/","title":{"rendered":"MARMITA VAPOR ESTACIONARIA RECTANGULAR INDIRECTA AUTOCLAVE 500 L EASYPAN"},"content":{"rendered":"<p>Cuba de cocci\u00f3n (fondo de AISI 316 y paredes de AISI 304) especial para tratar alimentos particularmente \u00e1cidos. Estructura portante de acero inoxidable. Calentamiento por medio de suministro de vapor externo. Tapa Autoclave del tipo equilibrado con muelle, junta de goma de silicona, v\u00e1lvula de seguridad ajustada a 0,05 bar y cierre herm\u00e9tico con fijaci\u00f3n con mordazas. Caudal de vapor : 100 &#8211; 120 Kg\/h Presi\u00f3n de vapor: 0.5 bar<\/p>\n","protected":false},"excerpt":{"rendered":"<p>Cuba de cocci\u00f3n (fondo de AISI 316 y paredes de AISI 304) especial para tratar alimentos particularmente \u00e1cidos. Estructura portante de acero inoxidable. Calentamiento por medio de suministro de vapor externo. Tapa Autoclave del tipo equilibrado con muelle, junta de goma de silicona, v\u00e1lvula de seguridad ajustada a 0,05 bar y cierre herm\u00e9tico con fijaci\u00f3n con mordazas. Caudal de vapor : 100 &#8211; 120 Kg\/h Presi\u00f3n de vapor: 0.5 bar<\/p>\n","protected":false},"featured_media":12512,"comment_status":"open","ping_status":"closed","template":"","meta":[],"product_brand":[],"product_cat":[29,118],"product_tag":[],"class_list":{"0":"post-14308","1":"product","2":"type-product","3":"status-publish","4":"has-post-thumbnail","6":"product_cat-equipos-de-coccion","7":"product_cat-marmitas","8":"pa_marcas-firex","10":"first","11":"onbackorder","12":"shipping-taxable","13":"purchasable","14":"product-type-simple"},"yoast_head":"<!-- This site is optimized with the Yoast SEO Premium plugin v27.1 (Yoast SEO v27.1.1) - https:\/\/yoast.com\/product\/yoast-seo-premium-wordpress\/ -->\n<title>MARMITA VAPOR ESTACIONARIA RECTANGULAR INDIRECTA AUTOCLAVE 500 L EASYPAN - FRIONOX<\/title>\n<meta name=\"description\" content=\"Cuba de cocci\u00f3n (fondo de AISI 316 y paredes de AISI 304) especial para tratar alimentos particularmente \u00e1cidos. Estructura portante de acero inoxidable. Calentamiento por medio de suministro de vapor externo. Tapa Autoclave del tipo equilibrado con muelle, junta de goma de silicona, v\u00e1lvula de seguridad ajustada a 0,05 bar y cierre herm\u00e9tico con fijaci\u00f3n con mordazas. Caudal de vapor : 100 - 120 Kg\/h Presi\u00f3n de vapor: 0.5 bar\" \/>\n<meta name=\"robots\" content=\"index, follow, max-snippet:-1, max-image-preview:large, max-video-preview:-1\" \/>\n<link rel=\"canonical\" href=\"https:\/\/frionox.com\/catalogo\/producto\/marmita-vapor-estacionaria-rectangular-indirecta-autoclave-500-l-easypan\/\" \/>\n<meta property=\"og:locale\" content=\"es_ES\" \/>\n<meta property=\"og:type\" content=\"article\" \/>\n<meta property=\"og:title\" content=\"MARMITA VAPOR ESTACIONARIA RECTANGULAR INDIRECTA AUTOCLAVE 500 L EASYPAN\" \/>\n<meta property=\"og:description\" content=\"Cuba de cocci\u00f3n (fondo de AISI 316 y paredes de AISI 304) especial para tratar alimentos particularmente \u00e1cidos. Estructura portante de acero inoxidable. Calentamiento por medio de suministro de vapor externo. Tapa Autoclave del tipo equilibrado con muelle, junta de goma de silicona, v\u00e1lvula de seguridad ajustada a 0,05 bar y cierre herm\u00e9tico con fijaci\u00f3n con mordazas. Caudal de vapor : 100 - 120 Kg\/h Presi\u00f3n de vapor: 0.5 bar\" \/>\n<meta property=\"og:url\" content=\"https:\/\/frionox.com\/catalogo\/producto\/marmita-vapor-estacionaria-rectangular-indirecta-autoclave-500-l-easypan\/\" \/>\n<meta property=\"og:site_name\" content=\"FRIONOX\" \/>\n<meta property=\"article:publisher\" content=\"https:\/\/facebook.com\/frionox.pe\" \/>\n<meta property=\"article:modified_time\" content=\"2025-09-26T16:58:32+00:00\" \/>\n<meta property=\"og:image\" content=\"https:\/\/frionox.com\/catalogo\/wp-content\/uploads\/2020\/04\/PM1IV500A.jpg\" \/>\n\t<meta property=\"og:image:width\" content=\"600\" \/>\n\t<meta property=\"og:image:height\" content=\"600\" \/>\n\t<meta property=\"og:image:type\" content=\"image\/jpeg\" \/>\n<meta name=\"twitter:card\" content=\"summary_large_image\" \/>\n<meta name=\"twitter:site\" content=\"@frionoxsac\" \/>\n<meta name=\"twitter:label1\" content=\"Precio\" \/>\n\t<meta name=\"twitter:data1\" content=\"S\/19,165.43\" \/>\n\t<meta name=\"twitter:label2\" content=\"Disponibilidad\" \/>\n\t<meta name=\"twitter:data2\" content=\"Disponible para reservar\" \/>\n<script type=\"application\/ld+json\" class=\"yoast-schema-graph\">{\"@context\":\"https:\/\/schema.org\",\"@graph\":[{\"@type\":\"WebPage\",\"@id\":\"https:\/\/frionox.com\/catalogo\/producto\/marmita-vapor-estacionaria-rectangular-indirecta-autoclave-500-l-easypan\/\",\"url\":\"https:\/\/frionox.com\/catalogo\/producto\/marmita-vapor-estacionaria-rectangular-indirecta-autoclave-500-l-easypan\/\",\"name\":\"MARMITA VAPOR ESTACIONARIA RECTANGULAR INDIRECTA AUTOCLAVE 500 L EASYPAN - FRIONOX\",\"isPartOf\":{\"@id\":\"https:\/\/frionox.com\/catalogo\/#website\"},\"primaryImageOfPage\":{\"@id\":\"https:\/\/frionox.com\/catalogo\/producto\/marmita-vapor-estacionaria-rectangular-indirecta-autoclave-500-l-easypan\/#primaryimage\"},\"image\":{\"@id\":\"https:\/\/frionox.com\/catalogo\/producto\/marmita-vapor-estacionaria-rectangular-indirecta-autoclave-500-l-easypan\/#primaryimage\"},\"thumbnailUrl\":\"https:\/\/frionox.com\/catalogo\/wp-content\/uploads\/2020\/04\/PM1IV500A.jpg\",\"datePublished\":\"2020-05-30T05:06:46+00:00\",\"dateModified\":\"2025-09-26T16:58:32+00:00\",\"description\":\"Cuba de cocci\u00f3n (fondo de AISI 316 y paredes de AISI 304) especial para tratar alimentos particularmente \u00e1cidos. Estructura portante de acero inoxidable. Calentamiento por medio de suministro de vapor externo. Tapa Autoclave del tipo equilibrado con muelle, junta de goma de silicona, v\u00e1lvula de seguridad ajustada a 0,05 bar y cierre herm\u00e9tico con fijaci\u00f3n con mordazas. Caudal de vapor : 100 - 120 Kg\/h Presi\u00f3n de vapor: 0.5 bar\",\"breadcrumb\":{\"@id\":\"https:\/\/frionox.com\/catalogo\/producto\/marmita-vapor-estacionaria-rectangular-indirecta-autoclave-500-l-easypan\/#breadcrumb\"},\"inLanguage\":\"es\",\"potentialAction\":[{\"@type\":\"ReadAction\",\"target\":[\"https:\/\/frionox.com\/catalogo\/producto\/marmita-vapor-estacionaria-rectangular-indirecta-autoclave-500-l-easypan\/\"]}]},{\"@type\":\"ImageObject\",\"inLanguage\":\"es\",\"@id\":\"https:\/\/frionox.com\/catalogo\/producto\/marmita-vapor-estacionaria-rectangular-indirecta-autoclave-500-l-easypan\/#primaryimage\",\"url\":\"https:\/\/frionox.com\/catalogo\/wp-content\/uploads\/2020\/04\/PM1IV500A.jpg\",\"contentUrl\":\"https:\/\/frionox.com\/catalogo\/wp-content\/uploads\/2020\/04\/PM1IV500A.jpg\",\"width\":600,\"height\":600},{\"@type\":\"BreadcrumbList\",\"@id\":\"https:\/\/frionox.com\/catalogo\/producto\/marmita-vapor-estacionaria-rectangular-indirecta-autoclave-500-l-easypan\/#breadcrumb\",\"itemListElement\":[{\"@type\":\"ListItem\",\"position\":1,\"name\":\"Portada\",\"item\":\"https:\/\/frionox.com\/catalogo\/\"},{\"@type\":\"ListItem\",\"position\":2,\"name\":\"Hornos Industriales, Licuadoras Industriales, Cocinas y m\u00e1s\",\"item\":\"https:\/\/frionox.com\/catalogo\/tienda\/\"},{\"@type\":\"ListItem\",\"position\":3,\"name\":\"MARMITA VAPOR ESTACIONARIA RECTANGULAR INDIRECTA AUTOCLAVE 500 L EASYPAN\"}]},{\"@type\":\"WebSite\",\"@id\":\"https:\/\/frionox.com\/catalogo\/#website\",\"url\":\"https:\/\/frionox.com\/catalogo\/\",\"name\":\"FRIONOX\",\"description\":\"Equipamiento de cocinas\",\"publisher\":{\"@id\":\"https:\/\/frionox.com\/catalogo\/#organization\"},\"potentialAction\":[{\"@type\":\"SearchAction\",\"target\":{\"@type\":\"EntryPoint\",\"urlTemplate\":\"https:\/\/frionox.com\/catalogo\/?s={search_term_string}\"},\"query-input\":{\"@type\":\"PropertyValueSpecification\",\"valueRequired\":true,\"valueName\":\"search_term_string\"}}],\"inLanguage\":\"es\"},{\"@type\":[\"Organization\",\"Place\",\"LocalBusiness\"],\"@id\":\"https:\/\/frionox.com\/catalogo\/#organization\",\"name\":\"Frionox Equipamiento de cocinas\",\"url\":\"https:\/\/frionox.com\/catalogo\/\",\"logo\":{\"@id\":\"https:\/\/frionox.com\/catalogo\/producto\/marmita-vapor-estacionaria-rectangular-indirecta-autoclave-500-l-easypan\/#local-main-organization-logo\"},\"image\":{\"@id\":\"https:\/\/frionox.com\/catalogo\/producto\/marmita-vapor-estacionaria-rectangular-indirecta-autoclave-500-l-easypan\/#local-main-organization-logo\"},\"sameAs\":[\"https:\/\/facebook.com\/frionox.pe\",\"https:\/\/x.com\/frionoxsac\",\"https:\/\/youtube.com\/@FRIONOXEQUIPAMIENTODECOCINA\"],\"address\":{\"@id\":\"https:\/\/frionox.com\/catalogo\/producto\/marmita-vapor-estacionaria-rectangular-indirecta-autoclave-500-l-easypan\/#local-main-place-address\"},\"geo\":{\"@type\":\"GeoCoordinates\",\"latitude\":\"-11.980133\",\"longitude\":\"-77.06118200000003\"},\"telephone\":[\"+5115221181\"],\"openingHoursSpecification\":[{\"@type\":\"OpeningHoursSpecification\",\"dayOfWeek\":[\"Monday\",\"Tuesday\",\"Wednesday\",\"Thursday\",\"Friday\",\"Saturday\"],\"opens\":\"08:00\",\"closes\":\"18:00\"},{\"@type\":\"OpeningHoursSpecification\",\"dayOfWeek\":[\"Sunday\"],\"opens\":\"00:00\",\"closes\":\"00:00\"}],\"email\":\"cotizaciones@frionox.com\"},{\"@type\":\"PostalAddress\",\"@id\":\"https:\/\/frionox.com\/catalogo\/producto\/marmita-vapor-estacionaria-rectangular-indirecta-autoclave-500-l-easypan\/#local-main-place-address\",\"streetAddress\":\"Av. Oscar R. Benavides 1624\",\"addressLocality\":\"Cercado de Lima\",\"postalCode\":\"15082\",\"addressRegion\":\"Lima\",\"addressCountry\":\"PE\"},{\"@type\":\"ImageObject\",\"inLanguage\":\"es\",\"@id\":\"https:\/\/frionox.com\/catalogo\/producto\/marmita-vapor-estacionaria-rectangular-indirecta-autoclave-500-l-easypan\/#local-main-organization-logo\",\"url\":\"https:\/\/frionox.com\/catalogo\/wp-content\/uploads\/2020\/04\/LOGO-MOBILE.png\",\"contentUrl\":\"https:\/\/frionox.com\/catalogo\/wp-content\/uploads\/2020\/04\/LOGO-MOBILE.png\",\"width\":203,\"height\":61,\"caption\":\"Frionox Equipamiento de cocinas\"}]}<\/script>\n<meta property=\"product:price:amount\" content=\"19165.43\" \/>\n<meta property=\"product:price:currency\" content=\"PEN\" \/>\n<meta property=\"og:availability\" content=\"backorder\" \/>\n<meta property=\"product:availability\" content=\"available for order\" \/>\n<meta property=\"product:retailer_item_id\" content=\"PM1IV500A\" \/>\n<meta property=\"product:condition\" content=\"new\" \/>\n<meta name=\"geo.placename\" content=\"Cercado de Lima\" \/>\n<meta name=\"geo.position\" content=\"-11.980133;-77.06118200000003\" \/>\n<meta name=\"geo.region\" content=\"Per\u00fa\" \/>\n<!-- \/ Yoast SEO Premium plugin. -->","yoast_head_json":{"title":"MARMITA VAPOR ESTACIONARIA RECTANGULAR INDIRECTA AUTOCLAVE 500 L EASYPAN - FRIONOX","description":"Cuba de cocci\u00f3n (fondo de AISI 316 y paredes de AISI 304) especial para tratar alimentos particularmente \u00e1cidos. Estructura portante de acero inoxidable. Calentamiento por medio de suministro de vapor externo. Tapa Autoclave del tipo equilibrado con muelle, junta de goma de silicona, v\u00e1lvula de seguridad ajustada a 0,05 bar y cierre herm\u00e9tico con fijaci\u00f3n con mordazas. Caudal de vapor : 100 - 120 Kg\/h Presi\u00f3n de vapor: 0.5 bar","robots":{"index":"index","follow":"follow","max-snippet":"max-snippet:-1","max-image-preview":"max-image-preview:large","max-video-preview":"max-video-preview:-1"},"canonical":"https:\/\/frionox.com\/catalogo\/producto\/marmita-vapor-estacionaria-rectangular-indirecta-autoclave-500-l-easypan\/","og_locale":"es_ES","og_type":"article","og_title":"MARMITA VAPOR ESTACIONARIA RECTANGULAR INDIRECTA AUTOCLAVE 500 L EASYPAN","og_description":"Cuba de cocci\u00f3n (fondo de AISI 316 y paredes de AISI 304) especial para tratar alimentos particularmente \u00e1cidos. Estructura portante de acero inoxidable. Calentamiento por medio de suministro de vapor externo. Tapa Autoclave del tipo equilibrado con muelle, junta de goma de silicona, v\u00e1lvula de seguridad ajustada a 0,05 bar y cierre herm\u00e9tico con fijaci\u00f3n con mordazas. Caudal de vapor : 100 - 120 Kg\/h Presi\u00f3n de vapor: 0.5 bar","og_url":"https:\/\/frionox.com\/catalogo\/producto\/marmita-vapor-estacionaria-rectangular-indirecta-autoclave-500-l-easypan\/","og_site_name":"FRIONOX","article_publisher":"https:\/\/facebook.com\/frionox.pe","article_modified_time":"2025-09-26T16:58:32+00:00","og_image":[{"width":600,"height":600,"url":"https:\/\/frionox.com\/catalogo\/wp-content\/uploads\/2020\/04\/PM1IV500A.jpg","type":"image\/jpeg"}],"twitter_card":"summary_large_image","twitter_site":"@frionoxsac","twitter_misc":{"Precio":"S\/19,165.43","Disponibilidad":"Disponible para reservar"},"schema":{"@context":"https:\/\/schema.org","@graph":[{"@type":"WebPage","@id":"https:\/\/frionox.com\/catalogo\/producto\/marmita-vapor-estacionaria-rectangular-indirecta-autoclave-500-l-easypan\/","url":"https:\/\/frionox.com\/catalogo\/producto\/marmita-vapor-estacionaria-rectangular-indirecta-autoclave-500-l-easypan\/","name":"MARMITA VAPOR ESTACIONARIA RECTANGULAR INDIRECTA AUTOCLAVE 500 L EASYPAN - FRIONOX","isPartOf":{"@id":"https:\/\/frionox.com\/catalogo\/#website"},"primaryImageOfPage":{"@id":"https:\/\/frionox.com\/catalogo\/producto\/marmita-vapor-estacionaria-rectangular-indirecta-autoclave-500-l-easypan\/#primaryimage"},"image":{"@id":"https:\/\/frionox.com\/catalogo\/producto\/marmita-vapor-estacionaria-rectangular-indirecta-autoclave-500-l-easypan\/#primaryimage"},"thumbnailUrl":"https:\/\/frionox.com\/catalogo\/wp-content\/uploads\/2020\/04\/PM1IV500A.jpg","datePublished":"2020-05-30T05:06:46+00:00","dateModified":"2025-09-26T16:58:32+00:00","description":"Cuba de cocci\u00f3n (fondo de AISI 316 y paredes de AISI 304) especial para tratar alimentos particularmente \u00e1cidos. Estructura portante de acero inoxidable. Calentamiento por medio de suministro de vapor externo. Tapa Autoclave del tipo equilibrado con muelle, junta de goma de silicona, v\u00e1lvula de seguridad ajustada a 0,05 bar y cierre herm\u00e9tico con fijaci\u00f3n con mordazas. Caudal de vapor : 100 - 120 Kg\/h Presi\u00f3n de vapor: 0.5 bar","breadcrumb":{"@id":"https:\/\/frionox.com\/catalogo\/producto\/marmita-vapor-estacionaria-rectangular-indirecta-autoclave-500-l-easypan\/#breadcrumb"},"inLanguage":"es","potentialAction":[{"@type":"ReadAction","target":["https:\/\/frionox.com\/catalogo\/producto\/marmita-vapor-estacionaria-rectangular-indirecta-autoclave-500-l-easypan\/"]}]},{"@type":"ImageObject","inLanguage":"es","@id":"https:\/\/frionox.com\/catalogo\/producto\/marmita-vapor-estacionaria-rectangular-indirecta-autoclave-500-l-easypan\/#primaryimage","url":"https:\/\/frionox.com\/catalogo\/wp-content\/uploads\/2020\/04\/PM1IV500A.jpg","contentUrl":"https:\/\/frionox.com\/catalogo\/wp-content\/uploads\/2020\/04\/PM1IV500A.jpg","width":600,"height":600},{"@type":"BreadcrumbList","@id":"https:\/\/frionox.com\/catalogo\/producto\/marmita-vapor-estacionaria-rectangular-indirecta-autoclave-500-l-easypan\/#breadcrumb","itemListElement":[{"@type":"ListItem","position":1,"name":"Portada","item":"https:\/\/frionox.com\/catalogo\/"},{"@type":"ListItem","position":2,"name":"Hornos Industriales, Licuadoras Industriales, Cocinas y m\u00e1s","item":"https:\/\/frionox.com\/catalogo\/tienda\/"},{"@type":"ListItem","position":3,"name":"MARMITA VAPOR ESTACIONARIA RECTANGULAR INDIRECTA AUTOCLAVE 500 L EASYPAN"}]},{"@type":"WebSite","@id":"https:\/\/frionox.com\/catalogo\/#website","url":"https:\/\/frionox.com\/catalogo\/","name":"FRIONOX","description":"Equipamiento de cocinas","publisher":{"@id":"https:\/\/frionox.com\/catalogo\/#organization"},"potentialAction":[{"@type":"SearchAction","target":{"@type":"EntryPoint","urlTemplate":"https:\/\/frionox.com\/catalogo\/?s={search_term_string}"},"query-input":{"@type":"PropertyValueSpecification","valueRequired":true,"valueName":"search_term_string"}}],"inLanguage":"es"},{"@type":["Organization","Place","LocalBusiness"],"@id":"https:\/\/frionox.com\/catalogo\/#organization","name":"Frionox Equipamiento de cocinas","url":"https:\/\/frionox.com\/catalogo\/","logo":{"@id":"https:\/\/frionox.com\/catalogo\/producto\/marmita-vapor-estacionaria-rectangular-indirecta-autoclave-500-l-easypan\/#local-main-organization-logo"},"image":{"@id":"https:\/\/frionox.com\/catalogo\/producto\/marmita-vapor-estacionaria-rectangular-indirecta-autoclave-500-l-easypan\/#local-main-organization-logo"},"sameAs":["https:\/\/facebook.com\/frionox.pe","https:\/\/x.com\/frionoxsac","https:\/\/youtube.com\/@FRIONOXEQUIPAMIENTODECOCINA"],"address":{"@id":"https:\/\/frionox.com\/catalogo\/producto\/marmita-vapor-estacionaria-rectangular-indirecta-autoclave-500-l-easypan\/#local-main-place-address"},"geo":{"@type":"GeoCoordinates","latitude":"-11.980133","longitude":"-77.06118200000003"},"telephone":["+5115221181"],"openingHoursSpecification":[{"@type":"OpeningHoursSpecification","dayOfWeek":["Monday","Tuesday","Wednesday","Thursday","Friday","Saturday"],"opens":"08:00","closes":"18:00"},{"@type":"OpeningHoursSpecification","dayOfWeek":["Sunday"],"opens":"00:00","closes":"00:00"}],"email":"cotizaciones@frionox.com"},{"@type":"PostalAddress","@id":"https:\/\/frionox.com\/catalogo\/producto\/marmita-vapor-estacionaria-rectangular-indirecta-autoclave-500-l-easypan\/#local-main-place-address","streetAddress":"Av. Oscar R. Benavides 1624","addressLocality":"Cercado de Lima","postalCode":"15082","addressRegion":"Lima","addressCountry":"PE"},{"@type":"ImageObject","inLanguage":"es","@id":"https:\/\/frionox.com\/catalogo\/producto\/marmita-vapor-estacionaria-rectangular-indirecta-autoclave-500-l-easypan\/#local-main-organization-logo","url":"https:\/\/frionox.com\/catalogo\/wp-content\/uploads\/2020\/04\/LOGO-MOBILE.png","contentUrl":"https:\/\/frionox.com\/catalogo\/wp-content\/uploads\/2020\/04\/LOGO-MOBILE.png","width":203,"height":61,"caption":"Frionox Equipamiento de cocinas"}]},"product_price_amount":"19165.43","product_price_currency":"PEN","og_availability":"backorder","product_availability":"available for order","product_retailer_item_id":"PM1IV500A","product_condition":"new","geo.placename":"Cercado de Lima","geo.position":{"lat":"-11.980133","long":"-77.06118200000003"},"geo.region":"Per\u00fa"},"_links":{"self":[{"href":"https:\/\/frionox.com\/catalogo\/wp-json\/wp\/v2\/product\/14308","targetHints":{"allow":["GET"]}}],"collection":[{"href":"https:\/\/frionox.com\/catalogo\/wp-json\/wp\/v2\/product"}],"about":[{"href":"https:\/\/frionox.com\/catalogo\/wp-json\/wp\/v2\/types\/product"}],"replies":[{"embeddable":true,"href":"https:\/\/frionox.com\/catalogo\/wp-json\/wp\/v2\/comments?post=14308"}],"wp:featuredmedia":[{"embeddable":true,"href":"https:\/\/frionox.com\/catalogo\/wp-json\/wp\/v2\/media\/12512"}],"wp:attachment":[{"href":"https:\/\/frionox.com\/catalogo\/wp-json\/wp\/v2\/media?parent=14308"}],"wp:term":[{"taxonomy":"product_brand","embeddable":true,"href":"https:\/\/frionox.com\/catalogo\/wp-json\/wp\/v2\/product_brand?post=14308"},{"taxonomy":"product_cat","embeddable":true,"href":"https:\/\/frionox.com\/catalogo\/wp-json\/wp\/v2\/product_cat?post=14308"},{"taxonomy":"product_tag","embeddable":true,"href":"https:\/\/frionox.com\/catalogo\/wp-json\/wp\/v2\/product_tag?post=14308"}],"curies":[{"name":"wp","href":"https:\/\/api.w.org\/{rel}","templated":true}]}}