{"id":14289,"date":"2020-05-30T00:06:44","date_gmt":"2020-05-30T05:06:44","guid":{"rendered":"https:\/\/frionox.com\/catalogo\/producto\/centrifugadora-para-verduras-54-lts-linea-dreener-line-codigo-obsoleto\/"},"modified":"2025-12-10T11:30:09","modified_gmt":"2025-12-10T16:30:09","slug":"centrifugadora-para-verduras-54-lts-linea-dreener-line-codigo-obsoleto","status":"publish","type":"product","link":"https:\/\/frionox.com\/catalogo\/producto\/centrifugadora-para-verduras-54-lts-linea-dreener-line-codigo-obsoleto\/","title":{"rendered":"CENTRIFUGADORA PARA VERDURAS 54 LTS LINEA DREENER LINE (CODIGO OBSOLETO)"},"content":{"rendered":"<p>Estructura de acero inoxidable AISI 304, espesor 20\/10. Tapa de acero inoxidable balanceado con microinterruptor de seguridad para el funcionamiento s\u00f3lo con postigo cerrado. Cesta extra\u00edble con agujeros perfilados, realizada en acero inoxidable AISI 304. Motor de autofrenado con seguridad t\u00e9rmica. Cuadro de mandos de pared. On\/off del aparato. Indicador de tensi\u00f3n. Indicador de bloqueo de la tapa. Temporizador regulable. Mandos en el cuerpo de la m\u00e1quina. Start del ciclo de secado. Interruptor de emergencia. Empaquetadura de goma en el z\u00f3calo de la m\u00e1quina para amortiguar las vibraciones y reducir la infiltraci\u00f3n. Motor de autofrenado con seguridad t\u00e9rmica (720 rpm). Tiempo de secado regulable (0-12 min). Capacidad (Lts): 54 Carga de Vegetales (livianos): 9kg Carga de Vegetales (pesados): 15kg Potencia (kW): 1.1 Voltaje: 380V \/60Hz\/3AC<\/p>\n","protected":false},"excerpt":{"rendered":"<p>Estructura de acero inoxidable AISI 304, espesor 20\/10. Tapa de acero inoxidable balanceado con microinterruptor de seguridad para el funcionamiento s\u00f3lo con postigo cerrado. Cesta extra\u00edble con agujeros perfilados, realizada en acero inoxidable AISI 304. Motor de autofrenado con seguridad t\u00e9rmica. Cuadro de mandos de pared. On\/off del aparato. Indicador de tensi\u00f3n. Indicador de bloqueo de la tapa. Temporizador regulable. Mandos en el cuerpo de la m\u00e1quina. Start del ciclo de secado. Interruptor de emergencia. Empaquetadura de goma en el z\u00f3calo de la m\u00e1quina para amortiguar las vibraciones y reducir la infiltraci\u00f3n. Motor de autofrenado con seguridad t\u00e9rmica (720 rpm). Tiempo de secado regulable (0-12 min). Capacidad (Lts): 54 Carga de Vegetales (livianos): 9kg Carga de Vegetales (pesados): 15kg Potencia (kW): 1.1 Voltaje: 380V \/60Hz\/3AC<\/p>\n","protected":false},"featured_media":12279,"comment_status":"open","ping_status":"closed","template":"","meta":[],"product_brand":[],"product_cat":[1468],"product_tag":[],"class_list":{"0":"post-14289","1":"product","2":"type-product","3":"status-publish","4":"has-post-thumbnail","6":"product_cat-centrifugadora","7":"pa_marcas-firex","9":"first","10":"onbackorder","11":"shipping-taxable","12":"purchasable","13":"product-type-simple"},"yoast_head":"<!-- This site is optimized with the Yoast SEO Premium plugin v27.1 (Yoast SEO v27.1.1) - https:\/\/yoast.com\/product\/yoast-seo-premium-wordpress\/ -->\n<title>CENTRIFUGADORA PARA VERDURAS 54 LTS LINEA DREENER LINE (CODIGO OBSOLETO) - FRIONOX<\/title>\n<meta name=\"description\" content=\"Estructura de acero inoxidable AISI 304, espesor 20\/10. Tapa de acero inoxidable balanceado con microinterruptor de seguridad para el funcionamiento s\u00f3lo con postigo cerrado. Cesta extra\u00edble con agujeros perfilados, realizada en acero inoxidable AISI 304. Motor de autofrenado con seguridad t\u00e9rmica. Cuadro de mandos de pared. On\/off del aparato. Indicador de tensi\u00f3n. Indicador de bloqueo de la tapa. Temporizador regulable. Mandos en el cuerpo de la m\u00e1quina. Start del ciclo de secado. Interruptor de emergencia. Empaquetadura de goma en el z\u00f3calo de la m\u00e1quina para amortiguar las vibraciones y reducir la infiltraci\u00f3n. Motor de autofrenado con seguridad t\u00e9rmica (720 rpm). Tiempo de secado regulable (0-12 min). Capacidad (Lts): 54 Carga de Vegetales (livianos): 9kg Carga de Vegetales (pesados): 15kg Potencia (kW): 1.1 Voltaje: 380V \/60Hz\/3AC\" \/>\n<meta name=\"robots\" content=\"index, follow, max-snippet:-1, max-image-preview:large, max-video-preview:-1\" \/>\n<link rel=\"canonical\" href=\"https:\/\/frionox.com\/catalogo\/producto\/centrifugadora-para-verduras-54-lts-linea-dreener-line-codigo-obsoleto\/\" \/>\n<meta property=\"og:locale\" content=\"es_ES\" \/>\n<meta property=\"og:type\" content=\"article\" \/>\n<meta property=\"og:title\" content=\"CENTRIFUGADORA PARA VERDURAS 54 LTS LINEA DREENER LINE (CODIGO OBSOLETO)\" \/>\n<meta property=\"og:description\" content=\"Estructura de acero inoxidable AISI 304, espesor 20\/10. Tapa de acero inoxidable balanceado con microinterruptor de seguridad para el funcionamiento s\u00f3lo con postigo cerrado. Cesta extra\u00edble con agujeros perfilados, realizada en acero inoxidable AISI 304. Motor de autofrenado con seguridad t\u00e9rmica. Cuadro de mandos de pared. On\/off del aparato. Indicador de tensi\u00f3n. Indicador de bloqueo de la tapa. Temporizador regulable. Mandos en el cuerpo de la m\u00e1quina. Start del ciclo de secado. Interruptor de emergencia. Empaquetadura de goma en el z\u00f3calo de la m\u00e1quina para amortiguar las vibraciones y reducir la infiltraci\u00f3n. Motor de autofrenado con seguridad t\u00e9rmica (720 rpm). Tiempo de secado regulable (0-12 min). Capacidad (Lts): 54 Carga de Vegetales (livianos): 9kg Carga de Vegetales (pesados): 15kg Potencia (kW): 1.1 Voltaje: 380V \/60Hz\/3AC\" \/>\n<meta property=\"og:url\" content=\"https:\/\/frionox.com\/catalogo\/producto\/centrifugadora-para-verduras-54-lts-linea-dreener-line-codigo-obsoleto\/\" \/>\n<meta property=\"og:site_name\" content=\"FRIONOX\" \/>\n<meta property=\"article:publisher\" content=\"https:\/\/facebook.com\/frionox.pe\" \/>\n<meta property=\"article:modified_time\" content=\"2025-12-10T16:30:09+00:00\" \/>\n<meta property=\"og:image\" content=\"https:\/\/frionox.com\/catalogo\/wp-content\/uploads\/2020\/04\/IM-DRC700-380-3AC.jpg\" \/>\n\t<meta property=\"og:image:width\" content=\"600\" \/>\n\t<meta property=\"og:image:height\" content=\"600\" \/>\n\t<meta property=\"og:image:type\" content=\"image\/jpeg\" \/>\n<meta name=\"twitter:card\" content=\"summary_large_image\" \/>\n<meta name=\"twitter:site\" content=\"@frionoxsac\" \/>\n<meta name=\"twitter:label1\" content=\"Precio\" \/>\n\t<meta name=\"twitter:data1\" content=\"S\/11,111.25\" \/>\n\t<meta name=\"twitter:label2\" content=\"Disponibilidad\" \/>\n\t<meta name=\"twitter:data2\" content=\"Disponible para reservar\" \/>\n<script type=\"application\/ld+json\" class=\"yoast-schema-graph\">{\"@context\":\"https:\/\/schema.org\",\"@graph\":[{\"@type\":\"WebPage\",\"@id\":\"https:\/\/frionox.com\/catalogo\/producto\/centrifugadora-para-verduras-54-lts-linea-dreener-line-codigo-obsoleto\/\",\"url\":\"https:\/\/frionox.com\/catalogo\/producto\/centrifugadora-para-verduras-54-lts-linea-dreener-line-codigo-obsoleto\/\",\"name\":\"CENTRIFUGADORA PARA VERDURAS 54 LTS LINEA DREENER LINE (CODIGO OBSOLETO) - FRIONOX\",\"isPartOf\":{\"@id\":\"https:\/\/frionox.com\/catalogo\/#website\"},\"primaryImageOfPage\":{\"@id\":\"https:\/\/frionox.com\/catalogo\/producto\/centrifugadora-para-verduras-54-lts-linea-dreener-line-codigo-obsoleto\/#primaryimage\"},\"image\":{\"@id\":\"https:\/\/frionox.com\/catalogo\/producto\/centrifugadora-para-verduras-54-lts-linea-dreener-line-codigo-obsoleto\/#primaryimage\"},\"thumbnailUrl\":\"https:\/\/frionox.com\/catalogo\/wp-content\/uploads\/2020\/04\/IM-DRC700-380-3AC.jpg\",\"datePublished\":\"2020-05-30T05:06:44+00:00\",\"dateModified\":\"2025-12-10T16:30:09+00:00\",\"description\":\"Estructura de acero inoxidable AISI 304, espesor 20\/10. Tapa de acero inoxidable balanceado con microinterruptor de seguridad para el funcionamiento s\u00f3lo con postigo cerrado. Cesta extra\u00edble con agujeros perfilados, realizada en acero inoxidable AISI 304. Motor de autofrenado con seguridad t\u00e9rmica. Cuadro de mandos de pared. On\/off del aparato. Indicador de tensi\u00f3n. Indicador de bloqueo de la tapa. Temporizador regulable. Mandos en el cuerpo de la m\u00e1quina. Start del ciclo de secado. Interruptor de emergencia. Empaquetadura de goma en el z\u00f3calo de la m\u00e1quina para amortiguar las vibraciones y reducir la infiltraci\u00f3n. Motor de autofrenado con seguridad t\u00e9rmica (720 rpm). Tiempo de secado regulable (0-12 min). Capacidad (Lts): 54 Carga de Vegetales (livianos): 9kg Carga de Vegetales (pesados): 15kg Potencia (kW): 1.1 Voltaje: 380V \/60Hz\/3AC\",\"breadcrumb\":{\"@id\":\"https:\/\/frionox.com\/catalogo\/producto\/centrifugadora-para-verduras-54-lts-linea-dreener-line-codigo-obsoleto\/#breadcrumb\"},\"inLanguage\":\"es\",\"potentialAction\":[{\"@type\":\"ReadAction\",\"target\":[\"https:\/\/frionox.com\/catalogo\/producto\/centrifugadora-para-verduras-54-lts-linea-dreener-line-codigo-obsoleto\/\"]}]},{\"@type\":\"ImageObject\",\"inLanguage\":\"es\",\"@id\":\"https:\/\/frionox.com\/catalogo\/producto\/centrifugadora-para-verduras-54-lts-linea-dreener-line-codigo-obsoleto\/#primaryimage\",\"url\":\"https:\/\/frionox.com\/catalogo\/wp-content\/uploads\/2020\/04\/IM-DRC700-380-3AC.jpg\",\"contentUrl\":\"https:\/\/frionox.com\/catalogo\/wp-content\/uploads\/2020\/04\/IM-DRC700-380-3AC.jpg\",\"width\":600,\"height\":600},{\"@type\":\"BreadcrumbList\",\"@id\":\"https:\/\/frionox.com\/catalogo\/producto\/centrifugadora-para-verduras-54-lts-linea-dreener-line-codigo-obsoleto\/#breadcrumb\",\"itemListElement\":[{\"@type\":\"ListItem\",\"position\":1,\"name\":\"Portada\",\"item\":\"https:\/\/frionox.com\/catalogo\/\"},{\"@type\":\"ListItem\",\"position\":2,\"name\":\"Hornos Industriales, Licuadoras Industriales, Cocinas y m\u00e1s\",\"item\":\"https:\/\/frionox.com\/catalogo\/tienda\/\"},{\"@type\":\"ListItem\",\"position\":3,\"name\":\"CENTRIFUGADORA PARA VERDURAS 54 LTS LINEA DREENER LINE (CODIGO OBSOLETO)\"}]},{\"@type\":\"WebSite\",\"@id\":\"https:\/\/frionox.com\/catalogo\/#website\",\"url\":\"https:\/\/frionox.com\/catalogo\/\",\"name\":\"FRIONOX\",\"description\":\"Equipamiento de cocinas\",\"publisher\":{\"@id\":\"https:\/\/frionox.com\/catalogo\/#organization\"},\"potentialAction\":[{\"@type\":\"SearchAction\",\"target\":{\"@type\":\"EntryPoint\",\"urlTemplate\":\"https:\/\/frionox.com\/catalogo\/?s={search_term_string}\"},\"query-input\":{\"@type\":\"PropertyValueSpecification\",\"valueRequired\":true,\"valueName\":\"search_term_string\"}}],\"inLanguage\":\"es\"},{\"@type\":[\"Organization\",\"Place\",\"LocalBusiness\"],\"@id\":\"https:\/\/frionox.com\/catalogo\/#organization\",\"name\":\"Frionox Equipamiento de cocinas\",\"url\":\"https:\/\/frionox.com\/catalogo\/\",\"logo\":{\"@id\":\"https:\/\/frionox.com\/catalogo\/producto\/centrifugadora-para-verduras-54-lts-linea-dreener-line-codigo-obsoleto\/#local-main-organization-logo\"},\"image\":{\"@id\":\"https:\/\/frionox.com\/catalogo\/producto\/centrifugadora-para-verduras-54-lts-linea-dreener-line-codigo-obsoleto\/#local-main-organization-logo\"},\"sameAs\":[\"https:\/\/facebook.com\/frionox.pe\",\"https:\/\/x.com\/frionoxsac\",\"https:\/\/youtube.com\/@FRIONOXEQUIPAMIENTODECOCINA\"],\"address\":{\"@id\":\"https:\/\/frionox.com\/catalogo\/producto\/centrifugadora-para-verduras-54-lts-linea-dreener-line-codigo-obsoleto\/#local-main-place-address\"},\"geo\":{\"@type\":\"GeoCoordinates\",\"latitude\":\"-11.980133\",\"longitude\":\"-77.06118200000003\"},\"telephone\":[\"+5115221181\"],\"openingHoursSpecification\":[{\"@type\":\"OpeningHoursSpecification\",\"dayOfWeek\":[\"Monday\",\"Tuesday\",\"Wednesday\",\"Thursday\",\"Friday\",\"Saturday\"],\"opens\":\"08:00\",\"closes\":\"18:00\"},{\"@type\":\"OpeningHoursSpecification\",\"dayOfWeek\":[\"Sunday\"],\"opens\":\"00:00\",\"closes\":\"00:00\"}],\"email\":\"cotizaciones@frionox.com\"},{\"@type\":\"PostalAddress\",\"@id\":\"https:\/\/frionox.com\/catalogo\/producto\/centrifugadora-para-verduras-54-lts-linea-dreener-line-codigo-obsoleto\/#local-main-place-address\",\"streetAddress\":\"Av. Oscar R. Benavides 1624\",\"addressLocality\":\"Cercado de Lima\",\"postalCode\":\"15082\",\"addressRegion\":\"Lima\",\"addressCountry\":\"PE\"},{\"@type\":\"ImageObject\",\"inLanguage\":\"es\",\"@id\":\"https:\/\/frionox.com\/catalogo\/producto\/centrifugadora-para-verduras-54-lts-linea-dreener-line-codigo-obsoleto\/#local-main-organization-logo\",\"url\":\"https:\/\/frionox.com\/catalogo\/wp-content\/uploads\/2020\/04\/LOGO-MOBILE.png\",\"contentUrl\":\"https:\/\/frionox.com\/catalogo\/wp-content\/uploads\/2020\/04\/LOGO-MOBILE.png\",\"width\":203,\"height\":61,\"caption\":\"Frionox Equipamiento de cocinas\"}]}<\/script>\n<meta property=\"product:price:amount\" content=\"11111.25\" \/>\n<meta property=\"product:price:currency\" content=\"PEN\" \/>\n<meta property=\"og:availability\" content=\"backorder\" \/>\n<meta property=\"product:availability\" content=\"available for order\" \/>\n<meta property=\"product:retailer_item_id\" content=\"DRC700-380-3AC\" \/>\n<meta property=\"product:condition\" content=\"new\" \/>\n<meta name=\"geo.placename\" content=\"Cercado de Lima\" \/>\n<meta name=\"geo.position\" content=\"-11.980133;-77.06118200000003\" \/>\n<meta name=\"geo.region\" content=\"Per\u00fa\" \/>\n<!-- \/ Yoast SEO Premium plugin. -->","yoast_head_json":{"title":"CENTRIFUGADORA PARA VERDURAS 54 LTS LINEA DREENER LINE (CODIGO OBSOLETO) - FRIONOX","description":"Estructura de acero inoxidable AISI 304, espesor 20\/10. Tapa de acero inoxidable balanceado con microinterruptor de seguridad para el funcionamiento s\u00f3lo con postigo cerrado. Cesta extra\u00edble con agujeros perfilados, realizada en acero inoxidable AISI 304. Motor de autofrenado con seguridad t\u00e9rmica. Cuadro de mandos de pared. On\/off del aparato. Indicador de tensi\u00f3n. Indicador de bloqueo de la tapa. Temporizador regulable. Mandos en el cuerpo de la m\u00e1quina. Start del ciclo de secado. Interruptor de emergencia. Empaquetadura de goma en el z\u00f3calo de la m\u00e1quina para amortiguar las vibraciones y reducir la infiltraci\u00f3n. Motor de autofrenado con seguridad t\u00e9rmica (720 rpm). Tiempo de secado regulable (0-12 min). Capacidad (Lts): 54 Carga de Vegetales (livianos): 9kg Carga de Vegetales (pesados): 15kg Potencia (kW): 1.1 Voltaje: 380V \/60Hz\/3AC","robots":{"index":"index","follow":"follow","max-snippet":"max-snippet:-1","max-image-preview":"max-image-preview:large","max-video-preview":"max-video-preview:-1"},"canonical":"https:\/\/frionox.com\/catalogo\/producto\/centrifugadora-para-verduras-54-lts-linea-dreener-line-codigo-obsoleto\/","og_locale":"es_ES","og_type":"article","og_title":"CENTRIFUGADORA PARA VERDURAS 54 LTS LINEA DREENER LINE (CODIGO OBSOLETO)","og_description":"Estructura de acero inoxidable AISI 304, espesor 20\/10. Tapa de acero inoxidable balanceado con microinterruptor de seguridad para el funcionamiento s\u00f3lo con postigo cerrado. Cesta extra\u00edble con agujeros perfilados, realizada en acero inoxidable AISI 304. Motor de autofrenado con seguridad t\u00e9rmica. Cuadro de mandos de pared. On\/off del aparato. Indicador de tensi\u00f3n. Indicador de bloqueo de la tapa. Temporizador regulable. Mandos en el cuerpo de la m\u00e1quina. Start del ciclo de secado. Interruptor de emergencia. Empaquetadura de goma en el z\u00f3calo de la m\u00e1quina para amortiguar las vibraciones y reducir la infiltraci\u00f3n. Motor de autofrenado con seguridad t\u00e9rmica (720 rpm). Tiempo de secado regulable (0-12 min). Capacidad (Lts): 54 Carga de Vegetales (livianos): 9kg Carga de Vegetales (pesados): 15kg Potencia (kW): 1.1 Voltaje: 380V \/60Hz\/3AC","og_url":"https:\/\/frionox.com\/catalogo\/producto\/centrifugadora-para-verduras-54-lts-linea-dreener-line-codigo-obsoleto\/","og_site_name":"FRIONOX","article_publisher":"https:\/\/facebook.com\/frionox.pe","article_modified_time":"2025-12-10T16:30:09+00:00","og_image":[{"width":600,"height":600,"url":"https:\/\/frionox.com\/catalogo\/wp-content\/uploads\/2020\/04\/IM-DRC700-380-3AC.jpg","type":"image\/jpeg"}],"twitter_card":"summary_large_image","twitter_site":"@frionoxsac","twitter_misc":{"Precio":"S\/11,111.25","Disponibilidad":"Disponible para reservar"},"schema":{"@context":"https:\/\/schema.org","@graph":[{"@type":"WebPage","@id":"https:\/\/frionox.com\/catalogo\/producto\/centrifugadora-para-verduras-54-lts-linea-dreener-line-codigo-obsoleto\/","url":"https:\/\/frionox.com\/catalogo\/producto\/centrifugadora-para-verduras-54-lts-linea-dreener-line-codigo-obsoleto\/","name":"CENTRIFUGADORA PARA VERDURAS 54 LTS LINEA DREENER LINE (CODIGO OBSOLETO) - FRIONOX","isPartOf":{"@id":"https:\/\/frionox.com\/catalogo\/#website"},"primaryImageOfPage":{"@id":"https:\/\/frionox.com\/catalogo\/producto\/centrifugadora-para-verduras-54-lts-linea-dreener-line-codigo-obsoleto\/#primaryimage"},"image":{"@id":"https:\/\/frionox.com\/catalogo\/producto\/centrifugadora-para-verduras-54-lts-linea-dreener-line-codigo-obsoleto\/#primaryimage"},"thumbnailUrl":"https:\/\/frionox.com\/catalogo\/wp-content\/uploads\/2020\/04\/IM-DRC700-380-3AC.jpg","datePublished":"2020-05-30T05:06:44+00:00","dateModified":"2025-12-10T16:30:09+00:00","description":"Estructura de acero inoxidable AISI 304, espesor 20\/10. Tapa de acero inoxidable balanceado con microinterruptor de seguridad para el funcionamiento s\u00f3lo con postigo cerrado. Cesta extra\u00edble con agujeros perfilados, realizada en acero inoxidable AISI 304. Motor de autofrenado con seguridad t\u00e9rmica. Cuadro de mandos de pared. On\/off del aparato. Indicador de tensi\u00f3n. Indicador de bloqueo de la tapa. Temporizador regulable. Mandos en el cuerpo de la m\u00e1quina. Start del ciclo de secado. Interruptor de emergencia. Empaquetadura de goma en el z\u00f3calo de la m\u00e1quina para amortiguar las vibraciones y reducir la infiltraci\u00f3n. Motor de autofrenado con seguridad t\u00e9rmica (720 rpm). Tiempo de secado regulable (0-12 min). Capacidad (Lts): 54 Carga de Vegetales (livianos): 9kg Carga de Vegetales (pesados): 15kg Potencia (kW): 1.1 Voltaje: 380V \/60Hz\/3AC","breadcrumb":{"@id":"https:\/\/frionox.com\/catalogo\/producto\/centrifugadora-para-verduras-54-lts-linea-dreener-line-codigo-obsoleto\/#breadcrumb"},"inLanguage":"es","potentialAction":[{"@type":"ReadAction","target":["https:\/\/frionox.com\/catalogo\/producto\/centrifugadora-para-verduras-54-lts-linea-dreener-line-codigo-obsoleto\/"]}]},{"@type":"ImageObject","inLanguage":"es","@id":"https:\/\/frionox.com\/catalogo\/producto\/centrifugadora-para-verduras-54-lts-linea-dreener-line-codigo-obsoleto\/#primaryimage","url":"https:\/\/frionox.com\/catalogo\/wp-content\/uploads\/2020\/04\/IM-DRC700-380-3AC.jpg","contentUrl":"https:\/\/frionox.com\/catalogo\/wp-content\/uploads\/2020\/04\/IM-DRC700-380-3AC.jpg","width":600,"height":600},{"@type":"BreadcrumbList","@id":"https:\/\/frionox.com\/catalogo\/producto\/centrifugadora-para-verduras-54-lts-linea-dreener-line-codigo-obsoleto\/#breadcrumb","itemListElement":[{"@type":"ListItem","position":1,"name":"Portada","item":"https:\/\/frionox.com\/catalogo\/"},{"@type":"ListItem","position":2,"name":"Hornos Industriales, Licuadoras Industriales, Cocinas y m\u00e1s","item":"https:\/\/frionox.com\/catalogo\/tienda\/"},{"@type":"ListItem","position":3,"name":"CENTRIFUGADORA PARA VERDURAS 54 LTS LINEA DREENER LINE (CODIGO OBSOLETO)"}]},{"@type":"WebSite","@id":"https:\/\/frionox.com\/catalogo\/#website","url":"https:\/\/frionox.com\/catalogo\/","name":"FRIONOX","description":"Equipamiento de cocinas","publisher":{"@id":"https:\/\/frionox.com\/catalogo\/#organization"},"potentialAction":[{"@type":"SearchAction","target":{"@type":"EntryPoint","urlTemplate":"https:\/\/frionox.com\/catalogo\/?s={search_term_string}"},"query-input":{"@type":"PropertyValueSpecification","valueRequired":true,"valueName":"search_term_string"}}],"inLanguage":"es"},{"@type":["Organization","Place","LocalBusiness"],"@id":"https:\/\/frionox.com\/catalogo\/#organization","name":"Frionox Equipamiento de cocinas","url":"https:\/\/frionox.com\/catalogo\/","logo":{"@id":"https:\/\/frionox.com\/catalogo\/producto\/centrifugadora-para-verduras-54-lts-linea-dreener-line-codigo-obsoleto\/#local-main-organization-logo"},"image":{"@id":"https:\/\/frionox.com\/catalogo\/producto\/centrifugadora-para-verduras-54-lts-linea-dreener-line-codigo-obsoleto\/#local-main-organization-logo"},"sameAs":["https:\/\/facebook.com\/frionox.pe","https:\/\/x.com\/frionoxsac","https:\/\/youtube.com\/@FRIONOXEQUIPAMIENTODECOCINA"],"address":{"@id":"https:\/\/frionox.com\/catalogo\/producto\/centrifugadora-para-verduras-54-lts-linea-dreener-line-codigo-obsoleto\/#local-main-place-address"},"geo":{"@type":"GeoCoordinates","latitude":"-11.980133","longitude":"-77.06118200000003"},"telephone":["+5115221181"],"openingHoursSpecification":[{"@type":"OpeningHoursSpecification","dayOfWeek":["Monday","Tuesday","Wednesday","Thursday","Friday","Saturday"],"opens":"08:00","closes":"18:00"},{"@type":"OpeningHoursSpecification","dayOfWeek":["Sunday"],"opens":"00:00","closes":"00:00"}],"email":"cotizaciones@frionox.com"},{"@type":"PostalAddress","@id":"https:\/\/frionox.com\/catalogo\/producto\/centrifugadora-para-verduras-54-lts-linea-dreener-line-codigo-obsoleto\/#local-main-place-address","streetAddress":"Av. Oscar R. Benavides 1624","addressLocality":"Cercado de Lima","postalCode":"15082","addressRegion":"Lima","addressCountry":"PE"},{"@type":"ImageObject","inLanguage":"es","@id":"https:\/\/frionox.com\/catalogo\/producto\/centrifugadora-para-verduras-54-lts-linea-dreener-line-codigo-obsoleto\/#local-main-organization-logo","url":"https:\/\/frionox.com\/catalogo\/wp-content\/uploads\/2020\/04\/LOGO-MOBILE.png","contentUrl":"https:\/\/frionox.com\/catalogo\/wp-content\/uploads\/2020\/04\/LOGO-MOBILE.png","width":203,"height":61,"caption":"Frionox Equipamiento de cocinas"}]},"product_price_amount":"11111.25","product_price_currency":"PEN","og_availability":"backorder","product_availability":"available for order","product_retailer_item_id":"DRC700-380-3AC","product_condition":"new","geo.placename":"Cercado de Lima","geo.position":{"lat":"-11.980133","long":"-77.06118200000003"},"geo.region":"Per\u00fa"},"_links":{"self":[{"href":"https:\/\/frionox.com\/catalogo\/wp-json\/wp\/v2\/product\/14289","targetHints":{"allow":["GET"]}}],"collection":[{"href":"https:\/\/frionox.com\/catalogo\/wp-json\/wp\/v2\/product"}],"about":[{"href":"https:\/\/frionox.com\/catalogo\/wp-json\/wp\/v2\/types\/product"}],"replies":[{"embeddable":true,"href":"https:\/\/frionox.com\/catalogo\/wp-json\/wp\/v2\/comments?post=14289"}],"wp:featuredmedia":[{"embeddable":true,"href":"https:\/\/frionox.com\/catalogo\/wp-json\/wp\/v2\/media\/12279"}],"wp:attachment":[{"href":"https:\/\/frionox.com\/catalogo\/wp-json\/wp\/v2\/media?parent=14289"}],"wp:term":[{"taxonomy":"product_brand","embeddable":true,"href":"https:\/\/frionox.com\/catalogo\/wp-json\/wp\/v2\/product_brand?post=14289"},{"taxonomy":"product_cat","embeddable":true,"href":"https:\/\/frionox.com\/catalogo\/wp-json\/wp\/v2\/product_cat?post=14289"},{"taxonomy":"product_tag","embeddable":true,"href":"https:\/\/frionox.com\/catalogo\/wp-json\/wp\/v2\/product_tag?post=14289"}],"curies":[{"name":"wp","href":"https:\/\/api.w.org\/{rel}","templated":true}]}}