{"id":14174,"date":"2020-05-19T22:44:29","date_gmt":"2020-05-20T03:44:29","guid":{"rendered":"https:\/\/frionox.com\/catalogo\/producto\/exprimidor-de-citricos-electrico-spl235m\/"},"modified":"2025-03-24T11:14:16","modified_gmt":"2025-03-24T16:14:16","slug":"exprimidor-de-citricos-electrico-spl235m","status":"publish","type":"product","link":"https:\/\/frionox.com\/catalogo\/producto\/exprimidor-de-citricos-electrico-spl235m\/","title":{"rendered":"EXPRIMIDOR DE CITRICOS ELECTRICO &#8211; SPL235M"},"content":{"rendered":"<p>SPL: Exprimidor el\u00e9ctrico profesional de aleaci\u00f3n de aluminio pintado &#8211; puesta en marcha y apagado autom\u00e1ticos con la palanca empujadora de la fruta &#8211; recipiente, filtro y pi\u00f1a extra\u00edbles. POTENCIA 150 W ALIMENTACI\u00d3N 230V\/1N\/50-60Hz PESO NETO 4,5 Kg PESO BRUTO 5,5 Kg DIMENSIONES DEL EMBALAJE 390x300x440h (mm) VOLUMEN DEL EMBALAJE 0,051 m\u00b3 VELOCIDAD 500 rpm<\/p>\n","protected":false},"excerpt":{"rendered":"<p>SPL: Exprimidor el\u00e9ctrico profesional de aleaci\u00f3n de aluminio pintado &#8211; puesta en marcha y apagado autom\u00e1ticos con la palanca empujadora de la fruta &#8211; recipiente, filtro y pi\u00f1a extra\u00edbles. POTENCIA 150 W ALIMENTACI\u00d3N 230V\/1N\/50-60Hz PESO NETO 4,5 Kg PESO BRUTO 5,5 Kg DIMENSIONES DEL EMBALAJE 390x300x440h (mm) VOLUMEN DEL EMBALAJE 0,051 m\u00b3 VELOCIDAD 500 rpm<\/p>\n","protected":false},"featured_media":12598,"comment_status":"open","ping_status":"closed","template":"","meta":[],"product_brand":[],"product_cat":[1405],"product_tag":[],"class_list":{"0":"post-14174","1":"product","2":"type-product","3":"status-publish","4":"has-post-thumbnail","6":"product_cat-exprimidor-de-citricos","7":"pa_marcas-fimar","9":"first","10":"onbackorder","11":"sale","12":"shipping-taxable","13":"purchasable","14":"product-type-simple"},"yoast_head":"<!-- This site is optimized with the Yoast SEO Premium plugin v27.1 (Yoast SEO v27.1.1) - https:\/\/yoast.com\/product\/yoast-seo-premium-wordpress\/ -->\n<title>EXPRIMIDOR DE CITRICOS ELECTRICO - SPL235M - FRIONOX<\/title>\n<meta name=\"description\" content=\"SPL: Exprimidor el\u00e9ctrico profesional de aleaci\u00f3n de aluminio pintado - puesta en marcha y apagado autom\u00e1ticos con la palanca empujadora de la fruta - recipiente, filtro y pi\u00f1a extra\u00edbles. POTENCIA 150 W ALIMENTACI\u00d3N 230V\/1N\/50-60Hz PESO NETO 4,5 Kg PESO BRUTO 5,5 Kg DIMENSIONES DEL EMBALAJE 390x300x440h (mm) VOLUMEN DEL EMBALAJE 0,051 m\u00b3 VELOCIDAD 500 rpm\" \/>\n<meta name=\"robots\" content=\"index, follow, max-snippet:-1, max-image-preview:large, max-video-preview:-1\" \/>\n<link rel=\"canonical\" href=\"https:\/\/frionox.com\/catalogo\/producto\/exprimidor-de-citricos-electrico-spl235m\/\" \/>\n<meta property=\"og:locale\" content=\"es_ES\" \/>\n<meta property=\"og:type\" content=\"article\" \/>\n<meta property=\"og:title\" content=\"EXPRIMIDOR DE CITRICOS ELECTRICO - SPL235M\" \/>\n<meta property=\"og:description\" content=\"SPL: Exprimidor el\u00e9ctrico profesional de aleaci\u00f3n de aluminio pintado - puesta en marcha y apagado autom\u00e1ticos con la palanca empujadora de la fruta - recipiente, filtro y pi\u00f1a extra\u00edbles. POTENCIA 150 W ALIMENTACI\u00d3N 230V\/1N\/50-60Hz PESO NETO 4,5 Kg PESO BRUTO 5,5 Kg DIMENSIONES DEL EMBALAJE 390x300x440h (mm) VOLUMEN DEL EMBALAJE 0,051 m\u00b3 VELOCIDAD 500 rpm\" \/>\n<meta property=\"og:url\" content=\"https:\/\/frionox.com\/catalogo\/producto\/exprimidor-de-citricos-electrico-spl235m\/\" \/>\n<meta property=\"og:site_name\" content=\"FRIONOX\" \/>\n<meta property=\"article:publisher\" content=\"https:\/\/facebook.com\/frionox.pe\" \/>\n<meta property=\"article:modified_time\" content=\"2025-03-24T16:14:16+00:00\" \/>\n<meta property=\"og:image\" content=\"https:\/\/frionox.com\/catalogo\/wp-content\/uploads\/2020\/04\/SPL-500x500-1.jpg\" \/>\n\t<meta property=\"og:image:width\" content=\"600\" \/>\n\t<meta property=\"og:image:height\" content=\"600\" \/>\n\t<meta property=\"og:image:type\" content=\"image\/jpeg\" \/>\n<meta name=\"twitter:card\" content=\"summary_large_image\" \/>\n<meta name=\"twitter:site\" content=\"@frionoxsac\" \/>\n<meta name=\"twitter:label1\" content=\"Precio\" \/>\n\t<meta name=\"twitter:data1\" content=\"S\/655.96\" \/>\n\t<meta name=\"twitter:label2\" content=\"Disponibilidad\" \/>\n\t<meta name=\"twitter:data2\" content=\"Disponible para reservar\" \/>\n<script type=\"application\/ld+json\" class=\"yoast-schema-graph\">{\"@context\":\"https:\/\/schema.org\",\"@graph\":[{\"@type\":\"WebPage\",\"@id\":\"https:\/\/frionox.com\/catalogo\/producto\/exprimidor-de-citricos-electrico-spl235m\/\",\"url\":\"https:\/\/frionox.com\/catalogo\/producto\/exprimidor-de-citricos-electrico-spl235m\/\",\"name\":\"EXPRIMIDOR DE CITRICOS ELECTRICO - SPL235M - FRIONOX\",\"isPartOf\":{\"@id\":\"https:\/\/frionox.com\/catalogo\/#website\"},\"primaryImageOfPage\":{\"@id\":\"https:\/\/frionox.com\/catalogo\/producto\/exprimidor-de-citricos-electrico-spl235m\/#primaryimage\"},\"image\":{\"@id\":\"https:\/\/frionox.com\/catalogo\/producto\/exprimidor-de-citricos-electrico-spl235m\/#primaryimage\"},\"thumbnailUrl\":\"https:\/\/frionox.com\/catalogo\/wp-content\/uploads\/2020\/04\/SPL-500x500-1.jpg\",\"datePublished\":\"2020-05-20T03:44:29+00:00\",\"dateModified\":\"2025-03-24T16:14:16+00:00\",\"description\":\"SPL: Exprimidor el\u00e9ctrico profesional de aleaci\u00f3n de aluminio pintado - puesta en marcha y apagado autom\u00e1ticos con la palanca empujadora de la fruta - recipiente, filtro y pi\u00f1a extra\u00edbles. POTENCIA 150 W ALIMENTACI\u00d3N 230V\/1N\/50-60Hz PESO NETO 4,5 Kg PESO BRUTO 5,5 Kg DIMENSIONES DEL EMBALAJE 390x300x440h (mm) VOLUMEN DEL EMBALAJE 0,051 m\u00b3 VELOCIDAD 500 rpm\",\"breadcrumb\":{\"@id\":\"https:\/\/frionox.com\/catalogo\/producto\/exprimidor-de-citricos-electrico-spl235m\/#breadcrumb\"},\"inLanguage\":\"es\",\"potentialAction\":[{\"@type\":\"ReadAction\",\"target\":[\"https:\/\/frionox.com\/catalogo\/producto\/exprimidor-de-citricos-electrico-spl235m\/\"]}]},{\"@type\":\"ImageObject\",\"inLanguage\":\"es\",\"@id\":\"https:\/\/frionox.com\/catalogo\/producto\/exprimidor-de-citricos-electrico-spl235m\/#primaryimage\",\"url\":\"https:\/\/frionox.com\/catalogo\/wp-content\/uploads\/2020\/04\/SPL-500x500-1.jpg\",\"contentUrl\":\"https:\/\/frionox.com\/catalogo\/wp-content\/uploads\/2020\/04\/SPL-500x500-1.jpg\",\"width\":600,\"height\":600},{\"@type\":\"BreadcrumbList\",\"@id\":\"https:\/\/frionox.com\/catalogo\/producto\/exprimidor-de-citricos-electrico-spl235m\/#breadcrumb\",\"itemListElement\":[{\"@type\":\"ListItem\",\"position\":1,\"name\":\"Portada\",\"item\":\"https:\/\/frionox.com\/catalogo\/\"},{\"@type\":\"ListItem\",\"position\":2,\"name\":\"Hornos Industriales, Licuadoras Industriales, Cocinas y m\u00e1s\",\"item\":\"https:\/\/frionox.com\/catalogo\/tienda\/\"},{\"@type\":\"ListItem\",\"position\":3,\"name\":\"EXPRIMIDOR DE CITRICOS ELECTRICO &#8211; SPL235M\"}]},{\"@type\":\"WebSite\",\"@id\":\"https:\/\/frionox.com\/catalogo\/#website\",\"url\":\"https:\/\/frionox.com\/catalogo\/\",\"name\":\"FRIONOX\",\"description\":\"Equipamiento de cocinas\",\"publisher\":{\"@id\":\"https:\/\/frionox.com\/catalogo\/#organization\"},\"potentialAction\":[{\"@type\":\"SearchAction\",\"target\":{\"@type\":\"EntryPoint\",\"urlTemplate\":\"https:\/\/frionox.com\/catalogo\/?s={search_term_string}\"},\"query-input\":{\"@type\":\"PropertyValueSpecification\",\"valueRequired\":true,\"valueName\":\"search_term_string\"}}],\"inLanguage\":\"es\"},{\"@type\":[\"Organization\",\"Place\",\"LocalBusiness\"],\"@id\":\"https:\/\/frionox.com\/catalogo\/#organization\",\"name\":\"Frionox Equipamiento de cocinas\",\"url\":\"https:\/\/frionox.com\/catalogo\/\",\"logo\":{\"@id\":\"https:\/\/frionox.com\/catalogo\/producto\/exprimidor-de-citricos-electrico-spl235m\/#local-main-organization-logo\"},\"image\":{\"@id\":\"https:\/\/frionox.com\/catalogo\/producto\/exprimidor-de-citricos-electrico-spl235m\/#local-main-organization-logo\"},\"sameAs\":[\"https:\/\/facebook.com\/frionox.pe\",\"https:\/\/x.com\/frionoxsac\",\"https:\/\/youtube.com\/@FRIONOXEQUIPAMIENTODECOCINA\"],\"address\":{\"@id\":\"https:\/\/frionox.com\/catalogo\/producto\/exprimidor-de-citricos-electrico-spl235m\/#local-main-place-address\"},\"geo\":{\"@type\":\"GeoCoordinates\",\"latitude\":\"-11.980133\",\"longitude\":\"-77.06118200000003\"},\"telephone\":[\"+5115221181\"],\"openingHoursSpecification\":[{\"@type\":\"OpeningHoursSpecification\",\"dayOfWeek\":[\"Monday\",\"Tuesday\",\"Wednesday\",\"Thursday\",\"Friday\",\"Saturday\"],\"opens\":\"08:00\",\"closes\":\"18:00\"},{\"@type\":\"OpeningHoursSpecification\",\"dayOfWeek\":[\"Sunday\"],\"opens\":\"00:00\",\"closes\":\"00:00\"}],\"email\":\"cotizaciones@frionox.com\"},{\"@type\":\"PostalAddress\",\"@id\":\"https:\/\/frionox.com\/catalogo\/producto\/exprimidor-de-citricos-electrico-spl235m\/#local-main-place-address\",\"streetAddress\":\"Av. Oscar R. Benavides 1624\",\"addressLocality\":\"Cercado de Lima\",\"postalCode\":\"15082\",\"addressRegion\":\"Lima\",\"addressCountry\":\"PE\"},{\"@type\":\"ImageObject\",\"inLanguage\":\"es\",\"@id\":\"https:\/\/frionox.com\/catalogo\/producto\/exprimidor-de-citricos-electrico-spl235m\/#local-main-organization-logo\",\"url\":\"https:\/\/frionox.com\/catalogo\/wp-content\/uploads\/2020\/04\/LOGO-MOBILE.png\",\"contentUrl\":\"https:\/\/frionox.com\/catalogo\/wp-content\/uploads\/2020\/04\/LOGO-MOBILE.png\",\"width\":203,\"height\":61,\"caption\":\"Frionox Equipamiento de cocinas\"}]}<\/script>\n<meta property=\"product:price:amount\" content=\"655.96\" \/>\n<meta property=\"product:price:currency\" content=\"PEN\" \/>\n<meta property=\"og:availability\" content=\"backorder\" \/>\n<meta property=\"product:availability\" content=\"available for order\" \/>\n<meta property=\"product:retailer_item_id\" content=\"SPL235M\" \/>\n<meta property=\"product:condition\" content=\"new\" \/>\n<meta name=\"geo.placename\" content=\"Cercado de Lima\" \/>\n<meta name=\"geo.position\" content=\"-11.980133;-77.06118200000003\" \/>\n<meta name=\"geo.region\" content=\"Per\u00fa\" \/>\n<!-- \/ Yoast SEO Premium plugin. -->","yoast_head_json":{"title":"EXPRIMIDOR DE CITRICOS ELECTRICO - SPL235M - FRIONOX","description":"SPL: Exprimidor el\u00e9ctrico profesional de aleaci\u00f3n de aluminio pintado - puesta en marcha y apagado autom\u00e1ticos con la palanca empujadora de la fruta - recipiente, filtro y pi\u00f1a extra\u00edbles. POTENCIA 150 W ALIMENTACI\u00d3N 230V\/1N\/50-60Hz PESO NETO 4,5 Kg PESO BRUTO 5,5 Kg DIMENSIONES DEL EMBALAJE 390x300x440h (mm) VOLUMEN DEL EMBALAJE 0,051 m\u00b3 VELOCIDAD 500 rpm","robots":{"index":"index","follow":"follow","max-snippet":"max-snippet:-1","max-image-preview":"max-image-preview:large","max-video-preview":"max-video-preview:-1"},"canonical":"https:\/\/frionox.com\/catalogo\/producto\/exprimidor-de-citricos-electrico-spl235m\/","og_locale":"es_ES","og_type":"article","og_title":"EXPRIMIDOR DE CITRICOS ELECTRICO - SPL235M","og_description":"SPL: Exprimidor el\u00e9ctrico profesional de aleaci\u00f3n de aluminio pintado - puesta en marcha y apagado autom\u00e1ticos con la palanca empujadora de la fruta - recipiente, filtro y pi\u00f1a extra\u00edbles. POTENCIA 150 W ALIMENTACI\u00d3N 230V\/1N\/50-60Hz PESO NETO 4,5 Kg PESO BRUTO 5,5 Kg DIMENSIONES DEL EMBALAJE 390x300x440h (mm) VOLUMEN DEL EMBALAJE 0,051 m\u00b3 VELOCIDAD 500 rpm","og_url":"https:\/\/frionox.com\/catalogo\/producto\/exprimidor-de-citricos-electrico-spl235m\/","og_site_name":"FRIONOX","article_publisher":"https:\/\/facebook.com\/frionox.pe","article_modified_time":"2025-03-24T16:14:16+00:00","og_image":[{"width":600,"height":600,"url":"https:\/\/frionox.com\/catalogo\/wp-content\/uploads\/2020\/04\/SPL-500x500-1.jpg","type":"image\/jpeg"}],"twitter_card":"summary_large_image","twitter_site":"@frionoxsac","twitter_misc":{"Precio":"S\/655.96","Disponibilidad":"Disponible para reservar"},"schema":{"@context":"https:\/\/schema.org","@graph":[{"@type":"WebPage","@id":"https:\/\/frionox.com\/catalogo\/producto\/exprimidor-de-citricos-electrico-spl235m\/","url":"https:\/\/frionox.com\/catalogo\/producto\/exprimidor-de-citricos-electrico-spl235m\/","name":"EXPRIMIDOR DE CITRICOS ELECTRICO - SPL235M - FRIONOX","isPartOf":{"@id":"https:\/\/frionox.com\/catalogo\/#website"},"primaryImageOfPage":{"@id":"https:\/\/frionox.com\/catalogo\/producto\/exprimidor-de-citricos-electrico-spl235m\/#primaryimage"},"image":{"@id":"https:\/\/frionox.com\/catalogo\/producto\/exprimidor-de-citricos-electrico-spl235m\/#primaryimage"},"thumbnailUrl":"https:\/\/frionox.com\/catalogo\/wp-content\/uploads\/2020\/04\/SPL-500x500-1.jpg","datePublished":"2020-05-20T03:44:29+00:00","dateModified":"2025-03-24T16:14:16+00:00","description":"SPL: Exprimidor el\u00e9ctrico profesional de aleaci\u00f3n de aluminio pintado - puesta en marcha y apagado autom\u00e1ticos con la palanca empujadora de la fruta - recipiente, filtro y pi\u00f1a extra\u00edbles. POTENCIA 150 W ALIMENTACI\u00d3N 230V\/1N\/50-60Hz PESO NETO 4,5 Kg PESO BRUTO 5,5 Kg DIMENSIONES DEL EMBALAJE 390x300x440h (mm) VOLUMEN DEL EMBALAJE 0,051 m\u00b3 VELOCIDAD 500 rpm","breadcrumb":{"@id":"https:\/\/frionox.com\/catalogo\/producto\/exprimidor-de-citricos-electrico-spl235m\/#breadcrumb"},"inLanguage":"es","potentialAction":[{"@type":"ReadAction","target":["https:\/\/frionox.com\/catalogo\/producto\/exprimidor-de-citricos-electrico-spl235m\/"]}]},{"@type":"ImageObject","inLanguage":"es","@id":"https:\/\/frionox.com\/catalogo\/producto\/exprimidor-de-citricos-electrico-spl235m\/#primaryimage","url":"https:\/\/frionox.com\/catalogo\/wp-content\/uploads\/2020\/04\/SPL-500x500-1.jpg","contentUrl":"https:\/\/frionox.com\/catalogo\/wp-content\/uploads\/2020\/04\/SPL-500x500-1.jpg","width":600,"height":600},{"@type":"BreadcrumbList","@id":"https:\/\/frionox.com\/catalogo\/producto\/exprimidor-de-citricos-electrico-spl235m\/#breadcrumb","itemListElement":[{"@type":"ListItem","position":1,"name":"Portada","item":"https:\/\/frionox.com\/catalogo\/"},{"@type":"ListItem","position":2,"name":"Hornos Industriales, Licuadoras Industriales, Cocinas y m\u00e1s","item":"https:\/\/frionox.com\/catalogo\/tienda\/"},{"@type":"ListItem","position":3,"name":"EXPRIMIDOR DE CITRICOS ELECTRICO &#8211; SPL235M"}]},{"@type":"WebSite","@id":"https:\/\/frionox.com\/catalogo\/#website","url":"https:\/\/frionox.com\/catalogo\/","name":"FRIONOX","description":"Equipamiento de cocinas","publisher":{"@id":"https:\/\/frionox.com\/catalogo\/#organization"},"potentialAction":[{"@type":"SearchAction","target":{"@type":"EntryPoint","urlTemplate":"https:\/\/frionox.com\/catalogo\/?s={search_term_string}"},"query-input":{"@type":"PropertyValueSpecification","valueRequired":true,"valueName":"search_term_string"}}],"inLanguage":"es"},{"@type":["Organization","Place","LocalBusiness"],"@id":"https:\/\/frionox.com\/catalogo\/#organization","name":"Frionox Equipamiento de cocinas","url":"https:\/\/frionox.com\/catalogo\/","logo":{"@id":"https:\/\/frionox.com\/catalogo\/producto\/exprimidor-de-citricos-electrico-spl235m\/#local-main-organization-logo"},"image":{"@id":"https:\/\/frionox.com\/catalogo\/producto\/exprimidor-de-citricos-electrico-spl235m\/#local-main-organization-logo"},"sameAs":["https:\/\/facebook.com\/frionox.pe","https:\/\/x.com\/frionoxsac","https:\/\/youtube.com\/@FRIONOXEQUIPAMIENTODECOCINA"],"address":{"@id":"https:\/\/frionox.com\/catalogo\/producto\/exprimidor-de-citricos-electrico-spl235m\/#local-main-place-address"},"geo":{"@type":"GeoCoordinates","latitude":"-11.980133","longitude":"-77.06118200000003"},"telephone":["+5115221181"],"openingHoursSpecification":[{"@type":"OpeningHoursSpecification","dayOfWeek":["Monday","Tuesday","Wednesday","Thursday","Friday","Saturday"],"opens":"08:00","closes":"18:00"},{"@type":"OpeningHoursSpecification","dayOfWeek":["Sunday"],"opens":"00:00","closes":"00:00"}],"email":"cotizaciones@frionox.com"},{"@type":"PostalAddress","@id":"https:\/\/frionox.com\/catalogo\/producto\/exprimidor-de-citricos-electrico-spl235m\/#local-main-place-address","streetAddress":"Av. Oscar R. Benavides 1624","addressLocality":"Cercado de Lima","postalCode":"15082","addressRegion":"Lima","addressCountry":"PE"},{"@type":"ImageObject","inLanguage":"es","@id":"https:\/\/frionox.com\/catalogo\/producto\/exprimidor-de-citricos-electrico-spl235m\/#local-main-organization-logo","url":"https:\/\/frionox.com\/catalogo\/wp-content\/uploads\/2020\/04\/LOGO-MOBILE.png","contentUrl":"https:\/\/frionox.com\/catalogo\/wp-content\/uploads\/2020\/04\/LOGO-MOBILE.png","width":203,"height":61,"caption":"Frionox Equipamiento de cocinas"}]},"product_price_amount":"655.96","product_price_currency":"PEN","og_availability":"backorder","product_availability":"available for order","product_retailer_item_id":"SPL235M","product_condition":"new","geo.placename":"Cercado de Lima","geo.position":{"lat":"-11.980133","long":"-77.06118200000003"},"geo.region":"Per\u00fa"},"_links":{"self":[{"href":"https:\/\/frionox.com\/catalogo\/wp-json\/wp\/v2\/product\/14174","targetHints":{"allow":["GET"]}}],"collection":[{"href":"https:\/\/frionox.com\/catalogo\/wp-json\/wp\/v2\/product"}],"about":[{"href":"https:\/\/frionox.com\/catalogo\/wp-json\/wp\/v2\/types\/product"}],"replies":[{"embeddable":true,"href":"https:\/\/frionox.com\/catalogo\/wp-json\/wp\/v2\/comments?post=14174"}],"wp:featuredmedia":[{"embeddable":true,"href":"https:\/\/frionox.com\/catalogo\/wp-json\/wp\/v2\/media\/12598"}],"wp:attachment":[{"href":"https:\/\/frionox.com\/catalogo\/wp-json\/wp\/v2\/media?parent=14174"}],"wp:term":[{"taxonomy":"product_brand","embeddable":true,"href":"https:\/\/frionox.com\/catalogo\/wp-json\/wp\/v2\/product_brand?post=14174"},{"taxonomy":"product_cat","embeddable":true,"href":"https:\/\/frionox.com\/catalogo\/wp-json\/wp\/v2\/product_cat?post=14174"},{"taxonomy":"product_tag","embeddable":true,"href":"https:\/\/frionox.com\/catalogo\/wp-json\/wp\/v2\/product_tag?post=14174"}],"curies":[{"name":"wp","href":"https:\/\/api.w.org\/{rel}","templated":true}]}}