{"id":14164,"date":"2020-05-19T21:42:51","date_gmt":"2020-05-20T02:42:51","guid":{"rendered":"https:\/\/frionox.com\/catalogo\/producto\/parrilla-tostadora-de-bandeja-top-6d-top6d23m-top6d23m\/"},"modified":"2026-01-11T20:02:00","modified_gmt":"2026-01-12T01:02:00","slug":"parrilla-tostadora-de-bandeja-top-6d-top6d23m-top6d23m","status":"publish","type":"product","link":"https:\/\/frionox.com\/catalogo\/producto\/parrilla-tostadora-de-bandeja-top-6d-top6d23m-top6d23m\/","title":{"rendered":"PARRILLA &#8211; TOSTADORA DE BANDEJA TOP\/6D &#8211; TOP6D23M &#8211; TOP6D23M"},"content":{"rendered":"<p>M\u00e1quina para calentar pizzas, bocadillos, alimentos pre-cocinados, hamburguesas, w\u00fcrstel, emparedados, piadina (tortilla de pan \u00e1cimo), etc. Estructura de acero inoxidable &#8211; funcionamiento por medio de resistencias con tubos de cuarzo &#8211; temporizador 0\u00f715 minutos. Potencia: 3300 w Alimentaci\u00f3n: 230v\/1n\/50-60hz Dimensiones c\u00e1mara de cocci\u00f3n: 370x230x180h (mm) Peso neto: 9,5 kg Peso bruto: 11,5 kg Dimensiones del embalaje: 370x590x490h (mm) Volumen del embalaje: 0,107 m\u00b3 Capacidad toast: 6 (n\u00b0)<\/p>\n","protected":false},"excerpt":{"rendered":"<p>M\u00e1quina para calentar pizzas, bocadillos, alimentos pre-cocinados, hamburguesas, w\u00fcrstel, emparedados, piadina (tortilla de pan \u00e1cimo), etc. Estructura de acero inoxidable &#8211; funcionamiento por medio de resistencias con tubos de cuarzo &#8211; temporizador 0\u00f715 minutos. Potencia: 3300 w Alimentaci\u00f3n: 230v\/1n\/50-60hz Dimensiones c\u00e1mara de cocci\u00f3n: 370x230x180h (mm) Peso neto: 9,5 kg Peso bruto: 11,5 kg Dimensiones del embalaje: 370x590x490h (mm) Volumen del embalaje: 0,107 m\u00b3 Capacidad toast: 6 (n\u00b0)<\/p>\n","protected":false},"featured_media":12641,"comment_status":"open","ping_status":"closed","template":"","meta":[],"product_brand":[],"product_cat":[29],"product_tag":[],"class_list":{"0":"post-14164","1":"product","2":"type-product","3":"status-publish","4":"has-post-thumbnail","6":"product_cat-equipos-de-coccion","7":"pa_marcas-fimar","9":"first","10":"onbackorder","11":"sale","12":"shipping-taxable","13":"purchasable","14":"product-type-simple"},"yoast_head":"<!-- This site is optimized with the Yoast SEO Premium plugin v27.1 (Yoast SEO v27.1.1) - https:\/\/yoast.com\/product\/yoast-seo-premium-wordpress\/ -->\n<title>PARRILLA - TOSTADORA DE BANDEJA TOP\/6D - TOP6D23M - TOP6D23M - FRIONOX<\/title>\n<meta name=\"description\" content=\"M\u00e1quina para calentar pizzas, bocadillos, alimentos pre-cocinados, hamburguesas, w\u00fcrstel, emparedados, piadina (tortilla de pan \u00e1cimo), etc. Estructura de acero inoxidable - funcionamiento por medio de resistencias con tubos de cuarzo - temporizador 0\u00f715 minutos. Potencia: 3300 w Alimentaci\u00f3n: 230v\/1n\/50-60hz Dimensiones c\u00e1mara de cocci\u00f3n: 370x230x180h (mm) Peso neto: 9,5 kg Peso bruto: 11,5 kg Dimensiones del embalaje: 370x590x490h (mm) Volumen del embalaje: 0,107 m\u00b3 Capacidad toast: 6 (n\u00b0)\" \/>\n<meta name=\"robots\" content=\"index, follow, max-snippet:-1, max-image-preview:large, max-video-preview:-1\" \/>\n<link rel=\"canonical\" href=\"https:\/\/frionox.com\/catalogo\/producto\/parrilla-tostadora-de-bandeja-top-6d-top6d23m-top6d23m\/\" \/>\n<meta property=\"og:locale\" content=\"es_ES\" \/>\n<meta property=\"og:type\" content=\"article\" \/>\n<meta property=\"og:title\" content=\"PARRILLA - TOSTADORA DE BANDEJA TOP\/6D - TOP6D23M - TOP6D23M\" \/>\n<meta property=\"og:description\" content=\"M\u00e1quina para calentar pizzas, bocadillos, alimentos pre-cocinados, hamburguesas, w\u00fcrstel, emparedados, piadina (tortilla de pan \u00e1cimo), etc. Estructura de acero inoxidable - funcionamiento por medio de resistencias con tubos de cuarzo - temporizador 0\u00f715 minutos. Potencia: 3300 w Alimentaci\u00f3n: 230v\/1n\/50-60hz Dimensiones c\u00e1mara de cocci\u00f3n: 370x230x180h (mm) Peso neto: 9,5 kg Peso bruto: 11,5 kg Dimensiones del embalaje: 370x590x490h (mm) Volumen del embalaje: 0,107 m\u00b3 Capacidad toast: 6 (n\u00b0)\" \/>\n<meta property=\"og:url\" content=\"https:\/\/frionox.com\/catalogo\/producto\/parrilla-tostadora-de-bandeja-top-6d-top6d23m-top6d23m\/\" \/>\n<meta property=\"og:site_name\" content=\"FRIONOX\" \/>\n<meta property=\"article:publisher\" content=\"https:\/\/facebook.com\/frionox.pe\" \/>\n<meta property=\"article:modified_time\" content=\"2026-01-12T01:02:00+00:00\" \/>\n<meta property=\"og:image\" content=\"https:\/\/frionox.com\/catalogo\/wp-content\/uploads\/2020\/04\/TOP6D23M.jpg\" \/>\n\t<meta property=\"og:image:width\" content=\"600\" \/>\n\t<meta property=\"og:image:height\" content=\"600\" \/>\n\t<meta property=\"og:image:type\" content=\"image\/jpeg\" \/>\n<meta name=\"twitter:card\" content=\"summary_large_image\" \/>\n<meta name=\"twitter:site\" content=\"@frionoxsac\" \/>\n<meta name=\"twitter:label1\" content=\"Precio\" \/>\n\t<meta name=\"twitter:data1\" content=\"S\/399.19\" \/>\n\t<meta name=\"twitter:label2\" content=\"Disponibilidad\" \/>\n\t<meta name=\"twitter:data2\" content=\"Disponible para reservar\" \/>\n<script type=\"application\/ld+json\" class=\"yoast-schema-graph\">{\"@context\":\"https:\/\/schema.org\",\"@graph\":[{\"@type\":\"WebPage\",\"@id\":\"https:\/\/frionox.com\/catalogo\/producto\/parrilla-tostadora-de-bandeja-top-6d-top6d23m-top6d23m\/\",\"url\":\"https:\/\/frionox.com\/catalogo\/producto\/parrilla-tostadora-de-bandeja-top-6d-top6d23m-top6d23m\/\",\"name\":\"PARRILLA - TOSTADORA DE BANDEJA TOP\/6D - TOP6D23M - TOP6D23M - FRIONOX\",\"isPartOf\":{\"@id\":\"https:\/\/frionox.com\/catalogo\/#website\"},\"primaryImageOfPage\":{\"@id\":\"https:\/\/frionox.com\/catalogo\/producto\/parrilla-tostadora-de-bandeja-top-6d-top6d23m-top6d23m\/#primaryimage\"},\"image\":{\"@id\":\"https:\/\/frionox.com\/catalogo\/producto\/parrilla-tostadora-de-bandeja-top-6d-top6d23m-top6d23m\/#primaryimage\"},\"thumbnailUrl\":\"https:\/\/frionox.com\/catalogo\/wp-content\/uploads\/2020\/04\/TOP6D23M.jpg\",\"datePublished\":\"2020-05-20T02:42:51+00:00\",\"dateModified\":\"2026-01-12T01:02:00+00:00\",\"description\":\"M\u00e1quina para calentar pizzas, bocadillos, alimentos pre-cocinados, hamburguesas, w\u00fcrstel, emparedados, piadina (tortilla de pan \u00e1cimo), etc. Estructura de acero inoxidable - funcionamiento por medio de resistencias con tubos de cuarzo - temporizador 0\u00f715 minutos. Potencia: 3300 w Alimentaci\u00f3n: 230v\/1n\/50-60hz Dimensiones c\u00e1mara de cocci\u00f3n: 370x230x180h (mm) Peso neto: 9,5 kg Peso bruto: 11,5 kg Dimensiones del embalaje: 370x590x490h (mm) Volumen del embalaje: 0,107 m\u00b3 Capacidad toast: 6 (n\u00b0)\",\"breadcrumb\":{\"@id\":\"https:\/\/frionox.com\/catalogo\/producto\/parrilla-tostadora-de-bandeja-top-6d-top6d23m-top6d23m\/#breadcrumb\"},\"inLanguage\":\"es\",\"potentialAction\":[{\"@type\":\"ReadAction\",\"target\":[\"https:\/\/frionox.com\/catalogo\/producto\/parrilla-tostadora-de-bandeja-top-6d-top6d23m-top6d23m\/\"]}]},{\"@type\":\"ImageObject\",\"inLanguage\":\"es\",\"@id\":\"https:\/\/frionox.com\/catalogo\/producto\/parrilla-tostadora-de-bandeja-top-6d-top6d23m-top6d23m\/#primaryimage\",\"url\":\"https:\/\/frionox.com\/catalogo\/wp-content\/uploads\/2020\/04\/TOP6D23M.jpg\",\"contentUrl\":\"https:\/\/frionox.com\/catalogo\/wp-content\/uploads\/2020\/04\/TOP6D23M.jpg\",\"width\":600,\"height\":600},{\"@type\":\"BreadcrumbList\",\"@id\":\"https:\/\/frionox.com\/catalogo\/producto\/parrilla-tostadora-de-bandeja-top-6d-top6d23m-top6d23m\/#breadcrumb\",\"itemListElement\":[{\"@type\":\"ListItem\",\"position\":1,\"name\":\"Portada\",\"item\":\"https:\/\/frionox.com\/catalogo\/\"},{\"@type\":\"ListItem\",\"position\":2,\"name\":\"Hornos Industriales, Licuadoras Industriales, Cocinas y m\u00e1s\",\"item\":\"https:\/\/frionox.com\/catalogo\/tienda\/\"},{\"@type\":\"ListItem\",\"position\":3,\"name\":\"PARRILLA &#8211; TOSTADORA DE BANDEJA TOP\/6D &#8211; TOP6D23M &#8211; TOP6D23M\"}]},{\"@type\":\"WebSite\",\"@id\":\"https:\/\/frionox.com\/catalogo\/#website\",\"url\":\"https:\/\/frionox.com\/catalogo\/\",\"name\":\"FRIONOX\",\"description\":\"Equipamiento de cocinas\",\"publisher\":{\"@id\":\"https:\/\/frionox.com\/catalogo\/#organization\"},\"potentialAction\":[{\"@type\":\"SearchAction\",\"target\":{\"@type\":\"EntryPoint\",\"urlTemplate\":\"https:\/\/frionox.com\/catalogo\/?s={search_term_string}\"},\"query-input\":{\"@type\":\"PropertyValueSpecification\",\"valueRequired\":true,\"valueName\":\"search_term_string\"}}],\"inLanguage\":\"es\"},{\"@type\":[\"Organization\",\"Place\",\"LocalBusiness\"],\"@id\":\"https:\/\/frionox.com\/catalogo\/#organization\",\"name\":\"Frionox Equipamiento de cocinas\",\"url\":\"https:\/\/frionox.com\/catalogo\/\",\"logo\":{\"@id\":\"https:\/\/frionox.com\/catalogo\/producto\/parrilla-tostadora-de-bandeja-top-6d-top6d23m-top6d23m\/#local-main-organization-logo\"},\"image\":{\"@id\":\"https:\/\/frionox.com\/catalogo\/producto\/parrilla-tostadora-de-bandeja-top-6d-top6d23m-top6d23m\/#local-main-organization-logo\"},\"sameAs\":[\"https:\/\/facebook.com\/frionox.pe\",\"https:\/\/x.com\/frionoxsac\",\"https:\/\/youtube.com\/@FRIONOXEQUIPAMIENTODECOCINA\"],\"address\":{\"@id\":\"https:\/\/frionox.com\/catalogo\/producto\/parrilla-tostadora-de-bandeja-top-6d-top6d23m-top6d23m\/#local-main-place-address\"},\"geo\":{\"@type\":\"GeoCoordinates\",\"latitude\":\"-11.980133\",\"longitude\":\"-77.06118200000003\"},\"telephone\":[\"+5115221181\"],\"openingHoursSpecification\":[{\"@type\":\"OpeningHoursSpecification\",\"dayOfWeek\":[\"Monday\",\"Tuesday\",\"Wednesday\",\"Thursday\",\"Friday\",\"Saturday\"],\"opens\":\"08:00\",\"closes\":\"18:00\"},{\"@type\":\"OpeningHoursSpecification\",\"dayOfWeek\":[\"Sunday\"],\"opens\":\"00:00\",\"closes\":\"00:00\"}],\"email\":\"cotizaciones@frionox.com\"},{\"@type\":\"PostalAddress\",\"@id\":\"https:\/\/frionox.com\/catalogo\/producto\/parrilla-tostadora-de-bandeja-top-6d-top6d23m-top6d23m\/#local-main-place-address\",\"streetAddress\":\"Av. Oscar R. Benavides 1624\",\"addressLocality\":\"Cercado de Lima\",\"postalCode\":\"15082\",\"addressRegion\":\"Lima\",\"addressCountry\":\"PE\"},{\"@type\":\"ImageObject\",\"inLanguage\":\"es\",\"@id\":\"https:\/\/frionox.com\/catalogo\/producto\/parrilla-tostadora-de-bandeja-top-6d-top6d23m-top6d23m\/#local-main-organization-logo\",\"url\":\"https:\/\/frionox.com\/catalogo\/wp-content\/uploads\/2020\/04\/LOGO-MOBILE.png\",\"contentUrl\":\"https:\/\/frionox.com\/catalogo\/wp-content\/uploads\/2020\/04\/LOGO-MOBILE.png\",\"width\":203,\"height\":61,\"caption\":\"Frionox Equipamiento de cocinas\"}]}<\/script>\n<meta property=\"product:price:amount\" content=\"399.19\" \/>\n<meta property=\"product:price:currency\" content=\"PEN\" \/>\n<meta property=\"og:availability\" content=\"backorder\" \/>\n<meta property=\"product:availability\" content=\"available for order\" \/>\n<meta property=\"product:retailer_item_id\" content=\"TOP6D23M\" \/>\n<meta property=\"product:condition\" content=\"new\" \/>\n<meta name=\"geo.placename\" content=\"Cercado de Lima\" \/>\n<meta name=\"geo.position\" content=\"-11.980133;-77.06118200000003\" \/>\n<meta name=\"geo.region\" content=\"Per\u00fa\" \/>\n<!-- \/ Yoast SEO Premium plugin. -->","yoast_head_json":{"title":"PARRILLA - TOSTADORA DE BANDEJA TOP\/6D - TOP6D23M - TOP6D23M - FRIONOX","description":"M\u00e1quina para calentar pizzas, bocadillos, alimentos pre-cocinados, hamburguesas, w\u00fcrstel, emparedados, piadina (tortilla de pan \u00e1cimo), etc. Estructura de acero inoxidable - funcionamiento por medio de resistencias con tubos de cuarzo - temporizador 0\u00f715 minutos. Potencia: 3300 w Alimentaci\u00f3n: 230v\/1n\/50-60hz Dimensiones c\u00e1mara de cocci\u00f3n: 370x230x180h (mm) Peso neto: 9,5 kg Peso bruto: 11,5 kg Dimensiones del embalaje: 370x590x490h (mm) Volumen del embalaje: 0,107 m\u00b3 Capacidad toast: 6 (n\u00b0)","robots":{"index":"index","follow":"follow","max-snippet":"max-snippet:-1","max-image-preview":"max-image-preview:large","max-video-preview":"max-video-preview:-1"},"canonical":"https:\/\/frionox.com\/catalogo\/producto\/parrilla-tostadora-de-bandeja-top-6d-top6d23m-top6d23m\/","og_locale":"es_ES","og_type":"article","og_title":"PARRILLA - TOSTADORA DE BANDEJA TOP\/6D - TOP6D23M - TOP6D23M","og_description":"M\u00e1quina para calentar pizzas, bocadillos, alimentos pre-cocinados, hamburguesas, w\u00fcrstel, emparedados, piadina (tortilla de pan \u00e1cimo), etc. Estructura de acero inoxidable - funcionamiento por medio de resistencias con tubos de cuarzo - temporizador 0\u00f715 minutos. Potencia: 3300 w Alimentaci\u00f3n: 230v\/1n\/50-60hz Dimensiones c\u00e1mara de cocci\u00f3n: 370x230x180h (mm) Peso neto: 9,5 kg Peso bruto: 11,5 kg Dimensiones del embalaje: 370x590x490h (mm) Volumen del embalaje: 0,107 m\u00b3 Capacidad toast: 6 (n\u00b0)","og_url":"https:\/\/frionox.com\/catalogo\/producto\/parrilla-tostadora-de-bandeja-top-6d-top6d23m-top6d23m\/","og_site_name":"FRIONOX","article_publisher":"https:\/\/facebook.com\/frionox.pe","article_modified_time":"2026-01-12T01:02:00+00:00","og_image":[{"width":600,"height":600,"url":"https:\/\/frionox.com\/catalogo\/wp-content\/uploads\/2020\/04\/TOP6D23M.jpg","type":"image\/jpeg"}],"twitter_card":"summary_large_image","twitter_site":"@frionoxsac","twitter_misc":{"Precio":"S\/399.19","Disponibilidad":"Disponible para reservar"},"schema":{"@context":"https:\/\/schema.org","@graph":[{"@type":"WebPage","@id":"https:\/\/frionox.com\/catalogo\/producto\/parrilla-tostadora-de-bandeja-top-6d-top6d23m-top6d23m\/","url":"https:\/\/frionox.com\/catalogo\/producto\/parrilla-tostadora-de-bandeja-top-6d-top6d23m-top6d23m\/","name":"PARRILLA - TOSTADORA DE BANDEJA TOP\/6D - TOP6D23M - TOP6D23M - FRIONOX","isPartOf":{"@id":"https:\/\/frionox.com\/catalogo\/#website"},"primaryImageOfPage":{"@id":"https:\/\/frionox.com\/catalogo\/producto\/parrilla-tostadora-de-bandeja-top-6d-top6d23m-top6d23m\/#primaryimage"},"image":{"@id":"https:\/\/frionox.com\/catalogo\/producto\/parrilla-tostadora-de-bandeja-top-6d-top6d23m-top6d23m\/#primaryimage"},"thumbnailUrl":"https:\/\/frionox.com\/catalogo\/wp-content\/uploads\/2020\/04\/TOP6D23M.jpg","datePublished":"2020-05-20T02:42:51+00:00","dateModified":"2026-01-12T01:02:00+00:00","description":"M\u00e1quina para calentar pizzas, bocadillos, alimentos pre-cocinados, hamburguesas, w\u00fcrstel, emparedados, piadina (tortilla de pan \u00e1cimo), etc. Estructura de acero inoxidable - funcionamiento por medio de resistencias con tubos de cuarzo - temporizador 0\u00f715 minutos. Potencia: 3300 w Alimentaci\u00f3n: 230v\/1n\/50-60hz Dimensiones c\u00e1mara de cocci\u00f3n: 370x230x180h (mm) Peso neto: 9,5 kg Peso bruto: 11,5 kg Dimensiones del embalaje: 370x590x490h (mm) Volumen del embalaje: 0,107 m\u00b3 Capacidad toast: 6 (n\u00b0)","breadcrumb":{"@id":"https:\/\/frionox.com\/catalogo\/producto\/parrilla-tostadora-de-bandeja-top-6d-top6d23m-top6d23m\/#breadcrumb"},"inLanguage":"es","potentialAction":[{"@type":"ReadAction","target":["https:\/\/frionox.com\/catalogo\/producto\/parrilla-tostadora-de-bandeja-top-6d-top6d23m-top6d23m\/"]}]},{"@type":"ImageObject","inLanguage":"es","@id":"https:\/\/frionox.com\/catalogo\/producto\/parrilla-tostadora-de-bandeja-top-6d-top6d23m-top6d23m\/#primaryimage","url":"https:\/\/frionox.com\/catalogo\/wp-content\/uploads\/2020\/04\/TOP6D23M.jpg","contentUrl":"https:\/\/frionox.com\/catalogo\/wp-content\/uploads\/2020\/04\/TOP6D23M.jpg","width":600,"height":600},{"@type":"BreadcrumbList","@id":"https:\/\/frionox.com\/catalogo\/producto\/parrilla-tostadora-de-bandeja-top-6d-top6d23m-top6d23m\/#breadcrumb","itemListElement":[{"@type":"ListItem","position":1,"name":"Portada","item":"https:\/\/frionox.com\/catalogo\/"},{"@type":"ListItem","position":2,"name":"Hornos Industriales, Licuadoras Industriales, Cocinas y m\u00e1s","item":"https:\/\/frionox.com\/catalogo\/tienda\/"},{"@type":"ListItem","position":3,"name":"PARRILLA &#8211; TOSTADORA DE BANDEJA TOP\/6D &#8211; TOP6D23M &#8211; TOP6D23M"}]},{"@type":"WebSite","@id":"https:\/\/frionox.com\/catalogo\/#website","url":"https:\/\/frionox.com\/catalogo\/","name":"FRIONOX","description":"Equipamiento de cocinas","publisher":{"@id":"https:\/\/frionox.com\/catalogo\/#organization"},"potentialAction":[{"@type":"SearchAction","target":{"@type":"EntryPoint","urlTemplate":"https:\/\/frionox.com\/catalogo\/?s={search_term_string}"},"query-input":{"@type":"PropertyValueSpecification","valueRequired":true,"valueName":"search_term_string"}}],"inLanguage":"es"},{"@type":["Organization","Place","LocalBusiness"],"@id":"https:\/\/frionox.com\/catalogo\/#organization","name":"Frionox Equipamiento de cocinas","url":"https:\/\/frionox.com\/catalogo\/","logo":{"@id":"https:\/\/frionox.com\/catalogo\/producto\/parrilla-tostadora-de-bandeja-top-6d-top6d23m-top6d23m\/#local-main-organization-logo"},"image":{"@id":"https:\/\/frionox.com\/catalogo\/producto\/parrilla-tostadora-de-bandeja-top-6d-top6d23m-top6d23m\/#local-main-organization-logo"},"sameAs":["https:\/\/facebook.com\/frionox.pe","https:\/\/x.com\/frionoxsac","https:\/\/youtube.com\/@FRIONOXEQUIPAMIENTODECOCINA"],"address":{"@id":"https:\/\/frionox.com\/catalogo\/producto\/parrilla-tostadora-de-bandeja-top-6d-top6d23m-top6d23m\/#local-main-place-address"},"geo":{"@type":"GeoCoordinates","latitude":"-11.980133","longitude":"-77.06118200000003"},"telephone":["+5115221181"],"openingHoursSpecification":[{"@type":"OpeningHoursSpecification","dayOfWeek":["Monday","Tuesday","Wednesday","Thursday","Friday","Saturday"],"opens":"08:00","closes":"18:00"},{"@type":"OpeningHoursSpecification","dayOfWeek":["Sunday"],"opens":"00:00","closes":"00:00"}],"email":"cotizaciones@frionox.com"},{"@type":"PostalAddress","@id":"https:\/\/frionox.com\/catalogo\/producto\/parrilla-tostadora-de-bandeja-top-6d-top6d23m-top6d23m\/#local-main-place-address","streetAddress":"Av. Oscar R. Benavides 1624","addressLocality":"Cercado de Lima","postalCode":"15082","addressRegion":"Lima","addressCountry":"PE"},{"@type":"ImageObject","inLanguage":"es","@id":"https:\/\/frionox.com\/catalogo\/producto\/parrilla-tostadora-de-bandeja-top-6d-top6d23m-top6d23m\/#local-main-organization-logo","url":"https:\/\/frionox.com\/catalogo\/wp-content\/uploads\/2020\/04\/LOGO-MOBILE.png","contentUrl":"https:\/\/frionox.com\/catalogo\/wp-content\/uploads\/2020\/04\/LOGO-MOBILE.png","width":203,"height":61,"caption":"Frionox Equipamiento de cocinas"}]},"product_price_amount":"399.19","product_price_currency":"PEN","og_availability":"backorder","product_availability":"available for order","product_retailer_item_id":"TOP6D23M","product_condition":"new","geo.placename":"Cercado de Lima","geo.position":{"lat":"-11.980133","long":"-77.06118200000003"},"geo.region":"Per\u00fa"},"_links":{"self":[{"href":"https:\/\/frionox.com\/catalogo\/wp-json\/wp\/v2\/product\/14164","targetHints":{"allow":["GET"]}}],"collection":[{"href":"https:\/\/frionox.com\/catalogo\/wp-json\/wp\/v2\/product"}],"about":[{"href":"https:\/\/frionox.com\/catalogo\/wp-json\/wp\/v2\/types\/product"}],"replies":[{"embeddable":true,"href":"https:\/\/frionox.com\/catalogo\/wp-json\/wp\/v2\/comments?post=14164"}],"wp:featuredmedia":[{"embeddable":true,"href":"https:\/\/frionox.com\/catalogo\/wp-json\/wp\/v2\/media\/12641"}],"wp:attachment":[{"href":"https:\/\/frionox.com\/catalogo\/wp-json\/wp\/v2\/media?parent=14164"}],"wp:term":[{"taxonomy":"product_brand","embeddable":true,"href":"https:\/\/frionox.com\/catalogo\/wp-json\/wp\/v2\/product_brand?post=14164"},{"taxonomy":"product_cat","embeddable":true,"href":"https:\/\/frionox.com\/catalogo\/wp-json\/wp\/v2\/product_cat?post=14164"},{"taxonomy":"product_tag","embeddable":true,"href":"https:\/\/frionox.com\/catalogo\/wp-json\/wp\/v2\/product_tag?post=14164"}],"curies":[{"name":"wp","href":"https:\/\/api.w.org\/{rel}","templated":true}]}}