{"id":14121,"date":"2020-05-19T21:42:37","date_gmt":"2020-05-20T02:42:37","guid":{"rendered":"https:\/\/frionox.com\/catalogo\/producto\/picadora-de-carne-en-acero-inoxidable-32-rs\/"},"modified":"2025-11-26T17:47:38","modified_gmt":"2025-11-26T22:47:38","slug":"picadora-de-carne-en-acero-inoxidable-32-rs","status":"publish","type":"product","link":"https:\/\/frionox.com\/catalogo\/producto\/picadora-de-carne-en-acero-inoxidable-32-rs\/","title":{"rendered":"PICADORA DE CARNE EN ACERO INOXIDABLE &#8211; 32-RS"},"content":{"rendered":"<p>Carcasa y tolva de acero inoxidable. Cuba para picar de acero inoxidable extra\u00edble. Boca de \u00d876 mm para introducir la carne. Microinterruptores de seguridad en la tolva Inversi\u00f3n de marcha. Reductor con engranajes en ba\u00f1o de aceite En dotaci\u00f3n sistema enterprice con placa de acero inoxidable (agujeros \u00f8 6 mm) y cuchilla de acero inoxidable con autoafilado. Producci\u00f3n por hora: 500kg Potencia: 2200W \/ 3 HP Voltaje: 220v\/60Hz\/1PH<\/p>\n","protected":false},"excerpt":{"rendered":"<p>Carcasa y tolva de acero inoxidable. Cuba para picar de acero inoxidable extra\u00edble. Boca de \u00d876 mm para introducir la carne. Microinterruptores de seguridad en la tolva Inversi\u00f3n de marcha. Reductor con engranajes en ba\u00f1o de aceite En dotaci\u00f3n sistema enterprice con placa de acero inoxidable (agujeros \u00f8 6 mm) y cuchilla de acero inoxidable con autoafilado. Producci\u00f3n por hora: 500kg Potencia: 2200W \/ 3 HP Voltaje: 220v\/60Hz\/1PH<\/p>\n","protected":false},"featured_media":10361,"comment_status":"open","ping_status":"closed","template":"","meta":[],"product_brand":[],"product_cat":[141],"product_tag":[],"class_list":{"0":"post-14121","1":"product","2":"type-product","3":"status-publish","4":"has-post-thumbnail","6":"product_cat-procesamiento","7":"pa_marcas-fimar","9":"first","10":"onbackorder","11":"shipping-taxable","12":"purchasable","13":"product-type-simple"},"yoast_head":"<!-- This site is optimized with the Yoast SEO Premium plugin v27.1 (Yoast SEO v27.1.1) - https:\/\/yoast.com\/product\/yoast-seo-premium-wordpress\/ -->\n<title>PICADORA DE CARNE EN ACERO INOXIDABLE - 32-RS - FRIONOX<\/title>\n<meta name=\"description\" content=\"Carcasa y tolva de acero inoxidable. Cuba para picar de acero inoxidable extra\u00edble. Boca de \u00d876 mm para introducir la carne. Microinterruptores de seguridad en la tolva Inversi\u00f3n de marcha. Reductor con engranajes en ba\u00f1o de aceite En dotaci\u00f3n sistema enterprice con placa de acero inoxidable (agujeros \u00f8 6 mm) y cuchilla de acero inoxidable con autoafilado. Producci\u00f3n por hora: 500kg Potencia: 2200W \/ 3 HP Voltaje: 220v\/60Hz\/1PH\" \/>\n<meta name=\"robots\" content=\"index, follow, max-snippet:-1, max-image-preview:large, max-video-preview:-1\" \/>\n<link rel=\"canonical\" href=\"https:\/\/frionox.com\/catalogo\/producto\/picadora-de-carne-en-acero-inoxidable-32-rs\/\" \/>\n<meta property=\"og:locale\" content=\"es_ES\" \/>\n<meta property=\"og:type\" content=\"article\" \/>\n<meta property=\"og:title\" content=\"PICADORA DE CARNE EN ACERO INOXIDABLE - 32-RS\" \/>\n<meta property=\"og:description\" content=\"Carcasa y tolva de acero inoxidable. Cuba para picar de acero inoxidable extra\u00edble. Boca de \u00d876 mm para introducir la carne. Microinterruptores de seguridad en la tolva Inversi\u00f3n de marcha. Reductor con engranajes en ba\u00f1o de aceite En dotaci\u00f3n sistema enterprice con placa de acero inoxidable (agujeros \u00f8 6 mm) y cuchilla de acero inoxidable con autoafilado. Producci\u00f3n por hora: 500kg Potencia: 2200W \/ 3 HP Voltaje: 220v\/60Hz\/1PH\" \/>\n<meta property=\"og:url\" content=\"https:\/\/frionox.com\/catalogo\/producto\/picadora-de-carne-en-acero-inoxidable-32-rs\/\" \/>\n<meta property=\"og:site_name\" content=\"FRIONOX\" \/>\n<meta property=\"article:publisher\" content=\"https:\/\/facebook.com\/frionox.pe\" \/>\n<meta property=\"article:modified_time\" content=\"2025-11-26T22:47:38+00:00\" \/>\n<meta property=\"og:image\" content=\"https:\/\/frionox.com\/catalogo\/wp-content\/uploads\/2020\/04\/32-RS.jpg\" \/>\n\t<meta property=\"og:image:width\" content=\"800\" \/>\n\t<meta property=\"og:image:height\" content=\"800\" \/>\n\t<meta property=\"og:image:type\" content=\"image\/jpeg\" \/>\n<meta name=\"twitter:card\" content=\"summary_large_image\" \/>\n<meta name=\"twitter:site\" content=\"@frionoxsac\" \/>\n<meta name=\"twitter:label1\" content=\"Precio\" \/>\n\t<meta name=\"twitter:data1\" content=\"S\/3,309.90\" \/>\n\t<meta name=\"twitter:label2\" content=\"Disponibilidad\" \/>\n\t<meta name=\"twitter:data2\" content=\"Disponible para reservar\" \/>\n<script type=\"application\/ld+json\" class=\"yoast-schema-graph\">{\"@context\":\"https:\/\/schema.org\",\"@graph\":[{\"@type\":\"WebPage\",\"@id\":\"https:\/\/frionox.com\/catalogo\/producto\/picadora-de-carne-en-acero-inoxidable-32-rs\/\",\"url\":\"https:\/\/frionox.com\/catalogo\/producto\/picadora-de-carne-en-acero-inoxidable-32-rs\/\",\"name\":\"PICADORA DE CARNE EN ACERO INOXIDABLE - 32-RS - FRIONOX\",\"isPartOf\":{\"@id\":\"https:\/\/frionox.com\/catalogo\/#website\"},\"primaryImageOfPage\":{\"@id\":\"https:\/\/frionox.com\/catalogo\/producto\/picadora-de-carne-en-acero-inoxidable-32-rs\/#primaryimage\"},\"image\":{\"@id\":\"https:\/\/frionox.com\/catalogo\/producto\/picadora-de-carne-en-acero-inoxidable-32-rs\/#primaryimage\"},\"thumbnailUrl\":\"https:\/\/frionox.com\/catalogo\/wp-content\/uploads\/2020\/04\/32-RS.jpg\",\"datePublished\":\"2020-05-20T02:42:37+00:00\",\"dateModified\":\"2025-11-26T22:47:38+00:00\",\"description\":\"Carcasa y tolva de acero inoxidable. Cuba para picar de acero inoxidable extra\u00edble. Boca de \u00d876 mm para introducir la carne. Microinterruptores de seguridad en la tolva Inversi\u00f3n de marcha. Reductor con engranajes en ba\u00f1o de aceite En dotaci\u00f3n sistema enterprice con placa de acero inoxidable (agujeros \u00f8 6 mm) y cuchilla de acero inoxidable con autoafilado. Producci\u00f3n por hora: 500kg Potencia: 2200W \/ 3 HP Voltaje: 220v\/60Hz\/1PH\",\"breadcrumb\":{\"@id\":\"https:\/\/frionox.com\/catalogo\/producto\/picadora-de-carne-en-acero-inoxidable-32-rs\/#breadcrumb\"},\"inLanguage\":\"es\",\"potentialAction\":[{\"@type\":\"ReadAction\",\"target\":[\"https:\/\/frionox.com\/catalogo\/producto\/picadora-de-carne-en-acero-inoxidable-32-rs\/\"]}]},{\"@type\":\"ImageObject\",\"inLanguage\":\"es\",\"@id\":\"https:\/\/frionox.com\/catalogo\/producto\/picadora-de-carne-en-acero-inoxidable-32-rs\/#primaryimage\",\"url\":\"https:\/\/frionox.com\/catalogo\/wp-content\/uploads\/2020\/04\/32-RS.jpg\",\"contentUrl\":\"https:\/\/frionox.com\/catalogo\/wp-content\/uploads\/2020\/04\/32-RS.jpg\",\"width\":800,\"height\":800},{\"@type\":\"BreadcrumbList\",\"@id\":\"https:\/\/frionox.com\/catalogo\/producto\/picadora-de-carne-en-acero-inoxidable-32-rs\/#breadcrumb\",\"itemListElement\":[{\"@type\":\"ListItem\",\"position\":1,\"name\":\"Portada\",\"item\":\"https:\/\/frionox.com\/catalogo\/\"},{\"@type\":\"ListItem\",\"position\":2,\"name\":\"Hornos Industriales, Licuadoras Industriales, Cocinas y m\u00e1s\",\"item\":\"https:\/\/frionox.com\/catalogo\/tienda\/\"},{\"@type\":\"ListItem\",\"position\":3,\"name\":\"PICADORA DE CARNE EN ACERO INOXIDABLE &#8211; 32-RS\"}]},{\"@type\":\"WebSite\",\"@id\":\"https:\/\/frionox.com\/catalogo\/#website\",\"url\":\"https:\/\/frionox.com\/catalogo\/\",\"name\":\"FRIONOX\",\"description\":\"Equipamiento de cocinas\",\"publisher\":{\"@id\":\"https:\/\/frionox.com\/catalogo\/#organization\"},\"potentialAction\":[{\"@type\":\"SearchAction\",\"target\":{\"@type\":\"EntryPoint\",\"urlTemplate\":\"https:\/\/frionox.com\/catalogo\/?s={search_term_string}\"},\"query-input\":{\"@type\":\"PropertyValueSpecification\",\"valueRequired\":true,\"valueName\":\"search_term_string\"}}],\"inLanguage\":\"es\"},{\"@type\":[\"Organization\",\"Place\",\"LocalBusiness\"],\"@id\":\"https:\/\/frionox.com\/catalogo\/#organization\",\"name\":\"Frionox Equipamiento de cocinas\",\"url\":\"https:\/\/frionox.com\/catalogo\/\",\"logo\":{\"@id\":\"https:\/\/frionox.com\/catalogo\/producto\/picadora-de-carne-en-acero-inoxidable-32-rs\/#local-main-organization-logo\"},\"image\":{\"@id\":\"https:\/\/frionox.com\/catalogo\/producto\/picadora-de-carne-en-acero-inoxidable-32-rs\/#local-main-organization-logo\"},\"sameAs\":[\"https:\/\/facebook.com\/frionox.pe\",\"https:\/\/x.com\/frionoxsac\",\"https:\/\/youtube.com\/@FRIONOXEQUIPAMIENTODECOCINA\"],\"address\":{\"@id\":\"https:\/\/frionox.com\/catalogo\/producto\/picadora-de-carne-en-acero-inoxidable-32-rs\/#local-main-place-address\"},\"geo\":{\"@type\":\"GeoCoordinates\",\"latitude\":\"-11.980133\",\"longitude\":\"-77.06118200000003\"},\"telephone\":[\"+5115221181\"],\"openingHoursSpecification\":[{\"@type\":\"OpeningHoursSpecification\",\"dayOfWeek\":[\"Monday\",\"Tuesday\",\"Wednesday\",\"Thursday\",\"Friday\",\"Saturday\"],\"opens\":\"08:00\",\"closes\":\"18:00\"},{\"@type\":\"OpeningHoursSpecification\",\"dayOfWeek\":[\"Sunday\"],\"opens\":\"00:00\",\"closes\":\"00:00\"}],\"email\":\"cotizaciones@frionox.com\"},{\"@type\":\"PostalAddress\",\"@id\":\"https:\/\/frionox.com\/catalogo\/producto\/picadora-de-carne-en-acero-inoxidable-32-rs\/#local-main-place-address\",\"streetAddress\":\"Av. Oscar R. Benavides 1624\",\"addressLocality\":\"Cercado de Lima\",\"postalCode\":\"15082\",\"addressRegion\":\"Lima\",\"addressCountry\":\"PE\"},{\"@type\":\"ImageObject\",\"inLanguage\":\"es\",\"@id\":\"https:\/\/frionox.com\/catalogo\/producto\/picadora-de-carne-en-acero-inoxidable-32-rs\/#local-main-organization-logo\",\"url\":\"https:\/\/frionox.com\/catalogo\/wp-content\/uploads\/2020\/04\/LOGO-MOBILE.png\",\"contentUrl\":\"https:\/\/frionox.com\/catalogo\/wp-content\/uploads\/2020\/04\/LOGO-MOBILE.png\",\"width\":203,\"height\":61,\"caption\":\"Frionox Equipamiento de cocinas\"}]}<\/script>\n<meta property=\"product:price:amount\" content=\"3309.90\" \/>\n<meta property=\"product:price:currency\" content=\"PEN\" \/>\n<meta property=\"og:availability\" content=\"backorder\" \/>\n<meta property=\"product:availability\" content=\"available for order\" \/>\n<meta property=\"product:retailer_item_id\" content=\"32-RS\" \/>\n<meta property=\"product:condition\" content=\"new\" \/>\n<meta name=\"geo.placename\" content=\"Cercado de Lima\" \/>\n<meta name=\"geo.position\" content=\"-11.980133;-77.06118200000003\" \/>\n<meta name=\"geo.region\" content=\"Per\u00fa\" \/>\n<!-- \/ Yoast SEO Premium plugin. -->","yoast_head_json":{"title":"PICADORA DE CARNE EN ACERO INOXIDABLE - 32-RS - FRIONOX","description":"Carcasa y tolva de acero inoxidable. Cuba para picar de acero inoxidable extra\u00edble. Boca de \u00d876 mm para introducir la carne. Microinterruptores de seguridad en la tolva Inversi\u00f3n de marcha. Reductor con engranajes en ba\u00f1o de aceite En dotaci\u00f3n sistema enterprice con placa de acero inoxidable (agujeros \u00f8 6 mm) y cuchilla de acero inoxidable con autoafilado. Producci\u00f3n por hora: 500kg Potencia: 2200W \/ 3 HP Voltaje: 220v\/60Hz\/1PH","robots":{"index":"index","follow":"follow","max-snippet":"max-snippet:-1","max-image-preview":"max-image-preview:large","max-video-preview":"max-video-preview:-1"},"canonical":"https:\/\/frionox.com\/catalogo\/producto\/picadora-de-carne-en-acero-inoxidable-32-rs\/","og_locale":"es_ES","og_type":"article","og_title":"PICADORA DE CARNE EN ACERO INOXIDABLE - 32-RS","og_description":"Carcasa y tolva de acero inoxidable. Cuba para picar de acero inoxidable extra\u00edble. Boca de \u00d876 mm para introducir la carne. Microinterruptores de seguridad en la tolva Inversi\u00f3n de marcha. Reductor con engranajes en ba\u00f1o de aceite En dotaci\u00f3n sistema enterprice con placa de acero inoxidable (agujeros \u00f8 6 mm) y cuchilla de acero inoxidable con autoafilado. Producci\u00f3n por hora: 500kg Potencia: 2200W \/ 3 HP Voltaje: 220v\/60Hz\/1PH","og_url":"https:\/\/frionox.com\/catalogo\/producto\/picadora-de-carne-en-acero-inoxidable-32-rs\/","og_site_name":"FRIONOX","article_publisher":"https:\/\/facebook.com\/frionox.pe","article_modified_time":"2025-11-26T22:47:38+00:00","og_image":[{"width":800,"height":800,"url":"https:\/\/frionox.com\/catalogo\/wp-content\/uploads\/2020\/04\/32-RS.jpg","type":"image\/jpeg"}],"twitter_card":"summary_large_image","twitter_site":"@frionoxsac","twitter_misc":{"Precio":"S\/3,309.90","Disponibilidad":"Disponible para reservar"},"schema":{"@context":"https:\/\/schema.org","@graph":[{"@type":"WebPage","@id":"https:\/\/frionox.com\/catalogo\/producto\/picadora-de-carne-en-acero-inoxidable-32-rs\/","url":"https:\/\/frionox.com\/catalogo\/producto\/picadora-de-carne-en-acero-inoxidable-32-rs\/","name":"PICADORA DE CARNE EN ACERO INOXIDABLE - 32-RS - FRIONOX","isPartOf":{"@id":"https:\/\/frionox.com\/catalogo\/#website"},"primaryImageOfPage":{"@id":"https:\/\/frionox.com\/catalogo\/producto\/picadora-de-carne-en-acero-inoxidable-32-rs\/#primaryimage"},"image":{"@id":"https:\/\/frionox.com\/catalogo\/producto\/picadora-de-carne-en-acero-inoxidable-32-rs\/#primaryimage"},"thumbnailUrl":"https:\/\/frionox.com\/catalogo\/wp-content\/uploads\/2020\/04\/32-RS.jpg","datePublished":"2020-05-20T02:42:37+00:00","dateModified":"2025-11-26T22:47:38+00:00","description":"Carcasa y tolva de acero inoxidable. Cuba para picar de acero inoxidable extra\u00edble. Boca de \u00d876 mm para introducir la carne. Microinterruptores de seguridad en la tolva Inversi\u00f3n de marcha. Reductor con engranajes en ba\u00f1o de aceite En dotaci\u00f3n sistema enterprice con placa de acero inoxidable (agujeros \u00f8 6 mm) y cuchilla de acero inoxidable con autoafilado. Producci\u00f3n por hora: 500kg Potencia: 2200W \/ 3 HP Voltaje: 220v\/60Hz\/1PH","breadcrumb":{"@id":"https:\/\/frionox.com\/catalogo\/producto\/picadora-de-carne-en-acero-inoxidable-32-rs\/#breadcrumb"},"inLanguage":"es","potentialAction":[{"@type":"ReadAction","target":["https:\/\/frionox.com\/catalogo\/producto\/picadora-de-carne-en-acero-inoxidable-32-rs\/"]}]},{"@type":"ImageObject","inLanguage":"es","@id":"https:\/\/frionox.com\/catalogo\/producto\/picadora-de-carne-en-acero-inoxidable-32-rs\/#primaryimage","url":"https:\/\/frionox.com\/catalogo\/wp-content\/uploads\/2020\/04\/32-RS.jpg","contentUrl":"https:\/\/frionox.com\/catalogo\/wp-content\/uploads\/2020\/04\/32-RS.jpg","width":800,"height":800},{"@type":"BreadcrumbList","@id":"https:\/\/frionox.com\/catalogo\/producto\/picadora-de-carne-en-acero-inoxidable-32-rs\/#breadcrumb","itemListElement":[{"@type":"ListItem","position":1,"name":"Portada","item":"https:\/\/frionox.com\/catalogo\/"},{"@type":"ListItem","position":2,"name":"Hornos Industriales, Licuadoras Industriales, Cocinas y m\u00e1s","item":"https:\/\/frionox.com\/catalogo\/tienda\/"},{"@type":"ListItem","position":3,"name":"PICADORA DE CARNE EN ACERO INOXIDABLE &#8211; 32-RS"}]},{"@type":"WebSite","@id":"https:\/\/frionox.com\/catalogo\/#website","url":"https:\/\/frionox.com\/catalogo\/","name":"FRIONOX","description":"Equipamiento de cocinas","publisher":{"@id":"https:\/\/frionox.com\/catalogo\/#organization"},"potentialAction":[{"@type":"SearchAction","target":{"@type":"EntryPoint","urlTemplate":"https:\/\/frionox.com\/catalogo\/?s={search_term_string}"},"query-input":{"@type":"PropertyValueSpecification","valueRequired":true,"valueName":"search_term_string"}}],"inLanguage":"es"},{"@type":["Organization","Place","LocalBusiness"],"@id":"https:\/\/frionox.com\/catalogo\/#organization","name":"Frionox Equipamiento de cocinas","url":"https:\/\/frionox.com\/catalogo\/","logo":{"@id":"https:\/\/frionox.com\/catalogo\/producto\/picadora-de-carne-en-acero-inoxidable-32-rs\/#local-main-organization-logo"},"image":{"@id":"https:\/\/frionox.com\/catalogo\/producto\/picadora-de-carne-en-acero-inoxidable-32-rs\/#local-main-organization-logo"},"sameAs":["https:\/\/facebook.com\/frionox.pe","https:\/\/x.com\/frionoxsac","https:\/\/youtube.com\/@FRIONOXEQUIPAMIENTODECOCINA"],"address":{"@id":"https:\/\/frionox.com\/catalogo\/producto\/picadora-de-carne-en-acero-inoxidable-32-rs\/#local-main-place-address"},"geo":{"@type":"GeoCoordinates","latitude":"-11.980133","longitude":"-77.06118200000003"},"telephone":["+5115221181"],"openingHoursSpecification":[{"@type":"OpeningHoursSpecification","dayOfWeek":["Monday","Tuesday","Wednesday","Thursday","Friday","Saturday"],"opens":"08:00","closes":"18:00"},{"@type":"OpeningHoursSpecification","dayOfWeek":["Sunday"],"opens":"00:00","closes":"00:00"}],"email":"cotizaciones@frionox.com"},{"@type":"PostalAddress","@id":"https:\/\/frionox.com\/catalogo\/producto\/picadora-de-carne-en-acero-inoxidable-32-rs\/#local-main-place-address","streetAddress":"Av. Oscar R. Benavides 1624","addressLocality":"Cercado de Lima","postalCode":"15082","addressRegion":"Lima","addressCountry":"PE"},{"@type":"ImageObject","inLanguage":"es","@id":"https:\/\/frionox.com\/catalogo\/producto\/picadora-de-carne-en-acero-inoxidable-32-rs\/#local-main-organization-logo","url":"https:\/\/frionox.com\/catalogo\/wp-content\/uploads\/2020\/04\/LOGO-MOBILE.png","contentUrl":"https:\/\/frionox.com\/catalogo\/wp-content\/uploads\/2020\/04\/LOGO-MOBILE.png","width":203,"height":61,"caption":"Frionox Equipamiento de cocinas"}]},"product_price_amount":"3309.90","product_price_currency":"PEN","og_availability":"backorder","product_availability":"available for order","product_retailer_item_id":"32-RS","product_condition":"new","geo.placename":"Cercado de Lima","geo.position":{"lat":"-11.980133","long":"-77.06118200000003"},"geo.region":"Per\u00fa"},"_links":{"self":[{"href":"https:\/\/frionox.com\/catalogo\/wp-json\/wp\/v2\/product\/14121","targetHints":{"allow":["GET"]}}],"collection":[{"href":"https:\/\/frionox.com\/catalogo\/wp-json\/wp\/v2\/product"}],"about":[{"href":"https:\/\/frionox.com\/catalogo\/wp-json\/wp\/v2\/types\/product"}],"replies":[{"embeddable":true,"href":"https:\/\/frionox.com\/catalogo\/wp-json\/wp\/v2\/comments?post=14121"}],"wp:featuredmedia":[{"embeddable":true,"href":"https:\/\/frionox.com\/catalogo\/wp-json\/wp\/v2\/media\/10361"}],"wp:attachment":[{"href":"https:\/\/frionox.com\/catalogo\/wp-json\/wp\/v2\/media?parent=14121"}],"wp:term":[{"taxonomy":"product_brand","embeddable":true,"href":"https:\/\/frionox.com\/catalogo\/wp-json\/wp\/v2\/product_brand?post=14121"},{"taxonomy":"product_cat","embeddable":true,"href":"https:\/\/frionox.com\/catalogo\/wp-json\/wp\/v2\/product_cat?post=14121"},{"taxonomy":"product_tag","embeddable":true,"href":"https:\/\/frionox.com\/catalogo\/wp-json\/wp\/v2\/product_tag?post=14121"}],"curies":[{"name":"wp","href":"https:\/\/api.w.org\/{rel}","templated":true}]}}