{"id":14058,"date":"2020-05-19T21:42:22","date_gmt":"2020-05-20T02:42:22","guid":{"rendered":"https:\/\/frionox.com\/catalogo\/producto\/rejilla-de-piso-con-canal-de-drenaje-328052\/"},"modified":"2025-05-29T02:32:55","modified_gmt":"2025-05-29T07:32:55","slug":"rejilla-de-piso-con-canal-de-drenaje-328052","status":"publish","type":"product","link":"https:\/\/frionox.com\/catalogo\/producto\/rejilla-de-piso-con-canal-de-drenaje-328052\/","title":{"rendered":"REJILLA DE PISO CON CANAL DE DRENAJE &#8211; 328052"},"content":{"rendered":"<p>Construido en acero inoxidable AISI 304. Recoger el tanque con tuber\u00eda de drenaje horizontal. Rejilla de malla antideslizante. Filtro de bloqueo de residuos extra\u00edble. F\u00e1cil de inspeccionar para cualquier posible eliminaci\u00f3n de residuos acci\u00f3n. El acabado electroqu\u00edmico proporciona a las rejillas una apariencia brillante. Ideal para cualquier soluci\u00f3n de drenaje, particularmente sugerida para grandes cantidades de agua drenada durante las operaciones de limpieza. Pies de nivelaci\u00f3n ajustables. Malla antideslizante rejilla de 25&#215;25 mm, h = 25 mm, 1.5 mm de grosor. Cubierta superior disponible con superficie perforada o con rejilla de acero inoxidable. Tanques recolectores disponibles con tuber\u00eda de drenaje horizontal.<\/p>\n","protected":false},"excerpt":{"rendered":"<p>Construido en acero inoxidable AISI 304. Recoger el tanque con tuber\u00eda de drenaje horizontal. Rejilla de malla antideslizante. Filtro de bloqueo de residuos extra\u00edble. F\u00e1cil de inspeccionar para cualquier posible eliminaci\u00f3n de residuos acci\u00f3n. El acabado electroqu\u00edmico proporciona a las rejillas una apariencia brillante. Ideal para cualquier soluci\u00f3n de drenaje, particularmente sugerida para grandes cantidades de agua drenada durante las operaciones de limpieza. Pies de nivelaci\u00f3n ajustables. Malla antideslizante rejilla de 25&#215;25 mm, h = 25 mm, 1.5 mm de grosor. Cubierta superior disponible con superficie perforada o con rejilla de acero inoxidable. Tanques recolectores disponibles con tuber\u00eda de drenaje horizontal.<\/p>\n","protected":false},"featured_media":11973,"comment_status":"open","ping_status":"closed","template":"","meta":[],"product_brand":[],"product_cat":[97],"product_tag":[],"class_list":{"0":"post-14058","1":"product","2":"type-product","3":"status-publish","4":"has-post-thumbnail","6":"product_cat-accesorios-y-repuestos","7":"pa_marcas-electrolux","9":"first","10":"onbackorder","11":"shipping-taxable","12":"purchasable","13":"product-type-simple"},"yoast_head":"<!-- This site is optimized with the Yoast SEO Premium plugin v27.1 (Yoast SEO v27.1.1) - https:\/\/yoast.com\/product\/yoast-seo-premium-wordpress\/ -->\n<title>REJILLA DE PISO CON CANAL DE DRENAJE - 328052 - FRIONOX<\/title>\n<meta name=\"description\" content=\"Construido en acero inoxidable AISI 304. Recoger el tanque con tuber\u00eda de drenaje horizontal. Rejilla de malla antideslizante. Filtro de bloqueo de residuos extra\u00edble. F\u00e1cil de inspeccionar para cualquier posible eliminaci\u00f3n de residuos acci\u00f3n. El acabado electroqu\u00edmico proporciona a las rejillas una apariencia brillante. Ideal para cualquier soluci\u00f3n de drenaje, particularmente sugerida para grandes cantidades de agua drenada durante las operaciones de limpieza. Pies de nivelaci\u00f3n ajustables. Malla antideslizante rejilla de 25x25 mm, h = 25 mm, 1.5 mm de grosor. Cubierta superior disponible con superficie perforada o con rejilla de acero inoxidable. Tanques recolectores disponibles con tuber\u00eda de drenaje horizontal.\" \/>\n<meta name=\"robots\" content=\"index, follow, max-snippet:-1, max-image-preview:large, max-video-preview:-1\" \/>\n<link rel=\"canonical\" href=\"https:\/\/frionox.com\/catalogo\/producto\/rejilla-de-piso-con-canal-de-drenaje-328052\/\" \/>\n<meta property=\"og:locale\" content=\"es_ES\" \/>\n<meta property=\"og:type\" content=\"article\" \/>\n<meta property=\"og:title\" content=\"REJILLA DE PISO CON CANAL DE DRENAJE - 328052\" \/>\n<meta property=\"og:description\" content=\"Construido en acero inoxidable AISI 304. Recoger el tanque con tuber\u00eda de drenaje horizontal. Rejilla de malla antideslizante. Filtro de bloqueo de residuos extra\u00edble. F\u00e1cil de inspeccionar para cualquier posible eliminaci\u00f3n de residuos acci\u00f3n. El acabado electroqu\u00edmico proporciona a las rejillas una apariencia brillante. Ideal para cualquier soluci\u00f3n de drenaje, particularmente sugerida para grandes cantidades de agua drenada durante las operaciones de limpieza. Pies de nivelaci\u00f3n ajustables. Malla antideslizante rejilla de 25x25 mm, h = 25 mm, 1.5 mm de grosor. Cubierta superior disponible con superficie perforada o con rejilla de acero inoxidable. Tanques recolectores disponibles con tuber\u00eda de drenaje horizontal.\" \/>\n<meta property=\"og:url\" content=\"https:\/\/frionox.com\/catalogo\/producto\/rejilla-de-piso-con-canal-de-drenaje-328052\/\" \/>\n<meta property=\"og:site_name\" content=\"FRIONOX\" \/>\n<meta property=\"article:publisher\" content=\"https:\/\/facebook.com\/frionox.pe\" \/>\n<meta property=\"article:modified_time\" content=\"2025-05-29T07:32:55+00:00\" \/>\n<meta property=\"og:image\" content=\"https:\/\/frionox.com\/catalogo\/wp-content\/uploads\/2020\/04\/328052.jpg\" \/>\n\t<meta property=\"og:image:width\" content=\"600\" \/>\n\t<meta property=\"og:image:height\" content=\"600\" \/>\n\t<meta property=\"og:image:type\" content=\"image\/jpeg\" \/>\n<meta name=\"twitter:card\" content=\"summary_large_image\" \/>\n<meta name=\"twitter:site\" content=\"@frionoxsac\" \/>\n<meta name=\"twitter:label1\" content=\"Precio\" \/>\n\t<meta name=\"twitter:data1\" content=\"S\/0.00\" \/>\n\t<meta name=\"twitter:label2\" content=\"Disponibilidad\" \/>\n\t<meta name=\"twitter:data2\" content=\"Disponible para reservar\" \/>\n<script type=\"application\/ld+json\" class=\"yoast-schema-graph\">{\"@context\":\"https:\/\/schema.org\",\"@graph\":[{\"@type\":\"WebPage\",\"@id\":\"https:\/\/frionox.com\/catalogo\/producto\/rejilla-de-piso-con-canal-de-drenaje-328052\/\",\"url\":\"https:\/\/frionox.com\/catalogo\/producto\/rejilla-de-piso-con-canal-de-drenaje-328052\/\",\"name\":\"REJILLA DE PISO CON CANAL DE DRENAJE - 328052 - FRIONOX\",\"isPartOf\":{\"@id\":\"https:\/\/frionox.com\/catalogo\/#website\"},\"primaryImageOfPage\":{\"@id\":\"https:\/\/frionox.com\/catalogo\/producto\/rejilla-de-piso-con-canal-de-drenaje-328052\/#primaryimage\"},\"image\":{\"@id\":\"https:\/\/frionox.com\/catalogo\/producto\/rejilla-de-piso-con-canal-de-drenaje-328052\/#primaryimage\"},\"thumbnailUrl\":\"https:\/\/frionox.com\/catalogo\/wp-content\/uploads\/2020\/04\/328052.jpg\",\"datePublished\":\"2020-05-20T02:42:22+00:00\",\"dateModified\":\"2025-05-29T07:32:55+00:00\",\"description\":\"Construido en acero inoxidable AISI 304. Recoger el tanque con tuber\u00eda de drenaje horizontal. Rejilla de malla antideslizante. Filtro de bloqueo de residuos extra\u00edble. F\u00e1cil de inspeccionar para cualquier posible eliminaci\u00f3n de residuos acci\u00f3n. El acabado electroqu\u00edmico proporciona a las rejillas una apariencia brillante. Ideal para cualquier soluci\u00f3n de drenaje, particularmente sugerida para grandes cantidades de agua drenada durante las operaciones de limpieza. Pies de nivelaci\u00f3n ajustables. Malla antideslizante rejilla de 25x25 mm, h = 25 mm, 1.5 mm de grosor. Cubierta superior disponible con superficie perforada o con rejilla de acero inoxidable. Tanques recolectores disponibles con tuber\u00eda de drenaje horizontal.\",\"breadcrumb\":{\"@id\":\"https:\/\/frionox.com\/catalogo\/producto\/rejilla-de-piso-con-canal-de-drenaje-328052\/#breadcrumb\"},\"inLanguage\":\"es\",\"potentialAction\":[{\"@type\":\"ReadAction\",\"target\":[\"https:\/\/frionox.com\/catalogo\/producto\/rejilla-de-piso-con-canal-de-drenaje-328052\/\"]}]},{\"@type\":\"ImageObject\",\"inLanguage\":\"es\",\"@id\":\"https:\/\/frionox.com\/catalogo\/producto\/rejilla-de-piso-con-canal-de-drenaje-328052\/#primaryimage\",\"url\":\"https:\/\/frionox.com\/catalogo\/wp-content\/uploads\/2020\/04\/328052.jpg\",\"contentUrl\":\"https:\/\/frionox.com\/catalogo\/wp-content\/uploads\/2020\/04\/328052.jpg\",\"width\":600,\"height\":600},{\"@type\":\"BreadcrumbList\",\"@id\":\"https:\/\/frionox.com\/catalogo\/producto\/rejilla-de-piso-con-canal-de-drenaje-328052\/#breadcrumb\",\"itemListElement\":[{\"@type\":\"ListItem\",\"position\":1,\"name\":\"Portada\",\"item\":\"https:\/\/frionox.com\/catalogo\/\"},{\"@type\":\"ListItem\",\"position\":2,\"name\":\"Hornos Industriales, Licuadoras Industriales, Cocinas y m\u00e1s\",\"item\":\"https:\/\/frionox.com\/catalogo\/tienda\/\"},{\"@type\":\"ListItem\",\"position\":3,\"name\":\"REJILLA DE PISO CON CANAL DE DRENAJE &#8211; 328052\"}]},{\"@type\":\"WebSite\",\"@id\":\"https:\/\/frionox.com\/catalogo\/#website\",\"url\":\"https:\/\/frionox.com\/catalogo\/\",\"name\":\"FRIONOX\",\"description\":\"Equipamiento de cocinas\",\"publisher\":{\"@id\":\"https:\/\/frionox.com\/catalogo\/#organization\"},\"potentialAction\":[{\"@type\":\"SearchAction\",\"target\":{\"@type\":\"EntryPoint\",\"urlTemplate\":\"https:\/\/frionox.com\/catalogo\/?s={search_term_string}\"},\"query-input\":{\"@type\":\"PropertyValueSpecification\",\"valueRequired\":true,\"valueName\":\"search_term_string\"}}],\"inLanguage\":\"es\"},{\"@type\":[\"Organization\",\"Place\",\"LocalBusiness\"],\"@id\":\"https:\/\/frionox.com\/catalogo\/#organization\",\"name\":\"Frionox Equipamiento de cocinas\",\"url\":\"https:\/\/frionox.com\/catalogo\/\",\"logo\":{\"@id\":\"https:\/\/frionox.com\/catalogo\/producto\/rejilla-de-piso-con-canal-de-drenaje-328052\/#local-main-organization-logo\"},\"image\":{\"@id\":\"https:\/\/frionox.com\/catalogo\/producto\/rejilla-de-piso-con-canal-de-drenaje-328052\/#local-main-organization-logo\"},\"sameAs\":[\"https:\/\/facebook.com\/frionox.pe\",\"https:\/\/x.com\/frionoxsac\",\"https:\/\/youtube.com\/@FRIONOXEQUIPAMIENTODECOCINA\"],\"address\":{\"@id\":\"https:\/\/frionox.com\/catalogo\/producto\/rejilla-de-piso-con-canal-de-drenaje-328052\/#local-main-place-address\"},\"geo\":{\"@type\":\"GeoCoordinates\",\"latitude\":\"-11.980133\",\"longitude\":\"-77.06118200000003\"},\"telephone\":[\"+5115221181\"],\"openingHoursSpecification\":[{\"@type\":\"OpeningHoursSpecification\",\"dayOfWeek\":[\"Monday\",\"Tuesday\",\"Wednesday\",\"Thursday\",\"Friday\",\"Saturday\"],\"opens\":\"08:00\",\"closes\":\"18:00\"},{\"@type\":\"OpeningHoursSpecification\",\"dayOfWeek\":[\"Sunday\"],\"opens\":\"00:00\",\"closes\":\"00:00\"}],\"email\":\"cotizaciones@frionox.com\"},{\"@type\":\"PostalAddress\",\"@id\":\"https:\/\/frionox.com\/catalogo\/producto\/rejilla-de-piso-con-canal-de-drenaje-328052\/#local-main-place-address\",\"streetAddress\":\"Av. Oscar R. Benavides 1624\",\"addressLocality\":\"Cercado de Lima\",\"postalCode\":\"15082\",\"addressRegion\":\"Lima\",\"addressCountry\":\"PE\"},{\"@type\":\"ImageObject\",\"inLanguage\":\"es\",\"@id\":\"https:\/\/frionox.com\/catalogo\/producto\/rejilla-de-piso-con-canal-de-drenaje-328052\/#local-main-organization-logo\",\"url\":\"https:\/\/frionox.com\/catalogo\/wp-content\/uploads\/2020\/04\/LOGO-MOBILE.png\",\"contentUrl\":\"https:\/\/frionox.com\/catalogo\/wp-content\/uploads\/2020\/04\/LOGO-MOBILE.png\",\"width\":203,\"height\":61,\"caption\":\"Frionox Equipamiento de cocinas\"}]}<\/script>\n<meta property=\"product:price:amount\" content=\"0.00\" \/>\n<meta property=\"product:price:currency\" content=\"PEN\" \/>\n<meta property=\"og:availability\" content=\"backorder\" \/>\n<meta property=\"product:availability\" content=\"available for order\" \/>\n<meta property=\"product:retailer_item_id\" content=\"328052\" \/>\n<meta property=\"product:condition\" content=\"new\" \/>\n<meta name=\"geo.placename\" content=\"Cercado de Lima\" \/>\n<meta name=\"geo.position\" content=\"-11.980133;-77.06118200000003\" \/>\n<meta name=\"geo.region\" content=\"Per\u00fa\" \/>\n<!-- \/ Yoast SEO Premium plugin. -->","yoast_head_json":{"title":"REJILLA DE PISO CON CANAL DE DRENAJE - 328052 - FRIONOX","description":"Construido en acero inoxidable AISI 304. Recoger el tanque con tuber\u00eda de drenaje horizontal. Rejilla de malla antideslizante. Filtro de bloqueo de residuos extra\u00edble. F\u00e1cil de inspeccionar para cualquier posible eliminaci\u00f3n de residuos acci\u00f3n. El acabado electroqu\u00edmico proporciona a las rejillas una apariencia brillante. Ideal para cualquier soluci\u00f3n de drenaje, particularmente sugerida para grandes cantidades de agua drenada durante las operaciones de limpieza. Pies de nivelaci\u00f3n ajustables. Malla antideslizante rejilla de 25x25 mm, h = 25 mm, 1.5 mm de grosor. Cubierta superior disponible con superficie perforada o con rejilla de acero inoxidable. Tanques recolectores disponibles con tuber\u00eda de drenaje horizontal.","robots":{"index":"index","follow":"follow","max-snippet":"max-snippet:-1","max-image-preview":"max-image-preview:large","max-video-preview":"max-video-preview:-1"},"canonical":"https:\/\/frionox.com\/catalogo\/producto\/rejilla-de-piso-con-canal-de-drenaje-328052\/","og_locale":"es_ES","og_type":"article","og_title":"REJILLA DE PISO CON CANAL DE DRENAJE - 328052","og_description":"Construido en acero inoxidable AISI 304. Recoger el tanque con tuber\u00eda de drenaje horizontal. Rejilla de malla antideslizante. Filtro de bloqueo de residuos extra\u00edble. F\u00e1cil de inspeccionar para cualquier posible eliminaci\u00f3n de residuos acci\u00f3n. El acabado electroqu\u00edmico proporciona a las rejillas una apariencia brillante. Ideal para cualquier soluci\u00f3n de drenaje, particularmente sugerida para grandes cantidades de agua drenada durante las operaciones de limpieza. Pies de nivelaci\u00f3n ajustables. Malla antideslizante rejilla de 25x25 mm, h = 25 mm, 1.5 mm de grosor. Cubierta superior disponible con superficie perforada o con rejilla de acero inoxidable. Tanques recolectores disponibles con tuber\u00eda de drenaje horizontal.","og_url":"https:\/\/frionox.com\/catalogo\/producto\/rejilla-de-piso-con-canal-de-drenaje-328052\/","og_site_name":"FRIONOX","article_publisher":"https:\/\/facebook.com\/frionox.pe","article_modified_time":"2025-05-29T07:32:55+00:00","og_image":[{"width":600,"height":600,"url":"https:\/\/frionox.com\/catalogo\/wp-content\/uploads\/2020\/04\/328052.jpg","type":"image\/jpeg"}],"twitter_card":"summary_large_image","twitter_site":"@frionoxsac","twitter_misc":{"Precio":"S\/0.00","Disponibilidad":"Disponible para reservar"},"schema":{"@context":"https:\/\/schema.org","@graph":[{"@type":"WebPage","@id":"https:\/\/frionox.com\/catalogo\/producto\/rejilla-de-piso-con-canal-de-drenaje-328052\/","url":"https:\/\/frionox.com\/catalogo\/producto\/rejilla-de-piso-con-canal-de-drenaje-328052\/","name":"REJILLA DE PISO CON CANAL DE DRENAJE - 328052 - FRIONOX","isPartOf":{"@id":"https:\/\/frionox.com\/catalogo\/#website"},"primaryImageOfPage":{"@id":"https:\/\/frionox.com\/catalogo\/producto\/rejilla-de-piso-con-canal-de-drenaje-328052\/#primaryimage"},"image":{"@id":"https:\/\/frionox.com\/catalogo\/producto\/rejilla-de-piso-con-canal-de-drenaje-328052\/#primaryimage"},"thumbnailUrl":"https:\/\/frionox.com\/catalogo\/wp-content\/uploads\/2020\/04\/328052.jpg","datePublished":"2020-05-20T02:42:22+00:00","dateModified":"2025-05-29T07:32:55+00:00","description":"Construido en acero inoxidable AISI 304. Recoger el tanque con tuber\u00eda de drenaje horizontal. Rejilla de malla antideslizante. Filtro de bloqueo de residuos extra\u00edble. F\u00e1cil de inspeccionar para cualquier posible eliminaci\u00f3n de residuos acci\u00f3n. El acabado electroqu\u00edmico proporciona a las rejillas una apariencia brillante. Ideal para cualquier soluci\u00f3n de drenaje, particularmente sugerida para grandes cantidades de agua drenada durante las operaciones de limpieza. Pies de nivelaci\u00f3n ajustables. Malla antideslizante rejilla de 25x25 mm, h = 25 mm, 1.5 mm de grosor. Cubierta superior disponible con superficie perforada o con rejilla de acero inoxidable. Tanques recolectores disponibles con tuber\u00eda de drenaje horizontal.","breadcrumb":{"@id":"https:\/\/frionox.com\/catalogo\/producto\/rejilla-de-piso-con-canal-de-drenaje-328052\/#breadcrumb"},"inLanguage":"es","potentialAction":[{"@type":"ReadAction","target":["https:\/\/frionox.com\/catalogo\/producto\/rejilla-de-piso-con-canal-de-drenaje-328052\/"]}]},{"@type":"ImageObject","inLanguage":"es","@id":"https:\/\/frionox.com\/catalogo\/producto\/rejilla-de-piso-con-canal-de-drenaje-328052\/#primaryimage","url":"https:\/\/frionox.com\/catalogo\/wp-content\/uploads\/2020\/04\/328052.jpg","contentUrl":"https:\/\/frionox.com\/catalogo\/wp-content\/uploads\/2020\/04\/328052.jpg","width":600,"height":600},{"@type":"BreadcrumbList","@id":"https:\/\/frionox.com\/catalogo\/producto\/rejilla-de-piso-con-canal-de-drenaje-328052\/#breadcrumb","itemListElement":[{"@type":"ListItem","position":1,"name":"Portada","item":"https:\/\/frionox.com\/catalogo\/"},{"@type":"ListItem","position":2,"name":"Hornos Industriales, Licuadoras Industriales, Cocinas y m\u00e1s","item":"https:\/\/frionox.com\/catalogo\/tienda\/"},{"@type":"ListItem","position":3,"name":"REJILLA DE PISO CON CANAL DE DRENAJE &#8211; 328052"}]},{"@type":"WebSite","@id":"https:\/\/frionox.com\/catalogo\/#website","url":"https:\/\/frionox.com\/catalogo\/","name":"FRIONOX","description":"Equipamiento de cocinas","publisher":{"@id":"https:\/\/frionox.com\/catalogo\/#organization"},"potentialAction":[{"@type":"SearchAction","target":{"@type":"EntryPoint","urlTemplate":"https:\/\/frionox.com\/catalogo\/?s={search_term_string}"},"query-input":{"@type":"PropertyValueSpecification","valueRequired":true,"valueName":"search_term_string"}}],"inLanguage":"es"},{"@type":["Organization","Place","LocalBusiness"],"@id":"https:\/\/frionox.com\/catalogo\/#organization","name":"Frionox Equipamiento de cocinas","url":"https:\/\/frionox.com\/catalogo\/","logo":{"@id":"https:\/\/frionox.com\/catalogo\/producto\/rejilla-de-piso-con-canal-de-drenaje-328052\/#local-main-organization-logo"},"image":{"@id":"https:\/\/frionox.com\/catalogo\/producto\/rejilla-de-piso-con-canal-de-drenaje-328052\/#local-main-organization-logo"},"sameAs":["https:\/\/facebook.com\/frionox.pe","https:\/\/x.com\/frionoxsac","https:\/\/youtube.com\/@FRIONOXEQUIPAMIENTODECOCINA"],"address":{"@id":"https:\/\/frionox.com\/catalogo\/producto\/rejilla-de-piso-con-canal-de-drenaje-328052\/#local-main-place-address"},"geo":{"@type":"GeoCoordinates","latitude":"-11.980133","longitude":"-77.06118200000003"},"telephone":["+5115221181"],"openingHoursSpecification":[{"@type":"OpeningHoursSpecification","dayOfWeek":["Monday","Tuesday","Wednesday","Thursday","Friday","Saturday"],"opens":"08:00","closes":"18:00"},{"@type":"OpeningHoursSpecification","dayOfWeek":["Sunday"],"opens":"00:00","closes":"00:00"}],"email":"cotizaciones@frionox.com"},{"@type":"PostalAddress","@id":"https:\/\/frionox.com\/catalogo\/producto\/rejilla-de-piso-con-canal-de-drenaje-328052\/#local-main-place-address","streetAddress":"Av. Oscar R. Benavides 1624","addressLocality":"Cercado de Lima","postalCode":"15082","addressRegion":"Lima","addressCountry":"PE"},{"@type":"ImageObject","inLanguage":"es","@id":"https:\/\/frionox.com\/catalogo\/producto\/rejilla-de-piso-con-canal-de-drenaje-328052\/#local-main-organization-logo","url":"https:\/\/frionox.com\/catalogo\/wp-content\/uploads\/2020\/04\/LOGO-MOBILE.png","contentUrl":"https:\/\/frionox.com\/catalogo\/wp-content\/uploads\/2020\/04\/LOGO-MOBILE.png","width":203,"height":61,"caption":"Frionox Equipamiento de cocinas"}]},"product_price_amount":"0.00","product_price_currency":"PEN","og_availability":"backorder","product_availability":"available for order","product_retailer_item_id":"328052","product_condition":"new","geo.placename":"Cercado de Lima","geo.position":{"lat":"-11.980133","long":"-77.06118200000003"},"geo.region":"Per\u00fa"},"_links":{"self":[{"href":"https:\/\/frionox.com\/catalogo\/wp-json\/wp\/v2\/product\/14058","targetHints":{"allow":["GET"]}}],"collection":[{"href":"https:\/\/frionox.com\/catalogo\/wp-json\/wp\/v2\/product"}],"about":[{"href":"https:\/\/frionox.com\/catalogo\/wp-json\/wp\/v2\/types\/product"}],"replies":[{"embeddable":true,"href":"https:\/\/frionox.com\/catalogo\/wp-json\/wp\/v2\/comments?post=14058"}],"wp:featuredmedia":[{"embeddable":true,"href":"https:\/\/frionox.com\/catalogo\/wp-json\/wp\/v2\/media\/11973"}],"wp:attachment":[{"href":"https:\/\/frionox.com\/catalogo\/wp-json\/wp\/v2\/media?parent=14058"}],"wp:term":[{"taxonomy":"product_brand","embeddable":true,"href":"https:\/\/frionox.com\/catalogo\/wp-json\/wp\/v2\/product_brand?post=14058"},{"taxonomy":"product_cat","embeddable":true,"href":"https:\/\/frionox.com\/catalogo\/wp-json\/wp\/v2\/product_cat?post=14058"},{"taxonomy":"product_tag","embeddable":true,"href":"https:\/\/frionox.com\/catalogo\/wp-json\/wp\/v2\/product_tag?post=14058"}],"curies":[{"name":"wp","href":"https:\/\/api.w.org\/{rel}","templated":true}]}}