{"id":13609,"date":"2020-04-26T23:48:14","date_gmt":"2020-04-27T04:48:14","guid":{"rendered":"https:\/\/frionox.com\/catalogo\/producto\/placa-mantenedora-de-frio-camchiller-gn-1-1-azul-frio-cp3253-159\/"},"modified":"2025-04-29T17:24:15","modified_gmt":"2025-04-29T22:24:15","slug":"placa-mantenedora-de-frio-camchiller-gn-1-1-azul-frio-cp3253-159","status":"publish","type":"product","link":"https:\/\/frionox.com\/catalogo\/producto\/placa-mantenedora-de-frio-camchiller-gn-1-1-azul-frio-cp3253-159\/","title":{"rendered":"PLACA MANTENEDORA DE FRIO CAMCHILLER GN 1\/1 (AZUL FRIO) &#8211; CP3253-159"},"content":{"rendered":"<p>Maximiza la capacidad de almacenamiento mediante la creaci\u00f3n de pasillos de almacenamiento en todo el espacio disponible. Este sencillo sistema se compone de unidades iniciadoras estacionarias ancladas a un sistema elevado de rieles en el piso en ambos extremos, con unidades m\u00f3viles de alta densidad instaladas en el medio. De f\u00e1cil instalaci\u00f3n, no necesita perforaci\u00f3n ni encolado alguno. Estantes ventilados.<\/p>\n","protected":false},"excerpt":{"rendered":"<p>Maximiza la capacidad de almacenamiento mediante la creaci\u00f3n de pasillos de almacenamiento en todo el espacio disponible. Este sencillo sistema se compone de unidades iniciadoras estacionarias ancladas a un sistema elevado de rieles en el piso en ambos extremos, con unidades m\u00f3viles de alta densidad instaladas en el medio. De f\u00e1cil instalaci\u00f3n, no necesita perforaci\u00f3n ni encolado alguno. Estantes ventilados.<\/p>\n","protected":false},"featured_media":10907,"comment_status":"open","ping_status":"closed","template":"","meta":[],"product_brand":[],"product_cat":[1277,105],"product_tag":[],"class_list":{"0":"post-13609","1":"product","2":"type-product","3":"status-publish","4":"has-post-thumbnail","6":"product_cat-mantenedor-de-bebidas","7":"product_cat-cambro","8":"pa_marcas-cambro","10":"first","11":"instock","12":"sale","13":"shipping-taxable","14":"purchasable","15":"product-type-simple"},"yoast_head":"<!-- This site is optimized with the Yoast SEO Premium plugin v27.1 (Yoast SEO v27.1.1) - https:\/\/yoast.com\/product\/yoast-seo-premium-wordpress\/ -->\n<title>PLACA MANTENEDORA DE FRIO CAMCHILLER GN 1\/1 (AZUL FRIO) - CP3253-159 - FRIONOX<\/title>\n<meta name=\"description\" content=\"Maximiza la capacidad de almacenamiento mediante la creaci\u00f3n de pasillos de almacenamiento en todo el espacio disponible. Este sencillo sistema se compone de unidades iniciadoras estacionarias ancladas a un sistema elevado de rieles en el piso en ambos extremos, con unidades m\u00f3viles de alta densidad instaladas en el medio. De f\u00e1cil instalaci\u00f3n, no necesita perforaci\u00f3n ni encolado alguno. Estantes ventilados.\" \/>\n<meta name=\"robots\" content=\"index, follow, max-snippet:-1, max-image-preview:large, max-video-preview:-1\" \/>\n<link rel=\"canonical\" href=\"https:\/\/frionox.com\/catalogo\/producto\/placa-mantenedora-de-frio-camchiller-gn-1-1-azul-frio-cp3253-159\/\" \/>\n<meta property=\"og:locale\" content=\"es_ES\" \/>\n<meta property=\"og:type\" content=\"article\" \/>\n<meta property=\"og:title\" content=\"PLACA MANTENEDORA DE FRIO CAMCHILLER GN 1\/1 (AZUL FRIO) - CP3253-159\" \/>\n<meta property=\"og:description\" content=\"Maximiza la capacidad de almacenamiento mediante la creaci\u00f3n de pasillos de almacenamiento en todo el espacio disponible. Este sencillo sistema se compone de unidades iniciadoras estacionarias ancladas a un sistema elevado de rieles en el piso en ambos extremos, con unidades m\u00f3viles de alta densidad instaladas en el medio. De f\u00e1cil instalaci\u00f3n, no necesita perforaci\u00f3n ni encolado alguno. Estantes ventilados.\" \/>\n<meta property=\"og:url\" content=\"https:\/\/frionox.com\/catalogo\/producto\/placa-mantenedora-de-frio-camchiller-gn-1-1-azul-frio-cp3253-159\/\" \/>\n<meta property=\"og:site_name\" content=\"FRIONOX\" \/>\n<meta property=\"article:publisher\" content=\"https:\/\/facebook.com\/frionox.pe\" \/>\n<meta property=\"article:modified_time\" content=\"2025-04-29T22:24:15+00:00\" \/>\n<meta property=\"og:image\" content=\"https:\/\/frionox.com\/catalogo\/wp-content\/uploads\/2020\/04\/CP3253-159.jpg\" \/>\n\t<meta property=\"og:image:width\" content=\"800\" \/>\n\t<meta property=\"og:image:height\" content=\"800\" \/>\n\t<meta property=\"og:image:type\" content=\"image\/jpeg\" \/>\n<meta name=\"twitter:card\" content=\"summary_large_image\" \/>\n<meta name=\"twitter:site\" content=\"@frionoxsac\" \/>\n<meta name=\"twitter:label1\" content=\"Precio\" \/>\n\t<meta name=\"twitter:data1\" content=\"S\/17,131.24\" \/>\n\t<meta name=\"twitter:label2\" content=\"Disponibilidad\" \/>\n\t<meta name=\"twitter:data2\" content=\"Disponible\" \/>\n<script type=\"application\/ld+json\" class=\"yoast-schema-graph\">{\"@context\":\"https:\/\/schema.org\",\"@graph\":[{\"@type\":\"WebPage\",\"@id\":\"https:\/\/frionox.com\/catalogo\/producto\/placa-mantenedora-de-frio-camchiller-gn-1-1-azul-frio-cp3253-159\/\",\"url\":\"https:\/\/frionox.com\/catalogo\/producto\/placa-mantenedora-de-frio-camchiller-gn-1-1-azul-frio-cp3253-159\/\",\"name\":\"PLACA MANTENEDORA DE FRIO CAMCHILLER GN 1\/1 (AZUL FRIO) - CP3253-159 - FRIONOX\",\"isPartOf\":{\"@id\":\"https:\/\/frionox.com\/catalogo\/#website\"},\"primaryImageOfPage\":{\"@id\":\"https:\/\/frionox.com\/catalogo\/producto\/placa-mantenedora-de-frio-camchiller-gn-1-1-azul-frio-cp3253-159\/#primaryimage\"},\"image\":{\"@id\":\"https:\/\/frionox.com\/catalogo\/producto\/placa-mantenedora-de-frio-camchiller-gn-1-1-azul-frio-cp3253-159\/#primaryimage\"},\"thumbnailUrl\":\"https:\/\/frionox.com\/catalogo\/wp-content\/uploads\/2020\/04\/CP3253-159.jpg\",\"datePublished\":\"2020-04-27T04:48:14+00:00\",\"dateModified\":\"2025-04-29T22:24:15+00:00\",\"description\":\"Maximiza la capacidad de almacenamiento mediante la creaci\u00f3n de pasillos de almacenamiento en todo el espacio disponible. Este sencillo sistema se compone de unidades iniciadoras estacionarias ancladas a un sistema elevado de rieles en el piso en ambos extremos, con unidades m\u00f3viles de alta densidad instaladas en el medio. De f\u00e1cil instalaci\u00f3n, no necesita perforaci\u00f3n ni encolado alguno. Estantes ventilados.\",\"breadcrumb\":{\"@id\":\"https:\/\/frionox.com\/catalogo\/producto\/placa-mantenedora-de-frio-camchiller-gn-1-1-azul-frio-cp3253-159\/#breadcrumb\"},\"inLanguage\":\"es\",\"potentialAction\":[{\"@type\":\"ReadAction\",\"target\":[\"https:\/\/frionox.com\/catalogo\/producto\/placa-mantenedora-de-frio-camchiller-gn-1-1-azul-frio-cp3253-159\/\"]}]},{\"@type\":\"ImageObject\",\"inLanguage\":\"es\",\"@id\":\"https:\/\/frionox.com\/catalogo\/producto\/placa-mantenedora-de-frio-camchiller-gn-1-1-azul-frio-cp3253-159\/#primaryimage\",\"url\":\"https:\/\/frionox.com\/catalogo\/wp-content\/uploads\/2020\/04\/CP3253-159.jpg\",\"contentUrl\":\"https:\/\/frionox.com\/catalogo\/wp-content\/uploads\/2020\/04\/CP3253-159.jpg\",\"width\":800,\"height\":800},{\"@type\":\"BreadcrumbList\",\"@id\":\"https:\/\/frionox.com\/catalogo\/producto\/placa-mantenedora-de-frio-camchiller-gn-1-1-azul-frio-cp3253-159\/#breadcrumb\",\"itemListElement\":[{\"@type\":\"ListItem\",\"position\":1,\"name\":\"Portada\",\"item\":\"https:\/\/frionox.com\/catalogo\/\"},{\"@type\":\"ListItem\",\"position\":2,\"name\":\"Hornos Industriales, Licuadoras Industriales, Cocinas y m\u00e1s\",\"item\":\"https:\/\/frionox.com\/catalogo\/tienda\/\"},{\"@type\":\"ListItem\",\"position\":3,\"name\":\"PLACA MANTENEDORA DE FRIO CAMCHILLER GN 1\/1 (AZUL FRIO) &#8211; CP3253-159\"}]},{\"@type\":\"WebSite\",\"@id\":\"https:\/\/frionox.com\/catalogo\/#website\",\"url\":\"https:\/\/frionox.com\/catalogo\/\",\"name\":\"FRIONOX\",\"description\":\"Equipamiento de cocinas\",\"publisher\":{\"@id\":\"https:\/\/frionox.com\/catalogo\/#organization\"},\"potentialAction\":[{\"@type\":\"SearchAction\",\"target\":{\"@type\":\"EntryPoint\",\"urlTemplate\":\"https:\/\/frionox.com\/catalogo\/?s={search_term_string}\"},\"query-input\":{\"@type\":\"PropertyValueSpecification\",\"valueRequired\":true,\"valueName\":\"search_term_string\"}}],\"inLanguage\":\"es\"},{\"@type\":[\"Organization\",\"Place\",\"LocalBusiness\"],\"@id\":\"https:\/\/frionox.com\/catalogo\/#organization\",\"name\":\"Frionox Equipamiento de cocinas\",\"url\":\"https:\/\/frionox.com\/catalogo\/\",\"logo\":{\"@id\":\"https:\/\/frionox.com\/catalogo\/producto\/placa-mantenedora-de-frio-camchiller-gn-1-1-azul-frio-cp3253-159\/#local-main-organization-logo\"},\"image\":{\"@id\":\"https:\/\/frionox.com\/catalogo\/producto\/placa-mantenedora-de-frio-camchiller-gn-1-1-azul-frio-cp3253-159\/#local-main-organization-logo\"},\"sameAs\":[\"https:\/\/facebook.com\/frionox.pe\",\"https:\/\/x.com\/frionoxsac\",\"https:\/\/youtube.com\/@FRIONOXEQUIPAMIENTODECOCINA\"],\"address\":{\"@id\":\"https:\/\/frionox.com\/catalogo\/producto\/placa-mantenedora-de-frio-camchiller-gn-1-1-azul-frio-cp3253-159\/#local-main-place-address\"},\"geo\":{\"@type\":\"GeoCoordinates\",\"latitude\":\"-11.980133\",\"longitude\":\"-77.06118200000003\"},\"telephone\":[\"+5115221181\"],\"openingHoursSpecification\":[{\"@type\":\"OpeningHoursSpecification\",\"dayOfWeek\":[\"Monday\",\"Tuesday\",\"Wednesday\",\"Thursday\",\"Friday\",\"Saturday\"],\"opens\":\"08:00\",\"closes\":\"18:00\"},{\"@type\":\"OpeningHoursSpecification\",\"dayOfWeek\":[\"Sunday\"],\"opens\":\"00:00\",\"closes\":\"00:00\"}],\"email\":\"cotizaciones@frionox.com\"},{\"@type\":\"PostalAddress\",\"@id\":\"https:\/\/frionox.com\/catalogo\/producto\/placa-mantenedora-de-frio-camchiller-gn-1-1-azul-frio-cp3253-159\/#local-main-place-address\",\"streetAddress\":\"Av. Oscar R. Benavides 1624\",\"addressLocality\":\"Cercado de Lima\",\"postalCode\":\"15082\",\"addressRegion\":\"Lima\",\"addressCountry\":\"PE\"},{\"@type\":\"ImageObject\",\"inLanguage\":\"es\",\"@id\":\"https:\/\/frionox.com\/catalogo\/producto\/placa-mantenedora-de-frio-camchiller-gn-1-1-azul-frio-cp3253-159\/#local-main-organization-logo\",\"url\":\"https:\/\/frionox.com\/catalogo\/wp-content\/uploads\/2020\/04\/LOGO-MOBILE.png\",\"contentUrl\":\"https:\/\/frionox.com\/catalogo\/wp-content\/uploads\/2020\/04\/LOGO-MOBILE.png\",\"width\":203,\"height\":61,\"caption\":\"Frionox Equipamiento de cocinas\"}]}<\/script>\n<meta property=\"product:price:amount\" content=\"17131.24\" \/>\n<meta property=\"product:price:currency\" content=\"PEN\" \/>\n<meta property=\"og:availability\" content=\"instock\" \/>\n<meta property=\"product:availability\" content=\"instock\" \/>\n<meta property=\"product:retailer_item_id\" content=\"CP3253-159\" \/>\n<meta property=\"product:condition\" content=\"new\" \/>\n<meta name=\"geo.placename\" content=\"Cercado de Lima\" \/>\n<meta name=\"geo.position\" content=\"-11.980133;-77.06118200000003\" \/>\n<meta name=\"geo.region\" content=\"Per\u00fa\" \/>\n<!-- \/ Yoast SEO Premium plugin. -->","yoast_head_json":{"title":"PLACA MANTENEDORA DE FRIO CAMCHILLER GN 1\/1 (AZUL FRIO) - CP3253-159 - FRIONOX","description":"Maximiza la capacidad de almacenamiento mediante la creaci\u00f3n de pasillos de almacenamiento en todo el espacio disponible. Este sencillo sistema se compone de unidades iniciadoras estacionarias ancladas a un sistema elevado de rieles en el piso en ambos extremos, con unidades m\u00f3viles de alta densidad instaladas en el medio. De f\u00e1cil instalaci\u00f3n, no necesita perforaci\u00f3n ni encolado alguno. Estantes ventilados.","robots":{"index":"index","follow":"follow","max-snippet":"max-snippet:-1","max-image-preview":"max-image-preview:large","max-video-preview":"max-video-preview:-1"},"canonical":"https:\/\/frionox.com\/catalogo\/producto\/placa-mantenedora-de-frio-camchiller-gn-1-1-azul-frio-cp3253-159\/","og_locale":"es_ES","og_type":"article","og_title":"PLACA MANTENEDORA DE FRIO CAMCHILLER GN 1\/1 (AZUL FRIO) - CP3253-159","og_description":"Maximiza la capacidad de almacenamiento mediante la creaci\u00f3n de pasillos de almacenamiento en todo el espacio disponible. Este sencillo sistema se compone de unidades iniciadoras estacionarias ancladas a un sistema elevado de rieles en el piso en ambos extremos, con unidades m\u00f3viles de alta densidad instaladas en el medio. De f\u00e1cil instalaci\u00f3n, no necesita perforaci\u00f3n ni encolado alguno. Estantes ventilados.","og_url":"https:\/\/frionox.com\/catalogo\/producto\/placa-mantenedora-de-frio-camchiller-gn-1-1-azul-frio-cp3253-159\/","og_site_name":"FRIONOX","article_publisher":"https:\/\/facebook.com\/frionox.pe","article_modified_time":"2025-04-29T22:24:15+00:00","og_image":[{"width":800,"height":800,"url":"https:\/\/frionox.com\/catalogo\/wp-content\/uploads\/2020\/04\/CP3253-159.jpg","type":"image\/jpeg"}],"twitter_card":"summary_large_image","twitter_site":"@frionoxsac","twitter_misc":{"Precio":"S\/17,131.24","Disponibilidad":"Disponible"},"schema":{"@context":"https:\/\/schema.org","@graph":[{"@type":"WebPage","@id":"https:\/\/frionox.com\/catalogo\/producto\/placa-mantenedora-de-frio-camchiller-gn-1-1-azul-frio-cp3253-159\/","url":"https:\/\/frionox.com\/catalogo\/producto\/placa-mantenedora-de-frio-camchiller-gn-1-1-azul-frio-cp3253-159\/","name":"PLACA MANTENEDORA DE FRIO CAMCHILLER GN 1\/1 (AZUL FRIO) - CP3253-159 - FRIONOX","isPartOf":{"@id":"https:\/\/frionox.com\/catalogo\/#website"},"primaryImageOfPage":{"@id":"https:\/\/frionox.com\/catalogo\/producto\/placa-mantenedora-de-frio-camchiller-gn-1-1-azul-frio-cp3253-159\/#primaryimage"},"image":{"@id":"https:\/\/frionox.com\/catalogo\/producto\/placa-mantenedora-de-frio-camchiller-gn-1-1-azul-frio-cp3253-159\/#primaryimage"},"thumbnailUrl":"https:\/\/frionox.com\/catalogo\/wp-content\/uploads\/2020\/04\/CP3253-159.jpg","datePublished":"2020-04-27T04:48:14+00:00","dateModified":"2025-04-29T22:24:15+00:00","description":"Maximiza la capacidad de almacenamiento mediante la creaci\u00f3n de pasillos de almacenamiento en todo el espacio disponible. Este sencillo sistema se compone de unidades iniciadoras estacionarias ancladas a un sistema elevado de rieles en el piso en ambos extremos, con unidades m\u00f3viles de alta densidad instaladas en el medio. De f\u00e1cil instalaci\u00f3n, no necesita perforaci\u00f3n ni encolado alguno. Estantes ventilados.","breadcrumb":{"@id":"https:\/\/frionox.com\/catalogo\/producto\/placa-mantenedora-de-frio-camchiller-gn-1-1-azul-frio-cp3253-159\/#breadcrumb"},"inLanguage":"es","potentialAction":[{"@type":"ReadAction","target":["https:\/\/frionox.com\/catalogo\/producto\/placa-mantenedora-de-frio-camchiller-gn-1-1-azul-frio-cp3253-159\/"]}]},{"@type":"ImageObject","inLanguage":"es","@id":"https:\/\/frionox.com\/catalogo\/producto\/placa-mantenedora-de-frio-camchiller-gn-1-1-azul-frio-cp3253-159\/#primaryimage","url":"https:\/\/frionox.com\/catalogo\/wp-content\/uploads\/2020\/04\/CP3253-159.jpg","contentUrl":"https:\/\/frionox.com\/catalogo\/wp-content\/uploads\/2020\/04\/CP3253-159.jpg","width":800,"height":800},{"@type":"BreadcrumbList","@id":"https:\/\/frionox.com\/catalogo\/producto\/placa-mantenedora-de-frio-camchiller-gn-1-1-azul-frio-cp3253-159\/#breadcrumb","itemListElement":[{"@type":"ListItem","position":1,"name":"Portada","item":"https:\/\/frionox.com\/catalogo\/"},{"@type":"ListItem","position":2,"name":"Hornos Industriales, Licuadoras Industriales, Cocinas y m\u00e1s","item":"https:\/\/frionox.com\/catalogo\/tienda\/"},{"@type":"ListItem","position":3,"name":"PLACA MANTENEDORA DE FRIO CAMCHILLER GN 1\/1 (AZUL FRIO) &#8211; CP3253-159"}]},{"@type":"WebSite","@id":"https:\/\/frionox.com\/catalogo\/#website","url":"https:\/\/frionox.com\/catalogo\/","name":"FRIONOX","description":"Equipamiento de cocinas","publisher":{"@id":"https:\/\/frionox.com\/catalogo\/#organization"},"potentialAction":[{"@type":"SearchAction","target":{"@type":"EntryPoint","urlTemplate":"https:\/\/frionox.com\/catalogo\/?s={search_term_string}"},"query-input":{"@type":"PropertyValueSpecification","valueRequired":true,"valueName":"search_term_string"}}],"inLanguage":"es"},{"@type":["Organization","Place","LocalBusiness"],"@id":"https:\/\/frionox.com\/catalogo\/#organization","name":"Frionox Equipamiento de cocinas","url":"https:\/\/frionox.com\/catalogo\/","logo":{"@id":"https:\/\/frionox.com\/catalogo\/producto\/placa-mantenedora-de-frio-camchiller-gn-1-1-azul-frio-cp3253-159\/#local-main-organization-logo"},"image":{"@id":"https:\/\/frionox.com\/catalogo\/producto\/placa-mantenedora-de-frio-camchiller-gn-1-1-azul-frio-cp3253-159\/#local-main-organization-logo"},"sameAs":["https:\/\/facebook.com\/frionox.pe","https:\/\/x.com\/frionoxsac","https:\/\/youtube.com\/@FRIONOXEQUIPAMIENTODECOCINA"],"address":{"@id":"https:\/\/frionox.com\/catalogo\/producto\/placa-mantenedora-de-frio-camchiller-gn-1-1-azul-frio-cp3253-159\/#local-main-place-address"},"geo":{"@type":"GeoCoordinates","latitude":"-11.980133","longitude":"-77.06118200000003"},"telephone":["+5115221181"],"openingHoursSpecification":[{"@type":"OpeningHoursSpecification","dayOfWeek":["Monday","Tuesday","Wednesday","Thursday","Friday","Saturday"],"opens":"08:00","closes":"18:00"},{"@type":"OpeningHoursSpecification","dayOfWeek":["Sunday"],"opens":"00:00","closes":"00:00"}],"email":"cotizaciones@frionox.com"},{"@type":"PostalAddress","@id":"https:\/\/frionox.com\/catalogo\/producto\/placa-mantenedora-de-frio-camchiller-gn-1-1-azul-frio-cp3253-159\/#local-main-place-address","streetAddress":"Av. Oscar R. Benavides 1624","addressLocality":"Cercado de Lima","postalCode":"15082","addressRegion":"Lima","addressCountry":"PE"},{"@type":"ImageObject","inLanguage":"es","@id":"https:\/\/frionox.com\/catalogo\/producto\/placa-mantenedora-de-frio-camchiller-gn-1-1-azul-frio-cp3253-159\/#local-main-organization-logo","url":"https:\/\/frionox.com\/catalogo\/wp-content\/uploads\/2020\/04\/LOGO-MOBILE.png","contentUrl":"https:\/\/frionox.com\/catalogo\/wp-content\/uploads\/2020\/04\/LOGO-MOBILE.png","width":203,"height":61,"caption":"Frionox Equipamiento de cocinas"}]},"product_price_amount":"17131.24","product_price_currency":"PEN","og_availability":"instock","product_availability":"instock","product_retailer_item_id":"CP3253-159","product_condition":"new","geo.placename":"Cercado de Lima","geo.position":{"lat":"-11.980133","long":"-77.06118200000003"},"geo.region":"Per\u00fa"},"_links":{"self":[{"href":"https:\/\/frionox.com\/catalogo\/wp-json\/wp\/v2\/product\/13609","targetHints":{"allow":["GET"]}}],"collection":[{"href":"https:\/\/frionox.com\/catalogo\/wp-json\/wp\/v2\/product"}],"about":[{"href":"https:\/\/frionox.com\/catalogo\/wp-json\/wp\/v2\/types\/product"}],"replies":[{"embeddable":true,"href":"https:\/\/frionox.com\/catalogo\/wp-json\/wp\/v2\/comments?post=13609"}],"wp:featuredmedia":[{"embeddable":true,"href":"https:\/\/frionox.com\/catalogo\/wp-json\/wp\/v2\/media\/10907"}],"wp:attachment":[{"href":"https:\/\/frionox.com\/catalogo\/wp-json\/wp\/v2\/media?parent=13609"}],"wp:term":[{"taxonomy":"product_brand","embeddable":true,"href":"https:\/\/frionox.com\/catalogo\/wp-json\/wp\/v2\/product_brand?post=13609"},{"taxonomy":"product_cat","embeddable":true,"href":"https:\/\/frionox.com\/catalogo\/wp-json\/wp\/v2\/product_cat?post=13609"},{"taxonomy":"product_tag","embeddable":true,"href":"https:\/\/frionox.com\/catalogo\/wp-json\/wp\/v2\/product_tag?post=13609"}],"curies":[{"name":"wp","href":"https:\/\/api.w.org\/{rel}","templated":true}]}}