{"id":13564,"date":"2020-04-26T23:48:05","date_gmt":"2020-04-27T04:48:05","guid":{"rendered":"https:\/\/frionox.com\/catalogo\/producto\/pinzas-de-agarre-con-ondas-negro-9tgs-110\/"},"modified":"2023-01-30T23:34:24","modified_gmt":"2023-01-31T04:34:24","slug":"pinzas-de-agarre-con-ondas-negro-9tgs-110","status":"publish","type":"product","link":"https:\/\/frionox.com\/catalogo\/producto\/pinzas-de-agarre-con-ondas-negro-9tgs-110\/","title":{"rendered":"PINZAS DE AGARRE CON ONDAS (NEGRO) &#8211; 9TGS-110"},"content":{"rendered":"<p>Capacidad para vajillas de 11 a 33 cm Ergon\u00f3mico, duradero y f\u00e1cil de maniobrar. Con ruedas giratorias de 15,24 cm en cada esquina La ruedecilla central r\u00edgida facilita las maniobras, incluso cuando est\u00e1 completamente cargada. Cubierta de vinilo incluida para almacenamiento sanitario.<\/p>\n","protected":false},"excerpt":{"rendered":"<p>Capacidad para vajillas de 11 a 33 cm Ergon\u00f3mico, duradero y f\u00e1cil de maniobrar. Con ruedas giratorias de 15,24 cm en cada esquina La ruedecilla central r\u00edgida facilita las maniobras, incluso cuando est\u00e1 completamente cargada. Cubierta de vinilo incluida para almacenamiento sanitario.<\/p>\n","protected":false},"featured_media":10259,"comment_status":"open","ping_status":"closed","template":"","meta":[],"product_brand":[],"product_cat":[1286,105],"product_tag":[],"class_list":{"0":"post-13564","1":"product","2":"type-product","3":"status-publish","4":"has-post-thumbnail","6":"product_cat-pinzas-de-agarre","7":"product_cat-cambro","8":"pa_marcas-cambro","10":"first","11":"instock","12":"sale","13":"shipping-taxable","14":"purchasable","15":"product-type-simple"},"yoast_head":"<!-- This site is optimized with the Yoast SEO Premium plugin v27.1 (Yoast SEO v27.1.1) - https:\/\/yoast.com\/product\/yoast-seo-premium-wordpress\/ -->\n<title>PINZAS DE AGARRE CON ONDAS (NEGRO) - 9TGS-110 - FRIONOX<\/title>\n<meta name=\"description\" content=\"Capacidad para vajillas de 11 a 33 cm Ergon\u00f3mico, duradero y f\u00e1cil de maniobrar. Con ruedas giratorias de 15,24 cm en cada esquina La ruedecilla central r\u00edgida facilita las maniobras, incluso cuando est\u00e1 completamente cargada. Cubierta de vinilo incluida para almacenamiento sanitario.\" \/>\n<meta name=\"robots\" content=\"index, follow, max-snippet:-1, max-image-preview:large, max-video-preview:-1\" \/>\n<link rel=\"canonical\" href=\"https:\/\/frionox.com\/catalogo\/producto\/pinzas-de-agarre-con-ondas-negro-9tgs-110\/\" \/>\n<meta property=\"og:locale\" content=\"es_ES\" \/>\n<meta property=\"og:type\" content=\"article\" \/>\n<meta property=\"og:title\" content=\"PINZAS DE AGARRE CON ONDAS (NEGRO) - 9TGS-110\" \/>\n<meta property=\"og:description\" content=\"Capacidad para vajillas de 11 a 33 cm Ergon\u00f3mico, duradero y f\u00e1cil de maniobrar. Con ruedas giratorias de 15,24 cm en cada esquina La ruedecilla central r\u00edgida facilita las maniobras, incluso cuando est\u00e1 completamente cargada. Cubierta de vinilo incluida para almacenamiento sanitario.\" \/>\n<meta property=\"og:url\" content=\"https:\/\/frionox.com\/catalogo\/producto\/pinzas-de-agarre-con-ondas-negro-9tgs-110\/\" \/>\n<meta property=\"og:site_name\" content=\"FRIONOX\" \/>\n<meta property=\"article:publisher\" content=\"https:\/\/facebook.com\/frionox.pe\" \/>\n<meta property=\"article:modified_time\" content=\"2023-01-31T04:34:24+00:00\" \/>\n<meta property=\"og:image\" content=\"https:\/\/frionox.com\/catalogo\/wp-content\/uploads\/2020\/04\/9TGS-110.jpg\" \/>\n\t<meta property=\"og:image:width\" content=\"800\" \/>\n\t<meta property=\"og:image:height\" content=\"800\" \/>\n\t<meta property=\"og:image:type\" content=\"image\/jpeg\" \/>\n<meta name=\"twitter:card\" content=\"summary_large_image\" \/>\n<meta name=\"twitter:site\" content=\"@frionoxsac\" \/>\n<meta name=\"twitter:label1\" content=\"Precio\" \/>\n\t<meta name=\"twitter:data1\" content=\"S\/2.69\" \/>\n\t<meta name=\"twitter:label2\" content=\"Disponibilidad\" \/>\n\t<meta name=\"twitter:data2\" content=\"Disponible\" \/>\n<script type=\"application\/ld+json\" class=\"yoast-schema-graph\">{\"@context\":\"https:\/\/schema.org\",\"@graph\":[{\"@type\":\"WebPage\",\"@id\":\"https:\/\/frionox.com\/catalogo\/producto\/pinzas-de-agarre-con-ondas-negro-9tgs-110\/\",\"url\":\"https:\/\/frionox.com\/catalogo\/producto\/pinzas-de-agarre-con-ondas-negro-9tgs-110\/\",\"name\":\"PINZAS DE AGARRE CON ONDAS (NEGRO) - 9TGS-110 - FRIONOX\",\"isPartOf\":{\"@id\":\"https:\/\/frionox.com\/catalogo\/#website\"},\"primaryImageOfPage\":{\"@id\":\"https:\/\/frionox.com\/catalogo\/producto\/pinzas-de-agarre-con-ondas-negro-9tgs-110\/#primaryimage\"},\"image\":{\"@id\":\"https:\/\/frionox.com\/catalogo\/producto\/pinzas-de-agarre-con-ondas-negro-9tgs-110\/#primaryimage\"},\"thumbnailUrl\":\"https:\/\/frionox.com\/catalogo\/wp-content\/uploads\/2020\/04\/9TGS-110.jpg\",\"datePublished\":\"2020-04-27T04:48:05+00:00\",\"dateModified\":\"2023-01-31T04:34:24+00:00\",\"description\":\"Capacidad para vajillas de 11 a 33 cm Ergon\u00f3mico, duradero y f\u00e1cil de maniobrar. Con ruedas giratorias de 15,24 cm en cada esquina La ruedecilla central r\u00edgida facilita las maniobras, incluso cuando est\u00e1 completamente cargada. Cubierta de vinilo incluida para almacenamiento sanitario.\",\"breadcrumb\":{\"@id\":\"https:\/\/frionox.com\/catalogo\/producto\/pinzas-de-agarre-con-ondas-negro-9tgs-110\/#breadcrumb\"},\"inLanguage\":\"es\",\"potentialAction\":[{\"@type\":\"ReadAction\",\"target\":[\"https:\/\/frionox.com\/catalogo\/producto\/pinzas-de-agarre-con-ondas-negro-9tgs-110\/\"]}]},{\"@type\":\"ImageObject\",\"inLanguage\":\"es\",\"@id\":\"https:\/\/frionox.com\/catalogo\/producto\/pinzas-de-agarre-con-ondas-negro-9tgs-110\/#primaryimage\",\"url\":\"https:\/\/frionox.com\/catalogo\/wp-content\/uploads\/2020\/04\/9TGS-110.jpg\",\"contentUrl\":\"https:\/\/frionox.com\/catalogo\/wp-content\/uploads\/2020\/04\/9TGS-110.jpg\",\"width\":800,\"height\":800},{\"@type\":\"BreadcrumbList\",\"@id\":\"https:\/\/frionox.com\/catalogo\/producto\/pinzas-de-agarre-con-ondas-negro-9tgs-110\/#breadcrumb\",\"itemListElement\":[{\"@type\":\"ListItem\",\"position\":1,\"name\":\"Portada\",\"item\":\"https:\/\/frionox.com\/catalogo\/\"},{\"@type\":\"ListItem\",\"position\":2,\"name\":\"Hornos Industriales, Licuadoras Industriales, Cocinas y m\u00e1s\",\"item\":\"https:\/\/frionox.com\/catalogo\/tienda\/\"},{\"@type\":\"ListItem\",\"position\":3,\"name\":\"PINZAS DE AGARRE CON ONDAS (NEGRO) &#8211; 9TGS-110\"}]},{\"@type\":\"WebSite\",\"@id\":\"https:\/\/frionox.com\/catalogo\/#website\",\"url\":\"https:\/\/frionox.com\/catalogo\/\",\"name\":\"FRIONOX\",\"description\":\"Equipamiento de cocinas\",\"publisher\":{\"@id\":\"https:\/\/frionox.com\/catalogo\/#organization\"},\"potentialAction\":[{\"@type\":\"SearchAction\",\"target\":{\"@type\":\"EntryPoint\",\"urlTemplate\":\"https:\/\/frionox.com\/catalogo\/?s={search_term_string}\"},\"query-input\":{\"@type\":\"PropertyValueSpecification\",\"valueRequired\":true,\"valueName\":\"search_term_string\"}}],\"inLanguage\":\"es\"},{\"@type\":[\"Organization\",\"Place\",\"LocalBusiness\"],\"@id\":\"https:\/\/frionox.com\/catalogo\/#organization\",\"name\":\"Frionox Equipamiento de cocinas\",\"url\":\"https:\/\/frionox.com\/catalogo\/\",\"logo\":{\"@id\":\"https:\/\/frionox.com\/catalogo\/producto\/pinzas-de-agarre-con-ondas-negro-9tgs-110\/#local-main-organization-logo\"},\"image\":{\"@id\":\"https:\/\/frionox.com\/catalogo\/producto\/pinzas-de-agarre-con-ondas-negro-9tgs-110\/#local-main-organization-logo\"},\"sameAs\":[\"https:\/\/facebook.com\/frionox.pe\",\"https:\/\/x.com\/frionoxsac\",\"https:\/\/youtube.com\/@FRIONOXEQUIPAMIENTODECOCINA\"],\"address\":{\"@id\":\"https:\/\/frionox.com\/catalogo\/producto\/pinzas-de-agarre-con-ondas-negro-9tgs-110\/#local-main-place-address\"},\"geo\":{\"@type\":\"GeoCoordinates\",\"latitude\":\"-11.980133\",\"longitude\":\"-77.06118200000003\"},\"telephone\":[\"+5115221181\"],\"openingHoursSpecification\":[{\"@type\":\"OpeningHoursSpecification\",\"dayOfWeek\":[\"Monday\",\"Tuesday\",\"Wednesday\",\"Thursday\",\"Friday\",\"Saturday\"],\"opens\":\"08:00\",\"closes\":\"18:00\"},{\"@type\":\"OpeningHoursSpecification\",\"dayOfWeek\":[\"Sunday\"],\"opens\":\"00:00\",\"closes\":\"00:00\"}],\"email\":\"cotizaciones@frionox.com\"},{\"@type\":\"PostalAddress\",\"@id\":\"https:\/\/frionox.com\/catalogo\/producto\/pinzas-de-agarre-con-ondas-negro-9tgs-110\/#local-main-place-address\",\"streetAddress\":\"Av. Oscar R. Benavides 1624\",\"addressLocality\":\"Cercado de Lima\",\"postalCode\":\"15082\",\"addressRegion\":\"Lima\",\"addressCountry\":\"PE\"},{\"@type\":\"ImageObject\",\"inLanguage\":\"es\",\"@id\":\"https:\/\/frionox.com\/catalogo\/producto\/pinzas-de-agarre-con-ondas-negro-9tgs-110\/#local-main-organization-logo\",\"url\":\"https:\/\/frionox.com\/catalogo\/wp-content\/uploads\/2020\/04\/LOGO-MOBILE.png\",\"contentUrl\":\"https:\/\/frionox.com\/catalogo\/wp-content\/uploads\/2020\/04\/LOGO-MOBILE.png\",\"width\":203,\"height\":61,\"caption\":\"Frionox Equipamiento de cocinas\"}]}<\/script>\n<meta property=\"product:price:amount\" content=\"2.69\" \/>\n<meta property=\"product:price:currency\" content=\"PEN\" \/>\n<meta property=\"og:availability\" content=\"instock\" \/>\n<meta property=\"product:availability\" content=\"instock\" \/>\n<meta property=\"product:retailer_item_id\" content=\"9TGS-110\" \/>\n<meta property=\"product:condition\" content=\"new\" \/>\n<meta name=\"geo.placename\" content=\"Cercado de Lima\" \/>\n<meta name=\"geo.position\" content=\"-11.980133;-77.06118200000003\" \/>\n<meta name=\"geo.region\" content=\"Per\u00fa\" \/>\n<!-- \/ Yoast SEO Premium plugin. -->","yoast_head_json":{"title":"PINZAS DE AGARRE CON ONDAS (NEGRO) - 9TGS-110 - FRIONOX","description":"Capacidad para vajillas de 11 a 33 cm Ergon\u00f3mico, duradero y f\u00e1cil de maniobrar. Con ruedas giratorias de 15,24 cm en cada esquina La ruedecilla central r\u00edgida facilita las maniobras, incluso cuando est\u00e1 completamente cargada. Cubierta de vinilo incluida para almacenamiento sanitario.","robots":{"index":"index","follow":"follow","max-snippet":"max-snippet:-1","max-image-preview":"max-image-preview:large","max-video-preview":"max-video-preview:-1"},"canonical":"https:\/\/frionox.com\/catalogo\/producto\/pinzas-de-agarre-con-ondas-negro-9tgs-110\/","og_locale":"es_ES","og_type":"article","og_title":"PINZAS DE AGARRE CON ONDAS (NEGRO) - 9TGS-110","og_description":"Capacidad para vajillas de 11 a 33 cm Ergon\u00f3mico, duradero y f\u00e1cil de maniobrar. Con ruedas giratorias de 15,24 cm en cada esquina La ruedecilla central r\u00edgida facilita las maniobras, incluso cuando est\u00e1 completamente cargada. Cubierta de vinilo incluida para almacenamiento sanitario.","og_url":"https:\/\/frionox.com\/catalogo\/producto\/pinzas-de-agarre-con-ondas-negro-9tgs-110\/","og_site_name":"FRIONOX","article_publisher":"https:\/\/facebook.com\/frionox.pe","article_modified_time":"2023-01-31T04:34:24+00:00","og_image":[{"width":800,"height":800,"url":"https:\/\/frionox.com\/catalogo\/wp-content\/uploads\/2020\/04\/9TGS-110.jpg","type":"image\/jpeg"}],"twitter_card":"summary_large_image","twitter_site":"@frionoxsac","twitter_misc":{"Precio":"S\/2.69","Disponibilidad":"Disponible"},"schema":{"@context":"https:\/\/schema.org","@graph":[{"@type":"WebPage","@id":"https:\/\/frionox.com\/catalogo\/producto\/pinzas-de-agarre-con-ondas-negro-9tgs-110\/","url":"https:\/\/frionox.com\/catalogo\/producto\/pinzas-de-agarre-con-ondas-negro-9tgs-110\/","name":"PINZAS DE AGARRE CON ONDAS (NEGRO) - 9TGS-110 - FRIONOX","isPartOf":{"@id":"https:\/\/frionox.com\/catalogo\/#website"},"primaryImageOfPage":{"@id":"https:\/\/frionox.com\/catalogo\/producto\/pinzas-de-agarre-con-ondas-negro-9tgs-110\/#primaryimage"},"image":{"@id":"https:\/\/frionox.com\/catalogo\/producto\/pinzas-de-agarre-con-ondas-negro-9tgs-110\/#primaryimage"},"thumbnailUrl":"https:\/\/frionox.com\/catalogo\/wp-content\/uploads\/2020\/04\/9TGS-110.jpg","datePublished":"2020-04-27T04:48:05+00:00","dateModified":"2023-01-31T04:34:24+00:00","description":"Capacidad para vajillas de 11 a 33 cm Ergon\u00f3mico, duradero y f\u00e1cil de maniobrar. Con ruedas giratorias de 15,24 cm en cada esquina La ruedecilla central r\u00edgida facilita las maniobras, incluso cuando est\u00e1 completamente cargada. Cubierta de vinilo incluida para almacenamiento sanitario.","breadcrumb":{"@id":"https:\/\/frionox.com\/catalogo\/producto\/pinzas-de-agarre-con-ondas-negro-9tgs-110\/#breadcrumb"},"inLanguage":"es","potentialAction":[{"@type":"ReadAction","target":["https:\/\/frionox.com\/catalogo\/producto\/pinzas-de-agarre-con-ondas-negro-9tgs-110\/"]}]},{"@type":"ImageObject","inLanguage":"es","@id":"https:\/\/frionox.com\/catalogo\/producto\/pinzas-de-agarre-con-ondas-negro-9tgs-110\/#primaryimage","url":"https:\/\/frionox.com\/catalogo\/wp-content\/uploads\/2020\/04\/9TGS-110.jpg","contentUrl":"https:\/\/frionox.com\/catalogo\/wp-content\/uploads\/2020\/04\/9TGS-110.jpg","width":800,"height":800},{"@type":"BreadcrumbList","@id":"https:\/\/frionox.com\/catalogo\/producto\/pinzas-de-agarre-con-ondas-negro-9tgs-110\/#breadcrumb","itemListElement":[{"@type":"ListItem","position":1,"name":"Portada","item":"https:\/\/frionox.com\/catalogo\/"},{"@type":"ListItem","position":2,"name":"Hornos Industriales, Licuadoras Industriales, Cocinas y m\u00e1s","item":"https:\/\/frionox.com\/catalogo\/tienda\/"},{"@type":"ListItem","position":3,"name":"PINZAS DE AGARRE CON ONDAS (NEGRO) &#8211; 9TGS-110"}]},{"@type":"WebSite","@id":"https:\/\/frionox.com\/catalogo\/#website","url":"https:\/\/frionox.com\/catalogo\/","name":"FRIONOX","description":"Equipamiento de cocinas","publisher":{"@id":"https:\/\/frionox.com\/catalogo\/#organization"},"potentialAction":[{"@type":"SearchAction","target":{"@type":"EntryPoint","urlTemplate":"https:\/\/frionox.com\/catalogo\/?s={search_term_string}"},"query-input":{"@type":"PropertyValueSpecification","valueRequired":true,"valueName":"search_term_string"}}],"inLanguage":"es"},{"@type":["Organization","Place","LocalBusiness"],"@id":"https:\/\/frionox.com\/catalogo\/#organization","name":"Frionox Equipamiento de cocinas","url":"https:\/\/frionox.com\/catalogo\/","logo":{"@id":"https:\/\/frionox.com\/catalogo\/producto\/pinzas-de-agarre-con-ondas-negro-9tgs-110\/#local-main-organization-logo"},"image":{"@id":"https:\/\/frionox.com\/catalogo\/producto\/pinzas-de-agarre-con-ondas-negro-9tgs-110\/#local-main-organization-logo"},"sameAs":["https:\/\/facebook.com\/frionox.pe","https:\/\/x.com\/frionoxsac","https:\/\/youtube.com\/@FRIONOXEQUIPAMIENTODECOCINA"],"address":{"@id":"https:\/\/frionox.com\/catalogo\/producto\/pinzas-de-agarre-con-ondas-negro-9tgs-110\/#local-main-place-address"},"geo":{"@type":"GeoCoordinates","latitude":"-11.980133","longitude":"-77.06118200000003"},"telephone":["+5115221181"],"openingHoursSpecification":[{"@type":"OpeningHoursSpecification","dayOfWeek":["Monday","Tuesday","Wednesday","Thursday","Friday","Saturday"],"opens":"08:00","closes":"18:00"},{"@type":"OpeningHoursSpecification","dayOfWeek":["Sunday"],"opens":"00:00","closes":"00:00"}],"email":"cotizaciones@frionox.com"},{"@type":"PostalAddress","@id":"https:\/\/frionox.com\/catalogo\/producto\/pinzas-de-agarre-con-ondas-negro-9tgs-110\/#local-main-place-address","streetAddress":"Av. Oscar R. Benavides 1624","addressLocality":"Cercado de Lima","postalCode":"15082","addressRegion":"Lima","addressCountry":"PE"},{"@type":"ImageObject","inLanguage":"es","@id":"https:\/\/frionox.com\/catalogo\/producto\/pinzas-de-agarre-con-ondas-negro-9tgs-110\/#local-main-organization-logo","url":"https:\/\/frionox.com\/catalogo\/wp-content\/uploads\/2020\/04\/LOGO-MOBILE.png","contentUrl":"https:\/\/frionox.com\/catalogo\/wp-content\/uploads\/2020\/04\/LOGO-MOBILE.png","width":203,"height":61,"caption":"Frionox Equipamiento de cocinas"}]},"product_price_amount":"2.69","product_price_currency":"PEN","og_availability":"instock","product_availability":"instock","product_retailer_item_id":"9TGS-110","product_condition":"new","geo.placename":"Cercado de Lima","geo.position":{"lat":"-11.980133","long":"-77.06118200000003"},"geo.region":"Per\u00fa"},"_links":{"self":[{"href":"https:\/\/frionox.com\/catalogo\/wp-json\/wp\/v2\/product\/13564","targetHints":{"allow":["GET"]}}],"collection":[{"href":"https:\/\/frionox.com\/catalogo\/wp-json\/wp\/v2\/product"}],"about":[{"href":"https:\/\/frionox.com\/catalogo\/wp-json\/wp\/v2\/types\/product"}],"replies":[{"embeddable":true,"href":"https:\/\/frionox.com\/catalogo\/wp-json\/wp\/v2\/comments?post=13564"}],"wp:featuredmedia":[{"embeddable":true,"href":"https:\/\/frionox.com\/catalogo\/wp-json\/wp\/v2\/media\/10259"}],"wp:attachment":[{"href":"https:\/\/frionox.com\/catalogo\/wp-json\/wp\/v2\/media?parent=13564"}],"wp:term":[{"taxonomy":"product_brand","embeddable":true,"href":"https:\/\/frionox.com\/catalogo\/wp-json\/wp\/v2\/product_brand?post=13564"},{"taxonomy":"product_cat","embeddable":true,"href":"https:\/\/frionox.com\/catalogo\/wp-json\/wp\/v2\/product_cat?post=13564"},{"taxonomy":"product_tag","embeddable":true,"href":"https:\/\/frionox.com\/catalogo\/wp-json\/wp\/v2\/product_tag?post=13564"}],"curies":[{"name":"wp","href":"https:\/\/api.w.org\/{rel}","templated":true}]}}