{"id":13544,"date":"2020-04-26T23:48:01","date_gmt":"2020-04-27T04:48:01","guid":{"rendered":"https:\/\/frionox.com\/catalogo\/producto\/plato-con-compartimiento-blanco\/"},"modified":"2025-11-03T15:52:05","modified_gmt":"2025-11-03T20:52:05","slug":"plato-con-compartimiento-blanco","status":"publish","type":"product","link":"https:\/\/frionox.com\/catalogo\/producto\/plato-con-compartimiento-blanco\/","title":{"rendered":"PLATO CON COMPARTIMIENTO (BLANCO)"},"content":{"rendered":"<p>Fabricado en policarbonato. Capacidad 0.85 L. Dise\u00f1ado de acuerdo a las especificaciones de la norma Gastronorm GN. Resiste temperaturas desde -40 \u00baC hasta 99 \u00baC. No se recomienda su uso en ba\u00f1o mar\u00eda o microondas. La superficie interior lisa, no adherente, aumenta el rendimiento y promueve una f\u00e1cil limpieza. Las partes inferiores texturizadas resisten los rasgu\u00f1os.<\/p>\n","protected":false},"excerpt":{"rendered":"<p>Fabricado en policarbonato. Capacidad 0.85 L. Dise\u00f1ado de acuerdo a las especificaciones de la norma Gastronorm GN. Resiste temperaturas desde -40 \u00baC hasta 99 \u00baC. No se recomienda su uso en ba\u00f1o mar\u00eda o microondas. La superficie interior lisa, no adherente, aumenta el rendimiento y promueve una f\u00e1cil limpieza. Las partes inferiores texturizadas resisten los rasgu\u00f1os.<\/p>\n","protected":false},"featured_media":10429,"comment_status":"open","ping_status":"closed","template":"","meta":[],"product_brand":[],"product_cat":[1287,105],"product_tag":[],"class_list":{"0":"post-13544","1":"product","2":"type-product","3":"status-publish","4":"has-post-thumbnail","6":"product_cat-platos","7":"product_cat-cambro","8":"pa_marcas-cambro","10":"first","11":"onbackorder","12":"sale","13":"shipping-taxable","14":"purchasable","15":"product-type-simple"},"yoast_head":"<!-- This site is optimized with the Yoast SEO Premium plugin v27.1 (Yoast SEO v27.1.1) - https:\/\/yoast.com\/product\/yoast-seo-premium-wordpress\/ -->\n<title>PLATO CON COMPARTIMIENTO (BLANCO) - FRIONOX<\/title>\n<meta name=\"description\" content=\"Fabricado en policarbonato. Capacidad 0.85 L. Dise\u00f1ado de acuerdo a las especificaciones de la norma Gastronorm GN. Resiste temperaturas desde -40 \u00baC hasta 99 \u00baC. No se recomienda su uso en ba\u00f1o mar\u00eda o microondas. La superficie interior lisa, no adherente, aumenta el rendimiento y promueve una f\u00e1cil limpieza. Las partes inferiores texturizadas resisten los rasgu\u00f1os.\" \/>\n<meta name=\"robots\" content=\"index, follow, max-snippet:-1, max-image-preview:large, max-video-preview:-1\" \/>\n<link rel=\"canonical\" href=\"https:\/\/frionox.com\/catalogo\/producto\/plato-con-compartimiento-blanco\/\" \/>\n<meta property=\"og:locale\" content=\"es_ES\" \/>\n<meta property=\"og:type\" content=\"article\" \/>\n<meta property=\"og:title\" content=\"PLATO CON COMPARTIMIENTO (BLANCO)\" \/>\n<meta property=\"og:description\" content=\"Fabricado en policarbonato. Capacidad 0.85 L. Dise\u00f1ado de acuerdo a las especificaciones de la norma Gastronorm GN. Resiste temperaturas desde -40 \u00baC hasta 99 \u00baC. No se recomienda su uso en ba\u00f1o mar\u00eda o microondas. La superficie interior lisa, no adherente, aumenta el rendimiento y promueve una f\u00e1cil limpieza. Las partes inferiores texturizadas resisten los rasgu\u00f1os.\" \/>\n<meta property=\"og:url\" content=\"https:\/\/frionox.com\/catalogo\/producto\/plato-con-compartimiento-blanco\/\" \/>\n<meta property=\"og:site_name\" content=\"FRIONOX\" \/>\n<meta property=\"article:publisher\" content=\"https:\/\/facebook.com\/frionox.pe\" \/>\n<meta property=\"article:modified_time\" content=\"2025-11-03T20:52:05+00:00\" \/>\n<meta property=\"og:image\" content=\"https:\/\/frionox.com\/catalogo\/wp-content\/uploads\/2020\/04\/93CW-148.jpg\" \/>\n\t<meta property=\"og:image:width\" content=\"800\" \/>\n\t<meta property=\"og:image:height\" content=\"800\" \/>\n\t<meta property=\"og:image:type\" content=\"image\/jpeg\" \/>\n<meta name=\"twitter:card\" content=\"summary_large_image\" \/>\n<meta name=\"twitter:site\" content=\"@frionoxsac\" \/>\n<meta name=\"twitter:label1\" content=\"Precio\" \/>\n\t<meta name=\"twitter:data1\" content=\"S\/5.29\" \/>\n\t<meta name=\"twitter:label2\" content=\"Disponibilidad\" \/>\n\t<meta name=\"twitter:data2\" content=\"Disponible para reservar\" \/>\n<script type=\"application\/ld+json\" class=\"yoast-schema-graph\">{\"@context\":\"https:\/\/schema.org\",\"@graph\":[{\"@type\":\"WebPage\",\"@id\":\"https:\/\/frionox.com\/catalogo\/producto\/plato-con-compartimiento-blanco\/\",\"url\":\"https:\/\/frionox.com\/catalogo\/producto\/plato-con-compartimiento-blanco\/\",\"name\":\"PLATO CON COMPARTIMIENTO (BLANCO) - FRIONOX\",\"isPartOf\":{\"@id\":\"https:\/\/frionox.com\/catalogo\/#website\"},\"primaryImageOfPage\":{\"@id\":\"https:\/\/frionox.com\/catalogo\/producto\/plato-con-compartimiento-blanco\/#primaryimage\"},\"image\":{\"@id\":\"https:\/\/frionox.com\/catalogo\/producto\/plato-con-compartimiento-blanco\/#primaryimage\"},\"thumbnailUrl\":\"https:\/\/frionox.com\/catalogo\/wp-content\/uploads\/2020\/04\/93CW-148.jpg\",\"datePublished\":\"2020-04-27T04:48:01+00:00\",\"dateModified\":\"2025-11-03T20:52:05+00:00\",\"description\":\"Fabricado en policarbonato. Capacidad 0.85 L. Dise\u00f1ado de acuerdo a las especificaciones de la norma Gastronorm GN. Resiste temperaturas desde -40 \u00baC hasta 99 \u00baC. No se recomienda su uso en ba\u00f1o mar\u00eda o microondas. La superficie interior lisa, no adherente, aumenta el rendimiento y promueve una f\u00e1cil limpieza. Las partes inferiores texturizadas resisten los rasgu\u00f1os.\",\"breadcrumb\":{\"@id\":\"https:\/\/frionox.com\/catalogo\/producto\/plato-con-compartimiento-blanco\/#breadcrumb\"},\"inLanguage\":\"es\",\"potentialAction\":[{\"@type\":\"ReadAction\",\"target\":[\"https:\/\/frionox.com\/catalogo\/producto\/plato-con-compartimiento-blanco\/\"]}]},{\"@type\":\"ImageObject\",\"inLanguage\":\"es\",\"@id\":\"https:\/\/frionox.com\/catalogo\/producto\/plato-con-compartimiento-blanco\/#primaryimage\",\"url\":\"https:\/\/frionox.com\/catalogo\/wp-content\/uploads\/2020\/04\/93CW-148.jpg\",\"contentUrl\":\"https:\/\/frionox.com\/catalogo\/wp-content\/uploads\/2020\/04\/93CW-148.jpg\",\"width\":800,\"height\":800},{\"@type\":\"BreadcrumbList\",\"@id\":\"https:\/\/frionox.com\/catalogo\/producto\/plato-con-compartimiento-blanco\/#breadcrumb\",\"itemListElement\":[{\"@type\":\"ListItem\",\"position\":1,\"name\":\"Portada\",\"item\":\"https:\/\/frionox.com\/catalogo\/\"},{\"@type\":\"ListItem\",\"position\":2,\"name\":\"Hornos Industriales, Licuadoras Industriales, Cocinas y m\u00e1s\",\"item\":\"https:\/\/frionox.com\/catalogo\/tienda\/\"},{\"@type\":\"ListItem\",\"position\":3,\"name\":\"PLATO CON COMPARTIMIENTO (BLANCO)\"}]},{\"@type\":\"WebSite\",\"@id\":\"https:\/\/frionox.com\/catalogo\/#website\",\"url\":\"https:\/\/frionox.com\/catalogo\/\",\"name\":\"FRIONOX\",\"description\":\"Equipamiento de cocinas\",\"publisher\":{\"@id\":\"https:\/\/frionox.com\/catalogo\/#organization\"},\"potentialAction\":[{\"@type\":\"SearchAction\",\"target\":{\"@type\":\"EntryPoint\",\"urlTemplate\":\"https:\/\/frionox.com\/catalogo\/?s={search_term_string}\"},\"query-input\":{\"@type\":\"PropertyValueSpecification\",\"valueRequired\":true,\"valueName\":\"search_term_string\"}}],\"inLanguage\":\"es\"},{\"@type\":[\"Organization\",\"Place\",\"LocalBusiness\"],\"@id\":\"https:\/\/frionox.com\/catalogo\/#organization\",\"name\":\"Frionox Equipamiento de cocinas\",\"url\":\"https:\/\/frionox.com\/catalogo\/\",\"logo\":{\"@id\":\"https:\/\/frionox.com\/catalogo\/producto\/plato-con-compartimiento-blanco\/#local-main-organization-logo\"},\"image\":{\"@id\":\"https:\/\/frionox.com\/catalogo\/producto\/plato-con-compartimiento-blanco\/#local-main-organization-logo\"},\"sameAs\":[\"https:\/\/facebook.com\/frionox.pe\",\"https:\/\/x.com\/frionoxsac\",\"https:\/\/youtube.com\/@FRIONOXEQUIPAMIENTODECOCINA\"],\"address\":{\"@id\":\"https:\/\/frionox.com\/catalogo\/producto\/plato-con-compartimiento-blanco\/#local-main-place-address\"},\"geo\":{\"@type\":\"GeoCoordinates\",\"latitude\":\"-11.980133\",\"longitude\":\"-77.06118200000003\"},\"telephone\":[\"+5115221181\"],\"openingHoursSpecification\":[{\"@type\":\"OpeningHoursSpecification\",\"dayOfWeek\":[\"Monday\",\"Tuesday\",\"Wednesday\",\"Thursday\",\"Friday\",\"Saturday\"],\"opens\":\"08:00\",\"closes\":\"18:00\"},{\"@type\":\"OpeningHoursSpecification\",\"dayOfWeek\":[\"Sunday\"],\"opens\":\"00:00\",\"closes\":\"00:00\"}],\"email\":\"cotizaciones@frionox.com\"},{\"@type\":\"PostalAddress\",\"@id\":\"https:\/\/frionox.com\/catalogo\/producto\/plato-con-compartimiento-blanco\/#local-main-place-address\",\"streetAddress\":\"Av. Oscar R. Benavides 1624\",\"addressLocality\":\"Cercado de Lima\",\"postalCode\":\"15082\",\"addressRegion\":\"Lima\",\"addressCountry\":\"PE\"},{\"@type\":\"ImageObject\",\"inLanguage\":\"es\",\"@id\":\"https:\/\/frionox.com\/catalogo\/producto\/plato-con-compartimiento-blanco\/#local-main-organization-logo\",\"url\":\"https:\/\/frionox.com\/catalogo\/wp-content\/uploads\/2020\/04\/LOGO-MOBILE.png\",\"contentUrl\":\"https:\/\/frionox.com\/catalogo\/wp-content\/uploads\/2020\/04\/LOGO-MOBILE.png\",\"width\":203,\"height\":61,\"caption\":\"Frionox Equipamiento de cocinas\"}]}<\/script>\n<meta property=\"product:price:amount\" content=\"5.29\" \/>\n<meta property=\"product:price:currency\" content=\"PEN\" \/>\n<meta property=\"og:availability\" content=\"backorder\" \/>\n<meta property=\"product:availability\" content=\"available for order\" \/>\n<meta property=\"product:retailer_item_id\" content=\"93CW-148\" \/>\n<meta property=\"product:condition\" content=\"new\" \/>\n<meta name=\"geo.placename\" content=\"Cercado de Lima\" \/>\n<meta name=\"geo.position\" content=\"-11.980133;-77.06118200000003\" \/>\n<meta name=\"geo.region\" content=\"Per\u00fa\" \/>\n<!-- \/ Yoast SEO Premium plugin. -->","yoast_head_json":{"title":"PLATO CON COMPARTIMIENTO (BLANCO) - FRIONOX","description":"Fabricado en policarbonato. Capacidad 0.85 L. Dise\u00f1ado de acuerdo a las especificaciones de la norma Gastronorm GN. Resiste temperaturas desde -40 \u00baC hasta 99 \u00baC. No se recomienda su uso en ba\u00f1o mar\u00eda o microondas. La superficie interior lisa, no adherente, aumenta el rendimiento y promueve una f\u00e1cil limpieza. Las partes inferiores texturizadas resisten los rasgu\u00f1os.","robots":{"index":"index","follow":"follow","max-snippet":"max-snippet:-1","max-image-preview":"max-image-preview:large","max-video-preview":"max-video-preview:-1"},"canonical":"https:\/\/frionox.com\/catalogo\/producto\/plato-con-compartimiento-blanco\/","og_locale":"es_ES","og_type":"article","og_title":"PLATO CON COMPARTIMIENTO (BLANCO)","og_description":"Fabricado en policarbonato. Capacidad 0.85 L. Dise\u00f1ado de acuerdo a las especificaciones de la norma Gastronorm GN. Resiste temperaturas desde -40 \u00baC hasta 99 \u00baC. No se recomienda su uso en ba\u00f1o mar\u00eda o microondas. La superficie interior lisa, no adherente, aumenta el rendimiento y promueve una f\u00e1cil limpieza. Las partes inferiores texturizadas resisten los rasgu\u00f1os.","og_url":"https:\/\/frionox.com\/catalogo\/producto\/plato-con-compartimiento-blanco\/","og_site_name":"FRIONOX","article_publisher":"https:\/\/facebook.com\/frionox.pe","article_modified_time":"2025-11-03T20:52:05+00:00","og_image":[{"width":800,"height":800,"url":"https:\/\/frionox.com\/catalogo\/wp-content\/uploads\/2020\/04\/93CW-148.jpg","type":"image\/jpeg"}],"twitter_card":"summary_large_image","twitter_site":"@frionoxsac","twitter_misc":{"Precio":"S\/5.29","Disponibilidad":"Disponible para reservar"},"schema":{"@context":"https:\/\/schema.org","@graph":[{"@type":"WebPage","@id":"https:\/\/frionox.com\/catalogo\/producto\/plato-con-compartimiento-blanco\/","url":"https:\/\/frionox.com\/catalogo\/producto\/plato-con-compartimiento-blanco\/","name":"PLATO CON COMPARTIMIENTO (BLANCO) - FRIONOX","isPartOf":{"@id":"https:\/\/frionox.com\/catalogo\/#website"},"primaryImageOfPage":{"@id":"https:\/\/frionox.com\/catalogo\/producto\/plato-con-compartimiento-blanco\/#primaryimage"},"image":{"@id":"https:\/\/frionox.com\/catalogo\/producto\/plato-con-compartimiento-blanco\/#primaryimage"},"thumbnailUrl":"https:\/\/frionox.com\/catalogo\/wp-content\/uploads\/2020\/04\/93CW-148.jpg","datePublished":"2020-04-27T04:48:01+00:00","dateModified":"2025-11-03T20:52:05+00:00","description":"Fabricado en policarbonato. Capacidad 0.85 L. Dise\u00f1ado de acuerdo a las especificaciones de la norma Gastronorm GN. Resiste temperaturas desde -40 \u00baC hasta 99 \u00baC. No se recomienda su uso en ba\u00f1o mar\u00eda o microondas. La superficie interior lisa, no adherente, aumenta el rendimiento y promueve una f\u00e1cil limpieza. Las partes inferiores texturizadas resisten los rasgu\u00f1os.","breadcrumb":{"@id":"https:\/\/frionox.com\/catalogo\/producto\/plato-con-compartimiento-blanco\/#breadcrumb"},"inLanguage":"es","potentialAction":[{"@type":"ReadAction","target":["https:\/\/frionox.com\/catalogo\/producto\/plato-con-compartimiento-blanco\/"]}]},{"@type":"ImageObject","inLanguage":"es","@id":"https:\/\/frionox.com\/catalogo\/producto\/plato-con-compartimiento-blanco\/#primaryimage","url":"https:\/\/frionox.com\/catalogo\/wp-content\/uploads\/2020\/04\/93CW-148.jpg","contentUrl":"https:\/\/frionox.com\/catalogo\/wp-content\/uploads\/2020\/04\/93CW-148.jpg","width":800,"height":800},{"@type":"BreadcrumbList","@id":"https:\/\/frionox.com\/catalogo\/producto\/plato-con-compartimiento-blanco\/#breadcrumb","itemListElement":[{"@type":"ListItem","position":1,"name":"Portada","item":"https:\/\/frionox.com\/catalogo\/"},{"@type":"ListItem","position":2,"name":"Hornos Industriales, Licuadoras Industriales, Cocinas y m\u00e1s","item":"https:\/\/frionox.com\/catalogo\/tienda\/"},{"@type":"ListItem","position":3,"name":"PLATO CON COMPARTIMIENTO (BLANCO)"}]},{"@type":"WebSite","@id":"https:\/\/frionox.com\/catalogo\/#website","url":"https:\/\/frionox.com\/catalogo\/","name":"FRIONOX","description":"Equipamiento de cocinas","publisher":{"@id":"https:\/\/frionox.com\/catalogo\/#organization"},"potentialAction":[{"@type":"SearchAction","target":{"@type":"EntryPoint","urlTemplate":"https:\/\/frionox.com\/catalogo\/?s={search_term_string}"},"query-input":{"@type":"PropertyValueSpecification","valueRequired":true,"valueName":"search_term_string"}}],"inLanguage":"es"},{"@type":["Organization","Place","LocalBusiness"],"@id":"https:\/\/frionox.com\/catalogo\/#organization","name":"Frionox Equipamiento de cocinas","url":"https:\/\/frionox.com\/catalogo\/","logo":{"@id":"https:\/\/frionox.com\/catalogo\/producto\/plato-con-compartimiento-blanco\/#local-main-organization-logo"},"image":{"@id":"https:\/\/frionox.com\/catalogo\/producto\/plato-con-compartimiento-blanco\/#local-main-organization-logo"},"sameAs":["https:\/\/facebook.com\/frionox.pe","https:\/\/x.com\/frionoxsac","https:\/\/youtube.com\/@FRIONOXEQUIPAMIENTODECOCINA"],"address":{"@id":"https:\/\/frionox.com\/catalogo\/producto\/plato-con-compartimiento-blanco\/#local-main-place-address"},"geo":{"@type":"GeoCoordinates","latitude":"-11.980133","longitude":"-77.06118200000003"},"telephone":["+5115221181"],"openingHoursSpecification":[{"@type":"OpeningHoursSpecification","dayOfWeek":["Monday","Tuesday","Wednesday","Thursday","Friday","Saturday"],"opens":"08:00","closes":"18:00"},{"@type":"OpeningHoursSpecification","dayOfWeek":["Sunday"],"opens":"00:00","closes":"00:00"}],"email":"cotizaciones@frionox.com"},{"@type":"PostalAddress","@id":"https:\/\/frionox.com\/catalogo\/producto\/plato-con-compartimiento-blanco\/#local-main-place-address","streetAddress":"Av. Oscar R. Benavides 1624","addressLocality":"Cercado de Lima","postalCode":"15082","addressRegion":"Lima","addressCountry":"PE"},{"@type":"ImageObject","inLanguage":"es","@id":"https:\/\/frionox.com\/catalogo\/producto\/plato-con-compartimiento-blanco\/#local-main-organization-logo","url":"https:\/\/frionox.com\/catalogo\/wp-content\/uploads\/2020\/04\/LOGO-MOBILE.png","contentUrl":"https:\/\/frionox.com\/catalogo\/wp-content\/uploads\/2020\/04\/LOGO-MOBILE.png","width":203,"height":61,"caption":"Frionox Equipamiento de cocinas"}]},"product_price_amount":"5.29","product_price_currency":"PEN","og_availability":"backorder","product_availability":"available for order","product_retailer_item_id":"93CW-148","product_condition":"new","geo.placename":"Cercado de Lima","geo.position":{"lat":"-11.980133","long":"-77.06118200000003"},"geo.region":"Per\u00fa"},"_links":{"self":[{"href":"https:\/\/frionox.com\/catalogo\/wp-json\/wp\/v2\/product\/13544","targetHints":{"allow":["GET"]}}],"collection":[{"href":"https:\/\/frionox.com\/catalogo\/wp-json\/wp\/v2\/product"}],"about":[{"href":"https:\/\/frionox.com\/catalogo\/wp-json\/wp\/v2\/types\/product"}],"replies":[{"embeddable":true,"href":"https:\/\/frionox.com\/catalogo\/wp-json\/wp\/v2\/comments?post=13544"}],"wp:featuredmedia":[{"embeddable":true,"href":"https:\/\/frionox.com\/catalogo\/wp-json\/wp\/v2\/media\/10429"}],"wp:attachment":[{"href":"https:\/\/frionox.com\/catalogo\/wp-json\/wp\/v2\/media?parent=13544"}],"wp:term":[{"taxonomy":"product_brand","embeddable":true,"href":"https:\/\/frionox.com\/catalogo\/wp-json\/wp\/v2\/product_brand?post=13544"},{"taxonomy":"product_cat","embeddable":true,"href":"https:\/\/frionox.com\/catalogo\/wp-json\/wp\/v2\/product_cat?post=13544"},{"taxonomy":"product_tag","embeddable":true,"href":"https:\/\/frionox.com\/catalogo\/wp-json\/wp\/v2\/product_tag?post=13544"}],"curies":[{"name":"wp","href":"https:\/\/api.w.org\/{rel}","templated":true}]}}