{"id":13335,"date":"2020-04-26T23:47:13","date_gmt":"2020-04-27T04:47:13","guid":{"rendered":"https:\/\/frionox.com\/catalogo\/producto\/tapa-de-polietileno-plana-p-cajas-camwear-blanco-457x305mm-1218cp-148\/"},"modified":"2025-01-05T11:49:51","modified_gmt":"2025-01-05T16:49:51","slug":"tapa-de-polietileno-plana-p-cajas-camwear-blanco-457x305mm-1218cp-148","status":"publish","type":"product","link":"https:\/\/frionox.com\/catalogo\/producto\/tapa-de-polietileno-plana-p-cajas-camwear-blanco-457x305mm-1218cp-148\/","title":{"rendered":"TAPA DE POLIETILENO PLANA P\/ CAJAS CAMWEAR (BLANCO) 457X305MM &#8211; 1218CP-148"},"content":{"rendered":"<p>Tapa deslizante de policarbonato. Para cajas de almacenamiento de 30,5 x 45,7 cm. Segura desde -40 \u00baC hasta 99 \u00baC. Se desliza hacia atr\u00e1s para acceder f\u00e1cilmente al contenido, reduciendo al m\u00ednimo el manejo. Reduce el riesgo de contaminaci\u00f3n cruzada pues la tapa permanece en las cajas para alimentos. La tapa entra a presi\u00f3n de manera ajustada en la caja y no se soltar\u00e1 durante el transporte.<\/p>\n","protected":false},"excerpt":{"rendered":"<p>Tapa deslizante de policarbonato. Para cajas de almacenamiento de 30,5 x 45,7 cm. Segura desde -40 \u00baC hasta 99 \u00baC. Se desliza hacia atr\u00e1s para acceder f\u00e1cilmente al contenido, reduciendo al m\u00ednimo el manejo. Reduce el riesgo de contaminaci\u00f3n cruzada pues la tapa permanece en las cajas para alimentos. La tapa entra a presi\u00f3n de manera ajustada en la caja y no se soltar\u00e1 durante el transporte.<\/p>\n","protected":false},"featured_media":10487,"comment_status":"open","ping_status":"closed","template":"","meta":[],"product_brand":[],"product_cat":[1289,105],"product_tag":[],"class_list":{"0":"post-13335","1":"product","2":"type-product","3":"status-publish","4":"has-post-thumbnail","6":"product_cat-tapas","7":"product_cat-cambro","8":"pa_marcas-cambro","10":"first","11":"instock","12":"sale","13":"shipping-taxable","14":"purchasable","15":"product-type-simple"},"yoast_head":"<!-- This site is optimized with the Yoast SEO Premium plugin v27.1 (Yoast SEO v27.1.1) - https:\/\/yoast.com\/product\/yoast-seo-premium-wordpress\/ -->\n<title>TAPA DE POLIETILENO PLANA P\/ CAJAS CAMWEAR (BLANCO) 457X305MM - 1218CP-148 - FRIONOX<\/title>\n<meta name=\"description\" content=\"Tapa deslizante de policarbonato. Para cajas de almacenamiento de 30,5 x 45,7 cm. Segura desde -40 \u00baC hasta 99 \u00baC. Se desliza hacia atr\u00e1s para acceder f\u00e1cilmente al contenido, reduciendo al m\u00ednimo el manejo. Reduce el riesgo de contaminaci\u00f3n cruzada pues la tapa permanece en las cajas para alimentos. La tapa entra a presi\u00f3n de manera ajustada en la caja y no se soltar\u00e1 durante el transporte.\" \/>\n<meta name=\"robots\" content=\"index, follow, max-snippet:-1, max-image-preview:large, max-video-preview:-1\" \/>\n<link rel=\"canonical\" href=\"https:\/\/frionox.com\/catalogo\/producto\/tapa-de-polietileno-plana-p-cajas-camwear-blanco-457x305mm-1218cp-148\/\" \/>\n<meta property=\"og:locale\" content=\"es_ES\" \/>\n<meta property=\"og:type\" content=\"article\" \/>\n<meta property=\"og:title\" content=\"TAPA DE POLIETILENO PLANA P\/ CAJAS CAMWEAR (BLANCO) 457X305MM - 1218CP-148\" \/>\n<meta property=\"og:description\" content=\"Tapa deslizante de policarbonato. Para cajas de almacenamiento de 30,5 x 45,7 cm. Segura desde -40 \u00baC hasta 99 \u00baC. Se desliza hacia atr\u00e1s para acceder f\u00e1cilmente al contenido, reduciendo al m\u00ednimo el manejo. Reduce el riesgo de contaminaci\u00f3n cruzada pues la tapa permanece en las cajas para alimentos. La tapa entra a presi\u00f3n de manera ajustada en la caja y no se soltar\u00e1 durante el transporte.\" \/>\n<meta property=\"og:url\" content=\"https:\/\/frionox.com\/catalogo\/producto\/tapa-de-polietileno-plana-p-cajas-camwear-blanco-457x305mm-1218cp-148\/\" \/>\n<meta property=\"og:site_name\" content=\"FRIONOX\" \/>\n<meta property=\"article:publisher\" content=\"https:\/\/facebook.com\/frionox.pe\" \/>\n<meta property=\"article:modified_time\" content=\"2025-01-05T16:49:51+00:00\" \/>\n<meta property=\"og:image\" content=\"https:\/\/frionox.com\/catalogo\/wp-content\/uploads\/2020\/04\/1218CP-148.jpg\" \/>\n\t<meta property=\"og:image:width\" content=\"800\" \/>\n\t<meta property=\"og:image:height\" content=\"800\" \/>\n\t<meta property=\"og:image:type\" content=\"image\/jpeg\" \/>\n<meta name=\"twitter:card\" content=\"summary_large_image\" \/>\n<meta name=\"twitter:site\" content=\"@frionoxsac\" \/>\n<meta name=\"twitter:label1\" content=\"Precio\" \/>\n\t<meta name=\"twitter:data1\" content=\"S\/10.33\" \/>\n\t<meta name=\"twitter:label2\" content=\"Disponibilidad\" \/>\n\t<meta name=\"twitter:data2\" content=\"Disponible\" \/>\n<script type=\"application\/ld+json\" class=\"yoast-schema-graph\">{\"@context\":\"https:\/\/schema.org\",\"@graph\":[{\"@type\":\"WebPage\",\"@id\":\"https:\/\/frionox.com\/catalogo\/producto\/tapa-de-polietileno-plana-p-cajas-camwear-blanco-457x305mm-1218cp-148\/\",\"url\":\"https:\/\/frionox.com\/catalogo\/producto\/tapa-de-polietileno-plana-p-cajas-camwear-blanco-457x305mm-1218cp-148\/\",\"name\":\"TAPA DE POLIETILENO PLANA P\/ CAJAS CAMWEAR (BLANCO) 457X305MM - 1218CP-148 - FRIONOX\",\"isPartOf\":{\"@id\":\"https:\/\/frionox.com\/catalogo\/#website\"},\"primaryImageOfPage\":{\"@id\":\"https:\/\/frionox.com\/catalogo\/producto\/tapa-de-polietileno-plana-p-cajas-camwear-blanco-457x305mm-1218cp-148\/#primaryimage\"},\"image\":{\"@id\":\"https:\/\/frionox.com\/catalogo\/producto\/tapa-de-polietileno-plana-p-cajas-camwear-blanco-457x305mm-1218cp-148\/#primaryimage\"},\"thumbnailUrl\":\"https:\/\/frionox.com\/catalogo\/wp-content\/uploads\/2020\/04\/1218CP-148.jpg\",\"datePublished\":\"2020-04-27T04:47:13+00:00\",\"dateModified\":\"2025-01-05T16:49:51+00:00\",\"description\":\"Tapa deslizante de policarbonato. Para cajas de almacenamiento de 30,5 x 45,7 cm. Segura desde -40 \u00baC hasta 99 \u00baC. Se desliza hacia atr\u00e1s para acceder f\u00e1cilmente al contenido, reduciendo al m\u00ednimo el manejo. Reduce el riesgo de contaminaci\u00f3n cruzada pues la tapa permanece en las cajas para alimentos. La tapa entra a presi\u00f3n de manera ajustada en la caja y no se soltar\u00e1 durante el transporte.\",\"breadcrumb\":{\"@id\":\"https:\/\/frionox.com\/catalogo\/producto\/tapa-de-polietileno-plana-p-cajas-camwear-blanco-457x305mm-1218cp-148\/#breadcrumb\"},\"inLanguage\":\"es\",\"potentialAction\":[{\"@type\":\"ReadAction\",\"target\":[\"https:\/\/frionox.com\/catalogo\/producto\/tapa-de-polietileno-plana-p-cajas-camwear-blanco-457x305mm-1218cp-148\/\"]}]},{\"@type\":\"ImageObject\",\"inLanguage\":\"es\",\"@id\":\"https:\/\/frionox.com\/catalogo\/producto\/tapa-de-polietileno-plana-p-cajas-camwear-blanco-457x305mm-1218cp-148\/#primaryimage\",\"url\":\"https:\/\/frionox.com\/catalogo\/wp-content\/uploads\/2020\/04\/1218CP-148.jpg\",\"contentUrl\":\"https:\/\/frionox.com\/catalogo\/wp-content\/uploads\/2020\/04\/1218CP-148.jpg\",\"width\":800,\"height\":800},{\"@type\":\"BreadcrumbList\",\"@id\":\"https:\/\/frionox.com\/catalogo\/producto\/tapa-de-polietileno-plana-p-cajas-camwear-blanco-457x305mm-1218cp-148\/#breadcrumb\",\"itemListElement\":[{\"@type\":\"ListItem\",\"position\":1,\"name\":\"Portada\",\"item\":\"https:\/\/frionox.com\/catalogo\/\"},{\"@type\":\"ListItem\",\"position\":2,\"name\":\"Hornos Industriales, Licuadoras Industriales, Cocinas y m\u00e1s\",\"item\":\"https:\/\/frionox.com\/catalogo\/tienda\/\"},{\"@type\":\"ListItem\",\"position\":3,\"name\":\"TAPA DE POLIETILENO PLANA P\/ CAJAS CAMWEAR (BLANCO) 457X305MM &#8211; 1218CP-148\"}]},{\"@type\":\"WebSite\",\"@id\":\"https:\/\/frionox.com\/catalogo\/#website\",\"url\":\"https:\/\/frionox.com\/catalogo\/\",\"name\":\"FRIONOX\",\"description\":\"Equipamiento de cocinas\",\"publisher\":{\"@id\":\"https:\/\/frionox.com\/catalogo\/#organization\"},\"potentialAction\":[{\"@type\":\"SearchAction\",\"target\":{\"@type\":\"EntryPoint\",\"urlTemplate\":\"https:\/\/frionox.com\/catalogo\/?s={search_term_string}\"},\"query-input\":{\"@type\":\"PropertyValueSpecification\",\"valueRequired\":true,\"valueName\":\"search_term_string\"}}],\"inLanguage\":\"es\"},{\"@type\":[\"Organization\",\"Place\",\"LocalBusiness\"],\"@id\":\"https:\/\/frionox.com\/catalogo\/#organization\",\"name\":\"Frionox Equipamiento de cocinas\",\"url\":\"https:\/\/frionox.com\/catalogo\/\",\"logo\":{\"@id\":\"https:\/\/frionox.com\/catalogo\/producto\/tapa-de-polietileno-plana-p-cajas-camwear-blanco-457x305mm-1218cp-148\/#local-main-organization-logo\"},\"image\":{\"@id\":\"https:\/\/frionox.com\/catalogo\/producto\/tapa-de-polietileno-plana-p-cajas-camwear-blanco-457x305mm-1218cp-148\/#local-main-organization-logo\"},\"sameAs\":[\"https:\/\/facebook.com\/frionox.pe\",\"https:\/\/x.com\/frionoxsac\",\"https:\/\/youtube.com\/@FRIONOXEQUIPAMIENTODECOCINA\"],\"address\":{\"@id\":\"https:\/\/frionox.com\/catalogo\/producto\/tapa-de-polietileno-plana-p-cajas-camwear-blanco-457x305mm-1218cp-148\/#local-main-place-address\"},\"geo\":{\"@type\":\"GeoCoordinates\",\"latitude\":\"-11.980133\",\"longitude\":\"-77.06118200000003\"},\"telephone\":[\"+5115221181\"],\"openingHoursSpecification\":[{\"@type\":\"OpeningHoursSpecification\",\"dayOfWeek\":[\"Monday\",\"Tuesday\",\"Wednesday\",\"Thursday\",\"Friday\",\"Saturday\"],\"opens\":\"08:00\",\"closes\":\"18:00\"},{\"@type\":\"OpeningHoursSpecification\",\"dayOfWeek\":[\"Sunday\"],\"opens\":\"00:00\",\"closes\":\"00:00\"}],\"email\":\"cotizaciones@frionox.com\"},{\"@type\":\"PostalAddress\",\"@id\":\"https:\/\/frionox.com\/catalogo\/producto\/tapa-de-polietileno-plana-p-cajas-camwear-blanco-457x305mm-1218cp-148\/#local-main-place-address\",\"streetAddress\":\"Av. Oscar R. Benavides 1624\",\"addressLocality\":\"Cercado de Lima\",\"postalCode\":\"15082\",\"addressRegion\":\"Lima\",\"addressCountry\":\"PE\"},{\"@type\":\"ImageObject\",\"inLanguage\":\"es\",\"@id\":\"https:\/\/frionox.com\/catalogo\/producto\/tapa-de-polietileno-plana-p-cajas-camwear-blanco-457x305mm-1218cp-148\/#local-main-organization-logo\",\"url\":\"https:\/\/frionox.com\/catalogo\/wp-content\/uploads\/2020\/04\/LOGO-MOBILE.png\",\"contentUrl\":\"https:\/\/frionox.com\/catalogo\/wp-content\/uploads\/2020\/04\/LOGO-MOBILE.png\",\"width\":203,\"height\":61,\"caption\":\"Frionox Equipamiento de cocinas\"}]}<\/script>\n<meta property=\"product:price:amount\" content=\"10.33\" \/>\n<meta property=\"product:price:currency\" content=\"PEN\" \/>\n<meta property=\"og:availability\" content=\"instock\" \/>\n<meta property=\"product:availability\" content=\"instock\" \/>\n<meta property=\"product:retailer_item_id\" content=\"1218CP-148\" \/>\n<meta property=\"product:condition\" content=\"new\" \/>\n<meta name=\"geo.placename\" content=\"Cercado de Lima\" \/>\n<meta name=\"geo.position\" content=\"-11.980133;-77.06118200000003\" \/>\n<meta name=\"geo.region\" content=\"Per\u00fa\" \/>\n<!-- \/ Yoast SEO Premium plugin. -->","yoast_head_json":{"title":"TAPA DE POLIETILENO PLANA P\/ CAJAS CAMWEAR (BLANCO) 457X305MM - 1218CP-148 - FRIONOX","description":"Tapa deslizante de policarbonato. Para cajas de almacenamiento de 30,5 x 45,7 cm. Segura desde -40 \u00baC hasta 99 \u00baC. Se desliza hacia atr\u00e1s para acceder f\u00e1cilmente al contenido, reduciendo al m\u00ednimo el manejo. Reduce el riesgo de contaminaci\u00f3n cruzada pues la tapa permanece en las cajas para alimentos. La tapa entra a presi\u00f3n de manera ajustada en la caja y no se soltar\u00e1 durante el transporte.","robots":{"index":"index","follow":"follow","max-snippet":"max-snippet:-1","max-image-preview":"max-image-preview:large","max-video-preview":"max-video-preview:-1"},"canonical":"https:\/\/frionox.com\/catalogo\/producto\/tapa-de-polietileno-plana-p-cajas-camwear-blanco-457x305mm-1218cp-148\/","og_locale":"es_ES","og_type":"article","og_title":"TAPA DE POLIETILENO PLANA P\/ CAJAS CAMWEAR (BLANCO) 457X305MM - 1218CP-148","og_description":"Tapa deslizante de policarbonato. Para cajas de almacenamiento de 30,5 x 45,7 cm. Segura desde -40 \u00baC hasta 99 \u00baC. Se desliza hacia atr\u00e1s para acceder f\u00e1cilmente al contenido, reduciendo al m\u00ednimo el manejo. Reduce el riesgo de contaminaci\u00f3n cruzada pues la tapa permanece en las cajas para alimentos. La tapa entra a presi\u00f3n de manera ajustada en la caja y no se soltar\u00e1 durante el transporte.","og_url":"https:\/\/frionox.com\/catalogo\/producto\/tapa-de-polietileno-plana-p-cajas-camwear-blanco-457x305mm-1218cp-148\/","og_site_name":"FRIONOX","article_publisher":"https:\/\/facebook.com\/frionox.pe","article_modified_time":"2025-01-05T16:49:51+00:00","og_image":[{"width":800,"height":800,"url":"https:\/\/frionox.com\/catalogo\/wp-content\/uploads\/2020\/04\/1218CP-148.jpg","type":"image\/jpeg"}],"twitter_card":"summary_large_image","twitter_site":"@frionoxsac","twitter_misc":{"Precio":"S\/10.33","Disponibilidad":"Disponible"},"schema":{"@context":"https:\/\/schema.org","@graph":[{"@type":"WebPage","@id":"https:\/\/frionox.com\/catalogo\/producto\/tapa-de-polietileno-plana-p-cajas-camwear-blanco-457x305mm-1218cp-148\/","url":"https:\/\/frionox.com\/catalogo\/producto\/tapa-de-polietileno-plana-p-cajas-camwear-blanco-457x305mm-1218cp-148\/","name":"TAPA DE POLIETILENO PLANA P\/ CAJAS CAMWEAR (BLANCO) 457X305MM - 1218CP-148 - FRIONOX","isPartOf":{"@id":"https:\/\/frionox.com\/catalogo\/#website"},"primaryImageOfPage":{"@id":"https:\/\/frionox.com\/catalogo\/producto\/tapa-de-polietileno-plana-p-cajas-camwear-blanco-457x305mm-1218cp-148\/#primaryimage"},"image":{"@id":"https:\/\/frionox.com\/catalogo\/producto\/tapa-de-polietileno-plana-p-cajas-camwear-blanco-457x305mm-1218cp-148\/#primaryimage"},"thumbnailUrl":"https:\/\/frionox.com\/catalogo\/wp-content\/uploads\/2020\/04\/1218CP-148.jpg","datePublished":"2020-04-27T04:47:13+00:00","dateModified":"2025-01-05T16:49:51+00:00","description":"Tapa deslizante de policarbonato. Para cajas de almacenamiento de 30,5 x 45,7 cm. Segura desde -40 \u00baC hasta 99 \u00baC. Se desliza hacia atr\u00e1s para acceder f\u00e1cilmente al contenido, reduciendo al m\u00ednimo el manejo. Reduce el riesgo de contaminaci\u00f3n cruzada pues la tapa permanece en las cajas para alimentos. La tapa entra a presi\u00f3n de manera ajustada en la caja y no se soltar\u00e1 durante el transporte.","breadcrumb":{"@id":"https:\/\/frionox.com\/catalogo\/producto\/tapa-de-polietileno-plana-p-cajas-camwear-blanco-457x305mm-1218cp-148\/#breadcrumb"},"inLanguage":"es","potentialAction":[{"@type":"ReadAction","target":["https:\/\/frionox.com\/catalogo\/producto\/tapa-de-polietileno-plana-p-cajas-camwear-blanco-457x305mm-1218cp-148\/"]}]},{"@type":"ImageObject","inLanguage":"es","@id":"https:\/\/frionox.com\/catalogo\/producto\/tapa-de-polietileno-plana-p-cajas-camwear-blanco-457x305mm-1218cp-148\/#primaryimage","url":"https:\/\/frionox.com\/catalogo\/wp-content\/uploads\/2020\/04\/1218CP-148.jpg","contentUrl":"https:\/\/frionox.com\/catalogo\/wp-content\/uploads\/2020\/04\/1218CP-148.jpg","width":800,"height":800},{"@type":"BreadcrumbList","@id":"https:\/\/frionox.com\/catalogo\/producto\/tapa-de-polietileno-plana-p-cajas-camwear-blanco-457x305mm-1218cp-148\/#breadcrumb","itemListElement":[{"@type":"ListItem","position":1,"name":"Portada","item":"https:\/\/frionox.com\/catalogo\/"},{"@type":"ListItem","position":2,"name":"Hornos Industriales, Licuadoras Industriales, Cocinas y m\u00e1s","item":"https:\/\/frionox.com\/catalogo\/tienda\/"},{"@type":"ListItem","position":3,"name":"TAPA DE POLIETILENO PLANA P\/ CAJAS CAMWEAR (BLANCO) 457X305MM &#8211; 1218CP-148"}]},{"@type":"WebSite","@id":"https:\/\/frionox.com\/catalogo\/#website","url":"https:\/\/frionox.com\/catalogo\/","name":"FRIONOX","description":"Equipamiento de cocinas","publisher":{"@id":"https:\/\/frionox.com\/catalogo\/#organization"},"potentialAction":[{"@type":"SearchAction","target":{"@type":"EntryPoint","urlTemplate":"https:\/\/frionox.com\/catalogo\/?s={search_term_string}"},"query-input":{"@type":"PropertyValueSpecification","valueRequired":true,"valueName":"search_term_string"}}],"inLanguage":"es"},{"@type":["Organization","Place","LocalBusiness"],"@id":"https:\/\/frionox.com\/catalogo\/#organization","name":"Frionox Equipamiento de cocinas","url":"https:\/\/frionox.com\/catalogo\/","logo":{"@id":"https:\/\/frionox.com\/catalogo\/producto\/tapa-de-polietileno-plana-p-cajas-camwear-blanco-457x305mm-1218cp-148\/#local-main-organization-logo"},"image":{"@id":"https:\/\/frionox.com\/catalogo\/producto\/tapa-de-polietileno-plana-p-cajas-camwear-blanco-457x305mm-1218cp-148\/#local-main-organization-logo"},"sameAs":["https:\/\/facebook.com\/frionox.pe","https:\/\/x.com\/frionoxsac","https:\/\/youtube.com\/@FRIONOXEQUIPAMIENTODECOCINA"],"address":{"@id":"https:\/\/frionox.com\/catalogo\/producto\/tapa-de-polietileno-plana-p-cajas-camwear-blanco-457x305mm-1218cp-148\/#local-main-place-address"},"geo":{"@type":"GeoCoordinates","latitude":"-11.980133","longitude":"-77.06118200000003"},"telephone":["+5115221181"],"openingHoursSpecification":[{"@type":"OpeningHoursSpecification","dayOfWeek":["Monday","Tuesday","Wednesday","Thursday","Friday","Saturday"],"opens":"08:00","closes":"18:00"},{"@type":"OpeningHoursSpecification","dayOfWeek":["Sunday"],"opens":"00:00","closes":"00:00"}],"email":"cotizaciones@frionox.com"},{"@type":"PostalAddress","@id":"https:\/\/frionox.com\/catalogo\/producto\/tapa-de-polietileno-plana-p-cajas-camwear-blanco-457x305mm-1218cp-148\/#local-main-place-address","streetAddress":"Av. Oscar R. Benavides 1624","addressLocality":"Cercado de Lima","postalCode":"15082","addressRegion":"Lima","addressCountry":"PE"},{"@type":"ImageObject","inLanguage":"es","@id":"https:\/\/frionox.com\/catalogo\/producto\/tapa-de-polietileno-plana-p-cajas-camwear-blanco-457x305mm-1218cp-148\/#local-main-organization-logo","url":"https:\/\/frionox.com\/catalogo\/wp-content\/uploads\/2020\/04\/LOGO-MOBILE.png","contentUrl":"https:\/\/frionox.com\/catalogo\/wp-content\/uploads\/2020\/04\/LOGO-MOBILE.png","width":203,"height":61,"caption":"Frionox Equipamiento de cocinas"}]},"product_price_amount":"10.33","product_price_currency":"PEN","og_availability":"instock","product_availability":"instock","product_retailer_item_id":"1218CP-148","product_condition":"new","geo.placename":"Cercado de Lima","geo.position":{"lat":"-11.980133","long":"-77.06118200000003"},"geo.region":"Per\u00fa"},"_links":{"self":[{"href":"https:\/\/frionox.com\/catalogo\/wp-json\/wp\/v2\/product\/13335","targetHints":{"allow":["GET"]}}],"collection":[{"href":"https:\/\/frionox.com\/catalogo\/wp-json\/wp\/v2\/product"}],"about":[{"href":"https:\/\/frionox.com\/catalogo\/wp-json\/wp\/v2\/types\/product"}],"replies":[{"embeddable":true,"href":"https:\/\/frionox.com\/catalogo\/wp-json\/wp\/v2\/comments?post=13335"}],"wp:featuredmedia":[{"embeddable":true,"href":"https:\/\/frionox.com\/catalogo\/wp-json\/wp\/v2\/media\/10487"}],"wp:attachment":[{"href":"https:\/\/frionox.com\/catalogo\/wp-json\/wp\/v2\/media?parent=13335"}],"wp:term":[{"taxonomy":"product_brand","embeddable":true,"href":"https:\/\/frionox.com\/catalogo\/wp-json\/wp\/v2\/product_brand?post=13335"},{"taxonomy":"product_cat","embeddable":true,"href":"https:\/\/frionox.com\/catalogo\/wp-json\/wp\/v2\/product_cat?post=13335"},{"taxonomy":"product_tag","embeddable":true,"href":"https:\/\/frionox.com\/catalogo\/wp-json\/wp\/v2\/product_tag?post=13335"}],"curies":[{"name":"wp","href":"https:\/\/api.w.org\/{rel}","templated":true}]}}