{"id":13261,"date":"2020-04-20T17:14:03","date_gmt":"2020-04-20T22:14:03","guid":{"rendered":"https:\/\/frionox.com\/catalogo\/producto\/plancha-lisa-electrica-estructura-en-acero-inoxidable-eg-5250fs-eg5250fs-220-3ac\/"},"modified":"2026-01-06T12:37:58","modified_gmt":"2026-01-06T17:37:58","slug":"plancha-lisa-electrica-estructura-en-acero-inoxidable-eg-5250fs","status":"publish","type":"product","link":"https:\/\/frionox.com\/catalogo\/producto\/plancha-lisa-electrica-estructura-en-acero-inoxidable-eg-5250fs\/","title":{"rendered":"PLANCHA LISA ELECTRICA ESTRUCTURA EN ACERO INOXIDABLE EG 5250FS"},"content":{"rendered":"<p>Estructura fabricada integramente en acero inoxidable, higi\u00e9nico y f\u00e1cil de limpiar. Laterales de 75mm de acero inoxidable contra salpicaduras. Plancha de acero estructural plana y pulida de 12mm de espesor. Bandeja de goteo de acero de grasa de inoxidable con tubo de drenaje acoplado al tablero. 03 Resistencias el\u00e9ctricas de 1750W cada una. Control termost\u00e1tico de temperatura: 50 a 300\u00aaC. Superficie de cocci\u00f3n: 900 x 415 mm. Piloto luminoso indicador de encendido. Potencia conectada-electricidad:5250W. Tensi\u00f3n-alimentaci\u00f3n:220V \/ 60Hz \/ 3AC.<\/p>\n","protected":false},"excerpt":{"rendered":"<p>Estructura fabricada integramente en acero inoxidable, higi\u00e9nico y f\u00e1cil de limpiar. Laterales de 75mm de acero inoxidable contra salpicaduras. Plancha de acero estructural plana y pulida de 12mm de espesor. Bandeja de goteo de acero de grasa de inoxidable con tubo de drenaje acoplado al tablero. 03 Resistencias el\u00e9ctricas de 1750W cada una. Control termost\u00e1tico de temperatura: 50 a 300\u00aaC. Superficie de cocci\u00f3n: 900 x 415 mm. Piloto luminoso indicador de encendido. Potencia conectada-electricidad:5250W. Tensi\u00f3n-alimentaci\u00f3n:220V \/ 60Hz \/ 3AC.<\/p>\n","protected":false},"featured_media":12179,"comment_status":"open","ping_status":"closed","template":"","meta":[],"product_brand":[],"product_cat":[29,121],"product_tag":[],"class_list":{"0":"post-13261","1":"product","2":"type-product","3":"status-publish","4":"has-post-thumbnail","6":"product_cat-equipos-de-coccion","7":"product_cat-plancha-freidora","8":"pa_marcas-berjaya","10":"first","11":"onbackorder","12":"shipping-taxable","13":"purchasable","14":"product-type-simple"},"yoast_head":"<!-- This site is optimized with the Yoast SEO Premium plugin v27.1 (Yoast SEO v27.1.1) - https:\/\/yoast.com\/product\/yoast-seo-premium-wordpress\/ -->\n<title>PLANCHA LISA ELECTRICA ESTRUCTURA EN ACERO INOXIDABLE EG 5250FS - FRIONOX<\/title>\n<meta name=\"description\" content=\"Estructura fabricada integramente en acero inoxidable, higi\u00e9nico y f\u00e1cil de limpiar. Laterales de 75mm de acero inoxidable contra salpicaduras. Plancha de acero estructural plana y pulida de 12mm de espesor. Bandeja de goteo de acero de grasa de inoxidable con tubo de drenaje acoplado al tablero. 03 Resistencias el\u00e9ctricas de 1750W cada una. Control termost\u00e1tico de temperatura: 50 a 300\u00aaC. Superficie de cocci\u00f3n: 900 x 415 mm. Piloto luminoso indicador de encendido. Potencia conectada-electricidad:5250W. Tensi\u00f3n-alimentaci\u00f3n:220V \/ 60Hz \/ 3AC.\" \/>\n<meta name=\"robots\" content=\"index, follow, max-snippet:-1, max-image-preview:large, max-video-preview:-1\" \/>\n<link rel=\"canonical\" href=\"https:\/\/frionox.com\/catalogo\/producto\/plancha-lisa-electrica-estructura-en-acero-inoxidable-eg-5250fs\/\" \/>\n<meta property=\"og:locale\" content=\"es_ES\" \/>\n<meta property=\"og:type\" content=\"article\" \/>\n<meta property=\"og:title\" content=\"PLANCHA LISA ELECTRICA ESTRUCTURA EN ACERO INOXIDABLE EG 5250FS\" \/>\n<meta property=\"og:description\" content=\"Estructura fabricada integramente en acero inoxidable, higi\u00e9nico y f\u00e1cil de limpiar. Laterales de 75mm de acero inoxidable contra salpicaduras. Plancha de acero estructural plana y pulida de 12mm de espesor. Bandeja de goteo de acero de grasa de inoxidable con tubo de drenaje acoplado al tablero. 03 Resistencias el\u00e9ctricas de 1750W cada una. Control termost\u00e1tico de temperatura: 50 a 300\u00aaC. Superficie de cocci\u00f3n: 900 x 415 mm. Piloto luminoso indicador de encendido. Potencia conectada-electricidad:5250W. Tensi\u00f3n-alimentaci\u00f3n:220V \/ 60Hz \/ 3AC.\" \/>\n<meta property=\"og:url\" content=\"https:\/\/frionox.com\/catalogo\/producto\/plancha-lisa-electrica-estructura-en-acero-inoxidable-eg-5250fs\/\" \/>\n<meta property=\"og:site_name\" content=\"FRIONOX\" \/>\n<meta property=\"article:publisher\" content=\"https:\/\/facebook.com\/frionox.pe\" \/>\n<meta property=\"article:modified_time\" content=\"2026-01-06T17:37:58+00:00\" \/>\n<meta property=\"og:image\" content=\"https:\/\/frionox.com\/catalogo\/wp-content\/uploads\/2020\/04\/EG-5250FS.jpg\" \/>\n\t<meta property=\"og:image:width\" content=\"600\" \/>\n\t<meta property=\"og:image:height\" content=\"600\" \/>\n\t<meta property=\"og:image:type\" content=\"image\/jpeg\" \/>\n<meta name=\"twitter:card\" content=\"summary_large_image\" \/>\n<meta name=\"twitter:site\" content=\"@frionoxsac\" \/>\n<meta name=\"twitter:label1\" content=\"Precio\" \/>\n\t<meta name=\"twitter:data1\" content=\"S\/1,755.25\" \/>\n\t<meta name=\"twitter:label2\" content=\"Disponibilidad\" \/>\n\t<meta name=\"twitter:data2\" content=\"Disponible para reservar\" \/>\n<script type=\"application\/ld+json\" class=\"yoast-schema-graph\">{\"@context\":\"https:\/\/schema.org\",\"@graph\":[{\"@type\":\"WebPage\",\"@id\":\"https:\/\/frionox.com\/catalogo\/producto\/plancha-lisa-electrica-estructura-en-acero-inoxidable-eg-5250fs\/\",\"url\":\"https:\/\/frionox.com\/catalogo\/producto\/plancha-lisa-electrica-estructura-en-acero-inoxidable-eg-5250fs\/\",\"name\":\"PLANCHA LISA ELECTRICA ESTRUCTURA EN ACERO INOXIDABLE EG 5250FS - FRIONOX\",\"isPartOf\":{\"@id\":\"https:\/\/frionox.com\/catalogo\/#website\"},\"primaryImageOfPage\":{\"@id\":\"https:\/\/frionox.com\/catalogo\/producto\/plancha-lisa-electrica-estructura-en-acero-inoxidable-eg-5250fs\/#primaryimage\"},\"image\":{\"@id\":\"https:\/\/frionox.com\/catalogo\/producto\/plancha-lisa-electrica-estructura-en-acero-inoxidable-eg-5250fs\/#primaryimage\"},\"thumbnailUrl\":\"https:\/\/frionox.com\/catalogo\/wp-content\/uploads\/2020\/04\/EG-5250FS.jpg\",\"datePublished\":\"2020-04-20T22:14:03+00:00\",\"dateModified\":\"2026-01-06T17:37:58+00:00\",\"description\":\"Estructura fabricada integramente en acero inoxidable, higi\u00e9nico y f\u00e1cil de limpiar. Laterales de 75mm de acero inoxidable contra salpicaduras. Plancha de acero estructural plana y pulida de 12mm de espesor. Bandeja de goteo de acero de grasa de inoxidable con tubo de drenaje acoplado al tablero. 03 Resistencias el\u00e9ctricas de 1750W cada una. Control termost\u00e1tico de temperatura: 50 a 300\u00aaC. Superficie de cocci\u00f3n: 900 x 415 mm. Piloto luminoso indicador de encendido. Potencia conectada-electricidad:5250W. Tensi\u00f3n-alimentaci\u00f3n:220V \/ 60Hz \/ 3AC.\",\"breadcrumb\":{\"@id\":\"https:\/\/frionox.com\/catalogo\/producto\/plancha-lisa-electrica-estructura-en-acero-inoxidable-eg-5250fs\/#breadcrumb\"},\"inLanguage\":\"es\",\"potentialAction\":[{\"@type\":\"ReadAction\",\"target\":[\"https:\/\/frionox.com\/catalogo\/producto\/plancha-lisa-electrica-estructura-en-acero-inoxidable-eg-5250fs\/\"]}]},{\"@type\":\"ImageObject\",\"inLanguage\":\"es\",\"@id\":\"https:\/\/frionox.com\/catalogo\/producto\/plancha-lisa-electrica-estructura-en-acero-inoxidable-eg-5250fs\/#primaryimage\",\"url\":\"https:\/\/frionox.com\/catalogo\/wp-content\/uploads\/2020\/04\/EG-5250FS.jpg\",\"contentUrl\":\"https:\/\/frionox.com\/catalogo\/wp-content\/uploads\/2020\/04\/EG-5250FS.jpg\",\"width\":600,\"height\":600},{\"@type\":\"BreadcrumbList\",\"@id\":\"https:\/\/frionox.com\/catalogo\/producto\/plancha-lisa-electrica-estructura-en-acero-inoxidable-eg-5250fs\/#breadcrumb\",\"itemListElement\":[{\"@type\":\"ListItem\",\"position\":1,\"name\":\"Portada\",\"item\":\"https:\/\/frionox.com\/catalogo\/\"},{\"@type\":\"ListItem\",\"position\":2,\"name\":\"Hornos Industriales, Licuadoras Industriales, Cocinas y m\u00e1s\",\"item\":\"https:\/\/frionox.com\/catalogo\/tienda\/\"},{\"@type\":\"ListItem\",\"position\":3,\"name\":\"PLANCHA LISA ELECTRICA ESTRUCTURA EN ACERO INOXIDABLE EG 5250FS\"}]},{\"@type\":\"WebSite\",\"@id\":\"https:\/\/frionox.com\/catalogo\/#website\",\"url\":\"https:\/\/frionox.com\/catalogo\/\",\"name\":\"FRIONOX\",\"description\":\"Equipamiento de cocinas\",\"publisher\":{\"@id\":\"https:\/\/frionox.com\/catalogo\/#organization\"},\"potentialAction\":[{\"@type\":\"SearchAction\",\"target\":{\"@type\":\"EntryPoint\",\"urlTemplate\":\"https:\/\/frionox.com\/catalogo\/?s={search_term_string}\"},\"query-input\":{\"@type\":\"PropertyValueSpecification\",\"valueRequired\":true,\"valueName\":\"search_term_string\"}}],\"inLanguage\":\"es\"},{\"@type\":[\"Organization\",\"Place\",\"LocalBusiness\"],\"@id\":\"https:\/\/frionox.com\/catalogo\/#organization\",\"name\":\"Frionox Equipamiento de cocinas\",\"url\":\"https:\/\/frionox.com\/catalogo\/\",\"logo\":{\"@id\":\"https:\/\/frionox.com\/catalogo\/producto\/plancha-lisa-electrica-estructura-en-acero-inoxidable-eg-5250fs\/#local-main-organization-logo\"},\"image\":{\"@id\":\"https:\/\/frionox.com\/catalogo\/producto\/plancha-lisa-electrica-estructura-en-acero-inoxidable-eg-5250fs\/#local-main-organization-logo\"},\"sameAs\":[\"https:\/\/facebook.com\/frionox.pe\",\"https:\/\/x.com\/frionoxsac\",\"https:\/\/youtube.com\/@FRIONOXEQUIPAMIENTODECOCINA\"],\"address\":{\"@id\":\"https:\/\/frionox.com\/catalogo\/producto\/plancha-lisa-electrica-estructura-en-acero-inoxidable-eg-5250fs\/#local-main-place-address\"},\"geo\":{\"@type\":\"GeoCoordinates\",\"latitude\":\"-11.980133\",\"longitude\":\"-77.06118200000003\"},\"telephone\":[\"+5115221181\"],\"openingHoursSpecification\":[{\"@type\":\"OpeningHoursSpecification\",\"dayOfWeek\":[\"Monday\",\"Tuesday\",\"Wednesday\",\"Thursday\",\"Friday\",\"Saturday\"],\"opens\":\"08:00\",\"closes\":\"18:00\"},{\"@type\":\"OpeningHoursSpecification\",\"dayOfWeek\":[\"Sunday\"],\"opens\":\"00:00\",\"closes\":\"00:00\"}],\"email\":\"cotizaciones@frionox.com\"},{\"@type\":\"PostalAddress\",\"@id\":\"https:\/\/frionox.com\/catalogo\/producto\/plancha-lisa-electrica-estructura-en-acero-inoxidable-eg-5250fs\/#local-main-place-address\",\"streetAddress\":\"Av. Oscar R. Benavides 1624\",\"addressLocality\":\"Cercado de Lima\",\"postalCode\":\"15082\",\"addressRegion\":\"Lima\",\"addressCountry\":\"PE\"},{\"@type\":\"ImageObject\",\"inLanguage\":\"es\",\"@id\":\"https:\/\/frionox.com\/catalogo\/producto\/plancha-lisa-electrica-estructura-en-acero-inoxidable-eg-5250fs\/#local-main-organization-logo\",\"url\":\"https:\/\/frionox.com\/catalogo\/wp-content\/uploads\/2020\/04\/LOGO-MOBILE.png\",\"contentUrl\":\"https:\/\/frionox.com\/catalogo\/wp-content\/uploads\/2020\/04\/LOGO-MOBILE.png\",\"width\":203,\"height\":61,\"caption\":\"Frionox Equipamiento de cocinas\"}]}<\/script>\n<meta property=\"product:price:amount\" content=\"1755.25\" \/>\n<meta property=\"product:price:currency\" content=\"PEN\" \/>\n<meta property=\"og:availability\" content=\"backorder\" \/>\n<meta property=\"product:availability\" content=\"available for order\" \/>\n<meta property=\"product:retailer_item_id\" content=\"EG5250FS-220-3AC\" \/>\n<meta property=\"product:condition\" content=\"new\" \/>\n<meta name=\"geo.placename\" content=\"Cercado de Lima\" \/>\n<meta name=\"geo.position\" content=\"-11.980133;-77.06118200000003\" \/>\n<meta name=\"geo.region\" content=\"Per\u00fa\" \/>\n<!-- \/ Yoast SEO Premium plugin. -->","yoast_head_json":{"title":"PLANCHA LISA ELECTRICA ESTRUCTURA EN ACERO INOXIDABLE EG 5250FS - FRIONOX","description":"Estructura fabricada integramente en acero inoxidable, higi\u00e9nico y f\u00e1cil de limpiar. Laterales de 75mm de acero inoxidable contra salpicaduras. Plancha de acero estructural plana y pulida de 12mm de espesor. Bandeja de goteo de acero de grasa de inoxidable con tubo de drenaje acoplado al tablero. 03 Resistencias el\u00e9ctricas de 1750W cada una. Control termost\u00e1tico de temperatura: 50 a 300\u00aaC. Superficie de cocci\u00f3n: 900 x 415 mm. Piloto luminoso indicador de encendido. Potencia conectada-electricidad:5250W. Tensi\u00f3n-alimentaci\u00f3n:220V \/ 60Hz \/ 3AC.","robots":{"index":"index","follow":"follow","max-snippet":"max-snippet:-1","max-image-preview":"max-image-preview:large","max-video-preview":"max-video-preview:-1"},"canonical":"https:\/\/frionox.com\/catalogo\/producto\/plancha-lisa-electrica-estructura-en-acero-inoxidable-eg-5250fs\/","og_locale":"es_ES","og_type":"article","og_title":"PLANCHA LISA ELECTRICA ESTRUCTURA EN ACERO INOXIDABLE EG 5250FS","og_description":"Estructura fabricada integramente en acero inoxidable, higi\u00e9nico y f\u00e1cil de limpiar. Laterales de 75mm de acero inoxidable contra salpicaduras. Plancha de acero estructural plana y pulida de 12mm de espesor. Bandeja de goteo de acero de grasa de inoxidable con tubo de drenaje acoplado al tablero. 03 Resistencias el\u00e9ctricas de 1750W cada una. Control termost\u00e1tico de temperatura: 50 a 300\u00aaC. Superficie de cocci\u00f3n: 900 x 415 mm. Piloto luminoso indicador de encendido. Potencia conectada-electricidad:5250W. Tensi\u00f3n-alimentaci\u00f3n:220V \/ 60Hz \/ 3AC.","og_url":"https:\/\/frionox.com\/catalogo\/producto\/plancha-lisa-electrica-estructura-en-acero-inoxidable-eg-5250fs\/","og_site_name":"FRIONOX","article_publisher":"https:\/\/facebook.com\/frionox.pe","article_modified_time":"2026-01-06T17:37:58+00:00","og_image":[{"width":600,"height":600,"url":"https:\/\/frionox.com\/catalogo\/wp-content\/uploads\/2020\/04\/EG-5250FS.jpg","type":"image\/jpeg"}],"twitter_card":"summary_large_image","twitter_site":"@frionoxsac","twitter_misc":{"Precio":"S\/1,755.25","Disponibilidad":"Disponible para reservar"},"schema":{"@context":"https:\/\/schema.org","@graph":[{"@type":"WebPage","@id":"https:\/\/frionox.com\/catalogo\/producto\/plancha-lisa-electrica-estructura-en-acero-inoxidable-eg-5250fs\/","url":"https:\/\/frionox.com\/catalogo\/producto\/plancha-lisa-electrica-estructura-en-acero-inoxidable-eg-5250fs\/","name":"PLANCHA LISA ELECTRICA ESTRUCTURA EN ACERO INOXIDABLE EG 5250FS - FRIONOX","isPartOf":{"@id":"https:\/\/frionox.com\/catalogo\/#website"},"primaryImageOfPage":{"@id":"https:\/\/frionox.com\/catalogo\/producto\/plancha-lisa-electrica-estructura-en-acero-inoxidable-eg-5250fs\/#primaryimage"},"image":{"@id":"https:\/\/frionox.com\/catalogo\/producto\/plancha-lisa-electrica-estructura-en-acero-inoxidable-eg-5250fs\/#primaryimage"},"thumbnailUrl":"https:\/\/frionox.com\/catalogo\/wp-content\/uploads\/2020\/04\/EG-5250FS.jpg","datePublished":"2020-04-20T22:14:03+00:00","dateModified":"2026-01-06T17:37:58+00:00","description":"Estructura fabricada integramente en acero inoxidable, higi\u00e9nico y f\u00e1cil de limpiar. Laterales de 75mm de acero inoxidable contra salpicaduras. Plancha de acero estructural plana y pulida de 12mm de espesor. Bandeja de goteo de acero de grasa de inoxidable con tubo de drenaje acoplado al tablero. 03 Resistencias el\u00e9ctricas de 1750W cada una. Control termost\u00e1tico de temperatura: 50 a 300\u00aaC. Superficie de cocci\u00f3n: 900 x 415 mm. Piloto luminoso indicador de encendido. Potencia conectada-electricidad:5250W. Tensi\u00f3n-alimentaci\u00f3n:220V \/ 60Hz \/ 3AC.","breadcrumb":{"@id":"https:\/\/frionox.com\/catalogo\/producto\/plancha-lisa-electrica-estructura-en-acero-inoxidable-eg-5250fs\/#breadcrumb"},"inLanguage":"es","potentialAction":[{"@type":"ReadAction","target":["https:\/\/frionox.com\/catalogo\/producto\/plancha-lisa-electrica-estructura-en-acero-inoxidable-eg-5250fs\/"]}]},{"@type":"ImageObject","inLanguage":"es","@id":"https:\/\/frionox.com\/catalogo\/producto\/plancha-lisa-electrica-estructura-en-acero-inoxidable-eg-5250fs\/#primaryimage","url":"https:\/\/frionox.com\/catalogo\/wp-content\/uploads\/2020\/04\/EG-5250FS.jpg","contentUrl":"https:\/\/frionox.com\/catalogo\/wp-content\/uploads\/2020\/04\/EG-5250FS.jpg","width":600,"height":600},{"@type":"BreadcrumbList","@id":"https:\/\/frionox.com\/catalogo\/producto\/plancha-lisa-electrica-estructura-en-acero-inoxidable-eg-5250fs\/#breadcrumb","itemListElement":[{"@type":"ListItem","position":1,"name":"Portada","item":"https:\/\/frionox.com\/catalogo\/"},{"@type":"ListItem","position":2,"name":"Hornos Industriales, Licuadoras Industriales, Cocinas y m\u00e1s","item":"https:\/\/frionox.com\/catalogo\/tienda\/"},{"@type":"ListItem","position":3,"name":"PLANCHA LISA ELECTRICA ESTRUCTURA EN ACERO INOXIDABLE EG 5250FS"}]},{"@type":"WebSite","@id":"https:\/\/frionox.com\/catalogo\/#website","url":"https:\/\/frionox.com\/catalogo\/","name":"FRIONOX","description":"Equipamiento de cocinas","publisher":{"@id":"https:\/\/frionox.com\/catalogo\/#organization"},"potentialAction":[{"@type":"SearchAction","target":{"@type":"EntryPoint","urlTemplate":"https:\/\/frionox.com\/catalogo\/?s={search_term_string}"},"query-input":{"@type":"PropertyValueSpecification","valueRequired":true,"valueName":"search_term_string"}}],"inLanguage":"es"},{"@type":["Organization","Place","LocalBusiness"],"@id":"https:\/\/frionox.com\/catalogo\/#organization","name":"Frionox Equipamiento de cocinas","url":"https:\/\/frionox.com\/catalogo\/","logo":{"@id":"https:\/\/frionox.com\/catalogo\/producto\/plancha-lisa-electrica-estructura-en-acero-inoxidable-eg-5250fs\/#local-main-organization-logo"},"image":{"@id":"https:\/\/frionox.com\/catalogo\/producto\/plancha-lisa-electrica-estructura-en-acero-inoxidable-eg-5250fs\/#local-main-organization-logo"},"sameAs":["https:\/\/facebook.com\/frionox.pe","https:\/\/x.com\/frionoxsac","https:\/\/youtube.com\/@FRIONOXEQUIPAMIENTODECOCINA"],"address":{"@id":"https:\/\/frionox.com\/catalogo\/producto\/plancha-lisa-electrica-estructura-en-acero-inoxidable-eg-5250fs\/#local-main-place-address"},"geo":{"@type":"GeoCoordinates","latitude":"-11.980133","longitude":"-77.06118200000003"},"telephone":["+5115221181"],"openingHoursSpecification":[{"@type":"OpeningHoursSpecification","dayOfWeek":["Monday","Tuesday","Wednesday","Thursday","Friday","Saturday"],"opens":"08:00","closes":"18:00"},{"@type":"OpeningHoursSpecification","dayOfWeek":["Sunday"],"opens":"00:00","closes":"00:00"}],"email":"cotizaciones@frionox.com"},{"@type":"PostalAddress","@id":"https:\/\/frionox.com\/catalogo\/producto\/plancha-lisa-electrica-estructura-en-acero-inoxidable-eg-5250fs\/#local-main-place-address","streetAddress":"Av. Oscar R. Benavides 1624","addressLocality":"Cercado de Lima","postalCode":"15082","addressRegion":"Lima","addressCountry":"PE"},{"@type":"ImageObject","inLanguage":"es","@id":"https:\/\/frionox.com\/catalogo\/producto\/plancha-lisa-electrica-estructura-en-acero-inoxidable-eg-5250fs\/#local-main-organization-logo","url":"https:\/\/frionox.com\/catalogo\/wp-content\/uploads\/2020\/04\/LOGO-MOBILE.png","contentUrl":"https:\/\/frionox.com\/catalogo\/wp-content\/uploads\/2020\/04\/LOGO-MOBILE.png","width":203,"height":61,"caption":"Frionox Equipamiento de cocinas"}]},"product_price_amount":"1755.25","product_price_currency":"PEN","og_availability":"backorder","product_availability":"available for order","product_retailer_item_id":"EG5250FS-220-3AC","product_condition":"new","geo.placename":"Cercado de Lima","geo.position":{"lat":"-11.980133","long":"-77.06118200000003"},"geo.region":"Per\u00fa"},"_links":{"self":[{"href":"https:\/\/frionox.com\/catalogo\/wp-json\/wp\/v2\/product\/13261","targetHints":{"allow":["GET"]}}],"collection":[{"href":"https:\/\/frionox.com\/catalogo\/wp-json\/wp\/v2\/product"}],"about":[{"href":"https:\/\/frionox.com\/catalogo\/wp-json\/wp\/v2\/types\/product"}],"replies":[{"embeddable":true,"href":"https:\/\/frionox.com\/catalogo\/wp-json\/wp\/v2\/comments?post=13261"}],"wp:featuredmedia":[{"embeddable":true,"href":"https:\/\/frionox.com\/catalogo\/wp-json\/wp\/v2\/media\/12179"}],"wp:attachment":[{"href":"https:\/\/frionox.com\/catalogo\/wp-json\/wp\/v2\/media?parent=13261"}],"wp:term":[{"taxonomy":"product_brand","embeddable":true,"href":"https:\/\/frionox.com\/catalogo\/wp-json\/wp\/v2\/product_brand?post=13261"},{"taxonomy":"product_cat","embeddable":true,"href":"https:\/\/frionox.com\/catalogo\/wp-json\/wp\/v2\/product_cat?post=13261"},{"taxonomy":"product_tag","embeddable":true,"href":"https:\/\/frionox.com\/catalogo\/wp-json\/wp\/v2\/product_tag?post=13261"}],"curies":[{"name":"wp","href":"https:\/\/api.w.org\/{rel}","templated":true}]}}